{"id":20248,"date":"2024-03-21T15:17:00","date_gmt":"2024-03-21T14:17:00","guid":{"rendered":"https:\/\/revolutionpadelstore.com\/siux-electra-st3-lite\/"},"modified":"2026-04-08T14:50:43","modified_gmt":"2026-04-08T12:50:43","slug":"siux-electra-st3-lite","status":"publish","type":"product","link":"https:\/\/revolutionpadelstore.com\/pt-pt\/produto\/siux-electra-st3-lite\/","title":{"rendered":"SIUX ELECTRA ST3 LITE"},"content":{"rendered":"<h2>Siux Electra ST3 Lite, leveza e versatilidade<\/h2>\n<p>A raquete <strong>Siux Electra ST3 Lite<\/strong> \u00e9 um modelo pensado para se adaptar \u00e0s necessidades dos <strong>jogadores de padel de n\u00edvel avan\u00e7ado ou profissional<\/strong> que buscam um excelente controle nas jogadas defensivas.<\/p>\n<p>Seu <strong>formato redondo e equil\u00edbrio m\u00e9dio<\/strong>, combinado com seu peso leve de <strong>355-375 gramas<\/strong>, fazem dela uma raquete vers\u00e1til que lhe dar\u00e1 versatilidade, boa maleabilidade e maior controle, porque voc\u00ea sentir\u00e1 menos vibra\u00e7\u00f5es ao bater na bola e seu ponto ideal maior permitir\u00e1 que voc\u00ea retorne golpes descentralizados com sucesso.<\/p>\n<h2>Acertos confort\u00e1veis \u200b\u200be seguros<\/h2>\n<p>O <strong>Electra ST3 Lite<\/strong> possui um n\u00facleo de borracha <strong>HARD EVA<\/strong>, uma espuma que proporciona uma pot\u00eancia incompar\u00e1vel, o que dar\u00e1 maior velocidade \u00e0 bola. Al\u00e9m disso, proporciona um bom controle e absorve perfeitamente as vibra\u00e7\u00f5es ap\u00f3s um impacto.<\/p>\n<p>Nos planos encontramos<strong>12K Twill Carbon<\/strong>, um tecido confeccionado com fios cruzados diagonalmente, com alta resist\u00eancia e elasticidade. Esta flexibilidade permite maior salto e sa\u00edda de bola espetacular. Al\u00e9m disso, os avi\u00f5es possuem um<strong>acabamento fosco arenoso<\/strong>, o que facilita golpes cheios de spin que permitir\u00e3o surpreender seus oponentes com facilidade.<\/p>\n<p>Da mesma forma, a estrutura tubular em carbono 3K aumenta a resist\u00eancia \u00e0 abras\u00e3o e a durabilidade, al\u00e9m de garantir grande conforto ao absorver de forma ideal as vibra\u00e7\u00f5es.<\/p>\n<h3>Evite epicondilite<\/h3>\n<p>Com o objetivo de reduzir a possibilidade de les\u00f5es nos cotovelos e pulsos e melhorar as sensa\u00e7\u00f5es de conforto durante o jogo, o <strong>Electra ST3 Lite<\/strong> incorpora uma tecnologia antivibra\u00e7\u00e3o conhecida como <em><strong>ShockOut<\/strong> forte&gt;<\/em>, acess\u00f3rios que reduzem as vibra\u00e7\u00f5es ap\u00f3s impactos.<\/p>\n<p>Da mesma forma, inclui o <em><strong>Dual Pro Grip<\/strong><\/em>, que proporciona uma ader\u00eancia muito mais natural devido ao seu relevo na superf\u00edcie e \u00e0 sua composi\u00e7\u00e3o de borracha <strong>FOAM. <\/p>\n<p>Esta raquete possui um design moderno, esportivo e marcante, que combina o preto, com a cor amarela da arma\u00e7\u00e3o e detalhes met\u00e1licos.<\/p>\n<h2>Siux Electra ST3 Lite, peso ligero y polivalencia<\/h2>\n","protected":false},"excerpt":{"rendered":"<p>Raquete redonda Siux Electra ST3 Lite de equil\u00edbrio m\u00e9dio, projetada para mulheres de n\u00edvel avan\u00e7ado ou profissional. Com planos Twill Carbon 12K e n\u00facleo de borracha Hard EVA. Com tecnologia ShockOut e Dual Pro Grip.<\/p>\n","protected":false},"featured_media":266416,"comment_status":"open","ping_status":"closed","template":"","meta":{"_acf_changed":false,"_joinchat":[]},"acabado":[1095,1085],"balance":[1140],"dureza":[1155],"forma":[1180],"jugador":[1190,1200],"marca":[1305],"nivel-de-juego":[1335],"superficie":[1360],"tipo-de-juego":[1370],"product_brand":[],"product_cat":[300],"product_tag":[],"class_list":{"0":"post-20248","1":"product","2":"type-product","3":"status-publish","4":"has-post-thumbnail","6":"acabado-arenoso-pt-pt","7":"acabado-companheiro","8":"balance-medio-pt-pt","9":"dureza-media-pt-pt","10":"forma-rodada","11":"jugador-homem","12":"jugador-polivalente-pt-pt","13":"marca-siux-pt-pt","14":"superficie-rugosa-pt-pt","15":"tipo-de-juego-controle","16":"product_cat-palas","18":"first","19":"instock","20":"sale","21":"taxable","22":"shipping-taxable","23":"purchasable","24":"product-type-simple"},"acf":[],"yoast_head":"<!-- This site is optimized with the Yoast SEO plugin v27.4 - https:\/\/yoast.com\/product\/yoast-seo-wordpress\/ -->\n<title>SIUX ELECTRA ST3 LITE - Revolution Padel Store<\/title>\n<meta name=\"description\" content=\"Pala redonda con balance medio Siux Electra ST3 Lite, dise\u00f1ada para mujeres de nivel avanzado o profesional. Con planos de Carbono 12K Twill y n\u00facleo de goma EVA Hard. Con tecnolog\u00eda ShockOut y Dual Pro Grip.\" \/>\n<meta name=\"robots\" content=\"index, follow, max-snippet:-1, max-image-preview:large, max-video-preview:-1\" \/>\n<link rel=\"canonical\" href=\"https:\/\/revolutionpadelstore.com\/pt-pt\/produto\/siux-electra-st3-lite\/\" \/>\n<meta property=\"og:locale\" content=\"pt_PT\" \/>\n<meta property=\"og:type\" content=\"article\" \/>\n<meta property=\"og:title\" content=\"SIUX ELECTRA ST3 LITE - Revolution Padel Store\" \/>\n<meta property=\"og:description\" content=\"Pala redonda con balance medio Siux Electra ST3 Lite, dise\u00f1ada para mujeres de nivel avanzado o profesional. Con planos de Carbono 12K Twill y n\u00facleo de goma EVA Hard. Con tecnolog\u00eda ShockOut y Dual Pro Grip.\" \/>\n<meta property=\"og:url\" content=\"https:\/\/revolutionpadelstore.com\/pt-pt\/produto\/siux-electra-st3-lite\/\" \/>\n<meta property=\"og:site_name\" content=\"Revolution Padel Store\" \/>\n<meta property=\"article:modified_time\" content=\"2026-04-08T12:50:43+00:00\" \/>\n<meta property=\"og:image\" content=\"https:\/\/revolutionpadelstore.com\/wp-content\/uploads\/2024\/03\/109476-electra-3-lite-grip-regular-1500x1500-1.webp\" \/>\n\t<meta property=\"og:image:width\" content=\"1500\" \/>\n\t<meta property=\"og:image:height\" content=\"1500\" \/>\n\t<meta property=\"og:image:type\" content=\"image\/webp\" \/>\n<meta name=\"twitter:card\" content=\"summary_large_image\" \/>\n<meta name=\"twitter:label1\" content=\"Tempo estimado de leitura\" \/>\n\t<meta name=\"twitter:data1\" content=\"2 minutos\" \/>\n<script type=\"application\/ld+json\" class=\"yoast-schema-graph\">{\"@context\":\"https:\\\/\\\/schema.org\",\"@graph\":[{\"@type\":\"WebPage\",\"@id\":\"https:\\\/\\\/revolutionpadelstore.com\\\/pt-pt\\\/produto\\\/siux-electra-st3-lite\\\/\",\"url\":\"https:\\\/\\\/revolutionpadelstore.com\\\/pt-pt\\\/produto\\\/siux-electra-st3-lite\\\/\",\"name\":\"SIUX ELECTRA ST3 LITE - Revolution Padel Store\",\"isPartOf\":{\"@id\":\"https:\\\/\\\/revolutionpadelstore.com\\\/pt-pt\\\/#website\"},\"primaryImageOfPage\":{\"@id\":\"https:\\\/\\\/revolutionpadelstore.com\\\/pt-pt\\\/produto\\\/siux-electra-st3-lite\\\/#primaryimage\"},\"image\":{\"@id\":\"https:\\\/\\\/revolutionpadelstore.com\\\/pt-pt\\\/produto\\\/siux-electra-st3-lite\\\/#primaryimage\"},\"thumbnailUrl\":\"https:\\\/\\\/revolutionpadelstore.com\\\/wp-content\\\/uploads\\\/2024\\\/03\\\/109476-electra-3-lite-grip-regular-1500x1500-1.webp\",\"datePublished\":\"2024-03-21T14:17:00+00:00\",\"dateModified\":\"2026-04-08T12:50:43+00:00\",\"description\":\"Pala redonda con balance medio Siux Electra ST3 Lite, dise\u00f1ada para mujeres de nivel avanzado o profesional. Con planos de Carbono 12K Twill y n\u00facleo de goma EVA Hard. Con tecnolog\u00eda ShockOut y Dual Pro Grip.\",\"breadcrumb\":{\"@id\":\"https:\\\/\\\/revolutionpadelstore.com\\\/pt-pt\\\/produto\\\/siux-electra-st3-lite\\\/#breadcrumb\"},\"inLanguage\":\"pt-PT\",\"potentialAction\":[{\"@type\":\"ReadAction\",\"target\":[\"https:\\\/\\\/revolutionpadelstore.com\\\/pt-pt\\\/produto\\\/siux-electra-st3-lite\\\/\"]}]},{\"@type\":\"ImageObject\",\"inLanguage\":\"pt-PT\",\"@id\":\"https:\\\/\\\/revolutionpadelstore.com\\\/pt-pt\\\/produto\\\/siux-electra-st3-lite\\\/#primaryimage\",\"url\":\"https:\\\/\\\/revolutionpadelstore.com\\\/wp-content\\\/uploads\\\/2024\\\/03\\\/109476-electra-3-lite-grip-regular-1500x1500-1.webp\",\"contentUrl\":\"https:\\\/\\\/revolutionpadelstore.com\\\/wp-content\\\/uploads\\\/2024\\\/03\\\/109476-electra-3-lite-grip-regular-1500x1500-1.webp\",\"width\":1500,\"height\":1500},{\"@type\":\"BreadcrumbList\",\"@id\":\"https:\\\/\\\/revolutionpadelstore.com\\\/pt-pt\\\/produto\\\/siux-electra-st3-lite\\\/#breadcrumb\",\"itemListElement\":[{\"@type\":\"ListItem\",\"position\":1,\"name\":\"Portada\",\"item\":\"https:\\\/\\\/revolutionpadelstore.com\\\/pt-pt\\\/\"},{\"@type\":\"ListItem\",\"position\":2,\"name\":\"Tienda\",\"item\":\"https:\\\/\\\/revolutionpadelstore.com\\\/pt-pt\\\/tienda\\\/\"},{\"@type\":\"ListItem\",\"position\":3,\"name\":\"SIUX ELECTRA ST3 LITE\"}]},{\"@type\":\"WebSite\",\"@id\":\"https:\\\/\\\/revolutionpadelstore.com\\\/pt-pt\\\/#website\",\"url\":\"https:\\\/\\\/revolutionpadelstore.com\\\/pt-pt\\\/\",\"name\":\"Revolution Padel Store\",\"description\":\"\",\"publisher\":{\"@id\":\"https:\\\/\\\/revolutionpadelstore.com\\\/pt-pt\\\/#organization\"},\"potentialAction\":[{\"@type\":\"SearchAction\",\"target\":{\"@type\":\"EntryPoint\",\"urlTemplate\":\"https:\\\/\\\/revolutionpadelstore.com\\\/pt-pt\\\/?s={search_term_string}\"},\"query-input\":{\"@type\":\"PropertyValueSpecification\",\"valueRequired\":true,\"valueName\":\"search_term_string\"}}],\"inLanguage\":\"pt-PT\"},{\"@type\":\"Organization\",\"@id\":\"https:\\\/\\\/revolutionpadelstore.com\\\/pt-pt\\\/#organization\",\"name\":\"Revolution Padel Store\",\"url\":\"https:\\\/\\\/revolutionpadelstore.com\\\/pt-pt\\\/\",\"logo\":{\"@type\":\"ImageObject\",\"inLanguage\":\"pt-PT\",\"@id\":\"https:\\\/\\\/revolutionpadelstore.com\\\/pt-pt\\\/#\\\/schema\\\/logo\\\/image\\\/\",\"url\":\"https:\\\/\\\/revolutionpadelstore.com\\\/wp-content\\\/uploads\\\/2026\\\/02\\\/revolution-padel-store.jpg\",\"contentUrl\":\"https:\\\/\\\/revolutionpadelstore.com\\\/wp-content\\\/uploads\\\/2026\\\/02\\\/revolution-padel-store.jpg\",\"width\":2000,\"height\":2000,\"caption\":\"Revolution Padel Store\"},\"image\":{\"@id\":\"https:\\\/\\\/revolutionpadelstore.com\\\/pt-pt\\\/#\\\/schema\\\/logo\\\/image\\\/\"},\"sameAs\":[\"https:\\\/\\\/www.instagram.com\\\/revolutionpadelstore\\\/\"]}]}<\/script>\n<!-- \/ Yoast SEO plugin. -->","yoast_head_json":{"title":"SIUX ELECTRA ST3 LITE - Revolution Padel Store","description":"Pala redonda con balance medio Siux Electra ST3 Lite, dise\u00f1ada para mujeres de nivel avanzado o profesional. Con planos de Carbono 12K Twill y n\u00facleo de goma EVA Hard. Con tecnolog\u00eda ShockOut y Dual Pro Grip.","robots":{"index":"index","follow":"follow","max-snippet":"max-snippet:-1","max-image-preview":"max-image-preview:large","max-video-preview":"max-video-preview:-1"},"canonical":"https:\/\/revolutionpadelstore.com\/pt-pt\/produto\/siux-electra-st3-lite\/","og_locale":"pt_PT","og_type":"article","og_title":"SIUX ELECTRA ST3 LITE - Revolution Padel Store","og_description":"Pala redonda con balance medio Siux Electra ST3 Lite, dise\u00f1ada para mujeres de nivel avanzado o profesional. Con planos de Carbono 12K Twill y n\u00facleo de goma EVA Hard. Con tecnolog\u00eda ShockOut y Dual Pro Grip.","og_url":"https:\/\/revolutionpadelstore.com\/pt-pt\/produto\/siux-electra-st3-lite\/","og_site_name":"Revolution Padel Store","article_modified_time":"2026-04-08T12:50:43+00:00","og_image":[{"width":1500,"height":1500,"url":"https:\/\/revolutionpadelstore.com\/wp-content\/uploads\/2024\/03\/109476-electra-3-lite-grip-regular-1500x1500-1.webp","type":"image\/webp"}],"twitter_card":"summary_large_image","twitter_misc":{"Tempo estimado de leitura":"2 minutos"},"schema":{"@context":"https:\/\/schema.org","@graph":[{"@type":"WebPage","@id":"https:\/\/revolutionpadelstore.com\/pt-pt\/produto\/siux-electra-st3-lite\/","url":"https:\/\/revolutionpadelstore.com\/pt-pt\/produto\/siux-electra-st3-lite\/","name":"SIUX ELECTRA ST3 LITE - Revolution Padel Store","isPartOf":{"@id":"https:\/\/revolutionpadelstore.com\/pt-pt\/#website"},"primaryImageOfPage":{"@id":"https:\/\/revolutionpadelstore.com\/pt-pt\/produto\/siux-electra-st3-lite\/#primaryimage"},"image":{"@id":"https:\/\/revolutionpadelstore.com\/pt-pt\/produto\/siux-electra-st3-lite\/#primaryimage"},"thumbnailUrl":"https:\/\/revolutionpadelstore.com\/wp-content\/uploads\/2024\/03\/109476-electra-3-lite-grip-regular-1500x1500-1.webp","datePublished":"2024-03-21T14:17:00+00:00","dateModified":"2026-04-08T12:50:43+00:00","description":"Pala redonda con balance medio Siux Electra ST3 Lite, dise\u00f1ada para mujeres de nivel avanzado o profesional. Con planos de Carbono 12K Twill y n\u00facleo de goma EVA Hard. Con tecnolog\u00eda ShockOut y Dual Pro Grip.","breadcrumb":{"@id":"https:\/\/revolutionpadelstore.com\/pt-pt\/produto\/siux-electra-st3-lite\/#breadcrumb"},"inLanguage":"pt-PT","potentialAction":[{"@type":"ReadAction","target":["https:\/\/revolutionpadelstore.com\/pt-pt\/produto\/siux-electra-st3-lite\/"]}]},{"@type":"ImageObject","inLanguage":"pt-PT","@id":"https:\/\/revolutionpadelstore.com\/pt-pt\/produto\/siux-electra-st3-lite\/#primaryimage","url":"https:\/\/revolutionpadelstore.com\/wp-content\/uploads\/2024\/03\/109476-electra-3-lite-grip-regular-1500x1500-1.webp","contentUrl":"https:\/\/revolutionpadelstore.com\/wp-content\/uploads\/2024\/03\/109476-electra-3-lite-grip-regular-1500x1500-1.webp","width":1500,"height":1500},{"@type":"BreadcrumbList","@id":"https:\/\/revolutionpadelstore.com\/pt-pt\/produto\/siux-electra-st3-lite\/#breadcrumb","itemListElement":[{"@type":"ListItem","position":1,"name":"Portada","item":"https:\/\/revolutionpadelstore.com\/pt-pt\/"},{"@type":"ListItem","position":2,"name":"Tienda","item":"https:\/\/revolutionpadelstore.com\/pt-pt\/tienda\/"},{"@type":"ListItem","position":3,"name":"SIUX ELECTRA ST3 LITE"}]},{"@type":"WebSite","@id":"https:\/\/revolutionpadelstore.com\/pt-pt\/#website","url":"https:\/\/revolutionpadelstore.com\/pt-pt\/","name":"Revolution Padel Store","description":"","publisher":{"@id":"https:\/\/revolutionpadelstore.com\/pt-pt\/#organization"},"potentialAction":[{"@type":"SearchAction","target":{"@type":"EntryPoint","urlTemplate":"https:\/\/revolutionpadelstore.com\/pt-pt\/?s={search_term_string}"},"query-input":{"@type":"PropertyValueSpecification","valueRequired":true,"valueName":"search_term_string"}}],"inLanguage":"pt-PT"},{"@type":"Organization","@id":"https:\/\/revolutionpadelstore.com\/pt-pt\/#organization","name":"Revolution Padel Store","url":"https:\/\/revolutionpadelstore.com\/pt-pt\/","logo":{"@type":"ImageObject","inLanguage":"pt-PT","@id":"https:\/\/revolutionpadelstore.com\/pt-pt\/#\/schema\/logo\/image\/","url":"https:\/\/revolutionpadelstore.com\/wp-content\/uploads\/2026\/02\/revolution-padel-store.jpg","contentUrl":"https:\/\/revolutionpadelstore.com\/wp-content\/uploads\/2026\/02\/revolution-padel-store.jpg","width":2000,"height":2000,"caption":"Revolution Padel Store"},"image":{"@id":"https:\/\/revolutionpadelstore.com\/pt-pt\/#\/schema\/logo\/image\/"},"sameAs":["https:\/\/www.instagram.com\/revolutionpadelstore\/"]}]}},"_links":{"self":[{"href":"https:\/\/revolutionpadelstore.com\/pt-pt\/wp-json\/wp\/v2\/product\/20248","targetHints":{"allow":["GET"]}}],"collection":[{"href":"https:\/\/revolutionpadelstore.com\/pt-pt\/wp-json\/wp\/v2\/product"}],"about":[{"href":"https:\/\/revolutionpadelstore.com\/pt-pt\/wp-json\/wp\/v2\/types\/product"}],"replies":[{"embeddable":true,"href":"https:\/\/revolutionpadelstore.com\/pt-pt\/wp-json\/wp\/v2\/comments?post=20248"}],"wp:featuredmedia":[{"embeddable":true,"href":"https:\/\/revolutionpadelstore.com\/pt-pt\/wp-json\/wp\/v2\/media\/266416"}],"wp:attachment":[{"href":"https:\/\/revolutionpadelstore.com\/pt-pt\/wp-json\/wp\/v2\/media?parent=20248"}],"wp:term":[{"taxonomy":"acabado","embeddable":true,"href":"https:\/\/revolutionpadelstore.com\/pt-pt\/wp-json\/wp\/v2\/acabado?post=20248"},{"taxonomy":"balance","embeddable":true,"href":"https:\/\/revolutionpadelstore.com\/pt-pt\/wp-json\/wp\/v2\/balance?post=20248"},{"taxonomy":"dureza","embeddable":true,"href":"https:\/\/revolutionpadelstore.com\/pt-pt\/wp-json\/wp\/v2\/dureza?post=20248"},{"taxonomy":"forma","embeddable":true,"href":"https:\/\/revolutionpadelstore.com\/pt-pt\/wp-json\/wp\/v2\/forma?post=20248"},{"taxonomy":"jugador","embeddable":true,"href":"https:\/\/revolutionpadelstore.com\/pt-pt\/wp-json\/wp\/v2\/jugador?post=20248"},{"taxonomy":"marca","embeddable":true,"href":"https:\/\/revolutionpadelstore.com\/pt-pt\/wp-json\/wp\/v2\/marca?post=20248"},{"taxonomy":"nivel-de-juego","embeddable":true,"href":"https:\/\/revolutionpadelstore.com\/pt-pt\/wp-json\/wp\/v2\/nivel-de-juego?post=20248"},{"taxonomy":"superficie","embeddable":true,"href":"https:\/\/revolutionpadelstore.com\/pt-pt\/wp-json\/wp\/v2\/superficie?post=20248"},{"taxonomy":"tipo-de-juego","embeddable":true,"href":"https:\/\/revolutionpadelstore.com\/pt-pt\/wp-json\/wp\/v2\/tipo-de-juego?post=20248"},{"taxonomy":"product_brand","embeddable":true,"href":"https:\/\/revolutionpadelstore.com\/pt-pt\/wp-json\/wp\/v2\/product_brand?post=20248"},{"taxonomy":"product_cat","embeddable":true,"href":"https:\/\/revolutionpadelstore.com\/pt-pt\/wp-json\/wp\/v2\/product_cat?post=20248"},{"taxonomy":"product_tag","embeddable":true,"href":"https:\/\/revolutionpadelstore.com\/pt-pt\/wp-json\/wp\/v2\/product_tag?post=20248"}],"curies":[{"name":"wp","href":"https:\/\/api.w.org\/{rel}","templated":true}]}}