{"id":20183,"date":"2024-03-23T15:29:25","date_gmt":"2024-03-23T14:29:25","guid":{"rendered":"https:\/\/revolutionpadelstore.com\/nox-ml10-pro-cup-3k-luxury-series-2024\/"},"modified":"2026-04-01T11:22:11","modified_gmt":"2026-04-01T09:22:11","slug":"nox-ml10-pro-cup-3k-luxury-series-2024-5","status":"publish","type":"product","link":"https:\/\/revolutionpadelstore.com\/pt-pt\/produto\/nox-ml10-pro-cup-3k-luxury-series-2024-5\/","title":{"rendered":"NOX ML10 PRO CUP 3K LUXURY SERIES 2024"},"content":{"rendered":"<h2>Nox ML10 Pro Cup 3K Luxury Series 2024, projetado em conjunto com Miguel Lamperti<\/h2>\n<p>A raquete <strong>Nox ML10 Pro Cup 3K Luxury Series 2024<\/strong> foi fabricada especialmente para os jogadores de padel mais exigentes que batem com pot\u00eancia m\u00e1xima e controle excepcional. \u00c9 um modelo s\u00f3lido, muito confi\u00e1vel e confort\u00e1vel de manusear.<\/p>\n<p>Seu molde redondo permite ao atleta bater com controle e seguran\u00e7a em todos os momentos, al\u00e9m de proporcionar um conforto incompar\u00e1vel. Tem um peso que varia entre <strong>360 e 375 gramas.<\/strong><\/p>\n<h2>Sapatilhas com textura \u00e1spera para maior efeito<\/h2>\n<p>O n\u00facleo interno incorpora borracha EVA HR3 preta, uma espuma de alta densidade que proporciona um rendimento de bola excepcional e enorme pot\u00eancia gra\u00e7as ao seu maior efeito de mem\u00f3ria. O quadro \u00e9 feito de fibra de carbono, o que garante grande resist\u00eancia e capacidade de resposta.<\/p>\n<p>Por outro lado, a superf\u00edcie desta raquete Nox foi fabricada com <strong>fibra de carbono 3K<\/strong>, tecido obtido entrela\u00e7ando fios de carbono em pequenos quadrados. Al\u00e9m disso, esse material \u00e9 conhecido por sua grande resist\u00eancia, leveza e rigidez, o que proporciona bom controle e precis\u00e3o na rebatida. As faces possuem acabamento \u00e1spero, permitindo golpes cheios de spin.<\/p>\n<h3>Golpe confort\u00e1vel<\/h3>\n<p>Da mesma forma, em termos de tecnologias, podemos citar o EOS Flap, que consiste em perfura\u00e7\u00f5es nas laterais que distribuem o peso de maneira uniforme para que voc\u00ea possa executar golpes letais.<\/p>\n<p>Tamb\u00e9m incorpora a tecnologia <em><strong>Pulse System<\/strong><\/em>, que gra\u00e7as \u00e0 inser\u00e7\u00e3o de borracha lateral que vai da moldura at\u00e9 a tampa da l\u00e2mina com o intuito de reduzir as vibra\u00e7\u00f5es e conseguir um jogo mais confort\u00e1vel.<\/p>\n<p>Da mesma forma, inclui o <strong><em>Smarstrap<\/em><\/strong>, uma tecnologia que permite a troca do cord\u00e3o de aperto de forma simples, \u00e1gil e confort\u00e1vel. Bem como a <strong>Estrutura Composta Din\u00e2mica<\/strong>, que minimiza a possibilidade de ocorr\u00eancia de trincas na parte externa da l\u00e2mina.<\/p>\n<h2>Nox ML10 Pro Cup 3K Luxury Series 2024, dise\u00f1ada junto a Miguel Lamperti<\/h2>\n","protected":false},"excerpt":{"rendered":"<p>Descubra a pot\u00eancia e a precis\u00e3o proporcionadas pelo Nox ML10 Pro Cup 3K, com tecnologia avan\u00e7ada, planos de carbono 3K e n\u00facleo EVA HR3. Melhore o seu jogo!<\/p>\n","protected":false},"featured_media":51702,"comment_status":"open","ping_status":"closed","template":"","meta":{"_acf_changed":false,"_joinchat":[]},"acabado":[1095],"balance":[1140],"dureza":[1155],"forma":[1180],"jugador":[1190,1200],"marca":[1260],"nivel-de-juego":[1335],"superficie":[1360],"tipo-de-juego":[1370],"product_brand":[],"product_cat":[300],"product_tag":[],"class_list":{"0":"post-20183","1":"product","2":"type-product","3":"status-publish","4":"has-post-thumbnail","6":"acabado-arenoso-pt-pt","7":"balance-medio-pt-pt","8":"dureza-media-pt-pt","9":"forma-rodada","10":"jugador-homem","11":"jugador-polivalente-pt-pt","12":"marca-nox-pt-pt","13":"superficie-rugosa-pt-pt","14":"tipo-de-juego-controle","15":"product_cat-palas","17":"first","18":"onbackorder","19":"sale","20":"taxable","21":"shipping-taxable","22":"purchasable","23":"product-type-simple"},"acf":[],"yoast_head":"<!-- This site is optimized with the Yoast SEO plugin v27.3 - https:\/\/yoast.com\/product\/yoast-seo-wordpress\/ -->\n<title>NOX ML10 PRO CUP 3K LUXURY SERIES 2024 - Revolution Padel Store<\/title>\n<meta name=\"description\" content=\"Descubre el poder y la precisi\u00f3n que brinda la Nox ML10 Pro Cup 3K, con avanzada tecnolog\u00eda, planos de carbono 3K y n\u00facleo EVA HR3. \u00a1Mejora tu juego!\" \/>\n<meta name=\"robots\" content=\"index, follow, max-snippet:-1, max-image-preview:large, max-video-preview:-1\" \/>\n<link rel=\"canonical\" href=\"https:\/\/revolutionpadelstore.com\/pt-pt\/produto\/nox-ml10-pro-cup-3k-luxury-series-2024-5\/\" \/>\n<meta property=\"og:locale\" content=\"pt_PT\" \/>\n<meta property=\"og:type\" content=\"article\" \/>\n<meta property=\"og:title\" content=\"NOX ML10 PRO CUP 3K LUXURY SERIES 2024 - Revolution Padel Store\" \/>\n<meta property=\"og:description\" content=\"Descubre el poder y la precisi\u00f3n que brinda la Nox ML10 Pro Cup 3K, con avanzada tecnolog\u00eda, planos de carbono 3K y n\u00facleo EVA HR3. \u00a1Mejora tu juego!\" \/>\n<meta property=\"og:url\" content=\"https:\/\/revolutionpadelstore.com\/pt-pt\/produto\/nox-ml10-pro-cup-3k-luxury-series-2024-5\/\" \/>\n<meta property=\"og:site_name\" content=\"Revolution Padel Store\" \/>\n<meta property=\"article:modified_time\" content=\"2026-04-01T09:22:11+00:00\" \/>\n<meta property=\"og:image\" content=\"https:\/\/revolutionpadelstore.com\/wp-content\/uploads\/2024\/03\/imagen_1_110810_797e1063_ce32.webp\" \/>\n\t<meta property=\"og:image:width\" content=\"1500\" \/>\n\t<meta property=\"og:image:height\" content=\"1500\" \/>\n\t<meta property=\"og:image:type\" content=\"image\/webp\" \/>\n<meta name=\"twitter:card\" content=\"summary_large_image\" \/>\n<meta name=\"twitter:label1\" content=\"Tempo estimado de leitura\" \/>\n\t<meta name=\"twitter:data1\" content=\"2 minutos\" \/>\n<script type=\"application\/ld+json\" class=\"yoast-schema-graph\">{\"@context\":\"https:\\\/\\\/schema.org\",\"@graph\":[{\"@type\":\"WebPage\",\"@id\":\"https:\\\/\\\/revolutionpadelstore.com\\\/pt-pt\\\/produto\\\/nox-ml10-pro-cup-3k-luxury-series-2024-5\\\/\",\"url\":\"https:\\\/\\\/revolutionpadelstore.com\\\/pt-pt\\\/produto\\\/nox-ml10-pro-cup-3k-luxury-series-2024-5\\\/\",\"name\":\"NOX ML10 PRO CUP 3K LUXURY SERIES 2024 - Revolution Padel Store\",\"isPartOf\":{\"@id\":\"https:\\\/\\\/revolutionpadelstore.com\\\/pt-pt\\\/#website\"},\"primaryImageOfPage\":{\"@id\":\"https:\\\/\\\/revolutionpadelstore.com\\\/pt-pt\\\/produto\\\/nox-ml10-pro-cup-3k-luxury-series-2024-5\\\/#primaryimage\"},\"image\":{\"@id\":\"https:\\\/\\\/revolutionpadelstore.com\\\/pt-pt\\\/produto\\\/nox-ml10-pro-cup-3k-luxury-series-2024-5\\\/#primaryimage\"},\"thumbnailUrl\":\"https:\\\/\\\/revolutionpadelstore.com\\\/wp-content\\\/uploads\\\/2024\\\/03\\\/imagen_1_110810_797e1063_ce32.webp\",\"datePublished\":\"2024-03-23T14:29:25+00:00\",\"dateModified\":\"2026-04-01T09:22:11+00:00\",\"description\":\"Descubre el poder y la precisi\u00f3n que brinda la Nox ML10 Pro Cup 3K, con avanzada tecnolog\u00eda, planos de carbono 3K y n\u00facleo EVA HR3. \u00a1Mejora tu juego!\",\"breadcrumb\":{\"@id\":\"https:\\\/\\\/revolutionpadelstore.com\\\/pt-pt\\\/produto\\\/nox-ml10-pro-cup-3k-luxury-series-2024-5\\\/#breadcrumb\"},\"inLanguage\":\"pt-PT\",\"potentialAction\":[{\"@type\":\"ReadAction\",\"target\":[\"https:\\\/\\\/revolutionpadelstore.com\\\/pt-pt\\\/produto\\\/nox-ml10-pro-cup-3k-luxury-series-2024-5\\\/\"]}]},{\"@type\":\"ImageObject\",\"inLanguage\":\"pt-PT\",\"@id\":\"https:\\\/\\\/revolutionpadelstore.com\\\/pt-pt\\\/produto\\\/nox-ml10-pro-cup-3k-luxury-series-2024-5\\\/#primaryimage\",\"url\":\"https:\\\/\\\/revolutionpadelstore.com\\\/wp-content\\\/uploads\\\/2024\\\/03\\\/imagen_1_110810_797e1063_ce32.webp\",\"contentUrl\":\"https:\\\/\\\/revolutionpadelstore.com\\\/wp-content\\\/uploads\\\/2024\\\/03\\\/imagen_1_110810_797e1063_ce32.webp\",\"width\":1500,\"height\":1500},{\"@type\":\"BreadcrumbList\",\"@id\":\"https:\\\/\\\/revolutionpadelstore.com\\\/pt-pt\\\/produto\\\/nox-ml10-pro-cup-3k-luxury-series-2024-5\\\/#breadcrumb\",\"itemListElement\":[{\"@type\":\"ListItem\",\"position\":1,\"name\":\"Portada\",\"item\":\"https:\\\/\\\/revolutionpadelstore.com\\\/pt-pt\\\/\"},{\"@type\":\"ListItem\",\"position\":2,\"name\":\"Tienda\",\"item\":\"https:\\\/\\\/revolutionpadelstore.com\\\/pt-pt\\\/tienda\\\/\"},{\"@type\":\"ListItem\",\"position\":3,\"name\":\"NOX ML10 PRO CUP 3K LUXURY SERIES 2024\"}]},{\"@type\":\"WebSite\",\"@id\":\"https:\\\/\\\/revolutionpadelstore.com\\\/pt-pt\\\/#website\",\"url\":\"https:\\\/\\\/revolutionpadelstore.com\\\/pt-pt\\\/\",\"name\":\"Revolution Padel Store\",\"description\":\"\",\"publisher\":{\"@id\":\"https:\\\/\\\/revolutionpadelstore.com\\\/pt-pt\\\/#organization\"},\"potentialAction\":[{\"@type\":\"SearchAction\",\"target\":{\"@type\":\"EntryPoint\",\"urlTemplate\":\"https:\\\/\\\/revolutionpadelstore.com\\\/pt-pt\\\/?s={search_term_string}\"},\"query-input\":{\"@type\":\"PropertyValueSpecification\",\"valueRequired\":true,\"valueName\":\"search_term_string\"}}],\"inLanguage\":\"pt-PT\"},{\"@type\":\"Organization\",\"@id\":\"https:\\\/\\\/revolutionpadelstore.com\\\/pt-pt\\\/#organization\",\"name\":\"Revolution Padel Store\",\"url\":\"https:\\\/\\\/revolutionpadelstore.com\\\/pt-pt\\\/\",\"logo\":{\"@type\":\"ImageObject\",\"inLanguage\":\"pt-PT\",\"@id\":\"https:\\\/\\\/revolutionpadelstore.com\\\/pt-pt\\\/#\\\/schema\\\/logo\\\/image\\\/\",\"url\":\"https:\\\/\\\/revolutionpadelstore.com\\\/wp-content\\\/uploads\\\/2026\\\/02\\\/revolution-padel-store.jpg\",\"contentUrl\":\"https:\\\/\\\/revolutionpadelstore.com\\\/wp-content\\\/uploads\\\/2026\\\/02\\\/revolution-padel-store.jpg\",\"width\":2000,\"height\":2000,\"caption\":\"Revolution Padel Store\"},\"image\":{\"@id\":\"https:\\\/\\\/revolutionpadelstore.com\\\/pt-pt\\\/#\\\/schema\\\/logo\\\/image\\\/\"},\"sameAs\":[\"https:\\\/\\\/www.instagram.com\\\/revolutionpadelstore\\\/\"]}]}<\/script>\n<!-- \/ Yoast SEO plugin. -->","yoast_head_json":{"title":"NOX ML10 PRO CUP 3K LUXURY SERIES 2024 - Revolution Padel Store","description":"Descubre el poder y la precisi\u00f3n que brinda la Nox ML10 Pro Cup 3K, con avanzada tecnolog\u00eda, planos de carbono 3K y n\u00facleo EVA HR3. \u00a1Mejora tu juego!","robots":{"index":"index","follow":"follow","max-snippet":"max-snippet:-1","max-image-preview":"max-image-preview:large","max-video-preview":"max-video-preview:-1"},"canonical":"https:\/\/revolutionpadelstore.com\/pt-pt\/produto\/nox-ml10-pro-cup-3k-luxury-series-2024-5\/","og_locale":"pt_PT","og_type":"article","og_title":"NOX ML10 PRO CUP 3K LUXURY SERIES 2024 - Revolution Padel Store","og_description":"Descubre el poder y la precisi\u00f3n que brinda la Nox ML10 Pro Cup 3K, con avanzada tecnolog\u00eda, planos de carbono 3K y n\u00facleo EVA HR3. \u00a1Mejora tu juego!","og_url":"https:\/\/revolutionpadelstore.com\/pt-pt\/produto\/nox-ml10-pro-cup-3k-luxury-series-2024-5\/","og_site_name":"Revolution Padel Store","article_modified_time":"2026-04-01T09:22:11+00:00","og_image":[{"width":1500,"height":1500,"url":"https:\/\/revolutionpadelstore.com\/wp-content\/uploads\/2024\/03\/imagen_1_110810_797e1063_ce32.webp","type":"image\/webp"}],"twitter_card":"summary_large_image","twitter_misc":{"Tempo estimado de leitura":"2 minutos"},"schema":{"@context":"https:\/\/schema.org","@graph":[{"@type":"WebPage","@id":"https:\/\/revolutionpadelstore.com\/pt-pt\/produto\/nox-ml10-pro-cup-3k-luxury-series-2024-5\/","url":"https:\/\/revolutionpadelstore.com\/pt-pt\/produto\/nox-ml10-pro-cup-3k-luxury-series-2024-5\/","name":"NOX ML10 PRO CUP 3K LUXURY SERIES 2024 - Revolution Padel Store","isPartOf":{"@id":"https:\/\/revolutionpadelstore.com\/pt-pt\/#website"},"primaryImageOfPage":{"@id":"https:\/\/revolutionpadelstore.com\/pt-pt\/produto\/nox-ml10-pro-cup-3k-luxury-series-2024-5\/#primaryimage"},"image":{"@id":"https:\/\/revolutionpadelstore.com\/pt-pt\/produto\/nox-ml10-pro-cup-3k-luxury-series-2024-5\/#primaryimage"},"thumbnailUrl":"https:\/\/revolutionpadelstore.com\/wp-content\/uploads\/2024\/03\/imagen_1_110810_797e1063_ce32.webp","datePublished":"2024-03-23T14:29:25+00:00","dateModified":"2026-04-01T09:22:11+00:00","description":"Descubre el poder y la precisi\u00f3n que brinda la Nox ML10 Pro Cup 3K, con avanzada tecnolog\u00eda, planos de carbono 3K y n\u00facleo EVA HR3. \u00a1Mejora tu juego!","breadcrumb":{"@id":"https:\/\/revolutionpadelstore.com\/pt-pt\/produto\/nox-ml10-pro-cup-3k-luxury-series-2024-5\/#breadcrumb"},"inLanguage":"pt-PT","potentialAction":[{"@type":"ReadAction","target":["https:\/\/revolutionpadelstore.com\/pt-pt\/produto\/nox-ml10-pro-cup-3k-luxury-series-2024-5\/"]}]},{"@type":"ImageObject","inLanguage":"pt-PT","@id":"https:\/\/revolutionpadelstore.com\/pt-pt\/produto\/nox-ml10-pro-cup-3k-luxury-series-2024-5\/#primaryimage","url":"https:\/\/revolutionpadelstore.com\/wp-content\/uploads\/2024\/03\/imagen_1_110810_797e1063_ce32.webp","contentUrl":"https:\/\/revolutionpadelstore.com\/wp-content\/uploads\/2024\/03\/imagen_1_110810_797e1063_ce32.webp","width":1500,"height":1500},{"@type":"BreadcrumbList","@id":"https:\/\/revolutionpadelstore.com\/pt-pt\/produto\/nox-ml10-pro-cup-3k-luxury-series-2024-5\/#breadcrumb","itemListElement":[{"@type":"ListItem","position":1,"name":"Portada","item":"https:\/\/revolutionpadelstore.com\/pt-pt\/"},{"@type":"ListItem","position":2,"name":"Tienda","item":"https:\/\/revolutionpadelstore.com\/pt-pt\/tienda\/"},{"@type":"ListItem","position":3,"name":"NOX ML10 PRO CUP 3K LUXURY SERIES 2024"}]},{"@type":"WebSite","@id":"https:\/\/revolutionpadelstore.com\/pt-pt\/#website","url":"https:\/\/revolutionpadelstore.com\/pt-pt\/","name":"Revolution Padel Store","description":"","publisher":{"@id":"https:\/\/revolutionpadelstore.com\/pt-pt\/#organization"},"potentialAction":[{"@type":"SearchAction","target":{"@type":"EntryPoint","urlTemplate":"https:\/\/revolutionpadelstore.com\/pt-pt\/?s={search_term_string}"},"query-input":{"@type":"PropertyValueSpecification","valueRequired":true,"valueName":"search_term_string"}}],"inLanguage":"pt-PT"},{"@type":"Organization","@id":"https:\/\/revolutionpadelstore.com\/pt-pt\/#organization","name":"Revolution Padel Store","url":"https:\/\/revolutionpadelstore.com\/pt-pt\/","logo":{"@type":"ImageObject","inLanguage":"pt-PT","@id":"https:\/\/revolutionpadelstore.com\/pt-pt\/#\/schema\/logo\/image\/","url":"https:\/\/revolutionpadelstore.com\/wp-content\/uploads\/2026\/02\/revolution-padel-store.jpg","contentUrl":"https:\/\/revolutionpadelstore.com\/wp-content\/uploads\/2026\/02\/revolution-padel-store.jpg","width":2000,"height":2000,"caption":"Revolution Padel Store"},"image":{"@id":"https:\/\/revolutionpadelstore.com\/pt-pt\/#\/schema\/logo\/image\/"},"sameAs":["https:\/\/www.instagram.com\/revolutionpadelstore\/"]}]}},"_links":{"self":[{"href":"https:\/\/revolutionpadelstore.com\/pt-pt\/wp-json\/wp\/v2\/product\/20183","targetHints":{"allow":["GET"]}}],"collection":[{"href":"https:\/\/revolutionpadelstore.com\/pt-pt\/wp-json\/wp\/v2\/product"}],"about":[{"href":"https:\/\/revolutionpadelstore.com\/pt-pt\/wp-json\/wp\/v2\/types\/product"}],"replies":[{"embeddable":true,"href":"https:\/\/revolutionpadelstore.com\/pt-pt\/wp-json\/wp\/v2\/comments?post=20183"}],"wp:featuredmedia":[{"embeddable":true,"href":"https:\/\/revolutionpadelstore.com\/pt-pt\/wp-json\/wp\/v2\/media\/51702"}],"wp:attachment":[{"href":"https:\/\/revolutionpadelstore.com\/pt-pt\/wp-json\/wp\/v2\/media?parent=20183"}],"wp:term":[{"taxonomy":"acabado","embeddable":true,"href":"https:\/\/revolutionpadelstore.com\/pt-pt\/wp-json\/wp\/v2\/acabado?post=20183"},{"taxonomy":"balance","embeddable":true,"href":"https:\/\/revolutionpadelstore.com\/pt-pt\/wp-json\/wp\/v2\/balance?post=20183"},{"taxonomy":"dureza","embeddable":true,"href":"https:\/\/revolutionpadelstore.com\/pt-pt\/wp-json\/wp\/v2\/dureza?post=20183"},{"taxonomy":"forma","embeddable":true,"href":"https:\/\/revolutionpadelstore.com\/pt-pt\/wp-json\/wp\/v2\/forma?post=20183"},{"taxonomy":"jugador","embeddable":true,"href":"https:\/\/revolutionpadelstore.com\/pt-pt\/wp-json\/wp\/v2\/jugador?post=20183"},{"taxonomy":"marca","embeddable":true,"href":"https:\/\/revolutionpadelstore.com\/pt-pt\/wp-json\/wp\/v2\/marca?post=20183"},{"taxonomy":"nivel-de-juego","embeddable":true,"href":"https:\/\/revolutionpadelstore.com\/pt-pt\/wp-json\/wp\/v2\/nivel-de-juego?post=20183"},{"taxonomy":"superficie","embeddable":true,"href":"https:\/\/revolutionpadelstore.com\/pt-pt\/wp-json\/wp\/v2\/superficie?post=20183"},{"taxonomy":"tipo-de-juego","embeddable":true,"href":"https:\/\/revolutionpadelstore.com\/pt-pt\/wp-json\/wp\/v2\/tipo-de-juego?post=20183"},{"taxonomy":"product_brand","embeddable":true,"href":"https:\/\/revolutionpadelstore.com\/pt-pt\/wp-json\/wp\/v2\/product_brand?post=20183"},{"taxonomy":"product_cat","embeddable":true,"href":"https:\/\/revolutionpadelstore.com\/pt-pt\/wp-json\/wp\/v2\/product_cat?post=20183"},{"taxonomy":"product_tag","embeddable":true,"href":"https:\/\/revolutionpadelstore.com\/pt-pt\/wp-json\/wp\/v2\/product_tag?post=20183"}],"curies":[{"name":"wp","href":"https:\/\/api.w.org\/{rel}","templated":true}]}}