{"id":20143,"date":"2024-03-23T16:04:22","date_gmt":"2024-03-23T15:04:22","guid":{"rendered":"https:\/\/revolutionpadelstore.com\/siux-fenix-go-4\/"},"modified":"2026-04-08T14:46:18","modified_gmt":"2026-04-08T12:46:18","slug":"siux-fenix-go-4-4","status":"publish","type":"product","link":"https:\/\/revolutionpadelstore.com\/pt-pt\/produto\/siux-fenix-go-4-4\/","title":{"rendered":"SIUX FENIX GO 4"},"content":{"rendered":"<h2>Siux Fenix \u200b\u200b\u200b\u200bIV Go, golpes cheios de for\u00e7a<\/h2>\n<p>Voltada para padelistas de n\u00edvel intermedi\u00e1rio, a Siux Fenix \u200b\u200b\u200b\u200bIV Go \u00e9 uma raquete h\u00edbrida com alto equil\u00edbrio e toque duro que proporciona pot\u00eancia suprema em jogadas agressivas na rede.<\/p>\n<p>Quanto ao seu formato, seu molde h\u00edbrido e alto equil\u00edbrio fazem dela uma raquete ideal para os jogadores mais agressivos que gostam de fazer voleios potentes e r\u00e1pidos. Al\u00e9m disso, gra\u00e7as ao seu peso, que varia de <strong>355 a 375 gramas<\/strong>, \u00e9 f\u00e1cil de manusear devido \u00e0 sua leveza e boa manobrabilidade.<\/p>\n<h2>Ideal para jogadores agressivos<\/h2>\n<p>Se focarmos na sua composi\u00e7\u00e3o, podemos destacar o carbono 3K de seus avi\u00f5es, por ser uma fibra mais estreita, mais resistente e mais lisa, que consegue chutes cheios de pot\u00eancia, ideal para golpes na rede. Os rostos t\u00eam um acabamento liso e brilhante.<\/p>\n<p>Por outro lado, a estrutura tubular foi fabricada combinando <strong>50% carbono 3K e 50% <em>fibra de vidro<\/em><\/strong>, tornando-a uma raquete forte e dur\u00e1vel que garante sensa\u00e7\u00f5es incr\u00edveis ao acertar. pela sua leveza, qualidade e alto desempenho.<\/p>\n<p>O n\u00facleo, por sua vez, \u00e9 composto por <strong>borracha EVA Hard<\/strong>, uma espuma altamente dura que gera maior pot\u00eancia na batida, al\u00e9m de bom controle. Al\u00e9m disso, proporciona maior estabilidade e firmeza ao bater na bola e tem grande capacidade de absorver vibra\u00e7\u00f5es.<\/p>\n<h3>Firmeza e estabilidade<\/h3>\n<p>Da mesma forma, com o objetivo de melhorar o desempenho do Siux Fenix \u200b\u200b\u200b\u200bIV Go, foram incorporados os antivibradores <strong><em>Dampeners Shockout<\/em><\/strong>, uma tecnologia que melhora as sensa\u00e7\u00f5es gerais e proporciona conforto extra ao absorver de forma ideal as vibra\u00e7\u00f5es produzidas ap\u00f3s o impacto da bola.<\/p>\n<p>A n\u00edvel est\u00e9tico, vale destacar o seu design com detalhes em cobre, que combina perfeitamente o carbono preto nos planos com uma textura gr\u00e1fica na outra metade da face da l\u00e2mina.<\/p>\n<h2>Siux Fenix IV Go, golpes llenos de potencia<\/h2>\n","protected":false},"excerpt":{"rendered":"<p>A raquete Siux Fenix \u200b\u200b\u200b\u200bIV Go, para jogadores de padel de n\u00edvel intermedi\u00e1rio, oferece pot\u00eancia na rede. Carbono 3K nos avi\u00f5es e n\u00facleo de borracha Hard EVA. Inclui amortecedores de choque para reduzir as vibra\u00e7\u00f5es.<\/p>\n","protected":false},"featured_media":265867,"comment_status":"open","ping_status":"closed","template":"","meta":{"_acf_changed":false,"_joinchat":[]},"acabado":[1080],"balance":[1140],"dureza":[1155],"forma":[1175],"jugador":[1190,1200],"marca":[1305],"nivel-de-juego":[1350],"superficie":[1355],"tipo-de-juego":[1375],"product_brand":[],"product_cat":[300],"product_tag":[],"class_list":{"0":"post-20143","1":"product","2":"type-product","3":"status-publish","4":"has-post-thumbnail","6":"acabado-brilho","7":"balance-medio-pt-pt","8":"dureza-media-pt-pt","9":"forma-hibrido","10":"jugador-homem","11":"jugador-polivalente-pt-pt","12":"marca-siux-pt-pt","13":"superficie-lisa-pt-pt","14":"tipo-de-juego-poder","15":"product_cat-palas","17":"first","18":"instock","19":"sale","20":"taxable","21":"shipping-taxable","22":"purchasable","23":"product-type-simple"},"acf":[],"yoast_head":"<!-- This site is optimized with the Yoast SEO plugin v27.4 - https:\/\/yoast.com\/product\/yoast-seo-wordpress\/ -->\n<title>SIUX FENIX GO 4 - Revolution Padel Store<\/title>\n<meta name=\"description\" content=\"La pala Siux Fenix IV Go, para jugadores de p\u00e1del de nivel intermedio, ofrece potencia en la red. Carbono 3K en los planos y n\u00facleo de goma EVA Hard. Incluye Dampeners Shockout para reducir vibraciones.\" \/>\n<meta name=\"robots\" content=\"index, follow, max-snippet:-1, max-image-preview:large, max-video-preview:-1\" \/>\n<link rel=\"canonical\" href=\"https:\/\/revolutionpadelstore.com\/pt-pt\/produto\/siux-fenix-go-4-4\/\" \/>\n<meta property=\"og:locale\" content=\"pt_PT\" \/>\n<meta property=\"og:type\" content=\"article\" \/>\n<meta property=\"og:title\" content=\"SIUX FENIX GO 4 - Revolution Padel Store\" \/>\n<meta property=\"og:description\" content=\"La pala Siux Fenix IV Go, para jugadores de p\u00e1del de nivel intermedio, ofrece potencia en la red. Carbono 3K en los planos y n\u00facleo de goma EVA Hard. Incluye Dampeners Shockout para reducir vibraciones.\" \/>\n<meta property=\"og:url\" content=\"https:\/\/revolutionpadelstore.com\/pt-pt\/produto\/siux-fenix-go-4-4\/\" \/>\n<meta property=\"og:site_name\" content=\"Revolution Padel Store\" \/>\n<meta property=\"article:modified_time\" content=\"2026-04-08T12:46:18+00:00\" \/>\n<meta property=\"og:image\" content=\"https:\/\/revolutionpadelstore.com\/wp-content\/uploads\/2024\/03\/109478_siux_fenix_go_4_1500x1500_vista1_8c3e.webp\" \/>\n\t<meta property=\"og:image:width\" content=\"1500\" \/>\n\t<meta property=\"og:image:height\" content=\"1500\" \/>\n\t<meta property=\"og:image:type\" content=\"image\/webp\" \/>\n<meta name=\"twitter:card\" content=\"summary_large_image\" \/>\n<meta name=\"twitter:label1\" content=\"Tempo estimado de leitura\" \/>\n\t<meta name=\"twitter:data1\" content=\"2 minutos\" \/>\n<script type=\"application\/ld+json\" class=\"yoast-schema-graph\">{\"@context\":\"https:\\\/\\\/schema.org\",\"@graph\":[{\"@type\":\"WebPage\",\"@id\":\"https:\\\/\\\/revolutionpadelstore.com\\\/pt-pt\\\/produto\\\/siux-fenix-go-4-4\\\/\",\"url\":\"https:\\\/\\\/revolutionpadelstore.com\\\/pt-pt\\\/produto\\\/siux-fenix-go-4-4\\\/\",\"name\":\"SIUX FENIX GO 4 - Revolution Padel Store\",\"isPartOf\":{\"@id\":\"https:\\\/\\\/revolutionpadelstore.com\\\/pt-pt\\\/#website\"},\"primaryImageOfPage\":{\"@id\":\"https:\\\/\\\/revolutionpadelstore.com\\\/pt-pt\\\/produto\\\/siux-fenix-go-4-4\\\/#primaryimage\"},\"image\":{\"@id\":\"https:\\\/\\\/revolutionpadelstore.com\\\/pt-pt\\\/produto\\\/siux-fenix-go-4-4\\\/#primaryimage\"},\"thumbnailUrl\":\"https:\\\/\\\/revolutionpadelstore.com\\\/wp-content\\\/uploads\\\/2024\\\/03\\\/109478_siux_fenix_go_4_1500x1500_vista1_8c3e.webp\",\"datePublished\":\"2024-03-23T15:04:22+00:00\",\"dateModified\":\"2026-04-08T12:46:18+00:00\",\"description\":\"La pala Siux Fenix IV Go, para jugadores de p\u00e1del de nivel intermedio, ofrece potencia en la red. Carbono 3K en los planos y n\u00facleo de goma EVA Hard. Incluye Dampeners Shockout para reducir vibraciones.\",\"breadcrumb\":{\"@id\":\"https:\\\/\\\/revolutionpadelstore.com\\\/pt-pt\\\/produto\\\/siux-fenix-go-4-4\\\/#breadcrumb\"},\"inLanguage\":\"pt-PT\",\"potentialAction\":[{\"@type\":\"ReadAction\",\"target\":[\"https:\\\/\\\/revolutionpadelstore.com\\\/pt-pt\\\/produto\\\/siux-fenix-go-4-4\\\/\"]}]},{\"@type\":\"ImageObject\",\"inLanguage\":\"pt-PT\",\"@id\":\"https:\\\/\\\/revolutionpadelstore.com\\\/pt-pt\\\/produto\\\/siux-fenix-go-4-4\\\/#primaryimage\",\"url\":\"https:\\\/\\\/revolutionpadelstore.com\\\/wp-content\\\/uploads\\\/2024\\\/03\\\/109478_siux_fenix_go_4_1500x1500_vista1_8c3e.webp\",\"contentUrl\":\"https:\\\/\\\/revolutionpadelstore.com\\\/wp-content\\\/uploads\\\/2024\\\/03\\\/109478_siux_fenix_go_4_1500x1500_vista1_8c3e.webp\",\"width\":1500,\"height\":1500},{\"@type\":\"BreadcrumbList\",\"@id\":\"https:\\\/\\\/revolutionpadelstore.com\\\/pt-pt\\\/produto\\\/siux-fenix-go-4-4\\\/#breadcrumb\",\"itemListElement\":[{\"@type\":\"ListItem\",\"position\":1,\"name\":\"Portada\",\"item\":\"https:\\\/\\\/revolutionpadelstore.com\\\/pt-pt\\\/\"},{\"@type\":\"ListItem\",\"position\":2,\"name\":\"Tienda\",\"item\":\"https:\\\/\\\/revolutionpadelstore.com\\\/pt-pt\\\/tienda\\\/\"},{\"@type\":\"ListItem\",\"position\":3,\"name\":\"SIUX FENIX GO 4\"}]},{\"@type\":\"WebSite\",\"@id\":\"https:\\\/\\\/revolutionpadelstore.com\\\/pt-pt\\\/#website\",\"url\":\"https:\\\/\\\/revolutionpadelstore.com\\\/pt-pt\\\/\",\"name\":\"Revolution Padel Store\",\"description\":\"\",\"publisher\":{\"@id\":\"https:\\\/\\\/revolutionpadelstore.com\\\/pt-pt\\\/#organization\"},\"potentialAction\":[{\"@type\":\"SearchAction\",\"target\":{\"@type\":\"EntryPoint\",\"urlTemplate\":\"https:\\\/\\\/revolutionpadelstore.com\\\/pt-pt\\\/?s={search_term_string}\"},\"query-input\":{\"@type\":\"PropertyValueSpecification\",\"valueRequired\":true,\"valueName\":\"search_term_string\"}}],\"inLanguage\":\"pt-PT\"},{\"@type\":\"Organization\",\"@id\":\"https:\\\/\\\/revolutionpadelstore.com\\\/pt-pt\\\/#organization\",\"name\":\"Revolution Padel Store\",\"url\":\"https:\\\/\\\/revolutionpadelstore.com\\\/pt-pt\\\/\",\"logo\":{\"@type\":\"ImageObject\",\"inLanguage\":\"pt-PT\",\"@id\":\"https:\\\/\\\/revolutionpadelstore.com\\\/pt-pt\\\/#\\\/schema\\\/logo\\\/image\\\/\",\"url\":\"https:\\\/\\\/revolutionpadelstore.com\\\/wp-content\\\/uploads\\\/2026\\\/02\\\/revolution-padel-store.jpg\",\"contentUrl\":\"https:\\\/\\\/revolutionpadelstore.com\\\/wp-content\\\/uploads\\\/2026\\\/02\\\/revolution-padel-store.jpg\",\"width\":2000,\"height\":2000,\"caption\":\"Revolution Padel Store\"},\"image\":{\"@id\":\"https:\\\/\\\/revolutionpadelstore.com\\\/pt-pt\\\/#\\\/schema\\\/logo\\\/image\\\/\"},\"sameAs\":[\"https:\\\/\\\/www.instagram.com\\\/revolutionpadelstore\\\/\"]}]}<\/script>\n<!-- \/ Yoast SEO plugin. -->","yoast_head_json":{"title":"SIUX FENIX GO 4 - Revolution Padel Store","description":"La pala Siux Fenix IV Go, para jugadores de p\u00e1del de nivel intermedio, ofrece potencia en la red. Carbono 3K en los planos y n\u00facleo de goma EVA Hard. Incluye Dampeners Shockout para reducir vibraciones.","robots":{"index":"index","follow":"follow","max-snippet":"max-snippet:-1","max-image-preview":"max-image-preview:large","max-video-preview":"max-video-preview:-1"},"canonical":"https:\/\/revolutionpadelstore.com\/pt-pt\/produto\/siux-fenix-go-4-4\/","og_locale":"pt_PT","og_type":"article","og_title":"SIUX FENIX GO 4 - Revolution Padel Store","og_description":"La pala Siux Fenix IV Go, para jugadores de p\u00e1del de nivel intermedio, ofrece potencia en la red. Carbono 3K en los planos y n\u00facleo de goma EVA Hard. Incluye Dampeners Shockout para reducir vibraciones.","og_url":"https:\/\/revolutionpadelstore.com\/pt-pt\/produto\/siux-fenix-go-4-4\/","og_site_name":"Revolution Padel Store","article_modified_time":"2026-04-08T12:46:18+00:00","og_image":[{"width":1500,"height":1500,"url":"https:\/\/revolutionpadelstore.com\/wp-content\/uploads\/2024\/03\/109478_siux_fenix_go_4_1500x1500_vista1_8c3e.webp","type":"image\/webp"}],"twitter_card":"summary_large_image","twitter_misc":{"Tempo estimado de leitura":"2 minutos"},"schema":{"@context":"https:\/\/schema.org","@graph":[{"@type":"WebPage","@id":"https:\/\/revolutionpadelstore.com\/pt-pt\/produto\/siux-fenix-go-4-4\/","url":"https:\/\/revolutionpadelstore.com\/pt-pt\/produto\/siux-fenix-go-4-4\/","name":"SIUX FENIX GO 4 - Revolution Padel Store","isPartOf":{"@id":"https:\/\/revolutionpadelstore.com\/pt-pt\/#website"},"primaryImageOfPage":{"@id":"https:\/\/revolutionpadelstore.com\/pt-pt\/produto\/siux-fenix-go-4-4\/#primaryimage"},"image":{"@id":"https:\/\/revolutionpadelstore.com\/pt-pt\/produto\/siux-fenix-go-4-4\/#primaryimage"},"thumbnailUrl":"https:\/\/revolutionpadelstore.com\/wp-content\/uploads\/2024\/03\/109478_siux_fenix_go_4_1500x1500_vista1_8c3e.webp","datePublished":"2024-03-23T15:04:22+00:00","dateModified":"2026-04-08T12:46:18+00:00","description":"La pala Siux Fenix IV Go, para jugadores de p\u00e1del de nivel intermedio, ofrece potencia en la red. Carbono 3K en los planos y n\u00facleo de goma EVA Hard. Incluye Dampeners Shockout para reducir vibraciones.","breadcrumb":{"@id":"https:\/\/revolutionpadelstore.com\/pt-pt\/produto\/siux-fenix-go-4-4\/#breadcrumb"},"inLanguage":"pt-PT","potentialAction":[{"@type":"ReadAction","target":["https:\/\/revolutionpadelstore.com\/pt-pt\/produto\/siux-fenix-go-4-4\/"]}]},{"@type":"ImageObject","inLanguage":"pt-PT","@id":"https:\/\/revolutionpadelstore.com\/pt-pt\/produto\/siux-fenix-go-4-4\/#primaryimage","url":"https:\/\/revolutionpadelstore.com\/wp-content\/uploads\/2024\/03\/109478_siux_fenix_go_4_1500x1500_vista1_8c3e.webp","contentUrl":"https:\/\/revolutionpadelstore.com\/wp-content\/uploads\/2024\/03\/109478_siux_fenix_go_4_1500x1500_vista1_8c3e.webp","width":1500,"height":1500},{"@type":"BreadcrumbList","@id":"https:\/\/revolutionpadelstore.com\/pt-pt\/produto\/siux-fenix-go-4-4\/#breadcrumb","itemListElement":[{"@type":"ListItem","position":1,"name":"Portada","item":"https:\/\/revolutionpadelstore.com\/pt-pt\/"},{"@type":"ListItem","position":2,"name":"Tienda","item":"https:\/\/revolutionpadelstore.com\/pt-pt\/tienda\/"},{"@type":"ListItem","position":3,"name":"SIUX FENIX GO 4"}]},{"@type":"WebSite","@id":"https:\/\/revolutionpadelstore.com\/pt-pt\/#website","url":"https:\/\/revolutionpadelstore.com\/pt-pt\/","name":"Revolution Padel Store","description":"","publisher":{"@id":"https:\/\/revolutionpadelstore.com\/pt-pt\/#organization"},"potentialAction":[{"@type":"SearchAction","target":{"@type":"EntryPoint","urlTemplate":"https:\/\/revolutionpadelstore.com\/pt-pt\/?s={search_term_string}"},"query-input":{"@type":"PropertyValueSpecification","valueRequired":true,"valueName":"search_term_string"}}],"inLanguage":"pt-PT"},{"@type":"Organization","@id":"https:\/\/revolutionpadelstore.com\/pt-pt\/#organization","name":"Revolution Padel Store","url":"https:\/\/revolutionpadelstore.com\/pt-pt\/","logo":{"@type":"ImageObject","inLanguage":"pt-PT","@id":"https:\/\/revolutionpadelstore.com\/pt-pt\/#\/schema\/logo\/image\/","url":"https:\/\/revolutionpadelstore.com\/wp-content\/uploads\/2026\/02\/revolution-padel-store.jpg","contentUrl":"https:\/\/revolutionpadelstore.com\/wp-content\/uploads\/2026\/02\/revolution-padel-store.jpg","width":2000,"height":2000,"caption":"Revolution Padel Store"},"image":{"@id":"https:\/\/revolutionpadelstore.com\/pt-pt\/#\/schema\/logo\/image\/"},"sameAs":["https:\/\/www.instagram.com\/revolutionpadelstore\/"]}]}},"_links":{"self":[{"href":"https:\/\/revolutionpadelstore.com\/pt-pt\/wp-json\/wp\/v2\/product\/20143","targetHints":{"allow":["GET"]}}],"collection":[{"href":"https:\/\/revolutionpadelstore.com\/pt-pt\/wp-json\/wp\/v2\/product"}],"about":[{"href":"https:\/\/revolutionpadelstore.com\/pt-pt\/wp-json\/wp\/v2\/types\/product"}],"replies":[{"embeddable":true,"href":"https:\/\/revolutionpadelstore.com\/pt-pt\/wp-json\/wp\/v2\/comments?post=20143"}],"wp:featuredmedia":[{"embeddable":true,"href":"https:\/\/revolutionpadelstore.com\/pt-pt\/wp-json\/wp\/v2\/media\/265867"}],"wp:attachment":[{"href":"https:\/\/revolutionpadelstore.com\/pt-pt\/wp-json\/wp\/v2\/media?parent=20143"}],"wp:term":[{"taxonomy":"acabado","embeddable":true,"href":"https:\/\/revolutionpadelstore.com\/pt-pt\/wp-json\/wp\/v2\/acabado?post=20143"},{"taxonomy":"balance","embeddable":true,"href":"https:\/\/revolutionpadelstore.com\/pt-pt\/wp-json\/wp\/v2\/balance?post=20143"},{"taxonomy":"dureza","embeddable":true,"href":"https:\/\/revolutionpadelstore.com\/pt-pt\/wp-json\/wp\/v2\/dureza?post=20143"},{"taxonomy":"forma","embeddable":true,"href":"https:\/\/revolutionpadelstore.com\/pt-pt\/wp-json\/wp\/v2\/forma?post=20143"},{"taxonomy":"jugador","embeddable":true,"href":"https:\/\/revolutionpadelstore.com\/pt-pt\/wp-json\/wp\/v2\/jugador?post=20143"},{"taxonomy":"marca","embeddable":true,"href":"https:\/\/revolutionpadelstore.com\/pt-pt\/wp-json\/wp\/v2\/marca?post=20143"},{"taxonomy":"nivel-de-juego","embeddable":true,"href":"https:\/\/revolutionpadelstore.com\/pt-pt\/wp-json\/wp\/v2\/nivel-de-juego?post=20143"},{"taxonomy":"superficie","embeddable":true,"href":"https:\/\/revolutionpadelstore.com\/pt-pt\/wp-json\/wp\/v2\/superficie?post=20143"},{"taxonomy":"tipo-de-juego","embeddable":true,"href":"https:\/\/revolutionpadelstore.com\/pt-pt\/wp-json\/wp\/v2\/tipo-de-juego?post=20143"},{"taxonomy":"product_brand","embeddable":true,"href":"https:\/\/revolutionpadelstore.com\/pt-pt\/wp-json\/wp\/v2\/product_brand?post=20143"},{"taxonomy":"product_cat","embeddable":true,"href":"https:\/\/revolutionpadelstore.com\/pt-pt\/wp-json\/wp\/v2\/product_cat?post=20143"},{"taxonomy":"product_tag","embeddable":true,"href":"https:\/\/revolutionpadelstore.com\/pt-pt\/wp-json\/wp\/v2\/product_tag?post=20143"}],"curies":[{"name":"wp","href":"https:\/\/api.w.org\/{rel}","templated":true}]}}