{"id":20123,"date":"2024-03-23T16:14:51","date_gmt":"2024-03-23T15:14:51","guid":{"rendered":"https:\/\/revolutionpadelstore.com\/siux-trilogy-3-control-racket\/"},"modified":"2026-04-08T14:45:40","modified_gmt":"2026-04-08T12:45:40","slug":"siux-trilogy-3-control-racket-5","status":"publish","type":"product","link":"https:\/\/revolutionpadelstore.com\/pt-pt\/produto\/siux-trilogy-3-control-racket-5\/","title":{"rendered":"SIUX TRILOGY 3 CONTROL RACKET"},"content":{"rendered":"<h2>Siux Triology 3 Control, a raquete perfeita para jogadores avan\u00e7ados com t\u00e9cnica de controle<\/h2>\n<p><strong>Siux Triology 3 Control<\/strong>l \u00e9 uma raquete de padel com corpo redondo. Desenvolvido para jogadores de n\u00edvel avan\u00e7ado ou profissional com t\u00e9cnica de controle. Seu peso e equil\u00edbrio s\u00e3o perfeitos para jogar com controle da raquete e acertar a bola.<\/p>\n<p>Feita com faces de carbono 24K e n\u00facleo de borracha EVA macia, esta raquete tem toque flex\u00edvel e macio para sentir golpes confort\u00e1veis. Este modelo faz parte da cole\u00e7\u00e3o<em><strong>Master Series<\/strong><\/em>da Siux.<\/p>\n<h2>Raquete de remo com materiais macios para ter as melhores sensa\u00e7\u00f5es<\/h2>\n<p>Esta raquete possui uma estrutura forte e resistente pois \u00e9 confeccionada em tubular 100% carbono. As faces da raquete foram confeccionadas com tecido de fibra de carbono, carbono 24K TexTreme. Este material Siux \u00e9 o mais flex\u00edvel e macio que possuem para fazer as faces de suas l\u00e2minas.<\/p>\n<p>Um n\u00facleo feito de borracha <strong>EVA <\/strong><em>Soft<\/em> \u00e9 colocado dentro do corpo da raquete. Esta borracha EVA \u00e9 de baixa densidade. Permite absorver impactos e controlar melhor a bola. Esta raquete, pela sua forma e materiais utilizados, \u00e9 uma raquete inteiramente para jogadores com t\u00e9cnica totalmente controlada.<\/p>\n<h3>Remo com punho de espuma em relevo para uma pegada mais ergon\u00f4mica<\/h3>\n<p>Seu Pentacore e ponte refor\u00e7ada reduzem as vibra\u00e7\u00f5es durante os golpes. Projetado para sofrer menos reviravoltas durante o jogo. Projetado e desenvolvido para lhe proporcionar as melhores sensa\u00e7\u00f5es em quadra e trazer \u00e0 tona a sua melhor vers\u00e3o como padelista com t\u00e9cnica de controle.<\/p>\n<p>Com tecnologia ShockOut que tamb\u00e9m reduz as vibra\u00e7\u00f5es e incorpora um grupo de espuma \u00e1spera na empunhadura para uma melhor ader\u00eancia \u00e0 raquete.<\/p>\n<p>Esta raquete possui acabamento 3D fosco. Com este acabamento \u00e1spero melhora as sensa\u00e7\u00f5es e o controle sobre os efeitos de disparo. Uma p\u00e1 com peso entre 355-375 gramas. Com um design que combina preto, cinza e vermelho.<\/p>\n<h2>Siux Triology 3 Control, la pala perfecta para jugadores avanzados con t\u00e9cnica de control<\/h2>\n","protected":false},"excerpt":{"rendered":"<p>Siux Trilogy 3 Control, para jogadores avan\u00e7ados ou profissionais com t\u00e9cnica de controle. Com formato redondo e faces confeccionadas em carbono TexTreme 24K e borracha Soft EVA.<\/p>\n","protected":false},"featured_media":51440,"comment_status":"open","ping_status":"closed","template":"","meta":{"_acf_changed":false,"_joinchat":[]},"acabado":[1085],"balance":[1140],"dureza":[1155],"forma":[1180],"jugador":[1190,1200],"marca":[1305],"nivel-de-juego":[1335],"superficie":[1355],"tipo-de-juego":[1370],"product_brand":[],"product_cat":[300],"product_tag":[],"class_list":{"0":"post-20123","1":"product","2":"type-product","3":"status-publish","4":"has-post-thumbnail","6":"acabado-companheiro","7":"balance-medio-pt-pt","8":"dureza-media-pt-pt","9":"forma-rodada","10":"jugador-homem","11":"jugador-polivalente-pt-pt","12":"marca-siux-pt-pt","13":"superficie-lisa-pt-pt","14":"tipo-de-juego-controle","15":"product_cat-palas","17":"first","18":"instock","19":"sale","20":"taxable","21":"shipping-taxable","22":"purchasable","23":"product-type-simple"},"acf":[],"yoast_head":"<!-- This site is optimized with the Yoast SEO plugin v27.5 - https:\/\/yoast.com\/product\/yoast-seo-wordpress\/ -->\n<title>SIUX TRILOGY 3 CONTROL RACKET - Revolution Padel Store<\/title>\n<meta name=\"description\" content=\"Siux Trilogy 3 Control, para jugadores avanzados o profesionales con t\u00e9cnica de control. Con forma redonda y caras hechas con carbono 24K TexTreme y goma EVA Soft.\" \/>\n<meta name=\"robots\" content=\"index, follow, max-snippet:-1, max-image-preview:large, max-video-preview:-1\" \/>\n<link rel=\"canonical\" href=\"https:\/\/revolutionpadelstore.com\/pt-pt\/produto\/siux-trilogy-3-control-racket-5\/\" \/>\n<meta property=\"og:locale\" content=\"pt_PT\" \/>\n<meta property=\"og:type\" content=\"article\" \/>\n<meta property=\"og:title\" content=\"SIUX TRILOGY 3 CONTROL RACKET - Revolution Padel Store\" \/>\n<meta property=\"og:description\" content=\"Siux Trilogy 3 Control, para jugadores avanzados o profesionales con t\u00e9cnica de control. Con forma redonda y caras hechas con carbono 24K TexTreme y goma EVA Soft.\" \/>\n<meta property=\"og:url\" content=\"https:\/\/revolutionpadelstore.com\/pt-pt\/produto\/siux-trilogy-3-control-racket-5\/\" \/>\n<meta property=\"og:site_name\" content=\"Revolution Padel Store\" \/>\n<meta property=\"article:modified_time\" content=\"2026-04-08T12:45:40+00:00\" \/>\n<meta property=\"og:image\" content=\"https:\/\/revolutionpadelstore.com\/wp-content\/uploads\/2024\/03\/28756_siux_trilogy_3_control_1500x1500_vista1_0d02.webp\" \/>\n\t<meta property=\"og:image:width\" content=\"1500\" \/>\n\t<meta property=\"og:image:height\" content=\"1500\" \/>\n\t<meta property=\"og:image:type\" content=\"image\/webp\" \/>\n<meta name=\"twitter:card\" content=\"summary_large_image\" \/>\n<meta name=\"twitter:label1\" content=\"Tempo estimado de leitura\" \/>\n\t<meta name=\"twitter:data1\" content=\"2 minutos\" \/>\n<script type=\"application\/ld+json\" class=\"yoast-schema-graph\">{\"@context\":\"https:\\\/\\\/schema.org\",\"@graph\":[{\"@type\":\"WebPage\",\"@id\":\"https:\\\/\\\/revolutionpadelstore.com\\\/pt-pt\\\/produto\\\/siux-trilogy-3-control-racket-5\\\/\",\"url\":\"https:\\\/\\\/revolutionpadelstore.com\\\/pt-pt\\\/produto\\\/siux-trilogy-3-control-racket-5\\\/\",\"name\":\"SIUX TRILOGY 3 CONTROL RACKET - Revolution Padel Store\",\"isPartOf\":{\"@id\":\"https:\\\/\\\/revolutionpadelstore.com\\\/pt-pt\\\/#website\"},\"primaryImageOfPage\":{\"@id\":\"https:\\\/\\\/revolutionpadelstore.com\\\/pt-pt\\\/produto\\\/siux-trilogy-3-control-racket-5\\\/#primaryimage\"},\"image\":{\"@id\":\"https:\\\/\\\/revolutionpadelstore.com\\\/pt-pt\\\/produto\\\/siux-trilogy-3-control-racket-5\\\/#primaryimage\"},\"thumbnailUrl\":\"https:\\\/\\\/revolutionpadelstore.com\\\/wp-content\\\/uploads\\\/2024\\\/03\\\/28756_siux_trilogy_3_control_1500x1500_vista1_0d02.webp\",\"datePublished\":\"2024-03-23T15:14:51+00:00\",\"dateModified\":\"2026-04-08T12:45:40+00:00\",\"description\":\"Siux Trilogy 3 Control, para jugadores avanzados o profesionales con t\u00e9cnica de control. Con forma redonda y caras hechas con carbono 24K TexTreme y goma EVA Soft.\",\"breadcrumb\":{\"@id\":\"https:\\\/\\\/revolutionpadelstore.com\\\/pt-pt\\\/produto\\\/siux-trilogy-3-control-racket-5\\\/#breadcrumb\"},\"inLanguage\":\"pt-PT\",\"potentialAction\":[{\"@type\":\"ReadAction\",\"target\":[\"https:\\\/\\\/revolutionpadelstore.com\\\/pt-pt\\\/produto\\\/siux-trilogy-3-control-racket-5\\\/\"]}]},{\"@type\":\"ImageObject\",\"inLanguage\":\"pt-PT\",\"@id\":\"https:\\\/\\\/revolutionpadelstore.com\\\/pt-pt\\\/produto\\\/siux-trilogy-3-control-racket-5\\\/#primaryimage\",\"url\":\"https:\\\/\\\/revolutionpadelstore.com\\\/wp-content\\\/uploads\\\/2024\\\/03\\\/28756_siux_trilogy_3_control_1500x1500_vista1_0d02.webp\",\"contentUrl\":\"https:\\\/\\\/revolutionpadelstore.com\\\/wp-content\\\/uploads\\\/2024\\\/03\\\/28756_siux_trilogy_3_control_1500x1500_vista1_0d02.webp\",\"width\":1500,\"height\":1500},{\"@type\":\"BreadcrumbList\",\"@id\":\"https:\\\/\\\/revolutionpadelstore.com\\\/pt-pt\\\/produto\\\/siux-trilogy-3-control-racket-5\\\/#breadcrumb\",\"itemListElement\":[{\"@type\":\"ListItem\",\"position\":1,\"name\":\"Portada\",\"item\":\"https:\\\/\\\/revolutionpadelstore.com\\\/pt-pt\\\/\"},{\"@type\":\"ListItem\",\"position\":2,\"name\":\"Tienda\",\"item\":\"https:\\\/\\\/revolutionpadelstore.com\\\/pt-pt\\\/tienda\\\/\"},{\"@type\":\"ListItem\",\"position\":3,\"name\":\"SIUX TRILOGY 3 CONTROL RACKET\"}]},{\"@type\":\"WebSite\",\"@id\":\"https:\\\/\\\/revolutionpadelstore.com\\\/pt-pt\\\/#website\",\"url\":\"https:\\\/\\\/revolutionpadelstore.com\\\/pt-pt\\\/\",\"name\":\"Revolution Padel Store\",\"description\":\"\",\"publisher\":{\"@id\":\"https:\\\/\\\/revolutionpadelstore.com\\\/pt-pt\\\/#organization\"},\"potentialAction\":[{\"@type\":\"SearchAction\",\"target\":{\"@type\":\"EntryPoint\",\"urlTemplate\":\"https:\\\/\\\/revolutionpadelstore.com\\\/pt-pt\\\/?s={search_term_string}\"},\"query-input\":{\"@type\":\"PropertyValueSpecification\",\"valueRequired\":true,\"valueName\":\"search_term_string\"}}],\"inLanguage\":\"pt-PT\"},{\"@type\":\"Organization\",\"@id\":\"https:\\\/\\\/revolutionpadelstore.com\\\/pt-pt\\\/#organization\",\"name\":\"Revolution Padel Store\",\"url\":\"https:\\\/\\\/revolutionpadelstore.com\\\/pt-pt\\\/\",\"logo\":{\"@type\":\"ImageObject\",\"inLanguage\":\"pt-PT\",\"@id\":\"https:\\\/\\\/revolutionpadelstore.com\\\/pt-pt\\\/#\\\/schema\\\/logo\\\/image\\\/\",\"url\":\"https:\\\/\\\/revolutionpadelstore.com\\\/wp-content\\\/uploads\\\/2026\\\/02\\\/revolution-padel-store.jpg\",\"contentUrl\":\"https:\\\/\\\/revolutionpadelstore.com\\\/wp-content\\\/uploads\\\/2026\\\/02\\\/revolution-padel-store.jpg\",\"width\":2000,\"height\":2000,\"caption\":\"Revolution Padel Store\"},\"image\":{\"@id\":\"https:\\\/\\\/revolutionpadelstore.com\\\/pt-pt\\\/#\\\/schema\\\/logo\\\/image\\\/\"},\"sameAs\":[\"https:\\\/\\\/www.instagram.com\\\/revolutionpadelstore\\\/\"]}]}<\/script>\n<!-- \/ Yoast SEO plugin. -->","yoast_head_json":{"title":"SIUX TRILOGY 3 CONTROL RACKET - Revolution Padel Store","description":"Siux Trilogy 3 Control, para jugadores avanzados o profesionales con t\u00e9cnica de control. Con forma redonda y caras hechas con carbono 24K TexTreme y goma EVA Soft.","robots":{"index":"index","follow":"follow","max-snippet":"max-snippet:-1","max-image-preview":"max-image-preview:large","max-video-preview":"max-video-preview:-1"},"canonical":"https:\/\/revolutionpadelstore.com\/pt-pt\/produto\/siux-trilogy-3-control-racket-5\/","og_locale":"pt_PT","og_type":"article","og_title":"SIUX TRILOGY 3 CONTROL RACKET - Revolution Padel Store","og_description":"Siux Trilogy 3 Control, para jugadores avanzados o profesionales con t\u00e9cnica de control. Con forma redonda y caras hechas con carbono 24K TexTreme y goma EVA Soft.","og_url":"https:\/\/revolutionpadelstore.com\/pt-pt\/produto\/siux-trilogy-3-control-racket-5\/","og_site_name":"Revolution Padel Store","article_modified_time":"2026-04-08T12:45:40+00:00","og_image":[{"width":1500,"height":1500,"url":"https:\/\/revolutionpadelstore.com\/wp-content\/uploads\/2024\/03\/28756_siux_trilogy_3_control_1500x1500_vista1_0d02.webp","type":"image\/webp"}],"twitter_card":"summary_large_image","twitter_misc":{"Tempo estimado de leitura":"2 minutos"},"schema":{"@context":"https:\/\/schema.org","@graph":[{"@type":"WebPage","@id":"https:\/\/revolutionpadelstore.com\/pt-pt\/produto\/siux-trilogy-3-control-racket-5\/","url":"https:\/\/revolutionpadelstore.com\/pt-pt\/produto\/siux-trilogy-3-control-racket-5\/","name":"SIUX TRILOGY 3 CONTROL RACKET - Revolution Padel Store","isPartOf":{"@id":"https:\/\/revolutionpadelstore.com\/pt-pt\/#website"},"primaryImageOfPage":{"@id":"https:\/\/revolutionpadelstore.com\/pt-pt\/produto\/siux-trilogy-3-control-racket-5\/#primaryimage"},"image":{"@id":"https:\/\/revolutionpadelstore.com\/pt-pt\/produto\/siux-trilogy-3-control-racket-5\/#primaryimage"},"thumbnailUrl":"https:\/\/revolutionpadelstore.com\/wp-content\/uploads\/2024\/03\/28756_siux_trilogy_3_control_1500x1500_vista1_0d02.webp","datePublished":"2024-03-23T15:14:51+00:00","dateModified":"2026-04-08T12:45:40+00:00","description":"Siux Trilogy 3 Control, para jugadores avanzados o profesionales con t\u00e9cnica de control. Con forma redonda y caras hechas con carbono 24K TexTreme y goma EVA Soft.","breadcrumb":{"@id":"https:\/\/revolutionpadelstore.com\/pt-pt\/produto\/siux-trilogy-3-control-racket-5\/#breadcrumb"},"inLanguage":"pt-PT","potentialAction":[{"@type":"ReadAction","target":["https:\/\/revolutionpadelstore.com\/pt-pt\/produto\/siux-trilogy-3-control-racket-5\/"]}]},{"@type":"ImageObject","inLanguage":"pt-PT","@id":"https:\/\/revolutionpadelstore.com\/pt-pt\/produto\/siux-trilogy-3-control-racket-5\/#primaryimage","url":"https:\/\/revolutionpadelstore.com\/wp-content\/uploads\/2024\/03\/28756_siux_trilogy_3_control_1500x1500_vista1_0d02.webp","contentUrl":"https:\/\/revolutionpadelstore.com\/wp-content\/uploads\/2024\/03\/28756_siux_trilogy_3_control_1500x1500_vista1_0d02.webp","width":1500,"height":1500},{"@type":"BreadcrumbList","@id":"https:\/\/revolutionpadelstore.com\/pt-pt\/produto\/siux-trilogy-3-control-racket-5\/#breadcrumb","itemListElement":[{"@type":"ListItem","position":1,"name":"Portada","item":"https:\/\/revolutionpadelstore.com\/pt-pt\/"},{"@type":"ListItem","position":2,"name":"Tienda","item":"https:\/\/revolutionpadelstore.com\/pt-pt\/tienda\/"},{"@type":"ListItem","position":3,"name":"SIUX TRILOGY 3 CONTROL RACKET"}]},{"@type":"WebSite","@id":"https:\/\/revolutionpadelstore.com\/pt-pt\/#website","url":"https:\/\/revolutionpadelstore.com\/pt-pt\/","name":"Revolution Padel Store","description":"","publisher":{"@id":"https:\/\/revolutionpadelstore.com\/pt-pt\/#organization"},"potentialAction":[{"@type":"SearchAction","target":{"@type":"EntryPoint","urlTemplate":"https:\/\/revolutionpadelstore.com\/pt-pt\/?s={search_term_string}"},"query-input":{"@type":"PropertyValueSpecification","valueRequired":true,"valueName":"search_term_string"}}],"inLanguage":"pt-PT"},{"@type":"Organization","@id":"https:\/\/revolutionpadelstore.com\/pt-pt\/#organization","name":"Revolution Padel Store","url":"https:\/\/revolutionpadelstore.com\/pt-pt\/","logo":{"@type":"ImageObject","inLanguage":"pt-PT","@id":"https:\/\/revolutionpadelstore.com\/pt-pt\/#\/schema\/logo\/image\/","url":"https:\/\/revolutionpadelstore.com\/wp-content\/uploads\/2026\/02\/revolution-padel-store.jpg","contentUrl":"https:\/\/revolutionpadelstore.com\/wp-content\/uploads\/2026\/02\/revolution-padel-store.jpg","width":2000,"height":2000,"caption":"Revolution Padel Store"},"image":{"@id":"https:\/\/revolutionpadelstore.com\/pt-pt\/#\/schema\/logo\/image\/"},"sameAs":["https:\/\/www.instagram.com\/revolutionpadelstore\/"]}]}},"_links":{"self":[{"href":"https:\/\/revolutionpadelstore.com\/pt-pt\/wp-json\/wp\/v2\/product\/20123","targetHints":{"allow":["GET"]}}],"collection":[{"href":"https:\/\/revolutionpadelstore.com\/pt-pt\/wp-json\/wp\/v2\/product"}],"about":[{"href":"https:\/\/revolutionpadelstore.com\/pt-pt\/wp-json\/wp\/v2\/types\/product"}],"replies":[{"embeddable":true,"href":"https:\/\/revolutionpadelstore.com\/pt-pt\/wp-json\/wp\/v2\/comments?post=20123"}],"wp:featuredmedia":[{"embeddable":true,"href":"https:\/\/revolutionpadelstore.com\/pt-pt\/wp-json\/wp\/v2\/media\/51440"}],"wp:attachment":[{"href":"https:\/\/revolutionpadelstore.com\/pt-pt\/wp-json\/wp\/v2\/media?parent=20123"}],"wp:term":[{"taxonomy":"acabado","embeddable":true,"href":"https:\/\/revolutionpadelstore.com\/pt-pt\/wp-json\/wp\/v2\/acabado?post=20123"},{"taxonomy":"balance","embeddable":true,"href":"https:\/\/revolutionpadelstore.com\/pt-pt\/wp-json\/wp\/v2\/balance?post=20123"},{"taxonomy":"dureza","embeddable":true,"href":"https:\/\/revolutionpadelstore.com\/pt-pt\/wp-json\/wp\/v2\/dureza?post=20123"},{"taxonomy":"forma","embeddable":true,"href":"https:\/\/revolutionpadelstore.com\/pt-pt\/wp-json\/wp\/v2\/forma?post=20123"},{"taxonomy":"jugador","embeddable":true,"href":"https:\/\/revolutionpadelstore.com\/pt-pt\/wp-json\/wp\/v2\/jugador?post=20123"},{"taxonomy":"marca","embeddable":true,"href":"https:\/\/revolutionpadelstore.com\/pt-pt\/wp-json\/wp\/v2\/marca?post=20123"},{"taxonomy":"nivel-de-juego","embeddable":true,"href":"https:\/\/revolutionpadelstore.com\/pt-pt\/wp-json\/wp\/v2\/nivel-de-juego?post=20123"},{"taxonomy":"superficie","embeddable":true,"href":"https:\/\/revolutionpadelstore.com\/pt-pt\/wp-json\/wp\/v2\/superficie?post=20123"},{"taxonomy":"tipo-de-juego","embeddable":true,"href":"https:\/\/revolutionpadelstore.com\/pt-pt\/wp-json\/wp\/v2\/tipo-de-juego?post=20123"},{"taxonomy":"product_brand","embeddable":true,"href":"https:\/\/revolutionpadelstore.com\/pt-pt\/wp-json\/wp\/v2\/product_brand?post=20123"},{"taxonomy":"product_cat","embeddable":true,"href":"https:\/\/revolutionpadelstore.com\/pt-pt\/wp-json\/wp\/v2\/product_cat?post=20123"},{"taxonomy":"product_tag","embeddable":true,"href":"https:\/\/revolutionpadelstore.com\/pt-pt\/wp-json\/wp\/v2\/product_tag?post=20123"}],"curies":[{"name":"wp","href":"https:\/\/api.w.org\/{rel}","templated":true}]}}