{"id":20008,"date":"2024-03-23T17:03:45","date_gmt":"2024-03-23T16:03:45","guid":{"rendered":"https:\/\/revolutionpadelstore.com\/nox-ml10-pro-cup-coorp-23\/"},"modified":"2026-04-01T11:19:38","modified_gmt":"2026-04-01T09:19:38","slug":"nox-ml10-pro-cup-coorp-23-5","status":"publish","type":"product","link":"https:\/\/revolutionpadelstore.com\/pt-pt\/produto\/nox-ml10-pro-cup-coorp-23-5\/","title":{"rendered":"NOX ML10 PRO CUP COORP 23"},"content":{"rendered":"<p><strong>NOX ML10 PRO CUP COORP 23, UMA RAQUETE DE CONTROLE<\/strong><\/p>\n<div id=\"\" hidden=\"\">Depois de experimentar, voc\u00ea n\u00e3o vai querer largar! Adquira a nova edi\u00e7\u00e3o Nox ML10 Pro Cup Corp 2023, uma raquete confort\u00e1vel, s\u00f3lida e potente feita para jogadores que buscam controle total da bola sem esquecer a pot\u00eancia.<\/div>\n<div id=\"\" hidden=\"\">\u00c9 uma das raquetes mais vendidas da hist\u00f3ria e o primeiro modelo desenvolvido pela estrela do padel Miguel Lamperti. \u00c9 simplesmente um cl\u00e1ssico.<\/div>\n<div id=\"\" hidden=\"\">Tipo de jogador<\/div>\n<div id=\"\" hidden=\"\">\u00c9 a raquete perfeita para o jogador intensivo de n\u00edvel intermedi\u00e1rio-avan\u00e7ado que procura uma raquete controlada, confort\u00e1vel e potente, ideal para obter precis\u00e3o e sa\u00eddas de bola poderosas e r\u00e1pidas.<\/div>\n<div id=\"\" hidden=\"\">Caracter\u00edsticas t\u00e9cnicas<\/div>\n<div id=\"\" hidden=\"\">Constru\u00edda em molde redondo, \u00e9 uma raquete confeccionada em Carbon Frame 100% carbono que se combina com os planos de Fibra de Vidro 3K Prata, material que se interliga para obter flexibilidade, durabilidade e rigidez.<\/div>\n<div id=\"\" hidden=\"\">O n\u00facleo de borracha HR3 Core \u00e9 respons\u00e1vel por fornecer energia extra ap\u00f3s o golpe.<\/div>\n<div id=\"\" hidden=\"\">Inclui o novo sistema de cord\u00e3o de seguran\u00e7a substitu\u00edvel, Smartstraps, que melhora a seguran\u00e7a e a ader\u00eancia da raquete durante o jogo.<\/div>\n<div id=\"\" hidden=\"\">Design e cores<\/div>\n<div id=\"\" hidden=\"\">\u00c9 uma raquete cl\u00e1ssica, moderna e com uma est\u00e9tica elegante e esportiva que se combina com a estrutura branca e a arma\u00e7\u00e3o envolta em vermelho, al\u00e9m dos planos com detalhes dourados e as letras Nox em preto<\/div>\n<p>Depois de experimentar, voc\u00ea n\u00e3o vai querer largar! Adquira a nova edi\u00e7\u00e3o da Nox ML10 Pro Cup Corp 2023, uma raquete confort\u00e1vel, s\u00f3lida e potente feita para jogadores que buscam o controle total da bola sem esquecer a pot\u00eancia.<\/strong><\/p>\n<p>\u00c9 uma das raquetes mais vendidas da hist\u00f3ria e o primeiro modelo desenvolvido pela estrela do padel Miguel Lamperti. \u00c9 simplesmente um cl\u00e1ssico.<\/p>\n<h3>Tipo de jogador<\/h3>\n<p>\u00c9 a raquete perfeita para o <strong>jogador intermedi\u00e1rio-avan\u00e7ado intensivo<\/strong> que procura uma raquete controlada, confort\u00e1vel e potente, ideal para obter precis\u00e3o e lan\u00e7amentos de bola poderosos e r\u00e1pidos.<\/p>\n<h3>Caracter\u00edsticas t\u00e9cnicas<\/h3>\n<p>Constru\u00edda em um <strong>molde redondo<\/strong>, \u00e9 uma raquete composta com a <strong>estrutura de carbono 100% carbono<\/strong> que \u00e9 combinada com os planos de fibra de vidro prata 3K<\/strong> forte&gt;, um material que se interliga para alcan\u00e7ar <strong>flexibilidade, durabilidade e rigidez.<\/strong><\/p>\n<p>O n\u00facleo de borracha HR3 Core \u00e9 respons\u00e1vel por fornecer pot\u00eancia extra ap\u00f3s o golpe.<\/p>\n<p>Inclui o novo sistema de cord\u00e3o de seguran\u00e7a substitu\u00edvel, Smartstraps, que melhora a seguran\u00e7a e a ader\u00eancia da raquete durante o jogo.<\/p>\n<h3>Design e cores<\/h3>\n<p>\u00c9 uma raquete cl\u00e1ssica, moderna e com uma est\u00e9tica elegante e esportiva que se alia \u00e0 estrutura branca e \u00e0 moldura envolta em vermelho, al\u00e9m dos planos com detalhes dourados e as letras Nox em preto.<strong>NOX ML10 PRO CUP COORP 23, UNA PALA DE CONTROL<\/strong><\/p>\n","protected":false},"excerpt":{"rendered":"<div class=\"vis\u00e3o geral do atributo do produto\">\n<div class=\"valor\">\n<p>Projetada com materiais de qualidade, esta nova raquete de padel \u00e9 perfeita para seus jogos polivalentes.<\/p>\n<\/div>\n<\/div>\n<div class=\"produto-add-form\">\n<div class=\"quantidade do campo\"><\/div>\n<\/div>\n","protected":false},"featured_media":51174,"comment_status":"open","ping_status":"closed","template":"","meta":{"_acf_changed":false,"_joinchat":[]},"acabado":[1080],"balance":[1140],"dureza":[1155],"forma":[1180],"jugador":[1190,1200],"marca":[1260],"nivel-de-juego":[1335],"superficie":[1355],"tipo-de-juego":[1385],"product_brand":[],"product_cat":[300],"product_tag":[],"class_list":{"0":"post-20008","1":"product","2":"type-product","3":"status-publish","4":"has-post-thumbnail","6":"acabado-brilho","7":"balance-medio-pt-pt","8":"dureza-media-pt-pt","9":"forma-rodada","10":"jugador-homem","11":"jugador-polivalente-pt-pt","12":"marca-nox-pt-pt","13":"superficie-lisa-pt-pt","14":"tipo-de-juego-polivalente-pt-pt","15":"product_cat-palas","17":"first","18":"onbackorder","19":"sale","20":"taxable","21":"shipping-taxable","22":"purchasable","23":"product-type-simple"},"acf":[],"yoast_head":"<!-- This site is optimized with the Yoast SEO plugin v27.3 - https:\/\/yoast.com\/product\/yoast-seo-wordpress\/ -->\n<title>NOX ML10 PRO CUP COORP 23 - Revolution Padel Store<\/title>\n<meta name=\"description\" content=\"Dise\u00f1ada con materiales de calidad, esta nueva pala de p\u00e1del es perfecta para tus juegos polivalentes.\" \/>\n<meta name=\"robots\" content=\"index, follow, max-snippet:-1, max-image-preview:large, max-video-preview:-1\" \/>\n<link rel=\"canonical\" href=\"https:\/\/revolutionpadelstore.com\/pt-pt\/produto\/nox-ml10-pro-cup-coorp-23-5\/\" \/>\n<meta property=\"og:locale\" content=\"pt_PT\" \/>\n<meta property=\"og:type\" content=\"article\" \/>\n<meta property=\"og:title\" content=\"NOX ML10 PRO CUP COORP 23 - Revolution Padel Store\" \/>\n<meta property=\"og:description\" content=\"Dise\u00f1ada con materiales de calidad, esta nueva pala de p\u00e1del es perfecta para tus juegos polivalentes.\" \/>\n<meta property=\"og:url\" content=\"https:\/\/revolutionpadelstore.com\/pt-pt\/produto\/nox-ml10-pro-cup-coorp-23-5\/\" \/>\n<meta property=\"og:site_name\" content=\"Revolution Padel Store\" \/>\n<meta property=\"article:modified_time\" content=\"2026-04-01T09:19:38+00:00\" \/>\n<meta property=\"og:image\" content=\"https:\/\/revolutionpadelstore.com\/wp-content\/uploads\/2024\/03\/PML10PCOOR23_1000_1000_1_935b.webp\" \/>\n\t<meta property=\"og:image:width\" content=\"1000\" \/>\n\t<meta property=\"og:image:height\" content=\"1000\" \/>\n\t<meta property=\"og:image:type\" content=\"image\/webp\" \/>\n<meta name=\"twitter:card\" content=\"summary_large_image\" \/>\n<meta name=\"twitter:label1\" content=\"Tempo estimado de leitura\" \/>\n\t<meta name=\"twitter:data1\" content=\"3 minutos\" \/>\n<script type=\"application\/ld+json\" class=\"yoast-schema-graph\">{\"@context\":\"https:\\\/\\\/schema.org\",\"@graph\":[{\"@type\":\"WebPage\",\"@id\":\"https:\\\/\\\/revolutionpadelstore.com\\\/pt-pt\\\/produto\\\/nox-ml10-pro-cup-coorp-23-5\\\/\",\"url\":\"https:\\\/\\\/revolutionpadelstore.com\\\/pt-pt\\\/produto\\\/nox-ml10-pro-cup-coorp-23-5\\\/\",\"name\":\"NOX ML10 PRO CUP COORP 23 - Revolution Padel Store\",\"isPartOf\":{\"@id\":\"https:\\\/\\\/revolutionpadelstore.com\\\/pt-pt\\\/#website\"},\"primaryImageOfPage\":{\"@id\":\"https:\\\/\\\/revolutionpadelstore.com\\\/pt-pt\\\/produto\\\/nox-ml10-pro-cup-coorp-23-5\\\/#primaryimage\"},\"image\":{\"@id\":\"https:\\\/\\\/revolutionpadelstore.com\\\/pt-pt\\\/produto\\\/nox-ml10-pro-cup-coorp-23-5\\\/#primaryimage\"},\"thumbnailUrl\":\"https:\\\/\\\/revolutionpadelstore.com\\\/wp-content\\\/uploads\\\/2024\\\/03\\\/PML10PCOOR23_1000_1000_1_935b.webp\",\"datePublished\":\"2024-03-23T16:03:45+00:00\",\"dateModified\":\"2026-04-01T09:19:38+00:00\",\"description\":\"Dise\u00f1ada con materiales de calidad, esta nueva pala de p\u00e1del es perfecta para tus juegos polivalentes.\",\"breadcrumb\":{\"@id\":\"https:\\\/\\\/revolutionpadelstore.com\\\/pt-pt\\\/produto\\\/nox-ml10-pro-cup-coorp-23-5\\\/#breadcrumb\"},\"inLanguage\":\"pt-PT\",\"potentialAction\":[{\"@type\":\"ReadAction\",\"target\":[\"https:\\\/\\\/revolutionpadelstore.com\\\/pt-pt\\\/produto\\\/nox-ml10-pro-cup-coorp-23-5\\\/\"]}]},{\"@type\":\"ImageObject\",\"inLanguage\":\"pt-PT\",\"@id\":\"https:\\\/\\\/revolutionpadelstore.com\\\/pt-pt\\\/produto\\\/nox-ml10-pro-cup-coorp-23-5\\\/#primaryimage\",\"url\":\"https:\\\/\\\/revolutionpadelstore.com\\\/wp-content\\\/uploads\\\/2024\\\/03\\\/PML10PCOOR23_1000_1000_1_935b.webp\",\"contentUrl\":\"https:\\\/\\\/revolutionpadelstore.com\\\/wp-content\\\/uploads\\\/2024\\\/03\\\/PML10PCOOR23_1000_1000_1_935b.webp\",\"width\":1000,\"height\":1000},{\"@type\":\"BreadcrumbList\",\"@id\":\"https:\\\/\\\/revolutionpadelstore.com\\\/pt-pt\\\/produto\\\/nox-ml10-pro-cup-coorp-23-5\\\/#breadcrumb\",\"itemListElement\":[{\"@type\":\"ListItem\",\"position\":1,\"name\":\"Portada\",\"item\":\"https:\\\/\\\/revolutionpadelstore.com\\\/pt-pt\\\/\"},{\"@type\":\"ListItem\",\"position\":2,\"name\":\"Tienda\",\"item\":\"https:\\\/\\\/revolutionpadelstore.com\\\/pt-pt\\\/tienda\\\/\"},{\"@type\":\"ListItem\",\"position\":3,\"name\":\"NOX ML10 PRO CUP COORP 23\"}]},{\"@type\":\"WebSite\",\"@id\":\"https:\\\/\\\/revolutionpadelstore.com\\\/pt-pt\\\/#website\",\"url\":\"https:\\\/\\\/revolutionpadelstore.com\\\/pt-pt\\\/\",\"name\":\"Revolution Padel Store\",\"description\":\"\",\"publisher\":{\"@id\":\"https:\\\/\\\/revolutionpadelstore.com\\\/pt-pt\\\/#organization\"},\"potentialAction\":[{\"@type\":\"SearchAction\",\"target\":{\"@type\":\"EntryPoint\",\"urlTemplate\":\"https:\\\/\\\/revolutionpadelstore.com\\\/pt-pt\\\/?s={search_term_string}\"},\"query-input\":{\"@type\":\"PropertyValueSpecification\",\"valueRequired\":true,\"valueName\":\"search_term_string\"}}],\"inLanguage\":\"pt-PT\"},{\"@type\":\"Organization\",\"@id\":\"https:\\\/\\\/revolutionpadelstore.com\\\/pt-pt\\\/#organization\",\"name\":\"Revolution Padel Store\",\"url\":\"https:\\\/\\\/revolutionpadelstore.com\\\/pt-pt\\\/\",\"logo\":{\"@type\":\"ImageObject\",\"inLanguage\":\"pt-PT\",\"@id\":\"https:\\\/\\\/revolutionpadelstore.com\\\/pt-pt\\\/#\\\/schema\\\/logo\\\/image\\\/\",\"url\":\"https:\\\/\\\/revolutionpadelstore.com\\\/wp-content\\\/uploads\\\/2026\\\/02\\\/revolution-padel-store.jpg\",\"contentUrl\":\"https:\\\/\\\/revolutionpadelstore.com\\\/wp-content\\\/uploads\\\/2026\\\/02\\\/revolution-padel-store.jpg\",\"width\":2000,\"height\":2000,\"caption\":\"Revolution Padel Store\"},\"image\":{\"@id\":\"https:\\\/\\\/revolutionpadelstore.com\\\/pt-pt\\\/#\\\/schema\\\/logo\\\/image\\\/\"},\"sameAs\":[\"https:\\\/\\\/www.instagram.com\\\/revolutionpadelstore\\\/\"]}]}<\/script>\n<!-- \/ Yoast SEO plugin. -->","yoast_head_json":{"title":"NOX ML10 PRO CUP COORP 23 - Revolution Padel Store","description":"Dise\u00f1ada con materiales de calidad, esta nueva pala de p\u00e1del es perfecta para tus juegos polivalentes.","robots":{"index":"index","follow":"follow","max-snippet":"max-snippet:-1","max-image-preview":"max-image-preview:large","max-video-preview":"max-video-preview:-1"},"canonical":"https:\/\/revolutionpadelstore.com\/pt-pt\/produto\/nox-ml10-pro-cup-coorp-23-5\/","og_locale":"pt_PT","og_type":"article","og_title":"NOX ML10 PRO CUP COORP 23 - Revolution Padel Store","og_description":"Dise\u00f1ada con materiales de calidad, esta nueva pala de p\u00e1del es perfecta para tus juegos polivalentes.","og_url":"https:\/\/revolutionpadelstore.com\/pt-pt\/produto\/nox-ml10-pro-cup-coorp-23-5\/","og_site_name":"Revolution Padel Store","article_modified_time":"2026-04-01T09:19:38+00:00","og_image":[{"width":1000,"height":1000,"url":"https:\/\/revolutionpadelstore.com\/wp-content\/uploads\/2024\/03\/PML10PCOOR23_1000_1000_1_935b.webp","type":"image\/webp"}],"twitter_card":"summary_large_image","twitter_misc":{"Tempo estimado de leitura":"3 minutos"},"schema":{"@context":"https:\/\/schema.org","@graph":[{"@type":"WebPage","@id":"https:\/\/revolutionpadelstore.com\/pt-pt\/produto\/nox-ml10-pro-cup-coorp-23-5\/","url":"https:\/\/revolutionpadelstore.com\/pt-pt\/produto\/nox-ml10-pro-cup-coorp-23-5\/","name":"NOX ML10 PRO CUP COORP 23 - Revolution Padel Store","isPartOf":{"@id":"https:\/\/revolutionpadelstore.com\/pt-pt\/#website"},"primaryImageOfPage":{"@id":"https:\/\/revolutionpadelstore.com\/pt-pt\/produto\/nox-ml10-pro-cup-coorp-23-5\/#primaryimage"},"image":{"@id":"https:\/\/revolutionpadelstore.com\/pt-pt\/produto\/nox-ml10-pro-cup-coorp-23-5\/#primaryimage"},"thumbnailUrl":"https:\/\/revolutionpadelstore.com\/wp-content\/uploads\/2024\/03\/PML10PCOOR23_1000_1000_1_935b.webp","datePublished":"2024-03-23T16:03:45+00:00","dateModified":"2026-04-01T09:19:38+00:00","description":"Dise\u00f1ada con materiales de calidad, esta nueva pala de p\u00e1del es perfecta para tus juegos polivalentes.","breadcrumb":{"@id":"https:\/\/revolutionpadelstore.com\/pt-pt\/produto\/nox-ml10-pro-cup-coorp-23-5\/#breadcrumb"},"inLanguage":"pt-PT","potentialAction":[{"@type":"ReadAction","target":["https:\/\/revolutionpadelstore.com\/pt-pt\/produto\/nox-ml10-pro-cup-coorp-23-5\/"]}]},{"@type":"ImageObject","inLanguage":"pt-PT","@id":"https:\/\/revolutionpadelstore.com\/pt-pt\/produto\/nox-ml10-pro-cup-coorp-23-5\/#primaryimage","url":"https:\/\/revolutionpadelstore.com\/wp-content\/uploads\/2024\/03\/PML10PCOOR23_1000_1000_1_935b.webp","contentUrl":"https:\/\/revolutionpadelstore.com\/wp-content\/uploads\/2024\/03\/PML10PCOOR23_1000_1000_1_935b.webp","width":1000,"height":1000},{"@type":"BreadcrumbList","@id":"https:\/\/revolutionpadelstore.com\/pt-pt\/produto\/nox-ml10-pro-cup-coorp-23-5\/#breadcrumb","itemListElement":[{"@type":"ListItem","position":1,"name":"Portada","item":"https:\/\/revolutionpadelstore.com\/pt-pt\/"},{"@type":"ListItem","position":2,"name":"Tienda","item":"https:\/\/revolutionpadelstore.com\/pt-pt\/tienda\/"},{"@type":"ListItem","position":3,"name":"NOX ML10 PRO CUP COORP 23"}]},{"@type":"WebSite","@id":"https:\/\/revolutionpadelstore.com\/pt-pt\/#website","url":"https:\/\/revolutionpadelstore.com\/pt-pt\/","name":"Revolution Padel Store","description":"","publisher":{"@id":"https:\/\/revolutionpadelstore.com\/pt-pt\/#organization"},"potentialAction":[{"@type":"SearchAction","target":{"@type":"EntryPoint","urlTemplate":"https:\/\/revolutionpadelstore.com\/pt-pt\/?s={search_term_string}"},"query-input":{"@type":"PropertyValueSpecification","valueRequired":true,"valueName":"search_term_string"}}],"inLanguage":"pt-PT"},{"@type":"Organization","@id":"https:\/\/revolutionpadelstore.com\/pt-pt\/#organization","name":"Revolution Padel Store","url":"https:\/\/revolutionpadelstore.com\/pt-pt\/","logo":{"@type":"ImageObject","inLanguage":"pt-PT","@id":"https:\/\/revolutionpadelstore.com\/pt-pt\/#\/schema\/logo\/image\/","url":"https:\/\/revolutionpadelstore.com\/wp-content\/uploads\/2026\/02\/revolution-padel-store.jpg","contentUrl":"https:\/\/revolutionpadelstore.com\/wp-content\/uploads\/2026\/02\/revolution-padel-store.jpg","width":2000,"height":2000,"caption":"Revolution Padel Store"},"image":{"@id":"https:\/\/revolutionpadelstore.com\/pt-pt\/#\/schema\/logo\/image\/"},"sameAs":["https:\/\/www.instagram.com\/revolutionpadelstore\/"]}]}},"_links":{"self":[{"href":"https:\/\/revolutionpadelstore.com\/pt-pt\/wp-json\/wp\/v2\/product\/20008","targetHints":{"allow":["GET"]}}],"collection":[{"href":"https:\/\/revolutionpadelstore.com\/pt-pt\/wp-json\/wp\/v2\/product"}],"about":[{"href":"https:\/\/revolutionpadelstore.com\/pt-pt\/wp-json\/wp\/v2\/types\/product"}],"replies":[{"embeddable":true,"href":"https:\/\/revolutionpadelstore.com\/pt-pt\/wp-json\/wp\/v2\/comments?post=20008"}],"wp:featuredmedia":[{"embeddable":true,"href":"https:\/\/revolutionpadelstore.com\/pt-pt\/wp-json\/wp\/v2\/media\/51174"}],"wp:attachment":[{"href":"https:\/\/revolutionpadelstore.com\/pt-pt\/wp-json\/wp\/v2\/media?parent=20008"}],"wp:term":[{"taxonomy":"acabado","embeddable":true,"href":"https:\/\/revolutionpadelstore.com\/pt-pt\/wp-json\/wp\/v2\/acabado?post=20008"},{"taxonomy":"balance","embeddable":true,"href":"https:\/\/revolutionpadelstore.com\/pt-pt\/wp-json\/wp\/v2\/balance?post=20008"},{"taxonomy":"dureza","embeddable":true,"href":"https:\/\/revolutionpadelstore.com\/pt-pt\/wp-json\/wp\/v2\/dureza?post=20008"},{"taxonomy":"forma","embeddable":true,"href":"https:\/\/revolutionpadelstore.com\/pt-pt\/wp-json\/wp\/v2\/forma?post=20008"},{"taxonomy":"jugador","embeddable":true,"href":"https:\/\/revolutionpadelstore.com\/pt-pt\/wp-json\/wp\/v2\/jugador?post=20008"},{"taxonomy":"marca","embeddable":true,"href":"https:\/\/revolutionpadelstore.com\/pt-pt\/wp-json\/wp\/v2\/marca?post=20008"},{"taxonomy":"nivel-de-juego","embeddable":true,"href":"https:\/\/revolutionpadelstore.com\/pt-pt\/wp-json\/wp\/v2\/nivel-de-juego?post=20008"},{"taxonomy":"superficie","embeddable":true,"href":"https:\/\/revolutionpadelstore.com\/pt-pt\/wp-json\/wp\/v2\/superficie?post=20008"},{"taxonomy":"tipo-de-juego","embeddable":true,"href":"https:\/\/revolutionpadelstore.com\/pt-pt\/wp-json\/wp\/v2\/tipo-de-juego?post=20008"},{"taxonomy":"product_brand","embeddable":true,"href":"https:\/\/revolutionpadelstore.com\/pt-pt\/wp-json\/wp\/v2\/product_brand?post=20008"},{"taxonomy":"product_cat","embeddable":true,"href":"https:\/\/revolutionpadelstore.com\/pt-pt\/wp-json\/wp\/v2\/product_cat?post=20008"},{"taxonomy":"product_tag","embeddable":true,"href":"https:\/\/revolutionpadelstore.com\/pt-pt\/wp-json\/wp\/v2\/product_tag?post=20008"}],"curies":[{"name":"wp","href":"https:\/\/api.w.org\/{rel}","templated":true}]}}