{"id":198803,"date":"2025-02-26T23:46:24","date_gmt":"2025-02-26T22:46:24","guid":{"rendered":"https:\/\/revolutionpadelstore.com\/joma-master-1000-lady-2502-blanco\/"},"modified":"2026-04-08T06:05:48","modified_gmt":"2026-04-08T04:05:48","slug":"joma-master-1000-lady-2502-blanco-5","status":"publish","type":"product","link":"https:\/\/revolutionpadelstore.com\/pt-pt\/produto\/joma-master-1000-lady-2502-blanco-5\/","title":{"rendered":"JOMA MASTER 1000 LADY 2502 BLANCO"},"content":{"rendered":"<p><H2> Sapatos Padel para mulheres Joma T.Master 1000 Lady 2502 White<br \/>\nO Joma T.Master 1000 2502 Lady \u00e9 o sapato ideal para jogadores que come\u00e7am na raquete e procuram melhorar sua t\u00e9cnica com conforto, prote\u00e7\u00e3o e amortecimento ideal. Projetados para oferecer estabilidade e resist\u00eancia, esses sapatos combinam materiais leves e tecnologias avan\u00e7adas para maximizar o desempenho na pista.<\/p>\n<h2> <strong> caracter\u00edsticas principais <\/strong> <\/h2>\n<p><P>-Design leve e respir\u00e1vel<br \/>\nA parte superior \u00e9 fabricada em semimicrofibra flex\u00edvel com pain\u00e9is de malha Brephable VTS, permitindo a ventila\u00e7\u00e3o ideal e impede o superaquecimento dos p\u00e9s. <\/p>\n<\/p>\n<p>-amortecimento e estabilidade<br \/>\nA entressola do phylon leve absorve os impactos em cada pegada, proporcionando conforto em cada movimento. Al\u00e9m disso, incorpora a tecnologia de prote\u00e7\u00e3o, que refor\u00e7a o lado para maior resist\u00eancia e durabilidade.<\/p>\n<p>-ader\u00eancia m\u00e1xima na pista<br \/>\nA sola de borracha de durabilidade com desenho de pico (argila) oferece uma excelente ader\u00eancia em trilhas escorregadias, permitindo deslizamentos de terra controlados e expuls\u00e3o de areia. <\/p>\n<p><H2> <strong> tecnologias proeminentes <\/strong> <\/h2>\n<p>-borracha de resist\u00eancia \u00e0 altura da durabilidade que atrasa o desgaste da abras\u00e3o.<br \/>\n-Protection -Material injetado que refor\u00e7a o dedo do p\u00e9 e lateral para maior durabilidade.<br \/>\n-Vts -ventilation Sistema que regula a temperatura do p\u00e9 e evita superaquecimento. <\/p>\n<p><H2> <strong> Especifica\u00e7\u00f5es <\/strong> <\/h2>\n<p>-Uso recomendado: treinamento e inicia\u00e7\u00e3o <\/p>\n<p>-corte: semi-fun\u00e7\u00e3o com malha respir\u00e1vel VTS <\/p>\n<p>-meia: fil\u00e3o leve e flex\u00edvel <\/p>\n<p>-sola: borracha de durabilidade com padr\u00e3o de pico <\/p>\n<p>-cor: branco <\/p>\n<p>-Refer\u00eancia: TM10LS2502C <\/p>\n<p><H2> <strong> Obtenha o Joma T.Master 1000 pelo melhor pre\u00e7o <\/strong> <\/h2>\n<p>Descubra o equil\u00edbrio perfeito entre conforto, amortecimento e ader\u00eancia com o <strong> joma t.master 1000 <\/strong>. Perfeito para jogadores que procuram cal\u00e7ados confi\u00e1veis \u200b\u200be dur\u00e1veis \u200b\u200bem seus primeiros passos na raquete. Obtenha-os agora em nossa loja on-line &lt;a href = &quot;https:\/\/chatgpt.com\/g\/g-675432e0268888191b6e6d6f2fdbb15e-timization-textos\/c\/www.<\/p>\n<h2>Zapatillas de P\u00e1del para Mujer Joma T.Master 1000 lady 2502 Blanco<\/h2>\n","protected":false},"excerpt":{"rendered":"<p>O Joma T.Master 1000 2502 Lady \u00e9 o cal\u00e7ado perfeito para jogadores iniciantes na raquete que desejam melhorar sua t\u00e9cnica com conforto, prote\u00e7\u00e3o e excelente amortecimento. Projetados para fornecer estabilidade e durabilidade, esses sapatos integram materiais leves e tecnologia inovadora para otimizar o desempenho na quadra.<\/p>\n","protected":false},"featured_media":197582,"comment_status":"open","ping_status":"closed","template":"","meta":{"_acf_changed":false,"_joinchat":[]},"acabado":[],"balance":[],"dureza":[],"forma":[],"jugador":[1195],"marca":[1225],"nivel-de-juego":[],"superficie":[],"tipo-de-juego":[],"product_brand":[],"product_cat":[833],"product_tag":[],"class_list":{"0":"post-198803","1":"product","2":"type-product","3":"status-publish","4":"has-post-thumbnail","6":"jugador-mulher","7":"marca-joma-pt-pt","8":"product_cat-tenis","10":"first","11":"outofstock","12":"sale","13":"taxable","14":"shipping-taxable","15":"purchasable","16":"product-type-variable"},"acf":[],"yoast_head":"<!-- This site is optimized with the Yoast SEO plugin v27.4 - https:\/\/yoast.com\/product\/yoast-seo-wordpress\/ -->\n<title>JOMA MASTER 1000 LADY 2502 BLANCO - Revolution Padel Store<\/title>\n<meta name=\"description\" content=\"Compra las zapatillas de p\u00e1del para mujer Joma T.Master 1000 con tecnolog\u00eda Durability, VTS y Protection. Comodidad, amortiguaci\u00f3n y agarre al mejor precio en www.revolutionpadelstore.com.\" \/>\n<meta name=\"robots\" content=\"index, follow, max-snippet:-1, max-image-preview:large, max-video-preview:-1\" \/>\n<link rel=\"canonical\" href=\"https:\/\/revolutionpadelstore.com\/pt-pt\/produto\/joma-master-1000-lady-2502-blanco-5\/\" \/>\n<meta property=\"og:locale\" content=\"pt_PT\" \/>\n<meta property=\"og:type\" content=\"article\" \/>\n<meta property=\"og:title\" content=\"JOMA MASTER 1000 LADY 2502 BLANCO - Revolution Padel Store\" \/>\n<meta property=\"og:description\" content=\"Compra las zapatillas de p\u00e1del para mujer Joma T.Master 1000 con tecnolog\u00eda Durability, VTS y Protection. Comodidad, amortiguaci\u00f3n y agarre al mejor precio en www.revolutionpadelstore.com.\" \/>\n<meta property=\"og:url\" content=\"https:\/\/revolutionpadelstore.com\/pt-pt\/produto\/joma-master-1000-lady-2502-blanco-5\/\" \/>\n<meta property=\"og:site_name\" content=\"Revolution Padel Store\" \/>\n<meta property=\"article:modified_time\" content=\"2026-04-08T04:05:48+00:00\" \/>\n<meta property=\"og:image\" content=\"https:\/\/revolutionpadelstore.com\/wp-content\/uploads\/2025\/02\/FOTO-PALAS-7.png\" \/>\n\t<meta property=\"og:image:width\" content=\"1500\" \/>\n\t<meta property=\"og:image:height\" content=\"1500\" \/>\n\t<meta property=\"og:image:type\" content=\"image\/png\" \/>\n<meta name=\"twitter:card\" content=\"summary_large_image\" \/>\n<meta name=\"twitter:label1\" content=\"Tempo estimado de leitura\" \/>\n\t<meta name=\"twitter:data1\" content=\"2 minutos\" \/>\n<script type=\"application\/ld+json\" class=\"yoast-schema-graph\">{\"@context\":\"https:\\\/\\\/schema.org\",\"@graph\":[{\"@type\":\"WebPage\",\"@id\":\"https:\\\/\\\/revolutionpadelstore.com\\\/pt-pt\\\/produto\\\/joma-master-1000-lady-2502-blanco-5\\\/\",\"url\":\"https:\\\/\\\/revolutionpadelstore.com\\\/pt-pt\\\/produto\\\/joma-master-1000-lady-2502-blanco-5\\\/\",\"name\":\"JOMA MASTER 1000 LADY 2502 BLANCO - Revolution Padel Store\",\"isPartOf\":{\"@id\":\"https:\\\/\\\/revolutionpadelstore.com\\\/pt-pt\\\/#website\"},\"primaryImageOfPage\":{\"@id\":\"https:\\\/\\\/revolutionpadelstore.com\\\/pt-pt\\\/produto\\\/joma-master-1000-lady-2502-blanco-5\\\/#primaryimage\"},\"image\":{\"@id\":\"https:\\\/\\\/revolutionpadelstore.com\\\/pt-pt\\\/produto\\\/joma-master-1000-lady-2502-blanco-5\\\/#primaryimage\"},\"thumbnailUrl\":\"https:\\\/\\\/revolutionpadelstore.com\\\/wp-content\\\/uploads\\\/2025\\\/02\\\/FOTO-PALAS-7.png\",\"datePublished\":\"2025-02-26T22:46:24+00:00\",\"dateModified\":\"2026-04-08T04:05:48+00:00\",\"description\":\"Compra las zapatillas de p\u00e1del para mujer Joma T.Master 1000 con tecnolog\u00eda Durability, VTS y Protection. Comodidad, amortiguaci\u00f3n y agarre al mejor precio en www.revolutionpadelstore.com.\",\"breadcrumb\":{\"@id\":\"https:\\\/\\\/revolutionpadelstore.com\\\/pt-pt\\\/produto\\\/joma-master-1000-lady-2502-blanco-5\\\/#breadcrumb\"},\"inLanguage\":\"pt-PT\",\"potentialAction\":[{\"@type\":\"ReadAction\",\"target\":[\"https:\\\/\\\/revolutionpadelstore.com\\\/pt-pt\\\/produto\\\/joma-master-1000-lady-2502-blanco-5\\\/\"]}]},{\"@type\":\"ImageObject\",\"inLanguage\":\"pt-PT\",\"@id\":\"https:\\\/\\\/revolutionpadelstore.com\\\/pt-pt\\\/produto\\\/joma-master-1000-lady-2502-blanco-5\\\/#primaryimage\",\"url\":\"https:\\\/\\\/revolutionpadelstore.com\\\/wp-content\\\/uploads\\\/2025\\\/02\\\/FOTO-PALAS-7.png\",\"contentUrl\":\"https:\\\/\\\/revolutionpadelstore.com\\\/wp-content\\\/uploads\\\/2025\\\/02\\\/FOTO-PALAS-7.png\",\"width\":1500,\"height\":1500},{\"@type\":\"BreadcrumbList\",\"@id\":\"https:\\\/\\\/revolutionpadelstore.com\\\/pt-pt\\\/produto\\\/joma-master-1000-lady-2502-blanco-5\\\/#breadcrumb\",\"itemListElement\":[{\"@type\":\"ListItem\",\"position\":1,\"name\":\"Portada\",\"item\":\"https:\\\/\\\/revolutionpadelstore.com\\\/pt-pt\\\/\"},{\"@type\":\"ListItem\",\"position\":2,\"name\":\"Tienda\",\"item\":\"https:\\\/\\\/revolutionpadelstore.com\\\/pt-pt\\\/tienda\\\/\"},{\"@type\":\"ListItem\",\"position\":3,\"name\":\"JOMA MASTER 1000 LADY 2502 BLANCO\"}]},{\"@type\":\"WebSite\",\"@id\":\"https:\\\/\\\/revolutionpadelstore.com\\\/pt-pt\\\/#website\",\"url\":\"https:\\\/\\\/revolutionpadelstore.com\\\/pt-pt\\\/\",\"name\":\"Revolution Padel Store\",\"description\":\"\",\"publisher\":{\"@id\":\"https:\\\/\\\/revolutionpadelstore.com\\\/pt-pt\\\/#organization\"},\"potentialAction\":[{\"@type\":\"SearchAction\",\"target\":{\"@type\":\"EntryPoint\",\"urlTemplate\":\"https:\\\/\\\/revolutionpadelstore.com\\\/pt-pt\\\/?s={search_term_string}\"},\"query-input\":{\"@type\":\"PropertyValueSpecification\",\"valueRequired\":true,\"valueName\":\"search_term_string\"}}],\"inLanguage\":\"pt-PT\"},{\"@type\":\"Organization\",\"@id\":\"https:\\\/\\\/revolutionpadelstore.com\\\/pt-pt\\\/#organization\",\"name\":\"Revolution Padel Store\",\"url\":\"https:\\\/\\\/revolutionpadelstore.com\\\/pt-pt\\\/\",\"logo\":{\"@type\":\"ImageObject\",\"inLanguage\":\"pt-PT\",\"@id\":\"https:\\\/\\\/revolutionpadelstore.com\\\/pt-pt\\\/#\\\/schema\\\/logo\\\/image\\\/\",\"url\":\"https:\\\/\\\/revolutionpadelstore.com\\\/wp-content\\\/uploads\\\/2026\\\/02\\\/revolution-padel-store.jpg\",\"contentUrl\":\"https:\\\/\\\/revolutionpadelstore.com\\\/wp-content\\\/uploads\\\/2026\\\/02\\\/revolution-padel-store.jpg\",\"width\":2000,\"height\":2000,\"caption\":\"Revolution Padel Store\"},\"image\":{\"@id\":\"https:\\\/\\\/revolutionpadelstore.com\\\/pt-pt\\\/#\\\/schema\\\/logo\\\/image\\\/\"},\"sameAs\":[\"https:\\\/\\\/www.instagram.com\\\/revolutionpadelstore\\\/\"]}]}<\/script>\n<!-- \/ Yoast SEO plugin. -->","yoast_head_json":{"title":"JOMA MASTER 1000 LADY 2502 BLANCO - Revolution Padel Store","description":"Compra las zapatillas de p\u00e1del para mujer Joma T.Master 1000 con tecnolog\u00eda Durability, VTS y Protection. Comodidad, amortiguaci\u00f3n y agarre al mejor precio en www.revolutionpadelstore.com.","robots":{"index":"index","follow":"follow","max-snippet":"max-snippet:-1","max-image-preview":"max-image-preview:large","max-video-preview":"max-video-preview:-1"},"canonical":"https:\/\/revolutionpadelstore.com\/pt-pt\/produto\/joma-master-1000-lady-2502-blanco-5\/","og_locale":"pt_PT","og_type":"article","og_title":"JOMA MASTER 1000 LADY 2502 BLANCO - Revolution Padel Store","og_description":"Compra las zapatillas de p\u00e1del para mujer Joma T.Master 1000 con tecnolog\u00eda Durability, VTS y Protection. Comodidad, amortiguaci\u00f3n y agarre al mejor precio en www.revolutionpadelstore.com.","og_url":"https:\/\/revolutionpadelstore.com\/pt-pt\/produto\/joma-master-1000-lady-2502-blanco-5\/","og_site_name":"Revolution Padel Store","article_modified_time":"2026-04-08T04:05:48+00:00","og_image":[{"width":1500,"height":1500,"url":"https:\/\/revolutionpadelstore.com\/wp-content\/uploads\/2025\/02\/FOTO-PALAS-7.png","type":"image\/png"}],"twitter_card":"summary_large_image","twitter_misc":{"Tempo estimado de leitura":"2 minutos"},"schema":{"@context":"https:\/\/schema.org","@graph":[{"@type":"WebPage","@id":"https:\/\/revolutionpadelstore.com\/pt-pt\/produto\/joma-master-1000-lady-2502-blanco-5\/","url":"https:\/\/revolutionpadelstore.com\/pt-pt\/produto\/joma-master-1000-lady-2502-blanco-5\/","name":"JOMA MASTER 1000 LADY 2502 BLANCO - Revolution Padel Store","isPartOf":{"@id":"https:\/\/revolutionpadelstore.com\/pt-pt\/#website"},"primaryImageOfPage":{"@id":"https:\/\/revolutionpadelstore.com\/pt-pt\/produto\/joma-master-1000-lady-2502-blanco-5\/#primaryimage"},"image":{"@id":"https:\/\/revolutionpadelstore.com\/pt-pt\/produto\/joma-master-1000-lady-2502-blanco-5\/#primaryimage"},"thumbnailUrl":"https:\/\/revolutionpadelstore.com\/wp-content\/uploads\/2025\/02\/FOTO-PALAS-7.png","datePublished":"2025-02-26T22:46:24+00:00","dateModified":"2026-04-08T04:05:48+00:00","description":"Compra las zapatillas de p\u00e1del para mujer Joma T.Master 1000 con tecnolog\u00eda Durability, VTS y Protection. Comodidad, amortiguaci\u00f3n y agarre al mejor precio en www.revolutionpadelstore.com.","breadcrumb":{"@id":"https:\/\/revolutionpadelstore.com\/pt-pt\/produto\/joma-master-1000-lady-2502-blanco-5\/#breadcrumb"},"inLanguage":"pt-PT","potentialAction":[{"@type":"ReadAction","target":["https:\/\/revolutionpadelstore.com\/pt-pt\/produto\/joma-master-1000-lady-2502-blanco-5\/"]}]},{"@type":"ImageObject","inLanguage":"pt-PT","@id":"https:\/\/revolutionpadelstore.com\/pt-pt\/produto\/joma-master-1000-lady-2502-blanco-5\/#primaryimage","url":"https:\/\/revolutionpadelstore.com\/wp-content\/uploads\/2025\/02\/FOTO-PALAS-7.png","contentUrl":"https:\/\/revolutionpadelstore.com\/wp-content\/uploads\/2025\/02\/FOTO-PALAS-7.png","width":1500,"height":1500},{"@type":"BreadcrumbList","@id":"https:\/\/revolutionpadelstore.com\/pt-pt\/produto\/joma-master-1000-lady-2502-blanco-5\/#breadcrumb","itemListElement":[{"@type":"ListItem","position":1,"name":"Portada","item":"https:\/\/revolutionpadelstore.com\/pt-pt\/"},{"@type":"ListItem","position":2,"name":"Tienda","item":"https:\/\/revolutionpadelstore.com\/pt-pt\/tienda\/"},{"@type":"ListItem","position":3,"name":"JOMA MASTER 1000 LADY 2502 BLANCO"}]},{"@type":"WebSite","@id":"https:\/\/revolutionpadelstore.com\/pt-pt\/#website","url":"https:\/\/revolutionpadelstore.com\/pt-pt\/","name":"Revolution Padel Store","description":"","publisher":{"@id":"https:\/\/revolutionpadelstore.com\/pt-pt\/#organization"},"potentialAction":[{"@type":"SearchAction","target":{"@type":"EntryPoint","urlTemplate":"https:\/\/revolutionpadelstore.com\/pt-pt\/?s={search_term_string}"},"query-input":{"@type":"PropertyValueSpecification","valueRequired":true,"valueName":"search_term_string"}}],"inLanguage":"pt-PT"},{"@type":"Organization","@id":"https:\/\/revolutionpadelstore.com\/pt-pt\/#organization","name":"Revolution Padel Store","url":"https:\/\/revolutionpadelstore.com\/pt-pt\/","logo":{"@type":"ImageObject","inLanguage":"pt-PT","@id":"https:\/\/revolutionpadelstore.com\/pt-pt\/#\/schema\/logo\/image\/","url":"https:\/\/revolutionpadelstore.com\/wp-content\/uploads\/2026\/02\/revolution-padel-store.jpg","contentUrl":"https:\/\/revolutionpadelstore.com\/wp-content\/uploads\/2026\/02\/revolution-padel-store.jpg","width":2000,"height":2000,"caption":"Revolution Padel Store"},"image":{"@id":"https:\/\/revolutionpadelstore.com\/pt-pt\/#\/schema\/logo\/image\/"},"sameAs":["https:\/\/www.instagram.com\/revolutionpadelstore\/"]}]}},"_links":{"self":[{"href":"https:\/\/revolutionpadelstore.com\/pt-pt\/wp-json\/wp\/v2\/product\/198803","targetHints":{"allow":["GET"]}}],"collection":[{"href":"https:\/\/revolutionpadelstore.com\/pt-pt\/wp-json\/wp\/v2\/product"}],"about":[{"href":"https:\/\/revolutionpadelstore.com\/pt-pt\/wp-json\/wp\/v2\/types\/product"}],"replies":[{"embeddable":true,"href":"https:\/\/revolutionpadelstore.com\/pt-pt\/wp-json\/wp\/v2\/comments?post=198803"}],"wp:featuredmedia":[{"embeddable":true,"href":"https:\/\/revolutionpadelstore.com\/pt-pt\/wp-json\/wp\/v2\/media\/197582"}],"wp:attachment":[{"href":"https:\/\/revolutionpadelstore.com\/pt-pt\/wp-json\/wp\/v2\/media?parent=198803"}],"wp:term":[{"taxonomy":"acabado","embeddable":true,"href":"https:\/\/revolutionpadelstore.com\/pt-pt\/wp-json\/wp\/v2\/acabado?post=198803"},{"taxonomy":"balance","embeddable":true,"href":"https:\/\/revolutionpadelstore.com\/pt-pt\/wp-json\/wp\/v2\/balance?post=198803"},{"taxonomy":"dureza","embeddable":true,"href":"https:\/\/revolutionpadelstore.com\/pt-pt\/wp-json\/wp\/v2\/dureza?post=198803"},{"taxonomy":"forma","embeddable":true,"href":"https:\/\/revolutionpadelstore.com\/pt-pt\/wp-json\/wp\/v2\/forma?post=198803"},{"taxonomy":"jugador","embeddable":true,"href":"https:\/\/revolutionpadelstore.com\/pt-pt\/wp-json\/wp\/v2\/jugador?post=198803"},{"taxonomy":"marca","embeddable":true,"href":"https:\/\/revolutionpadelstore.com\/pt-pt\/wp-json\/wp\/v2\/marca?post=198803"},{"taxonomy":"nivel-de-juego","embeddable":true,"href":"https:\/\/revolutionpadelstore.com\/pt-pt\/wp-json\/wp\/v2\/nivel-de-juego?post=198803"},{"taxonomy":"superficie","embeddable":true,"href":"https:\/\/revolutionpadelstore.com\/pt-pt\/wp-json\/wp\/v2\/superficie?post=198803"},{"taxonomy":"tipo-de-juego","embeddable":true,"href":"https:\/\/revolutionpadelstore.com\/pt-pt\/wp-json\/wp\/v2\/tipo-de-juego?post=198803"},{"taxonomy":"product_brand","embeddable":true,"href":"https:\/\/revolutionpadelstore.com\/pt-pt\/wp-json\/wp\/v2\/product_brand?post=198803"},{"taxonomy":"product_cat","embeddable":true,"href":"https:\/\/revolutionpadelstore.com\/pt-pt\/wp-json\/wp\/v2\/product_cat?post=198803"},{"taxonomy":"product_tag","embeddable":true,"href":"https:\/\/revolutionpadelstore.com\/pt-pt\/wp-json\/wp\/v2\/product_tag?post=198803"}],"curies":[{"name":"wp","href":"https:\/\/api.w.org\/{rel}","templated":true}]}}