{"id":19853,"date":"2024-03-24T15:13:01","date_gmt":"2024-03-24T14:13:01","guid":{"rendered":"https:\/\/revolutionpadelstore.com\/pala-softee-ranger-fucsia\/"},"modified":"2026-04-01T11:11:49","modified_gmt":"2026-04-01T09:11:49","slug":"pala-softee-ranger-fucsia-5","status":"publish","type":"product","link":"https:\/\/revolutionpadelstore.com\/pt-pt\/produto\/pala-softee-ranger-fucsia-5\/","title":{"rendered":"Pala Softee Ranger Fucsia"},"content":{"rendered":"","protected":false},"excerpt":{"rendered":"<p>Os modelos Ranger s\u00e3o desenhados com formato de diamante e acabamento \u00e1spero que melhora o giro da bola.<br \/>\nEsta raquete \u00e9 feita de fibra de vidro e borracha S8 com um toque mais branco e confort\u00e1vel para jogadores que j\u00e1 dominam o jogo.<\/p>\n<p>Al\u00e9m disso, a l\u00e2mina Ranger possui ponte nervurada, caracter\u00edstica deste modelo. Uma raquete de padel de n\u00edvel m\u00e9dio com excelente desempenho ao jogar.<br \/>\n\u00c9 um dos modelos mais bem recebidos pelos jogadores e adapta-se a todos os tipos de jogos.<\/p>\n","protected":false},"featured_media":3924,"comment_status":"open","ping_status":"closed","template":"","meta":{"_acf_changed":false,"_joinchat":[]},"acabado":[],"balance":[],"dureza":[],"forma":[],"jugador":[1195],"marca":[1245],"nivel-de-juego":[],"superficie":[],"tipo-de-juego":[],"product_brand":[],"product_cat":[300],"product_tag":[],"class_list":{"0":"post-19853","1":"product","2":"type-product","3":"status-publish","4":"has-post-thumbnail","6":"jugador-mulher","7":"marca-softee-pt-pt","8":"product_cat-palas","10":"first","11":"instock","12":"taxable","13":"shipping-taxable","14":"purchasable","15":"product-type-simple"},"acf":[],"yoast_head":"<!-- This site is optimized with the Yoast SEO plugin v27.3 - https:\/\/yoast.com\/product\/yoast-seo-wordpress\/ -->\n<title>Pala Softee Ranger Fucsia - Revolution Padel Store<\/title>\n<meta name=\"description\" content=\"Los modelos Ranger estan disenados con forma de diamante y un acabado rugoso que mejora los efectos de la pelota.Esta pala esta fabricada en fibra de vidrio y una goma S8 con un tacto mas blanco y comodo para jugadores que ya dominan el juego.Ademas la pala Ranger cuenta con un puente nervado, caracteristico en este modelo. Una pala de nivel medio con excelente rendimiento a la hora del juego.Es uno de los modelos con mejor acogida por parte de los jugadores y se adapta a todo tipo de juego.\" \/>\n<meta name=\"robots\" content=\"index, follow, max-snippet:-1, max-image-preview:large, max-video-preview:-1\" \/>\n<link rel=\"canonical\" href=\"https:\/\/revolutionpadelstore.com\/pt-pt\/produto\/pala-softee-ranger-fucsia-5\/\" \/>\n<meta property=\"og:locale\" content=\"pt_PT\" \/>\n<meta property=\"og:type\" content=\"article\" \/>\n<meta property=\"og:title\" content=\"Pala Softee Ranger Fucsia - Revolution Padel Store\" \/>\n<meta property=\"og:description\" content=\"Los modelos Ranger estan disenados con forma de diamante y un acabado rugoso que mejora los efectos de la pelota.Esta pala esta fabricada en fibra de vidrio y una goma S8 con un tacto mas blanco y comodo para jugadores que ya dominan el juego.Ademas la pala Ranger cuenta con un puente nervado, caracteristico en este modelo. Una pala de nivel medio con excelente rendimiento a la hora del juego.Es uno de los modelos con mejor acogida por parte de los jugadores y se adapta a todo tipo de juego.\" \/>\n<meta property=\"og:url\" content=\"https:\/\/revolutionpadelstore.com\/pt-pt\/produto\/pala-softee-ranger-fucsia-5\/\" \/>\n<meta property=\"og:site_name\" content=\"Revolution Padel Store\" \/>\n<meta property=\"article:modified_time\" content=\"2026-04-01T09:11:49+00:00\" \/>\n<meta property=\"og:image\" content=\"https:\/\/revolutionpadelstore.com\/wp-content\/uploads\/2024\/03\/pala-softee-ranger-fucsia-800x800-1.jpg\" \/>\n\t<meta property=\"og:image:width\" content=\"800\" \/>\n\t<meta property=\"og:image:height\" content=\"800\" \/>\n\t<meta property=\"og:image:type\" content=\"image\/jpeg\" \/>\n<meta name=\"twitter:card\" content=\"summary_large_image\" \/>\n<meta name=\"twitter:label1\" content=\"Tempo estimado de leitura\" \/>\n\t<meta name=\"twitter:data1\" content=\"1 minuto\" \/>\n<script type=\"application\/ld+json\" class=\"yoast-schema-graph\">{\"@context\":\"https:\\\/\\\/schema.org\",\"@graph\":[{\"@type\":\"WebPage\",\"@id\":\"https:\\\/\\\/revolutionpadelstore.com\\\/pt-pt\\\/produto\\\/pala-softee-ranger-fucsia-5\\\/\",\"url\":\"https:\\\/\\\/revolutionpadelstore.com\\\/pt-pt\\\/produto\\\/pala-softee-ranger-fucsia-5\\\/\",\"name\":\"Pala Softee Ranger Fucsia - Revolution Padel Store\",\"isPartOf\":{\"@id\":\"https:\\\/\\\/revolutionpadelstore.com\\\/pt-pt\\\/#website\"},\"primaryImageOfPage\":{\"@id\":\"https:\\\/\\\/revolutionpadelstore.com\\\/pt-pt\\\/produto\\\/pala-softee-ranger-fucsia-5\\\/#primaryimage\"},\"image\":{\"@id\":\"https:\\\/\\\/revolutionpadelstore.com\\\/pt-pt\\\/produto\\\/pala-softee-ranger-fucsia-5\\\/#primaryimage\"},\"thumbnailUrl\":\"https:\\\/\\\/revolutionpadelstore.com\\\/wp-content\\\/uploads\\\/2024\\\/03\\\/pala-softee-ranger-fucsia-800x800-1.jpg\",\"datePublished\":\"2024-03-24T14:13:01+00:00\",\"dateModified\":\"2026-04-01T09:11:49+00:00\",\"description\":\"Los modelos Ranger estan disenados con forma de diamante y un acabado rugoso que mejora los efectos de la pelota.Esta pala esta fabricada en fibra de vidrio y una goma S8 con un tacto mas blanco y comodo para jugadores que ya dominan el juego.Ademas la pala Ranger cuenta con un puente nervado, caracteristico en este modelo. Una pala de nivel medio con excelente rendimiento a la hora del juego.Es uno de los modelos con mejor acogida por parte de los jugadores y se adapta a todo tipo de juego.\",\"breadcrumb\":{\"@id\":\"https:\\\/\\\/revolutionpadelstore.com\\\/pt-pt\\\/produto\\\/pala-softee-ranger-fucsia-5\\\/#breadcrumb\"},\"inLanguage\":\"pt-PT\",\"potentialAction\":[{\"@type\":\"ReadAction\",\"target\":[\"https:\\\/\\\/revolutionpadelstore.com\\\/pt-pt\\\/produto\\\/pala-softee-ranger-fucsia-5\\\/\"]}]},{\"@type\":\"ImageObject\",\"inLanguage\":\"pt-PT\",\"@id\":\"https:\\\/\\\/revolutionpadelstore.com\\\/pt-pt\\\/produto\\\/pala-softee-ranger-fucsia-5\\\/#primaryimage\",\"url\":\"https:\\\/\\\/revolutionpadelstore.com\\\/wp-content\\\/uploads\\\/2024\\\/03\\\/pala-softee-ranger-fucsia-800x800-1.jpg\",\"contentUrl\":\"https:\\\/\\\/revolutionpadelstore.com\\\/wp-content\\\/uploads\\\/2024\\\/03\\\/pala-softee-ranger-fucsia-800x800-1.jpg\",\"width\":800,\"height\":800,\"caption\":\"Pala Softee Ranger Fucsia\"},{\"@type\":\"BreadcrumbList\",\"@id\":\"https:\\\/\\\/revolutionpadelstore.com\\\/pt-pt\\\/produto\\\/pala-softee-ranger-fucsia-5\\\/#breadcrumb\",\"itemListElement\":[{\"@type\":\"ListItem\",\"position\":1,\"name\":\"Portada\",\"item\":\"https:\\\/\\\/revolutionpadelstore.com\\\/pt-pt\\\/\"},{\"@type\":\"ListItem\",\"position\":2,\"name\":\"Tienda\",\"item\":\"https:\\\/\\\/revolutionpadelstore.com\\\/pt-pt\\\/tienda\\\/\"},{\"@type\":\"ListItem\",\"position\":3,\"name\":\"Pala Softee Ranger Fucsia\"}]},{\"@type\":\"WebSite\",\"@id\":\"https:\\\/\\\/revolutionpadelstore.com\\\/pt-pt\\\/#website\",\"url\":\"https:\\\/\\\/revolutionpadelstore.com\\\/pt-pt\\\/\",\"name\":\"Revolution Padel Store\",\"description\":\"\",\"publisher\":{\"@id\":\"https:\\\/\\\/revolutionpadelstore.com\\\/pt-pt\\\/#organization\"},\"potentialAction\":[{\"@type\":\"SearchAction\",\"target\":{\"@type\":\"EntryPoint\",\"urlTemplate\":\"https:\\\/\\\/revolutionpadelstore.com\\\/pt-pt\\\/?s={search_term_string}\"},\"query-input\":{\"@type\":\"PropertyValueSpecification\",\"valueRequired\":true,\"valueName\":\"search_term_string\"}}],\"inLanguage\":\"pt-PT\"},{\"@type\":\"Organization\",\"@id\":\"https:\\\/\\\/revolutionpadelstore.com\\\/pt-pt\\\/#organization\",\"name\":\"Revolution Padel Store\",\"url\":\"https:\\\/\\\/revolutionpadelstore.com\\\/pt-pt\\\/\",\"logo\":{\"@type\":\"ImageObject\",\"inLanguage\":\"pt-PT\",\"@id\":\"https:\\\/\\\/revolutionpadelstore.com\\\/pt-pt\\\/#\\\/schema\\\/logo\\\/image\\\/\",\"url\":\"https:\\\/\\\/revolutionpadelstore.com\\\/wp-content\\\/uploads\\\/2026\\\/02\\\/revolution-padel-store.jpg\",\"contentUrl\":\"https:\\\/\\\/revolutionpadelstore.com\\\/wp-content\\\/uploads\\\/2026\\\/02\\\/revolution-padel-store.jpg\",\"width\":2000,\"height\":2000,\"caption\":\"Revolution Padel Store\"},\"image\":{\"@id\":\"https:\\\/\\\/revolutionpadelstore.com\\\/pt-pt\\\/#\\\/schema\\\/logo\\\/image\\\/\"},\"sameAs\":[\"https:\\\/\\\/www.instagram.com\\\/revolutionpadelstore\\\/\"]}]}<\/script>\n<!-- \/ Yoast SEO plugin. -->","yoast_head_json":{"title":"Pala Softee Ranger Fucsia - Revolution Padel Store","description":"Los modelos Ranger estan disenados con forma de diamante y un acabado rugoso que mejora los efectos de la pelota.Esta pala esta fabricada en fibra de vidrio y una goma S8 con un tacto mas blanco y comodo para jugadores que ya dominan el juego.Ademas la pala Ranger cuenta con un puente nervado, caracteristico en este modelo. Una pala de nivel medio con excelente rendimiento a la hora del juego.Es uno de los modelos con mejor acogida por parte de los jugadores y se adapta a todo tipo de juego.","robots":{"index":"index","follow":"follow","max-snippet":"max-snippet:-1","max-image-preview":"max-image-preview:large","max-video-preview":"max-video-preview:-1"},"canonical":"https:\/\/revolutionpadelstore.com\/pt-pt\/produto\/pala-softee-ranger-fucsia-5\/","og_locale":"pt_PT","og_type":"article","og_title":"Pala Softee Ranger Fucsia - Revolution Padel Store","og_description":"Los modelos Ranger estan disenados con forma de diamante y un acabado rugoso que mejora los efectos de la pelota.Esta pala esta fabricada en fibra de vidrio y una goma S8 con un tacto mas blanco y comodo para jugadores que ya dominan el juego.Ademas la pala Ranger cuenta con un puente nervado, caracteristico en este modelo. Una pala de nivel medio con excelente rendimiento a la hora del juego.Es uno de los modelos con mejor acogida por parte de los jugadores y se adapta a todo tipo de juego.","og_url":"https:\/\/revolutionpadelstore.com\/pt-pt\/produto\/pala-softee-ranger-fucsia-5\/","og_site_name":"Revolution Padel Store","article_modified_time":"2026-04-01T09:11:49+00:00","og_image":[{"width":800,"height":800,"url":"https:\/\/revolutionpadelstore.com\/wp-content\/uploads\/2024\/03\/pala-softee-ranger-fucsia-800x800-1.jpg","type":"image\/jpeg"}],"twitter_card":"summary_large_image","twitter_misc":{"Tempo estimado de leitura":"1 minuto"},"schema":{"@context":"https:\/\/schema.org","@graph":[{"@type":"WebPage","@id":"https:\/\/revolutionpadelstore.com\/pt-pt\/produto\/pala-softee-ranger-fucsia-5\/","url":"https:\/\/revolutionpadelstore.com\/pt-pt\/produto\/pala-softee-ranger-fucsia-5\/","name":"Pala Softee Ranger Fucsia - Revolution Padel Store","isPartOf":{"@id":"https:\/\/revolutionpadelstore.com\/pt-pt\/#website"},"primaryImageOfPage":{"@id":"https:\/\/revolutionpadelstore.com\/pt-pt\/produto\/pala-softee-ranger-fucsia-5\/#primaryimage"},"image":{"@id":"https:\/\/revolutionpadelstore.com\/pt-pt\/produto\/pala-softee-ranger-fucsia-5\/#primaryimage"},"thumbnailUrl":"https:\/\/revolutionpadelstore.com\/wp-content\/uploads\/2024\/03\/pala-softee-ranger-fucsia-800x800-1.jpg","datePublished":"2024-03-24T14:13:01+00:00","dateModified":"2026-04-01T09:11:49+00:00","description":"Los modelos Ranger estan disenados con forma de diamante y un acabado rugoso que mejora los efectos de la pelota.Esta pala esta fabricada en fibra de vidrio y una goma S8 con un tacto mas blanco y comodo para jugadores que ya dominan el juego.Ademas la pala Ranger cuenta con un puente nervado, caracteristico en este modelo. Una pala de nivel medio con excelente rendimiento a la hora del juego.Es uno de los modelos con mejor acogida por parte de los jugadores y se adapta a todo tipo de juego.","breadcrumb":{"@id":"https:\/\/revolutionpadelstore.com\/pt-pt\/produto\/pala-softee-ranger-fucsia-5\/#breadcrumb"},"inLanguage":"pt-PT","potentialAction":[{"@type":"ReadAction","target":["https:\/\/revolutionpadelstore.com\/pt-pt\/produto\/pala-softee-ranger-fucsia-5\/"]}]},{"@type":"ImageObject","inLanguage":"pt-PT","@id":"https:\/\/revolutionpadelstore.com\/pt-pt\/produto\/pala-softee-ranger-fucsia-5\/#primaryimage","url":"https:\/\/revolutionpadelstore.com\/wp-content\/uploads\/2024\/03\/pala-softee-ranger-fucsia-800x800-1.jpg","contentUrl":"https:\/\/revolutionpadelstore.com\/wp-content\/uploads\/2024\/03\/pala-softee-ranger-fucsia-800x800-1.jpg","width":800,"height":800,"caption":"Pala Softee Ranger Fucsia"},{"@type":"BreadcrumbList","@id":"https:\/\/revolutionpadelstore.com\/pt-pt\/produto\/pala-softee-ranger-fucsia-5\/#breadcrumb","itemListElement":[{"@type":"ListItem","position":1,"name":"Portada","item":"https:\/\/revolutionpadelstore.com\/pt-pt\/"},{"@type":"ListItem","position":2,"name":"Tienda","item":"https:\/\/revolutionpadelstore.com\/pt-pt\/tienda\/"},{"@type":"ListItem","position":3,"name":"Pala Softee Ranger Fucsia"}]},{"@type":"WebSite","@id":"https:\/\/revolutionpadelstore.com\/pt-pt\/#website","url":"https:\/\/revolutionpadelstore.com\/pt-pt\/","name":"Revolution Padel Store","description":"","publisher":{"@id":"https:\/\/revolutionpadelstore.com\/pt-pt\/#organization"},"potentialAction":[{"@type":"SearchAction","target":{"@type":"EntryPoint","urlTemplate":"https:\/\/revolutionpadelstore.com\/pt-pt\/?s={search_term_string}"},"query-input":{"@type":"PropertyValueSpecification","valueRequired":true,"valueName":"search_term_string"}}],"inLanguage":"pt-PT"},{"@type":"Organization","@id":"https:\/\/revolutionpadelstore.com\/pt-pt\/#organization","name":"Revolution Padel Store","url":"https:\/\/revolutionpadelstore.com\/pt-pt\/","logo":{"@type":"ImageObject","inLanguage":"pt-PT","@id":"https:\/\/revolutionpadelstore.com\/pt-pt\/#\/schema\/logo\/image\/","url":"https:\/\/revolutionpadelstore.com\/wp-content\/uploads\/2026\/02\/revolution-padel-store.jpg","contentUrl":"https:\/\/revolutionpadelstore.com\/wp-content\/uploads\/2026\/02\/revolution-padel-store.jpg","width":2000,"height":2000,"caption":"Revolution Padel Store"},"image":{"@id":"https:\/\/revolutionpadelstore.com\/pt-pt\/#\/schema\/logo\/image\/"},"sameAs":["https:\/\/www.instagram.com\/revolutionpadelstore\/"]}]}},"_links":{"self":[{"href":"https:\/\/revolutionpadelstore.com\/pt-pt\/wp-json\/wp\/v2\/product\/19853","targetHints":{"allow":["GET"]}}],"collection":[{"href":"https:\/\/revolutionpadelstore.com\/pt-pt\/wp-json\/wp\/v2\/product"}],"about":[{"href":"https:\/\/revolutionpadelstore.com\/pt-pt\/wp-json\/wp\/v2\/types\/product"}],"replies":[{"embeddable":true,"href":"https:\/\/revolutionpadelstore.com\/pt-pt\/wp-json\/wp\/v2\/comments?post=19853"}],"wp:featuredmedia":[{"embeddable":true,"href":"https:\/\/revolutionpadelstore.com\/pt-pt\/wp-json\/wp\/v2\/media\/3924"}],"wp:attachment":[{"href":"https:\/\/revolutionpadelstore.com\/pt-pt\/wp-json\/wp\/v2\/media?parent=19853"}],"wp:term":[{"taxonomy":"acabado","embeddable":true,"href":"https:\/\/revolutionpadelstore.com\/pt-pt\/wp-json\/wp\/v2\/acabado?post=19853"},{"taxonomy":"balance","embeddable":true,"href":"https:\/\/revolutionpadelstore.com\/pt-pt\/wp-json\/wp\/v2\/balance?post=19853"},{"taxonomy":"dureza","embeddable":true,"href":"https:\/\/revolutionpadelstore.com\/pt-pt\/wp-json\/wp\/v2\/dureza?post=19853"},{"taxonomy":"forma","embeddable":true,"href":"https:\/\/revolutionpadelstore.com\/pt-pt\/wp-json\/wp\/v2\/forma?post=19853"},{"taxonomy":"jugador","embeddable":true,"href":"https:\/\/revolutionpadelstore.com\/pt-pt\/wp-json\/wp\/v2\/jugador?post=19853"},{"taxonomy":"marca","embeddable":true,"href":"https:\/\/revolutionpadelstore.com\/pt-pt\/wp-json\/wp\/v2\/marca?post=19853"},{"taxonomy":"nivel-de-juego","embeddable":true,"href":"https:\/\/revolutionpadelstore.com\/pt-pt\/wp-json\/wp\/v2\/nivel-de-juego?post=19853"},{"taxonomy":"superficie","embeddable":true,"href":"https:\/\/revolutionpadelstore.com\/pt-pt\/wp-json\/wp\/v2\/superficie?post=19853"},{"taxonomy":"tipo-de-juego","embeddable":true,"href":"https:\/\/revolutionpadelstore.com\/pt-pt\/wp-json\/wp\/v2\/tipo-de-juego?post=19853"},{"taxonomy":"product_brand","embeddable":true,"href":"https:\/\/revolutionpadelstore.com\/pt-pt\/wp-json\/wp\/v2\/product_brand?post=19853"},{"taxonomy":"product_cat","embeddable":true,"href":"https:\/\/revolutionpadelstore.com\/pt-pt\/wp-json\/wp\/v2\/product_cat?post=19853"},{"taxonomy":"product_tag","embeddable":true,"href":"https:\/\/revolutionpadelstore.com\/pt-pt\/wp-json\/wp\/v2\/product_tag?post=19853"}],"curies":[{"name":"wp","href":"https:\/\/api.w.org\/{rel}","templated":true}]}}