{"id":198477,"date":"2025-03-04T13:56:45","date_gmt":"2025-03-04T12:56:45","guid":{"rendered":"https:\/\/revolutionpadelstore.com\/head-motion-pro-padel-women-aqte\/"},"modified":"2026-04-08T05:56:57","modified_gmt":"2026-04-08T03:56:57","slug":"head-motion-pro-padel-women-aqte-5","status":"publish","type":"product","link":"https:\/\/revolutionpadelstore.com\/pt-pt\/produto\/head-motion-pro-padel-women-aqte-5\/","title":{"rendered":"HEAD MOTION PRO PADEL WOMEN AQTE"},"content":{"rendered":"<p><H2> Head Motion Pro Padel Women &#8211; Lightness, Stability and Maximum Grip Shoes<br \/>\nDescubra a nova mulher <strong> Head Motion Pro Padel <\/strong>, os primeiros sapatos de cabe\u00e7a projetados especificamente para a raquete. Desenvolvidos em colabora\u00e7\u00e3o com jogadores profissionais, esses sapatos oferecem um movimento <strong> 360 graus <\/strong>, estabilidade e respirabilidade m\u00e1xima sem comprometer a leveza.<br \/>\n<H2> Tecnologia e desempenho em cada etapa<br \/>\n<P>-Sole otimizada para Padel: O padr\u00e3o \u00fanico avan\u00e7ado foi testado com Mondo, fornecedor oficial do World Padel Tour, garantindo uma ader\u00eancia mais alta em todas as dire\u00e7\u00f5es.<br \/>\n-Lite Casting: A tecnologia Dynafoam em Entresuela incorpora c\u00e9lulas a\u00e9reas para oferecer um retorno excepcional de energia e uma sensa\u00e7\u00e3o de leveza.<br \/>\n-Estudo total: a combina\u00e7\u00e3o de uma cana de poliuretano termopl\u00e1stica (TPU), a parte superior e o controle da tecnologia lateral+ melhora a sujei\u00e7\u00e3o em movimentos laterais r\u00e1pidos.<br \/>\n-Maxima respirabilidade: a malha ventilada junto com um sistema de refrigera\u00e7\u00e3o mant\u00e9m o p\u00e9 fresco, mesmo nas partidas mais intensas.<br \/>\n-Alcetina Tipo: sua estrutura el\u00e1stica se adapta perfeitamente ao p\u00e9, proporcionando conforto e sujei\u00e7\u00e3o do primeiro uso. <\/p>\n<h2> estilo e exclusividade na pista <\/h2>\n<p>O design da mulher <strong> Head Motion Pro Padel <\/strong> n\u00e3o passa despercebida. Sua est\u00e9tica moderna e o logotipo da cabe\u00e7a em tamanho grande refletem inova\u00e7\u00e3o e dinamismo, perfeitos para jogadores que buscam um equil\u00edbrio entre desempenho e estilo.<br \/>\n<H2> Por que escolher a mulher da Head Motion Pro Padel?<br \/>\n<P> <strong> desenvolvido com jogadores profissionais <\/strong> para um desempenho ideal. <\/p>\n<p>&lt;p style = &quot;preenchimento-esquerda: 40px;&quot;<br \/>\n&lt;P style = &quot;preenchimento-esquerda: 40px;&quot;<br \/>\n&lt;p style = &quot;preenchimento-esquerda: 40px;&quot;<br \/>\n<strong> Agora, obtenha a mulher do Head Motion Pro Padel em nossa loja on-line &lt;a href = &quot;https:\/\/chatgpt.com\/g\/g-675432e02688191b6ee6d6f2fdbb15e-optimization-textos\/c\/wwww.revutionpadelStore.coms. <\/strong><\/p>\n","protected":false},"excerpt":{"rendered":"<p>Projetado para se ajustar \u00e0s demandas dos jogadores de paddle mais ativos, o Head Motion Pro Padel possui uma sola de hybrassion+borracha, controle de tecnologia lateral e uma sola especializada da pobreza.<\/p>\n","protected":false},"featured_media":198428,"comment_status":"open","ping_status":"closed","template":"","meta":{"_acf_changed":false,"_joinchat":[]},"acabado":[],"balance":[],"dureza":[],"forma":[],"jugador":[1195],"marca":[1220],"nivel-de-juego":[],"superficie":[],"tipo-de-juego":[],"product_brand":[],"product_cat":[833],"product_tag":[],"class_list":{"0":"post-198477","1":"product","2":"type-product","3":"status-publish","4":"has-post-thumbnail","6":"jugador-mulher","7":"marca-cabeca","8":"product_cat-tenis","10":"first","11":"outofstock","12":"sale","13":"taxable","14":"shipping-taxable","15":"purchasable","16":"product-type-variable"},"acf":[],"yoast_head":"<!-- This site is optimized with the Yoast SEO plugin v27.4 - https:\/\/yoast.com\/product\/yoast-seo-wordpress\/ -->\n<title>HEAD MOTION PRO PADEL WOMEN AQTE - Revolution Padel Store<\/title>\n<meta name=\"description\" content=\"Descubre las nuevas HEAD MOTION PRO PADEL MUJER, dise\u00f1adas con tecnolog\u00eda de \u00e9lite para un agarre superior, estabilidad y transpirabilidad. \u00a1C\u00f3mpralas en nuestra tienda online!\" \/>\n<meta name=\"robots\" content=\"index, follow, max-snippet:-1, max-image-preview:large, max-video-preview:-1\" \/>\n<link rel=\"canonical\" href=\"https:\/\/revolutionpadelstore.com\/pt-pt\/produto\/head-motion-pro-padel-women-aqte-5\/\" \/>\n<meta property=\"og:locale\" content=\"pt_PT\" \/>\n<meta property=\"og:type\" content=\"article\" \/>\n<meta property=\"og:title\" content=\"HEAD MOTION PRO PADEL WOMEN AQTE - Revolution Padel Store\" \/>\n<meta property=\"og:description\" content=\"Descubre las nuevas HEAD MOTION PRO PADEL MUJER, dise\u00f1adas con tecnolog\u00eda de \u00e9lite para un agarre superior, estabilidad y transpirabilidad. \u00a1C\u00f3mpralas en nuestra tienda online!\" \/>\n<meta property=\"og:url\" content=\"https:\/\/revolutionpadelstore.com\/pt-pt\/produto\/head-motion-pro-padel-women-aqte-5\/\" \/>\n<meta property=\"og:site_name\" content=\"Revolution Padel Store\" \/>\n<meta property=\"article:modified_time\" content=\"2026-04-08T03:56:57+00:00\" \/>\n<meta property=\"og:image\" content=\"https:\/\/revolutionpadelstore.com\/wp-content\/uploads\/2025\/03\/480813.jpg\" \/>\n\t<meta property=\"og:image:width\" content=\"1000\" \/>\n\t<meta property=\"og:image:height\" content=\"1000\" \/>\n\t<meta property=\"og:image:type\" content=\"image\/jpeg\" \/>\n<meta name=\"twitter:card\" content=\"summary_large_image\" \/>\n<meta name=\"twitter:label1\" content=\"Tempo estimado de leitura\" \/>\n\t<meta name=\"twitter:data1\" content=\"2 minutos\" \/>\n<script type=\"application\/ld+json\" class=\"yoast-schema-graph\">{\"@context\":\"https:\\\/\\\/schema.org\",\"@graph\":[{\"@type\":\"WebPage\",\"@id\":\"https:\\\/\\\/revolutionpadelstore.com\\\/pt-pt\\\/produto\\\/head-motion-pro-padel-women-aqte-5\\\/\",\"url\":\"https:\\\/\\\/revolutionpadelstore.com\\\/pt-pt\\\/produto\\\/head-motion-pro-padel-women-aqte-5\\\/\",\"name\":\"HEAD MOTION PRO PADEL WOMEN AQTE - Revolution Padel Store\",\"isPartOf\":{\"@id\":\"https:\\\/\\\/revolutionpadelstore.com\\\/pt-pt\\\/#website\"},\"primaryImageOfPage\":{\"@id\":\"https:\\\/\\\/revolutionpadelstore.com\\\/pt-pt\\\/produto\\\/head-motion-pro-padel-women-aqte-5\\\/#primaryimage\"},\"image\":{\"@id\":\"https:\\\/\\\/revolutionpadelstore.com\\\/pt-pt\\\/produto\\\/head-motion-pro-padel-women-aqte-5\\\/#primaryimage\"},\"thumbnailUrl\":\"https:\\\/\\\/revolutionpadelstore.com\\\/wp-content\\\/uploads\\\/2025\\\/03\\\/480813.jpg\",\"datePublished\":\"2025-03-04T12:56:45+00:00\",\"dateModified\":\"2026-04-08T03:56:57+00:00\",\"description\":\"Descubre las nuevas HEAD MOTION PRO PADEL MUJER, dise\u00f1adas con tecnolog\u00eda de \u00e9lite para un agarre superior, estabilidad y transpirabilidad. \u00a1C\u00f3mpralas en nuestra tienda online!\",\"breadcrumb\":{\"@id\":\"https:\\\/\\\/revolutionpadelstore.com\\\/pt-pt\\\/produto\\\/head-motion-pro-padel-women-aqte-5\\\/#breadcrumb\"},\"inLanguage\":\"pt-PT\",\"potentialAction\":[{\"@type\":\"ReadAction\",\"target\":[\"https:\\\/\\\/revolutionpadelstore.com\\\/pt-pt\\\/produto\\\/head-motion-pro-padel-women-aqte-5\\\/\"]}]},{\"@type\":\"ImageObject\",\"inLanguage\":\"pt-PT\",\"@id\":\"https:\\\/\\\/revolutionpadelstore.com\\\/pt-pt\\\/produto\\\/head-motion-pro-padel-women-aqte-5\\\/#primaryimage\",\"url\":\"https:\\\/\\\/revolutionpadelstore.com\\\/wp-content\\\/uploads\\\/2025\\\/03\\\/480813.jpg\",\"contentUrl\":\"https:\\\/\\\/revolutionpadelstore.com\\\/wp-content\\\/uploads\\\/2025\\\/03\\\/480813.jpg\",\"width\":1000,\"height\":1000},{\"@type\":\"BreadcrumbList\",\"@id\":\"https:\\\/\\\/revolutionpadelstore.com\\\/pt-pt\\\/produto\\\/head-motion-pro-padel-women-aqte-5\\\/#breadcrumb\",\"itemListElement\":[{\"@type\":\"ListItem\",\"position\":1,\"name\":\"Portada\",\"item\":\"https:\\\/\\\/revolutionpadelstore.com\\\/pt-pt\\\/\"},{\"@type\":\"ListItem\",\"position\":2,\"name\":\"Tienda\",\"item\":\"https:\\\/\\\/revolutionpadelstore.com\\\/pt-pt\\\/tienda\\\/\"},{\"@type\":\"ListItem\",\"position\":3,\"name\":\"HEAD MOTION PRO PADEL WOMEN AQTE\"}]},{\"@type\":\"WebSite\",\"@id\":\"https:\\\/\\\/revolutionpadelstore.com\\\/pt-pt\\\/#website\",\"url\":\"https:\\\/\\\/revolutionpadelstore.com\\\/pt-pt\\\/\",\"name\":\"Revolution Padel Store\",\"description\":\"\",\"publisher\":{\"@id\":\"https:\\\/\\\/revolutionpadelstore.com\\\/pt-pt\\\/#organization\"},\"potentialAction\":[{\"@type\":\"SearchAction\",\"target\":{\"@type\":\"EntryPoint\",\"urlTemplate\":\"https:\\\/\\\/revolutionpadelstore.com\\\/pt-pt\\\/?s={search_term_string}\"},\"query-input\":{\"@type\":\"PropertyValueSpecification\",\"valueRequired\":true,\"valueName\":\"search_term_string\"}}],\"inLanguage\":\"pt-PT\"},{\"@type\":\"Organization\",\"@id\":\"https:\\\/\\\/revolutionpadelstore.com\\\/pt-pt\\\/#organization\",\"name\":\"Revolution Padel Store\",\"url\":\"https:\\\/\\\/revolutionpadelstore.com\\\/pt-pt\\\/\",\"logo\":{\"@type\":\"ImageObject\",\"inLanguage\":\"pt-PT\",\"@id\":\"https:\\\/\\\/revolutionpadelstore.com\\\/pt-pt\\\/#\\\/schema\\\/logo\\\/image\\\/\",\"url\":\"https:\\\/\\\/revolutionpadelstore.com\\\/wp-content\\\/uploads\\\/2026\\\/02\\\/revolution-padel-store.jpg\",\"contentUrl\":\"https:\\\/\\\/revolutionpadelstore.com\\\/wp-content\\\/uploads\\\/2026\\\/02\\\/revolution-padel-store.jpg\",\"width\":2000,\"height\":2000,\"caption\":\"Revolution Padel Store\"},\"image\":{\"@id\":\"https:\\\/\\\/revolutionpadelstore.com\\\/pt-pt\\\/#\\\/schema\\\/logo\\\/image\\\/\"},\"sameAs\":[\"https:\\\/\\\/www.instagram.com\\\/revolutionpadelstore\\\/\"]}]}<\/script>\n<!-- \/ Yoast SEO plugin. -->","yoast_head_json":{"title":"HEAD MOTION PRO PADEL WOMEN AQTE - Revolution Padel Store","description":"Descubre las nuevas HEAD MOTION PRO PADEL MUJER, dise\u00f1adas con tecnolog\u00eda de \u00e9lite para un agarre superior, estabilidad y transpirabilidad. \u00a1C\u00f3mpralas en nuestra tienda online!","robots":{"index":"index","follow":"follow","max-snippet":"max-snippet:-1","max-image-preview":"max-image-preview:large","max-video-preview":"max-video-preview:-1"},"canonical":"https:\/\/revolutionpadelstore.com\/pt-pt\/produto\/head-motion-pro-padel-women-aqte-5\/","og_locale":"pt_PT","og_type":"article","og_title":"HEAD MOTION PRO PADEL WOMEN AQTE - Revolution Padel Store","og_description":"Descubre las nuevas HEAD MOTION PRO PADEL MUJER, dise\u00f1adas con tecnolog\u00eda de \u00e9lite para un agarre superior, estabilidad y transpirabilidad. \u00a1C\u00f3mpralas en nuestra tienda online!","og_url":"https:\/\/revolutionpadelstore.com\/pt-pt\/produto\/head-motion-pro-padel-women-aqte-5\/","og_site_name":"Revolution Padel Store","article_modified_time":"2026-04-08T03:56:57+00:00","og_image":[{"width":1000,"height":1000,"url":"https:\/\/revolutionpadelstore.com\/wp-content\/uploads\/2025\/03\/480813.jpg","type":"image\/jpeg"}],"twitter_card":"summary_large_image","twitter_misc":{"Tempo estimado de leitura":"2 minutos"},"schema":{"@context":"https:\/\/schema.org","@graph":[{"@type":"WebPage","@id":"https:\/\/revolutionpadelstore.com\/pt-pt\/produto\/head-motion-pro-padel-women-aqte-5\/","url":"https:\/\/revolutionpadelstore.com\/pt-pt\/produto\/head-motion-pro-padel-women-aqte-5\/","name":"HEAD MOTION PRO PADEL WOMEN AQTE - Revolution Padel Store","isPartOf":{"@id":"https:\/\/revolutionpadelstore.com\/pt-pt\/#website"},"primaryImageOfPage":{"@id":"https:\/\/revolutionpadelstore.com\/pt-pt\/produto\/head-motion-pro-padel-women-aqte-5\/#primaryimage"},"image":{"@id":"https:\/\/revolutionpadelstore.com\/pt-pt\/produto\/head-motion-pro-padel-women-aqte-5\/#primaryimage"},"thumbnailUrl":"https:\/\/revolutionpadelstore.com\/wp-content\/uploads\/2025\/03\/480813.jpg","datePublished":"2025-03-04T12:56:45+00:00","dateModified":"2026-04-08T03:56:57+00:00","description":"Descubre las nuevas HEAD MOTION PRO PADEL MUJER, dise\u00f1adas con tecnolog\u00eda de \u00e9lite para un agarre superior, estabilidad y transpirabilidad. \u00a1C\u00f3mpralas en nuestra tienda online!","breadcrumb":{"@id":"https:\/\/revolutionpadelstore.com\/pt-pt\/produto\/head-motion-pro-padel-women-aqte-5\/#breadcrumb"},"inLanguage":"pt-PT","potentialAction":[{"@type":"ReadAction","target":["https:\/\/revolutionpadelstore.com\/pt-pt\/produto\/head-motion-pro-padel-women-aqte-5\/"]}]},{"@type":"ImageObject","inLanguage":"pt-PT","@id":"https:\/\/revolutionpadelstore.com\/pt-pt\/produto\/head-motion-pro-padel-women-aqte-5\/#primaryimage","url":"https:\/\/revolutionpadelstore.com\/wp-content\/uploads\/2025\/03\/480813.jpg","contentUrl":"https:\/\/revolutionpadelstore.com\/wp-content\/uploads\/2025\/03\/480813.jpg","width":1000,"height":1000},{"@type":"BreadcrumbList","@id":"https:\/\/revolutionpadelstore.com\/pt-pt\/produto\/head-motion-pro-padel-women-aqte-5\/#breadcrumb","itemListElement":[{"@type":"ListItem","position":1,"name":"Portada","item":"https:\/\/revolutionpadelstore.com\/pt-pt\/"},{"@type":"ListItem","position":2,"name":"Tienda","item":"https:\/\/revolutionpadelstore.com\/pt-pt\/tienda\/"},{"@type":"ListItem","position":3,"name":"HEAD MOTION PRO PADEL WOMEN AQTE"}]},{"@type":"WebSite","@id":"https:\/\/revolutionpadelstore.com\/pt-pt\/#website","url":"https:\/\/revolutionpadelstore.com\/pt-pt\/","name":"Revolution Padel Store","description":"","publisher":{"@id":"https:\/\/revolutionpadelstore.com\/pt-pt\/#organization"},"potentialAction":[{"@type":"SearchAction","target":{"@type":"EntryPoint","urlTemplate":"https:\/\/revolutionpadelstore.com\/pt-pt\/?s={search_term_string}"},"query-input":{"@type":"PropertyValueSpecification","valueRequired":true,"valueName":"search_term_string"}}],"inLanguage":"pt-PT"},{"@type":"Organization","@id":"https:\/\/revolutionpadelstore.com\/pt-pt\/#organization","name":"Revolution Padel Store","url":"https:\/\/revolutionpadelstore.com\/pt-pt\/","logo":{"@type":"ImageObject","inLanguage":"pt-PT","@id":"https:\/\/revolutionpadelstore.com\/pt-pt\/#\/schema\/logo\/image\/","url":"https:\/\/revolutionpadelstore.com\/wp-content\/uploads\/2026\/02\/revolution-padel-store.jpg","contentUrl":"https:\/\/revolutionpadelstore.com\/wp-content\/uploads\/2026\/02\/revolution-padel-store.jpg","width":2000,"height":2000,"caption":"Revolution Padel Store"},"image":{"@id":"https:\/\/revolutionpadelstore.com\/pt-pt\/#\/schema\/logo\/image\/"},"sameAs":["https:\/\/www.instagram.com\/revolutionpadelstore\/"]}]}},"_links":{"self":[{"href":"https:\/\/revolutionpadelstore.com\/pt-pt\/wp-json\/wp\/v2\/product\/198477","targetHints":{"allow":["GET"]}}],"collection":[{"href":"https:\/\/revolutionpadelstore.com\/pt-pt\/wp-json\/wp\/v2\/product"}],"about":[{"href":"https:\/\/revolutionpadelstore.com\/pt-pt\/wp-json\/wp\/v2\/types\/product"}],"replies":[{"embeddable":true,"href":"https:\/\/revolutionpadelstore.com\/pt-pt\/wp-json\/wp\/v2\/comments?post=198477"}],"wp:featuredmedia":[{"embeddable":true,"href":"https:\/\/revolutionpadelstore.com\/pt-pt\/wp-json\/wp\/v2\/media\/198428"}],"wp:attachment":[{"href":"https:\/\/revolutionpadelstore.com\/pt-pt\/wp-json\/wp\/v2\/media?parent=198477"}],"wp:term":[{"taxonomy":"acabado","embeddable":true,"href":"https:\/\/revolutionpadelstore.com\/pt-pt\/wp-json\/wp\/v2\/acabado?post=198477"},{"taxonomy":"balance","embeddable":true,"href":"https:\/\/revolutionpadelstore.com\/pt-pt\/wp-json\/wp\/v2\/balance?post=198477"},{"taxonomy":"dureza","embeddable":true,"href":"https:\/\/revolutionpadelstore.com\/pt-pt\/wp-json\/wp\/v2\/dureza?post=198477"},{"taxonomy":"forma","embeddable":true,"href":"https:\/\/revolutionpadelstore.com\/pt-pt\/wp-json\/wp\/v2\/forma?post=198477"},{"taxonomy":"jugador","embeddable":true,"href":"https:\/\/revolutionpadelstore.com\/pt-pt\/wp-json\/wp\/v2\/jugador?post=198477"},{"taxonomy":"marca","embeddable":true,"href":"https:\/\/revolutionpadelstore.com\/pt-pt\/wp-json\/wp\/v2\/marca?post=198477"},{"taxonomy":"nivel-de-juego","embeddable":true,"href":"https:\/\/revolutionpadelstore.com\/pt-pt\/wp-json\/wp\/v2\/nivel-de-juego?post=198477"},{"taxonomy":"superficie","embeddable":true,"href":"https:\/\/revolutionpadelstore.com\/pt-pt\/wp-json\/wp\/v2\/superficie?post=198477"},{"taxonomy":"tipo-de-juego","embeddable":true,"href":"https:\/\/revolutionpadelstore.com\/pt-pt\/wp-json\/wp\/v2\/tipo-de-juego?post=198477"},{"taxonomy":"product_brand","embeddable":true,"href":"https:\/\/revolutionpadelstore.com\/pt-pt\/wp-json\/wp\/v2\/product_brand?post=198477"},{"taxonomy":"product_cat","embeddable":true,"href":"https:\/\/revolutionpadelstore.com\/pt-pt\/wp-json\/wp\/v2\/product_cat?post=198477"},{"taxonomy":"product_tag","embeddable":true,"href":"https:\/\/revolutionpadelstore.com\/pt-pt\/wp-json\/wp\/v2\/product_tag?post=198477"}],"curies":[{"name":"wp","href":"https:\/\/api.w.org\/{rel}","templated":true}]}}