{"id":198294,"date":"2025-03-03T00:07:44","date_gmt":"2025-03-02T23:07:44","guid":{"rendered":"https:\/\/revolutionpadelstore.com\/head-sprint-team-3-5-clay-men-dgbn\/"},"modified":"2026-04-08T05:59:37","modified_gmt":"2026-04-08T03:59:37","slug":"head-sprint-team-3-5-clay-men-dgbn-5","status":"publish","type":"product","link":"https:\/\/revolutionpadelstore.com\/pt-pt\/produto\/head-sprint-team-3-5-clay-men-dgbn-5\/","title":{"rendered":"HEAD SPRINT TEAM 3.5 CLAY MEN DGBN"},"content":{"rendered":"<p><H2> Equipe de sprint de cabe\u00e7a 3.5 Clay Grey Man &#8211; Lightness and Upper Grip <\/h2>\n<p>O <strong> Head Sprint Team 3.5 Clay <\/strong> s\u00e3o os sapatos perfeitos para jogadores que buscam conforto, respirabilidade e design moderno sem comprometer o desempenho. Este modelo <strong> Head 2024 <\/strong> combina a tecnologia avan\u00e7ada e os materiais de alta qualidade <\/strong>, garantindo um piso est\u00e1vel e uma excelente tra\u00e7\u00e3o de pista.<br \/>\n<H2> <strong> Vantagens da equipe de sprint de cabe\u00e7a 3.5 Clay <\/strong> <\/h2>\n<p>-respirabilidade e conforto: fabricado com tecido de malha ultraleve para ventila\u00e7\u00e3o ideal e redu\u00e7\u00e3o de umidade.<br \/>\n-Rerending: Drift Defense Technology no meio e a ponta do p\u00e9 aumenta a resist\u00eancia ao desgaste.<br \/>\n-Maximo Grip sobre pistas de terra batidas: Spike Sole (Clay) que oferece uma tra\u00e7\u00e3o mais alta em cada movimento.<br \/>\n-Mayor Estabilidade: O controle da tecnologia lateral melhora o suporte lateral em deslocamentos r\u00e1pidos e intensos.<br \/>\n-S certeza: Sistema de correia de bloqueio, que mant\u00e9m um p\u00e9 firme e est\u00e1vel dentro do sapato.<br \/>\n-Resist\u00eancia melhorada: sola com hibrass\u00e3o+ borracha para maior durabilidade e tra\u00e7\u00e3o da pista. <\/p>\n<p><H2> <strong> Especifica\u00e7\u00f5es t\u00e9cnicas <\/strong> <\/h2>\n<p> <strong> -marca: <\/strong> cabe\u00e7a <\/p>\n<p><P> <strong> -model: <\/strong> Sprint Team 3.5 Clay <\/p>\n<p><P> <strong> -genero: <\/strong> Man <\/p>\n<p><P> <strong> -Color: <\/strong> cinza <\/p>\n<p>&lt;P style = &quot;preenchimento-esquerda: 40px;&quot;<br \/>\n&lt;p style = &quot;preenchimento-esquerda: 40px;&quot;<\/p>\n<p> <strong> -thi<\/p>\n<p><H2> <strong> Quem s\u00e3o esses sapatos?<br \/>\nIdeal para jogadores de todos os n\u00edveis que procuram <strong> agilidade, apoio e conforto <\/strong> em seus jogos de remo. Seu design leve e respir\u00e1vel os torna uma excelente op\u00e7\u00e3o para quem se destaca por seu dinamismo na pista.<\/p>\n<p><strong> N\u00e3o espere mais!<\/p>\n<h2>Head Sprint Team 3.5 Clay Hombre Gris \u2013 Ligereza y agarre superior<\/h2>\n","protected":false},"excerpt":{"rendered":"<p>Padel Shoes for Men <strong> Equipe de sprint de cabe\u00e7a 3.5 Clay <\/strong>, projetada com Spike Sole para uma ader\u00eancia excepcional na pista. Ideal para jogadores de todos os n\u00edveis, se destacem por sua leveza e um design moderno e atraente.<strong>Head Sprint Team 3.5 Clay<\/strong><\/p>\n","protected":false},"featured_media":198103,"comment_status":"open","ping_status":"closed","template":"","meta":{"_acf_changed":false,"_joinchat":[]},"acabado":[],"balance":[],"dureza":[],"forma":[],"jugador":[1190],"marca":[1220],"nivel-de-juego":[],"superficie":[],"tipo-de-juego":[],"product_brand":[],"product_cat":[833],"product_tag":[],"class_list":{"0":"post-198294","1":"product","2":"type-product","3":"status-publish","4":"has-post-thumbnail","6":"jugador-homem","7":"marca-cabeca","8":"product_cat-tenis","10":"first","11":"outofstock","12":"sale","13":"taxable","14":"shipping-taxable","15":"purchasable","16":"product-type-variable"},"acf":[],"yoast_head":"<!-- This site is optimized with the Yoast SEO plugin v27.4 - https:\/\/yoast.com\/product\/yoast-seo-wordpress\/ -->\n<title>HEAD SPRINT TEAM 3.5 CLAY MEN DGBN - Revolution Padel Store<\/title>\n<meta name=\"description\" content=\"Descubre las Head Sprint Team 3.5 Clay Hombre Gris, unas zapatillas de p\u00e1del ligeras, transpirables y con agarre superior en pistas de tierra batida. \u00a1C\u00f3mpralas al mejor precio en Revolution Padel Store!\" \/>\n<meta name=\"robots\" content=\"index, follow, max-snippet:-1, max-image-preview:large, max-video-preview:-1\" \/>\n<link rel=\"canonical\" href=\"https:\/\/revolutionpadelstore.com\/pt-pt\/produto\/head-sprint-team-3-5-clay-men-dgbn-5\/\" \/>\n<meta property=\"og:locale\" content=\"pt_PT\" \/>\n<meta property=\"og:type\" content=\"article\" \/>\n<meta property=\"og:title\" content=\"HEAD SPRINT TEAM 3.5 CLAY MEN DGBN - Revolution Padel Store\" \/>\n<meta property=\"og:description\" content=\"Descubre las Head Sprint Team 3.5 Clay Hombre Gris, unas zapatillas de p\u00e1del ligeras, transpirables y con agarre superior en pistas de tierra batida. \u00a1C\u00f3mpralas al mejor precio en Revolution Padel Store!\" \/>\n<meta property=\"og:url\" content=\"https:\/\/revolutionpadelstore.com\/pt-pt\/produto\/head-sprint-team-3-5-clay-men-dgbn-5\/\" \/>\n<meta property=\"og:site_name\" content=\"Revolution Padel Store\" \/>\n<meta property=\"article:modified_time\" content=\"2026-04-08T03:59:37+00:00\" \/>\n<meta property=\"og:image\" content=\"https:\/\/revolutionpadelstore.com\/wp-content\/uploads\/2025\/03\/464044.jpg\" \/>\n\t<meta property=\"og:image:width\" content=\"1000\" \/>\n\t<meta property=\"og:image:height\" content=\"1000\" \/>\n\t<meta property=\"og:image:type\" content=\"image\/jpeg\" \/>\n<meta name=\"twitter:card\" content=\"summary_large_image\" \/>\n<meta name=\"twitter:label1\" content=\"Tempo estimado de leitura\" \/>\n\t<meta name=\"twitter:data1\" content=\"2 minutos\" \/>\n<script type=\"application\/ld+json\" class=\"yoast-schema-graph\">{\"@context\":\"https:\\\/\\\/schema.org\",\"@graph\":[{\"@type\":\"WebPage\",\"@id\":\"https:\\\/\\\/revolutionpadelstore.com\\\/pt-pt\\\/produto\\\/head-sprint-team-3-5-clay-men-dgbn-5\\\/\",\"url\":\"https:\\\/\\\/revolutionpadelstore.com\\\/pt-pt\\\/produto\\\/head-sprint-team-3-5-clay-men-dgbn-5\\\/\",\"name\":\"HEAD SPRINT TEAM 3.5 CLAY MEN DGBN - Revolution Padel Store\",\"isPartOf\":{\"@id\":\"https:\\\/\\\/revolutionpadelstore.com\\\/pt-pt\\\/#website\"},\"primaryImageOfPage\":{\"@id\":\"https:\\\/\\\/revolutionpadelstore.com\\\/pt-pt\\\/produto\\\/head-sprint-team-3-5-clay-men-dgbn-5\\\/#primaryimage\"},\"image\":{\"@id\":\"https:\\\/\\\/revolutionpadelstore.com\\\/pt-pt\\\/produto\\\/head-sprint-team-3-5-clay-men-dgbn-5\\\/#primaryimage\"},\"thumbnailUrl\":\"https:\\\/\\\/revolutionpadelstore.com\\\/wp-content\\\/uploads\\\/2025\\\/03\\\/464044.jpg\",\"datePublished\":\"2025-03-02T23:07:44+00:00\",\"dateModified\":\"2026-04-08T03:59:37+00:00\",\"description\":\"Descubre las Head Sprint Team 3.5 Clay Hombre Gris, unas zapatillas de p\u00e1del ligeras, transpirables y con agarre superior en pistas de tierra batida. \u00a1C\u00f3mpralas al mejor precio en Revolution Padel Store!\",\"breadcrumb\":{\"@id\":\"https:\\\/\\\/revolutionpadelstore.com\\\/pt-pt\\\/produto\\\/head-sprint-team-3-5-clay-men-dgbn-5\\\/#breadcrumb\"},\"inLanguage\":\"pt-PT\",\"potentialAction\":[{\"@type\":\"ReadAction\",\"target\":[\"https:\\\/\\\/revolutionpadelstore.com\\\/pt-pt\\\/produto\\\/head-sprint-team-3-5-clay-men-dgbn-5\\\/\"]}]},{\"@type\":\"ImageObject\",\"inLanguage\":\"pt-PT\",\"@id\":\"https:\\\/\\\/revolutionpadelstore.com\\\/pt-pt\\\/produto\\\/head-sprint-team-3-5-clay-men-dgbn-5\\\/#primaryimage\",\"url\":\"https:\\\/\\\/revolutionpadelstore.com\\\/wp-content\\\/uploads\\\/2025\\\/03\\\/464044.jpg\",\"contentUrl\":\"https:\\\/\\\/revolutionpadelstore.com\\\/wp-content\\\/uploads\\\/2025\\\/03\\\/464044.jpg\",\"width\":1000,\"height\":1000},{\"@type\":\"BreadcrumbList\",\"@id\":\"https:\\\/\\\/revolutionpadelstore.com\\\/pt-pt\\\/produto\\\/head-sprint-team-3-5-clay-men-dgbn-5\\\/#breadcrumb\",\"itemListElement\":[{\"@type\":\"ListItem\",\"position\":1,\"name\":\"Portada\",\"item\":\"https:\\\/\\\/revolutionpadelstore.com\\\/pt-pt\\\/\"},{\"@type\":\"ListItem\",\"position\":2,\"name\":\"Tienda\",\"item\":\"https:\\\/\\\/revolutionpadelstore.com\\\/pt-pt\\\/tienda\\\/\"},{\"@type\":\"ListItem\",\"position\":3,\"name\":\"HEAD SPRINT TEAM 3.5 CLAY MEN DGBN\"}]},{\"@type\":\"WebSite\",\"@id\":\"https:\\\/\\\/revolutionpadelstore.com\\\/pt-pt\\\/#website\",\"url\":\"https:\\\/\\\/revolutionpadelstore.com\\\/pt-pt\\\/\",\"name\":\"Revolution Padel Store\",\"description\":\"\",\"publisher\":{\"@id\":\"https:\\\/\\\/revolutionpadelstore.com\\\/pt-pt\\\/#organization\"},\"potentialAction\":[{\"@type\":\"SearchAction\",\"target\":{\"@type\":\"EntryPoint\",\"urlTemplate\":\"https:\\\/\\\/revolutionpadelstore.com\\\/pt-pt\\\/?s={search_term_string}\"},\"query-input\":{\"@type\":\"PropertyValueSpecification\",\"valueRequired\":true,\"valueName\":\"search_term_string\"}}],\"inLanguage\":\"pt-PT\"},{\"@type\":\"Organization\",\"@id\":\"https:\\\/\\\/revolutionpadelstore.com\\\/pt-pt\\\/#organization\",\"name\":\"Revolution Padel Store\",\"url\":\"https:\\\/\\\/revolutionpadelstore.com\\\/pt-pt\\\/\",\"logo\":{\"@type\":\"ImageObject\",\"inLanguage\":\"pt-PT\",\"@id\":\"https:\\\/\\\/revolutionpadelstore.com\\\/pt-pt\\\/#\\\/schema\\\/logo\\\/image\\\/\",\"url\":\"https:\\\/\\\/revolutionpadelstore.com\\\/wp-content\\\/uploads\\\/2026\\\/02\\\/revolution-padel-store.jpg\",\"contentUrl\":\"https:\\\/\\\/revolutionpadelstore.com\\\/wp-content\\\/uploads\\\/2026\\\/02\\\/revolution-padel-store.jpg\",\"width\":2000,\"height\":2000,\"caption\":\"Revolution Padel Store\"},\"image\":{\"@id\":\"https:\\\/\\\/revolutionpadelstore.com\\\/pt-pt\\\/#\\\/schema\\\/logo\\\/image\\\/\"},\"sameAs\":[\"https:\\\/\\\/www.instagram.com\\\/revolutionpadelstore\\\/\"]}]}<\/script>\n<!-- \/ Yoast SEO plugin. -->","yoast_head_json":{"title":"HEAD SPRINT TEAM 3.5 CLAY MEN DGBN - Revolution Padel Store","description":"Descubre las Head Sprint Team 3.5 Clay Hombre Gris, unas zapatillas de p\u00e1del ligeras, transpirables y con agarre superior en pistas de tierra batida. \u00a1C\u00f3mpralas al mejor precio en Revolution Padel Store!","robots":{"index":"index","follow":"follow","max-snippet":"max-snippet:-1","max-image-preview":"max-image-preview:large","max-video-preview":"max-video-preview:-1"},"canonical":"https:\/\/revolutionpadelstore.com\/pt-pt\/produto\/head-sprint-team-3-5-clay-men-dgbn-5\/","og_locale":"pt_PT","og_type":"article","og_title":"HEAD SPRINT TEAM 3.5 CLAY MEN DGBN - Revolution Padel Store","og_description":"Descubre las Head Sprint Team 3.5 Clay Hombre Gris, unas zapatillas de p\u00e1del ligeras, transpirables y con agarre superior en pistas de tierra batida. \u00a1C\u00f3mpralas al mejor precio en Revolution Padel Store!","og_url":"https:\/\/revolutionpadelstore.com\/pt-pt\/produto\/head-sprint-team-3-5-clay-men-dgbn-5\/","og_site_name":"Revolution Padel Store","article_modified_time":"2026-04-08T03:59:37+00:00","og_image":[{"width":1000,"height":1000,"url":"https:\/\/revolutionpadelstore.com\/wp-content\/uploads\/2025\/03\/464044.jpg","type":"image\/jpeg"}],"twitter_card":"summary_large_image","twitter_misc":{"Tempo estimado de leitura":"2 minutos"},"schema":{"@context":"https:\/\/schema.org","@graph":[{"@type":"WebPage","@id":"https:\/\/revolutionpadelstore.com\/pt-pt\/produto\/head-sprint-team-3-5-clay-men-dgbn-5\/","url":"https:\/\/revolutionpadelstore.com\/pt-pt\/produto\/head-sprint-team-3-5-clay-men-dgbn-5\/","name":"HEAD SPRINT TEAM 3.5 CLAY MEN DGBN - Revolution Padel Store","isPartOf":{"@id":"https:\/\/revolutionpadelstore.com\/pt-pt\/#website"},"primaryImageOfPage":{"@id":"https:\/\/revolutionpadelstore.com\/pt-pt\/produto\/head-sprint-team-3-5-clay-men-dgbn-5\/#primaryimage"},"image":{"@id":"https:\/\/revolutionpadelstore.com\/pt-pt\/produto\/head-sprint-team-3-5-clay-men-dgbn-5\/#primaryimage"},"thumbnailUrl":"https:\/\/revolutionpadelstore.com\/wp-content\/uploads\/2025\/03\/464044.jpg","datePublished":"2025-03-02T23:07:44+00:00","dateModified":"2026-04-08T03:59:37+00:00","description":"Descubre las Head Sprint Team 3.5 Clay Hombre Gris, unas zapatillas de p\u00e1del ligeras, transpirables y con agarre superior en pistas de tierra batida. \u00a1C\u00f3mpralas al mejor precio en Revolution Padel Store!","breadcrumb":{"@id":"https:\/\/revolutionpadelstore.com\/pt-pt\/produto\/head-sprint-team-3-5-clay-men-dgbn-5\/#breadcrumb"},"inLanguage":"pt-PT","potentialAction":[{"@type":"ReadAction","target":["https:\/\/revolutionpadelstore.com\/pt-pt\/produto\/head-sprint-team-3-5-clay-men-dgbn-5\/"]}]},{"@type":"ImageObject","inLanguage":"pt-PT","@id":"https:\/\/revolutionpadelstore.com\/pt-pt\/produto\/head-sprint-team-3-5-clay-men-dgbn-5\/#primaryimage","url":"https:\/\/revolutionpadelstore.com\/wp-content\/uploads\/2025\/03\/464044.jpg","contentUrl":"https:\/\/revolutionpadelstore.com\/wp-content\/uploads\/2025\/03\/464044.jpg","width":1000,"height":1000},{"@type":"BreadcrumbList","@id":"https:\/\/revolutionpadelstore.com\/pt-pt\/produto\/head-sprint-team-3-5-clay-men-dgbn-5\/#breadcrumb","itemListElement":[{"@type":"ListItem","position":1,"name":"Portada","item":"https:\/\/revolutionpadelstore.com\/pt-pt\/"},{"@type":"ListItem","position":2,"name":"Tienda","item":"https:\/\/revolutionpadelstore.com\/pt-pt\/tienda\/"},{"@type":"ListItem","position":3,"name":"HEAD SPRINT TEAM 3.5 CLAY MEN DGBN"}]},{"@type":"WebSite","@id":"https:\/\/revolutionpadelstore.com\/pt-pt\/#website","url":"https:\/\/revolutionpadelstore.com\/pt-pt\/","name":"Revolution Padel Store","description":"","publisher":{"@id":"https:\/\/revolutionpadelstore.com\/pt-pt\/#organization"},"potentialAction":[{"@type":"SearchAction","target":{"@type":"EntryPoint","urlTemplate":"https:\/\/revolutionpadelstore.com\/pt-pt\/?s={search_term_string}"},"query-input":{"@type":"PropertyValueSpecification","valueRequired":true,"valueName":"search_term_string"}}],"inLanguage":"pt-PT"},{"@type":"Organization","@id":"https:\/\/revolutionpadelstore.com\/pt-pt\/#organization","name":"Revolution Padel Store","url":"https:\/\/revolutionpadelstore.com\/pt-pt\/","logo":{"@type":"ImageObject","inLanguage":"pt-PT","@id":"https:\/\/revolutionpadelstore.com\/pt-pt\/#\/schema\/logo\/image\/","url":"https:\/\/revolutionpadelstore.com\/wp-content\/uploads\/2026\/02\/revolution-padel-store.jpg","contentUrl":"https:\/\/revolutionpadelstore.com\/wp-content\/uploads\/2026\/02\/revolution-padel-store.jpg","width":2000,"height":2000,"caption":"Revolution Padel Store"},"image":{"@id":"https:\/\/revolutionpadelstore.com\/pt-pt\/#\/schema\/logo\/image\/"},"sameAs":["https:\/\/www.instagram.com\/revolutionpadelstore\/"]}]}},"_links":{"self":[{"href":"https:\/\/revolutionpadelstore.com\/pt-pt\/wp-json\/wp\/v2\/product\/198294","targetHints":{"allow":["GET"]}}],"collection":[{"href":"https:\/\/revolutionpadelstore.com\/pt-pt\/wp-json\/wp\/v2\/product"}],"about":[{"href":"https:\/\/revolutionpadelstore.com\/pt-pt\/wp-json\/wp\/v2\/types\/product"}],"replies":[{"embeddable":true,"href":"https:\/\/revolutionpadelstore.com\/pt-pt\/wp-json\/wp\/v2\/comments?post=198294"}],"wp:featuredmedia":[{"embeddable":true,"href":"https:\/\/revolutionpadelstore.com\/pt-pt\/wp-json\/wp\/v2\/media\/198103"}],"wp:attachment":[{"href":"https:\/\/revolutionpadelstore.com\/pt-pt\/wp-json\/wp\/v2\/media?parent=198294"}],"wp:term":[{"taxonomy":"acabado","embeddable":true,"href":"https:\/\/revolutionpadelstore.com\/pt-pt\/wp-json\/wp\/v2\/acabado?post=198294"},{"taxonomy":"balance","embeddable":true,"href":"https:\/\/revolutionpadelstore.com\/pt-pt\/wp-json\/wp\/v2\/balance?post=198294"},{"taxonomy":"dureza","embeddable":true,"href":"https:\/\/revolutionpadelstore.com\/pt-pt\/wp-json\/wp\/v2\/dureza?post=198294"},{"taxonomy":"forma","embeddable":true,"href":"https:\/\/revolutionpadelstore.com\/pt-pt\/wp-json\/wp\/v2\/forma?post=198294"},{"taxonomy":"jugador","embeddable":true,"href":"https:\/\/revolutionpadelstore.com\/pt-pt\/wp-json\/wp\/v2\/jugador?post=198294"},{"taxonomy":"marca","embeddable":true,"href":"https:\/\/revolutionpadelstore.com\/pt-pt\/wp-json\/wp\/v2\/marca?post=198294"},{"taxonomy":"nivel-de-juego","embeddable":true,"href":"https:\/\/revolutionpadelstore.com\/pt-pt\/wp-json\/wp\/v2\/nivel-de-juego?post=198294"},{"taxonomy":"superficie","embeddable":true,"href":"https:\/\/revolutionpadelstore.com\/pt-pt\/wp-json\/wp\/v2\/superficie?post=198294"},{"taxonomy":"tipo-de-juego","embeddable":true,"href":"https:\/\/revolutionpadelstore.com\/pt-pt\/wp-json\/wp\/v2\/tipo-de-juego?post=198294"},{"taxonomy":"product_brand","embeddable":true,"href":"https:\/\/revolutionpadelstore.com\/pt-pt\/wp-json\/wp\/v2\/product_brand?post=198294"},{"taxonomy":"product_cat","embeddable":true,"href":"https:\/\/revolutionpadelstore.com\/pt-pt\/wp-json\/wp\/v2\/product_cat?post=198294"},{"taxonomy":"product_tag","embeddable":true,"href":"https:\/\/revolutionpadelstore.com\/pt-pt\/wp-json\/wp\/v2\/product_tag?post=198294"}],"curies":[{"name":"wp","href":"https:\/\/api.w.org\/{rel}","templated":true}]}}