{"id":197837,"date":"2025-03-01T10:43:04","date_gmt":"2025-03-01T09:43:04","guid":{"rendered":"https:\/\/revolutionpadelstore.com\/?post_type=product&#038;p=197837"},"modified":"2026-04-01T02:57:35","modified_gmt":"2026-04-01T00:57:35","slug":"nox-future-hybrid-12k-alum-5","status":"publish","type":"product","link":"https:\/\/revolutionpadelstore.com\/pt-pt\/produto\/nox-future-hybrid-12k-alum-5\/","title":{"rendered":"NOX FUTURE HYBRID 12K ALUM"},"content":{"rendered":"<p><H2> <strong> futuros h\u00edbridos 12k prudentes &#8211; versatilidade e equil\u00edbrio para dominar a faixa <\/strong> <\/h2>\n<p>Na raquete, a chave do sucesso \u00e9 a adaptabilidade. O futuro alum\u00ednio h\u00edbrido de 12k foi projetado para jogadores vers\u00e1teis que procuram um equil\u00edbrio perfeito entre poder e controle. Utilizado pelos talentos emergentes da NOX Future Academy (NFA), esta p\u00e1 oferece desempenho excepcional, tanto em ataques quanto na defesa.<br \/>\n<H2> <strong> equil\u00edbrio perfeito entre poder e controle <\/strong> <\/h2>\n<p>-rasgo de forma: ideal para quem procura uma transi\u00e7\u00e3o fluida entre ataque e defesa.<br \/>\n-Constru\u00e7\u00e3o com estrutura de carbono e n\u00facleo EV50: fornece uma tomada de bola explosiva com estabilidade e precis\u00e3o.<br \/>\n-Calance otimizado: adaptabilidade em qualquer situa\u00e7\u00e3o de jogo, garantindo uma resposta eficaz em cada golpe. <\/p>\n<p><H2> <strong> tecnologia avan\u00e7ada para m\u00e1xima efic\u00e1cia <\/strong> <\/h2>\n<p>-al\u00famen de carbono 12k nas faces: aumenta a energia que mant\u00e9m controle excepcional.<br \/>\n-R. Rugoso Superficie em 3D: facilita a gera\u00e7\u00e3o de efeitos com maior facilidade e precis\u00e3o. <\/p>\n<p>&lt;Il<br \/>\nO futuro alum\u00ednio h\u00edbrido de 12k \u00e9 a p\u00e1 definitiva para aqueles que buscam desempenho em todas as facetas do jogo. Se voc\u00ea \u00e9 um jogador que se adapta a cada ponto e sabe quando atacar e quando se defender, esta p\u00e1 \u00e9 feita para voc\u00ea.<\/p>\n<p><strong> Agora considera\u00e7\u00e3o em nossa loja on -line <a href=\"https:\/\/www.revolutionpadelstore.com\/\"> www.revolutionpadelstore.com <\/a>, provavelmente com o melhor pre\u00e7o de mercado. <\/strong><\/p>\n","protected":false},"excerpt":{"rendered":"<p>O futuro alum\u00ednio h\u00edbrido de 12k foi projetado para jogadores vers\u00e1teis que procuram um equil\u00edbrio perfeito entre poder e controle<\/p>\n","protected":false},"featured_media":197843,"comment_status":"open","ping_status":"closed","template":"","meta":{"_acf_changed":false,"_joinchat":[]},"acabado":[1090],"balance":[1135,1140],"dureza":[1155],"forma":[1185],"jugador":[1190,1200],"marca":[1260],"nivel-de-juego":[1335],"superficie":[1360],"tipo-de-juego":[1385],"product_brand":[],"product_cat":[300],"product_tag":[],"class_list":{"0":"post-197837","1":"product","2":"type-product","3":"status-publish","4":"has-post-thumbnail","6":"acabado-alivio-3d","7":"balance-alto-pt-pt","8":"balance-medio-pt-pt","9":"dureza-media-pt-pt","10":"forma-lagrima-pt-pt","11":"jugador-homem","12":"jugador-polivalente-pt-pt","13":"marca-nox-pt-pt","14":"superficie-rugosa-pt-pt","15":"tipo-de-juego-polivalente-pt-pt","16":"product_cat-palas","18":"first","19":"instock","20":"sale","21":"taxable","22":"shipping-taxable","23":"purchasable","24":"product-type-simple"},"acf":[],"yoast_head":"<!-- This site is optimized with the Yoast SEO plugin v27.3 - https:\/\/yoast.com\/product\/yoast-seo-wordpress\/ -->\n<title>NOX FUTURE HYBRID 12K ALUM - Revolution Padel Store<\/title>\n<meta name=\"description\" content=\"&quot;Future Hybrid 12K Alum: la pala de p\u00e1del vers\u00e1til de Nox con equilibrio entre potencia y control. Carbon Alum 12K, n\u00facleo EV50 y rugosidad 3D. C\u00f3mprala al mejor precio en Revolution Padel Store.&quot;\" \/>\n<meta name=\"robots\" content=\"index, follow, max-snippet:-1, max-image-preview:large, max-video-preview:-1\" \/>\n<link rel=\"canonical\" href=\"https:\/\/revolutionpadelstore.com\/pt-pt\/produto\/nox-future-hybrid-12k-alum-5\/\" \/>\n<meta property=\"og:locale\" content=\"pt_PT\" \/>\n<meta property=\"og:type\" content=\"article\" \/>\n<meta property=\"og:title\" content=\"NOX FUTURE HYBRID 12K ALUM - Revolution Padel Store\" \/>\n<meta property=\"og:description\" content=\"&quot;Future Hybrid 12K Alum: la pala de p\u00e1del vers\u00e1til de Nox con equilibrio entre potencia y control. Carbon Alum 12K, n\u00facleo EV50 y rugosidad 3D. C\u00f3mprala al mejor precio en Revolution Padel Store.&quot;\" \/>\n<meta property=\"og:url\" content=\"https:\/\/revolutionpadelstore.com\/pt-pt\/produto\/nox-future-hybrid-12k-alum-5\/\" \/>\n<meta property=\"og:site_name\" content=\"Revolution Padel Store\" \/>\n<meta property=\"article:modified_time\" content=\"2026-04-01T00:57:35+00:00\" \/>\n<meta property=\"og:image\" content=\"https:\/\/revolutionpadelstore.com\/wp-content\/uploads\/2025\/03\/154.png\" \/>\n\t<meta property=\"og:image:width\" content=\"1500\" \/>\n\t<meta property=\"og:image:height\" content=\"1500\" \/>\n\t<meta property=\"og:image:type\" content=\"image\/png\" \/>\n<meta name=\"twitter:card\" content=\"summary_large_image\" \/>\n<meta name=\"twitter:label1\" content=\"Tempo estimado de leitura\" \/>\n\t<meta name=\"twitter:data1\" content=\"2 minutos\" \/>\n<script type=\"application\/ld+json\" class=\"yoast-schema-graph\">{\"@context\":\"https:\\\/\\\/schema.org\",\"@graph\":[{\"@type\":\"WebPage\",\"@id\":\"https:\\\/\\\/revolutionpadelstore.com\\\/pt-pt\\\/produto\\\/nox-future-hybrid-12k-alum-5\\\/\",\"url\":\"https:\\\/\\\/revolutionpadelstore.com\\\/pt-pt\\\/produto\\\/nox-future-hybrid-12k-alum-5\\\/\",\"name\":\"NOX FUTURE HYBRID 12K ALUM - Revolution Padel Store\",\"isPartOf\":{\"@id\":\"https:\\\/\\\/revolutionpadelstore.com\\\/pt-pt\\\/#website\"},\"primaryImageOfPage\":{\"@id\":\"https:\\\/\\\/revolutionpadelstore.com\\\/pt-pt\\\/produto\\\/nox-future-hybrid-12k-alum-5\\\/#primaryimage\"},\"image\":{\"@id\":\"https:\\\/\\\/revolutionpadelstore.com\\\/pt-pt\\\/produto\\\/nox-future-hybrid-12k-alum-5\\\/#primaryimage\"},\"thumbnailUrl\":\"https:\\\/\\\/revolutionpadelstore.com\\\/wp-content\\\/uploads\\\/2025\\\/03\\\/154.png\",\"datePublished\":\"2025-03-01T09:43:04+00:00\",\"dateModified\":\"2026-04-01T00:57:35+00:00\",\"description\":\"\\\"Future Hybrid 12K Alum: la pala de p\u00e1del vers\u00e1til de Nox con equilibrio entre potencia y control. Carbon Alum 12K, n\u00facleo EV50 y rugosidad 3D. C\u00f3mprala al mejor precio en Revolution Padel Store.\\\"\",\"breadcrumb\":{\"@id\":\"https:\\\/\\\/revolutionpadelstore.com\\\/pt-pt\\\/produto\\\/nox-future-hybrid-12k-alum-5\\\/#breadcrumb\"},\"inLanguage\":\"pt-PT\",\"potentialAction\":[{\"@type\":\"ReadAction\",\"target\":[\"https:\\\/\\\/revolutionpadelstore.com\\\/pt-pt\\\/produto\\\/nox-future-hybrid-12k-alum-5\\\/\"]}]},{\"@type\":\"ImageObject\",\"inLanguage\":\"pt-PT\",\"@id\":\"https:\\\/\\\/revolutionpadelstore.com\\\/pt-pt\\\/produto\\\/nox-future-hybrid-12k-alum-5\\\/#primaryimage\",\"url\":\"https:\\\/\\\/revolutionpadelstore.com\\\/wp-content\\\/uploads\\\/2025\\\/03\\\/154.png\",\"contentUrl\":\"https:\\\/\\\/revolutionpadelstore.com\\\/wp-content\\\/uploads\\\/2025\\\/03\\\/154.png\",\"width\":1500,\"height\":1500},{\"@type\":\"BreadcrumbList\",\"@id\":\"https:\\\/\\\/revolutionpadelstore.com\\\/pt-pt\\\/produto\\\/nox-future-hybrid-12k-alum-5\\\/#breadcrumb\",\"itemListElement\":[{\"@type\":\"ListItem\",\"position\":1,\"name\":\"Portada\",\"item\":\"https:\\\/\\\/revolutionpadelstore.com\\\/pt-pt\\\/\"},{\"@type\":\"ListItem\",\"position\":2,\"name\":\"Tienda\",\"item\":\"https:\\\/\\\/revolutionpadelstore.com\\\/pt-pt\\\/tienda\\\/\"},{\"@type\":\"ListItem\",\"position\":3,\"name\":\"NOX FUTURE HYBRID 12K ALUM\"}]},{\"@type\":\"WebSite\",\"@id\":\"https:\\\/\\\/revolutionpadelstore.com\\\/pt-pt\\\/#website\",\"url\":\"https:\\\/\\\/revolutionpadelstore.com\\\/pt-pt\\\/\",\"name\":\"Revolution Padel Store\",\"description\":\"\",\"publisher\":{\"@id\":\"https:\\\/\\\/revolutionpadelstore.com\\\/pt-pt\\\/#organization\"},\"potentialAction\":[{\"@type\":\"SearchAction\",\"target\":{\"@type\":\"EntryPoint\",\"urlTemplate\":\"https:\\\/\\\/revolutionpadelstore.com\\\/pt-pt\\\/?s={search_term_string}\"},\"query-input\":{\"@type\":\"PropertyValueSpecification\",\"valueRequired\":true,\"valueName\":\"search_term_string\"}}],\"inLanguage\":\"pt-PT\"},{\"@type\":\"Organization\",\"@id\":\"https:\\\/\\\/revolutionpadelstore.com\\\/pt-pt\\\/#organization\",\"name\":\"Revolution Padel Store\",\"url\":\"https:\\\/\\\/revolutionpadelstore.com\\\/pt-pt\\\/\",\"logo\":{\"@type\":\"ImageObject\",\"inLanguage\":\"pt-PT\",\"@id\":\"https:\\\/\\\/revolutionpadelstore.com\\\/pt-pt\\\/#\\\/schema\\\/logo\\\/image\\\/\",\"url\":\"https:\\\/\\\/revolutionpadelstore.com\\\/wp-content\\\/uploads\\\/2026\\\/02\\\/revolution-padel-store.jpg\",\"contentUrl\":\"https:\\\/\\\/revolutionpadelstore.com\\\/wp-content\\\/uploads\\\/2026\\\/02\\\/revolution-padel-store.jpg\",\"width\":2000,\"height\":2000,\"caption\":\"Revolution Padel Store\"},\"image\":{\"@id\":\"https:\\\/\\\/revolutionpadelstore.com\\\/pt-pt\\\/#\\\/schema\\\/logo\\\/image\\\/\"},\"sameAs\":[\"https:\\\/\\\/www.instagram.com\\\/revolutionpadelstore\\\/\"]}]}<\/script>\n<!-- \/ Yoast SEO plugin. -->","yoast_head_json":{"title":"NOX FUTURE HYBRID 12K ALUM - Revolution Padel Store","description":"\"Future Hybrid 12K Alum: la pala de p\u00e1del vers\u00e1til de Nox con equilibrio entre potencia y control. Carbon Alum 12K, n\u00facleo EV50 y rugosidad 3D. C\u00f3mprala al mejor precio en Revolution Padel Store.\"","robots":{"index":"index","follow":"follow","max-snippet":"max-snippet:-1","max-image-preview":"max-image-preview:large","max-video-preview":"max-video-preview:-1"},"canonical":"https:\/\/revolutionpadelstore.com\/pt-pt\/produto\/nox-future-hybrid-12k-alum-5\/","og_locale":"pt_PT","og_type":"article","og_title":"NOX FUTURE HYBRID 12K ALUM - Revolution Padel Store","og_description":"\"Future Hybrid 12K Alum: la pala de p\u00e1del vers\u00e1til de Nox con equilibrio entre potencia y control. Carbon Alum 12K, n\u00facleo EV50 y rugosidad 3D. C\u00f3mprala al mejor precio en Revolution Padel Store.\"","og_url":"https:\/\/revolutionpadelstore.com\/pt-pt\/produto\/nox-future-hybrid-12k-alum-5\/","og_site_name":"Revolution Padel Store","article_modified_time":"2026-04-01T00:57:35+00:00","og_image":[{"width":1500,"height":1500,"url":"https:\/\/revolutionpadelstore.com\/wp-content\/uploads\/2025\/03\/154.png","type":"image\/png"}],"twitter_card":"summary_large_image","twitter_misc":{"Tempo estimado de leitura":"2 minutos"},"schema":{"@context":"https:\/\/schema.org","@graph":[{"@type":"WebPage","@id":"https:\/\/revolutionpadelstore.com\/pt-pt\/produto\/nox-future-hybrid-12k-alum-5\/","url":"https:\/\/revolutionpadelstore.com\/pt-pt\/produto\/nox-future-hybrid-12k-alum-5\/","name":"NOX FUTURE HYBRID 12K ALUM - Revolution Padel Store","isPartOf":{"@id":"https:\/\/revolutionpadelstore.com\/pt-pt\/#website"},"primaryImageOfPage":{"@id":"https:\/\/revolutionpadelstore.com\/pt-pt\/produto\/nox-future-hybrid-12k-alum-5\/#primaryimage"},"image":{"@id":"https:\/\/revolutionpadelstore.com\/pt-pt\/produto\/nox-future-hybrid-12k-alum-5\/#primaryimage"},"thumbnailUrl":"https:\/\/revolutionpadelstore.com\/wp-content\/uploads\/2025\/03\/154.png","datePublished":"2025-03-01T09:43:04+00:00","dateModified":"2026-04-01T00:57:35+00:00","description":"\"Future Hybrid 12K Alum: la pala de p\u00e1del vers\u00e1til de Nox con equilibrio entre potencia y control. Carbon Alum 12K, n\u00facleo EV50 y rugosidad 3D. C\u00f3mprala al mejor precio en Revolution Padel Store.\"","breadcrumb":{"@id":"https:\/\/revolutionpadelstore.com\/pt-pt\/produto\/nox-future-hybrid-12k-alum-5\/#breadcrumb"},"inLanguage":"pt-PT","potentialAction":[{"@type":"ReadAction","target":["https:\/\/revolutionpadelstore.com\/pt-pt\/produto\/nox-future-hybrid-12k-alum-5\/"]}]},{"@type":"ImageObject","inLanguage":"pt-PT","@id":"https:\/\/revolutionpadelstore.com\/pt-pt\/produto\/nox-future-hybrid-12k-alum-5\/#primaryimage","url":"https:\/\/revolutionpadelstore.com\/wp-content\/uploads\/2025\/03\/154.png","contentUrl":"https:\/\/revolutionpadelstore.com\/wp-content\/uploads\/2025\/03\/154.png","width":1500,"height":1500},{"@type":"BreadcrumbList","@id":"https:\/\/revolutionpadelstore.com\/pt-pt\/produto\/nox-future-hybrid-12k-alum-5\/#breadcrumb","itemListElement":[{"@type":"ListItem","position":1,"name":"Portada","item":"https:\/\/revolutionpadelstore.com\/pt-pt\/"},{"@type":"ListItem","position":2,"name":"Tienda","item":"https:\/\/revolutionpadelstore.com\/pt-pt\/tienda\/"},{"@type":"ListItem","position":3,"name":"NOX FUTURE HYBRID 12K ALUM"}]},{"@type":"WebSite","@id":"https:\/\/revolutionpadelstore.com\/pt-pt\/#website","url":"https:\/\/revolutionpadelstore.com\/pt-pt\/","name":"Revolution Padel Store","description":"","publisher":{"@id":"https:\/\/revolutionpadelstore.com\/pt-pt\/#organization"},"potentialAction":[{"@type":"SearchAction","target":{"@type":"EntryPoint","urlTemplate":"https:\/\/revolutionpadelstore.com\/pt-pt\/?s={search_term_string}"},"query-input":{"@type":"PropertyValueSpecification","valueRequired":true,"valueName":"search_term_string"}}],"inLanguage":"pt-PT"},{"@type":"Organization","@id":"https:\/\/revolutionpadelstore.com\/pt-pt\/#organization","name":"Revolution Padel Store","url":"https:\/\/revolutionpadelstore.com\/pt-pt\/","logo":{"@type":"ImageObject","inLanguage":"pt-PT","@id":"https:\/\/revolutionpadelstore.com\/pt-pt\/#\/schema\/logo\/image\/","url":"https:\/\/revolutionpadelstore.com\/wp-content\/uploads\/2026\/02\/revolution-padel-store.jpg","contentUrl":"https:\/\/revolutionpadelstore.com\/wp-content\/uploads\/2026\/02\/revolution-padel-store.jpg","width":2000,"height":2000,"caption":"Revolution Padel Store"},"image":{"@id":"https:\/\/revolutionpadelstore.com\/pt-pt\/#\/schema\/logo\/image\/"},"sameAs":["https:\/\/www.instagram.com\/revolutionpadelstore\/"]}]}},"_links":{"self":[{"href":"https:\/\/revolutionpadelstore.com\/pt-pt\/wp-json\/wp\/v2\/product\/197837","targetHints":{"allow":["GET"]}}],"collection":[{"href":"https:\/\/revolutionpadelstore.com\/pt-pt\/wp-json\/wp\/v2\/product"}],"about":[{"href":"https:\/\/revolutionpadelstore.com\/pt-pt\/wp-json\/wp\/v2\/types\/product"}],"replies":[{"embeddable":true,"href":"https:\/\/revolutionpadelstore.com\/pt-pt\/wp-json\/wp\/v2\/comments?post=197837"}],"wp:featuredmedia":[{"embeddable":true,"href":"https:\/\/revolutionpadelstore.com\/pt-pt\/wp-json\/wp\/v2\/media\/197843"}],"wp:attachment":[{"href":"https:\/\/revolutionpadelstore.com\/pt-pt\/wp-json\/wp\/v2\/media?parent=197837"}],"wp:term":[{"taxonomy":"acabado","embeddable":true,"href":"https:\/\/revolutionpadelstore.com\/pt-pt\/wp-json\/wp\/v2\/acabado?post=197837"},{"taxonomy":"balance","embeddable":true,"href":"https:\/\/revolutionpadelstore.com\/pt-pt\/wp-json\/wp\/v2\/balance?post=197837"},{"taxonomy":"dureza","embeddable":true,"href":"https:\/\/revolutionpadelstore.com\/pt-pt\/wp-json\/wp\/v2\/dureza?post=197837"},{"taxonomy":"forma","embeddable":true,"href":"https:\/\/revolutionpadelstore.com\/pt-pt\/wp-json\/wp\/v2\/forma?post=197837"},{"taxonomy":"jugador","embeddable":true,"href":"https:\/\/revolutionpadelstore.com\/pt-pt\/wp-json\/wp\/v2\/jugador?post=197837"},{"taxonomy":"marca","embeddable":true,"href":"https:\/\/revolutionpadelstore.com\/pt-pt\/wp-json\/wp\/v2\/marca?post=197837"},{"taxonomy":"nivel-de-juego","embeddable":true,"href":"https:\/\/revolutionpadelstore.com\/pt-pt\/wp-json\/wp\/v2\/nivel-de-juego?post=197837"},{"taxonomy":"superficie","embeddable":true,"href":"https:\/\/revolutionpadelstore.com\/pt-pt\/wp-json\/wp\/v2\/superficie?post=197837"},{"taxonomy":"tipo-de-juego","embeddable":true,"href":"https:\/\/revolutionpadelstore.com\/pt-pt\/wp-json\/wp\/v2\/tipo-de-juego?post=197837"},{"taxonomy":"product_brand","embeddable":true,"href":"https:\/\/revolutionpadelstore.com\/pt-pt\/wp-json\/wp\/v2\/product_brand?post=197837"},{"taxonomy":"product_cat","embeddable":true,"href":"https:\/\/revolutionpadelstore.com\/pt-pt\/wp-json\/wp\/v2\/product_cat?post=197837"},{"taxonomy":"product_tag","embeddable":true,"href":"https:\/\/revolutionpadelstore.com\/pt-pt\/wp-json\/wp\/v2\/product_tag?post=197837"}],"curies":[{"name":"wp","href":"https:\/\/api.w.org\/{rel}","templated":true}]}}