{"id":19773,"date":"2024-04-08T22:55:02","date_gmt":"2024-04-08T20:55:02","guid":{"rendered":"https:\/\/revolutionpadelstore.com\/harlem-padel-corex-2024\/"},"modified":"2026-04-08T14:35:49","modified_gmt":"2026-04-08T12:35:49","slug":"harlem-padel-corex-5","status":"publish","type":"product","link":"https:\/\/revolutionpadelstore.com\/pt-pt\/produto\/harlem-padel-corex-5\/","title":{"rendered":"HARLEM PADEL COREX"},"content":{"rendered":"<p>O modelo COREX 2024 da Harlem P\u00e1del \u00e9 uma raquete de alto rendimento que foi projetada para jogadores de n\u00edvel avan\u00e7ado ou profissional, com t\u00e9cnica correta. Tem um peso entre 355 e 375 gramas.<\/p>\n<p>Possui um <strong>formato de diamante<\/strong> com um <strong>equil\u00edbrio m\u00e9dio\/alto<\/strong> e um ponto ideal alto no topo da l\u00e2mina. Essas caracter\u00edsticas se traduzem em quadra em extrema pot\u00eancia em golpes ofensivos como finaliza\u00e7\u00f5es, j\u00e1 que se gera um efeito de alavanca que consegue exercer excelente pot\u00eancia.<\/p>\n<p>Dentro do corpo da raquete est\u00e1 o material de borracha <strong>BLACK EVA High Memory laminado<\/strong>. \u00c9 uma borracha multicamadas de densidade m\u00e9dia-alta que aumenta a pot\u00eancia dos golpes feitos com uma velocidade superior \u00e0 maioria das raquetes do mercado, sem sacrificar o excelente controle em cada um dos golpes.<\/p>\n<p>O quadro tubular \u00e9 feito de <strong>100% carbono refor\u00e7ado <\/strong>, al\u00e9m de possuir a tecnologia <strong>Tubular Frame<\/strong> para garantir grande durabilidade e muita resist\u00eancia contra o desgaste t\u00edpico das bicicletas . n\u00edveis avan\u00e7ados e estresse e torque durante partidas mais agressivas.<\/p>\n<p>No exterior encontramos fibra de carbono 18K de \u00faltima gera\u00e7\u00e3o que atinge menor peso, mais rigidez e mais resist\u00eancia. Al\u00e9m disso, o acabamento <strong>\u00e1spero 3D<\/strong> garante que a bola agarre melhor \u00e0s faces da raquete e a fa\u00e7a girar com mais giro.<\/p>\n<p>O acabamento da l\u00e2mina incorpora em ambos os planos o \u201cH\u201d estilizado t\u00edpico do Harlem com um tamanho muito grande em cromo e cores brilhantes, conferindo \u00e0 l\u00e2mina extrema eleg\u00e2ncia.<\/p>\n<p>Na cole\u00e7\u00e3o 2024, uma das muitas novidades que o Harlem Padel incorpora \u00e9 a incorpora\u00e7\u00e3o da <strong>corda no punho em forma de pulseira<\/strong> 100% em poli\u00e9ster de primeira qualidade com o logotipo da marca bordado.<\/p>\n<p>Sem d\u00favida estamos diante da <strong>joia da coroa<\/strong> da marca, sendo uma das melhores raquetes em rela\u00e7\u00e3o \u00e0 qualidade, pre\u00e7o e desempenho do mercado<\/p>\n","protected":false},"excerpt":{"rendered":"<p>A raquete de padel Harlem Corex 2024 \u00e9 composta por materiais e tecnologias que permitem combinar pot\u00eancia com controle. Seu n\u00facleo semi-macio amortece as vibra\u00e7\u00f5es tanto quanto poss\u00edvel.<\/p>\n","protected":false},"featured_media":161836,"comment_status":"open","ping_status":"closed","template":"","meta":{"_acf_changed":false,"_joinchat":[]},"acabado":[1090,1080,1115],"balance":[1135,1140],"dureza":[1155],"forma":[1170],"jugador":[1190,1200],"marca":[1235],"nivel-de-juego":[1345],"superficie":[1360],"tipo-de-juego":[1385],"product_brand":[],"product_cat":[300],"product_tag":[],"class_list":{"0":"post-19773","1":"product","2":"type-product","3":"status-publish","4":"has-post-thumbnail","6":"acabado-alivio-3d","7":"acabado-brilho","8":"acabado-carbono-pt-pt","9":"balance-alto-pt-pt","10":"balance-medio-pt-pt","11":"dureza-media-pt-pt","12":"forma-diamante-pt-pt","13":"jugador-homem","14":"jugador-polivalente-pt-pt","15":"marca-harlem-padel-pt-pt","16":"superficie-rugosa-pt-pt","17":"tipo-de-juego-polivalente-pt-pt","18":"product_cat-palas","20":"first","21":"onbackorder","22":"sale","23":"taxable","24":"shipping-taxable","25":"purchasable","26":"product-type-simple"},"acf":[],"yoast_head":"<!-- This site is optimized with the Yoast SEO plugin v27.4 - https:\/\/yoast.com\/product\/yoast-seo-wordpress\/ -->\n<title>HARLEM PADEL COREX - Revolution Padel Store<\/title>\n<meta name=\"description\" content=\"COREX 2024\u00a0de Harlem P\u00e1del es una pala de alto rendimiento que ha sido dise\u00f1ada para jugadores\/as\u00a0 que tengan un nivel avanzado o profesional, con una\u00a0 t\u00e9cnica correcta. Tiene un peso comprendido entre los 355 y los 375 gramos.BIONIC 2024, combina en partes iguales el control y la potencia. El marco tubular se compone de carbono al 100 % para garantizar una gran durabilidad y excelente resistencia frente al uso desgastante t\u00edpico del juego.Los planos est\u00e1n compuestos por fibra de Carbono 12K de \u00falti\" \/>\n<meta name=\"robots\" content=\"index, follow, max-snippet:-1, max-image-preview:large, max-video-preview:-1\" \/>\n<link rel=\"canonical\" href=\"https:\/\/revolutionpadelstore.com\/pt-pt\/produto\/harlem-padel-corex-5\/\" \/>\n<meta property=\"og:locale\" content=\"pt_PT\" \/>\n<meta property=\"og:type\" content=\"article\" \/>\n<meta property=\"og:title\" content=\"HARLEM PADEL COREX\" \/>\n<meta property=\"og:description\" content=\"La\u00a0pala de p\u00e1del Harlem Corex 2024 se compone de materiales y tecnolog\u00edas que permiten combinar la potencia con el control. Su n\u00facleo semiblando amortigua al m\u00e1ximo las vibraciones.\" \/>\n<meta property=\"og:url\" content=\"https:\/\/revolutionpadelstore.com\/pt-pt\/produto\/harlem-padel-corex-5\/\" \/>\n<meta property=\"og:site_name\" content=\"Revolution Padel Store\" \/>\n<meta property=\"article:modified_time\" content=\"2026-04-08T12:35:49+00:00\" \/>\n<meta property=\"og:image\" content=\"https:\/\/revolutionpadelstore.com\/wp-content\/uploads\/2024\/04\/COREX_1.jpg\" \/>\n\t<meta property=\"og:image:width\" content=\"800\" \/>\n\t<meta property=\"og:image:height\" content=\"800\" \/>\n\t<meta property=\"og:image:type\" content=\"image\/jpeg\" \/>\n<meta name=\"twitter:card\" content=\"summary_large_image\" \/>\n<meta name=\"twitter:label1\" content=\"Tempo estimado de leitura\" \/>\n\t<meta name=\"twitter:data1\" content=\"2 minutos\" \/>\n<script type=\"application\/ld+json\" class=\"yoast-schema-graph\">{\"@context\":\"https:\\\/\\\/schema.org\",\"@graph\":[{\"@type\":\"WebPage\",\"@id\":\"https:\\\/\\\/revolutionpadelstore.com\\\/pt-pt\\\/produto\\\/harlem-padel-corex-5\\\/\",\"url\":\"https:\\\/\\\/revolutionpadelstore.com\\\/pt-pt\\\/produto\\\/harlem-padel-corex-5\\\/\",\"name\":\"HARLEM PADEL COREX - Revolution Padel Store\",\"isPartOf\":{\"@id\":\"https:\\\/\\\/revolutionpadelstore.com\\\/pt-pt\\\/#website\"},\"primaryImageOfPage\":{\"@id\":\"https:\\\/\\\/revolutionpadelstore.com\\\/pt-pt\\\/produto\\\/harlem-padel-corex-5\\\/#primaryimage\"},\"image\":{\"@id\":\"https:\\\/\\\/revolutionpadelstore.com\\\/pt-pt\\\/produto\\\/harlem-padel-corex-5\\\/#primaryimage\"},\"thumbnailUrl\":\"https:\\\/\\\/revolutionpadelstore.com\\\/wp-content\\\/uploads\\\/2024\\\/04\\\/80.png\",\"datePublished\":\"2024-04-08T20:55:02+00:00\",\"dateModified\":\"2026-04-08T12:35:49+00:00\",\"description\":\"COREX 2024\u00a0de Harlem P\u00e1del es una pala de alto rendimiento que ha sido dise\u00f1ada para jugadores\\\/as\u00a0 que tengan un nivel avanzado o profesional, con una\u00a0 t\u00e9cnica correcta. Tiene un peso comprendido entre los 355 y los 375 gramos.BIONIC 2024, combina en partes iguales el control y la potencia. El marco tubular se compone de carbono al 100 % para garantizar una gran durabilidad y excelente resistencia frente al uso desgastante t\u00edpico del juego.Los planos est\u00e1n compuestos por fibra de Carbono 12K de \u00falti\",\"breadcrumb\":{\"@id\":\"https:\\\/\\\/revolutionpadelstore.com\\\/pt-pt\\\/produto\\\/harlem-padel-corex-5\\\/#breadcrumb\"},\"inLanguage\":\"pt-PT\",\"potentialAction\":[{\"@type\":\"ReadAction\",\"target\":[\"https:\\\/\\\/revolutionpadelstore.com\\\/pt-pt\\\/produto\\\/harlem-padel-corex-5\\\/\"]}]},{\"@type\":\"ImageObject\",\"inLanguage\":\"pt-PT\",\"@id\":\"https:\\\/\\\/revolutionpadelstore.com\\\/pt-pt\\\/produto\\\/harlem-padel-corex-5\\\/#primaryimage\",\"url\":\"https:\\\/\\\/revolutionpadelstore.com\\\/wp-content\\\/uploads\\\/2024\\\/04\\\/80.png\",\"contentUrl\":\"https:\\\/\\\/revolutionpadelstore.com\\\/wp-content\\\/uploads\\\/2024\\\/04\\\/80.png\",\"width\":1500,\"height\":1500},{\"@type\":\"BreadcrumbList\",\"@id\":\"https:\\\/\\\/revolutionpadelstore.com\\\/pt-pt\\\/produto\\\/harlem-padel-corex-5\\\/#breadcrumb\",\"itemListElement\":[{\"@type\":\"ListItem\",\"position\":1,\"name\":\"Portada\",\"item\":\"https:\\\/\\\/revolutionpadelstore.com\\\/pt-pt\\\/\"},{\"@type\":\"ListItem\",\"position\":2,\"name\":\"Tienda\",\"item\":\"https:\\\/\\\/revolutionpadelstore.com\\\/pt-pt\\\/tienda\\\/\"},{\"@type\":\"ListItem\",\"position\":3,\"name\":\"HARLEM PADEL COREX\"}]},{\"@type\":\"WebSite\",\"@id\":\"https:\\\/\\\/revolutionpadelstore.com\\\/pt-pt\\\/#website\",\"url\":\"https:\\\/\\\/revolutionpadelstore.com\\\/pt-pt\\\/\",\"name\":\"Revolution Padel Store\",\"description\":\"\",\"publisher\":{\"@id\":\"https:\\\/\\\/revolutionpadelstore.com\\\/pt-pt\\\/#organization\"},\"potentialAction\":[{\"@type\":\"SearchAction\",\"target\":{\"@type\":\"EntryPoint\",\"urlTemplate\":\"https:\\\/\\\/revolutionpadelstore.com\\\/pt-pt\\\/?s={search_term_string}\"},\"query-input\":{\"@type\":\"PropertyValueSpecification\",\"valueRequired\":true,\"valueName\":\"search_term_string\"}}],\"inLanguage\":\"pt-PT\"},{\"@type\":\"Organization\",\"@id\":\"https:\\\/\\\/revolutionpadelstore.com\\\/pt-pt\\\/#organization\",\"name\":\"Revolution Padel Store\",\"url\":\"https:\\\/\\\/revolutionpadelstore.com\\\/pt-pt\\\/\",\"logo\":{\"@type\":\"ImageObject\",\"inLanguage\":\"pt-PT\",\"@id\":\"https:\\\/\\\/revolutionpadelstore.com\\\/pt-pt\\\/#\\\/schema\\\/logo\\\/image\\\/\",\"url\":\"https:\\\/\\\/revolutionpadelstore.com\\\/wp-content\\\/uploads\\\/2026\\\/02\\\/revolution-padel-store.jpg\",\"contentUrl\":\"https:\\\/\\\/revolutionpadelstore.com\\\/wp-content\\\/uploads\\\/2026\\\/02\\\/revolution-padel-store.jpg\",\"width\":2000,\"height\":2000,\"caption\":\"Revolution Padel Store\"},\"image\":{\"@id\":\"https:\\\/\\\/revolutionpadelstore.com\\\/pt-pt\\\/#\\\/schema\\\/logo\\\/image\\\/\"},\"sameAs\":[\"https:\\\/\\\/www.instagram.com\\\/revolutionpadelstore\\\/\"]}]}<\/script>\n<!-- \/ Yoast SEO plugin. -->","yoast_head_json":{"title":"HARLEM PADEL COREX - Revolution Padel Store","description":"COREX 2024\u00a0de Harlem P\u00e1del es una pala de alto rendimiento que ha sido dise\u00f1ada para jugadores\/as\u00a0 que tengan un nivel avanzado o profesional, con una\u00a0 t\u00e9cnica correcta. Tiene un peso comprendido entre los 355 y los 375 gramos.BIONIC 2024, combina en partes iguales el control y la potencia. El marco tubular se compone de carbono al 100 % para garantizar una gran durabilidad y excelente resistencia frente al uso desgastante t\u00edpico del juego.Los planos est\u00e1n compuestos por fibra de Carbono 12K de \u00falti","robots":{"index":"index","follow":"follow","max-snippet":"max-snippet:-1","max-image-preview":"max-image-preview:large","max-video-preview":"max-video-preview:-1"},"canonical":"https:\/\/revolutionpadelstore.com\/pt-pt\/produto\/harlem-padel-corex-5\/","og_locale":"pt_PT","og_type":"article","og_title":"HARLEM PADEL COREX","og_description":"La\u00a0pala de p\u00e1del Harlem Corex 2024 se compone de materiales y tecnolog\u00edas que permiten combinar la potencia con el control. Su n\u00facleo semiblando amortigua al m\u00e1ximo las vibraciones.","og_url":"https:\/\/revolutionpadelstore.com\/pt-pt\/produto\/harlem-padel-corex-5\/","og_site_name":"Revolution Padel Store","article_modified_time":"2026-04-08T12:35:49+00:00","og_image":[{"width":800,"height":800,"url":"https:\/\/revolutionpadelstore.com\/wp-content\/uploads\/2024\/04\/COREX_1.jpg","type":"image\/jpeg"}],"twitter_card":"summary_large_image","twitter_misc":{"Tempo estimado de leitura":"2 minutos"},"schema":{"@context":"https:\/\/schema.org","@graph":[{"@type":"WebPage","@id":"https:\/\/revolutionpadelstore.com\/pt-pt\/produto\/harlem-padel-corex-5\/","url":"https:\/\/revolutionpadelstore.com\/pt-pt\/produto\/harlem-padel-corex-5\/","name":"HARLEM PADEL COREX - Revolution Padel Store","isPartOf":{"@id":"https:\/\/revolutionpadelstore.com\/pt-pt\/#website"},"primaryImageOfPage":{"@id":"https:\/\/revolutionpadelstore.com\/pt-pt\/produto\/harlem-padel-corex-5\/#primaryimage"},"image":{"@id":"https:\/\/revolutionpadelstore.com\/pt-pt\/produto\/harlem-padel-corex-5\/#primaryimage"},"thumbnailUrl":"https:\/\/revolutionpadelstore.com\/wp-content\/uploads\/2024\/04\/80.png","datePublished":"2024-04-08T20:55:02+00:00","dateModified":"2026-04-08T12:35:49+00:00","description":"COREX 2024\u00a0de Harlem P\u00e1del es una pala de alto rendimiento que ha sido dise\u00f1ada para jugadores\/as\u00a0 que tengan un nivel avanzado o profesional, con una\u00a0 t\u00e9cnica correcta. Tiene un peso comprendido entre los 355 y los 375 gramos.BIONIC 2024, combina en partes iguales el control y la potencia. El marco tubular se compone de carbono al 100 % para garantizar una gran durabilidad y excelente resistencia frente al uso desgastante t\u00edpico del juego.Los planos est\u00e1n compuestos por fibra de Carbono 12K de \u00falti","breadcrumb":{"@id":"https:\/\/revolutionpadelstore.com\/pt-pt\/produto\/harlem-padel-corex-5\/#breadcrumb"},"inLanguage":"pt-PT","potentialAction":[{"@type":"ReadAction","target":["https:\/\/revolutionpadelstore.com\/pt-pt\/produto\/harlem-padel-corex-5\/"]}]},{"@type":"ImageObject","inLanguage":"pt-PT","@id":"https:\/\/revolutionpadelstore.com\/pt-pt\/produto\/harlem-padel-corex-5\/#primaryimage","url":"https:\/\/revolutionpadelstore.com\/wp-content\/uploads\/2024\/04\/80.png","contentUrl":"https:\/\/revolutionpadelstore.com\/wp-content\/uploads\/2024\/04\/80.png","width":1500,"height":1500},{"@type":"BreadcrumbList","@id":"https:\/\/revolutionpadelstore.com\/pt-pt\/produto\/harlem-padel-corex-5\/#breadcrumb","itemListElement":[{"@type":"ListItem","position":1,"name":"Portada","item":"https:\/\/revolutionpadelstore.com\/pt-pt\/"},{"@type":"ListItem","position":2,"name":"Tienda","item":"https:\/\/revolutionpadelstore.com\/pt-pt\/tienda\/"},{"@type":"ListItem","position":3,"name":"HARLEM PADEL COREX"}]},{"@type":"WebSite","@id":"https:\/\/revolutionpadelstore.com\/pt-pt\/#website","url":"https:\/\/revolutionpadelstore.com\/pt-pt\/","name":"Revolution Padel Store","description":"","publisher":{"@id":"https:\/\/revolutionpadelstore.com\/pt-pt\/#organization"},"potentialAction":[{"@type":"SearchAction","target":{"@type":"EntryPoint","urlTemplate":"https:\/\/revolutionpadelstore.com\/pt-pt\/?s={search_term_string}"},"query-input":{"@type":"PropertyValueSpecification","valueRequired":true,"valueName":"search_term_string"}}],"inLanguage":"pt-PT"},{"@type":"Organization","@id":"https:\/\/revolutionpadelstore.com\/pt-pt\/#organization","name":"Revolution Padel Store","url":"https:\/\/revolutionpadelstore.com\/pt-pt\/","logo":{"@type":"ImageObject","inLanguage":"pt-PT","@id":"https:\/\/revolutionpadelstore.com\/pt-pt\/#\/schema\/logo\/image\/","url":"https:\/\/revolutionpadelstore.com\/wp-content\/uploads\/2026\/02\/revolution-padel-store.jpg","contentUrl":"https:\/\/revolutionpadelstore.com\/wp-content\/uploads\/2026\/02\/revolution-padel-store.jpg","width":2000,"height":2000,"caption":"Revolution Padel Store"},"image":{"@id":"https:\/\/revolutionpadelstore.com\/pt-pt\/#\/schema\/logo\/image\/"},"sameAs":["https:\/\/www.instagram.com\/revolutionpadelstore\/"]}]}},"_links":{"self":[{"href":"https:\/\/revolutionpadelstore.com\/pt-pt\/wp-json\/wp\/v2\/product\/19773","targetHints":{"allow":["GET"]}}],"collection":[{"href":"https:\/\/revolutionpadelstore.com\/pt-pt\/wp-json\/wp\/v2\/product"}],"about":[{"href":"https:\/\/revolutionpadelstore.com\/pt-pt\/wp-json\/wp\/v2\/types\/product"}],"replies":[{"embeddable":true,"href":"https:\/\/revolutionpadelstore.com\/pt-pt\/wp-json\/wp\/v2\/comments?post=19773"}],"wp:featuredmedia":[{"embeddable":true,"href":"https:\/\/revolutionpadelstore.com\/pt-pt\/wp-json\/wp\/v2\/media\/161836"}],"wp:attachment":[{"href":"https:\/\/revolutionpadelstore.com\/pt-pt\/wp-json\/wp\/v2\/media?parent=19773"}],"wp:term":[{"taxonomy":"acabado","embeddable":true,"href":"https:\/\/revolutionpadelstore.com\/pt-pt\/wp-json\/wp\/v2\/acabado?post=19773"},{"taxonomy":"balance","embeddable":true,"href":"https:\/\/revolutionpadelstore.com\/pt-pt\/wp-json\/wp\/v2\/balance?post=19773"},{"taxonomy":"dureza","embeddable":true,"href":"https:\/\/revolutionpadelstore.com\/pt-pt\/wp-json\/wp\/v2\/dureza?post=19773"},{"taxonomy":"forma","embeddable":true,"href":"https:\/\/revolutionpadelstore.com\/pt-pt\/wp-json\/wp\/v2\/forma?post=19773"},{"taxonomy":"jugador","embeddable":true,"href":"https:\/\/revolutionpadelstore.com\/pt-pt\/wp-json\/wp\/v2\/jugador?post=19773"},{"taxonomy":"marca","embeddable":true,"href":"https:\/\/revolutionpadelstore.com\/pt-pt\/wp-json\/wp\/v2\/marca?post=19773"},{"taxonomy":"nivel-de-juego","embeddable":true,"href":"https:\/\/revolutionpadelstore.com\/pt-pt\/wp-json\/wp\/v2\/nivel-de-juego?post=19773"},{"taxonomy":"superficie","embeddable":true,"href":"https:\/\/revolutionpadelstore.com\/pt-pt\/wp-json\/wp\/v2\/superficie?post=19773"},{"taxonomy":"tipo-de-juego","embeddable":true,"href":"https:\/\/revolutionpadelstore.com\/pt-pt\/wp-json\/wp\/v2\/tipo-de-juego?post=19773"},{"taxonomy":"product_brand","embeddable":true,"href":"https:\/\/revolutionpadelstore.com\/pt-pt\/wp-json\/wp\/v2\/product_brand?post=19773"},{"taxonomy":"product_cat","embeddable":true,"href":"https:\/\/revolutionpadelstore.com\/pt-pt\/wp-json\/wp\/v2\/product_cat?post=19773"},{"taxonomy":"product_tag","embeddable":true,"href":"https:\/\/revolutionpadelstore.com\/pt-pt\/wp-json\/wp\/v2\/product_tag?post=19773"}],"curies":[{"name":"wp","href":"https:\/\/api.w.org\/{rel}","templated":true}]}}