{"id":197717,"date":"2025-02-28T10:37:30","date_gmt":"2025-02-28T09:37:30","guid":{"rendered":"https:\/\/revolutionpadelstore.com\/grip-bullpadel-custom-weight-negro\/"},"modified":"2026-04-08T06:04:43","modified_gmt":"2026-04-08T04:04:43","slug":"grip-bullpadel-custom-weight-negro-5","status":"publish","type":"product","link":"https:\/\/revolutionpadelstore.com\/pt-pt\/produto\/grip-bullpadel-custom-weight-negro-5\/","title":{"rendered":"GRIP BULLPADEL CUSTOM WEIGHT NEGRO"},"content":{"rendered":"<p><H2> Bullpadel Peso personalizado preto &#8211; Ajuste o peso da sua l\u00e2mina com precis\u00e3o <\/h2>\n<p>Voc\u00ea est\u00e1 procurando melhorar a estabilidade e o controle da sua l\u00e2mina de paddle? O <strong> Grip Bullpadel Custom Weight in Black Color <\/strong> \u00e9 a solu\u00e7\u00e3o perfeita. Projetado para jogadores que desejam personalizar o peso de sua p\u00e1, este acess\u00f3rio oferece duas op\u00e7\u00f5es de grampo para que voc\u00ea possa encontrar o equil\u00edbrio ideal em cada golpe.<br \/>\n<H2> bullpadel Benef\u00edcios de peso personalizado <\/h2>\n<p>-maior estabilidade em cada golpe, gra\u00e7as \u00e0 possibilidade de adicionar peso adicional.<br \/>\n-Personaliza\u00e7\u00e3o total, com duas op\u00e7\u00f5es de grampo para adaptar a p\u00e1 ao seu estilo de jogo.<br \/>\nDesign -ergonomic e aderente, garantindo uma instala\u00e7\u00e3o simples e integra\u00e7\u00e3o perfeita.<br \/>\n-Compat\u00edvel com a linha Bullpadel Pro e Avant (exceto modelos femininos).<br \/>\n-Is desgaste severo, com materiais de qualidade para durabilidade superior. <\/p>\n<p><H2> Especifica\u00e7\u00f5es t\u00e9cnicas <\/h2>\n<p><P>-peso ajust\u00e1vel: permite adicionar 5, 10 ou 15 gramas de acordo com a prefer\u00eancia do jogador.<br \/>\n-O material de alta ades\u00e3o para fixa\u00e7\u00e3o firme e segura.<br \/>\n-Color preto com o logotipo em branco do bullpadel, um design discreto e elegante.<br \/>\n-F\u00e1til Instala\u00e7\u00e3o no cabo da p\u00e1 sem afetar o conforto. <\/p>\n<p><H2> Que tipo de jogador \u00e9 ideal?<br \/>\nO <strong> Grip Bullpadel Custom Weight <\/strong> \u00e9 perfeito para qualquer jogador que procura personalizar o peso de sua p\u00e1. Especialmente recomendado para aqueles que desejam maior controle e estabilidade sem alterar a p\u00e1.<\/p>\n<p><strong> Obtenha o Bullpadel Weight Black preto pelo melhor pre\u00e7o em nossa loja on -line!<\/p>\n<h2>Grip Bullpadel Custom Weight Negro \u2013 Ajusta el peso de tu pala con precisi\u00f3n<\/h2>\n","protected":false},"excerpt":{"rendered":"<p>A ader\u00eancia de peso personalizada de bullpadel em preto melhora o equil\u00edbrio e a estabilidade da p\u00e1. Ele vem com duas op\u00e7\u00f5es de peso, permitindo que o usu\u00e1rio selecione entre 5 gramas ou 10 gramas.<\/p>\n","protected":false},"featured_media":197711,"comment_status":"open","ping_status":"closed","template":"","meta":{"_acf_changed":false,"_joinchat":[]},"acabado":[],"balance":[],"dureza":[],"forma":[],"jugador":[],"marca":[1255],"nivel-de-juego":[],"superficie":[],"tipo-de-juego":[],"product_brand":[],"product_cat":[559],"product_tag":[],"class_list":{"0":"post-197717","1":"product","2":"type-product","3":"status-publish","4":"has-post-thumbnail","6":"marca-bullpadel-pt-pt","7":"product_cat-acessorios","9":"first","10":"instock","11":"sale","12":"taxable","13":"shipping-taxable","14":"purchasable","15":"product-type-simple"},"acf":[],"yoast_head":"<!-- This site is optimized with the Yoast SEO plugin v27.4 - https:\/\/yoast.com\/product\/yoast-seo-wordpress\/ -->\n<title>GRIP BULLPADEL CUSTOM WEIGHT NEGRO - Revolution Padel Store<\/title>\n<meta name=\"description\" content=\"Personaliza el peso de tu pala con el Grip Bullpadel Custom Weight Negro. A\u00f1ade 5, 10 o 15 gramos para mayor control y estabilidad. \u00a1Compra online en Revolution Padel Store!\" \/>\n<meta name=\"robots\" content=\"index, follow, max-snippet:-1, max-image-preview:large, max-video-preview:-1\" \/>\n<link rel=\"canonical\" href=\"https:\/\/revolutionpadelstore.com\/pt-pt\/produto\/grip-bullpadel-custom-weight-negro-5\/\" \/>\n<meta property=\"og:locale\" content=\"pt_PT\" \/>\n<meta property=\"og:type\" content=\"article\" \/>\n<meta property=\"og:title\" content=\"GRIP BULLPADEL CUSTOM WEIGHT NEGRO - Revolution Padel Store\" \/>\n<meta property=\"og:description\" content=\"Personaliza el peso de tu pala con el Grip Bullpadel Custom Weight Negro. A\u00f1ade 5, 10 o 15 gramos para mayor control y estabilidad. \u00a1Compra online en Revolution Padel Store!\" \/>\n<meta property=\"og:url\" content=\"https:\/\/revolutionpadelstore.com\/pt-pt\/produto\/grip-bullpadel-custom-weight-negro-5\/\" \/>\n<meta property=\"og:site_name\" content=\"Revolution Padel Store\" \/>\n<meta property=\"article:modified_time\" content=\"2026-04-08T04:04:43+00:00\" \/>\n<meta property=\"og:image\" content=\"https:\/\/revolutionpadelstore.com\/wp-content\/uploads\/2025\/02\/GRIP_BULLPADEL_CUSTOM_WEIGHT_455595_1000_1000_94dd.webp\" \/>\n\t<meta property=\"og:image:width\" content=\"1000\" \/>\n\t<meta property=\"og:image:height\" content=\"1000\" \/>\n\t<meta property=\"og:image:type\" content=\"image\/webp\" \/>\n<meta name=\"twitter:card\" content=\"summary_large_image\" \/>\n<meta name=\"twitter:label1\" content=\"Tempo estimado de leitura\" \/>\n\t<meta name=\"twitter:data1\" content=\"2 minutos\" \/>\n<script type=\"application\/ld+json\" class=\"yoast-schema-graph\">{\"@context\":\"https:\\\/\\\/schema.org\",\"@graph\":[{\"@type\":\"WebPage\",\"@id\":\"https:\\\/\\\/revolutionpadelstore.com\\\/pt-pt\\\/produto\\\/grip-bullpadel-custom-weight-negro-5\\\/\",\"url\":\"https:\\\/\\\/revolutionpadelstore.com\\\/pt-pt\\\/produto\\\/grip-bullpadel-custom-weight-negro-5\\\/\",\"name\":\"GRIP BULLPADEL CUSTOM WEIGHT NEGRO - Revolution Padel Store\",\"isPartOf\":{\"@id\":\"https:\\\/\\\/revolutionpadelstore.com\\\/pt-pt\\\/#website\"},\"primaryImageOfPage\":{\"@id\":\"https:\\\/\\\/revolutionpadelstore.com\\\/pt-pt\\\/produto\\\/grip-bullpadel-custom-weight-negro-5\\\/#primaryimage\"},\"image\":{\"@id\":\"https:\\\/\\\/revolutionpadelstore.com\\\/pt-pt\\\/produto\\\/grip-bullpadel-custom-weight-negro-5\\\/#primaryimage\"},\"thumbnailUrl\":\"https:\\\/\\\/revolutionpadelstore.com\\\/wp-content\\\/uploads\\\/2025\\\/02\\\/GRIP_BULLPADEL_CUSTOM_WEIGHT_455595_1000_1000_94dd.webp\",\"datePublished\":\"2025-02-28T09:37:30+00:00\",\"dateModified\":\"2026-04-08T04:04:43+00:00\",\"description\":\"Personaliza el peso de tu pala con el Grip Bullpadel Custom Weight Negro. A\u00f1ade 5, 10 o 15 gramos para mayor control y estabilidad. \u00a1Compra online en Revolution Padel Store!\",\"breadcrumb\":{\"@id\":\"https:\\\/\\\/revolutionpadelstore.com\\\/pt-pt\\\/produto\\\/grip-bullpadel-custom-weight-negro-5\\\/#breadcrumb\"},\"inLanguage\":\"pt-PT\",\"potentialAction\":[{\"@type\":\"ReadAction\",\"target\":[\"https:\\\/\\\/revolutionpadelstore.com\\\/pt-pt\\\/produto\\\/grip-bullpadel-custom-weight-negro-5\\\/\"]}]},{\"@type\":\"ImageObject\",\"inLanguage\":\"pt-PT\",\"@id\":\"https:\\\/\\\/revolutionpadelstore.com\\\/pt-pt\\\/produto\\\/grip-bullpadel-custom-weight-negro-5\\\/#primaryimage\",\"url\":\"https:\\\/\\\/revolutionpadelstore.com\\\/wp-content\\\/uploads\\\/2025\\\/02\\\/GRIP_BULLPADEL_CUSTOM_WEIGHT_455595_1000_1000_94dd.webp\",\"contentUrl\":\"https:\\\/\\\/revolutionpadelstore.com\\\/wp-content\\\/uploads\\\/2025\\\/02\\\/GRIP_BULLPADEL_CUSTOM_WEIGHT_455595_1000_1000_94dd.webp\",\"width\":1000,\"height\":1000},{\"@type\":\"BreadcrumbList\",\"@id\":\"https:\\\/\\\/revolutionpadelstore.com\\\/pt-pt\\\/produto\\\/grip-bullpadel-custom-weight-negro-5\\\/#breadcrumb\",\"itemListElement\":[{\"@type\":\"ListItem\",\"position\":1,\"name\":\"Portada\",\"item\":\"https:\\\/\\\/revolutionpadelstore.com\\\/pt-pt\\\/\"},{\"@type\":\"ListItem\",\"position\":2,\"name\":\"Tienda\",\"item\":\"https:\\\/\\\/revolutionpadelstore.com\\\/pt-pt\\\/tienda\\\/\"},{\"@type\":\"ListItem\",\"position\":3,\"name\":\"GRIP BULLPADEL CUSTOM WEIGHT NEGRO\"}]},{\"@type\":\"WebSite\",\"@id\":\"https:\\\/\\\/revolutionpadelstore.com\\\/pt-pt\\\/#website\",\"url\":\"https:\\\/\\\/revolutionpadelstore.com\\\/pt-pt\\\/\",\"name\":\"Revolution Padel Store\",\"description\":\"\",\"publisher\":{\"@id\":\"https:\\\/\\\/revolutionpadelstore.com\\\/pt-pt\\\/#organization\"},\"potentialAction\":[{\"@type\":\"SearchAction\",\"target\":{\"@type\":\"EntryPoint\",\"urlTemplate\":\"https:\\\/\\\/revolutionpadelstore.com\\\/pt-pt\\\/?s={search_term_string}\"},\"query-input\":{\"@type\":\"PropertyValueSpecification\",\"valueRequired\":true,\"valueName\":\"search_term_string\"}}],\"inLanguage\":\"pt-PT\"},{\"@type\":\"Organization\",\"@id\":\"https:\\\/\\\/revolutionpadelstore.com\\\/pt-pt\\\/#organization\",\"name\":\"Revolution Padel Store\",\"url\":\"https:\\\/\\\/revolutionpadelstore.com\\\/pt-pt\\\/\",\"logo\":{\"@type\":\"ImageObject\",\"inLanguage\":\"pt-PT\",\"@id\":\"https:\\\/\\\/revolutionpadelstore.com\\\/pt-pt\\\/#\\\/schema\\\/logo\\\/image\\\/\",\"url\":\"https:\\\/\\\/revolutionpadelstore.com\\\/wp-content\\\/uploads\\\/2026\\\/02\\\/revolution-padel-store.jpg\",\"contentUrl\":\"https:\\\/\\\/revolutionpadelstore.com\\\/wp-content\\\/uploads\\\/2026\\\/02\\\/revolution-padel-store.jpg\",\"width\":2000,\"height\":2000,\"caption\":\"Revolution Padel Store\"},\"image\":{\"@id\":\"https:\\\/\\\/revolutionpadelstore.com\\\/pt-pt\\\/#\\\/schema\\\/logo\\\/image\\\/\"},\"sameAs\":[\"https:\\\/\\\/www.instagram.com\\\/revolutionpadelstore\\\/\"]}]}<\/script>\n<!-- \/ Yoast SEO plugin. -->","yoast_head_json":{"title":"GRIP BULLPADEL CUSTOM WEIGHT NEGRO - Revolution Padel Store","description":"Personaliza el peso de tu pala con el Grip Bullpadel Custom Weight Negro. A\u00f1ade 5, 10 o 15 gramos para mayor control y estabilidad. \u00a1Compra online en Revolution Padel Store!","robots":{"index":"index","follow":"follow","max-snippet":"max-snippet:-1","max-image-preview":"max-image-preview:large","max-video-preview":"max-video-preview:-1"},"canonical":"https:\/\/revolutionpadelstore.com\/pt-pt\/produto\/grip-bullpadel-custom-weight-negro-5\/","og_locale":"pt_PT","og_type":"article","og_title":"GRIP BULLPADEL CUSTOM WEIGHT NEGRO - Revolution Padel Store","og_description":"Personaliza el peso de tu pala con el Grip Bullpadel Custom Weight Negro. A\u00f1ade 5, 10 o 15 gramos para mayor control y estabilidad. \u00a1Compra online en Revolution Padel Store!","og_url":"https:\/\/revolutionpadelstore.com\/pt-pt\/produto\/grip-bullpadel-custom-weight-negro-5\/","og_site_name":"Revolution Padel Store","article_modified_time":"2026-04-08T04:04:43+00:00","og_image":[{"width":1000,"height":1000,"url":"https:\/\/revolutionpadelstore.com\/wp-content\/uploads\/2025\/02\/GRIP_BULLPADEL_CUSTOM_WEIGHT_455595_1000_1000_94dd.webp","type":"image\/webp"}],"twitter_card":"summary_large_image","twitter_misc":{"Tempo estimado de leitura":"2 minutos"},"schema":{"@context":"https:\/\/schema.org","@graph":[{"@type":"WebPage","@id":"https:\/\/revolutionpadelstore.com\/pt-pt\/produto\/grip-bullpadel-custom-weight-negro-5\/","url":"https:\/\/revolutionpadelstore.com\/pt-pt\/produto\/grip-bullpadel-custom-weight-negro-5\/","name":"GRIP BULLPADEL CUSTOM WEIGHT NEGRO - Revolution Padel Store","isPartOf":{"@id":"https:\/\/revolutionpadelstore.com\/pt-pt\/#website"},"primaryImageOfPage":{"@id":"https:\/\/revolutionpadelstore.com\/pt-pt\/produto\/grip-bullpadel-custom-weight-negro-5\/#primaryimage"},"image":{"@id":"https:\/\/revolutionpadelstore.com\/pt-pt\/produto\/grip-bullpadel-custom-weight-negro-5\/#primaryimage"},"thumbnailUrl":"https:\/\/revolutionpadelstore.com\/wp-content\/uploads\/2025\/02\/GRIP_BULLPADEL_CUSTOM_WEIGHT_455595_1000_1000_94dd.webp","datePublished":"2025-02-28T09:37:30+00:00","dateModified":"2026-04-08T04:04:43+00:00","description":"Personaliza el peso de tu pala con el Grip Bullpadel Custom Weight Negro. A\u00f1ade 5, 10 o 15 gramos para mayor control y estabilidad. \u00a1Compra online en Revolution Padel Store!","breadcrumb":{"@id":"https:\/\/revolutionpadelstore.com\/pt-pt\/produto\/grip-bullpadel-custom-weight-negro-5\/#breadcrumb"},"inLanguage":"pt-PT","potentialAction":[{"@type":"ReadAction","target":["https:\/\/revolutionpadelstore.com\/pt-pt\/produto\/grip-bullpadel-custom-weight-negro-5\/"]}]},{"@type":"ImageObject","inLanguage":"pt-PT","@id":"https:\/\/revolutionpadelstore.com\/pt-pt\/produto\/grip-bullpadel-custom-weight-negro-5\/#primaryimage","url":"https:\/\/revolutionpadelstore.com\/wp-content\/uploads\/2025\/02\/GRIP_BULLPADEL_CUSTOM_WEIGHT_455595_1000_1000_94dd.webp","contentUrl":"https:\/\/revolutionpadelstore.com\/wp-content\/uploads\/2025\/02\/GRIP_BULLPADEL_CUSTOM_WEIGHT_455595_1000_1000_94dd.webp","width":1000,"height":1000},{"@type":"BreadcrumbList","@id":"https:\/\/revolutionpadelstore.com\/pt-pt\/produto\/grip-bullpadel-custom-weight-negro-5\/#breadcrumb","itemListElement":[{"@type":"ListItem","position":1,"name":"Portada","item":"https:\/\/revolutionpadelstore.com\/pt-pt\/"},{"@type":"ListItem","position":2,"name":"Tienda","item":"https:\/\/revolutionpadelstore.com\/pt-pt\/tienda\/"},{"@type":"ListItem","position":3,"name":"GRIP BULLPADEL CUSTOM WEIGHT NEGRO"}]},{"@type":"WebSite","@id":"https:\/\/revolutionpadelstore.com\/pt-pt\/#website","url":"https:\/\/revolutionpadelstore.com\/pt-pt\/","name":"Revolution Padel Store","description":"","publisher":{"@id":"https:\/\/revolutionpadelstore.com\/pt-pt\/#organization"},"potentialAction":[{"@type":"SearchAction","target":{"@type":"EntryPoint","urlTemplate":"https:\/\/revolutionpadelstore.com\/pt-pt\/?s={search_term_string}"},"query-input":{"@type":"PropertyValueSpecification","valueRequired":true,"valueName":"search_term_string"}}],"inLanguage":"pt-PT"},{"@type":"Organization","@id":"https:\/\/revolutionpadelstore.com\/pt-pt\/#organization","name":"Revolution Padel Store","url":"https:\/\/revolutionpadelstore.com\/pt-pt\/","logo":{"@type":"ImageObject","inLanguage":"pt-PT","@id":"https:\/\/revolutionpadelstore.com\/pt-pt\/#\/schema\/logo\/image\/","url":"https:\/\/revolutionpadelstore.com\/wp-content\/uploads\/2026\/02\/revolution-padel-store.jpg","contentUrl":"https:\/\/revolutionpadelstore.com\/wp-content\/uploads\/2026\/02\/revolution-padel-store.jpg","width":2000,"height":2000,"caption":"Revolution Padel Store"},"image":{"@id":"https:\/\/revolutionpadelstore.com\/pt-pt\/#\/schema\/logo\/image\/"},"sameAs":["https:\/\/www.instagram.com\/revolutionpadelstore\/"]}]}},"_links":{"self":[{"href":"https:\/\/revolutionpadelstore.com\/pt-pt\/wp-json\/wp\/v2\/product\/197717","targetHints":{"allow":["GET"]}}],"collection":[{"href":"https:\/\/revolutionpadelstore.com\/pt-pt\/wp-json\/wp\/v2\/product"}],"about":[{"href":"https:\/\/revolutionpadelstore.com\/pt-pt\/wp-json\/wp\/v2\/types\/product"}],"replies":[{"embeddable":true,"href":"https:\/\/revolutionpadelstore.com\/pt-pt\/wp-json\/wp\/v2\/comments?post=197717"}],"wp:featuredmedia":[{"embeddable":true,"href":"https:\/\/revolutionpadelstore.com\/pt-pt\/wp-json\/wp\/v2\/media\/197711"}],"wp:attachment":[{"href":"https:\/\/revolutionpadelstore.com\/pt-pt\/wp-json\/wp\/v2\/media?parent=197717"}],"wp:term":[{"taxonomy":"acabado","embeddable":true,"href":"https:\/\/revolutionpadelstore.com\/pt-pt\/wp-json\/wp\/v2\/acabado?post=197717"},{"taxonomy":"balance","embeddable":true,"href":"https:\/\/revolutionpadelstore.com\/pt-pt\/wp-json\/wp\/v2\/balance?post=197717"},{"taxonomy":"dureza","embeddable":true,"href":"https:\/\/revolutionpadelstore.com\/pt-pt\/wp-json\/wp\/v2\/dureza?post=197717"},{"taxonomy":"forma","embeddable":true,"href":"https:\/\/revolutionpadelstore.com\/pt-pt\/wp-json\/wp\/v2\/forma?post=197717"},{"taxonomy":"jugador","embeddable":true,"href":"https:\/\/revolutionpadelstore.com\/pt-pt\/wp-json\/wp\/v2\/jugador?post=197717"},{"taxonomy":"marca","embeddable":true,"href":"https:\/\/revolutionpadelstore.com\/pt-pt\/wp-json\/wp\/v2\/marca?post=197717"},{"taxonomy":"nivel-de-juego","embeddable":true,"href":"https:\/\/revolutionpadelstore.com\/pt-pt\/wp-json\/wp\/v2\/nivel-de-juego?post=197717"},{"taxonomy":"superficie","embeddable":true,"href":"https:\/\/revolutionpadelstore.com\/pt-pt\/wp-json\/wp\/v2\/superficie?post=197717"},{"taxonomy":"tipo-de-juego","embeddable":true,"href":"https:\/\/revolutionpadelstore.com\/pt-pt\/wp-json\/wp\/v2\/tipo-de-juego?post=197717"},{"taxonomy":"product_brand","embeddable":true,"href":"https:\/\/revolutionpadelstore.com\/pt-pt\/wp-json\/wp\/v2\/product_brand?post=197717"},{"taxonomy":"product_cat","embeddable":true,"href":"https:\/\/revolutionpadelstore.com\/pt-pt\/wp-json\/wp\/v2\/product_cat?post=197717"},{"taxonomy":"product_tag","embeddable":true,"href":"https:\/\/revolutionpadelstore.com\/pt-pt\/wp-json\/wp\/v2\/product_tag?post=197717"}],"curies":[{"name":"wp","href":"https:\/\/api.w.org\/{rel}","templated":true}]}}