{"id":197674,"date":"2025-02-28T10:14:10","date_gmt":"2025-02-28T09:14:10","guid":{"rendered":"https:\/\/revolutionpadelstore.com\/bullpadel-neuron-premier-2025\/"},"modified":"2026-04-08T06:05:27","modified_gmt":"2026-04-08T04:05:27","slug":"bullpadel-neuron-premier-2025","status":"publish","type":"product","link":"https:\/\/revolutionpadelstore.com\/pt-pt\/produto\/bullpadel-neuron-premier-2025\/","title":{"rendered":"BULLPADEL NEURON PREMIER 2025"},"content":{"rendered":"<p><H2> <strong> Bullpadel Neuron Premier 2025 &#8211; Elite Power, Power, Control and Technology<br \/>\nO Bullpadel Neuron Premier 2025 \u00e9 a p\u00e1 oficial de Fedetototto, projetada exclusivamente para o premier de 2025 Padel. Sua estrutura inovadora combina um molde h\u00edbrido com um equil\u00edbrio m\u00e9dio, oferecendo um equil\u00edbrio perfeito entre controle e poder.<\/p>\n<p>Incorpora o neur\u00f4nio Heart, uma tecnologia que fornece maior redu\u00e7\u00e3o de estabilidade e vibra\u00e7\u00f5es, enquanto seu perfil lateral de onda refor\u00e7a a rigidez e otimiza a absor\u00e7\u00e3o de impacto. Fabricados com Xtend Carbon 3K e um n\u00facleo de borracha multieva, esta p\u00e1 garante grande durabilidade e excelente tomada de bola.<br \/>\n<H2> <strong> Uma p\u00e1 de projeto para jogadores profissionais <\/strong> <\/h2>\n<p>O Bullpadel Neuron Premier 2025 \u00e9 ideal para jogadores avan\u00e7ados que buscam precis\u00e3o em cada golpe sem desistir do poder. Seu design vers\u00e1til permite um jogo vers\u00e1til, destacando tanto na defesa quanto no ataque.<\/p>\n<p>O Hesacore Grip melhora a ader\u00eancia e reduz a fadiga no bra\u00e7o, proporcionando uma sensa\u00e7\u00e3o de jogo mais confort\u00e1vel e segura. Gra\u00e7as \u00e0 sua tecnologia avan\u00e7ada, cada golpe ser\u00e1 mais est\u00e1vel e preciso, ajudando voc\u00ea a dominar a pista com total confian\u00e7a.<br \/>\n<H2> <strong> Recursos e tecnologias proeminentes <\/strong> <\/h2>\n<p>-n\u00facleo de neur\u00f4nio: ponte estabilizadora que minimiza as tor\u00e7\u00f5es e melhora a firmeza.<br \/>\n-Sistema de onda: design ondulado que reduz as vibra\u00e7\u00f5es e fornece estabilidade.<br \/>\n-Xtend carbon 3k: carbono de alta resist\u00eancia que oferece maior durabilidade e resposta.<br \/>\n-Multieva: n\u00facleo de dupla densidade que se adapta a diferentes estilos de batida.<br \/>\n-VibRadive: Sistema de absor\u00e7\u00e3o de impacto para uma melhor sensa\u00e7\u00e3o de jogo.<br \/>\n-Sacore: al\u00e7a ergon\u00f4mica que reduz a fadiga e melhora o controle. <\/p>\n<p><H2> <strong> domina a faixa com o neur\u00f4nio Bullpadel Premier 2025 <\/strong> <\/h2>\n<p>Se voc\u00ea est\u00e1 procurando uma p\u00e1 de bullpadel de 2025 que combine estabilidade, controle e acelera\u00e7\u00e3o, o principal neur\u00f4nio \u00e9 a escolha perfeita. Projetado para jogadores exigentes, sua mais recente tecnologia de gera\u00e7\u00e3o e seu design exclusivo permitir\u00e3o que voc\u00ea leve seu jogo para o pr\u00f3ximo n\u00edvel.<\/p>\n<p><strong> agora dispon\u00edvel em nossa loja on-line <a href=\"https:\/\/chatgpt.com\/g\/675432e026888191b6e6d6f2fdbb15e-ottimization-textos\/c\/www.revolutionPadelsore.com Revolution-Timization-Textos\/C\/WWW.RevolutionPadelstore.com\"> storge <\/strong><\/p>\n","protected":false},"excerpt":{"rendered":"<p>O <strong> bullpadel Neuron Premier 2025 <\/strong> \u00e9 a p\u00e1 perfeita para jogadores avan\u00e7ados que desejam maximizar a estabilidade, precis\u00e3o e controle em seu jogo. Com um design h\u00edbrido e exclusivo, ele incorpora o estado -o -TE -ATT Technology e os materiais de primeiro n\u00edvel para um desempenho excepcional na pista.<strong>Bullpadel Neuron Premier 2025<\/strong><\/p>\n","protected":false},"featured_media":197639,"comment_status":"open","ping_status":"closed","template":"","meta":{"_acf_changed":false,"_joinchat":[]},"acabado":[1090],"balance":[1140],"dureza":[],"forma":[1175],"jugador":[1190,1200],"marca":[1255],"nivel-de-juego":[1335],"superficie":[1360],"tipo-de-juego":[1385],"product_brand":[],"product_cat":[300],"product_tag":[],"class_list":{"0":"post-197674","1":"product","2":"type-product","3":"status-publish","4":"has-post-thumbnail","6":"acabado-alivio-3d","7":"balance-medio-pt-pt","8":"forma-hibrido","9":"jugador-homem","10":"jugador-polivalente-pt-pt","11":"marca-bullpadel-pt-pt","12":"superficie-rugosa-pt-pt","13":"tipo-de-juego-polivalente-pt-pt","14":"product_cat-palas","16":"first","17":"instock","18":"sale","19":"taxable","20":"shipping-taxable","21":"purchasable","22":"product-type-simple"},"acf":[],"yoast_head":"<!-- This site is optimized with the Yoast SEO plugin v27.4 - https:\/\/yoast.com\/product\/yoast-seo-wordpress\/ -->\n<title>BULLPADEL NEURON PREMIER 2025 - Revolution Padel Store<\/title>\n<meta name=\"description\" content=\"Descubre la nueva Bullpadel Neuron Premier 2025, la pala de Fede Chingotto para el Premier Padel 2025. Control, potencia y estabilidad en un dise\u00f1o innovador. \u00a1C\u00f3mprala al mejor precio en Revolution Padel Store!\" \/>\n<meta name=\"robots\" content=\"index, follow, max-snippet:-1, max-image-preview:large, max-video-preview:-1\" \/>\n<link rel=\"canonical\" href=\"https:\/\/revolutionpadelstore.com\/pt-pt\/produto\/bullpadel-neuron-premier-2025\/\" \/>\n<meta property=\"og:locale\" content=\"pt_PT\" \/>\n<meta property=\"og:type\" content=\"article\" \/>\n<meta property=\"og:title\" content=\"BULLPADEL NEURON PREMIER 2025 - Revolution Padel Store\" \/>\n<meta property=\"og:description\" content=\"Descubre la nueva Bullpadel Neuron Premier 2025, la pala de Fede Chingotto para el Premier Padel 2025. Control, potencia y estabilidad en un dise\u00f1o innovador. \u00a1C\u00f3mprala al mejor precio en Revolution Padel Store!\" \/>\n<meta property=\"og:url\" content=\"https:\/\/revolutionpadelstore.com\/pt-pt\/produto\/bullpadel-neuron-premier-2025\/\" \/>\n<meta property=\"og:site_name\" content=\"Revolution Padel Store\" \/>\n<meta property=\"article:modified_time\" content=\"2026-04-08T04:05:27+00:00\" \/>\n<meta property=\"og:image\" content=\"https:\/\/revolutionpadelstore.com\/wp-content\/uploads\/2025\/02\/116490-pala-bullpadel-neuron-premier-448472-1200x1200-1.webp\" \/>\n\t<meta property=\"og:image:width\" content=\"1200\" \/>\n\t<meta property=\"og:image:height\" content=\"1200\" \/>\n\t<meta property=\"og:image:type\" content=\"image\/webp\" \/>\n<meta name=\"twitter:card\" content=\"summary_large_image\" \/>\n<meta name=\"twitter:label1\" content=\"Tempo estimado de leitura\" \/>\n\t<meta name=\"twitter:data1\" content=\"2 minutos\" \/>\n<script type=\"application\/ld+json\" class=\"yoast-schema-graph\">{\"@context\":\"https:\\\/\\\/schema.org\",\"@graph\":[{\"@type\":\"WebPage\",\"@id\":\"https:\\\/\\\/revolutionpadelstore.com\\\/pt-pt\\\/produto\\\/bullpadel-neuron-premier-2025\\\/\",\"url\":\"https:\\\/\\\/revolutionpadelstore.com\\\/pt-pt\\\/produto\\\/bullpadel-neuron-premier-2025\\\/\",\"name\":\"BULLPADEL NEURON PREMIER 2025 - Revolution Padel Store\",\"isPartOf\":{\"@id\":\"https:\\\/\\\/revolutionpadelstore.com\\\/pt-pt\\\/#website\"},\"primaryImageOfPage\":{\"@id\":\"https:\\\/\\\/revolutionpadelstore.com\\\/pt-pt\\\/produto\\\/bullpadel-neuron-premier-2025\\\/#primaryimage\"},\"image\":{\"@id\":\"https:\\\/\\\/revolutionpadelstore.com\\\/pt-pt\\\/produto\\\/bullpadel-neuron-premier-2025\\\/#primaryimage\"},\"thumbnailUrl\":\"https:\\\/\\\/revolutionpadelstore.com\\\/wp-content\\\/uploads\\\/2025\\\/02\\\/116490-pala-bullpadel-neuron-premier-448472-1200x1200-1.webp\",\"datePublished\":\"2025-02-28T09:14:10+00:00\",\"dateModified\":\"2026-04-08T04:05:27+00:00\",\"description\":\"Descubre la nueva Bullpadel Neuron Premier 2025, la pala de Fede Chingotto para el Premier Padel 2025. Control, potencia y estabilidad en un dise\u00f1o innovador. \u00a1C\u00f3mprala al mejor precio en Revolution Padel Store!\",\"breadcrumb\":{\"@id\":\"https:\\\/\\\/revolutionpadelstore.com\\\/pt-pt\\\/produto\\\/bullpadel-neuron-premier-2025\\\/#breadcrumb\"},\"inLanguage\":\"pt-PT\",\"potentialAction\":[{\"@type\":\"ReadAction\",\"target\":[\"https:\\\/\\\/revolutionpadelstore.com\\\/pt-pt\\\/produto\\\/bullpadel-neuron-premier-2025\\\/\"]}]},{\"@type\":\"ImageObject\",\"inLanguage\":\"pt-PT\",\"@id\":\"https:\\\/\\\/revolutionpadelstore.com\\\/pt-pt\\\/produto\\\/bullpadel-neuron-premier-2025\\\/#primaryimage\",\"url\":\"https:\\\/\\\/revolutionpadelstore.com\\\/wp-content\\\/uploads\\\/2025\\\/02\\\/116490-pala-bullpadel-neuron-premier-448472-1200x1200-1.webp\",\"contentUrl\":\"https:\\\/\\\/revolutionpadelstore.com\\\/wp-content\\\/uploads\\\/2025\\\/02\\\/116490-pala-bullpadel-neuron-premier-448472-1200x1200-1.webp\",\"width\":1200,\"height\":1200},{\"@type\":\"BreadcrumbList\",\"@id\":\"https:\\\/\\\/revolutionpadelstore.com\\\/pt-pt\\\/produto\\\/bullpadel-neuron-premier-2025\\\/#breadcrumb\",\"itemListElement\":[{\"@type\":\"ListItem\",\"position\":1,\"name\":\"Portada\",\"item\":\"https:\\\/\\\/revolutionpadelstore.com\\\/pt-pt\\\/\"},{\"@type\":\"ListItem\",\"position\":2,\"name\":\"Tienda\",\"item\":\"https:\\\/\\\/revolutionpadelstore.com\\\/pt-pt\\\/tienda\\\/\"},{\"@type\":\"ListItem\",\"position\":3,\"name\":\"BULLPADEL NEURON PREMIER 2025\"}]},{\"@type\":\"WebSite\",\"@id\":\"https:\\\/\\\/revolutionpadelstore.com\\\/pt-pt\\\/#website\",\"url\":\"https:\\\/\\\/revolutionpadelstore.com\\\/pt-pt\\\/\",\"name\":\"Revolution Padel Store\",\"description\":\"\",\"publisher\":{\"@id\":\"https:\\\/\\\/revolutionpadelstore.com\\\/pt-pt\\\/#organization\"},\"potentialAction\":[{\"@type\":\"SearchAction\",\"target\":{\"@type\":\"EntryPoint\",\"urlTemplate\":\"https:\\\/\\\/revolutionpadelstore.com\\\/pt-pt\\\/?s={search_term_string}\"},\"query-input\":{\"@type\":\"PropertyValueSpecification\",\"valueRequired\":true,\"valueName\":\"search_term_string\"}}],\"inLanguage\":\"pt-PT\"},{\"@type\":\"Organization\",\"@id\":\"https:\\\/\\\/revolutionpadelstore.com\\\/pt-pt\\\/#organization\",\"name\":\"Revolution Padel Store\",\"url\":\"https:\\\/\\\/revolutionpadelstore.com\\\/pt-pt\\\/\",\"logo\":{\"@type\":\"ImageObject\",\"inLanguage\":\"pt-PT\",\"@id\":\"https:\\\/\\\/revolutionpadelstore.com\\\/pt-pt\\\/#\\\/schema\\\/logo\\\/image\\\/\",\"url\":\"https:\\\/\\\/revolutionpadelstore.com\\\/wp-content\\\/uploads\\\/2026\\\/02\\\/revolution-padel-store.jpg\",\"contentUrl\":\"https:\\\/\\\/revolutionpadelstore.com\\\/wp-content\\\/uploads\\\/2026\\\/02\\\/revolution-padel-store.jpg\",\"width\":2000,\"height\":2000,\"caption\":\"Revolution Padel Store\"},\"image\":{\"@id\":\"https:\\\/\\\/revolutionpadelstore.com\\\/pt-pt\\\/#\\\/schema\\\/logo\\\/image\\\/\"},\"sameAs\":[\"https:\\\/\\\/www.instagram.com\\\/revolutionpadelstore\\\/\"]}]}<\/script>\n<!-- \/ Yoast SEO plugin. -->","yoast_head_json":{"title":"BULLPADEL NEURON PREMIER 2025 - Revolution Padel Store","description":"Descubre la nueva Bullpadel Neuron Premier 2025, la pala de Fede Chingotto para el Premier Padel 2025. Control, potencia y estabilidad en un dise\u00f1o innovador. \u00a1C\u00f3mprala al mejor precio en Revolution Padel Store!","robots":{"index":"index","follow":"follow","max-snippet":"max-snippet:-1","max-image-preview":"max-image-preview:large","max-video-preview":"max-video-preview:-1"},"canonical":"https:\/\/revolutionpadelstore.com\/pt-pt\/produto\/bullpadel-neuron-premier-2025\/","og_locale":"pt_PT","og_type":"article","og_title":"BULLPADEL NEURON PREMIER 2025 - Revolution Padel Store","og_description":"Descubre la nueva Bullpadel Neuron Premier 2025, la pala de Fede Chingotto para el Premier Padel 2025. Control, potencia y estabilidad en un dise\u00f1o innovador. \u00a1C\u00f3mprala al mejor precio en Revolution Padel Store!","og_url":"https:\/\/revolutionpadelstore.com\/pt-pt\/produto\/bullpadel-neuron-premier-2025\/","og_site_name":"Revolution Padel Store","article_modified_time":"2026-04-08T04:05:27+00:00","og_image":[{"width":1200,"height":1200,"url":"https:\/\/revolutionpadelstore.com\/wp-content\/uploads\/2025\/02\/116490-pala-bullpadel-neuron-premier-448472-1200x1200-1.webp","type":"image\/webp"}],"twitter_card":"summary_large_image","twitter_misc":{"Tempo estimado de leitura":"2 minutos"},"schema":{"@context":"https:\/\/schema.org","@graph":[{"@type":"WebPage","@id":"https:\/\/revolutionpadelstore.com\/pt-pt\/produto\/bullpadel-neuron-premier-2025\/","url":"https:\/\/revolutionpadelstore.com\/pt-pt\/produto\/bullpadel-neuron-premier-2025\/","name":"BULLPADEL NEURON PREMIER 2025 - Revolution Padel Store","isPartOf":{"@id":"https:\/\/revolutionpadelstore.com\/pt-pt\/#website"},"primaryImageOfPage":{"@id":"https:\/\/revolutionpadelstore.com\/pt-pt\/produto\/bullpadel-neuron-premier-2025\/#primaryimage"},"image":{"@id":"https:\/\/revolutionpadelstore.com\/pt-pt\/produto\/bullpadel-neuron-premier-2025\/#primaryimage"},"thumbnailUrl":"https:\/\/revolutionpadelstore.com\/wp-content\/uploads\/2025\/02\/116490-pala-bullpadel-neuron-premier-448472-1200x1200-1.webp","datePublished":"2025-02-28T09:14:10+00:00","dateModified":"2026-04-08T04:05:27+00:00","description":"Descubre la nueva Bullpadel Neuron Premier 2025, la pala de Fede Chingotto para el Premier Padel 2025. Control, potencia y estabilidad en un dise\u00f1o innovador. \u00a1C\u00f3mprala al mejor precio en Revolution Padel Store!","breadcrumb":{"@id":"https:\/\/revolutionpadelstore.com\/pt-pt\/produto\/bullpadel-neuron-premier-2025\/#breadcrumb"},"inLanguage":"pt-PT","potentialAction":[{"@type":"ReadAction","target":["https:\/\/revolutionpadelstore.com\/pt-pt\/produto\/bullpadel-neuron-premier-2025\/"]}]},{"@type":"ImageObject","inLanguage":"pt-PT","@id":"https:\/\/revolutionpadelstore.com\/pt-pt\/produto\/bullpadel-neuron-premier-2025\/#primaryimage","url":"https:\/\/revolutionpadelstore.com\/wp-content\/uploads\/2025\/02\/116490-pala-bullpadel-neuron-premier-448472-1200x1200-1.webp","contentUrl":"https:\/\/revolutionpadelstore.com\/wp-content\/uploads\/2025\/02\/116490-pala-bullpadel-neuron-premier-448472-1200x1200-1.webp","width":1200,"height":1200},{"@type":"BreadcrumbList","@id":"https:\/\/revolutionpadelstore.com\/pt-pt\/produto\/bullpadel-neuron-premier-2025\/#breadcrumb","itemListElement":[{"@type":"ListItem","position":1,"name":"Portada","item":"https:\/\/revolutionpadelstore.com\/pt-pt\/"},{"@type":"ListItem","position":2,"name":"Tienda","item":"https:\/\/revolutionpadelstore.com\/pt-pt\/tienda\/"},{"@type":"ListItem","position":3,"name":"BULLPADEL NEURON PREMIER 2025"}]},{"@type":"WebSite","@id":"https:\/\/revolutionpadelstore.com\/pt-pt\/#website","url":"https:\/\/revolutionpadelstore.com\/pt-pt\/","name":"Revolution Padel Store","description":"","publisher":{"@id":"https:\/\/revolutionpadelstore.com\/pt-pt\/#organization"},"potentialAction":[{"@type":"SearchAction","target":{"@type":"EntryPoint","urlTemplate":"https:\/\/revolutionpadelstore.com\/pt-pt\/?s={search_term_string}"},"query-input":{"@type":"PropertyValueSpecification","valueRequired":true,"valueName":"search_term_string"}}],"inLanguage":"pt-PT"},{"@type":"Organization","@id":"https:\/\/revolutionpadelstore.com\/pt-pt\/#organization","name":"Revolution Padel Store","url":"https:\/\/revolutionpadelstore.com\/pt-pt\/","logo":{"@type":"ImageObject","inLanguage":"pt-PT","@id":"https:\/\/revolutionpadelstore.com\/pt-pt\/#\/schema\/logo\/image\/","url":"https:\/\/revolutionpadelstore.com\/wp-content\/uploads\/2026\/02\/revolution-padel-store.jpg","contentUrl":"https:\/\/revolutionpadelstore.com\/wp-content\/uploads\/2026\/02\/revolution-padel-store.jpg","width":2000,"height":2000,"caption":"Revolution Padel Store"},"image":{"@id":"https:\/\/revolutionpadelstore.com\/pt-pt\/#\/schema\/logo\/image\/"},"sameAs":["https:\/\/www.instagram.com\/revolutionpadelstore\/"]}]}},"_links":{"self":[{"href":"https:\/\/revolutionpadelstore.com\/pt-pt\/wp-json\/wp\/v2\/product\/197674","targetHints":{"allow":["GET"]}}],"collection":[{"href":"https:\/\/revolutionpadelstore.com\/pt-pt\/wp-json\/wp\/v2\/product"}],"about":[{"href":"https:\/\/revolutionpadelstore.com\/pt-pt\/wp-json\/wp\/v2\/types\/product"}],"replies":[{"embeddable":true,"href":"https:\/\/revolutionpadelstore.com\/pt-pt\/wp-json\/wp\/v2\/comments?post=197674"}],"wp:featuredmedia":[{"embeddable":true,"href":"https:\/\/revolutionpadelstore.com\/pt-pt\/wp-json\/wp\/v2\/media\/197639"}],"wp:attachment":[{"href":"https:\/\/revolutionpadelstore.com\/pt-pt\/wp-json\/wp\/v2\/media?parent=197674"}],"wp:term":[{"taxonomy":"acabado","embeddable":true,"href":"https:\/\/revolutionpadelstore.com\/pt-pt\/wp-json\/wp\/v2\/acabado?post=197674"},{"taxonomy":"balance","embeddable":true,"href":"https:\/\/revolutionpadelstore.com\/pt-pt\/wp-json\/wp\/v2\/balance?post=197674"},{"taxonomy":"dureza","embeddable":true,"href":"https:\/\/revolutionpadelstore.com\/pt-pt\/wp-json\/wp\/v2\/dureza?post=197674"},{"taxonomy":"forma","embeddable":true,"href":"https:\/\/revolutionpadelstore.com\/pt-pt\/wp-json\/wp\/v2\/forma?post=197674"},{"taxonomy":"jugador","embeddable":true,"href":"https:\/\/revolutionpadelstore.com\/pt-pt\/wp-json\/wp\/v2\/jugador?post=197674"},{"taxonomy":"marca","embeddable":true,"href":"https:\/\/revolutionpadelstore.com\/pt-pt\/wp-json\/wp\/v2\/marca?post=197674"},{"taxonomy":"nivel-de-juego","embeddable":true,"href":"https:\/\/revolutionpadelstore.com\/pt-pt\/wp-json\/wp\/v2\/nivel-de-juego?post=197674"},{"taxonomy":"superficie","embeddable":true,"href":"https:\/\/revolutionpadelstore.com\/pt-pt\/wp-json\/wp\/v2\/superficie?post=197674"},{"taxonomy":"tipo-de-juego","embeddable":true,"href":"https:\/\/revolutionpadelstore.com\/pt-pt\/wp-json\/wp\/v2\/tipo-de-juego?post=197674"},{"taxonomy":"product_brand","embeddable":true,"href":"https:\/\/revolutionpadelstore.com\/pt-pt\/wp-json\/wp\/v2\/product_brand?post=197674"},{"taxonomy":"product_cat","embeddable":true,"href":"https:\/\/revolutionpadelstore.com\/pt-pt\/wp-json\/wp\/v2\/product_cat?post=197674"},{"taxonomy":"product_tag","embeddable":true,"href":"https:\/\/revolutionpadelstore.com\/pt-pt\/wp-json\/wp\/v2\/product_tag?post=197674"}],"curies":[{"name":"wp","href":"https:\/\/api.w.org\/{rel}","templated":true}]}}