{"id":19763,"date":"2024-04-09T08:08:37","date_gmt":"2024-04-09T06:08:37","guid":{"rendered":"https:\/\/revolutionpadelstore.com\/harlem-padel-nirvana-2024\/"},"modified":"2026-04-08T14:32:47","modified_gmt":"2026-04-08T12:32:47","slug":"harlem-padel-nirvana-5","status":"publish","type":"product","link":"https:\/\/revolutionpadelstore.com\/pt-pt\/produto\/harlem-padel-nirvana-5\/","title":{"rendered":"HARLEM PADEL NIRVANA"},"content":{"rendered":"<p>O modelo <strong>NIRVANA 2024<\/strong> da Harlem Padel \u00e9 uma raquete de alto desempenho que foi projetada para jogadores de n\u00edvel avan\u00e7ado ou profissional, com uma t\u00e9cnica muito apurada. Tem um peso entre 355 e 375 gramas.<br \/>\nPossui um <strong>formato de diamante<\/strong> com um<strong>alto equil\u00edbrio<\/strong>e um ponto ideal alto no topo da l\u00e2mina. Essas caracter\u00edsticas se traduzem em quadra em extrema pot\u00eancia em golpes ofensivos como finaliza\u00e7\u00f5es, j\u00e1 que se gera um efeito de alavanca que consegue exercer excelente pot\u00eancia. \u00c9 uma raquete de padel perfeita para os jogadores mais ofensivos.<br \/>\nDentro do corpo da raquete est\u00e1 o material de borracha <strong>BLACK EVA High Memory laminado<\/strong>. \u00c9 uma borracha multicamadas de alta densidade que aumenta a pot\u00eancia dos golpes feitos com uma velocidade superior \u00e0 maioria das raquetes do mercado.  Otimiza a sa\u00edda de bola em chutes defensivos de baixa velocidade e a for\u00e7a nos chutes<br \/>\nO quadro tubular \u00e9 feito em <strong>100% carbono refor\u00e7ado<\/strong>, al\u00e9m de possuir a tecnologia <strong>Tubular Frame<\/strong> para garantir grande durabilidade e muita resist\u00eancia ao desgaste t\u00edpico das bicicletas . n\u00edveis avan\u00e7ados e estresse e torque durante partidas mais agressivas.<br \/>\nNo exterior encontramos fibra de carbono 12K de \u00faltima gera\u00e7\u00e3o que atinge menor peso, mais rigidez e mais resist\u00eancia. Temos a sensa\u00e7\u00e3o de estarmos diante de uma raquete de padel de toque s\u00f3lido e r\u00edgido, que nos ajudar\u00e1 muito em todos os nossos golpes de ataque. Al\u00e9m disso, o acabamento <strong>3D \u00e1spero fosco<\/strong> garante que a bola agarre melhor \u00e0s faces da raquete e a fa\u00e7a girar com mais giro em todas as nossas tacadas.<br \/>\nO acabamento da l\u00e2mina incorpora em ambos os planos o \u201cH\u201d estilizado t\u00edpico do Harlem com um tamanho muito grande em cromo e cores brilhantes com o resto da l\u00e2mina em fosco, conferindo \u00e0 l\u00e2mina extrema eleg\u00e2ncia.<br \/>\nNa cole\u00e7\u00e3o 2024, uma das muitas novidades que o Harlem Padel incorpora \u00e9 a incorpora\u00e7\u00e3o da <strong>corda no punho em forma de pulseira<\/strong> 100% em poli\u00e9ster de primeira qualidade com o logotipo da marca bordado.<br \/>\nSem d\u00favida, esta \u00e9 uma das raquetes com maior sa\u00edda de bola do mercado. Ideal para jogadores de ataque agressivo.<\/p>\n","protected":false},"excerpt":{"rendered":"<p>O modelo NIRVANA 2024 da Harlem Padel \u00e9 uma raquete de alto desempenho que foi projetada para jogadores de n\u00edvel avan\u00e7ado ou profissional, com uma t\u00e9cnica muito apurada. Possui um <strong>formato de diamante<\/strong> com um<strong>alto equil\u00edbrio<\/strong> e um ponto ideal alto no topo da l\u00e2mina.<\/p>\n","protected":false},"featured_media":161842,"comment_status":"open","ping_status":"closed","template":"","meta":{"_acf_changed":false,"_joinchat":[]},"acabado":[1090,1080],"balance":[1135],"dureza":[1160,1155],"forma":[1170],"jugador":[1190,1200],"marca":[1235],"nivel-de-juego":[1335,1345],"superficie":[1360],"tipo-de-juego":[1380,1375],"product_brand":[],"product_cat":[300],"product_tag":[],"class_list":{"0":"post-19763","1":"product","2":"type-product","3":"status-publish","4":"has-post-thumbnail","6":"acabado-alivio-3d","7":"acabado-brilho","8":"balance-alto-pt-pt","9":"dureza-dura-pt-pt","10":"dureza-media-pt-pt","11":"forma-diamante-pt-pt","12":"jugador-homem","13":"jugador-polivalente-pt-pt","14":"marca-harlem-padel-pt-pt","15":"superficie-rugosa-pt-pt","16":"tipo-de-juego-ataque-pt-pt","17":"tipo-de-juego-poder","18":"product_cat-palas","20":"first","21":"onbackorder","22":"sale","23":"taxable","24":"shipping-taxable","25":"purchasable","26":"product-type-simple"},"acf":[],"yoast_head":"<!-- This site is optimized with the Yoast SEO plugin v27.4 - https:\/\/yoast.com\/product\/yoast-seo-wordpress\/ -->\n<title>HARLEM PADEL NIRVANA - Revolution Padel Store<\/title>\n<meta name=\"description\" content=\"El modelo NIRVANA 2024 de Harlem Padel es una pala de alto rendimiento que ha sido dise\u00f1ada para jugadores\/as que tengan un nivel avanzado o profesional, con una t\u00e9cnica muy depurada. Presenta una\u00a0forma de diamante\u00a0con un\u00a0balance alto\u00a0y un punto dulce elevado hacia la parte superior de la pala.\" \/>\n<meta name=\"robots\" content=\"index, follow, max-snippet:-1, max-image-preview:large, max-video-preview:-1\" \/>\n<link rel=\"canonical\" href=\"https:\/\/revolutionpadelstore.com\/pt-pt\/produto\/harlem-padel-nirvana-5\/\" \/>\n<meta property=\"og:locale\" content=\"pt_PT\" \/>\n<meta property=\"og:type\" content=\"article\" \/>\n<meta property=\"og:title\" content=\"COMPRAR HARLEM PADEL NIRVANA 2024\" \/>\n<meta property=\"og:description\" content=\"El modelo NIRVANA 2024 de Harlem Padel es una pala de alto rendimiento que ha sido dise\u00f1ada para jugadores\/as que tengan un nivel avanzado o profesional, con una t\u00e9cnica muy depurada. Presenta una\u00a0forma de diamante\u00a0con un\u00a0balance alto\u00a0y un punto dulce elevado hacia la parte superior de la pala.\" \/>\n<meta property=\"og:url\" content=\"https:\/\/revolutionpadelstore.com\/pt-pt\/produto\/harlem-padel-nirvana-5\/\" \/>\n<meta property=\"og:site_name\" content=\"Revolution Padel Store\" \/>\n<meta property=\"article:modified_time\" content=\"2026-04-08T12:32:47+00:00\" \/>\n<meta property=\"og:image\" content=\"https:\/\/revolutionpadelstore.com\/wp-content\/uploads\/2024\/04\/NIRVANA_1.jpg\" \/>\n\t<meta property=\"og:image:width\" content=\"800\" \/>\n\t<meta property=\"og:image:height\" content=\"800\" \/>\n\t<meta property=\"og:image:type\" content=\"image\/jpeg\" \/>\n<meta name=\"twitter:card\" content=\"summary_large_image\" \/>\n<meta name=\"twitter:label1\" content=\"Tempo estimado de leitura\" \/>\n\t<meta name=\"twitter:data1\" content=\"2 minutos\" \/>\n<script type=\"application\/ld+json\" class=\"yoast-schema-graph\">{\"@context\":\"https:\\\/\\\/schema.org\",\"@graph\":[{\"@type\":\"WebPage\",\"@id\":\"https:\\\/\\\/revolutionpadelstore.com\\\/pt-pt\\\/produto\\\/harlem-padel-nirvana-5\\\/\",\"url\":\"https:\\\/\\\/revolutionpadelstore.com\\\/pt-pt\\\/produto\\\/harlem-padel-nirvana-5\\\/\",\"name\":\"HARLEM PADEL NIRVANA - Revolution Padel Store\",\"isPartOf\":{\"@id\":\"https:\\\/\\\/revolutionpadelstore.com\\\/pt-pt\\\/#website\"},\"primaryImageOfPage\":{\"@id\":\"https:\\\/\\\/revolutionpadelstore.com\\\/pt-pt\\\/produto\\\/harlem-padel-nirvana-5\\\/#primaryimage\"},\"image\":{\"@id\":\"https:\\\/\\\/revolutionpadelstore.com\\\/pt-pt\\\/produto\\\/harlem-padel-nirvana-5\\\/#primaryimage\"},\"thumbnailUrl\":\"https:\\\/\\\/revolutionpadelstore.com\\\/wp-content\\\/uploads\\\/2024\\\/04\\\/81.png\",\"datePublished\":\"2024-04-09T06:08:37+00:00\",\"dateModified\":\"2026-04-08T12:32:47+00:00\",\"description\":\"El modelo NIRVANA 2024 de Harlem Padel es una pala de alto rendimiento que ha sido dise\u00f1ada para jugadores\\\/as que tengan un nivel avanzado o profesional, con una t\u00e9cnica muy depurada. Presenta una\u00a0forma de diamante\u00a0con un\u00a0balance alto\u00a0y un punto dulce elevado hacia la parte superior de la pala.\",\"breadcrumb\":{\"@id\":\"https:\\\/\\\/revolutionpadelstore.com\\\/pt-pt\\\/produto\\\/harlem-padel-nirvana-5\\\/#breadcrumb\"},\"inLanguage\":\"pt-PT\",\"potentialAction\":[{\"@type\":\"ReadAction\",\"target\":[\"https:\\\/\\\/revolutionpadelstore.com\\\/pt-pt\\\/produto\\\/harlem-padel-nirvana-5\\\/\"]}]},{\"@type\":\"ImageObject\",\"inLanguage\":\"pt-PT\",\"@id\":\"https:\\\/\\\/revolutionpadelstore.com\\\/pt-pt\\\/produto\\\/harlem-padel-nirvana-5\\\/#primaryimage\",\"url\":\"https:\\\/\\\/revolutionpadelstore.com\\\/wp-content\\\/uploads\\\/2024\\\/04\\\/81.png\",\"contentUrl\":\"https:\\\/\\\/revolutionpadelstore.com\\\/wp-content\\\/uploads\\\/2024\\\/04\\\/81.png\",\"width\":1500,\"height\":1500},{\"@type\":\"BreadcrumbList\",\"@id\":\"https:\\\/\\\/revolutionpadelstore.com\\\/pt-pt\\\/produto\\\/harlem-padel-nirvana-5\\\/#breadcrumb\",\"itemListElement\":[{\"@type\":\"ListItem\",\"position\":1,\"name\":\"Portada\",\"item\":\"https:\\\/\\\/revolutionpadelstore.com\\\/pt-pt\\\/\"},{\"@type\":\"ListItem\",\"position\":2,\"name\":\"Tienda\",\"item\":\"https:\\\/\\\/revolutionpadelstore.com\\\/pt-pt\\\/tienda\\\/\"},{\"@type\":\"ListItem\",\"position\":3,\"name\":\"HARLEM PADEL NIRVANA\"}]},{\"@type\":\"WebSite\",\"@id\":\"https:\\\/\\\/revolutionpadelstore.com\\\/pt-pt\\\/#website\",\"url\":\"https:\\\/\\\/revolutionpadelstore.com\\\/pt-pt\\\/\",\"name\":\"Revolution Padel Store\",\"description\":\"\",\"publisher\":{\"@id\":\"https:\\\/\\\/revolutionpadelstore.com\\\/pt-pt\\\/#organization\"},\"potentialAction\":[{\"@type\":\"SearchAction\",\"target\":{\"@type\":\"EntryPoint\",\"urlTemplate\":\"https:\\\/\\\/revolutionpadelstore.com\\\/pt-pt\\\/?s={search_term_string}\"},\"query-input\":{\"@type\":\"PropertyValueSpecification\",\"valueRequired\":true,\"valueName\":\"search_term_string\"}}],\"inLanguage\":\"pt-PT\"},{\"@type\":\"Organization\",\"@id\":\"https:\\\/\\\/revolutionpadelstore.com\\\/pt-pt\\\/#organization\",\"name\":\"Revolution Padel Store\",\"url\":\"https:\\\/\\\/revolutionpadelstore.com\\\/pt-pt\\\/\",\"logo\":{\"@type\":\"ImageObject\",\"inLanguage\":\"pt-PT\",\"@id\":\"https:\\\/\\\/revolutionpadelstore.com\\\/pt-pt\\\/#\\\/schema\\\/logo\\\/image\\\/\",\"url\":\"https:\\\/\\\/revolutionpadelstore.com\\\/wp-content\\\/uploads\\\/2026\\\/02\\\/revolution-padel-store.jpg\",\"contentUrl\":\"https:\\\/\\\/revolutionpadelstore.com\\\/wp-content\\\/uploads\\\/2026\\\/02\\\/revolution-padel-store.jpg\",\"width\":2000,\"height\":2000,\"caption\":\"Revolution Padel Store\"},\"image\":{\"@id\":\"https:\\\/\\\/revolutionpadelstore.com\\\/pt-pt\\\/#\\\/schema\\\/logo\\\/image\\\/\"},\"sameAs\":[\"https:\\\/\\\/www.instagram.com\\\/revolutionpadelstore\\\/\"]}]}<\/script>\n<!-- \/ Yoast SEO plugin. -->","yoast_head_json":{"title":"HARLEM PADEL NIRVANA - Revolution Padel Store","description":"El modelo NIRVANA 2024 de Harlem Padel es una pala de alto rendimiento que ha sido dise\u00f1ada para jugadores\/as que tengan un nivel avanzado o profesional, con una t\u00e9cnica muy depurada. Presenta una\u00a0forma de diamante\u00a0con un\u00a0balance alto\u00a0y un punto dulce elevado hacia la parte superior de la pala.","robots":{"index":"index","follow":"follow","max-snippet":"max-snippet:-1","max-image-preview":"max-image-preview:large","max-video-preview":"max-video-preview:-1"},"canonical":"https:\/\/revolutionpadelstore.com\/pt-pt\/produto\/harlem-padel-nirvana-5\/","og_locale":"pt_PT","og_type":"article","og_title":"COMPRAR HARLEM PADEL NIRVANA 2024","og_description":"El modelo NIRVANA 2024 de Harlem Padel es una pala de alto rendimiento que ha sido dise\u00f1ada para jugadores\/as que tengan un nivel avanzado o profesional, con una t\u00e9cnica muy depurada. Presenta una\u00a0forma de diamante\u00a0con un\u00a0balance alto\u00a0y un punto dulce elevado hacia la parte superior de la pala.","og_url":"https:\/\/revolutionpadelstore.com\/pt-pt\/produto\/harlem-padel-nirvana-5\/","og_site_name":"Revolution Padel Store","article_modified_time":"2026-04-08T12:32:47+00:00","og_image":[{"width":800,"height":800,"url":"https:\/\/revolutionpadelstore.com\/wp-content\/uploads\/2024\/04\/NIRVANA_1.jpg","type":"image\/jpeg"}],"twitter_card":"summary_large_image","twitter_misc":{"Tempo estimado de leitura":"2 minutos"},"schema":{"@context":"https:\/\/schema.org","@graph":[{"@type":"WebPage","@id":"https:\/\/revolutionpadelstore.com\/pt-pt\/produto\/harlem-padel-nirvana-5\/","url":"https:\/\/revolutionpadelstore.com\/pt-pt\/produto\/harlem-padel-nirvana-5\/","name":"HARLEM PADEL NIRVANA - Revolution Padel Store","isPartOf":{"@id":"https:\/\/revolutionpadelstore.com\/pt-pt\/#website"},"primaryImageOfPage":{"@id":"https:\/\/revolutionpadelstore.com\/pt-pt\/produto\/harlem-padel-nirvana-5\/#primaryimage"},"image":{"@id":"https:\/\/revolutionpadelstore.com\/pt-pt\/produto\/harlem-padel-nirvana-5\/#primaryimage"},"thumbnailUrl":"https:\/\/revolutionpadelstore.com\/wp-content\/uploads\/2024\/04\/81.png","datePublished":"2024-04-09T06:08:37+00:00","dateModified":"2026-04-08T12:32:47+00:00","description":"El modelo NIRVANA 2024 de Harlem Padel es una pala de alto rendimiento que ha sido dise\u00f1ada para jugadores\/as que tengan un nivel avanzado o profesional, con una t\u00e9cnica muy depurada. Presenta una\u00a0forma de diamante\u00a0con un\u00a0balance alto\u00a0y un punto dulce elevado hacia la parte superior de la pala.","breadcrumb":{"@id":"https:\/\/revolutionpadelstore.com\/pt-pt\/produto\/harlem-padel-nirvana-5\/#breadcrumb"},"inLanguage":"pt-PT","potentialAction":[{"@type":"ReadAction","target":["https:\/\/revolutionpadelstore.com\/pt-pt\/produto\/harlem-padel-nirvana-5\/"]}]},{"@type":"ImageObject","inLanguage":"pt-PT","@id":"https:\/\/revolutionpadelstore.com\/pt-pt\/produto\/harlem-padel-nirvana-5\/#primaryimage","url":"https:\/\/revolutionpadelstore.com\/wp-content\/uploads\/2024\/04\/81.png","contentUrl":"https:\/\/revolutionpadelstore.com\/wp-content\/uploads\/2024\/04\/81.png","width":1500,"height":1500},{"@type":"BreadcrumbList","@id":"https:\/\/revolutionpadelstore.com\/pt-pt\/produto\/harlem-padel-nirvana-5\/#breadcrumb","itemListElement":[{"@type":"ListItem","position":1,"name":"Portada","item":"https:\/\/revolutionpadelstore.com\/pt-pt\/"},{"@type":"ListItem","position":2,"name":"Tienda","item":"https:\/\/revolutionpadelstore.com\/pt-pt\/tienda\/"},{"@type":"ListItem","position":3,"name":"HARLEM PADEL NIRVANA"}]},{"@type":"WebSite","@id":"https:\/\/revolutionpadelstore.com\/pt-pt\/#website","url":"https:\/\/revolutionpadelstore.com\/pt-pt\/","name":"Revolution Padel Store","description":"","publisher":{"@id":"https:\/\/revolutionpadelstore.com\/pt-pt\/#organization"},"potentialAction":[{"@type":"SearchAction","target":{"@type":"EntryPoint","urlTemplate":"https:\/\/revolutionpadelstore.com\/pt-pt\/?s={search_term_string}"},"query-input":{"@type":"PropertyValueSpecification","valueRequired":true,"valueName":"search_term_string"}}],"inLanguage":"pt-PT"},{"@type":"Organization","@id":"https:\/\/revolutionpadelstore.com\/pt-pt\/#organization","name":"Revolution Padel Store","url":"https:\/\/revolutionpadelstore.com\/pt-pt\/","logo":{"@type":"ImageObject","inLanguage":"pt-PT","@id":"https:\/\/revolutionpadelstore.com\/pt-pt\/#\/schema\/logo\/image\/","url":"https:\/\/revolutionpadelstore.com\/wp-content\/uploads\/2026\/02\/revolution-padel-store.jpg","contentUrl":"https:\/\/revolutionpadelstore.com\/wp-content\/uploads\/2026\/02\/revolution-padel-store.jpg","width":2000,"height":2000,"caption":"Revolution Padel Store"},"image":{"@id":"https:\/\/revolutionpadelstore.com\/pt-pt\/#\/schema\/logo\/image\/"},"sameAs":["https:\/\/www.instagram.com\/revolutionpadelstore\/"]}]}},"_links":{"self":[{"href":"https:\/\/revolutionpadelstore.com\/pt-pt\/wp-json\/wp\/v2\/product\/19763","targetHints":{"allow":["GET"]}}],"collection":[{"href":"https:\/\/revolutionpadelstore.com\/pt-pt\/wp-json\/wp\/v2\/product"}],"about":[{"href":"https:\/\/revolutionpadelstore.com\/pt-pt\/wp-json\/wp\/v2\/types\/product"}],"replies":[{"embeddable":true,"href":"https:\/\/revolutionpadelstore.com\/pt-pt\/wp-json\/wp\/v2\/comments?post=19763"}],"wp:featuredmedia":[{"embeddable":true,"href":"https:\/\/revolutionpadelstore.com\/pt-pt\/wp-json\/wp\/v2\/media\/161842"}],"wp:attachment":[{"href":"https:\/\/revolutionpadelstore.com\/pt-pt\/wp-json\/wp\/v2\/media?parent=19763"}],"wp:term":[{"taxonomy":"acabado","embeddable":true,"href":"https:\/\/revolutionpadelstore.com\/pt-pt\/wp-json\/wp\/v2\/acabado?post=19763"},{"taxonomy":"balance","embeddable":true,"href":"https:\/\/revolutionpadelstore.com\/pt-pt\/wp-json\/wp\/v2\/balance?post=19763"},{"taxonomy":"dureza","embeddable":true,"href":"https:\/\/revolutionpadelstore.com\/pt-pt\/wp-json\/wp\/v2\/dureza?post=19763"},{"taxonomy":"forma","embeddable":true,"href":"https:\/\/revolutionpadelstore.com\/pt-pt\/wp-json\/wp\/v2\/forma?post=19763"},{"taxonomy":"jugador","embeddable":true,"href":"https:\/\/revolutionpadelstore.com\/pt-pt\/wp-json\/wp\/v2\/jugador?post=19763"},{"taxonomy":"marca","embeddable":true,"href":"https:\/\/revolutionpadelstore.com\/pt-pt\/wp-json\/wp\/v2\/marca?post=19763"},{"taxonomy":"nivel-de-juego","embeddable":true,"href":"https:\/\/revolutionpadelstore.com\/pt-pt\/wp-json\/wp\/v2\/nivel-de-juego?post=19763"},{"taxonomy":"superficie","embeddable":true,"href":"https:\/\/revolutionpadelstore.com\/pt-pt\/wp-json\/wp\/v2\/superficie?post=19763"},{"taxonomy":"tipo-de-juego","embeddable":true,"href":"https:\/\/revolutionpadelstore.com\/pt-pt\/wp-json\/wp\/v2\/tipo-de-juego?post=19763"},{"taxonomy":"product_brand","embeddable":true,"href":"https:\/\/revolutionpadelstore.com\/pt-pt\/wp-json\/wp\/v2\/product_brand?post=19763"},{"taxonomy":"product_cat","embeddable":true,"href":"https:\/\/revolutionpadelstore.com\/pt-pt\/wp-json\/wp\/v2\/product_cat?post=19763"},{"taxonomy":"product_tag","embeddable":true,"href":"https:\/\/revolutionpadelstore.com\/pt-pt\/wp-json\/wp\/v2\/product_tag?post=19763"}],"curies":[{"name":"wp","href":"https:\/\/api.w.org\/{rel}","templated":true}]}}