{"id":197492,"date":"2025-02-26T23:01:54","date_gmt":"2025-02-26T22:01:54","guid":{"rendered":"https:\/\/revolutionpadelstore.com\/joma-spin-lady-2502-blanco\/"},"modified":"2026-04-08T06:08:10","modified_gmt":"2026-04-08T04:08:10","slug":"joma-spin-lady-2502-blanco-5","status":"publish","type":"product","link":"https:\/\/revolutionpadelstore.com\/pt-pt\/produto\/joma-spin-lady-2502-blanco-5\/","title":{"rendered":"JOMA SPIN LADY 2502 BLANCO"},"content":{"rendered":"<p><H2> <strong> joma spin lady 2502 t\u00eanis brancos &#8211; desempenho m\u00e1ximo e estilo na pista <\/strong> <\/h2>\n<p>O Joma Spin Lady 2502 em branco foi projetado para jogadores de paddle buscando o equil\u00edbrio perfeito entre conforto, estabilidade e design elegante. Sua constru\u00e7\u00e3o incorpora tecnologias avan\u00e7adas que garantem um ajuste ergon\u00f4mico, um amortecimento mais alto e uma respirabilidade ideal para manter os p\u00e9s frescos durante o jogo.<\/p>\n<p>Este modelo se destaca por sua leveza e flexibilidade, permitindo movimentos \u00e1geis e seguros na pista. Al\u00e9m disso, seu design em branco n\u00e3o apenas fornece sofistica\u00e7\u00e3o, mas tamb\u00e9m combina com qualquer roupa esportiva.<br \/>\n<H2> <strong> caracter\u00edsticas e tecnologias do Joma Spin Lady 2502 <\/strong> <\/h2>\n<p>-VTS (ventila\u00e7\u00e3o total do sistema) -Favores Circula\u00e7\u00e3o de ar para manter os p\u00e9s secos e confort\u00e1veis.<br \/>\n-FlexHield -Synthetic Refor\u00e7ados sem costuras que fornecem estabilidade e ajuste ideais.<br \/>\n-Full dual pulsor -double densidade meia que absorve impactos e melhora o amortecimento.<br \/>\n-Reative a bola -retorna da energia aprimorada para maior impulso em cada pegada.<br \/>\n-Exo Refor\u00e7o do balc\u00e3o que garante prote\u00e7\u00e3o e um ajuste seguro. <\/p>\n<p><H2> <strong> Quem s\u00e3o o Joma Spin Lady 2502?<br \/>\nEsses sapatos s\u00e3o projetados para jogadores que procuram cal\u00e7ados que lhes proporcionam estabilidade, conforto e design moderno. Eles s\u00e3o ideais para aqueles que priorizam o amortecimento e a durabilidade, sem desistir do estilo na pista.<\/p>\n<p>Se voc\u00ea est\u00e1 procurando sapatos que o acompanhem em cada ponto com a melhor combina\u00e7\u00e3o de conforto e tecnologia, o Joma Spin Lady 2502 White \u00e9 sua melhor escolha.<br \/>\n<H2> <strong> Por que comprar o joma spin lady 2502? <\/strong> <\/h2>\n<p>-conforto e frescor m\u00e1ximo gra\u00e7as ao seu sistema de ventila\u00e7\u00e3o.<br \/>\n-Ligereza e estabilidade que permitir\u00e3o que voc\u00ea se mova com seguran\u00e7a em cada jogo.<br \/>\nDesign elegante e vers\u00e1til, ideal para combinar com qualquer equipamento.<br \/>\n-A durabilidade com materiais resistentes e respir\u00e1veis. <\/p>\n<p>N\u00e3o espere mais e se equipar com o <strong> joma spin dama 2502 <\/strong> para fazer o melhor em cada jogo. Compre agora em nossa loja on-line &lt;a href = &quot;https:\/\/chatgpt.com\/g\/g-675432e0268888191b6ee6d6f2fdbb15e-timization-textos\/c\/www.revolutionPadelstore.com&quot; ww.revolutionPadtos\/C\/www.revolutionPadelstore.com &quot;ww.revolutionpadpadpad\/ctilltospadpads\/ctills!<\/p>\n<h2><strong>Zapatillas Joma Spin Lady 2502 Blancas \u2013 M\u00e1ximo rendimiento y estilo en la pista<\/strong><\/p>\n","protected":false},"excerpt":{"rendered":"<p>Este modelo \u00e9 distinguido por seu peso leve e grande flexibilidade, que facilita movimentos r\u00e1pidos e seguros na pista. Al\u00e9m disso, seu elegante design branco n\u00e3o apenas fornece um toque sofisticado, mas tamb\u00e9m se adapta facilmente a qualquer equipe esportiva.<\/p>\n","protected":false},"featured_media":197446,"comment_status":"open","ping_status":"closed","template":"","meta":{"_acf_changed":false,"_joinchat":[]},"acabado":[],"balance":[],"dureza":[],"forma":[],"jugador":[1195],"marca":[1225],"nivel-de-juego":[],"superficie":[],"tipo-de-juego":[],"product_brand":[],"product_cat":[833],"product_tag":[],"class_list":{"0":"post-197492","1":"product","2":"type-product","3":"status-publish","4":"has-post-thumbnail","6":"jugador-mulher","7":"marca-joma-pt-pt","8":"product_cat-tenis","10":"first","11":"outofstock","12":"sale","13":"taxable","14":"shipping-taxable","15":"purchasable","16":"product-type-variable"},"acf":[],"yoast_head":"<!-- This site is optimized with the Yoast SEO plugin v27.4 - https:\/\/yoast.com\/product\/yoast-seo-wordpress\/ -->\n<title>JOMA SPIN LADY 2502 BLANCO - Revolution Padel Store<\/title>\n<meta name=\"description\" content=\"Compra las Joma Spin Lady 2502 Blancas, unas zapatillas de p\u00e1del ligeras, transpirables y con tecnolog\u00edas avanzadas para m\u00e1ximo rendimiento. \u00a1Entra ya en Revolution Padel Store!\" \/>\n<meta name=\"robots\" content=\"index, follow, max-snippet:-1, max-image-preview:large, max-video-preview:-1\" \/>\n<link rel=\"canonical\" href=\"https:\/\/revolutionpadelstore.com\/pt-pt\/produto\/joma-spin-lady-2502-blanco-5\/\" \/>\n<meta property=\"og:locale\" content=\"pt_PT\" \/>\n<meta property=\"og:type\" content=\"article\" \/>\n<meta property=\"og:title\" content=\"JOMA SPIN LADY 2502 BLANCO - Revolution Padel Store\" \/>\n<meta property=\"og:description\" content=\"Compra las Joma Spin Lady 2502 Blancas, unas zapatillas de p\u00e1del ligeras, transpirables y con tecnolog\u00edas avanzadas para m\u00e1ximo rendimiento. \u00a1Entra ya en Revolution Padel Store!\" \/>\n<meta property=\"og:url\" content=\"https:\/\/revolutionpadelstore.com\/pt-pt\/produto\/joma-spin-lady-2502-blanco-5\/\" \/>\n<meta property=\"og:site_name\" content=\"Revolution Padel Store\" \/>\n<meta property=\"article:modified_time\" content=\"2026-04-08T04:08:10+00:00\" \/>\n<meta property=\"og:image\" content=\"https:\/\/revolutionpadelstore.com\/wp-content\/uploads\/2025\/02\/136.png\" \/>\n\t<meta property=\"og:image:width\" content=\"1500\" \/>\n\t<meta property=\"og:image:height\" content=\"1500\" \/>\n\t<meta property=\"og:image:type\" content=\"image\/png\" \/>\n<meta name=\"twitter:card\" content=\"summary_large_image\" \/>\n<meta name=\"twitter:label1\" content=\"Tempo estimado de leitura\" \/>\n\t<meta name=\"twitter:data1\" content=\"2 minutos\" \/>\n<script type=\"application\/ld+json\" class=\"yoast-schema-graph\">{\"@context\":\"https:\\\/\\\/schema.org\",\"@graph\":[{\"@type\":\"WebPage\",\"@id\":\"https:\\\/\\\/revolutionpadelstore.com\\\/pt-pt\\\/produto\\\/joma-spin-lady-2502-blanco-5\\\/\",\"url\":\"https:\\\/\\\/revolutionpadelstore.com\\\/pt-pt\\\/produto\\\/joma-spin-lady-2502-blanco-5\\\/\",\"name\":\"JOMA SPIN LADY 2502 BLANCO - Revolution Padel Store\",\"isPartOf\":{\"@id\":\"https:\\\/\\\/revolutionpadelstore.com\\\/pt-pt\\\/#website\"},\"primaryImageOfPage\":{\"@id\":\"https:\\\/\\\/revolutionpadelstore.com\\\/pt-pt\\\/produto\\\/joma-spin-lady-2502-blanco-5\\\/#primaryimage\"},\"image\":{\"@id\":\"https:\\\/\\\/revolutionpadelstore.com\\\/pt-pt\\\/produto\\\/joma-spin-lady-2502-blanco-5\\\/#primaryimage\"},\"thumbnailUrl\":\"https:\\\/\\\/revolutionpadelstore.com\\\/wp-content\\\/uploads\\\/2025\\\/02\\\/136.png\",\"datePublished\":\"2025-02-26T22:01:54+00:00\",\"dateModified\":\"2026-04-08T04:08:10+00:00\",\"description\":\"Compra las Joma Spin Lady 2502 Blancas, unas zapatillas de p\u00e1del ligeras, transpirables y con tecnolog\u00edas avanzadas para m\u00e1ximo rendimiento. \u00a1Entra ya en Revolution Padel Store!\",\"breadcrumb\":{\"@id\":\"https:\\\/\\\/revolutionpadelstore.com\\\/pt-pt\\\/produto\\\/joma-spin-lady-2502-blanco-5\\\/#breadcrumb\"},\"inLanguage\":\"pt-PT\",\"potentialAction\":[{\"@type\":\"ReadAction\",\"target\":[\"https:\\\/\\\/revolutionpadelstore.com\\\/pt-pt\\\/produto\\\/joma-spin-lady-2502-blanco-5\\\/\"]}]},{\"@type\":\"ImageObject\",\"inLanguage\":\"pt-PT\",\"@id\":\"https:\\\/\\\/revolutionpadelstore.com\\\/pt-pt\\\/produto\\\/joma-spin-lady-2502-blanco-5\\\/#primaryimage\",\"url\":\"https:\\\/\\\/revolutionpadelstore.com\\\/wp-content\\\/uploads\\\/2025\\\/02\\\/136.png\",\"contentUrl\":\"https:\\\/\\\/revolutionpadelstore.com\\\/wp-content\\\/uploads\\\/2025\\\/02\\\/136.png\",\"width\":1500,\"height\":1500},{\"@type\":\"BreadcrumbList\",\"@id\":\"https:\\\/\\\/revolutionpadelstore.com\\\/pt-pt\\\/produto\\\/joma-spin-lady-2502-blanco-5\\\/#breadcrumb\",\"itemListElement\":[{\"@type\":\"ListItem\",\"position\":1,\"name\":\"Portada\",\"item\":\"https:\\\/\\\/revolutionpadelstore.com\\\/pt-pt\\\/\"},{\"@type\":\"ListItem\",\"position\":2,\"name\":\"Tienda\",\"item\":\"https:\\\/\\\/revolutionpadelstore.com\\\/pt-pt\\\/tienda\\\/\"},{\"@type\":\"ListItem\",\"position\":3,\"name\":\"JOMA SPIN LADY 2502 BLANCO\"}]},{\"@type\":\"WebSite\",\"@id\":\"https:\\\/\\\/revolutionpadelstore.com\\\/pt-pt\\\/#website\",\"url\":\"https:\\\/\\\/revolutionpadelstore.com\\\/pt-pt\\\/\",\"name\":\"Revolution Padel Store\",\"description\":\"\",\"publisher\":{\"@id\":\"https:\\\/\\\/revolutionpadelstore.com\\\/pt-pt\\\/#organization\"},\"potentialAction\":[{\"@type\":\"SearchAction\",\"target\":{\"@type\":\"EntryPoint\",\"urlTemplate\":\"https:\\\/\\\/revolutionpadelstore.com\\\/pt-pt\\\/?s={search_term_string}\"},\"query-input\":{\"@type\":\"PropertyValueSpecification\",\"valueRequired\":true,\"valueName\":\"search_term_string\"}}],\"inLanguage\":\"pt-PT\"},{\"@type\":\"Organization\",\"@id\":\"https:\\\/\\\/revolutionpadelstore.com\\\/pt-pt\\\/#organization\",\"name\":\"Revolution Padel Store\",\"url\":\"https:\\\/\\\/revolutionpadelstore.com\\\/pt-pt\\\/\",\"logo\":{\"@type\":\"ImageObject\",\"inLanguage\":\"pt-PT\",\"@id\":\"https:\\\/\\\/revolutionpadelstore.com\\\/pt-pt\\\/#\\\/schema\\\/logo\\\/image\\\/\",\"url\":\"https:\\\/\\\/revolutionpadelstore.com\\\/wp-content\\\/uploads\\\/2026\\\/02\\\/revolution-padel-store.jpg\",\"contentUrl\":\"https:\\\/\\\/revolutionpadelstore.com\\\/wp-content\\\/uploads\\\/2026\\\/02\\\/revolution-padel-store.jpg\",\"width\":2000,\"height\":2000,\"caption\":\"Revolution Padel Store\"},\"image\":{\"@id\":\"https:\\\/\\\/revolutionpadelstore.com\\\/pt-pt\\\/#\\\/schema\\\/logo\\\/image\\\/\"},\"sameAs\":[\"https:\\\/\\\/www.instagram.com\\\/revolutionpadelstore\\\/\"]}]}<\/script>\n<!-- \/ Yoast SEO plugin. -->","yoast_head_json":{"title":"JOMA SPIN LADY 2502 BLANCO - Revolution Padel Store","description":"Compra las Joma Spin Lady 2502 Blancas, unas zapatillas de p\u00e1del ligeras, transpirables y con tecnolog\u00edas avanzadas para m\u00e1ximo rendimiento. \u00a1Entra ya en Revolution Padel Store!","robots":{"index":"index","follow":"follow","max-snippet":"max-snippet:-1","max-image-preview":"max-image-preview:large","max-video-preview":"max-video-preview:-1"},"canonical":"https:\/\/revolutionpadelstore.com\/pt-pt\/produto\/joma-spin-lady-2502-blanco-5\/","og_locale":"pt_PT","og_type":"article","og_title":"JOMA SPIN LADY 2502 BLANCO - Revolution Padel Store","og_description":"Compra las Joma Spin Lady 2502 Blancas, unas zapatillas de p\u00e1del ligeras, transpirables y con tecnolog\u00edas avanzadas para m\u00e1ximo rendimiento. \u00a1Entra ya en Revolution Padel Store!","og_url":"https:\/\/revolutionpadelstore.com\/pt-pt\/produto\/joma-spin-lady-2502-blanco-5\/","og_site_name":"Revolution Padel Store","article_modified_time":"2026-04-08T04:08:10+00:00","og_image":[{"width":1500,"height":1500,"url":"https:\/\/revolutionpadelstore.com\/wp-content\/uploads\/2025\/02\/136.png","type":"image\/png"}],"twitter_card":"summary_large_image","twitter_misc":{"Tempo estimado de leitura":"2 minutos"},"schema":{"@context":"https:\/\/schema.org","@graph":[{"@type":"WebPage","@id":"https:\/\/revolutionpadelstore.com\/pt-pt\/produto\/joma-spin-lady-2502-blanco-5\/","url":"https:\/\/revolutionpadelstore.com\/pt-pt\/produto\/joma-spin-lady-2502-blanco-5\/","name":"JOMA SPIN LADY 2502 BLANCO - Revolution Padel Store","isPartOf":{"@id":"https:\/\/revolutionpadelstore.com\/pt-pt\/#website"},"primaryImageOfPage":{"@id":"https:\/\/revolutionpadelstore.com\/pt-pt\/produto\/joma-spin-lady-2502-blanco-5\/#primaryimage"},"image":{"@id":"https:\/\/revolutionpadelstore.com\/pt-pt\/produto\/joma-spin-lady-2502-blanco-5\/#primaryimage"},"thumbnailUrl":"https:\/\/revolutionpadelstore.com\/wp-content\/uploads\/2025\/02\/136.png","datePublished":"2025-02-26T22:01:54+00:00","dateModified":"2026-04-08T04:08:10+00:00","description":"Compra las Joma Spin Lady 2502 Blancas, unas zapatillas de p\u00e1del ligeras, transpirables y con tecnolog\u00edas avanzadas para m\u00e1ximo rendimiento. \u00a1Entra ya en Revolution Padel Store!","breadcrumb":{"@id":"https:\/\/revolutionpadelstore.com\/pt-pt\/produto\/joma-spin-lady-2502-blanco-5\/#breadcrumb"},"inLanguage":"pt-PT","potentialAction":[{"@type":"ReadAction","target":["https:\/\/revolutionpadelstore.com\/pt-pt\/produto\/joma-spin-lady-2502-blanco-5\/"]}]},{"@type":"ImageObject","inLanguage":"pt-PT","@id":"https:\/\/revolutionpadelstore.com\/pt-pt\/produto\/joma-spin-lady-2502-blanco-5\/#primaryimage","url":"https:\/\/revolutionpadelstore.com\/wp-content\/uploads\/2025\/02\/136.png","contentUrl":"https:\/\/revolutionpadelstore.com\/wp-content\/uploads\/2025\/02\/136.png","width":1500,"height":1500},{"@type":"BreadcrumbList","@id":"https:\/\/revolutionpadelstore.com\/pt-pt\/produto\/joma-spin-lady-2502-blanco-5\/#breadcrumb","itemListElement":[{"@type":"ListItem","position":1,"name":"Portada","item":"https:\/\/revolutionpadelstore.com\/pt-pt\/"},{"@type":"ListItem","position":2,"name":"Tienda","item":"https:\/\/revolutionpadelstore.com\/pt-pt\/tienda\/"},{"@type":"ListItem","position":3,"name":"JOMA SPIN LADY 2502 BLANCO"}]},{"@type":"WebSite","@id":"https:\/\/revolutionpadelstore.com\/pt-pt\/#website","url":"https:\/\/revolutionpadelstore.com\/pt-pt\/","name":"Revolution Padel Store","description":"","publisher":{"@id":"https:\/\/revolutionpadelstore.com\/pt-pt\/#organization"},"potentialAction":[{"@type":"SearchAction","target":{"@type":"EntryPoint","urlTemplate":"https:\/\/revolutionpadelstore.com\/pt-pt\/?s={search_term_string}"},"query-input":{"@type":"PropertyValueSpecification","valueRequired":true,"valueName":"search_term_string"}}],"inLanguage":"pt-PT"},{"@type":"Organization","@id":"https:\/\/revolutionpadelstore.com\/pt-pt\/#organization","name":"Revolution Padel Store","url":"https:\/\/revolutionpadelstore.com\/pt-pt\/","logo":{"@type":"ImageObject","inLanguage":"pt-PT","@id":"https:\/\/revolutionpadelstore.com\/pt-pt\/#\/schema\/logo\/image\/","url":"https:\/\/revolutionpadelstore.com\/wp-content\/uploads\/2026\/02\/revolution-padel-store.jpg","contentUrl":"https:\/\/revolutionpadelstore.com\/wp-content\/uploads\/2026\/02\/revolution-padel-store.jpg","width":2000,"height":2000,"caption":"Revolution Padel Store"},"image":{"@id":"https:\/\/revolutionpadelstore.com\/pt-pt\/#\/schema\/logo\/image\/"},"sameAs":["https:\/\/www.instagram.com\/revolutionpadelstore\/"]}]}},"_links":{"self":[{"href":"https:\/\/revolutionpadelstore.com\/pt-pt\/wp-json\/wp\/v2\/product\/197492","targetHints":{"allow":["GET"]}}],"collection":[{"href":"https:\/\/revolutionpadelstore.com\/pt-pt\/wp-json\/wp\/v2\/product"}],"about":[{"href":"https:\/\/revolutionpadelstore.com\/pt-pt\/wp-json\/wp\/v2\/types\/product"}],"replies":[{"embeddable":true,"href":"https:\/\/revolutionpadelstore.com\/pt-pt\/wp-json\/wp\/v2\/comments?post=197492"}],"wp:featuredmedia":[{"embeddable":true,"href":"https:\/\/revolutionpadelstore.com\/pt-pt\/wp-json\/wp\/v2\/media\/197446"}],"wp:attachment":[{"href":"https:\/\/revolutionpadelstore.com\/pt-pt\/wp-json\/wp\/v2\/media?parent=197492"}],"wp:term":[{"taxonomy":"acabado","embeddable":true,"href":"https:\/\/revolutionpadelstore.com\/pt-pt\/wp-json\/wp\/v2\/acabado?post=197492"},{"taxonomy":"balance","embeddable":true,"href":"https:\/\/revolutionpadelstore.com\/pt-pt\/wp-json\/wp\/v2\/balance?post=197492"},{"taxonomy":"dureza","embeddable":true,"href":"https:\/\/revolutionpadelstore.com\/pt-pt\/wp-json\/wp\/v2\/dureza?post=197492"},{"taxonomy":"forma","embeddable":true,"href":"https:\/\/revolutionpadelstore.com\/pt-pt\/wp-json\/wp\/v2\/forma?post=197492"},{"taxonomy":"jugador","embeddable":true,"href":"https:\/\/revolutionpadelstore.com\/pt-pt\/wp-json\/wp\/v2\/jugador?post=197492"},{"taxonomy":"marca","embeddable":true,"href":"https:\/\/revolutionpadelstore.com\/pt-pt\/wp-json\/wp\/v2\/marca?post=197492"},{"taxonomy":"nivel-de-juego","embeddable":true,"href":"https:\/\/revolutionpadelstore.com\/pt-pt\/wp-json\/wp\/v2\/nivel-de-juego?post=197492"},{"taxonomy":"superficie","embeddable":true,"href":"https:\/\/revolutionpadelstore.com\/pt-pt\/wp-json\/wp\/v2\/superficie?post=197492"},{"taxonomy":"tipo-de-juego","embeddable":true,"href":"https:\/\/revolutionpadelstore.com\/pt-pt\/wp-json\/wp\/v2\/tipo-de-juego?post=197492"},{"taxonomy":"product_brand","embeddable":true,"href":"https:\/\/revolutionpadelstore.com\/pt-pt\/wp-json\/wp\/v2\/product_brand?post=197492"},{"taxonomy":"product_cat","embeddable":true,"href":"https:\/\/revolutionpadelstore.com\/pt-pt\/wp-json\/wp\/v2\/product_cat?post=197492"},{"taxonomy":"product_tag","embeddable":true,"href":"https:\/\/revolutionpadelstore.com\/pt-pt\/wp-json\/wp\/v2\/product_tag?post=197492"}],"curies":[{"name":"wp","href":"https:\/\/api.w.org\/{rel}","templated":true}]}}