{"id":19748,"date":"2024-04-09T09:57:49","date_gmt":"2024-04-09T07:57:49","guid":{"rendered":"https:\/\/revolutionpadelstore.com\/harlem-padel-euphoria-soft-2024\/"},"modified":"2025-12-30T15:42:12","modified_gmt":"2025-12-30T14:42:12","slug":"harlem-padel-euphoria-soft-6","status":"publish","type":"product","link":"https:\/\/revolutionpadelstore.com\/pt-pt\/produto\/harlem-padel-euphoria-soft-6\/","title":{"rendered":"HARLEM PADEL EUPHORIA SOFT"},"content":{"rendered":"<p>O modelo <strong>EUPHORIA SOFT 2024<\/strong> \u00e9 um dos modelos da nova linha Harlem P\u00e1del.<\/p>\n<p>\u00c9 uma raquete de padel de formato h\u00edbrido, com equil\u00edbrio m\u00e9dio-alto e furo distribu\u00eddo com estrutura dupla alinhada horizontalmente. Esses fatores o tornam leve e permitem executar golpes poderosos, r\u00e1pidos e precisos. Ela foi projetada para jogadores de n\u00edvel m\u00e9dio-avan\u00e7ado que precisam de uma raquete de padel confi\u00e1vel para exibir um estilo de jogo vers\u00e1til.<\/p>\n<p>O sweet spot \u00e9 bastante amplo, permitindo-nos realizar todo o tipo de disparos com grande precis\u00e3o.<\/p>\n<p>No interior da raquete temos um n\u00facleo de borracha EVA PRETA laminada com diferentes densidades que inclui a tecnologia <strong>High Recovery<\/strong>, promovendo recupera\u00e7\u00e3o r\u00e1pida e facilitando golpes alt\u00edssimos. Este modelo proporciona-nos uma sensa\u00e7\u00e3o m\u00e9dia em todos os nossos impactos, pelo que a pot\u00eancia e o controlo parecem muito equilibrados neste modelo EUPHORIA SOFT 2024.<\/p>\n<p>A estrutura tubular \u00e9 100% carbono para garantir grande durabilidade e excelente resist\u00eancia ao desgaste t\u00edpico dos n\u00edveis avan\u00e7ados.<\/p>\n<p>Os avi\u00f5es s\u00e3o feitos de carbono 3K de \u00faltima gera\u00e7\u00e3o com acabamento \u00e1spero. Isto favorece a execu\u00e7\u00e3o de efeitos s\u00f3lidos e altamente precisos.<\/p>\n<p>Um antivibrador foi incorporado \u00e0 ponte central que minimiza o risco de les\u00f5es e o pesco\u00e7o da raquete integra quatro orif\u00edcios triangulares paralelos que adicionam aerodin\u00e2mica a todos os movimentos de swing, tornando a EUPHORIA PRO 2024 uma p\u00e1 muito manej\u00e1vel.<\/p>\n<p>O acabamento da l\u00e2mina incorpora o \u201cH\u201d estilizado t\u00edpico do Harlem em ambos os planos com um tamanho muito grande em cores com efeito brilho e uma textura \u00e1spera.<\/p>\n","protected":false},"excerpt":{"rendered":"<p>\u00c9 uma raquete de padel de formato h\u00edbrido, com equil\u00edbrio m\u00e9dio-alto e furo distribu\u00eddo com estrutura dupla alinhada horizontalmente. Esses fatores o tornam leve e permitem executar golpes poderosos, r\u00e1pidos e precisos. Ela foi projetada para jogadores de n\u00edvel m\u00e9dio-avan\u00e7ado que precisam de uma raquete confi\u00e1vel para exibir um estilo de jogo vers\u00e1til.<\/p>\n","protected":false},"featured_media":161854,"comment_status":"open","ping_status":"closed","template":"","meta":{"_acf_changed":false,"_joinchat":[]},"acabado":[1090,1080],"balance":[1135,1140],"dureza":[1155],"forma":[1175],"jugador":[1195],"marca":[1235],"nivel-de-juego":[1335,1350],"superficie":[1360],"tipo-de-juego":[1370,1385],"product_brand":[],"product_cat":[300],"product_tag":[],"class_list":{"0":"post-19748","1":"product","2":"type-product","3":"status-publish","4":"has-post-thumbnail","6":"acabado-alivio-3d","7":"acabado-brilho","8":"balance-alto-pt-pt","9":"balance-medio-pt-pt","10":"dureza-media-pt-pt","11":"forma-hibrido","12":"jugador-mulher","13":"marca-harlem-padel-pt-pt","14":"superficie-rugosa-pt-pt","15":"tipo-de-juego-controle","16":"tipo-de-juego-polivalente-pt-pt","17":"product_cat-palas","19":"first","20":"onbackorder","21":"sale","22":"taxable","23":"shipping-taxable","24":"purchasable","25":"product-type-simple"},"acf":[],"yoast_head":"<!-- This site is optimized with the Yoast SEO plugin v27.3 - https:\/\/yoast.com\/product\/yoast-seo-wordpress\/ -->\n<title>HARLEM PADEL EUPHORIA SOFT - Revolution Padel Store<\/title>\n<meta name=\"description\" content=\"Es una pala de p\u00e1del de\u00a0forma h\u00edbrida, con un\u00a0balance medio-alto\u00a0y un agujereado distribuido con una estructura doble alineada horizontalmente. Estos factores la hacen ligera y permiten ejecutar golpes potentes, r\u00e1pidos y precisos. Est\u00e1 dise\u00f1ada para jugadores\/as de nivel medio-avanzado que requieran de una pala confiable para desplegar un estilo de juego polivalente.\" \/>\n<meta name=\"robots\" content=\"index, follow, max-snippet:-1, max-image-preview:large, max-video-preview:-1\" \/>\n<link rel=\"canonical\" href=\"https:\/\/revolutionpadelstore.com\/pt-pt\/produto\/harlem-padel-euphoria-soft-6\/\" \/>\n<meta property=\"og:locale\" content=\"pt_PT\" \/>\n<meta property=\"og:type\" content=\"article\" \/>\n<meta property=\"og:title\" content=\"COMPRAR HARLEM PADEL EUPHORIA SOFT 2024\" \/>\n<meta property=\"og:description\" content=\"Es una pala de p\u00e1del de\u00a0forma h\u00edbrida, con un\u00a0balance medio-alto\u00a0y un agujereado distribuido con una estructura doble alineada horizontalmente. Estos factores la hacen ligera y permiten ejecutar golpes potentes, r\u00e1pidos y precisos. Est\u00e1 dise\u00f1ada para jugadores\/as de nivel medio-avanzado que requieran de una pala confiable para desplegar un estilo de juego polivalente.\" \/>\n<meta property=\"og:url\" content=\"https:\/\/revolutionpadelstore.com\/pt-pt\/produto\/harlem-padel-euphoria-soft-6\/\" \/>\n<meta property=\"og:site_name\" content=\"Revolution Padel Store\" \/>\n<meta property=\"article:modified_time\" content=\"2025-12-30T14:42:12+00:00\" \/>\n<meta property=\"og:image\" content=\"https:\/\/revolutionpadelstore.com\/wp-content\/uploads\/2024\/04\/EUPHORIA_MORADA_1.jpg\" \/>\n\t<meta property=\"og:image:width\" content=\"800\" \/>\n\t<meta property=\"og:image:height\" content=\"800\" \/>\n\t<meta property=\"og:image:type\" content=\"image\/jpeg\" \/>\n<meta name=\"twitter:card\" content=\"summary_large_image\" \/>\n<meta name=\"twitter:label1\" content=\"Tempo estimado de leitura\" \/>\n\t<meta name=\"twitter:data1\" content=\"2 minutos\" \/>\n<script type=\"application\/ld+json\" class=\"yoast-schema-graph\">{\"@context\":\"https:\\\/\\\/schema.org\",\"@graph\":[{\"@type\":\"WebPage\",\"@id\":\"https:\\\/\\\/revolutionpadelstore.com\\\/pt-pt\\\/produto\\\/harlem-padel-euphoria-soft-6\\\/\",\"url\":\"https:\\\/\\\/revolutionpadelstore.com\\\/pt-pt\\\/produto\\\/harlem-padel-euphoria-soft-6\\\/\",\"name\":\"HARLEM PADEL EUPHORIA SOFT - Revolution Padel Store\",\"isPartOf\":{\"@id\":\"https:\\\/\\\/revolutionpadelstore.com\\\/pt-pt\\\/#website\"},\"primaryImageOfPage\":{\"@id\":\"https:\\\/\\\/revolutionpadelstore.com\\\/pt-pt\\\/produto\\\/harlem-padel-euphoria-soft-6\\\/#primaryimage\"},\"image\":{\"@id\":\"https:\\\/\\\/revolutionpadelstore.com\\\/pt-pt\\\/produto\\\/harlem-padel-euphoria-soft-6\\\/#primaryimage\"},\"thumbnailUrl\":\"https:\\\/\\\/revolutionpadelstore.com\\\/wp-content\\\/uploads\\\/2024\\\/04\\\/83.png\",\"datePublished\":\"2024-04-09T07:57:49+00:00\",\"dateModified\":\"2025-12-30T14:42:12+00:00\",\"description\":\"Es una pala de p\u00e1del de\u00a0forma h\u00edbrida, con un\u00a0balance medio-alto\u00a0y un agujereado distribuido con una estructura doble alineada horizontalmente. Estos factores la hacen ligera y permiten ejecutar golpes potentes, r\u00e1pidos y precisos. Est\u00e1 dise\u00f1ada para jugadores\\\/as de nivel medio-avanzado que requieran de una pala confiable para desplegar un estilo de juego polivalente.\",\"breadcrumb\":{\"@id\":\"https:\\\/\\\/revolutionpadelstore.com\\\/pt-pt\\\/produto\\\/harlem-padel-euphoria-soft-6\\\/#breadcrumb\"},\"inLanguage\":\"pt-PT\",\"potentialAction\":[{\"@type\":\"ReadAction\",\"target\":[\"https:\\\/\\\/revolutionpadelstore.com\\\/pt-pt\\\/produto\\\/harlem-padel-euphoria-soft-6\\\/\"]}]},{\"@type\":\"ImageObject\",\"inLanguage\":\"pt-PT\",\"@id\":\"https:\\\/\\\/revolutionpadelstore.com\\\/pt-pt\\\/produto\\\/harlem-padel-euphoria-soft-6\\\/#primaryimage\",\"url\":\"https:\\\/\\\/revolutionpadelstore.com\\\/wp-content\\\/uploads\\\/2024\\\/04\\\/83.png\",\"contentUrl\":\"https:\\\/\\\/revolutionpadelstore.com\\\/wp-content\\\/uploads\\\/2024\\\/04\\\/83.png\",\"width\":1500,\"height\":1500},{\"@type\":\"BreadcrumbList\",\"@id\":\"https:\\\/\\\/revolutionpadelstore.com\\\/pt-pt\\\/produto\\\/harlem-padel-euphoria-soft-6\\\/#breadcrumb\",\"itemListElement\":[{\"@type\":\"ListItem\",\"position\":1,\"name\":\"Portada\",\"item\":\"https:\\\/\\\/revolutionpadelstore.com\\\/pt-pt\\\/\"},{\"@type\":\"ListItem\",\"position\":2,\"name\":\"Tienda\",\"item\":\"https:\\\/\\\/revolutionpadelstore.com\\\/pt-pt\\\/tienda\\\/\"},{\"@type\":\"ListItem\",\"position\":3,\"name\":\"HARLEM PADEL EUPHORIA SOFT\"}]},{\"@type\":\"WebSite\",\"@id\":\"https:\\\/\\\/revolutionpadelstore.com\\\/pt-pt\\\/#website\",\"url\":\"https:\\\/\\\/revolutionpadelstore.com\\\/pt-pt\\\/\",\"name\":\"Revolution Padel Store\",\"description\":\"\",\"publisher\":{\"@id\":\"https:\\\/\\\/revolutionpadelstore.com\\\/pt-pt\\\/#organization\"},\"potentialAction\":[{\"@type\":\"SearchAction\",\"target\":{\"@type\":\"EntryPoint\",\"urlTemplate\":\"https:\\\/\\\/revolutionpadelstore.com\\\/pt-pt\\\/?s={search_term_string}\"},\"query-input\":{\"@type\":\"PropertyValueSpecification\",\"valueRequired\":true,\"valueName\":\"search_term_string\"}}],\"inLanguage\":\"pt-PT\"},{\"@type\":\"Organization\",\"@id\":\"https:\\\/\\\/revolutionpadelstore.com\\\/pt-pt\\\/#organization\",\"name\":\"Revolution Padel Store\",\"url\":\"https:\\\/\\\/revolutionpadelstore.com\\\/pt-pt\\\/\",\"logo\":{\"@type\":\"ImageObject\",\"inLanguage\":\"pt-PT\",\"@id\":\"https:\\\/\\\/revolutionpadelstore.com\\\/pt-pt\\\/#\\\/schema\\\/logo\\\/image\\\/\",\"url\":\"https:\\\/\\\/revolutionpadelstore.com\\\/wp-content\\\/uploads\\\/2026\\\/02\\\/revolution-padel-store.jpg\",\"contentUrl\":\"https:\\\/\\\/revolutionpadelstore.com\\\/wp-content\\\/uploads\\\/2026\\\/02\\\/revolution-padel-store.jpg\",\"width\":2000,\"height\":2000,\"caption\":\"Revolution Padel Store\"},\"image\":{\"@id\":\"https:\\\/\\\/revolutionpadelstore.com\\\/pt-pt\\\/#\\\/schema\\\/logo\\\/image\\\/\"},\"sameAs\":[\"https:\\\/\\\/www.instagram.com\\\/revolutionpadelstore\\\/\"]}]}<\/script>\n<!-- \/ Yoast SEO plugin. -->","yoast_head_json":{"title":"HARLEM PADEL EUPHORIA SOFT - Revolution Padel Store","description":"Es una pala de p\u00e1del de\u00a0forma h\u00edbrida, con un\u00a0balance medio-alto\u00a0y un agujereado distribuido con una estructura doble alineada horizontalmente. Estos factores la hacen ligera y permiten ejecutar golpes potentes, r\u00e1pidos y precisos. Est\u00e1 dise\u00f1ada para jugadores\/as de nivel medio-avanzado que requieran de una pala confiable para desplegar un estilo de juego polivalente.","robots":{"index":"index","follow":"follow","max-snippet":"max-snippet:-1","max-image-preview":"max-image-preview:large","max-video-preview":"max-video-preview:-1"},"canonical":"https:\/\/revolutionpadelstore.com\/pt-pt\/produto\/harlem-padel-euphoria-soft-6\/","og_locale":"pt_PT","og_type":"article","og_title":"COMPRAR HARLEM PADEL EUPHORIA SOFT 2024","og_description":"Es una pala de p\u00e1del de\u00a0forma h\u00edbrida, con un\u00a0balance medio-alto\u00a0y un agujereado distribuido con una estructura doble alineada horizontalmente. Estos factores la hacen ligera y permiten ejecutar golpes potentes, r\u00e1pidos y precisos. Est\u00e1 dise\u00f1ada para jugadores\/as de nivel medio-avanzado que requieran de una pala confiable para desplegar un estilo de juego polivalente.","og_url":"https:\/\/revolutionpadelstore.com\/pt-pt\/produto\/harlem-padel-euphoria-soft-6\/","og_site_name":"Revolution Padel Store","article_modified_time":"2025-12-30T14:42:12+00:00","og_image":[{"width":800,"height":800,"url":"https:\/\/revolutionpadelstore.com\/wp-content\/uploads\/2024\/04\/EUPHORIA_MORADA_1.jpg","type":"image\/jpeg"}],"twitter_card":"summary_large_image","twitter_misc":{"Tempo estimado de leitura":"2 minutos"},"schema":{"@context":"https:\/\/schema.org","@graph":[{"@type":"WebPage","@id":"https:\/\/revolutionpadelstore.com\/pt-pt\/produto\/harlem-padel-euphoria-soft-6\/","url":"https:\/\/revolutionpadelstore.com\/pt-pt\/produto\/harlem-padel-euphoria-soft-6\/","name":"HARLEM PADEL EUPHORIA SOFT - Revolution Padel Store","isPartOf":{"@id":"https:\/\/revolutionpadelstore.com\/pt-pt\/#website"},"primaryImageOfPage":{"@id":"https:\/\/revolutionpadelstore.com\/pt-pt\/produto\/harlem-padel-euphoria-soft-6\/#primaryimage"},"image":{"@id":"https:\/\/revolutionpadelstore.com\/pt-pt\/produto\/harlem-padel-euphoria-soft-6\/#primaryimage"},"thumbnailUrl":"https:\/\/revolutionpadelstore.com\/wp-content\/uploads\/2024\/04\/83.png","datePublished":"2024-04-09T07:57:49+00:00","dateModified":"2025-12-30T14:42:12+00:00","description":"Es una pala de p\u00e1del de\u00a0forma h\u00edbrida, con un\u00a0balance medio-alto\u00a0y un agujereado distribuido con una estructura doble alineada horizontalmente. Estos factores la hacen ligera y permiten ejecutar golpes potentes, r\u00e1pidos y precisos. Est\u00e1 dise\u00f1ada para jugadores\/as de nivel medio-avanzado que requieran de una pala confiable para desplegar un estilo de juego polivalente.","breadcrumb":{"@id":"https:\/\/revolutionpadelstore.com\/pt-pt\/produto\/harlem-padel-euphoria-soft-6\/#breadcrumb"},"inLanguage":"pt-PT","potentialAction":[{"@type":"ReadAction","target":["https:\/\/revolutionpadelstore.com\/pt-pt\/produto\/harlem-padel-euphoria-soft-6\/"]}]},{"@type":"ImageObject","inLanguage":"pt-PT","@id":"https:\/\/revolutionpadelstore.com\/pt-pt\/produto\/harlem-padel-euphoria-soft-6\/#primaryimage","url":"https:\/\/revolutionpadelstore.com\/wp-content\/uploads\/2024\/04\/83.png","contentUrl":"https:\/\/revolutionpadelstore.com\/wp-content\/uploads\/2024\/04\/83.png","width":1500,"height":1500},{"@type":"BreadcrumbList","@id":"https:\/\/revolutionpadelstore.com\/pt-pt\/produto\/harlem-padel-euphoria-soft-6\/#breadcrumb","itemListElement":[{"@type":"ListItem","position":1,"name":"Portada","item":"https:\/\/revolutionpadelstore.com\/pt-pt\/"},{"@type":"ListItem","position":2,"name":"Tienda","item":"https:\/\/revolutionpadelstore.com\/pt-pt\/tienda\/"},{"@type":"ListItem","position":3,"name":"HARLEM PADEL EUPHORIA SOFT"}]},{"@type":"WebSite","@id":"https:\/\/revolutionpadelstore.com\/pt-pt\/#website","url":"https:\/\/revolutionpadelstore.com\/pt-pt\/","name":"Revolution Padel Store","description":"","publisher":{"@id":"https:\/\/revolutionpadelstore.com\/pt-pt\/#organization"},"potentialAction":[{"@type":"SearchAction","target":{"@type":"EntryPoint","urlTemplate":"https:\/\/revolutionpadelstore.com\/pt-pt\/?s={search_term_string}"},"query-input":{"@type":"PropertyValueSpecification","valueRequired":true,"valueName":"search_term_string"}}],"inLanguage":"pt-PT"},{"@type":"Organization","@id":"https:\/\/revolutionpadelstore.com\/pt-pt\/#organization","name":"Revolution Padel Store","url":"https:\/\/revolutionpadelstore.com\/pt-pt\/","logo":{"@type":"ImageObject","inLanguage":"pt-PT","@id":"https:\/\/revolutionpadelstore.com\/pt-pt\/#\/schema\/logo\/image\/","url":"https:\/\/revolutionpadelstore.com\/wp-content\/uploads\/2026\/02\/revolution-padel-store.jpg","contentUrl":"https:\/\/revolutionpadelstore.com\/wp-content\/uploads\/2026\/02\/revolution-padel-store.jpg","width":2000,"height":2000,"caption":"Revolution Padel Store"},"image":{"@id":"https:\/\/revolutionpadelstore.com\/pt-pt\/#\/schema\/logo\/image\/"},"sameAs":["https:\/\/www.instagram.com\/revolutionpadelstore\/"]}]}},"_links":{"self":[{"href":"https:\/\/revolutionpadelstore.com\/pt-pt\/wp-json\/wp\/v2\/product\/19748","targetHints":{"allow":["GET"]}}],"collection":[{"href":"https:\/\/revolutionpadelstore.com\/pt-pt\/wp-json\/wp\/v2\/product"}],"about":[{"href":"https:\/\/revolutionpadelstore.com\/pt-pt\/wp-json\/wp\/v2\/types\/product"}],"replies":[{"embeddable":true,"href":"https:\/\/revolutionpadelstore.com\/pt-pt\/wp-json\/wp\/v2\/comments?post=19748"}],"wp:featuredmedia":[{"embeddable":true,"href":"https:\/\/revolutionpadelstore.com\/pt-pt\/wp-json\/wp\/v2\/media\/161854"}],"wp:attachment":[{"href":"https:\/\/revolutionpadelstore.com\/pt-pt\/wp-json\/wp\/v2\/media?parent=19748"}],"wp:term":[{"taxonomy":"acabado","embeddable":true,"href":"https:\/\/revolutionpadelstore.com\/pt-pt\/wp-json\/wp\/v2\/acabado?post=19748"},{"taxonomy":"balance","embeddable":true,"href":"https:\/\/revolutionpadelstore.com\/pt-pt\/wp-json\/wp\/v2\/balance?post=19748"},{"taxonomy":"dureza","embeddable":true,"href":"https:\/\/revolutionpadelstore.com\/pt-pt\/wp-json\/wp\/v2\/dureza?post=19748"},{"taxonomy":"forma","embeddable":true,"href":"https:\/\/revolutionpadelstore.com\/pt-pt\/wp-json\/wp\/v2\/forma?post=19748"},{"taxonomy":"jugador","embeddable":true,"href":"https:\/\/revolutionpadelstore.com\/pt-pt\/wp-json\/wp\/v2\/jugador?post=19748"},{"taxonomy":"marca","embeddable":true,"href":"https:\/\/revolutionpadelstore.com\/pt-pt\/wp-json\/wp\/v2\/marca?post=19748"},{"taxonomy":"nivel-de-juego","embeddable":true,"href":"https:\/\/revolutionpadelstore.com\/pt-pt\/wp-json\/wp\/v2\/nivel-de-juego?post=19748"},{"taxonomy":"superficie","embeddable":true,"href":"https:\/\/revolutionpadelstore.com\/pt-pt\/wp-json\/wp\/v2\/superficie?post=19748"},{"taxonomy":"tipo-de-juego","embeddable":true,"href":"https:\/\/revolutionpadelstore.com\/pt-pt\/wp-json\/wp\/v2\/tipo-de-juego?post=19748"},{"taxonomy":"product_brand","embeddable":true,"href":"https:\/\/revolutionpadelstore.com\/pt-pt\/wp-json\/wp\/v2\/product_brand?post=19748"},{"taxonomy":"product_cat","embeddable":true,"href":"https:\/\/revolutionpadelstore.com\/pt-pt\/wp-json\/wp\/v2\/product_cat?post=19748"},{"taxonomy":"product_tag","embeddable":true,"href":"https:\/\/revolutionpadelstore.com\/pt-pt\/wp-json\/wp\/v2\/product_tag?post=19748"}],"curies":[{"name":"wp","href":"https:\/\/api.w.org\/{rel}","templated":true}]}}