{"id":197423,"date":"2025-02-26T18:52:35","date_gmt":"2025-02-26T17:52:35","guid":{"rendered":"https:\/\/revolutionpadelstore.com\/joma-spin-men-2542-blanco-turquesa\/"},"modified":"2026-04-08T06:08:58","modified_gmt":"2026-04-08T04:08:58","slug":"joma-spin-men-2542-blanco-turquesa-5","status":"publish","type":"product","link":"https:\/\/revolutionpadelstore.com\/pt-pt\/produto\/joma-spin-men-2542-blanco-turquesa-5\/","title":{"rendered":"JOMA SPIN MEN 2542 BLANCO TURQUESA"},"content":{"rendered":"<p><H2> <strong> Sapatos de paddle alto &#8211; desempenho m\u00e1ximo e durabilidade <\/strong> <\/h2>\n<p>Projetados para jogadores profissionais que buscam desempenho m\u00e1ximo na pista, esses remadores combinam estabilidade, prote\u00e7\u00e3o e durabilidade. Apoiados por jogadores de elite como Juani Mieres e Alba Gal\u00e1n, eles s\u00e3o a escolha perfeita para quem exige qualidade e conforto em cada jogo.<br \/>\n<H2> <strong> caracter\u00edsticas proeminentes <\/strong> <\/h2>\n<p>-superior perspir\u00e1vel: malha t\u00e9cnica com tecnologia VTS, que otimiza a ventila\u00e7\u00e3o e mant\u00e9m os p\u00e9s frescos.<br \/>\n-E Perfeito: sistema t\u00e9rmico Joma Sportch, que fornece suporte leve e preciso.<br \/>\n-Nefreement: Tecnologia de prote\u00e7\u00e3o que refor\u00e7a \u00e1reas sens\u00edveis para maior durabilidade.<br \/>\n-Maxima estabilidade: phylon flex\u00edvel entressola com estabilis dupla, reduzindo o risco de les\u00f5es.<br \/>\n-O alto desempenho: borracha de durabilidade com design OMNI e pequenas tacos circulares que facilitam deslizamentos e tra\u00e7\u00e3o. <\/p>\n<p><H2> <strong> tecnologias inovadoras <\/strong> <\/h2>\n<p>-Dadabilidade: borracha de alta resist\u00eancia que atrasa o desgaste e prolonga a vida \u00fatil da sola.<br \/>\n-Sportech: material injetado sem costuras que melhora a leveza, flexibilidade e ajuste.<br \/>\n-Prota\u00e7\u00e3o: refor\u00e7o adicional no dedo do p\u00e9 para maior resist\u00eancia ao desgaste.<br \/>\n-Stabilis: a pe\u00e7a TPU na sola que evita tor\u00e7\u00f5es inadequadas e melhora a estabilidade.<br \/>\n-Vts: sistema de ventila\u00e7\u00e3o que regula a temperatura e favorece a transpira\u00e7\u00e3o.<\/p>\n<p><H2> <strong> Detalhes t\u00e9cnicos <\/strong> <\/h2>\n<p>-corte: nylon, micro pu e tpu. <\/p>\n<p>-fechamento: cabos com ajuste perfeito<\/p>\n<p>-MediaSuela: Phylon com Stabilis. <\/p>\n<p>-sola: borracha tonto. <\/p>\n<p>-l\u00edngua: costurada no corte para um melhor ajuste. <\/p>\n<p>-indicado para: jogadores de peso m\u00e9dio-alto. <\/p>\n<p>-Use: treinamento e competi\u00e7\u00e3o. <\/p>\n<p>-cor: branco \/ turquesa. <\/p>\n<p>-g\u00eanero: homem. <\/p>\n<p>-Refer\u00eancia: TSPINS2542OM. <\/p>\n<p><H2> <strong> Compre agora pelo melhor pre\u00e7o <\/strong> <\/h2>\n<p>Se voc\u00ea estiver procurando por alguns sapatos profissionais <\/strong> com a melhor rela\u00e7\u00e3o custo -benef\u00edcio, este modelo \u00e9 para voc\u00ea. Dispon\u00edvel em nossa loja on -line <strong> <a href=\"https:\/\/www.revolutionpadelstore.com\/\"> Revolution Padel Store <\/a> <\/strong>, provavelmente <strong> no melhor pre\u00e7o de mercado <\/strong>.<\/p>\n<p><strong> N\u00e3o espere mais e tire o melhor em cal\u00e7ados de paddle! <\/strong><\/p>\n","protected":false},"excerpt":{"rendered":"<p>Pensado em jogadores de alto n\u00edvel que buscam o melhor desempenho na quadra, esses remadores oferecem estabilidade, resist\u00eancia e prote\u00e7\u00e3o. Apoiado por figuras destacadas como Juani Mieres e Alba Gal\u00e1n, elas s\u00e3o a op\u00e7\u00e3o ideal para quem prioriza a qualidade e o conforto em cada jogo.<\/p>\n","protected":false},"featured_media":197362,"comment_status":"open","ping_status":"closed","template":"","meta":{"_acf_changed":false,"_joinchat":[]},"acabado":[],"balance":[],"dureza":[],"forma":[],"jugador":[1190],"marca":[1225],"nivel-de-juego":[],"superficie":[],"tipo-de-juego":[],"product_brand":[],"product_cat":[833],"product_tag":[],"class_list":{"0":"post-197423","1":"product","2":"type-product","3":"status-publish","4":"has-post-thumbnail","6":"jugador-homem","7":"marca-joma-pt-pt","8":"product_cat-tenis","10":"first","11":"outofstock","12":"sale","13":"taxable","14":"shipping-taxable","15":"purchasable","16":"product-type-variable"},"acf":[],"yoast_head":"<!-- This site is optimized with the Yoast SEO plugin v27.4 - https:\/\/yoast.com\/product\/yoast-seo-wordpress\/ -->\n<title>JOMA SPIN MEN 2542 BLANCO TURQUESA - Revolution Padel Store<\/title>\n<meta name=\"description\" content=\"Zapatillas de p\u00e1del de alta gama con tecnolog\u00edas avanzadas para estabilidad, protecci\u00f3n y durabilidad. Avaladas por profesionales. \u00a1C\u00f3mpralas en Revolution Padel Store!\" \/>\n<meta name=\"robots\" content=\"index, follow, max-snippet:-1, max-image-preview:large, max-video-preview:-1\" \/>\n<link rel=\"canonical\" href=\"https:\/\/revolutionpadelstore.com\/pt-pt\/produto\/joma-spin-men-2542-blanco-turquesa-5\/\" \/>\n<meta property=\"og:locale\" content=\"pt_PT\" \/>\n<meta property=\"og:type\" content=\"article\" \/>\n<meta property=\"og:title\" content=\"JOMA SPIN MEN 2542 BLANCO TURQUESA - Revolution Padel Store\" \/>\n<meta property=\"og:description\" content=\"Zapatillas de p\u00e1del de alta gama con tecnolog\u00edas avanzadas para estabilidad, protecci\u00f3n y durabilidad. Avaladas por profesionales. \u00a1C\u00f3mpralas en Revolution Padel Store!\" \/>\n<meta property=\"og:url\" content=\"https:\/\/revolutionpadelstore.com\/pt-pt\/produto\/joma-spin-men-2542-blanco-turquesa-5\/\" \/>\n<meta property=\"og:site_name\" content=\"Revolution Padel Store\" \/>\n<meta property=\"article:modified_time\" content=\"2026-04-08T04:08:58+00:00\" \/>\n<meta property=\"og:image\" content=\"https:\/\/revolutionpadelstore.com\/wp-content\/uploads\/2025\/02\/131.png\" \/>\n\t<meta property=\"og:image:width\" content=\"1500\" \/>\n\t<meta property=\"og:image:height\" content=\"1500\" \/>\n\t<meta property=\"og:image:type\" content=\"image\/png\" \/>\n<meta name=\"twitter:card\" content=\"summary_large_image\" \/>\n<meta name=\"twitter:label1\" content=\"Tempo estimado de leitura\" \/>\n\t<meta name=\"twitter:data1\" content=\"2 minutos\" \/>\n<script type=\"application\/ld+json\" class=\"yoast-schema-graph\">{\"@context\":\"https:\\\/\\\/schema.org\",\"@graph\":[{\"@type\":\"WebPage\",\"@id\":\"https:\\\/\\\/revolutionpadelstore.com\\\/pt-pt\\\/produto\\\/joma-spin-men-2542-blanco-turquesa-5\\\/\",\"url\":\"https:\\\/\\\/revolutionpadelstore.com\\\/pt-pt\\\/produto\\\/joma-spin-men-2542-blanco-turquesa-5\\\/\",\"name\":\"JOMA SPIN MEN 2542 BLANCO TURQUESA - Revolution Padel Store\",\"isPartOf\":{\"@id\":\"https:\\\/\\\/revolutionpadelstore.com\\\/pt-pt\\\/#website\"},\"primaryImageOfPage\":{\"@id\":\"https:\\\/\\\/revolutionpadelstore.com\\\/pt-pt\\\/produto\\\/joma-spin-men-2542-blanco-turquesa-5\\\/#primaryimage\"},\"image\":{\"@id\":\"https:\\\/\\\/revolutionpadelstore.com\\\/pt-pt\\\/produto\\\/joma-spin-men-2542-blanco-turquesa-5\\\/#primaryimage\"},\"thumbnailUrl\":\"https:\\\/\\\/revolutionpadelstore.com\\\/wp-content\\\/uploads\\\/2025\\\/02\\\/131.png\",\"datePublished\":\"2025-02-26T17:52:35+00:00\",\"dateModified\":\"2026-04-08T04:08:58+00:00\",\"description\":\"Zapatillas de p\u00e1del de alta gama con tecnolog\u00edas avanzadas para estabilidad, protecci\u00f3n y durabilidad. Avaladas por profesionales. \u00a1C\u00f3mpralas en Revolution Padel Store!\",\"breadcrumb\":{\"@id\":\"https:\\\/\\\/revolutionpadelstore.com\\\/pt-pt\\\/produto\\\/joma-spin-men-2542-blanco-turquesa-5\\\/#breadcrumb\"},\"inLanguage\":\"pt-PT\",\"potentialAction\":[{\"@type\":\"ReadAction\",\"target\":[\"https:\\\/\\\/revolutionpadelstore.com\\\/pt-pt\\\/produto\\\/joma-spin-men-2542-blanco-turquesa-5\\\/\"]}]},{\"@type\":\"ImageObject\",\"inLanguage\":\"pt-PT\",\"@id\":\"https:\\\/\\\/revolutionpadelstore.com\\\/pt-pt\\\/produto\\\/joma-spin-men-2542-blanco-turquesa-5\\\/#primaryimage\",\"url\":\"https:\\\/\\\/revolutionpadelstore.com\\\/wp-content\\\/uploads\\\/2025\\\/02\\\/131.png\",\"contentUrl\":\"https:\\\/\\\/revolutionpadelstore.com\\\/wp-content\\\/uploads\\\/2025\\\/02\\\/131.png\",\"width\":1500,\"height\":1500},{\"@type\":\"BreadcrumbList\",\"@id\":\"https:\\\/\\\/revolutionpadelstore.com\\\/pt-pt\\\/produto\\\/joma-spin-men-2542-blanco-turquesa-5\\\/#breadcrumb\",\"itemListElement\":[{\"@type\":\"ListItem\",\"position\":1,\"name\":\"Portada\",\"item\":\"https:\\\/\\\/revolutionpadelstore.com\\\/pt-pt\\\/\"},{\"@type\":\"ListItem\",\"position\":2,\"name\":\"Tienda\",\"item\":\"https:\\\/\\\/revolutionpadelstore.com\\\/pt-pt\\\/tienda\\\/\"},{\"@type\":\"ListItem\",\"position\":3,\"name\":\"JOMA SPIN MEN 2542 BLANCO TURQUESA\"}]},{\"@type\":\"WebSite\",\"@id\":\"https:\\\/\\\/revolutionpadelstore.com\\\/pt-pt\\\/#website\",\"url\":\"https:\\\/\\\/revolutionpadelstore.com\\\/pt-pt\\\/\",\"name\":\"Revolution Padel Store\",\"description\":\"\",\"publisher\":{\"@id\":\"https:\\\/\\\/revolutionpadelstore.com\\\/pt-pt\\\/#organization\"},\"potentialAction\":[{\"@type\":\"SearchAction\",\"target\":{\"@type\":\"EntryPoint\",\"urlTemplate\":\"https:\\\/\\\/revolutionpadelstore.com\\\/pt-pt\\\/?s={search_term_string}\"},\"query-input\":{\"@type\":\"PropertyValueSpecification\",\"valueRequired\":true,\"valueName\":\"search_term_string\"}}],\"inLanguage\":\"pt-PT\"},{\"@type\":\"Organization\",\"@id\":\"https:\\\/\\\/revolutionpadelstore.com\\\/pt-pt\\\/#organization\",\"name\":\"Revolution Padel Store\",\"url\":\"https:\\\/\\\/revolutionpadelstore.com\\\/pt-pt\\\/\",\"logo\":{\"@type\":\"ImageObject\",\"inLanguage\":\"pt-PT\",\"@id\":\"https:\\\/\\\/revolutionpadelstore.com\\\/pt-pt\\\/#\\\/schema\\\/logo\\\/image\\\/\",\"url\":\"https:\\\/\\\/revolutionpadelstore.com\\\/wp-content\\\/uploads\\\/2026\\\/02\\\/revolution-padel-store.jpg\",\"contentUrl\":\"https:\\\/\\\/revolutionpadelstore.com\\\/wp-content\\\/uploads\\\/2026\\\/02\\\/revolution-padel-store.jpg\",\"width\":2000,\"height\":2000,\"caption\":\"Revolution Padel Store\"},\"image\":{\"@id\":\"https:\\\/\\\/revolutionpadelstore.com\\\/pt-pt\\\/#\\\/schema\\\/logo\\\/image\\\/\"},\"sameAs\":[\"https:\\\/\\\/www.instagram.com\\\/revolutionpadelstore\\\/\"]}]}<\/script>\n<!-- \/ Yoast SEO plugin. -->","yoast_head_json":{"title":"JOMA SPIN MEN 2542 BLANCO TURQUESA - Revolution Padel Store","description":"Zapatillas de p\u00e1del de alta gama con tecnolog\u00edas avanzadas para estabilidad, protecci\u00f3n y durabilidad. Avaladas por profesionales. \u00a1C\u00f3mpralas en Revolution Padel Store!","robots":{"index":"index","follow":"follow","max-snippet":"max-snippet:-1","max-image-preview":"max-image-preview:large","max-video-preview":"max-video-preview:-1"},"canonical":"https:\/\/revolutionpadelstore.com\/pt-pt\/produto\/joma-spin-men-2542-blanco-turquesa-5\/","og_locale":"pt_PT","og_type":"article","og_title":"JOMA SPIN MEN 2542 BLANCO TURQUESA - Revolution Padel Store","og_description":"Zapatillas de p\u00e1del de alta gama con tecnolog\u00edas avanzadas para estabilidad, protecci\u00f3n y durabilidad. Avaladas por profesionales. \u00a1C\u00f3mpralas en Revolution Padel Store!","og_url":"https:\/\/revolutionpadelstore.com\/pt-pt\/produto\/joma-spin-men-2542-blanco-turquesa-5\/","og_site_name":"Revolution Padel Store","article_modified_time":"2026-04-08T04:08:58+00:00","og_image":[{"width":1500,"height":1500,"url":"https:\/\/revolutionpadelstore.com\/wp-content\/uploads\/2025\/02\/131.png","type":"image\/png"}],"twitter_card":"summary_large_image","twitter_misc":{"Tempo estimado de leitura":"2 minutos"},"schema":{"@context":"https:\/\/schema.org","@graph":[{"@type":"WebPage","@id":"https:\/\/revolutionpadelstore.com\/pt-pt\/produto\/joma-spin-men-2542-blanco-turquesa-5\/","url":"https:\/\/revolutionpadelstore.com\/pt-pt\/produto\/joma-spin-men-2542-blanco-turquesa-5\/","name":"JOMA SPIN MEN 2542 BLANCO TURQUESA - Revolution Padel Store","isPartOf":{"@id":"https:\/\/revolutionpadelstore.com\/pt-pt\/#website"},"primaryImageOfPage":{"@id":"https:\/\/revolutionpadelstore.com\/pt-pt\/produto\/joma-spin-men-2542-blanco-turquesa-5\/#primaryimage"},"image":{"@id":"https:\/\/revolutionpadelstore.com\/pt-pt\/produto\/joma-spin-men-2542-blanco-turquesa-5\/#primaryimage"},"thumbnailUrl":"https:\/\/revolutionpadelstore.com\/wp-content\/uploads\/2025\/02\/131.png","datePublished":"2025-02-26T17:52:35+00:00","dateModified":"2026-04-08T04:08:58+00:00","description":"Zapatillas de p\u00e1del de alta gama con tecnolog\u00edas avanzadas para estabilidad, protecci\u00f3n y durabilidad. Avaladas por profesionales. \u00a1C\u00f3mpralas en Revolution Padel Store!","breadcrumb":{"@id":"https:\/\/revolutionpadelstore.com\/pt-pt\/produto\/joma-spin-men-2542-blanco-turquesa-5\/#breadcrumb"},"inLanguage":"pt-PT","potentialAction":[{"@type":"ReadAction","target":["https:\/\/revolutionpadelstore.com\/pt-pt\/produto\/joma-spin-men-2542-blanco-turquesa-5\/"]}]},{"@type":"ImageObject","inLanguage":"pt-PT","@id":"https:\/\/revolutionpadelstore.com\/pt-pt\/produto\/joma-spin-men-2542-blanco-turquesa-5\/#primaryimage","url":"https:\/\/revolutionpadelstore.com\/wp-content\/uploads\/2025\/02\/131.png","contentUrl":"https:\/\/revolutionpadelstore.com\/wp-content\/uploads\/2025\/02\/131.png","width":1500,"height":1500},{"@type":"BreadcrumbList","@id":"https:\/\/revolutionpadelstore.com\/pt-pt\/produto\/joma-spin-men-2542-blanco-turquesa-5\/#breadcrumb","itemListElement":[{"@type":"ListItem","position":1,"name":"Portada","item":"https:\/\/revolutionpadelstore.com\/pt-pt\/"},{"@type":"ListItem","position":2,"name":"Tienda","item":"https:\/\/revolutionpadelstore.com\/pt-pt\/tienda\/"},{"@type":"ListItem","position":3,"name":"JOMA SPIN MEN 2542 BLANCO TURQUESA"}]},{"@type":"WebSite","@id":"https:\/\/revolutionpadelstore.com\/pt-pt\/#website","url":"https:\/\/revolutionpadelstore.com\/pt-pt\/","name":"Revolution Padel Store","description":"","publisher":{"@id":"https:\/\/revolutionpadelstore.com\/pt-pt\/#organization"},"potentialAction":[{"@type":"SearchAction","target":{"@type":"EntryPoint","urlTemplate":"https:\/\/revolutionpadelstore.com\/pt-pt\/?s={search_term_string}"},"query-input":{"@type":"PropertyValueSpecification","valueRequired":true,"valueName":"search_term_string"}}],"inLanguage":"pt-PT"},{"@type":"Organization","@id":"https:\/\/revolutionpadelstore.com\/pt-pt\/#organization","name":"Revolution Padel Store","url":"https:\/\/revolutionpadelstore.com\/pt-pt\/","logo":{"@type":"ImageObject","inLanguage":"pt-PT","@id":"https:\/\/revolutionpadelstore.com\/pt-pt\/#\/schema\/logo\/image\/","url":"https:\/\/revolutionpadelstore.com\/wp-content\/uploads\/2026\/02\/revolution-padel-store.jpg","contentUrl":"https:\/\/revolutionpadelstore.com\/wp-content\/uploads\/2026\/02\/revolution-padel-store.jpg","width":2000,"height":2000,"caption":"Revolution Padel Store"},"image":{"@id":"https:\/\/revolutionpadelstore.com\/pt-pt\/#\/schema\/logo\/image\/"},"sameAs":["https:\/\/www.instagram.com\/revolutionpadelstore\/"]}]}},"_links":{"self":[{"href":"https:\/\/revolutionpadelstore.com\/pt-pt\/wp-json\/wp\/v2\/product\/197423","targetHints":{"allow":["GET"]}}],"collection":[{"href":"https:\/\/revolutionpadelstore.com\/pt-pt\/wp-json\/wp\/v2\/product"}],"about":[{"href":"https:\/\/revolutionpadelstore.com\/pt-pt\/wp-json\/wp\/v2\/types\/product"}],"replies":[{"embeddable":true,"href":"https:\/\/revolutionpadelstore.com\/pt-pt\/wp-json\/wp\/v2\/comments?post=197423"}],"wp:featuredmedia":[{"embeddable":true,"href":"https:\/\/revolutionpadelstore.com\/pt-pt\/wp-json\/wp\/v2\/media\/197362"}],"wp:attachment":[{"href":"https:\/\/revolutionpadelstore.com\/pt-pt\/wp-json\/wp\/v2\/media?parent=197423"}],"wp:term":[{"taxonomy":"acabado","embeddable":true,"href":"https:\/\/revolutionpadelstore.com\/pt-pt\/wp-json\/wp\/v2\/acabado?post=197423"},{"taxonomy":"balance","embeddable":true,"href":"https:\/\/revolutionpadelstore.com\/pt-pt\/wp-json\/wp\/v2\/balance?post=197423"},{"taxonomy":"dureza","embeddable":true,"href":"https:\/\/revolutionpadelstore.com\/pt-pt\/wp-json\/wp\/v2\/dureza?post=197423"},{"taxonomy":"forma","embeddable":true,"href":"https:\/\/revolutionpadelstore.com\/pt-pt\/wp-json\/wp\/v2\/forma?post=197423"},{"taxonomy":"jugador","embeddable":true,"href":"https:\/\/revolutionpadelstore.com\/pt-pt\/wp-json\/wp\/v2\/jugador?post=197423"},{"taxonomy":"marca","embeddable":true,"href":"https:\/\/revolutionpadelstore.com\/pt-pt\/wp-json\/wp\/v2\/marca?post=197423"},{"taxonomy":"nivel-de-juego","embeddable":true,"href":"https:\/\/revolutionpadelstore.com\/pt-pt\/wp-json\/wp\/v2\/nivel-de-juego?post=197423"},{"taxonomy":"superficie","embeddable":true,"href":"https:\/\/revolutionpadelstore.com\/pt-pt\/wp-json\/wp\/v2\/superficie?post=197423"},{"taxonomy":"tipo-de-juego","embeddable":true,"href":"https:\/\/revolutionpadelstore.com\/pt-pt\/wp-json\/wp\/v2\/tipo-de-juego?post=197423"},{"taxonomy":"product_brand","embeddable":true,"href":"https:\/\/revolutionpadelstore.com\/pt-pt\/wp-json\/wp\/v2\/product_brand?post=197423"},{"taxonomy":"product_cat","embeddable":true,"href":"https:\/\/revolutionpadelstore.com\/pt-pt\/wp-json\/wp\/v2\/product_cat?post=197423"},{"taxonomy":"product_tag","embeddable":true,"href":"https:\/\/revolutionpadelstore.com\/pt-pt\/wp-json\/wp\/v2\/product_tag?post=197423"}],"curies":[{"name":"wp","href":"https:\/\/api.w.org\/{rel}","templated":true}]}}