{"id":19738,"date":"2024-04-09T10:19:51","date_gmt":"2024-04-09T08:19:51","guid":{"rendered":"https:\/\/revolutionpadelstore.com\/harlem-padel-helix-soft-2024\/"},"modified":"2026-04-08T14:28:42","modified_gmt":"2026-04-08T12:28:42","slug":"harlem-padel-helix-soft-5","status":"publish","type":"product","link":"https:\/\/revolutionpadelstore.com\/pt-pt\/produto\/harlem-padel-helix-soft-5\/","title":{"rendered":"HARLEM PADEL HELIX SOFT"},"content":{"rendered":"<p>O modelo HELIX SOFT 2024 \u00e9 um dos modelos da nova linha Harlem Padel.<\/p>\n<p>\u00c9 uma raquete de padel de formato h\u00edbrido que apresenta equil\u00edbrio m\u00e9dio e sweet spot muito prolongado. Isso lhe confere capacidade de manobra e facilita uma combina\u00e7\u00e3o de pot\u00eancia e controle ao acertar.<\/p>\n<p>\u00c9 uma raquete ideal para mulheres e homens que jogam padel em n\u00edvel m\u00e9dio-avan\u00e7ado e necessitam de uma raquete leve que proporcione versatilidade na quadra.<\/p>\n<p>No interior da raquete temos um n\u00facleo de borracha EVA PRETA laminada com diferentes densidades que inclui a tecnologia <strong>High Recovery<\/strong>, promovendo recupera\u00e7\u00e3o r\u00e1pida e facilitando golpes alt\u00edssimos. Este modelo proporciona-nos um toque m\u00e9dio-suave nas nossas sensa\u00e7\u00f5es de jogo. O modelo HELIX PRO 2024 combina controle e pot\u00eancia em partes iguais.<\/p>\n<p>A estrutura tubular \u00e9 100% carbono para garantir grande durabilidade e excelente resist\u00eancia ao desgaste t\u00edpico do jogo.<\/p>\n<p>Os avi\u00f5es s\u00e3o feitos de <strong>fibra de vidro ULTIMATE PRO<\/strong>, \u00faltima gera\u00e7\u00e3o com acabamento rugoso. Isto favorece a execu\u00e7\u00e3o de efeitos s\u00f3lidos e altamente precisos.<\/p>\n<p>Tal como no resto desta nova cole\u00e7\u00e3o, o mais inovador \u00e9 a ponte tripla de um molde fabricado com as mais recentes tecnologias, fazendo com que a raquete aumente a sa\u00edda de bola e grande controlo em cada rebatida.<\/p>\n<p>O acabamento da l\u00e2mina incorpora em ambos os planos o \u201cH\u201d estilizado t\u00edpico do Harlem com um tamanho muito grande em <strong>cores com efeito brilhante, pinturas met\u00e1licas e textura \u00e1spera<\/strong>.<\/p>\n","protected":false},"excerpt":{"rendered":"<p>\u00c9 uma raquete de padel de <strong>formato h\u00edbrido<\/strong> que apresenta um <strong>equil\u00edbrio m\u00e9dio e um sweet spot muito prolongado<\/strong>. Isso lhe confere capacidade de manobra e facilita uma combina\u00e7\u00e3o de pot\u00eancia e controle ao acertar.<\/p>\n<p>\u00c9 uma raquete ideal para mulheres e homens que jogam padel em n\u00edvel m\u00e9dio-avan\u00e7ado e necessitam de uma raquete leve que proporcione versatilidade na quadra.<\/p>\n","protected":false},"featured_media":161866,"comment_status":"open","ping_status":"closed","template":"","meta":{"_acf_changed":false,"_joinchat":[]},"acabado":[1090,1080],"balance":[1135,1140],"dureza":[1155],"forma":[1175],"jugador":[1195],"marca":[1235],"nivel-de-juego":[1350],"superficie":[1360],"tipo-de-juego":[1370,1385],"product_brand":[],"product_cat":[300],"product_tag":[],"class_list":{"0":"post-19738","1":"product","2":"type-product","3":"status-publish","4":"has-post-thumbnail","6":"acabado-alivio-3d","7":"acabado-brilho","8":"balance-alto-pt-pt","9":"balance-medio-pt-pt","10":"dureza-media-pt-pt","11":"forma-hibrido","12":"jugador-mulher","13":"marca-harlem-padel-pt-pt","14":"superficie-rugosa-pt-pt","15":"tipo-de-juego-controle","16":"tipo-de-juego-polivalente-pt-pt","17":"product_cat-palas","19":"first","20":"onbackorder","21":"sale","22":"taxable","23":"shipping-taxable","24":"purchasable","25":"product-type-simple"},"acf":[],"yoast_head":"<!-- This site is optimized with the Yoast SEO plugin v27.4 - https:\/\/yoast.com\/product\/yoast-seo-wordpress\/ -->\n<title>HARLEM PADEL HELIX SOFT - Revolution Padel Store<\/title>\n<meta name=\"description\" content=\"Es una pala de p\u00e1del de\u00a0forma h\u00edbrida\u00a0que ostenta un\u00a0balance medio y un punto dulce muy extendido. Esto le da maniobrabilidad y facilita una combinaci\u00f3n de potencia y control en los golpes. Es una pala ideal tanto para mujeres como para hombres que juegan al p\u00e1del en un nivel medio-avanzado y requieren una pala liviana que aporte versatilidad sobre la pista.\" \/>\n<meta name=\"robots\" content=\"index, follow, max-snippet:-1, max-image-preview:large, max-video-preview:-1\" \/>\n<link rel=\"canonical\" href=\"https:\/\/revolutionpadelstore.com\/pt-pt\/produto\/harlem-padel-helix-soft-5\/\" \/>\n<meta property=\"og:locale\" content=\"pt_PT\" \/>\n<meta property=\"og:type\" content=\"article\" \/>\n<meta property=\"og:title\" content=\"COMPRAR HARLEM PADEL HELIX SOFT 2024\" \/>\n<meta property=\"og:description\" content=\"Es una pala de p\u00e1del de\u00a0forma h\u00edbrida\u00a0que ostenta un\u00a0balance medio y un punto dulce muy extendido. Esto le da maniobrabilidad y facilita una combinaci\u00f3n de potencia y control en los golpes. Es una pala ideal tanto para mujeres como para hombres que juegan al p\u00e1del en un nivel medio-avanzado y requieren una pala liviana que aporte versatilidad sobre la pista.\" \/>\n<meta property=\"og:url\" content=\"https:\/\/revolutionpadelstore.com\/pt-pt\/produto\/harlem-padel-helix-soft-5\/\" \/>\n<meta property=\"og:site_name\" content=\"Revolution Padel Store\" \/>\n<meta property=\"article:modified_time\" content=\"2026-04-08T12:28:42+00:00\" \/>\n<meta property=\"og:image\" content=\"https:\/\/revolutionpadelstore.com\/wp-content\/uploads\/2024\/04\/HELIX_ROSA_1.jpg\" \/>\n\t<meta property=\"og:image:width\" content=\"800\" \/>\n\t<meta property=\"og:image:height\" content=\"800\" \/>\n\t<meta property=\"og:image:type\" content=\"image\/jpeg\" \/>\n<meta name=\"twitter:card\" content=\"summary_large_image\" \/>\n<meta name=\"twitter:label1\" content=\"Tempo estimado de leitura\" \/>\n\t<meta name=\"twitter:data1\" content=\"2 minutos\" \/>\n<script type=\"application\/ld+json\" class=\"yoast-schema-graph\">{\"@context\":\"https:\\\/\\\/schema.org\",\"@graph\":[{\"@type\":\"WebPage\",\"@id\":\"https:\\\/\\\/revolutionpadelstore.com\\\/pt-pt\\\/produto\\\/harlem-padel-helix-soft-5\\\/\",\"url\":\"https:\\\/\\\/revolutionpadelstore.com\\\/pt-pt\\\/produto\\\/harlem-padel-helix-soft-5\\\/\",\"name\":\"HARLEM PADEL HELIX SOFT - Revolution Padel Store\",\"isPartOf\":{\"@id\":\"https:\\\/\\\/revolutionpadelstore.com\\\/pt-pt\\\/#website\"},\"primaryImageOfPage\":{\"@id\":\"https:\\\/\\\/revolutionpadelstore.com\\\/pt-pt\\\/produto\\\/harlem-padel-helix-soft-5\\\/#primaryimage\"},\"image\":{\"@id\":\"https:\\\/\\\/revolutionpadelstore.com\\\/pt-pt\\\/produto\\\/harlem-padel-helix-soft-5\\\/#primaryimage\"},\"thumbnailUrl\":\"https:\\\/\\\/revolutionpadelstore.com\\\/wp-content\\\/uploads\\\/2024\\\/04\\\/85.png\",\"datePublished\":\"2024-04-09T08:19:51+00:00\",\"dateModified\":\"2026-04-08T12:28:42+00:00\",\"description\":\"Es una pala de p\u00e1del de\u00a0forma h\u00edbrida\u00a0que ostenta un\u00a0balance medio y un punto dulce muy extendido. Esto le da maniobrabilidad y facilita una combinaci\u00f3n de potencia y control en los golpes. Es una pala ideal tanto para mujeres como para hombres que juegan al p\u00e1del en un nivel medio-avanzado y requieren una pala liviana que aporte versatilidad sobre la pista.\",\"breadcrumb\":{\"@id\":\"https:\\\/\\\/revolutionpadelstore.com\\\/pt-pt\\\/produto\\\/harlem-padel-helix-soft-5\\\/#breadcrumb\"},\"inLanguage\":\"pt-PT\",\"potentialAction\":[{\"@type\":\"ReadAction\",\"target\":[\"https:\\\/\\\/revolutionpadelstore.com\\\/pt-pt\\\/produto\\\/harlem-padel-helix-soft-5\\\/\"]}]},{\"@type\":\"ImageObject\",\"inLanguage\":\"pt-PT\",\"@id\":\"https:\\\/\\\/revolutionpadelstore.com\\\/pt-pt\\\/produto\\\/harlem-padel-helix-soft-5\\\/#primaryimage\",\"url\":\"https:\\\/\\\/revolutionpadelstore.com\\\/wp-content\\\/uploads\\\/2024\\\/04\\\/85.png\",\"contentUrl\":\"https:\\\/\\\/revolutionpadelstore.com\\\/wp-content\\\/uploads\\\/2024\\\/04\\\/85.png\",\"width\":1500,\"height\":1500},{\"@type\":\"BreadcrumbList\",\"@id\":\"https:\\\/\\\/revolutionpadelstore.com\\\/pt-pt\\\/produto\\\/harlem-padel-helix-soft-5\\\/#breadcrumb\",\"itemListElement\":[{\"@type\":\"ListItem\",\"position\":1,\"name\":\"Portada\",\"item\":\"https:\\\/\\\/revolutionpadelstore.com\\\/pt-pt\\\/\"},{\"@type\":\"ListItem\",\"position\":2,\"name\":\"Tienda\",\"item\":\"https:\\\/\\\/revolutionpadelstore.com\\\/pt-pt\\\/tienda\\\/\"},{\"@type\":\"ListItem\",\"position\":3,\"name\":\"HARLEM PADEL HELIX SOFT\"}]},{\"@type\":\"WebSite\",\"@id\":\"https:\\\/\\\/revolutionpadelstore.com\\\/pt-pt\\\/#website\",\"url\":\"https:\\\/\\\/revolutionpadelstore.com\\\/pt-pt\\\/\",\"name\":\"Revolution Padel Store\",\"description\":\"\",\"publisher\":{\"@id\":\"https:\\\/\\\/revolutionpadelstore.com\\\/pt-pt\\\/#organization\"},\"potentialAction\":[{\"@type\":\"SearchAction\",\"target\":{\"@type\":\"EntryPoint\",\"urlTemplate\":\"https:\\\/\\\/revolutionpadelstore.com\\\/pt-pt\\\/?s={search_term_string}\"},\"query-input\":{\"@type\":\"PropertyValueSpecification\",\"valueRequired\":true,\"valueName\":\"search_term_string\"}}],\"inLanguage\":\"pt-PT\"},{\"@type\":\"Organization\",\"@id\":\"https:\\\/\\\/revolutionpadelstore.com\\\/pt-pt\\\/#organization\",\"name\":\"Revolution Padel Store\",\"url\":\"https:\\\/\\\/revolutionpadelstore.com\\\/pt-pt\\\/\",\"logo\":{\"@type\":\"ImageObject\",\"inLanguage\":\"pt-PT\",\"@id\":\"https:\\\/\\\/revolutionpadelstore.com\\\/pt-pt\\\/#\\\/schema\\\/logo\\\/image\\\/\",\"url\":\"https:\\\/\\\/revolutionpadelstore.com\\\/wp-content\\\/uploads\\\/2026\\\/02\\\/revolution-padel-store.jpg\",\"contentUrl\":\"https:\\\/\\\/revolutionpadelstore.com\\\/wp-content\\\/uploads\\\/2026\\\/02\\\/revolution-padel-store.jpg\",\"width\":2000,\"height\":2000,\"caption\":\"Revolution Padel Store\"},\"image\":{\"@id\":\"https:\\\/\\\/revolutionpadelstore.com\\\/pt-pt\\\/#\\\/schema\\\/logo\\\/image\\\/\"},\"sameAs\":[\"https:\\\/\\\/www.instagram.com\\\/revolutionpadelstore\\\/\"]}]}<\/script>\n<!-- \/ Yoast SEO plugin. -->","yoast_head_json":{"title":"HARLEM PADEL HELIX SOFT - Revolution Padel Store","description":"Es una pala de p\u00e1del de\u00a0forma h\u00edbrida\u00a0que ostenta un\u00a0balance medio y un punto dulce muy extendido. Esto le da maniobrabilidad y facilita una combinaci\u00f3n de potencia y control en los golpes. Es una pala ideal tanto para mujeres como para hombres que juegan al p\u00e1del en un nivel medio-avanzado y requieren una pala liviana que aporte versatilidad sobre la pista.","robots":{"index":"index","follow":"follow","max-snippet":"max-snippet:-1","max-image-preview":"max-image-preview:large","max-video-preview":"max-video-preview:-1"},"canonical":"https:\/\/revolutionpadelstore.com\/pt-pt\/produto\/harlem-padel-helix-soft-5\/","og_locale":"pt_PT","og_type":"article","og_title":"COMPRAR HARLEM PADEL HELIX SOFT 2024","og_description":"Es una pala de p\u00e1del de\u00a0forma h\u00edbrida\u00a0que ostenta un\u00a0balance medio y un punto dulce muy extendido. Esto le da maniobrabilidad y facilita una combinaci\u00f3n de potencia y control en los golpes. Es una pala ideal tanto para mujeres como para hombres que juegan al p\u00e1del en un nivel medio-avanzado y requieren una pala liviana que aporte versatilidad sobre la pista.","og_url":"https:\/\/revolutionpadelstore.com\/pt-pt\/produto\/harlem-padel-helix-soft-5\/","og_site_name":"Revolution Padel Store","article_modified_time":"2026-04-08T12:28:42+00:00","og_image":[{"width":800,"height":800,"url":"https:\/\/revolutionpadelstore.com\/wp-content\/uploads\/2024\/04\/HELIX_ROSA_1.jpg","type":"image\/jpeg"}],"twitter_card":"summary_large_image","twitter_misc":{"Tempo estimado de leitura":"2 minutos"},"schema":{"@context":"https:\/\/schema.org","@graph":[{"@type":"WebPage","@id":"https:\/\/revolutionpadelstore.com\/pt-pt\/produto\/harlem-padel-helix-soft-5\/","url":"https:\/\/revolutionpadelstore.com\/pt-pt\/produto\/harlem-padel-helix-soft-5\/","name":"HARLEM PADEL HELIX SOFT - Revolution Padel Store","isPartOf":{"@id":"https:\/\/revolutionpadelstore.com\/pt-pt\/#website"},"primaryImageOfPage":{"@id":"https:\/\/revolutionpadelstore.com\/pt-pt\/produto\/harlem-padel-helix-soft-5\/#primaryimage"},"image":{"@id":"https:\/\/revolutionpadelstore.com\/pt-pt\/produto\/harlem-padel-helix-soft-5\/#primaryimage"},"thumbnailUrl":"https:\/\/revolutionpadelstore.com\/wp-content\/uploads\/2024\/04\/85.png","datePublished":"2024-04-09T08:19:51+00:00","dateModified":"2026-04-08T12:28:42+00:00","description":"Es una pala de p\u00e1del de\u00a0forma h\u00edbrida\u00a0que ostenta un\u00a0balance medio y un punto dulce muy extendido. Esto le da maniobrabilidad y facilita una combinaci\u00f3n de potencia y control en los golpes. Es una pala ideal tanto para mujeres como para hombres que juegan al p\u00e1del en un nivel medio-avanzado y requieren una pala liviana que aporte versatilidad sobre la pista.","breadcrumb":{"@id":"https:\/\/revolutionpadelstore.com\/pt-pt\/produto\/harlem-padel-helix-soft-5\/#breadcrumb"},"inLanguage":"pt-PT","potentialAction":[{"@type":"ReadAction","target":["https:\/\/revolutionpadelstore.com\/pt-pt\/produto\/harlem-padel-helix-soft-5\/"]}]},{"@type":"ImageObject","inLanguage":"pt-PT","@id":"https:\/\/revolutionpadelstore.com\/pt-pt\/produto\/harlem-padel-helix-soft-5\/#primaryimage","url":"https:\/\/revolutionpadelstore.com\/wp-content\/uploads\/2024\/04\/85.png","contentUrl":"https:\/\/revolutionpadelstore.com\/wp-content\/uploads\/2024\/04\/85.png","width":1500,"height":1500},{"@type":"BreadcrumbList","@id":"https:\/\/revolutionpadelstore.com\/pt-pt\/produto\/harlem-padel-helix-soft-5\/#breadcrumb","itemListElement":[{"@type":"ListItem","position":1,"name":"Portada","item":"https:\/\/revolutionpadelstore.com\/pt-pt\/"},{"@type":"ListItem","position":2,"name":"Tienda","item":"https:\/\/revolutionpadelstore.com\/pt-pt\/tienda\/"},{"@type":"ListItem","position":3,"name":"HARLEM PADEL HELIX SOFT"}]},{"@type":"WebSite","@id":"https:\/\/revolutionpadelstore.com\/pt-pt\/#website","url":"https:\/\/revolutionpadelstore.com\/pt-pt\/","name":"Revolution Padel Store","description":"","publisher":{"@id":"https:\/\/revolutionpadelstore.com\/pt-pt\/#organization"},"potentialAction":[{"@type":"SearchAction","target":{"@type":"EntryPoint","urlTemplate":"https:\/\/revolutionpadelstore.com\/pt-pt\/?s={search_term_string}"},"query-input":{"@type":"PropertyValueSpecification","valueRequired":true,"valueName":"search_term_string"}}],"inLanguage":"pt-PT"},{"@type":"Organization","@id":"https:\/\/revolutionpadelstore.com\/pt-pt\/#organization","name":"Revolution Padel Store","url":"https:\/\/revolutionpadelstore.com\/pt-pt\/","logo":{"@type":"ImageObject","inLanguage":"pt-PT","@id":"https:\/\/revolutionpadelstore.com\/pt-pt\/#\/schema\/logo\/image\/","url":"https:\/\/revolutionpadelstore.com\/wp-content\/uploads\/2026\/02\/revolution-padel-store.jpg","contentUrl":"https:\/\/revolutionpadelstore.com\/wp-content\/uploads\/2026\/02\/revolution-padel-store.jpg","width":2000,"height":2000,"caption":"Revolution Padel Store"},"image":{"@id":"https:\/\/revolutionpadelstore.com\/pt-pt\/#\/schema\/logo\/image\/"},"sameAs":["https:\/\/www.instagram.com\/revolutionpadelstore\/"]}]}},"_links":{"self":[{"href":"https:\/\/revolutionpadelstore.com\/pt-pt\/wp-json\/wp\/v2\/product\/19738","targetHints":{"allow":["GET"]}}],"collection":[{"href":"https:\/\/revolutionpadelstore.com\/pt-pt\/wp-json\/wp\/v2\/product"}],"about":[{"href":"https:\/\/revolutionpadelstore.com\/pt-pt\/wp-json\/wp\/v2\/types\/product"}],"replies":[{"embeddable":true,"href":"https:\/\/revolutionpadelstore.com\/pt-pt\/wp-json\/wp\/v2\/comments?post=19738"}],"wp:featuredmedia":[{"embeddable":true,"href":"https:\/\/revolutionpadelstore.com\/pt-pt\/wp-json\/wp\/v2\/media\/161866"}],"wp:attachment":[{"href":"https:\/\/revolutionpadelstore.com\/pt-pt\/wp-json\/wp\/v2\/media?parent=19738"}],"wp:term":[{"taxonomy":"acabado","embeddable":true,"href":"https:\/\/revolutionpadelstore.com\/pt-pt\/wp-json\/wp\/v2\/acabado?post=19738"},{"taxonomy":"balance","embeddable":true,"href":"https:\/\/revolutionpadelstore.com\/pt-pt\/wp-json\/wp\/v2\/balance?post=19738"},{"taxonomy":"dureza","embeddable":true,"href":"https:\/\/revolutionpadelstore.com\/pt-pt\/wp-json\/wp\/v2\/dureza?post=19738"},{"taxonomy":"forma","embeddable":true,"href":"https:\/\/revolutionpadelstore.com\/pt-pt\/wp-json\/wp\/v2\/forma?post=19738"},{"taxonomy":"jugador","embeddable":true,"href":"https:\/\/revolutionpadelstore.com\/pt-pt\/wp-json\/wp\/v2\/jugador?post=19738"},{"taxonomy":"marca","embeddable":true,"href":"https:\/\/revolutionpadelstore.com\/pt-pt\/wp-json\/wp\/v2\/marca?post=19738"},{"taxonomy":"nivel-de-juego","embeddable":true,"href":"https:\/\/revolutionpadelstore.com\/pt-pt\/wp-json\/wp\/v2\/nivel-de-juego?post=19738"},{"taxonomy":"superficie","embeddable":true,"href":"https:\/\/revolutionpadelstore.com\/pt-pt\/wp-json\/wp\/v2\/superficie?post=19738"},{"taxonomy":"tipo-de-juego","embeddable":true,"href":"https:\/\/revolutionpadelstore.com\/pt-pt\/wp-json\/wp\/v2\/tipo-de-juego?post=19738"},{"taxonomy":"product_brand","embeddable":true,"href":"https:\/\/revolutionpadelstore.com\/pt-pt\/wp-json\/wp\/v2\/product_brand?post=19738"},{"taxonomy":"product_cat","embeddable":true,"href":"https:\/\/revolutionpadelstore.com\/pt-pt\/wp-json\/wp\/v2\/product_cat?post=19738"},{"taxonomy":"product_tag","embeddable":true,"href":"https:\/\/revolutionpadelstore.com\/pt-pt\/wp-json\/wp\/v2\/product_tag?post=19738"}],"curies":[{"name":"wp","href":"https:\/\/api.w.org\/{rel}","templated":true}]}}