{"id":197341,"date":"2025-02-26T18:37:10","date_gmt":"2025-02-26T17:37:10","guid":{"rendered":"https:\/\/revolutionpadelstore.com\/joma-slam-men-2542-blanco-negro\/"},"modified":"2026-04-08T06:10:18","modified_gmt":"2026-04-08T04:10:18","slug":"joma-slam-men-2542-blanco-negro-5","status":"publish","type":"product","link":"https:\/\/revolutionpadelstore.com\/pt-pt\/produto\/joma-slam-men-2542-blanco-negro-5\/","title":{"rendered":"JOMA SLAM MEN 2542 BLANCO NEGRO"},"content":{"rendered":"<p><H3> Sapatos de paddle alto &#8211; desempenho m\u00e1ximo e tecnologia <\/h3>\n<p>Os sapatos de paddle alto que revolucionam o jogo. Projetados para jogadores exigentes que buscam amortecimento m\u00e1ximo, estabilidade e prote\u00e7\u00e3o, eles foram testados por lendas como o primeiro n\u00famero 1 do World Carolina Navarro e Juanlu Esbr\u00ed.<br \/>\n<H2> caracter\u00edsticas pendentes <\/h2>\n<p><P>-superior da malha transpir\u00e1vel com a tecnologia VTS, que otimiza a ventila\u00e7\u00e3o e mant\u00e9m o p\u00e9 seco.<br \/>\n-Agrade\u00e7o perfeito ao sistema de t\u00e9rmes Joma Sportch, que elimina as costuras e melhora o conforto.<br \/>\n-Prote\u00e7\u00e3o refor\u00e7ada em \u00e1reas -chave com o sistema de prote\u00e7\u00e3o, aumentando a durabilidade e a resist\u00eancia. <\/p>\n<p><H2> amortecimento m\u00e1ximo e estabilidade <\/h2>\n<p>Mediauela reativa dupla combina:<\/p>\n<p>-Phylon est\u00e1vel, que absorve impactos e reduz a fadiga.<br \/>\n-Tecnologia Bola reativa, que retorna a energia em cada pegada.<br \/>\n-Pieza Stabilis no MIDF, o que evita tor\u00e7\u00f5es e melhora a estabilidade. <\/p>\n<h2> omni sola dur\u00e1vel &#8211; ader\u00eancia e deslizamento ideal<\/p>\n<p>-borracha de alta resist\u00eancia que atrasa o desgaste da abras\u00e3o.<br \/>\n-Design com pequenas tacos circulares, que facilita deslizamentos de terra controlados em superf\u00edcies duras. <\/p>\n<p><H2> tecnologias inovadoras <\/h2>\n<p>-Dadabilidade: borracha ultra resistente para maior vida \u00fatil.<br \/>\n-Itle: linhas de flex\u00e3o ergon\u00f4mica que melhoram a transi\u00e7\u00e3o da pot\u00eancia do calcanhar.<br \/>\n-Bola reativa: absorve os impactos e fornece um retorno ideal de energia.<br \/>\n-Sportech: ajuste sem configura\u00e7\u00e3o para maior conforto e flexibilidade.<br \/>\n-Stabilis: refor\u00e7o de TPU para evitar tor\u00e7\u00f5es indesejadas.<br \/>\n-Vts: sistema de ventila\u00e7\u00e3o que mant\u00e9m a temperatura ideal do p\u00e9.<\/p>\n<p><H2> Especifica\u00e7\u00f5es t\u00e9cnicas <\/h2>\n<p> Uso: treinamento e competi\u00e7\u00e3o. <\/p>\n<p> Performance: High \/ Professional. <\/p>\n<p> sola: borracha de durabilidade com padr\u00e3o omni.<br \/>\n&lt;p style = &quot;preenchimento-esquerda: 40px;&quot; Cores: Branco \/ Preto \/ Orange. <\/p>\n<p> g\u00eanero: cara. <\/p>\n<p><P> Refer\u00eancia: Tslams2542om. <\/p>\n<p> Now available in our online store <strong> <a href=\"https:\/\/chatgpt.com\/g\/g-675432e026888191B6ee6d6f2fdbb15e-optimization-textos\/c\/www.revolutionpadelstore.com\"> www.revolutionPadelstore.com <\/a> <\/strong>, probably <strong> at the Melhor pre\u00e7o de mercado <\/strong>. N\u00e3o fique sem eles!<br \/>\n<H4> <\/h4>\n<h3>Zapatillas de P\u00e1del de Alta Gama \u2013 M\u00e1ximo Rendimiento y Tecnolog\u00eda<\/h3>\n","protected":false},"excerpt":{"rendered":"<p>Sapatos de elite Paddle que transformam o jogo. Criado para jogadores exigentes que priorizem o amortecimento superior, a estabilidade e a prote\u00e7\u00e3o, foram testados por grandes figuras, como o ex -n\u00famero do mundo Carolina Navarro e Juanlu Esbr\u00ed.<\/p>\n","protected":false},"featured_media":197288,"comment_status":"open","ping_status":"closed","template":"","meta":{"_acf_changed":false,"_joinchat":[]},"acabado":[],"balance":[],"dureza":[],"forma":[],"jugador":[1190],"marca":[1225],"nivel-de-juego":[],"superficie":[],"tipo-de-juego":[],"product_brand":[],"product_cat":[833],"product_tag":[],"class_list":{"0":"post-197341","1":"product","2":"type-product","3":"status-publish","4":"has-post-thumbnail","6":"jugador-homem","7":"marca-joma-pt-pt","8":"product_cat-tenis","10":"first","11":"outofstock","12":"sale","13":"taxable","14":"shipping-taxable","15":"purchasable","16":"product-type-variable"},"acf":[],"yoast_head":"<!-- This site is optimized with the Yoast SEO plugin v27.4 - https:\/\/yoast.com\/product\/yoast-seo-wordpress\/ -->\n<title>JOMA SLAM MEN 2542 BLANCO NEGRO - Revolution Padel Store<\/title>\n<meta name=\"description\" content=\"Descubre las zapatillas de p\u00e1del de alta gama con m\u00e1xima amortiguaci\u00f3n y estabilidad. Dise\u00f1adas para profesionales, testadas por leyendas del p\u00e1del. Compra online en Revolution Padel Store.\" \/>\n<meta name=\"robots\" content=\"index, follow, max-snippet:-1, max-image-preview:large, max-video-preview:-1\" \/>\n<link rel=\"canonical\" href=\"https:\/\/revolutionpadelstore.com\/pt-pt\/produto\/joma-slam-men-2542-blanco-negro-5\/\" \/>\n<meta property=\"og:locale\" content=\"pt_PT\" \/>\n<meta property=\"og:type\" content=\"article\" \/>\n<meta property=\"og:title\" content=\"JOMA SLAM MEN 2542 BLANCO NEGRO - Revolution Padel Store\" \/>\n<meta property=\"og:description\" content=\"Descubre las zapatillas de p\u00e1del de alta gama con m\u00e1xima amortiguaci\u00f3n y estabilidad. Dise\u00f1adas para profesionales, testadas por leyendas del p\u00e1del. Compra online en Revolution Padel Store.\" \/>\n<meta property=\"og:url\" content=\"https:\/\/revolutionpadelstore.com\/pt-pt\/produto\/joma-slam-men-2542-blanco-negro-5\/\" \/>\n<meta property=\"og:site_name\" content=\"Revolution Padel Store\" \/>\n<meta property=\"article:modified_time\" content=\"2026-04-08T04:10:18+00:00\" \/>\n<meta property=\"og:image\" content=\"https:\/\/revolutionpadelstore.com\/wp-content\/uploads\/2025\/02\/126.png\" \/>\n\t<meta property=\"og:image:width\" content=\"1500\" \/>\n\t<meta property=\"og:image:height\" content=\"1500\" \/>\n\t<meta property=\"og:image:type\" content=\"image\/png\" \/>\n<meta name=\"twitter:card\" content=\"summary_large_image\" \/>\n<meta name=\"twitter:label1\" content=\"Tempo estimado de leitura\" \/>\n\t<meta name=\"twitter:data1\" content=\"2 minutos\" \/>\n<script type=\"application\/ld+json\" class=\"yoast-schema-graph\">{\"@context\":\"https:\\\/\\\/schema.org\",\"@graph\":[{\"@type\":\"WebPage\",\"@id\":\"https:\\\/\\\/revolutionpadelstore.com\\\/pt-pt\\\/produto\\\/joma-slam-men-2542-blanco-negro-5\\\/\",\"url\":\"https:\\\/\\\/revolutionpadelstore.com\\\/pt-pt\\\/produto\\\/joma-slam-men-2542-blanco-negro-5\\\/\",\"name\":\"JOMA SLAM MEN 2542 BLANCO NEGRO - Revolution Padel Store\",\"isPartOf\":{\"@id\":\"https:\\\/\\\/revolutionpadelstore.com\\\/pt-pt\\\/#website\"},\"primaryImageOfPage\":{\"@id\":\"https:\\\/\\\/revolutionpadelstore.com\\\/pt-pt\\\/produto\\\/joma-slam-men-2542-blanco-negro-5\\\/#primaryimage\"},\"image\":{\"@id\":\"https:\\\/\\\/revolutionpadelstore.com\\\/pt-pt\\\/produto\\\/joma-slam-men-2542-blanco-negro-5\\\/#primaryimage\"},\"thumbnailUrl\":\"https:\\\/\\\/revolutionpadelstore.com\\\/wp-content\\\/uploads\\\/2025\\\/02\\\/126.png\",\"datePublished\":\"2025-02-26T17:37:10+00:00\",\"dateModified\":\"2026-04-08T04:10:18+00:00\",\"description\":\"Descubre las zapatillas de p\u00e1del de alta gama con m\u00e1xima amortiguaci\u00f3n y estabilidad. Dise\u00f1adas para profesionales, testadas por leyendas del p\u00e1del. Compra online en Revolution Padel Store.\",\"breadcrumb\":{\"@id\":\"https:\\\/\\\/revolutionpadelstore.com\\\/pt-pt\\\/produto\\\/joma-slam-men-2542-blanco-negro-5\\\/#breadcrumb\"},\"inLanguage\":\"pt-PT\",\"potentialAction\":[{\"@type\":\"ReadAction\",\"target\":[\"https:\\\/\\\/revolutionpadelstore.com\\\/pt-pt\\\/produto\\\/joma-slam-men-2542-blanco-negro-5\\\/\"]}]},{\"@type\":\"ImageObject\",\"inLanguage\":\"pt-PT\",\"@id\":\"https:\\\/\\\/revolutionpadelstore.com\\\/pt-pt\\\/produto\\\/joma-slam-men-2542-blanco-negro-5\\\/#primaryimage\",\"url\":\"https:\\\/\\\/revolutionpadelstore.com\\\/wp-content\\\/uploads\\\/2025\\\/02\\\/126.png\",\"contentUrl\":\"https:\\\/\\\/revolutionpadelstore.com\\\/wp-content\\\/uploads\\\/2025\\\/02\\\/126.png\",\"width\":1500,\"height\":1500},{\"@type\":\"BreadcrumbList\",\"@id\":\"https:\\\/\\\/revolutionpadelstore.com\\\/pt-pt\\\/produto\\\/joma-slam-men-2542-blanco-negro-5\\\/#breadcrumb\",\"itemListElement\":[{\"@type\":\"ListItem\",\"position\":1,\"name\":\"Portada\",\"item\":\"https:\\\/\\\/revolutionpadelstore.com\\\/pt-pt\\\/\"},{\"@type\":\"ListItem\",\"position\":2,\"name\":\"Tienda\",\"item\":\"https:\\\/\\\/revolutionpadelstore.com\\\/pt-pt\\\/tienda\\\/\"},{\"@type\":\"ListItem\",\"position\":3,\"name\":\"JOMA SLAM MEN 2542 BLANCO NEGRO\"}]},{\"@type\":\"WebSite\",\"@id\":\"https:\\\/\\\/revolutionpadelstore.com\\\/pt-pt\\\/#website\",\"url\":\"https:\\\/\\\/revolutionpadelstore.com\\\/pt-pt\\\/\",\"name\":\"Revolution Padel Store\",\"description\":\"\",\"publisher\":{\"@id\":\"https:\\\/\\\/revolutionpadelstore.com\\\/pt-pt\\\/#organization\"},\"potentialAction\":[{\"@type\":\"SearchAction\",\"target\":{\"@type\":\"EntryPoint\",\"urlTemplate\":\"https:\\\/\\\/revolutionpadelstore.com\\\/pt-pt\\\/?s={search_term_string}\"},\"query-input\":{\"@type\":\"PropertyValueSpecification\",\"valueRequired\":true,\"valueName\":\"search_term_string\"}}],\"inLanguage\":\"pt-PT\"},{\"@type\":\"Organization\",\"@id\":\"https:\\\/\\\/revolutionpadelstore.com\\\/pt-pt\\\/#organization\",\"name\":\"Revolution Padel Store\",\"url\":\"https:\\\/\\\/revolutionpadelstore.com\\\/pt-pt\\\/\",\"logo\":{\"@type\":\"ImageObject\",\"inLanguage\":\"pt-PT\",\"@id\":\"https:\\\/\\\/revolutionpadelstore.com\\\/pt-pt\\\/#\\\/schema\\\/logo\\\/image\\\/\",\"url\":\"https:\\\/\\\/revolutionpadelstore.com\\\/wp-content\\\/uploads\\\/2026\\\/02\\\/revolution-padel-store.jpg\",\"contentUrl\":\"https:\\\/\\\/revolutionpadelstore.com\\\/wp-content\\\/uploads\\\/2026\\\/02\\\/revolution-padel-store.jpg\",\"width\":2000,\"height\":2000,\"caption\":\"Revolution Padel Store\"},\"image\":{\"@id\":\"https:\\\/\\\/revolutionpadelstore.com\\\/pt-pt\\\/#\\\/schema\\\/logo\\\/image\\\/\"},\"sameAs\":[\"https:\\\/\\\/www.instagram.com\\\/revolutionpadelstore\\\/\"]}]}<\/script>\n<!-- \/ Yoast SEO plugin. -->","yoast_head_json":{"title":"JOMA SLAM MEN 2542 BLANCO NEGRO - Revolution Padel Store","description":"Descubre las zapatillas de p\u00e1del de alta gama con m\u00e1xima amortiguaci\u00f3n y estabilidad. Dise\u00f1adas para profesionales, testadas por leyendas del p\u00e1del. Compra online en Revolution Padel Store.","robots":{"index":"index","follow":"follow","max-snippet":"max-snippet:-1","max-image-preview":"max-image-preview:large","max-video-preview":"max-video-preview:-1"},"canonical":"https:\/\/revolutionpadelstore.com\/pt-pt\/produto\/joma-slam-men-2542-blanco-negro-5\/","og_locale":"pt_PT","og_type":"article","og_title":"JOMA SLAM MEN 2542 BLANCO NEGRO - Revolution Padel Store","og_description":"Descubre las zapatillas de p\u00e1del de alta gama con m\u00e1xima amortiguaci\u00f3n y estabilidad. Dise\u00f1adas para profesionales, testadas por leyendas del p\u00e1del. Compra online en Revolution Padel Store.","og_url":"https:\/\/revolutionpadelstore.com\/pt-pt\/produto\/joma-slam-men-2542-blanco-negro-5\/","og_site_name":"Revolution Padel Store","article_modified_time":"2026-04-08T04:10:18+00:00","og_image":[{"width":1500,"height":1500,"url":"https:\/\/revolutionpadelstore.com\/wp-content\/uploads\/2025\/02\/126.png","type":"image\/png"}],"twitter_card":"summary_large_image","twitter_misc":{"Tempo estimado de leitura":"2 minutos"},"schema":{"@context":"https:\/\/schema.org","@graph":[{"@type":"WebPage","@id":"https:\/\/revolutionpadelstore.com\/pt-pt\/produto\/joma-slam-men-2542-blanco-negro-5\/","url":"https:\/\/revolutionpadelstore.com\/pt-pt\/produto\/joma-slam-men-2542-blanco-negro-5\/","name":"JOMA SLAM MEN 2542 BLANCO NEGRO - Revolution Padel Store","isPartOf":{"@id":"https:\/\/revolutionpadelstore.com\/pt-pt\/#website"},"primaryImageOfPage":{"@id":"https:\/\/revolutionpadelstore.com\/pt-pt\/produto\/joma-slam-men-2542-blanco-negro-5\/#primaryimage"},"image":{"@id":"https:\/\/revolutionpadelstore.com\/pt-pt\/produto\/joma-slam-men-2542-blanco-negro-5\/#primaryimage"},"thumbnailUrl":"https:\/\/revolutionpadelstore.com\/wp-content\/uploads\/2025\/02\/126.png","datePublished":"2025-02-26T17:37:10+00:00","dateModified":"2026-04-08T04:10:18+00:00","description":"Descubre las zapatillas de p\u00e1del de alta gama con m\u00e1xima amortiguaci\u00f3n y estabilidad. Dise\u00f1adas para profesionales, testadas por leyendas del p\u00e1del. Compra online en Revolution Padel Store.","breadcrumb":{"@id":"https:\/\/revolutionpadelstore.com\/pt-pt\/produto\/joma-slam-men-2542-blanco-negro-5\/#breadcrumb"},"inLanguage":"pt-PT","potentialAction":[{"@type":"ReadAction","target":["https:\/\/revolutionpadelstore.com\/pt-pt\/produto\/joma-slam-men-2542-blanco-negro-5\/"]}]},{"@type":"ImageObject","inLanguage":"pt-PT","@id":"https:\/\/revolutionpadelstore.com\/pt-pt\/produto\/joma-slam-men-2542-blanco-negro-5\/#primaryimage","url":"https:\/\/revolutionpadelstore.com\/wp-content\/uploads\/2025\/02\/126.png","contentUrl":"https:\/\/revolutionpadelstore.com\/wp-content\/uploads\/2025\/02\/126.png","width":1500,"height":1500},{"@type":"BreadcrumbList","@id":"https:\/\/revolutionpadelstore.com\/pt-pt\/produto\/joma-slam-men-2542-blanco-negro-5\/#breadcrumb","itemListElement":[{"@type":"ListItem","position":1,"name":"Portada","item":"https:\/\/revolutionpadelstore.com\/pt-pt\/"},{"@type":"ListItem","position":2,"name":"Tienda","item":"https:\/\/revolutionpadelstore.com\/pt-pt\/tienda\/"},{"@type":"ListItem","position":3,"name":"JOMA SLAM MEN 2542 BLANCO NEGRO"}]},{"@type":"WebSite","@id":"https:\/\/revolutionpadelstore.com\/pt-pt\/#website","url":"https:\/\/revolutionpadelstore.com\/pt-pt\/","name":"Revolution Padel Store","description":"","publisher":{"@id":"https:\/\/revolutionpadelstore.com\/pt-pt\/#organization"},"potentialAction":[{"@type":"SearchAction","target":{"@type":"EntryPoint","urlTemplate":"https:\/\/revolutionpadelstore.com\/pt-pt\/?s={search_term_string}"},"query-input":{"@type":"PropertyValueSpecification","valueRequired":true,"valueName":"search_term_string"}}],"inLanguage":"pt-PT"},{"@type":"Organization","@id":"https:\/\/revolutionpadelstore.com\/pt-pt\/#organization","name":"Revolution Padel Store","url":"https:\/\/revolutionpadelstore.com\/pt-pt\/","logo":{"@type":"ImageObject","inLanguage":"pt-PT","@id":"https:\/\/revolutionpadelstore.com\/pt-pt\/#\/schema\/logo\/image\/","url":"https:\/\/revolutionpadelstore.com\/wp-content\/uploads\/2026\/02\/revolution-padel-store.jpg","contentUrl":"https:\/\/revolutionpadelstore.com\/wp-content\/uploads\/2026\/02\/revolution-padel-store.jpg","width":2000,"height":2000,"caption":"Revolution Padel Store"},"image":{"@id":"https:\/\/revolutionpadelstore.com\/pt-pt\/#\/schema\/logo\/image\/"},"sameAs":["https:\/\/www.instagram.com\/revolutionpadelstore\/"]}]}},"_links":{"self":[{"href":"https:\/\/revolutionpadelstore.com\/pt-pt\/wp-json\/wp\/v2\/product\/197341","targetHints":{"allow":["GET"]}}],"collection":[{"href":"https:\/\/revolutionpadelstore.com\/pt-pt\/wp-json\/wp\/v2\/product"}],"about":[{"href":"https:\/\/revolutionpadelstore.com\/pt-pt\/wp-json\/wp\/v2\/types\/product"}],"replies":[{"embeddable":true,"href":"https:\/\/revolutionpadelstore.com\/pt-pt\/wp-json\/wp\/v2\/comments?post=197341"}],"wp:featuredmedia":[{"embeddable":true,"href":"https:\/\/revolutionpadelstore.com\/pt-pt\/wp-json\/wp\/v2\/media\/197288"}],"wp:attachment":[{"href":"https:\/\/revolutionpadelstore.com\/pt-pt\/wp-json\/wp\/v2\/media?parent=197341"}],"wp:term":[{"taxonomy":"acabado","embeddable":true,"href":"https:\/\/revolutionpadelstore.com\/pt-pt\/wp-json\/wp\/v2\/acabado?post=197341"},{"taxonomy":"balance","embeddable":true,"href":"https:\/\/revolutionpadelstore.com\/pt-pt\/wp-json\/wp\/v2\/balance?post=197341"},{"taxonomy":"dureza","embeddable":true,"href":"https:\/\/revolutionpadelstore.com\/pt-pt\/wp-json\/wp\/v2\/dureza?post=197341"},{"taxonomy":"forma","embeddable":true,"href":"https:\/\/revolutionpadelstore.com\/pt-pt\/wp-json\/wp\/v2\/forma?post=197341"},{"taxonomy":"jugador","embeddable":true,"href":"https:\/\/revolutionpadelstore.com\/pt-pt\/wp-json\/wp\/v2\/jugador?post=197341"},{"taxonomy":"marca","embeddable":true,"href":"https:\/\/revolutionpadelstore.com\/pt-pt\/wp-json\/wp\/v2\/marca?post=197341"},{"taxonomy":"nivel-de-juego","embeddable":true,"href":"https:\/\/revolutionpadelstore.com\/pt-pt\/wp-json\/wp\/v2\/nivel-de-juego?post=197341"},{"taxonomy":"superficie","embeddable":true,"href":"https:\/\/revolutionpadelstore.com\/pt-pt\/wp-json\/wp\/v2\/superficie?post=197341"},{"taxonomy":"tipo-de-juego","embeddable":true,"href":"https:\/\/revolutionpadelstore.com\/pt-pt\/wp-json\/wp\/v2\/tipo-de-juego?post=197341"},{"taxonomy":"product_brand","embeddable":true,"href":"https:\/\/revolutionpadelstore.com\/pt-pt\/wp-json\/wp\/v2\/product_brand?post=197341"},{"taxonomy":"product_cat","embeddable":true,"href":"https:\/\/revolutionpadelstore.com\/pt-pt\/wp-json\/wp\/v2\/product_cat?post=197341"},{"taxonomy":"product_tag","embeddable":true,"href":"https:\/\/revolutionpadelstore.com\/pt-pt\/wp-json\/wp\/v2\/product_tag?post=197341"}],"curies":[{"name":"wp","href":"https:\/\/api.w.org\/{rel}","templated":true}]}}