{"id":19728,"date":"2024-04-09T19:56:58","date_gmt":"2024-04-09T17:56:58","guid":{"rendered":"https:\/\/revolutionpadelstore.com\/siux-diablo-revolution-pro-3\/"},"modified":"2026-04-08T14:27:32","modified_gmt":"2026-04-08T12:27:32","slug":"siux-diablo-revolution-pro-3-5","status":"publish","type":"product","link":"https:\/\/revolutionpadelstore.com\/pt-pt\/produto\/siux-diablo-revolution-pro-3-5\/","title":{"rendered":"SIUX DIABLO REVOLUTION PRO 3"},"content":{"rendered":"<h2>Siux Diablo Revolution 3 Sanyo Pro, recursos incr\u00edveis<\/h2>\n<p>A <strong>Siux Diablo Revolution Pro 3<\/strong> \u00e9 a raquete de padel oficial da Sanyo Guti\u00e9rrez. Foi projetada para jogadores de padel avan\u00e7ados ou profissionais que buscam versatilidade em todas as jogadas. Tem um toque duro e um peso leve de 355-375 gramas que permite grande liberdade de movimentos, agilidade e conforto em todos os momentos.<\/p>\n<p>Apresenta um <strong>formato h\u00edbrido e equil\u00edbrio m\u00e9dio<\/strong>, tornando-o ideal tanto para golpes agressivos que exigem maior pot\u00eancia, quanto para golpes defensivos que exigem grande precis\u00e3o e controle.<\/p>\n<h3>Durabilidade e resist\u00eancia ao desgaste<\/h3>\n<p>Quanto \u00e0 sua composi\u00e7\u00e3o, podemos destacar o n\u00facleo de borracha EVA, que proporciona \u00f3tima sensa\u00e7\u00e3o ao bater e proporciona feedback, ao mesmo tempo que proporciona estabilidade e leveza.<\/p>\n<p>O quadro tubular \u00e9 composto por uma combina\u00e7\u00e3o de<strong>carbono 3K e aramida<\/strong>, por isso se destaca pelo peso leve, grande resist\u00eancia e durabilidade, al\u00e9m de uma agrad\u00e1vel sensa\u00e7\u00e3o de impacto devido \u00e0 redu\u00e7\u00e3o das vibra\u00e7\u00f5es .<\/p>\n<p>Por outro lado, as faces desta <strong>raquete Siux<\/strong> s\u00e3o confeccionadas em <strong>carbono 15K 45\u00ba<\/strong>, o que se traduz em <strong>alta resist\u00eancia, qualidade e rigidez<\/strong>, o que oferece uma excelente combina\u00e7\u00e3o de controle e pot\u00eancia que resulta em uma raquete de alto desempenho.<\/p>\n<p>Al\u00e9m disso, os avi\u00f5es t\u00eam acabamento brilhante e incorporam a tecnologia<strong><em><\/em>3D Decal<\/em><\/strong>, um relevo que favorece a ader\u00eancia da bola \u00e0 superf\u00edcie e faz com que ela gire com <strong>mais velocidade e efeito.<\/strong><\/p>\n<h3>Est\u00e9tica moderna e esportiva<\/h3>\n<p>Da mesma forma, este modelo est\u00e1 muito bem equipado em termos de tecnologias, pois incorpora <strong><em>amortecedores<\/em><\/strong>. S\u00e3o elementos respons\u00e1veis \u200b\u200b\u200b\u200bpor reduzir as vibra\u00e7\u00f5es produzidas ap\u00f3s o impacto da bola (at\u00e9 60%) e assim reduzir a possibilidade de o jogador sofrer uma les\u00e3o.<\/p>\n<p>Al\u00e9m disso, gra\u00e7as ao <strong><em>Dual Pro Grip<\/em><\/strong>, um overgrip feito com borracha FOAM, a ader\u00eancia \u00e9 muito <strong>mais agrad\u00e1vel, confort\u00e1vel e firme<\/strong> devido ao pequeno relevo que \u00e9 gerado na superf\u00edcie.<\/p>\n<h2>Siux Diablo Revolution 3 Sanyo Pro, incre\u00edbles prestaciones<\/h2>\n","protected":false},"excerpt":{"rendered":"<p>A Siux Diablo Revolution Pro 3 \u00e9 a raquete de padel oficial da Sanyo Guti\u00e9rrez. Foi pensado para jogadores de padel de n\u00edvel avan\u00e7ado ou profissional que procuram versatilidade em cada jogada. Tem um toque duro e um peso leve de 355-375 gramas que permite grande liberdade de movimentos, agilidade e conforto em todos os momentos.<\/p>\n","protected":false},"featured_media":71452,"comment_status":"open","ping_status":"closed","template":"","meta":{"_acf_changed":false,"_joinchat":[]},"acabado":[1090,1080],"balance":[1140],"dureza":[1155],"forma":[1175],"jugador":[1190,1200],"marca":[1305],"nivel-de-juego":[1335],"superficie":[1360],"tipo-de-juego":[1385],"product_brand":[],"product_cat":[300],"product_tag":[],"class_list":{"0":"post-19728","1":"product","2":"type-product","3":"status-publish","4":"has-post-thumbnail","6":"acabado-alivio-3d","7":"acabado-brilho","8":"balance-medio-pt-pt","9":"dureza-media-pt-pt","10":"forma-hibrido","11":"jugador-homem","12":"jugador-polivalente-pt-pt","13":"marca-siux-pt-pt","14":"superficie-rugosa-pt-pt","15":"tipo-de-juego-polivalente-pt-pt","16":"product_cat-palas","18":"first","19":"onbackorder","20":"sale","21":"taxable","22":"shipping-taxable","23":"purchasable","24":"product-type-simple"},"acf":[],"yoast_head":"<!-- This site is optimized with the Yoast SEO plugin v27.4 - https:\/\/yoast.com\/product\/yoast-seo-wordpress\/ -->\n<title>SIUX DIABLO REVOLUTION PRO 3 - Revolution Padel Store<\/title>\n<meta name=\"description\" content=\"La\u00a0Siux Diablo Revolution Pro 3,\u00a0es la\u00a0pala oficial de Sanyo Guti\u00e9rrez.\u00a0Ha sido dise\u00f1ada para jugadores de p\u00e1del de\u00a0nivel avanzado o profesional\u00a0que buscan polivalencia en cada jugada. Tiene un tacto duro y un \u00a0peso ligero de 355-375 gramos que posibilita una gran libertad de movimiento, agilidad y comodidad en todo momento.\" \/>\n<meta name=\"robots\" content=\"index, follow, max-snippet:-1, max-image-preview:large, max-video-preview:-1\" \/>\n<link rel=\"canonical\" href=\"https:\/\/revolutionpadelstore.com\/pt-pt\/produto\/siux-diablo-revolution-pro-3-5\/\" \/>\n<meta property=\"og:locale\" content=\"pt_PT\" \/>\n<meta property=\"og:type\" content=\"article\" \/>\n<meta property=\"og:title\" content=\"COMPRAR SIUX DIABLO REVOLUTION PRO 3\" \/>\n<meta property=\"og:description\" content=\"La\u00a0Siux Diablo Revolution Pro 3,\u00a0es la\u00a0pala oficial de Sanyo Guti\u00e9rrez.\u00a0Ha sido dise\u00f1ada para jugadores de p\u00e1del de\u00a0nivel avanzado o profesional\u00a0que buscan polivalencia en cada jugada. Tiene un tacto duro y un \u00a0peso ligero de 355-375 gramos que posibilita una gran libertad de movimiento, agilidad y comodidad en todo momento.\" \/>\n<meta property=\"og:url\" content=\"https:\/\/revolutionpadelstore.com\/pt-pt\/produto\/siux-diablo-revolution-pro-3-5\/\" \/>\n<meta property=\"og:site_name\" content=\"Revolution Padel Store\" \/>\n<meta property=\"article:modified_time\" content=\"2026-04-08T12:27:32+00:00\" \/>\n<meta property=\"og:image\" content=\"https:\/\/revolutionpadelstore.com\/wp-content\/uploads\/2024\/04\/diablo_pro_3_1_1500x1500_f18e.webp\" \/>\n\t<meta property=\"og:image:width\" content=\"1500\" \/>\n\t<meta property=\"og:image:height\" content=\"1500\" \/>\n\t<meta property=\"og:image:type\" content=\"image\/webp\" \/>\n<meta name=\"twitter:card\" content=\"summary_large_image\" \/>\n<meta name=\"twitter:label1\" content=\"Tempo estimado de leitura\" \/>\n\t<meta name=\"twitter:data1\" content=\"2 minutos\" \/>\n<script type=\"application\/ld+json\" class=\"yoast-schema-graph\">{\"@context\":\"https:\\\/\\\/schema.org\",\"@graph\":[{\"@type\":\"WebPage\",\"@id\":\"https:\\\/\\\/revolutionpadelstore.com\\\/pt-pt\\\/produto\\\/siux-diablo-revolution-pro-3-5\\\/\",\"url\":\"https:\\\/\\\/revolutionpadelstore.com\\\/pt-pt\\\/produto\\\/siux-diablo-revolution-pro-3-5\\\/\",\"name\":\"SIUX DIABLO REVOLUTION PRO 3 - Revolution Padel Store\",\"isPartOf\":{\"@id\":\"https:\\\/\\\/revolutionpadelstore.com\\\/pt-pt\\\/#website\"},\"primaryImageOfPage\":{\"@id\":\"https:\\\/\\\/revolutionpadelstore.com\\\/pt-pt\\\/produto\\\/siux-diablo-revolution-pro-3-5\\\/#primaryimage\"},\"image\":{\"@id\":\"https:\\\/\\\/revolutionpadelstore.com\\\/pt-pt\\\/produto\\\/siux-diablo-revolution-pro-3-5\\\/#primaryimage\"},\"thumbnailUrl\":\"https:\\\/\\\/revolutionpadelstore.com\\\/wp-content\\\/uploads\\\/2024\\\/06\\\/29.png\",\"datePublished\":\"2024-04-09T17:56:58+00:00\",\"dateModified\":\"2026-04-08T12:27:32+00:00\",\"description\":\"La\u00a0Siux Diablo Revolution Pro 3,\u00a0es la\u00a0pala oficial de Sanyo Guti\u00e9rrez.\u00a0Ha sido dise\u00f1ada para jugadores de p\u00e1del de\u00a0nivel avanzado o profesional\u00a0que buscan polivalencia en cada jugada. Tiene un tacto duro y un \u00a0peso ligero de 355-375 gramos que posibilita una gran libertad de movimiento, agilidad y comodidad en todo momento.\",\"breadcrumb\":{\"@id\":\"https:\\\/\\\/revolutionpadelstore.com\\\/pt-pt\\\/produto\\\/siux-diablo-revolution-pro-3-5\\\/#breadcrumb\"},\"inLanguage\":\"pt-PT\",\"potentialAction\":[{\"@type\":\"ReadAction\",\"target\":[\"https:\\\/\\\/revolutionpadelstore.com\\\/pt-pt\\\/produto\\\/siux-diablo-revolution-pro-3-5\\\/\"]}]},{\"@type\":\"ImageObject\",\"inLanguage\":\"pt-PT\",\"@id\":\"https:\\\/\\\/revolutionpadelstore.com\\\/pt-pt\\\/produto\\\/siux-diablo-revolution-pro-3-5\\\/#primaryimage\",\"url\":\"https:\\\/\\\/revolutionpadelstore.com\\\/wp-content\\\/uploads\\\/2024\\\/06\\\/29.png\",\"contentUrl\":\"https:\\\/\\\/revolutionpadelstore.com\\\/wp-content\\\/uploads\\\/2024\\\/06\\\/29.png\",\"width\":1500,\"height\":1500},{\"@type\":\"BreadcrumbList\",\"@id\":\"https:\\\/\\\/revolutionpadelstore.com\\\/pt-pt\\\/produto\\\/siux-diablo-revolution-pro-3-5\\\/#breadcrumb\",\"itemListElement\":[{\"@type\":\"ListItem\",\"position\":1,\"name\":\"Portada\",\"item\":\"https:\\\/\\\/revolutionpadelstore.com\\\/pt-pt\\\/\"},{\"@type\":\"ListItem\",\"position\":2,\"name\":\"Tienda\",\"item\":\"https:\\\/\\\/revolutionpadelstore.com\\\/pt-pt\\\/tienda\\\/\"},{\"@type\":\"ListItem\",\"position\":3,\"name\":\"SIUX DIABLO REVOLUTION PRO 3\"}]},{\"@type\":\"WebSite\",\"@id\":\"https:\\\/\\\/revolutionpadelstore.com\\\/pt-pt\\\/#website\",\"url\":\"https:\\\/\\\/revolutionpadelstore.com\\\/pt-pt\\\/\",\"name\":\"Revolution Padel Store\",\"description\":\"\",\"publisher\":{\"@id\":\"https:\\\/\\\/revolutionpadelstore.com\\\/pt-pt\\\/#organization\"},\"potentialAction\":[{\"@type\":\"SearchAction\",\"target\":{\"@type\":\"EntryPoint\",\"urlTemplate\":\"https:\\\/\\\/revolutionpadelstore.com\\\/pt-pt\\\/?s={search_term_string}\"},\"query-input\":{\"@type\":\"PropertyValueSpecification\",\"valueRequired\":true,\"valueName\":\"search_term_string\"}}],\"inLanguage\":\"pt-PT\"},{\"@type\":\"Organization\",\"@id\":\"https:\\\/\\\/revolutionpadelstore.com\\\/pt-pt\\\/#organization\",\"name\":\"Revolution Padel Store\",\"url\":\"https:\\\/\\\/revolutionpadelstore.com\\\/pt-pt\\\/\",\"logo\":{\"@type\":\"ImageObject\",\"inLanguage\":\"pt-PT\",\"@id\":\"https:\\\/\\\/revolutionpadelstore.com\\\/pt-pt\\\/#\\\/schema\\\/logo\\\/image\\\/\",\"url\":\"https:\\\/\\\/revolutionpadelstore.com\\\/wp-content\\\/uploads\\\/2026\\\/02\\\/revolution-padel-store.jpg\",\"contentUrl\":\"https:\\\/\\\/revolutionpadelstore.com\\\/wp-content\\\/uploads\\\/2026\\\/02\\\/revolution-padel-store.jpg\",\"width\":2000,\"height\":2000,\"caption\":\"Revolution Padel Store\"},\"image\":{\"@id\":\"https:\\\/\\\/revolutionpadelstore.com\\\/pt-pt\\\/#\\\/schema\\\/logo\\\/image\\\/\"},\"sameAs\":[\"https:\\\/\\\/www.instagram.com\\\/revolutionpadelstore\\\/\"]}]}<\/script>\n<!-- \/ Yoast SEO plugin. -->","yoast_head_json":{"title":"SIUX DIABLO REVOLUTION PRO 3 - Revolution Padel Store","description":"La\u00a0Siux Diablo Revolution Pro 3,\u00a0es la\u00a0pala oficial de Sanyo Guti\u00e9rrez.\u00a0Ha sido dise\u00f1ada para jugadores de p\u00e1del de\u00a0nivel avanzado o profesional\u00a0que buscan polivalencia en cada jugada. Tiene un tacto duro y un \u00a0peso ligero de 355-375 gramos que posibilita una gran libertad de movimiento, agilidad y comodidad en todo momento.","robots":{"index":"index","follow":"follow","max-snippet":"max-snippet:-1","max-image-preview":"max-image-preview:large","max-video-preview":"max-video-preview:-1"},"canonical":"https:\/\/revolutionpadelstore.com\/pt-pt\/produto\/siux-diablo-revolution-pro-3-5\/","og_locale":"pt_PT","og_type":"article","og_title":"COMPRAR SIUX DIABLO REVOLUTION PRO 3","og_description":"La\u00a0Siux Diablo Revolution Pro 3,\u00a0es la\u00a0pala oficial de Sanyo Guti\u00e9rrez.\u00a0Ha sido dise\u00f1ada para jugadores de p\u00e1del de\u00a0nivel avanzado o profesional\u00a0que buscan polivalencia en cada jugada. Tiene un tacto duro y un \u00a0peso ligero de 355-375 gramos que posibilita una gran libertad de movimiento, agilidad y comodidad en todo momento.","og_url":"https:\/\/revolutionpadelstore.com\/pt-pt\/produto\/siux-diablo-revolution-pro-3-5\/","og_site_name":"Revolution Padel Store","article_modified_time":"2026-04-08T12:27:32+00:00","og_image":[{"width":1500,"height":1500,"url":"https:\/\/revolutionpadelstore.com\/wp-content\/uploads\/2024\/04\/diablo_pro_3_1_1500x1500_f18e.webp","type":"image\/webp"}],"twitter_card":"summary_large_image","twitter_misc":{"Tempo estimado de leitura":"2 minutos"},"schema":{"@context":"https:\/\/schema.org","@graph":[{"@type":"WebPage","@id":"https:\/\/revolutionpadelstore.com\/pt-pt\/produto\/siux-diablo-revolution-pro-3-5\/","url":"https:\/\/revolutionpadelstore.com\/pt-pt\/produto\/siux-diablo-revolution-pro-3-5\/","name":"SIUX DIABLO REVOLUTION PRO 3 - Revolution Padel Store","isPartOf":{"@id":"https:\/\/revolutionpadelstore.com\/pt-pt\/#website"},"primaryImageOfPage":{"@id":"https:\/\/revolutionpadelstore.com\/pt-pt\/produto\/siux-diablo-revolution-pro-3-5\/#primaryimage"},"image":{"@id":"https:\/\/revolutionpadelstore.com\/pt-pt\/produto\/siux-diablo-revolution-pro-3-5\/#primaryimage"},"thumbnailUrl":"https:\/\/revolutionpadelstore.com\/wp-content\/uploads\/2024\/06\/29.png","datePublished":"2024-04-09T17:56:58+00:00","dateModified":"2026-04-08T12:27:32+00:00","description":"La\u00a0Siux Diablo Revolution Pro 3,\u00a0es la\u00a0pala oficial de Sanyo Guti\u00e9rrez.\u00a0Ha sido dise\u00f1ada para jugadores de p\u00e1del de\u00a0nivel avanzado o profesional\u00a0que buscan polivalencia en cada jugada. Tiene un tacto duro y un \u00a0peso ligero de 355-375 gramos que posibilita una gran libertad de movimiento, agilidad y comodidad en todo momento.","breadcrumb":{"@id":"https:\/\/revolutionpadelstore.com\/pt-pt\/produto\/siux-diablo-revolution-pro-3-5\/#breadcrumb"},"inLanguage":"pt-PT","potentialAction":[{"@type":"ReadAction","target":["https:\/\/revolutionpadelstore.com\/pt-pt\/produto\/siux-diablo-revolution-pro-3-5\/"]}]},{"@type":"ImageObject","inLanguage":"pt-PT","@id":"https:\/\/revolutionpadelstore.com\/pt-pt\/produto\/siux-diablo-revolution-pro-3-5\/#primaryimage","url":"https:\/\/revolutionpadelstore.com\/wp-content\/uploads\/2024\/06\/29.png","contentUrl":"https:\/\/revolutionpadelstore.com\/wp-content\/uploads\/2024\/06\/29.png","width":1500,"height":1500},{"@type":"BreadcrumbList","@id":"https:\/\/revolutionpadelstore.com\/pt-pt\/produto\/siux-diablo-revolution-pro-3-5\/#breadcrumb","itemListElement":[{"@type":"ListItem","position":1,"name":"Portada","item":"https:\/\/revolutionpadelstore.com\/pt-pt\/"},{"@type":"ListItem","position":2,"name":"Tienda","item":"https:\/\/revolutionpadelstore.com\/pt-pt\/tienda\/"},{"@type":"ListItem","position":3,"name":"SIUX DIABLO REVOLUTION PRO 3"}]},{"@type":"WebSite","@id":"https:\/\/revolutionpadelstore.com\/pt-pt\/#website","url":"https:\/\/revolutionpadelstore.com\/pt-pt\/","name":"Revolution Padel Store","description":"","publisher":{"@id":"https:\/\/revolutionpadelstore.com\/pt-pt\/#organization"},"potentialAction":[{"@type":"SearchAction","target":{"@type":"EntryPoint","urlTemplate":"https:\/\/revolutionpadelstore.com\/pt-pt\/?s={search_term_string}"},"query-input":{"@type":"PropertyValueSpecification","valueRequired":true,"valueName":"search_term_string"}}],"inLanguage":"pt-PT"},{"@type":"Organization","@id":"https:\/\/revolutionpadelstore.com\/pt-pt\/#organization","name":"Revolution Padel Store","url":"https:\/\/revolutionpadelstore.com\/pt-pt\/","logo":{"@type":"ImageObject","inLanguage":"pt-PT","@id":"https:\/\/revolutionpadelstore.com\/pt-pt\/#\/schema\/logo\/image\/","url":"https:\/\/revolutionpadelstore.com\/wp-content\/uploads\/2026\/02\/revolution-padel-store.jpg","contentUrl":"https:\/\/revolutionpadelstore.com\/wp-content\/uploads\/2026\/02\/revolution-padel-store.jpg","width":2000,"height":2000,"caption":"Revolution Padel Store"},"image":{"@id":"https:\/\/revolutionpadelstore.com\/pt-pt\/#\/schema\/logo\/image\/"},"sameAs":["https:\/\/www.instagram.com\/revolutionpadelstore\/"]}]}},"_links":{"self":[{"href":"https:\/\/revolutionpadelstore.com\/pt-pt\/wp-json\/wp\/v2\/product\/19728","targetHints":{"allow":["GET"]}}],"collection":[{"href":"https:\/\/revolutionpadelstore.com\/pt-pt\/wp-json\/wp\/v2\/product"}],"about":[{"href":"https:\/\/revolutionpadelstore.com\/pt-pt\/wp-json\/wp\/v2\/types\/product"}],"replies":[{"embeddable":true,"href":"https:\/\/revolutionpadelstore.com\/pt-pt\/wp-json\/wp\/v2\/comments?post=19728"}],"wp:featuredmedia":[{"embeddable":true,"href":"https:\/\/revolutionpadelstore.com\/pt-pt\/wp-json\/wp\/v2\/media\/71452"}],"wp:attachment":[{"href":"https:\/\/revolutionpadelstore.com\/pt-pt\/wp-json\/wp\/v2\/media?parent=19728"}],"wp:term":[{"taxonomy":"acabado","embeddable":true,"href":"https:\/\/revolutionpadelstore.com\/pt-pt\/wp-json\/wp\/v2\/acabado?post=19728"},{"taxonomy":"balance","embeddable":true,"href":"https:\/\/revolutionpadelstore.com\/pt-pt\/wp-json\/wp\/v2\/balance?post=19728"},{"taxonomy":"dureza","embeddable":true,"href":"https:\/\/revolutionpadelstore.com\/pt-pt\/wp-json\/wp\/v2\/dureza?post=19728"},{"taxonomy":"forma","embeddable":true,"href":"https:\/\/revolutionpadelstore.com\/pt-pt\/wp-json\/wp\/v2\/forma?post=19728"},{"taxonomy":"jugador","embeddable":true,"href":"https:\/\/revolutionpadelstore.com\/pt-pt\/wp-json\/wp\/v2\/jugador?post=19728"},{"taxonomy":"marca","embeddable":true,"href":"https:\/\/revolutionpadelstore.com\/pt-pt\/wp-json\/wp\/v2\/marca?post=19728"},{"taxonomy":"nivel-de-juego","embeddable":true,"href":"https:\/\/revolutionpadelstore.com\/pt-pt\/wp-json\/wp\/v2\/nivel-de-juego?post=19728"},{"taxonomy":"superficie","embeddable":true,"href":"https:\/\/revolutionpadelstore.com\/pt-pt\/wp-json\/wp\/v2\/superficie?post=19728"},{"taxonomy":"tipo-de-juego","embeddable":true,"href":"https:\/\/revolutionpadelstore.com\/pt-pt\/wp-json\/wp\/v2\/tipo-de-juego?post=19728"},{"taxonomy":"product_brand","embeddable":true,"href":"https:\/\/revolutionpadelstore.com\/pt-pt\/wp-json\/wp\/v2\/product_brand?post=19728"},{"taxonomy":"product_cat","embeddable":true,"href":"https:\/\/revolutionpadelstore.com\/pt-pt\/wp-json\/wp\/v2\/product_cat?post=19728"},{"taxonomy":"product_tag","embeddable":true,"href":"https:\/\/revolutionpadelstore.com\/pt-pt\/wp-json\/wp\/v2\/product_tag?post=19728"}],"curies":[{"name":"wp","href":"https:\/\/api.w.org\/{rel}","templated":true}]}}