{"id":197262,"date":"2025-02-26T18:11:00","date_gmt":"2025-02-26T17:11:00","guid":{"rendered":"https:\/\/revolutionpadelstore.com\/joma-slam-men-2508-mostaza\/"},"modified":"2026-04-08T06:11:19","modified_gmt":"2026-04-08T04:11:19","slug":"joma-slam-men-2508-mostaza-5","status":"publish","type":"product","link":"https:\/\/revolutionpadelstore.com\/pt-pt\/produto\/joma-slam-men-2508-mostaza-5\/","title":{"rendered":"JOMA SLAM MEN 2508 MOSTAZA"},"content":{"rendered":"<p><H2> Paddlers profissionais &#8211; desempenho m\u00e1ximo na pista <\/h2>\n<p>Descubra os sapatos de paddle alto projetados para jogadores exigentes que buscam conforto, estabilidade e durabilidade. Testado por profissionais como o ex -n\u00famero 1 do mundo Carolina Navarro e Juanlu Esbr\u00ed, este modelo incorpora tecnologia avan\u00e7ada para melhorar seu desempenho em cada parte.<br \/>\n<H2> caracter\u00edsticas pendentes <\/h2>\n<p><P>-respir\u00e1vel superior com tecnologia VTS: mant\u00e9m a ventila\u00e7\u00e3o ideal e controla o suor.<br \/>\n-C h\u00e1bito de precis\u00e3o com Joma Sportch: Thermallado sem costuras para maior conforto e suporte.<br \/>\nRefresco de re -esterio: aumente a resist\u00eancia nas \u00e1reas mais expostas ao desgaste.<br \/>\n-Dual reativo mediauela: combine o fil\u00e3o e a bola reativa para obter uma almofada e retorno de energia mais alta.<br \/>\n-Suzuela Durabilidade: design OMNI que fornece tra\u00e7\u00e3o, estabilidade e deslizamentos de terra controlados. <\/p>\n<p><H2> tecnologias inovadoras <\/h2>\n<p>&lt;p style = &quot;preenchimento-esquerda: 40px;&quot;<br \/>\nFlexO: linhas de flex\u00e3o que melhoram a transi\u00e7\u00e3o do piso.<br \/>\nProte\u00e7\u00e3o: Material injetado no dedo do p\u00e9 para evitar o desgaste.<br \/>\nBola reativa: absorve impactos e retorna energia para maior impulso.<br \/>\nSportch: Tecnologia sem costuras que reduz o peso e aumenta o conforto.<br \/>\nStabilis: pe\u00e7a de TPU que evita tor\u00e7\u00f5es indesejadas e melhora a estabilidade.<br \/>\nVTS: Sistema de ventila\u00e7\u00e3o que mant\u00e9m uma temperatura constante no p\u00e9.<\/p>\n<p><H2> Especifica\u00e7\u00f5es <\/h2>\n<p>&lt;p style = &quot;preenchimento-esquerda: 40px;&quot;<br \/>\n&lt;p style = &quot;preenchimento-esquerda: 40px;&quot;<\/p>\n<p> Prote\u00e7\u00e3o: refor\u00e7ado com o sistema de prote\u00e7\u00e3o. <\/p>\n<p> MediaSuela: Phylon com bola reativa e stabilis. <\/p>\n<p> sola: borracha de durabilidade com padr\u00e3o omni.<\/p>\n<p> Uso recomendado: treinamento e competi\u00e7\u00e3o. <\/p>\n<p>&lt;p style = &quot;preenchimento-esquerda: 40px;&quot; Cor: Mostarda. <\/p>\n<p> g\u00eanero: cara. <\/p>\n<p> refer\u00eancia: tslams2508om. <\/p>\n<p><strong> aprimora seu jogo com os sapatos mais avan\u00e7ados do mercado.<\/p>\n<h2>Zapatillas de P\u00e1del Profesionales \u2013 M\u00e1ximo Rendimiento en la Pista<\/h2>\n","protected":false},"excerpt":{"rendered":"<p>Explore sapatos de paddle de alto desempenho, criados para jogadores que priorizam conforto, estabilidade e resist\u00eancia. Apoiado por especialistas como o primeiro n\u00famero um dos Navarro da Carolina Mundial e Juanlu Esbr\u00ed, esse modelo possui tecnologia inovadora para otimizar seu desempenho na pista.<\/p>\n","protected":false},"featured_media":197275,"comment_status":"open","ping_status":"closed","template":"","meta":{"_acf_changed":false,"_joinchat":[]},"acabado":[],"balance":[],"dureza":[],"forma":[],"jugador":[1190],"marca":[1225],"nivel-de-juego":[],"superficie":[],"tipo-de-juego":[],"product_brand":[],"product_cat":[833],"product_tag":[],"class_list":{"0":"post-197262","1":"product","2":"type-product","3":"status-publish","4":"has-post-thumbnail","6":"jugador-homem","7":"marca-joma-pt-pt","8":"product_cat-tenis","10":"first","11":"outofstock","12":"sale","13":"taxable","14":"shipping-taxable","15":"purchasable","16":"product-type-variable"},"acf":[],"yoast_head":"<!-- This site is optimized with the Yoast SEO plugin v27.4 - https:\/\/yoast.com\/product\/yoast-seo-wordpress\/ -->\n<title>JOMA SLAM MEN 2508 MOSTAZA - Revolution Padel Store<\/title>\n<meta name=\"description\" content=\"Compra las zapatillas de p\u00e1del profesionales con tecnolog\u00edas avanzadas para m\u00e1xima estabilidad y amortiguaci\u00f3n. Disponibles en www.revolutionpadelstore.com al mejor precio\" \/>\n<meta name=\"robots\" content=\"index, follow, max-snippet:-1, max-image-preview:large, max-video-preview:-1\" \/>\n<link rel=\"canonical\" href=\"https:\/\/revolutionpadelstore.com\/pt-pt\/produto\/joma-slam-men-2508-mostaza-5\/\" \/>\n<meta property=\"og:locale\" content=\"pt_PT\" \/>\n<meta property=\"og:type\" content=\"article\" \/>\n<meta property=\"og:title\" content=\"JOMA SLAM MEN 2508 MOSTAZA - Revolution Padel Store\" \/>\n<meta property=\"og:description\" content=\"Compra las zapatillas de p\u00e1del profesionales con tecnolog\u00edas avanzadas para m\u00e1xima estabilidad y amortiguaci\u00f3n. Disponibles en www.revolutionpadelstore.com al mejor precio\" \/>\n<meta property=\"og:url\" content=\"https:\/\/revolutionpadelstore.com\/pt-pt\/produto\/joma-slam-men-2508-mostaza-5\/\" \/>\n<meta property=\"og:site_name\" content=\"Revolution Padel Store\" \/>\n<meta property=\"article:modified_time\" content=\"2026-04-08T04:11:19+00:00\" \/>\n<meta property=\"og:image\" content=\"https:\/\/revolutionpadelstore.com\/wp-content\/uploads\/2025\/02\/FOTO-PALAS-6.png\" \/>\n\t<meta property=\"og:image:width\" content=\"1500\" \/>\n\t<meta property=\"og:image:height\" content=\"1500\" \/>\n\t<meta property=\"og:image:type\" content=\"image\/png\" \/>\n<meta name=\"twitter:card\" content=\"summary_large_image\" \/>\n<meta name=\"twitter:label1\" content=\"Tempo estimado de leitura\" \/>\n\t<meta name=\"twitter:data1\" content=\"2 minutos\" \/>\n<script type=\"application\/ld+json\" class=\"yoast-schema-graph\">{\"@context\":\"https:\\\/\\\/schema.org\",\"@graph\":[{\"@type\":\"WebPage\",\"@id\":\"https:\\\/\\\/revolutionpadelstore.com\\\/pt-pt\\\/produto\\\/joma-slam-men-2508-mostaza-5\\\/\",\"url\":\"https:\\\/\\\/revolutionpadelstore.com\\\/pt-pt\\\/produto\\\/joma-slam-men-2508-mostaza-5\\\/\",\"name\":\"JOMA SLAM MEN 2508 MOSTAZA - Revolution Padel Store\",\"isPartOf\":{\"@id\":\"https:\\\/\\\/revolutionpadelstore.com\\\/pt-pt\\\/#website\"},\"primaryImageOfPage\":{\"@id\":\"https:\\\/\\\/revolutionpadelstore.com\\\/pt-pt\\\/produto\\\/joma-slam-men-2508-mostaza-5\\\/#primaryimage\"},\"image\":{\"@id\":\"https:\\\/\\\/revolutionpadelstore.com\\\/pt-pt\\\/produto\\\/joma-slam-men-2508-mostaza-5\\\/#primaryimage\"},\"thumbnailUrl\":\"https:\\\/\\\/revolutionpadelstore.com\\\/wp-content\\\/uploads\\\/2025\\\/02\\\/FOTO-PALAS-6.png\",\"datePublished\":\"2025-02-26T17:11:00+00:00\",\"dateModified\":\"2026-04-08T04:11:19+00:00\",\"description\":\"Compra las zapatillas de p\u00e1del profesionales con tecnolog\u00edas avanzadas para m\u00e1xima estabilidad y amortiguaci\u00f3n. Disponibles en www.revolutionpadelstore.com al mejor precio\",\"breadcrumb\":{\"@id\":\"https:\\\/\\\/revolutionpadelstore.com\\\/pt-pt\\\/produto\\\/joma-slam-men-2508-mostaza-5\\\/#breadcrumb\"},\"inLanguage\":\"pt-PT\",\"potentialAction\":[{\"@type\":\"ReadAction\",\"target\":[\"https:\\\/\\\/revolutionpadelstore.com\\\/pt-pt\\\/produto\\\/joma-slam-men-2508-mostaza-5\\\/\"]}]},{\"@type\":\"ImageObject\",\"inLanguage\":\"pt-PT\",\"@id\":\"https:\\\/\\\/revolutionpadelstore.com\\\/pt-pt\\\/produto\\\/joma-slam-men-2508-mostaza-5\\\/#primaryimage\",\"url\":\"https:\\\/\\\/revolutionpadelstore.com\\\/wp-content\\\/uploads\\\/2025\\\/02\\\/FOTO-PALAS-6.png\",\"contentUrl\":\"https:\\\/\\\/revolutionpadelstore.com\\\/wp-content\\\/uploads\\\/2025\\\/02\\\/FOTO-PALAS-6.png\",\"width\":1500,\"height\":1500},{\"@type\":\"BreadcrumbList\",\"@id\":\"https:\\\/\\\/revolutionpadelstore.com\\\/pt-pt\\\/produto\\\/joma-slam-men-2508-mostaza-5\\\/#breadcrumb\",\"itemListElement\":[{\"@type\":\"ListItem\",\"position\":1,\"name\":\"Portada\",\"item\":\"https:\\\/\\\/revolutionpadelstore.com\\\/pt-pt\\\/\"},{\"@type\":\"ListItem\",\"position\":2,\"name\":\"Tienda\",\"item\":\"https:\\\/\\\/revolutionpadelstore.com\\\/pt-pt\\\/tienda\\\/\"},{\"@type\":\"ListItem\",\"position\":3,\"name\":\"JOMA SLAM MEN 2508 MOSTAZA\"}]},{\"@type\":\"WebSite\",\"@id\":\"https:\\\/\\\/revolutionpadelstore.com\\\/pt-pt\\\/#website\",\"url\":\"https:\\\/\\\/revolutionpadelstore.com\\\/pt-pt\\\/\",\"name\":\"Revolution Padel Store\",\"description\":\"\",\"publisher\":{\"@id\":\"https:\\\/\\\/revolutionpadelstore.com\\\/pt-pt\\\/#organization\"},\"potentialAction\":[{\"@type\":\"SearchAction\",\"target\":{\"@type\":\"EntryPoint\",\"urlTemplate\":\"https:\\\/\\\/revolutionpadelstore.com\\\/pt-pt\\\/?s={search_term_string}\"},\"query-input\":{\"@type\":\"PropertyValueSpecification\",\"valueRequired\":true,\"valueName\":\"search_term_string\"}}],\"inLanguage\":\"pt-PT\"},{\"@type\":\"Organization\",\"@id\":\"https:\\\/\\\/revolutionpadelstore.com\\\/pt-pt\\\/#organization\",\"name\":\"Revolution Padel Store\",\"url\":\"https:\\\/\\\/revolutionpadelstore.com\\\/pt-pt\\\/\",\"logo\":{\"@type\":\"ImageObject\",\"inLanguage\":\"pt-PT\",\"@id\":\"https:\\\/\\\/revolutionpadelstore.com\\\/pt-pt\\\/#\\\/schema\\\/logo\\\/image\\\/\",\"url\":\"https:\\\/\\\/revolutionpadelstore.com\\\/wp-content\\\/uploads\\\/2026\\\/02\\\/revolution-padel-store.jpg\",\"contentUrl\":\"https:\\\/\\\/revolutionpadelstore.com\\\/wp-content\\\/uploads\\\/2026\\\/02\\\/revolution-padel-store.jpg\",\"width\":2000,\"height\":2000,\"caption\":\"Revolution Padel Store\"},\"image\":{\"@id\":\"https:\\\/\\\/revolutionpadelstore.com\\\/pt-pt\\\/#\\\/schema\\\/logo\\\/image\\\/\"},\"sameAs\":[\"https:\\\/\\\/www.instagram.com\\\/revolutionpadelstore\\\/\"]}]}<\/script>\n<!-- \/ Yoast SEO plugin. -->","yoast_head_json":{"title":"JOMA SLAM MEN 2508 MOSTAZA - Revolution Padel Store","description":"Compra las zapatillas de p\u00e1del profesionales con tecnolog\u00edas avanzadas para m\u00e1xima estabilidad y amortiguaci\u00f3n. Disponibles en www.revolutionpadelstore.com al mejor precio","robots":{"index":"index","follow":"follow","max-snippet":"max-snippet:-1","max-image-preview":"max-image-preview:large","max-video-preview":"max-video-preview:-1"},"canonical":"https:\/\/revolutionpadelstore.com\/pt-pt\/produto\/joma-slam-men-2508-mostaza-5\/","og_locale":"pt_PT","og_type":"article","og_title":"JOMA SLAM MEN 2508 MOSTAZA - Revolution Padel Store","og_description":"Compra las zapatillas de p\u00e1del profesionales con tecnolog\u00edas avanzadas para m\u00e1xima estabilidad y amortiguaci\u00f3n. Disponibles en www.revolutionpadelstore.com al mejor precio","og_url":"https:\/\/revolutionpadelstore.com\/pt-pt\/produto\/joma-slam-men-2508-mostaza-5\/","og_site_name":"Revolution Padel Store","article_modified_time":"2026-04-08T04:11:19+00:00","og_image":[{"width":1500,"height":1500,"url":"https:\/\/revolutionpadelstore.com\/wp-content\/uploads\/2025\/02\/FOTO-PALAS-6.png","type":"image\/png"}],"twitter_card":"summary_large_image","twitter_misc":{"Tempo estimado de leitura":"2 minutos"},"schema":{"@context":"https:\/\/schema.org","@graph":[{"@type":"WebPage","@id":"https:\/\/revolutionpadelstore.com\/pt-pt\/produto\/joma-slam-men-2508-mostaza-5\/","url":"https:\/\/revolutionpadelstore.com\/pt-pt\/produto\/joma-slam-men-2508-mostaza-5\/","name":"JOMA SLAM MEN 2508 MOSTAZA - Revolution Padel Store","isPartOf":{"@id":"https:\/\/revolutionpadelstore.com\/pt-pt\/#website"},"primaryImageOfPage":{"@id":"https:\/\/revolutionpadelstore.com\/pt-pt\/produto\/joma-slam-men-2508-mostaza-5\/#primaryimage"},"image":{"@id":"https:\/\/revolutionpadelstore.com\/pt-pt\/produto\/joma-slam-men-2508-mostaza-5\/#primaryimage"},"thumbnailUrl":"https:\/\/revolutionpadelstore.com\/wp-content\/uploads\/2025\/02\/FOTO-PALAS-6.png","datePublished":"2025-02-26T17:11:00+00:00","dateModified":"2026-04-08T04:11:19+00:00","description":"Compra las zapatillas de p\u00e1del profesionales con tecnolog\u00edas avanzadas para m\u00e1xima estabilidad y amortiguaci\u00f3n. Disponibles en www.revolutionpadelstore.com al mejor precio","breadcrumb":{"@id":"https:\/\/revolutionpadelstore.com\/pt-pt\/produto\/joma-slam-men-2508-mostaza-5\/#breadcrumb"},"inLanguage":"pt-PT","potentialAction":[{"@type":"ReadAction","target":["https:\/\/revolutionpadelstore.com\/pt-pt\/produto\/joma-slam-men-2508-mostaza-5\/"]}]},{"@type":"ImageObject","inLanguage":"pt-PT","@id":"https:\/\/revolutionpadelstore.com\/pt-pt\/produto\/joma-slam-men-2508-mostaza-5\/#primaryimage","url":"https:\/\/revolutionpadelstore.com\/wp-content\/uploads\/2025\/02\/FOTO-PALAS-6.png","contentUrl":"https:\/\/revolutionpadelstore.com\/wp-content\/uploads\/2025\/02\/FOTO-PALAS-6.png","width":1500,"height":1500},{"@type":"BreadcrumbList","@id":"https:\/\/revolutionpadelstore.com\/pt-pt\/produto\/joma-slam-men-2508-mostaza-5\/#breadcrumb","itemListElement":[{"@type":"ListItem","position":1,"name":"Portada","item":"https:\/\/revolutionpadelstore.com\/pt-pt\/"},{"@type":"ListItem","position":2,"name":"Tienda","item":"https:\/\/revolutionpadelstore.com\/pt-pt\/tienda\/"},{"@type":"ListItem","position":3,"name":"JOMA SLAM MEN 2508 MOSTAZA"}]},{"@type":"WebSite","@id":"https:\/\/revolutionpadelstore.com\/pt-pt\/#website","url":"https:\/\/revolutionpadelstore.com\/pt-pt\/","name":"Revolution Padel Store","description":"","publisher":{"@id":"https:\/\/revolutionpadelstore.com\/pt-pt\/#organization"},"potentialAction":[{"@type":"SearchAction","target":{"@type":"EntryPoint","urlTemplate":"https:\/\/revolutionpadelstore.com\/pt-pt\/?s={search_term_string}"},"query-input":{"@type":"PropertyValueSpecification","valueRequired":true,"valueName":"search_term_string"}}],"inLanguage":"pt-PT"},{"@type":"Organization","@id":"https:\/\/revolutionpadelstore.com\/pt-pt\/#organization","name":"Revolution Padel Store","url":"https:\/\/revolutionpadelstore.com\/pt-pt\/","logo":{"@type":"ImageObject","inLanguage":"pt-PT","@id":"https:\/\/revolutionpadelstore.com\/pt-pt\/#\/schema\/logo\/image\/","url":"https:\/\/revolutionpadelstore.com\/wp-content\/uploads\/2026\/02\/revolution-padel-store.jpg","contentUrl":"https:\/\/revolutionpadelstore.com\/wp-content\/uploads\/2026\/02\/revolution-padel-store.jpg","width":2000,"height":2000,"caption":"Revolution Padel Store"},"image":{"@id":"https:\/\/revolutionpadelstore.com\/pt-pt\/#\/schema\/logo\/image\/"},"sameAs":["https:\/\/www.instagram.com\/revolutionpadelstore\/"]}]}},"_links":{"self":[{"href":"https:\/\/revolutionpadelstore.com\/pt-pt\/wp-json\/wp\/v2\/product\/197262","targetHints":{"allow":["GET"]}}],"collection":[{"href":"https:\/\/revolutionpadelstore.com\/pt-pt\/wp-json\/wp\/v2\/product"}],"about":[{"href":"https:\/\/revolutionpadelstore.com\/pt-pt\/wp-json\/wp\/v2\/types\/product"}],"replies":[{"embeddable":true,"href":"https:\/\/revolutionpadelstore.com\/pt-pt\/wp-json\/wp\/v2\/comments?post=197262"}],"wp:featuredmedia":[{"embeddable":true,"href":"https:\/\/revolutionpadelstore.com\/pt-pt\/wp-json\/wp\/v2\/media\/197275"}],"wp:attachment":[{"href":"https:\/\/revolutionpadelstore.com\/pt-pt\/wp-json\/wp\/v2\/media?parent=197262"}],"wp:term":[{"taxonomy":"acabado","embeddable":true,"href":"https:\/\/revolutionpadelstore.com\/pt-pt\/wp-json\/wp\/v2\/acabado?post=197262"},{"taxonomy":"balance","embeddable":true,"href":"https:\/\/revolutionpadelstore.com\/pt-pt\/wp-json\/wp\/v2\/balance?post=197262"},{"taxonomy":"dureza","embeddable":true,"href":"https:\/\/revolutionpadelstore.com\/pt-pt\/wp-json\/wp\/v2\/dureza?post=197262"},{"taxonomy":"forma","embeddable":true,"href":"https:\/\/revolutionpadelstore.com\/pt-pt\/wp-json\/wp\/v2\/forma?post=197262"},{"taxonomy":"jugador","embeddable":true,"href":"https:\/\/revolutionpadelstore.com\/pt-pt\/wp-json\/wp\/v2\/jugador?post=197262"},{"taxonomy":"marca","embeddable":true,"href":"https:\/\/revolutionpadelstore.com\/pt-pt\/wp-json\/wp\/v2\/marca?post=197262"},{"taxonomy":"nivel-de-juego","embeddable":true,"href":"https:\/\/revolutionpadelstore.com\/pt-pt\/wp-json\/wp\/v2\/nivel-de-juego?post=197262"},{"taxonomy":"superficie","embeddable":true,"href":"https:\/\/revolutionpadelstore.com\/pt-pt\/wp-json\/wp\/v2\/superficie?post=197262"},{"taxonomy":"tipo-de-juego","embeddable":true,"href":"https:\/\/revolutionpadelstore.com\/pt-pt\/wp-json\/wp\/v2\/tipo-de-juego?post=197262"},{"taxonomy":"product_brand","embeddable":true,"href":"https:\/\/revolutionpadelstore.com\/pt-pt\/wp-json\/wp\/v2\/product_brand?post=197262"},{"taxonomy":"product_cat","embeddable":true,"href":"https:\/\/revolutionpadelstore.com\/pt-pt\/wp-json\/wp\/v2\/product_cat?post=197262"},{"taxonomy":"product_tag","embeddable":true,"href":"https:\/\/revolutionpadelstore.com\/pt-pt\/wp-json\/wp\/v2\/product_tag?post=197262"}],"curies":[{"name":"wp","href":"https:\/\/api.w.org\/{rel}","templated":true}]}}