{"id":19723,"date":"2024-04-09T20:05:11","date_gmt":"2024-04-09T18:05:11","guid":{"rendered":"https:\/\/revolutionpadelstore.com\/siux-diablo-revolution-lite-3\/"},"modified":"2026-04-21T02:02:30","modified_gmt":"2026-04-21T00:02:30","slug":"siux-diablo-revolution-lite-3-5","status":"publish","type":"product","link":"https:\/\/revolutionpadelstore.com\/pt-pt\/produto\/siux-diablo-revolution-lite-3-5\/","title":{"rendered":"SIUX DIABLO REVOLUTION LITE 3"},"content":{"rendered":"<h2>Siux Diablo Revolution Lite 3, versatilidade em todas as jogadas<\/h2>\n<p>A raquete <strong>Siux Diablo Revolution Lite 3<\/strong>, que pertence \u00e0 <em>S\u00e9rie Lite<\/em> da Siux, \u00e9 a escolha perfeita para aqueles jogadores de padel que procuram um excelente equil\u00edbrio entre pot\u00eancia e controle no acompanhar.<\/p>\n<p>Esta raquete possui formato h\u00edbrido (combinando formato de l\u00e1grima e redondo), que permite ao jogador se adaptar a qualquer situa\u00e7\u00e3o de jogo, proporcionando pot\u00eancia no ataque e precis\u00e3o na defesa.<\/p>\n<p>O <strong>equil\u00edbrio m\u00e9dio<\/strong> e a faixa de peso entre <strong>355 e 375 gramas<\/strong> favorecem uma boa versatilidade e grande adaptabilidade ao longo do jogo. Voc\u00ea desfrutar\u00e1 de poder e controle em partes iguais.<\/p>\n<h2>Boa resist\u00eancia a impactos intensos<\/h2>\n<p>As faces da raquete possuem acabamento fosco e s\u00e3o confeccionadas em Carbono 12K, o que proporciona excepcional resist\u00eancia e durabilidade, mesmo nas batidas mais intensas. O quadro tubular em carbono 3K acrescenta ainda mais rigidez e durabilidade \u00e0 estrutura, garantindo um desempenho confi\u00e1vel ao longo do tempo.<\/p>\n<p>O n\u00facleo de borracha EVA do Siux Diablo Revolution Lite 3 proporciona uma sensa\u00e7\u00e3o m\u00e9dia e garante uma resposta confort\u00e1vel e sens\u00edvel a cada golpe. Este n\u00facleo fornece excelente sa\u00edda de bola e ajuda a controlar os chutes com precis\u00e3o.<\/p>\n<h3>Prote\u00e7\u00e3o ideal contra les\u00f5es<\/h3>\n<p>Quanto \u00e0s tecnologias, este modelo inclui o sistema <em><strong>Dual Pro Grip<\/strong><\/em>, um overgrip feito com borracha FOAM que garante uma ader\u00eancia firme, confort\u00e1vel e segura. Enquanto os <em><strong>amortecedores de choque<\/strong><\/em> reduzem as vibra\u00e7\u00f5es indesejadas ap\u00f3s o impacto, protegendo as articula\u00e7\u00f5es e minimizando o risco de les\u00f5es.<\/p>\n<p>E se nos concentrarmos no seu design, podemos destacar a sua est\u00e9tica moderna, atractiva e poderosa, que se consegue atrav\u00e9s da combina\u00e7\u00e3o de detalhes met\u00e1licos da moldura vermelha com carbono preto e marcas lineares.<\/p>\n<h2>Siux Diablo Revolution Lite 3, versatilidad en cada jugada<\/h2>\n","protected":false},"excerpt":{"rendered":"<p>O Siux Diablo Revolution Lite 3 destaca-se pela sua versatilidade gra\u00e7as ao seu formato h\u00edbrido e equil\u00edbrio m\u00e9dio. Resistente com carbono 12K, fornece pot\u00eancia e controle. Tecnologia Dual Pro Grip e amortecedores Shockout para maior prote\u00e7\u00e3o.<\/p>\n","protected":false},"featured_media":266452,"comment_status":"open","ping_status":"closed","template":"","meta":{"_acf_changed":false,"_joinchat":[]},"acabado":[1085],"balance":[1140],"dureza":[1155],"forma":[1175],"jugador":[1190,1200],"marca":[1305],"nivel-de-juego":[1335],"superficie":[1355],"tipo-de-juego":[1385],"product_brand":[],"product_cat":[300],"product_tag":[],"class_list":{"0":"post-19723","1":"product","2":"type-product","3":"status-publish","4":"has-post-thumbnail","6":"acabado-companheiro","7":"balance-medio-pt-pt","8":"dureza-media-pt-pt","9":"forma-hibrido","10":"jugador-homem","11":"jugador-polivalente-pt-pt","12":"marca-siux-pt-pt","13":"superficie-lisa-pt-pt","14":"tipo-de-juego-polivalente-pt-pt","15":"product_cat-palas","17":"first","18":"instock","19":"sale","20":"taxable","21":"shipping-taxable","22":"purchasable","23":"product-type-simple"},"acf":[],"yoast_head":"<!-- This site is optimized with the Yoast SEO plugin v27.4 - https:\/\/yoast.com\/product\/yoast-seo-wordpress\/ -->\n<title>SIUX DIABLO REVOLUTION LITE 3 - Revolution Padel Store<\/title>\n<meta name=\"description\" content=\"La Siux Diablo Revolution Lite 3 destaca por su versatilidad gracias a su forma h\u00edbrida y balance medio. Resistente con Carbono 12K, brinda potencia y control. Tecnolog\u00eda Dual Pro Grip y Dampeners Shockout para mayor protecci\u00f3n.\" \/>\n<meta name=\"robots\" content=\"index, follow, max-snippet:-1, max-image-preview:large, max-video-preview:-1\" \/>\n<link rel=\"canonical\" href=\"https:\/\/revolutionpadelstore.com\/pt-pt\/produto\/siux-diablo-revolution-lite-3-5\/\" \/>\n<meta property=\"og:locale\" content=\"pt_PT\" \/>\n<meta property=\"og:type\" content=\"article\" \/>\n<meta property=\"og:title\" content=\"COMPRAR SIUX DIABLO REVOLUTION LITE 3\" \/>\n<meta property=\"og:description\" content=\"La Siux Diablo Revolution Lite 3 destaca por su versatilidad gracias a su forma h\u00edbrida y balance medio. Resistente con Carbono 12K, brinda potencia y control. Tecnolog\u00eda Dual Pro Grip y Dampeners Shockout para mayor protecci\u00f3n.\" \/>\n<meta property=\"og:url\" content=\"https:\/\/revolutionpadelstore.com\/pt-pt\/produto\/siux-diablo-revolution-lite-3-5\/\" \/>\n<meta property=\"og:site_name\" content=\"Revolution Padel Store\" \/>\n<meta property=\"article:modified_time\" content=\"2026-04-21T00:02:30+00:00\" \/>\n<meta property=\"og:image\" content=\"https:\/\/revolutionpadelstore.com\/wp-content\/uploads\/2024\/04\/109472_siux_diablo_revolution_lite_3_1500x1500_vista1_9470.webp\" \/>\n\t<meta property=\"og:image:width\" content=\"1500\" \/>\n\t<meta property=\"og:image:height\" content=\"1500\" \/>\n\t<meta property=\"og:image:type\" content=\"image\/webp\" \/>\n<meta name=\"twitter:card\" content=\"summary_large_image\" \/>\n<meta name=\"twitter:label1\" content=\"Tempo estimado de leitura\" \/>\n\t<meta name=\"twitter:data1\" content=\"2 minutos\" \/>\n<script type=\"application\/ld+json\" class=\"yoast-schema-graph\">{\"@context\":\"https:\\\/\\\/schema.org\",\"@graph\":[{\"@type\":\"WebPage\",\"@id\":\"https:\\\/\\\/revolutionpadelstore.com\\\/pt-pt\\\/produto\\\/siux-diablo-revolution-lite-3-5\\\/\",\"url\":\"https:\\\/\\\/revolutionpadelstore.com\\\/pt-pt\\\/produto\\\/siux-diablo-revolution-lite-3-5\\\/\",\"name\":\"SIUX DIABLO REVOLUTION LITE 3 - Revolution Padel Store\",\"isPartOf\":{\"@id\":\"https:\\\/\\\/revolutionpadelstore.com\\\/pt-pt\\\/#website\"},\"primaryImageOfPage\":{\"@id\":\"https:\\\/\\\/revolutionpadelstore.com\\\/pt-pt\\\/produto\\\/siux-diablo-revolution-lite-3-5\\\/#primaryimage\"},\"image\":{\"@id\":\"https:\\\/\\\/revolutionpadelstore.com\\\/pt-pt\\\/produto\\\/siux-diablo-revolution-lite-3-5\\\/#primaryimage\"},\"thumbnailUrl\":\"https:\\\/\\\/revolutionpadelstore.com\\\/wp-content\\\/uploads\\\/2024\\\/04\\\/109472-diablo-3-lite-grip-regular-1500x1500-1.webp\",\"datePublished\":\"2024-04-09T18:05:11+00:00\",\"dateModified\":\"2026-04-21T00:02:30+00:00\",\"description\":\"La Siux Diablo Revolution Lite 3 destaca por su versatilidad gracias a su forma h\u00edbrida y balance medio. Resistente con Carbono 12K, brinda potencia y control. Tecnolog\u00eda Dual Pro Grip y Dampeners Shockout para mayor protecci\u00f3n.\",\"breadcrumb\":{\"@id\":\"https:\\\/\\\/revolutionpadelstore.com\\\/pt-pt\\\/produto\\\/siux-diablo-revolution-lite-3-5\\\/#breadcrumb\"},\"inLanguage\":\"pt-PT\",\"potentialAction\":[{\"@type\":\"ReadAction\",\"target\":[\"https:\\\/\\\/revolutionpadelstore.com\\\/pt-pt\\\/produto\\\/siux-diablo-revolution-lite-3-5\\\/\"]}]},{\"@type\":\"ImageObject\",\"inLanguage\":\"pt-PT\",\"@id\":\"https:\\\/\\\/revolutionpadelstore.com\\\/pt-pt\\\/produto\\\/siux-diablo-revolution-lite-3-5\\\/#primaryimage\",\"url\":\"https:\\\/\\\/revolutionpadelstore.com\\\/wp-content\\\/uploads\\\/2024\\\/04\\\/109472-diablo-3-lite-grip-regular-1500x1500-1.webp\",\"contentUrl\":\"https:\\\/\\\/revolutionpadelstore.com\\\/wp-content\\\/uploads\\\/2024\\\/04\\\/109472-diablo-3-lite-grip-regular-1500x1500-1.webp\",\"width\":1500,\"height\":1500},{\"@type\":\"BreadcrumbList\",\"@id\":\"https:\\\/\\\/revolutionpadelstore.com\\\/pt-pt\\\/produto\\\/siux-diablo-revolution-lite-3-5\\\/#breadcrumb\",\"itemListElement\":[{\"@type\":\"ListItem\",\"position\":1,\"name\":\"Portada\",\"item\":\"https:\\\/\\\/revolutionpadelstore.com\\\/pt-pt\\\/\"},{\"@type\":\"ListItem\",\"position\":2,\"name\":\"Tienda\",\"item\":\"https:\\\/\\\/revolutionpadelstore.com\\\/pt-pt\\\/tienda\\\/\"},{\"@type\":\"ListItem\",\"position\":3,\"name\":\"SIUX DIABLO REVOLUTION LITE 3\"}]},{\"@type\":\"WebSite\",\"@id\":\"https:\\\/\\\/revolutionpadelstore.com\\\/pt-pt\\\/#website\",\"url\":\"https:\\\/\\\/revolutionpadelstore.com\\\/pt-pt\\\/\",\"name\":\"Revolution Padel Store\",\"description\":\"\",\"publisher\":{\"@id\":\"https:\\\/\\\/revolutionpadelstore.com\\\/pt-pt\\\/#organization\"},\"potentialAction\":[{\"@type\":\"SearchAction\",\"target\":{\"@type\":\"EntryPoint\",\"urlTemplate\":\"https:\\\/\\\/revolutionpadelstore.com\\\/pt-pt\\\/?s={search_term_string}\"},\"query-input\":{\"@type\":\"PropertyValueSpecification\",\"valueRequired\":true,\"valueName\":\"search_term_string\"}}],\"inLanguage\":\"pt-PT\"},{\"@type\":\"Organization\",\"@id\":\"https:\\\/\\\/revolutionpadelstore.com\\\/pt-pt\\\/#organization\",\"name\":\"Revolution Padel Store\",\"url\":\"https:\\\/\\\/revolutionpadelstore.com\\\/pt-pt\\\/\",\"logo\":{\"@type\":\"ImageObject\",\"inLanguage\":\"pt-PT\",\"@id\":\"https:\\\/\\\/revolutionpadelstore.com\\\/pt-pt\\\/#\\\/schema\\\/logo\\\/image\\\/\",\"url\":\"https:\\\/\\\/revolutionpadelstore.com\\\/wp-content\\\/uploads\\\/2026\\\/02\\\/revolution-padel-store.jpg\",\"contentUrl\":\"https:\\\/\\\/revolutionpadelstore.com\\\/wp-content\\\/uploads\\\/2026\\\/02\\\/revolution-padel-store.jpg\",\"width\":2000,\"height\":2000,\"caption\":\"Revolution Padel Store\"},\"image\":{\"@id\":\"https:\\\/\\\/revolutionpadelstore.com\\\/pt-pt\\\/#\\\/schema\\\/logo\\\/image\\\/\"},\"sameAs\":[\"https:\\\/\\\/www.instagram.com\\\/revolutionpadelstore\\\/\"]}]}<\/script>\n<!-- \/ Yoast SEO plugin. -->","yoast_head_json":{"title":"SIUX DIABLO REVOLUTION LITE 3 - Revolution Padel Store","description":"La Siux Diablo Revolution Lite 3 destaca por su versatilidad gracias a su forma h\u00edbrida y balance medio. Resistente con Carbono 12K, brinda potencia y control. Tecnolog\u00eda Dual Pro Grip y Dampeners Shockout para mayor protecci\u00f3n.","robots":{"index":"index","follow":"follow","max-snippet":"max-snippet:-1","max-image-preview":"max-image-preview:large","max-video-preview":"max-video-preview:-1"},"canonical":"https:\/\/revolutionpadelstore.com\/pt-pt\/produto\/siux-diablo-revolution-lite-3-5\/","og_locale":"pt_PT","og_type":"article","og_title":"COMPRAR SIUX DIABLO REVOLUTION LITE 3","og_description":"La Siux Diablo Revolution Lite 3 destaca por su versatilidad gracias a su forma h\u00edbrida y balance medio. Resistente con Carbono 12K, brinda potencia y control. Tecnolog\u00eda Dual Pro Grip y Dampeners Shockout para mayor protecci\u00f3n.","og_url":"https:\/\/revolutionpadelstore.com\/pt-pt\/produto\/siux-diablo-revolution-lite-3-5\/","og_site_name":"Revolution Padel Store","article_modified_time":"2026-04-21T00:02:30+00:00","og_image":[{"width":1500,"height":1500,"url":"https:\/\/revolutionpadelstore.com\/wp-content\/uploads\/2024\/04\/109472_siux_diablo_revolution_lite_3_1500x1500_vista1_9470.webp","type":"image\/webp"}],"twitter_card":"summary_large_image","twitter_misc":{"Tempo estimado de leitura":"2 minutos"},"schema":{"@context":"https:\/\/schema.org","@graph":[{"@type":"WebPage","@id":"https:\/\/revolutionpadelstore.com\/pt-pt\/produto\/siux-diablo-revolution-lite-3-5\/","url":"https:\/\/revolutionpadelstore.com\/pt-pt\/produto\/siux-diablo-revolution-lite-3-5\/","name":"SIUX DIABLO REVOLUTION LITE 3 - Revolution Padel Store","isPartOf":{"@id":"https:\/\/revolutionpadelstore.com\/pt-pt\/#website"},"primaryImageOfPage":{"@id":"https:\/\/revolutionpadelstore.com\/pt-pt\/produto\/siux-diablo-revolution-lite-3-5\/#primaryimage"},"image":{"@id":"https:\/\/revolutionpadelstore.com\/pt-pt\/produto\/siux-diablo-revolution-lite-3-5\/#primaryimage"},"thumbnailUrl":"https:\/\/revolutionpadelstore.com\/wp-content\/uploads\/2024\/04\/109472-diablo-3-lite-grip-regular-1500x1500-1.webp","datePublished":"2024-04-09T18:05:11+00:00","dateModified":"2026-04-21T00:02:30+00:00","description":"La Siux Diablo Revolution Lite 3 destaca por su versatilidad gracias a su forma h\u00edbrida y balance medio. Resistente con Carbono 12K, brinda potencia y control. Tecnolog\u00eda Dual Pro Grip y Dampeners Shockout para mayor protecci\u00f3n.","breadcrumb":{"@id":"https:\/\/revolutionpadelstore.com\/pt-pt\/produto\/siux-diablo-revolution-lite-3-5\/#breadcrumb"},"inLanguage":"pt-PT","potentialAction":[{"@type":"ReadAction","target":["https:\/\/revolutionpadelstore.com\/pt-pt\/produto\/siux-diablo-revolution-lite-3-5\/"]}]},{"@type":"ImageObject","inLanguage":"pt-PT","@id":"https:\/\/revolutionpadelstore.com\/pt-pt\/produto\/siux-diablo-revolution-lite-3-5\/#primaryimage","url":"https:\/\/revolutionpadelstore.com\/wp-content\/uploads\/2024\/04\/109472-diablo-3-lite-grip-regular-1500x1500-1.webp","contentUrl":"https:\/\/revolutionpadelstore.com\/wp-content\/uploads\/2024\/04\/109472-diablo-3-lite-grip-regular-1500x1500-1.webp","width":1500,"height":1500},{"@type":"BreadcrumbList","@id":"https:\/\/revolutionpadelstore.com\/pt-pt\/produto\/siux-diablo-revolution-lite-3-5\/#breadcrumb","itemListElement":[{"@type":"ListItem","position":1,"name":"Portada","item":"https:\/\/revolutionpadelstore.com\/pt-pt\/"},{"@type":"ListItem","position":2,"name":"Tienda","item":"https:\/\/revolutionpadelstore.com\/pt-pt\/tienda\/"},{"@type":"ListItem","position":3,"name":"SIUX DIABLO REVOLUTION LITE 3"}]},{"@type":"WebSite","@id":"https:\/\/revolutionpadelstore.com\/pt-pt\/#website","url":"https:\/\/revolutionpadelstore.com\/pt-pt\/","name":"Revolution Padel Store","description":"","publisher":{"@id":"https:\/\/revolutionpadelstore.com\/pt-pt\/#organization"},"potentialAction":[{"@type":"SearchAction","target":{"@type":"EntryPoint","urlTemplate":"https:\/\/revolutionpadelstore.com\/pt-pt\/?s={search_term_string}"},"query-input":{"@type":"PropertyValueSpecification","valueRequired":true,"valueName":"search_term_string"}}],"inLanguage":"pt-PT"},{"@type":"Organization","@id":"https:\/\/revolutionpadelstore.com\/pt-pt\/#organization","name":"Revolution Padel Store","url":"https:\/\/revolutionpadelstore.com\/pt-pt\/","logo":{"@type":"ImageObject","inLanguage":"pt-PT","@id":"https:\/\/revolutionpadelstore.com\/pt-pt\/#\/schema\/logo\/image\/","url":"https:\/\/revolutionpadelstore.com\/wp-content\/uploads\/2026\/02\/revolution-padel-store.jpg","contentUrl":"https:\/\/revolutionpadelstore.com\/wp-content\/uploads\/2026\/02\/revolution-padel-store.jpg","width":2000,"height":2000,"caption":"Revolution Padel Store"},"image":{"@id":"https:\/\/revolutionpadelstore.com\/pt-pt\/#\/schema\/logo\/image\/"},"sameAs":["https:\/\/www.instagram.com\/revolutionpadelstore\/"]}]}},"_links":{"self":[{"href":"https:\/\/revolutionpadelstore.com\/pt-pt\/wp-json\/wp\/v2\/product\/19723","targetHints":{"allow":["GET"]}}],"collection":[{"href":"https:\/\/revolutionpadelstore.com\/pt-pt\/wp-json\/wp\/v2\/product"}],"about":[{"href":"https:\/\/revolutionpadelstore.com\/pt-pt\/wp-json\/wp\/v2\/types\/product"}],"replies":[{"embeddable":true,"href":"https:\/\/revolutionpadelstore.com\/pt-pt\/wp-json\/wp\/v2\/comments?post=19723"}],"wp:featuredmedia":[{"embeddable":true,"href":"https:\/\/revolutionpadelstore.com\/pt-pt\/wp-json\/wp\/v2\/media\/266452"}],"wp:attachment":[{"href":"https:\/\/revolutionpadelstore.com\/pt-pt\/wp-json\/wp\/v2\/media?parent=19723"}],"wp:term":[{"taxonomy":"acabado","embeddable":true,"href":"https:\/\/revolutionpadelstore.com\/pt-pt\/wp-json\/wp\/v2\/acabado?post=19723"},{"taxonomy":"balance","embeddable":true,"href":"https:\/\/revolutionpadelstore.com\/pt-pt\/wp-json\/wp\/v2\/balance?post=19723"},{"taxonomy":"dureza","embeddable":true,"href":"https:\/\/revolutionpadelstore.com\/pt-pt\/wp-json\/wp\/v2\/dureza?post=19723"},{"taxonomy":"forma","embeddable":true,"href":"https:\/\/revolutionpadelstore.com\/pt-pt\/wp-json\/wp\/v2\/forma?post=19723"},{"taxonomy":"jugador","embeddable":true,"href":"https:\/\/revolutionpadelstore.com\/pt-pt\/wp-json\/wp\/v2\/jugador?post=19723"},{"taxonomy":"marca","embeddable":true,"href":"https:\/\/revolutionpadelstore.com\/pt-pt\/wp-json\/wp\/v2\/marca?post=19723"},{"taxonomy":"nivel-de-juego","embeddable":true,"href":"https:\/\/revolutionpadelstore.com\/pt-pt\/wp-json\/wp\/v2\/nivel-de-juego?post=19723"},{"taxonomy":"superficie","embeddable":true,"href":"https:\/\/revolutionpadelstore.com\/pt-pt\/wp-json\/wp\/v2\/superficie?post=19723"},{"taxonomy":"tipo-de-juego","embeddable":true,"href":"https:\/\/revolutionpadelstore.com\/pt-pt\/wp-json\/wp\/v2\/tipo-de-juego?post=19723"},{"taxonomy":"product_brand","embeddable":true,"href":"https:\/\/revolutionpadelstore.com\/pt-pt\/wp-json\/wp\/v2\/product_brand?post=19723"},{"taxonomy":"product_cat","embeddable":true,"href":"https:\/\/revolutionpadelstore.com\/pt-pt\/wp-json\/wp\/v2\/product_cat?post=19723"},{"taxonomy":"product_tag","embeddable":true,"href":"https:\/\/revolutionpadelstore.com\/pt-pt\/wp-json\/wp\/v2\/product_tag?post=19723"}],"curies":[{"name":"wp","href":"https:\/\/api.w.org\/{rel}","templated":true}]}}