{"id":19708,"date":"2024-04-10T13:29:38","date_gmt":"2024-04-10T11:29:38","guid":{"rendered":"https:\/\/revolutionpadelstore.com\/lok-maxx-flow\/"},"modified":"2026-04-01T10:59:40","modified_gmt":"2026-04-01T08:59:40","slug":"lok-maxx-flow-5","status":"publish","type":"product","link":"https:\/\/revolutionpadelstore.com\/pt-pt\/produto\/lok-maxx-flow-5\/","title":{"rendered":"LOK MAXX FLOW"},"content":{"rendered":"<p>A Maxx Flow \u00e9 uma raquete inovadora projetada para proporcionar desempenho excepcional na quadra.<br \/>\nUma das principais caracter\u00edsticas do Maxx Flow \u00e9 o cora\u00e7\u00e3o assim\u00e9trico, uma estrutura de carbono, que proporciona excelente rigidez e estabilidade.<br \/>\nIsto permite uma transfer\u00eancia ideal de energia em cada golpe, maximizando a pot\u00eancia sem sacrificar o controle.<br \/>\nAl\u00e9m disso, a raquete possui uma camada de carbono C18, que oferece maior durabilidade e uma resposta mais consistente em cada golpe.<br \/>\nAl\u00e9m disso, o sistema 3D Spin Lines aumenta a rota\u00e7\u00e3o da bola, aumentando assim o giro e melhorando a sensa\u00e7\u00e3o de controle.<br \/>\nO Maxx Flow foi projetado com equil\u00edbrio m\u00e9dio, o que proporciona um equil\u00edbrio perfeito entre pot\u00eancia e manobrabilidade.<br \/>\nPossui Carbon Reinforcements &#8211; refor\u00e7os de carbono &#8211; que sustentam a durabilidade da estrutura da raquete e Dynamic Holes System com disposi\u00e7\u00e3o progressiva de furos de diferentes tamanhos que d\u00e3o pot\u00eancia ao golpe.<br \/>\nPossui o sistema Comfort Wristband, que \u00e9 uma pulseira ajust\u00e1vel.<\/p>\n<p>CORA\u00c7\u00c3O ASSIM\u00c9TRICO<br \/>\nO nosso cora\u00e7\u00e3o \u00e9 o emblema das nossas raquetes e caracteriza-se pelo seu design assim\u00e9trico mantendo um equil\u00edbrio perfeito.<br \/>\nNossa marca mais reconhecida.<br \/>\nA sua forma \u00fanica e original d\u00e1 origem a degraus laterais que formam os nervos do cora\u00e7\u00e3o, oferecendo uma rigidez estrutural que proporciona estabilidade e \u00e9 fundamental para alcan\u00e7ar o equil\u00edbrio ideal.<br \/>\nEntre outras funcionalidades, o Asymmetric Heart permite aumentar a velocidade da bola no golpe, dando mais pot\u00eancia ao remate.<\/p>\n<p>LINHAS DE GIRO 3D<br \/>\nO sistema 3D Spin Lines aumenta a rota\u00e7\u00e3o da bola ao atingir a raquete, aumentando assim o giro e melhorando a sensa\u00e7\u00e3o de controle.<br \/>\nConsiste num sistema de linhas diagonais paralelas \u00e0 dire\u00e7\u00e3o do \u00e2ngulo do cora\u00e7\u00e3o e separadas a uma dist\u00e2ncia ideal de 7mm que melhora a sensa\u00e7\u00e3o de controle.<\/p>\n<p>FACE GRADUAL<br \/>\nNossas l\u00e2minas possuem um sistema de camadas escalonadas geradas nas partes superior e inferior das faces.<br \/>\nFace Gradual s\u00e3o degraus e relevos que geram \u00e2ngulos que v\u00e3o ajudar a reduzir a vibra\u00e7\u00e3o \u00e0 medida que avan\u00e7a por toda a superf\u00edcie no momento do golpe.<br \/>\nEssa vibra\u00e7\u00e3o ocorre a partir do ponto de impacto, deslocando-se tanto para a parte superior quanto para a inferior do rosto, locais onde a tecnologia est\u00e1 presente.<\/p>\n<p>SISTEMA DE FUROS DIN\u00c2MICO<br \/>\nUm arranjo progressivo com dois tamanhos de furos diferentes -10 e 11mm- na parte central da face, para ajudar a dar for\u00e7a ao golpe.<\/p>\n<p>REFOR\u00c7O DE CARBONO<br \/>\nRefor\u00e7os de carbono em diferentes pontos cr\u00edticos da p\u00e1 como suporte estrutural para contribuir com a durabilidade.<\/p>\n<p>RANHURA DE VIBRA\u00c7\u00c3O<br \/>\nTrilho inserido na estrutura da raquete que ajuda a dissipar as vibra\u00e7\u00f5es resultantes do impacto da bola.<br \/>\nO trilho incorpora um acabamento PU para maximizar sua fun\u00e7\u00e3o.<\/p>\n<p>PULSEIRA DE CONFORTO<br \/>\nAs raquetes possuem pulseira ajust\u00e1vel que acompanha a corda para proporcionar conforto na pegada, independente da necessidade e gosto do jogador.<br \/>\nPossui camada refor\u00e7ada e parte interna suavizada para m\u00e1ximo conforto, al\u00e9m de design com a marca da marca.<\/p>\n","protected":false},"excerpt":{"rendered":"<p>Raquete Lok Maxx Flow 2024 para jogadores de n\u00edvel avan\u00e7ado com formato redondo. A raquete \u00e9 confeccionada em superf\u00edcie de carbono C18, um material leve, mas altamente r\u00edgido, muito dur\u00e1vel e que oferece \u00f3timo desempenho na rebatida.<br \/>\nO sistema 3D Spin Lines, presente em ambos os lados da raquete, proporciona os melhores efeitos. A resist\u00eancia \u00e0 tor\u00e7\u00e3o tamb\u00e9m \u00e9 refor\u00e7ada pelos Refor\u00e7os de Carbono, presentes em toda a estrutura.<\/p>\n","protected":false},"featured_media":50186,"comment_status":"open","ping_status":"closed","template":"","meta":{"_acf_changed":false,"_joinchat":[]},"acabado":[1090,1080],"balance":[1140],"dureza":[1160,1155],"forma":[1180],"jugador":[1190,1200],"marca":[1315],"nivel-de-juego":[1335],"superficie":[1360],"tipo-de-juego":[1390,1385],"product_brand":[],"product_cat":[300],"product_tag":[],"class_list":{"0":"post-19708","1":"product","2":"type-product","3":"status-publish","4":"has-post-thumbnail","6":"acabado-alivio-3d","7":"acabado-brilho","8":"balance-medio-pt-pt","9":"dureza-dura-pt-pt","10":"dureza-media-pt-pt","11":"forma-rodada","12":"jugador-homem","13":"jugador-polivalente-pt-pt","14":"marca-lok-pt-pt","15":"superficie-rugosa-pt-pt","16":"tipo-de-juego-avanzado-competicion-pt-pt","17":"tipo-de-juego-polivalente-pt-pt","18":"product_cat-palas","20":"first","21":"instock","22":"taxable","23":"shipping-taxable","24":"purchasable","25":"product-type-simple"},"acf":[],"yoast_head":"<!-- This site is optimized with the Yoast SEO plugin v27.3 - https:\/\/yoast.com\/product\/yoast-seo-wordpress\/ -->\n<title>LOK MAXX FLOW - Revolution Padel Store<\/title>\n<meta name=\"description\" content=\"Pala Lok Maxx Flow 2024 para jugadores de nivel avanzado con forma redonda. La pala est\u00e1 compuesta en la superficie de carbono C18, un material ligero pero de alta rigidez, muy duradero y que ofrece grandes prestaciones en el golpeo. El sistema 3D Spin Lines, presente en las dos caras de la pala, proporciona los mejores efectos. La resistencia a la torsi\u00f3n se ve reforzada tambi\u00e9n por los Carbon Reinforcements, presentes en toda la estructura\" \/>\n<meta name=\"robots\" content=\"index, follow, max-snippet:-1, max-image-preview:large, max-video-preview:-1\" \/>\n<link rel=\"canonical\" href=\"https:\/\/revolutionpadelstore.com\/pt-pt\/produto\/lok-maxx-flow-5\/\" \/>\n<meta property=\"og:locale\" content=\"pt_PT\" \/>\n<meta property=\"og:type\" content=\"article\" \/>\n<meta property=\"og:title\" content=\"COMPRAR LOK MAXX FLOW\" \/>\n<meta property=\"og:description\" content=\"Pala Lok Maxx Flow 2024 para jugadores de nivel avanzado con forma redonda. La pala est\u00e1 compuesta en la superficie de carbono C18, un material ligero pero de alta rigidez, muy duradero y que ofrece grandes prestaciones en el golpeo. El sistema 3D Spin Lines, presente en las dos caras de la pala, proporciona los mejores efectos. La resistencia a la torsi\u00f3n se ve reforzada tambi\u00e9n por los Carbon Reinforcements, presentes en toda la estructura\" \/>\n<meta property=\"og:url\" content=\"https:\/\/revolutionpadelstore.com\/pt-pt\/produto\/lok-maxx-flow-5\/\" \/>\n<meta property=\"og:site_name\" content=\"Revolution Padel Store\" \/>\n<meta property=\"article:modified_time\" content=\"2026-04-01T08:59:40+00:00\" \/>\n<meta property=\"og:image\" content=\"https:\/\/revolutionpadelstore.com\/wp-content\/uploads\/2024\/04\/pala-lok-maxx-flow-1_300x.webp\" \/>\n\t<meta property=\"og:image:width\" content=\"300\" \/>\n\t<meta property=\"og:image:height\" content=\"350\" \/>\n\t<meta property=\"og:image:type\" content=\"image\/webp\" \/>\n<meta name=\"twitter:card\" content=\"summary_large_image\" \/>\n<meta name=\"twitter:label1\" content=\"Tempo estimado de leitura\" \/>\n\t<meta name=\"twitter:data1\" content=\"3 minutos\" \/>\n<script type=\"application\/ld+json\" class=\"yoast-schema-graph\">{\"@context\":\"https:\\\/\\\/schema.org\",\"@graph\":[{\"@type\":\"WebPage\",\"@id\":\"https:\\\/\\\/revolutionpadelstore.com\\\/pt-pt\\\/produto\\\/lok-maxx-flow-5\\\/\",\"url\":\"https:\\\/\\\/revolutionpadelstore.com\\\/pt-pt\\\/produto\\\/lok-maxx-flow-5\\\/\",\"name\":\"LOK MAXX FLOW - Revolution Padel Store\",\"isPartOf\":{\"@id\":\"https:\\\/\\\/revolutionpadelstore.com\\\/pt-pt\\\/#website\"},\"primaryImageOfPage\":{\"@id\":\"https:\\\/\\\/revolutionpadelstore.com\\\/pt-pt\\\/produto\\\/lok-maxx-flow-5\\\/#primaryimage\"},\"image\":{\"@id\":\"https:\\\/\\\/revolutionpadelstore.com\\\/pt-pt\\\/produto\\\/lok-maxx-flow-5\\\/#primaryimage\"},\"thumbnailUrl\":\"https:\\\/\\\/revolutionpadelstore.com\\\/wp-content\\\/uploads\\\/2024\\\/04\\\/pala-lok-maxx-flow-1_300x.webp\",\"datePublished\":\"2024-04-10T11:29:38+00:00\",\"dateModified\":\"2026-04-01T08:59:40+00:00\",\"description\":\"Pala Lok Maxx Flow 2024 para jugadores de nivel avanzado con forma redonda. La pala est\u00e1 compuesta en la superficie de carbono C18, un material ligero pero de alta rigidez, muy duradero y que ofrece grandes prestaciones en el golpeo. El sistema 3D Spin Lines, presente en las dos caras de la pala, proporciona los mejores efectos. La resistencia a la torsi\u00f3n se ve reforzada tambi\u00e9n por los Carbon Reinforcements, presentes en toda la estructura\",\"breadcrumb\":{\"@id\":\"https:\\\/\\\/revolutionpadelstore.com\\\/pt-pt\\\/produto\\\/lok-maxx-flow-5\\\/#breadcrumb\"},\"inLanguage\":\"pt-PT\",\"potentialAction\":[{\"@type\":\"ReadAction\",\"target\":[\"https:\\\/\\\/revolutionpadelstore.com\\\/pt-pt\\\/produto\\\/lok-maxx-flow-5\\\/\"]}]},{\"@type\":\"ImageObject\",\"inLanguage\":\"pt-PT\",\"@id\":\"https:\\\/\\\/revolutionpadelstore.com\\\/pt-pt\\\/produto\\\/lok-maxx-flow-5\\\/#primaryimage\",\"url\":\"https:\\\/\\\/revolutionpadelstore.com\\\/wp-content\\\/uploads\\\/2024\\\/04\\\/pala-lok-maxx-flow-1_300x.webp\",\"contentUrl\":\"https:\\\/\\\/revolutionpadelstore.com\\\/wp-content\\\/uploads\\\/2024\\\/04\\\/pala-lok-maxx-flow-1_300x.webp\",\"width\":300,\"height\":350},{\"@type\":\"BreadcrumbList\",\"@id\":\"https:\\\/\\\/revolutionpadelstore.com\\\/pt-pt\\\/produto\\\/lok-maxx-flow-5\\\/#breadcrumb\",\"itemListElement\":[{\"@type\":\"ListItem\",\"position\":1,\"name\":\"Portada\",\"item\":\"https:\\\/\\\/revolutionpadelstore.com\\\/pt-pt\\\/\"},{\"@type\":\"ListItem\",\"position\":2,\"name\":\"Tienda\",\"item\":\"https:\\\/\\\/revolutionpadelstore.com\\\/pt-pt\\\/tienda\\\/\"},{\"@type\":\"ListItem\",\"position\":3,\"name\":\"LOK MAXX FLOW\"}]},{\"@type\":\"WebSite\",\"@id\":\"https:\\\/\\\/revolutionpadelstore.com\\\/pt-pt\\\/#website\",\"url\":\"https:\\\/\\\/revolutionpadelstore.com\\\/pt-pt\\\/\",\"name\":\"Revolution Padel Store\",\"description\":\"\",\"publisher\":{\"@id\":\"https:\\\/\\\/revolutionpadelstore.com\\\/pt-pt\\\/#organization\"},\"potentialAction\":[{\"@type\":\"SearchAction\",\"target\":{\"@type\":\"EntryPoint\",\"urlTemplate\":\"https:\\\/\\\/revolutionpadelstore.com\\\/pt-pt\\\/?s={search_term_string}\"},\"query-input\":{\"@type\":\"PropertyValueSpecification\",\"valueRequired\":true,\"valueName\":\"search_term_string\"}}],\"inLanguage\":\"pt-PT\"},{\"@type\":\"Organization\",\"@id\":\"https:\\\/\\\/revolutionpadelstore.com\\\/pt-pt\\\/#organization\",\"name\":\"Revolution Padel Store\",\"url\":\"https:\\\/\\\/revolutionpadelstore.com\\\/pt-pt\\\/\",\"logo\":{\"@type\":\"ImageObject\",\"inLanguage\":\"pt-PT\",\"@id\":\"https:\\\/\\\/revolutionpadelstore.com\\\/pt-pt\\\/#\\\/schema\\\/logo\\\/image\\\/\",\"url\":\"https:\\\/\\\/revolutionpadelstore.com\\\/wp-content\\\/uploads\\\/2026\\\/02\\\/revolution-padel-store.jpg\",\"contentUrl\":\"https:\\\/\\\/revolutionpadelstore.com\\\/wp-content\\\/uploads\\\/2026\\\/02\\\/revolution-padel-store.jpg\",\"width\":2000,\"height\":2000,\"caption\":\"Revolution Padel Store\"},\"image\":{\"@id\":\"https:\\\/\\\/revolutionpadelstore.com\\\/pt-pt\\\/#\\\/schema\\\/logo\\\/image\\\/\"},\"sameAs\":[\"https:\\\/\\\/www.instagram.com\\\/revolutionpadelstore\\\/\"]}]}<\/script>\n<!-- \/ Yoast SEO plugin. -->","yoast_head_json":{"title":"LOK MAXX FLOW - Revolution Padel Store","description":"Pala Lok Maxx Flow 2024 para jugadores de nivel avanzado con forma redonda. La pala est\u00e1 compuesta en la superficie de carbono C18, un material ligero pero de alta rigidez, muy duradero y que ofrece grandes prestaciones en el golpeo. El sistema 3D Spin Lines, presente en las dos caras de la pala, proporciona los mejores efectos. La resistencia a la torsi\u00f3n se ve reforzada tambi\u00e9n por los Carbon Reinforcements, presentes en toda la estructura","robots":{"index":"index","follow":"follow","max-snippet":"max-snippet:-1","max-image-preview":"max-image-preview:large","max-video-preview":"max-video-preview:-1"},"canonical":"https:\/\/revolutionpadelstore.com\/pt-pt\/produto\/lok-maxx-flow-5\/","og_locale":"pt_PT","og_type":"article","og_title":"COMPRAR LOK MAXX FLOW","og_description":"Pala Lok Maxx Flow 2024 para jugadores de nivel avanzado con forma redonda. La pala est\u00e1 compuesta en la superficie de carbono C18, un material ligero pero de alta rigidez, muy duradero y que ofrece grandes prestaciones en el golpeo. El sistema 3D Spin Lines, presente en las dos caras de la pala, proporciona los mejores efectos. La resistencia a la torsi\u00f3n se ve reforzada tambi\u00e9n por los Carbon Reinforcements, presentes en toda la estructura","og_url":"https:\/\/revolutionpadelstore.com\/pt-pt\/produto\/lok-maxx-flow-5\/","og_site_name":"Revolution Padel Store","article_modified_time":"2026-04-01T08:59:40+00:00","og_image":[{"width":300,"height":350,"url":"https:\/\/revolutionpadelstore.com\/wp-content\/uploads\/2024\/04\/pala-lok-maxx-flow-1_300x.webp","type":"image\/webp"}],"twitter_card":"summary_large_image","twitter_misc":{"Tempo estimado de leitura":"3 minutos"},"schema":{"@context":"https:\/\/schema.org","@graph":[{"@type":"WebPage","@id":"https:\/\/revolutionpadelstore.com\/pt-pt\/produto\/lok-maxx-flow-5\/","url":"https:\/\/revolutionpadelstore.com\/pt-pt\/produto\/lok-maxx-flow-5\/","name":"LOK MAXX FLOW - Revolution Padel Store","isPartOf":{"@id":"https:\/\/revolutionpadelstore.com\/pt-pt\/#website"},"primaryImageOfPage":{"@id":"https:\/\/revolutionpadelstore.com\/pt-pt\/produto\/lok-maxx-flow-5\/#primaryimage"},"image":{"@id":"https:\/\/revolutionpadelstore.com\/pt-pt\/produto\/lok-maxx-flow-5\/#primaryimage"},"thumbnailUrl":"https:\/\/revolutionpadelstore.com\/wp-content\/uploads\/2024\/04\/pala-lok-maxx-flow-1_300x.webp","datePublished":"2024-04-10T11:29:38+00:00","dateModified":"2026-04-01T08:59:40+00:00","description":"Pala Lok Maxx Flow 2024 para jugadores de nivel avanzado con forma redonda. La pala est\u00e1 compuesta en la superficie de carbono C18, un material ligero pero de alta rigidez, muy duradero y que ofrece grandes prestaciones en el golpeo. El sistema 3D Spin Lines, presente en las dos caras de la pala, proporciona los mejores efectos. La resistencia a la torsi\u00f3n se ve reforzada tambi\u00e9n por los Carbon Reinforcements, presentes en toda la estructura","breadcrumb":{"@id":"https:\/\/revolutionpadelstore.com\/pt-pt\/produto\/lok-maxx-flow-5\/#breadcrumb"},"inLanguage":"pt-PT","potentialAction":[{"@type":"ReadAction","target":["https:\/\/revolutionpadelstore.com\/pt-pt\/produto\/lok-maxx-flow-5\/"]}]},{"@type":"ImageObject","inLanguage":"pt-PT","@id":"https:\/\/revolutionpadelstore.com\/pt-pt\/produto\/lok-maxx-flow-5\/#primaryimage","url":"https:\/\/revolutionpadelstore.com\/wp-content\/uploads\/2024\/04\/pala-lok-maxx-flow-1_300x.webp","contentUrl":"https:\/\/revolutionpadelstore.com\/wp-content\/uploads\/2024\/04\/pala-lok-maxx-flow-1_300x.webp","width":300,"height":350},{"@type":"BreadcrumbList","@id":"https:\/\/revolutionpadelstore.com\/pt-pt\/produto\/lok-maxx-flow-5\/#breadcrumb","itemListElement":[{"@type":"ListItem","position":1,"name":"Portada","item":"https:\/\/revolutionpadelstore.com\/pt-pt\/"},{"@type":"ListItem","position":2,"name":"Tienda","item":"https:\/\/revolutionpadelstore.com\/pt-pt\/tienda\/"},{"@type":"ListItem","position":3,"name":"LOK MAXX FLOW"}]},{"@type":"WebSite","@id":"https:\/\/revolutionpadelstore.com\/pt-pt\/#website","url":"https:\/\/revolutionpadelstore.com\/pt-pt\/","name":"Revolution Padel Store","description":"","publisher":{"@id":"https:\/\/revolutionpadelstore.com\/pt-pt\/#organization"},"potentialAction":[{"@type":"SearchAction","target":{"@type":"EntryPoint","urlTemplate":"https:\/\/revolutionpadelstore.com\/pt-pt\/?s={search_term_string}"},"query-input":{"@type":"PropertyValueSpecification","valueRequired":true,"valueName":"search_term_string"}}],"inLanguage":"pt-PT"},{"@type":"Organization","@id":"https:\/\/revolutionpadelstore.com\/pt-pt\/#organization","name":"Revolution Padel Store","url":"https:\/\/revolutionpadelstore.com\/pt-pt\/","logo":{"@type":"ImageObject","inLanguage":"pt-PT","@id":"https:\/\/revolutionpadelstore.com\/pt-pt\/#\/schema\/logo\/image\/","url":"https:\/\/revolutionpadelstore.com\/wp-content\/uploads\/2026\/02\/revolution-padel-store.jpg","contentUrl":"https:\/\/revolutionpadelstore.com\/wp-content\/uploads\/2026\/02\/revolution-padel-store.jpg","width":2000,"height":2000,"caption":"Revolution Padel Store"},"image":{"@id":"https:\/\/revolutionpadelstore.com\/pt-pt\/#\/schema\/logo\/image\/"},"sameAs":["https:\/\/www.instagram.com\/revolutionpadelstore\/"]}]}},"_links":{"self":[{"href":"https:\/\/revolutionpadelstore.com\/pt-pt\/wp-json\/wp\/v2\/product\/19708","targetHints":{"allow":["GET"]}}],"collection":[{"href":"https:\/\/revolutionpadelstore.com\/pt-pt\/wp-json\/wp\/v2\/product"}],"about":[{"href":"https:\/\/revolutionpadelstore.com\/pt-pt\/wp-json\/wp\/v2\/types\/product"}],"replies":[{"embeddable":true,"href":"https:\/\/revolutionpadelstore.com\/pt-pt\/wp-json\/wp\/v2\/comments?post=19708"}],"wp:featuredmedia":[{"embeddable":true,"href":"https:\/\/revolutionpadelstore.com\/pt-pt\/wp-json\/wp\/v2\/media\/50186"}],"wp:attachment":[{"href":"https:\/\/revolutionpadelstore.com\/pt-pt\/wp-json\/wp\/v2\/media?parent=19708"}],"wp:term":[{"taxonomy":"acabado","embeddable":true,"href":"https:\/\/revolutionpadelstore.com\/pt-pt\/wp-json\/wp\/v2\/acabado?post=19708"},{"taxonomy":"balance","embeddable":true,"href":"https:\/\/revolutionpadelstore.com\/pt-pt\/wp-json\/wp\/v2\/balance?post=19708"},{"taxonomy":"dureza","embeddable":true,"href":"https:\/\/revolutionpadelstore.com\/pt-pt\/wp-json\/wp\/v2\/dureza?post=19708"},{"taxonomy":"forma","embeddable":true,"href":"https:\/\/revolutionpadelstore.com\/pt-pt\/wp-json\/wp\/v2\/forma?post=19708"},{"taxonomy":"jugador","embeddable":true,"href":"https:\/\/revolutionpadelstore.com\/pt-pt\/wp-json\/wp\/v2\/jugador?post=19708"},{"taxonomy":"marca","embeddable":true,"href":"https:\/\/revolutionpadelstore.com\/pt-pt\/wp-json\/wp\/v2\/marca?post=19708"},{"taxonomy":"nivel-de-juego","embeddable":true,"href":"https:\/\/revolutionpadelstore.com\/pt-pt\/wp-json\/wp\/v2\/nivel-de-juego?post=19708"},{"taxonomy":"superficie","embeddable":true,"href":"https:\/\/revolutionpadelstore.com\/pt-pt\/wp-json\/wp\/v2\/superficie?post=19708"},{"taxonomy":"tipo-de-juego","embeddable":true,"href":"https:\/\/revolutionpadelstore.com\/pt-pt\/wp-json\/wp\/v2\/tipo-de-juego?post=19708"},{"taxonomy":"product_brand","embeddable":true,"href":"https:\/\/revolutionpadelstore.com\/pt-pt\/wp-json\/wp\/v2\/product_brand?post=19708"},{"taxonomy":"product_cat","embeddable":true,"href":"https:\/\/revolutionpadelstore.com\/pt-pt\/wp-json\/wp\/v2\/product_cat?post=19708"},{"taxonomy":"product_tag","embeddable":true,"href":"https:\/\/revolutionpadelstore.com\/pt-pt\/wp-json\/wp\/v2\/product_tag?post=19708"}],"curies":[{"name":"wp","href":"https:\/\/api.w.org\/{rel}","templated":true}]}}