{"id":19703,"date":"2024-04-10T15:22:41","date_gmt":"2024-04-10T13:22:41","guid":{"rendered":"https:\/\/revolutionpadelstore.com\/lok-maxx-hype\/"},"modified":"2026-04-01T10:59:04","modified_gmt":"2026-04-01T08:59:04","slug":"lok-maxx-hype","status":"publish","type":"product","link":"https:\/\/revolutionpadelstore.com\/pt-pt\/produto\/lok-maxx-hype\/","title":{"rendered":"LOK MAXX HYPE"},"content":{"rendered":"<p>A Maxx Hype \u00e9 a raquete de ataque mais tecnol\u00f3gica da L\u00d5K para jogadores de n\u00edvel PRO.<br \/>\nSeu cora\u00e7\u00e3o assim\u00e9trico oferece rigidez estrutural que proporciona estabilidade e \u00e9 fundamental para alcan\u00e7ar o equil\u00edbrio ideal.<br \/>\nFabricado em Carbono C18 em tr\u00eas planos diferentes e sistema Gradual Face e Vibration Groove que ajudam a reduzir a vibra\u00e7\u00e3o.<br \/>\nAl\u00e9m disso, o sistema 3D Spin Lines aumenta a rota\u00e7\u00e3o da bola ao atingir a raquete, aumentando assim o giro e melhorando a sensa\u00e7\u00e3o de controle.<br \/>\nA Maxx Hype possui Carbon Reinforcements &#8211; refor\u00e7os de carbono &#8211; que sustentam a durabilidade da estrutura da raquete e Dynamic Holes System com disposi\u00e7\u00e3o progressiva de furos de diferentes tamanhos que d\u00e3o pot\u00eancia ao golpe.<br \/>\nPossui o sistema Comfort Wristband, que \u00e9 uma pulseira ajust\u00e1vel e o formato de diamante da l\u00e2mina ajuda a elevar o ponto ideal, ajudando a potencializar o golpe e o ataque.<\/p>\n<p>CORA\u00c7\u00c3O ASSIM\u00c9TRICO<br \/>\nO nosso cora\u00e7\u00e3o \u00e9 o emblema das nossas raquetes e caracteriza-se pelo seu design assim\u00e9trico mantendo um equil\u00edbrio perfeito.<br \/>\nNosso sinal de identidade mais reconhec\u00edvel.<br \/>\nA sua forma \u00fanica e original d\u00e1 origem a degraus laterais que formam os nervos do cora\u00e7\u00e3o, oferecendo uma rigidez estrutural que proporciona estabilidade e \u00e9 fundamental para alcan\u00e7ar o equil\u00edbrio ideal.<br \/>\nEntre outras funcionalidades, o Asymmetric Heart permite aumentar a velocidade da bola no golpe, dando mais pot\u00eancia ao remate.<\/p>\n<p>LINHAS DE GIRO 3D<br \/>\nO sistema 3D Spin Lines aumenta a rota\u00e7\u00e3o da bola ao atingir a raquete, aumentando assim o giro e melhorando a sensa\u00e7\u00e3o de controle.<br \/>\nConsiste num sistema de linhas diagonais paralelas \u00e0 dire\u00e7\u00e3o do \u00e2ngulo do cora\u00e7\u00e3o e separadas a uma dist\u00e2ncia ideal de 7mm que melhora a sensa\u00e7\u00e3o de controle.<\/p>\n<p>FACE GRADUAL<br \/>\nNossas l\u00e2minas possuem um sistema de camadas escalonadas geradas nas partes superior e inferior das faces.<br \/>\nFace Gradual s\u00e3o degraus e relevos que geram \u00e2ngulos que v\u00e3o ajudar a reduzir a vibra\u00e7\u00e3o \u00e0 medida que no momento do impacto avan\u00e7a por toda a superf\u00edcie.<br \/>\nEssa vibra\u00e7\u00e3o ocorre a partir do ponto de impacto, deslocando-se tanto para a parte superior quanto para a inferior do rosto, locais onde a tecnologia est\u00e1 presente.<\/p>\n<p>SISTEMA DE FUROS DIN\u00c2MICO<br \/>\nUm arranjo progressivo com dois tamanhos de furos diferentes -10 e 11mm- na parte central da face, para ajudar a dar for\u00e7a ao golpe.<\/p>\n<p>REFOR\u00c7O DE CARBONO<br \/>\nRefor\u00e7os de carbono em diferentes pontos cr\u00edticos da p\u00e1 como suporte estrutural para contribuir com a durabilidade.<\/p>\n<p>RANHURA DE VIBRA\u00c7\u00c3O<br \/>\nTrilho inserido na estrutura da raquete que ajuda a dissipar as vibra\u00e7\u00f5es resultantes do impacto da bola. O trilho incorpora um acabamento PU para maximizar sua fun\u00e7\u00e3o.<\/p>\n<p>PULSEIRA DE CONFORTO<br \/>\nAs raquetes possuem uma pulseira ajust\u00e1vel que acompanha a corda para proporcionar conforto na pegada, seja qual for a necessidade e gosto do jogador.<br \/>\nPossui camada refor\u00e7ada e parte interna suavizada para m\u00e1ximo conforto, al\u00e9m de design com a marca da marca.<\/p>\n","protected":false},"excerpt":{"rendered":"<p>Raquete Lok Maxx Hype 2024 para jogadores de n\u00edvel profissional. A raquete Mike Yanguas com sweet spot m\u00e9dio-alto e formato de diamante possui dois designs diferentes em cada lado. Seu interior integra Custom Eva enquanto as faces e a moldura s\u00e3o feitas de carbono. \u00c9 composto por Carbono C18, material de \u00faltima gera\u00e7\u00e3o, disposto em tr\u00eas planos diferentes. Al\u00e9m disso, possui tecnologia Gradual Face e Vibration Groove System que minimizam a vibra\u00e7\u00e3o. O Dynamic Holes System organiza os furos na l\u00e2mina progressivamente em tamanho para aproveitar ao m\u00e1ximo a pot\u00eancia.<\/p>\n","protected":false},"featured_media":50162,"comment_status":"open","ping_status":"closed","template":"","meta":{"_acf_changed":false,"_joinchat":[]},"acabado":[1090,1080],"balance":[1135],"dureza":[1160],"forma":[1170],"jugador":[1190,1200],"marca":[1315],"nivel-de-juego":[1335,1345],"superficie":[1360],"tipo-de-juego":[1375],"product_brand":[],"product_cat":[300],"product_tag":[],"class_list":{"0":"post-19703","1":"product","2":"type-product","3":"status-publish","4":"has-post-thumbnail","6":"acabado-alivio-3d","7":"acabado-brilho","8":"balance-alto-pt-pt","9":"dureza-dura-pt-pt","10":"forma-diamante-pt-pt","11":"jugador-homem","12":"jugador-polivalente-pt-pt","13":"marca-lok-pt-pt","14":"superficie-rugosa-pt-pt","15":"tipo-de-juego-poder","16":"product_cat-palas","18":"first","19":"instock","20":"taxable","21":"shipping-taxable","22":"purchasable","23":"product-type-simple"},"acf":[],"yoast_head":"<!-- This site is optimized with the Yoast SEO plugin v27.3 - https:\/\/yoast.com\/product\/yoast-seo-wordpress\/ -->\n<title>LOK MAXX HYPE - Revolution Padel Store<\/title>\n<meta name=\"description\" content=\"Pala Lok Maxx Hype 2024 para jugadores de nivel profesional. La pala de Mike Yanguas con un punto dulce medio-alto y forma de diamante cuenta con dos dise\u00f1os distintitos en cada cara. En su interior integra Custom Eva mientras que las caras y el marco se han fabricado en carbono. Est\u00e1 compuesta por Carbono C18, un material de \u00faltima generaci\u00f3n, dispuesto en tres planos distintos. Adem\u00e1s, cuenta con la tecnolog\u00eda Gradual Face y el Vibration Groove System que minimizan la vibraci\u00f3n. El Dynamic Holes System dispone los orificios de la pala de forma progresiva en cuanto a tama\u00f1os para sacar el m\u00e1ximo partido a la potencia.\" \/>\n<meta name=\"robots\" content=\"index, follow, max-snippet:-1, max-image-preview:large, max-video-preview:-1\" \/>\n<link rel=\"canonical\" href=\"https:\/\/revolutionpadelstore.com\/pt-pt\/produto\/lok-maxx-hype\/\" \/>\n<meta property=\"og:locale\" content=\"pt_PT\" \/>\n<meta property=\"og:type\" content=\"article\" \/>\n<meta property=\"og:title\" content=\"COMPRAR LOK MAXX HYPE\" \/>\n<meta property=\"og:description\" content=\"Pala Lok Maxx Hype 2024 para jugadores de nivel profesional. La pala de Mike Yanguas con un punto dulce medio-alto y forma de diamante cuenta con dos dise\u00f1os distintitos en cada cara. En su interior integra Custom Eva mientras que las caras y el marco se han fabricado en carbono. Est\u00e1 compuesta por Carbono C18, un material de \u00faltima generaci\u00f3n, dispuesto en tres planos distintos. Adem\u00e1s, cuenta con la tecnolog\u00eda Gradual Face y el Vibration Groove System que minimizan la vibraci\u00f3n. El Dynamic Holes System dispone los orificios de la pala de forma progresiva en cuanto a tama\u00f1os para sacar el m\u00e1ximo partido a la potencia.\" \/>\n<meta property=\"og:url\" content=\"https:\/\/revolutionpadelstore.com\/pt-pt\/produto\/lok-maxx-hype\/\" \/>\n<meta property=\"og:site_name\" content=\"Revolution Padel Store\" \/>\n<meta property=\"article:modified_time\" content=\"2026-04-01T08:59:04+00:00\" \/>\n<meta property=\"og:image\" content=\"https:\/\/revolutionpadelstore.com\/wp-content\/uploads\/2024\/04\/pala-lok-maxx-hype-1-800x800-1.jpg\" \/>\n\t<meta property=\"og:image:width\" content=\"800\" \/>\n\t<meta property=\"og:image:height\" content=\"800\" \/>\n\t<meta property=\"og:image:type\" content=\"image\/jpeg\" \/>\n<meta name=\"twitter:card\" content=\"summary_large_image\" \/>\n<meta name=\"twitter:label1\" content=\"Tempo estimado de leitura\" \/>\n\t<meta name=\"twitter:data1\" content=\"3 minutos\" \/>\n<script type=\"application\/ld+json\" class=\"yoast-schema-graph\">{\"@context\":\"https:\\\/\\\/schema.org\",\"@graph\":[{\"@type\":\"WebPage\",\"@id\":\"https:\\\/\\\/revolutionpadelstore.com\\\/pt-pt\\\/produto\\\/lok-maxx-hype\\\/\",\"url\":\"https:\\\/\\\/revolutionpadelstore.com\\\/pt-pt\\\/produto\\\/lok-maxx-hype\\\/\",\"name\":\"LOK MAXX HYPE - Revolution Padel Store\",\"isPartOf\":{\"@id\":\"https:\\\/\\\/revolutionpadelstore.com\\\/pt-pt\\\/#website\"},\"primaryImageOfPage\":{\"@id\":\"https:\\\/\\\/revolutionpadelstore.com\\\/pt-pt\\\/produto\\\/lok-maxx-hype\\\/#primaryimage\"},\"image\":{\"@id\":\"https:\\\/\\\/revolutionpadelstore.com\\\/pt-pt\\\/produto\\\/lok-maxx-hype\\\/#primaryimage\"},\"thumbnailUrl\":\"https:\\\/\\\/revolutionpadelstore.com\\\/wp-content\\\/uploads\\\/2024\\\/04\\\/pala-lok-maxx-hype-1-800x800-1.jpg\",\"datePublished\":\"2024-04-10T13:22:41+00:00\",\"dateModified\":\"2026-04-01T08:59:04+00:00\",\"description\":\"Pala Lok Maxx Hype 2024 para jugadores de nivel profesional. La pala de Mike Yanguas con un punto dulce medio-alto y forma de diamante cuenta con dos dise\u00f1os distintitos en cada cara. En su interior integra Custom Eva mientras que las caras y el marco se han fabricado en carbono. Est\u00e1 compuesta por Carbono C18, un material de \u00faltima generaci\u00f3n, dispuesto en tres planos distintos. Adem\u00e1s, cuenta con la tecnolog\u00eda Gradual Face y el Vibration Groove System que minimizan la vibraci\u00f3n. El Dynamic Holes System dispone los orificios de la pala de forma progresiva en cuanto a tama\u00f1os para sacar el m\u00e1ximo partido a la potencia.\",\"breadcrumb\":{\"@id\":\"https:\\\/\\\/revolutionpadelstore.com\\\/pt-pt\\\/produto\\\/lok-maxx-hype\\\/#breadcrumb\"},\"inLanguage\":\"pt-PT\",\"potentialAction\":[{\"@type\":\"ReadAction\",\"target\":[\"https:\\\/\\\/revolutionpadelstore.com\\\/pt-pt\\\/produto\\\/lok-maxx-hype\\\/\"]}]},{\"@type\":\"ImageObject\",\"inLanguage\":\"pt-PT\",\"@id\":\"https:\\\/\\\/revolutionpadelstore.com\\\/pt-pt\\\/produto\\\/lok-maxx-hype\\\/#primaryimage\",\"url\":\"https:\\\/\\\/revolutionpadelstore.com\\\/wp-content\\\/uploads\\\/2024\\\/04\\\/pala-lok-maxx-hype-1-800x800-1.jpg\",\"contentUrl\":\"https:\\\/\\\/revolutionpadelstore.com\\\/wp-content\\\/uploads\\\/2024\\\/04\\\/pala-lok-maxx-hype-1-800x800-1.jpg\",\"width\":800,\"height\":800},{\"@type\":\"BreadcrumbList\",\"@id\":\"https:\\\/\\\/revolutionpadelstore.com\\\/pt-pt\\\/produto\\\/lok-maxx-hype\\\/#breadcrumb\",\"itemListElement\":[{\"@type\":\"ListItem\",\"position\":1,\"name\":\"Portada\",\"item\":\"https:\\\/\\\/revolutionpadelstore.com\\\/pt-pt\\\/\"},{\"@type\":\"ListItem\",\"position\":2,\"name\":\"Tienda\",\"item\":\"https:\\\/\\\/revolutionpadelstore.com\\\/pt-pt\\\/tienda\\\/\"},{\"@type\":\"ListItem\",\"position\":3,\"name\":\"LOK MAXX HYPE\"}]},{\"@type\":\"WebSite\",\"@id\":\"https:\\\/\\\/revolutionpadelstore.com\\\/pt-pt\\\/#website\",\"url\":\"https:\\\/\\\/revolutionpadelstore.com\\\/pt-pt\\\/\",\"name\":\"Revolution Padel Store\",\"description\":\"\",\"publisher\":{\"@id\":\"https:\\\/\\\/revolutionpadelstore.com\\\/pt-pt\\\/#organization\"},\"potentialAction\":[{\"@type\":\"SearchAction\",\"target\":{\"@type\":\"EntryPoint\",\"urlTemplate\":\"https:\\\/\\\/revolutionpadelstore.com\\\/pt-pt\\\/?s={search_term_string}\"},\"query-input\":{\"@type\":\"PropertyValueSpecification\",\"valueRequired\":true,\"valueName\":\"search_term_string\"}}],\"inLanguage\":\"pt-PT\"},{\"@type\":\"Organization\",\"@id\":\"https:\\\/\\\/revolutionpadelstore.com\\\/pt-pt\\\/#organization\",\"name\":\"Revolution Padel Store\",\"url\":\"https:\\\/\\\/revolutionpadelstore.com\\\/pt-pt\\\/\",\"logo\":{\"@type\":\"ImageObject\",\"inLanguage\":\"pt-PT\",\"@id\":\"https:\\\/\\\/revolutionpadelstore.com\\\/pt-pt\\\/#\\\/schema\\\/logo\\\/image\\\/\",\"url\":\"https:\\\/\\\/revolutionpadelstore.com\\\/wp-content\\\/uploads\\\/2026\\\/02\\\/revolution-padel-store.jpg\",\"contentUrl\":\"https:\\\/\\\/revolutionpadelstore.com\\\/wp-content\\\/uploads\\\/2026\\\/02\\\/revolution-padel-store.jpg\",\"width\":2000,\"height\":2000,\"caption\":\"Revolution Padel Store\"},\"image\":{\"@id\":\"https:\\\/\\\/revolutionpadelstore.com\\\/pt-pt\\\/#\\\/schema\\\/logo\\\/image\\\/\"},\"sameAs\":[\"https:\\\/\\\/www.instagram.com\\\/revolutionpadelstore\\\/\"]}]}<\/script>\n<!-- \/ Yoast SEO plugin. -->","yoast_head_json":{"title":"LOK MAXX HYPE - Revolution Padel Store","description":"Pala Lok Maxx Hype 2024 para jugadores de nivel profesional. La pala de Mike Yanguas con un punto dulce medio-alto y forma de diamante cuenta con dos dise\u00f1os distintitos en cada cara. En su interior integra Custom Eva mientras que las caras y el marco se han fabricado en carbono. Est\u00e1 compuesta por Carbono C18, un material de \u00faltima generaci\u00f3n, dispuesto en tres planos distintos. Adem\u00e1s, cuenta con la tecnolog\u00eda Gradual Face y el Vibration Groove System que minimizan la vibraci\u00f3n. El Dynamic Holes System dispone los orificios de la pala de forma progresiva en cuanto a tama\u00f1os para sacar el m\u00e1ximo partido a la potencia.","robots":{"index":"index","follow":"follow","max-snippet":"max-snippet:-1","max-image-preview":"max-image-preview:large","max-video-preview":"max-video-preview:-1"},"canonical":"https:\/\/revolutionpadelstore.com\/pt-pt\/produto\/lok-maxx-hype\/","og_locale":"pt_PT","og_type":"article","og_title":"COMPRAR LOK MAXX HYPE","og_description":"Pala Lok Maxx Hype 2024 para jugadores de nivel profesional. La pala de Mike Yanguas con un punto dulce medio-alto y forma de diamante cuenta con dos dise\u00f1os distintitos en cada cara. En su interior integra Custom Eva mientras que las caras y el marco se han fabricado en carbono. Est\u00e1 compuesta por Carbono C18, un material de \u00faltima generaci\u00f3n, dispuesto en tres planos distintos. Adem\u00e1s, cuenta con la tecnolog\u00eda Gradual Face y el Vibration Groove System que minimizan la vibraci\u00f3n. El Dynamic Holes System dispone los orificios de la pala de forma progresiva en cuanto a tama\u00f1os para sacar el m\u00e1ximo partido a la potencia.","og_url":"https:\/\/revolutionpadelstore.com\/pt-pt\/produto\/lok-maxx-hype\/","og_site_name":"Revolution Padel Store","article_modified_time":"2026-04-01T08:59:04+00:00","og_image":[{"width":800,"height":800,"url":"https:\/\/revolutionpadelstore.com\/wp-content\/uploads\/2024\/04\/pala-lok-maxx-hype-1-800x800-1.jpg","type":"image\/jpeg"}],"twitter_card":"summary_large_image","twitter_misc":{"Tempo estimado de leitura":"3 minutos"},"schema":{"@context":"https:\/\/schema.org","@graph":[{"@type":"WebPage","@id":"https:\/\/revolutionpadelstore.com\/pt-pt\/produto\/lok-maxx-hype\/","url":"https:\/\/revolutionpadelstore.com\/pt-pt\/produto\/lok-maxx-hype\/","name":"LOK MAXX HYPE - Revolution Padel Store","isPartOf":{"@id":"https:\/\/revolutionpadelstore.com\/pt-pt\/#website"},"primaryImageOfPage":{"@id":"https:\/\/revolutionpadelstore.com\/pt-pt\/produto\/lok-maxx-hype\/#primaryimage"},"image":{"@id":"https:\/\/revolutionpadelstore.com\/pt-pt\/produto\/lok-maxx-hype\/#primaryimage"},"thumbnailUrl":"https:\/\/revolutionpadelstore.com\/wp-content\/uploads\/2024\/04\/pala-lok-maxx-hype-1-800x800-1.jpg","datePublished":"2024-04-10T13:22:41+00:00","dateModified":"2026-04-01T08:59:04+00:00","description":"Pala Lok Maxx Hype 2024 para jugadores de nivel profesional. La pala de Mike Yanguas con un punto dulce medio-alto y forma de diamante cuenta con dos dise\u00f1os distintitos en cada cara. En su interior integra Custom Eva mientras que las caras y el marco se han fabricado en carbono. Est\u00e1 compuesta por Carbono C18, un material de \u00faltima generaci\u00f3n, dispuesto en tres planos distintos. Adem\u00e1s, cuenta con la tecnolog\u00eda Gradual Face y el Vibration Groove System que minimizan la vibraci\u00f3n. El Dynamic Holes System dispone los orificios de la pala de forma progresiva en cuanto a tama\u00f1os para sacar el m\u00e1ximo partido a la potencia.","breadcrumb":{"@id":"https:\/\/revolutionpadelstore.com\/pt-pt\/produto\/lok-maxx-hype\/#breadcrumb"},"inLanguage":"pt-PT","potentialAction":[{"@type":"ReadAction","target":["https:\/\/revolutionpadelstore.com\/pt-pt\/produto\/lok-maxx-hype\/"]}]},{"@type":"ImageObject","inLanguage":"pt-PT","@id":"https:\/\/revolutionpadelstore.com\/pt-pt\/produto\/lok-maxx-hype\/#primaryimage","url":"https:\/\/revolutionpadelstore.com\/wp-content\/uploads\/2024\/04\/pala-lok-maxx-hype-1-800x800-1.jpg","contentUrl":"https:\/\/revolutionpadelstore.com\/wp-content\/uploads\/2024\/04\/pala-lok-maxx-hype-1-800x800-1.jpg","width":800,"height":800},{"@type":"BreadcrumbList","@id":"https:\/\/revolutionpadelstore.com\/pt-pt\/produto\/lok-maxx-hype\/#breadcrumb","itemListElement":[{"@type":"ListItem","position":1,"name":"Portada","item":"https:\/\/revolutionpadelstore.com\/pt-pt\/"},{"@type":"ListItem","position":2,"name":"Tienda","item":"https:\/\/revolutionpadelstore.com\/pt-pt\/tienda\/"},{"@type":"ListItem","position":3,"name":"LOK MAXX HYPE"}]},{"@type":"WebSite","@id":"https:\/\/revolutionpadelstore.com\/pt-pt\/#website","url":"https:\/\/revolutionpadelstore.com\/pt-pt\/","name":"Revolution Padel Store","description":"","publisher":{"@id":"https:\/\/revolutionpadelstore.com\/pt-pt\/#organization"},"potentialAction":[{"@type":"SearchAction","target":{"@type":"EntryPoint","urlTemplate":"https:\/\/revolutionpadelstore.com\/pt-pt\/?s={search_term_string}"},"query-input":{"@type":"PropertyValueSpecification","valueRequired":true,"valueName":"search_term_string"}}],"inLanguage":"pt-PT"},{"@type":"Organization","@id":"https:\/\/revolutionpadelstore.com\/pt-pt\/#organization","name":"Revolution Padel Store","url":"https:\/\/revolutionpadelstore.com\/pt-pt\/","logo":{"@type":"ImageObject","inLanguage":"pt-PT","@id":"https:\/\/revolutionpadelstore.com\/pt-pt\/#\/schema\/logo\/image\/","url":"https:\/\/revolutionpadelstore.com\/wp-content\/uploads\/2026\/02\/revolution-padel-store.jpg","contentUrl":"https:\/\/revolutionpadelstore.com\/wp-content\/uploads\/2026\/02\/revolution-padel-store.jpg","width":2000,"height":2000,"caption":"Revolution Padel Store"},"image":{"@id":"https:\/\/revolutionpadelstore.com\/pt-pt\/#\/schema\/logo\/image\/"},"sameAs":["https:\/\/www.instagram.com\/revolutionpadelstore\/"]}]}},"_links":{"self":[{"href":"https:\/\/revolutionpadelstore.com\/pt-pt\/wp-json\/wp\/v2\/product\/19703","targetHints":{"allow":["GET"]}}],"collection":[{"href":"https:\/\/revolutionpadelstore.com\/pt-pt\/wp-json\/wp\/v2\/product"}],"about":[{"href":"https:\/\/revolutionpadelstore.com\/pt-pt\/wp-json\/wp\/v2\/types\/product"}],"replies":[{"embeddable":true,"href":"https:\/\/revolutionpadelstore.com\/pt-pt\/wp-json\/wp\/v2\/comments?post=19703"}],"wp:featuredmedia":[{"embeddable":true,"href":"https:\/\/revolutionpadelstore.com\/pt-pt\/wp-json\/wp\/v2\/media\/50162"}],"wp:attachment":[{"href":"https:\/\/revolutionpadelstore.com\/pt-pt\/wp-json\/wp\/v2\/media?parent=19703"}],"wp:term":[{"taxonomy":"acabado","embeddable":true,"href":"https:\/\/revolutionpadelstore.com\/pt-pt\/wp-json\/wp\/v2\/acabado?post=19703"},{"taxonomy":"balance","embeddable":true,"href":"https:\/\/revolutionpadelstore.com\/pt-pt\/wp-json\/wp\/v2\/balance?post=19703"},{"taxonomy":"dureza","embeddable":true,"href":"https:\/\/revolutionpadelstore.com\/pt-pt\/wp-json\/wp\/v2\/dureza?post=19703"},{"taxonomy":"forma","embeddable":true,"href":"https:\/\/revolutionpadelstore.com\/pt-pt\/wp-json\/wp\/v2\/forma?post=19703"},{"taxonomy":"jugador","embeddable":true,"href":"https:\/\/revolutionpadelstore.com\/pt-pt\/wp-json\/wp\/v2\/jugador?post=19703"},{"taxonomy":"marca","embeddable":true,"href":"https:\/\/revolutionpadelstore.com\/pt-pt\/wp-json\/wp\/v2\/marca?post=19703"},{"taxonomy":"nivel-de-juego","embeddable":true,"href":"https:\/\/revolutionpadelstore.com\/pt-pt\/wp-json\/wp\/v2\/nivel-de-juego?post=19703"},{"taxonomy":"superficie","embeddable":true,"href":"https:\/\/revolutionpadelstore.com\/pt-pt\/wp-json\/wp\/v2\/superficie?post=19703"},{"taxonomy":"tipo-de-juego","embeddable":true,"href":"https:\/\/revolutionpadelstore.com\/pt-pt\/wp-json\/wp\/v2\/tipo-de-juego?post=19703"},{"taxonomy":"product_brand","embeddable":true,"href":"https:\/\/revolutionpadelstore.com\/pt-pt\/wp-json\/wp\/v2\/product_brand?post=19703"},{"taxonomy":"product_cat","embeddable":true,"href":"https:\/\/revolutionpadelstore.com\/pt-pt\/wp-json\/wp\/v2\/product_cat?post=19703"},{"taxonomy":"product_tag","embeddable":true,"href":"https:\/\/revolutionpadelstore.com\/pt-pt\/wp-json\/wp\/v2\/product_tag?post=19703"}],"curies":[{"name":"wp","href":"https:\/\/api.w.org\/{rel}","templated":true}]}}