{"id":19693,"date":"2024-04-11T08:17:24","date_gmt":"2024-04-11T06:17:24","guid":{"rendered":"https:\/\/revolutionpadelstore.com\/lok-carb-on-hype\/"},"modified":"2026-04-01T10:57:58","modified_gmt":"2026-04-01T08:57:58","slug":"lok-carb-on-hype","status":"publish","type":"product","link":"https:\/\/revolutionpadelstore.com\/pt-pt\/produto\/lok-carb-on-hype\/","title":{"rendered":"LOK CARB-ON HYPE"},"content":{"rendered":"<p>A raquete Carbon-On Hype \u00e9 uma op\u00e7\u00e3o de ponta para jogadores de padel de n\u00edvel avan\u00e7ado que procuram um equil\u00edbrio perfeito entre pot\u00eancia e controle, apoiado por tecnologias inovadoras e design meticuloso.<br \/>\nUma das caracter\u00edsticas de destaque do Carbon-On Hype \u00e9 seu cora\u00e7\u00e3o assim\u00e9trico, uma tecnologia que otimiza a distribui\u00e7\u00e3o do peso na raquete para melhorar a manobrabilidade e estabilidade a cada bra\u00e7ada.<br \/>\nA raquete possui uma superf\u00edcie C6 Carbon disposta em tr\u00eas planos diferentes tornando-a uma raquete potente.<br \/>\nPossui tamb\u00e9m o sistema Gradual Face, que consiste em um design de superf\u00edcie marcante com formato escalonado na parte externa para reduzir a vibra\u00e7\u00e3o no impacto da bola.<br \/>\nAl\u00e9m disso, a raquete possui as exclusivas 3D Spin Lines, linhas estrategicamente localizadas na superf\u00edcie de rebatida que aumentam a rota\u00e7\u00e3o da bola no momento do impacto.<br \/>\nPossui tamb\u00e9m Dynamic Holes System, um arranjo progressivo de furos de diferentes tamanhos que d\u00e3o pot\u00eancia ao golpe.<br \/>\nPossui ainda refor\u00e7os de carbono e uma pulseira ajust\u00e1vel chamada Pulseira Confort.<br \/>\nSeu formato de diamante faz com que seu equil\u00edbrio e ponto ideal estejam no topo, tornando-a uma raquete focada em golpes de ataque.<\/p>\n","protected":false},"excerpt":{"rendered":"<p>Raquete Lok Carb-on Hype 2024 com formato diamante e sweet spot m\u00e9dio-alto. Quanto a<br \/>\ncomposi\u00e7\u00e3o, o material predominante \u00e9 o carbono C6 que cobre toda a superf\u00edcie da l\u00e2mina atrav\u00e9s de tr\u00eas planos diferentes. Este composto, juntamente com a tecnologia Gradual Face para redu\u00e7\u00e3o de vibra\u00e7\u00e3o, completa uma raquete virtuosa para golpes poderosos. Al\u00e9m disso, a disposi\u00e7\u00e3o dos buracos da tecnologia Dynamic Holes System tamb\u00e9m funciona na canaliza\u00e7\u00e3o de poder no jogo de ataque.<\/p>\n","protected":false},"featured_media":50106,"comment_status":"open","ping_status":"closed","template":"","meta":{"_acf_changed":false,"_joinchat":[]},"acabado":[1090,1080],"balance":[1135,1140],"dureza":[1155],"forma":[1170],"jugador":[1190,1200],"marca":[1315],"nivel-de-juego":[1335,1350],"superficie":[1360],"tipo-de-juego":[1380,1375],"product_brand":[],"product_cat":[300],"product_tag":[],"class_list":{"0":"post-19693","1":"product","2":"type-product","3":"status-publish","4":"has-post-thumbnail","6":"acabado-alivio-3d","7":"acabado-brilho","8":"balance-alto-pt-pt","9":"balance-medio-pt-pt","10":"dureza-media-pt-pt","11":"forma-diamante-pt-pt","12":"jugador-homem","13":"jugador-polivalente-pt-pt","14":"marca-lok-pt-pt","15":"superficie-rugosa-pt-pt","16":"tipo-de-juego-ataque-pt-pt","17":"tipo-de-juego-poder","18":"product_cat-palas","20":"first","21":"instock","22":"taxable","23":"shipping-taxable","24":"purchasable","25":"product-type-simple"},"acf":[],"yoast_head":"<!-- This site is optimized with the Yoast SEO plugin v27.3 - https:\/\/yoast.com\/product\/yoast-seo-wordpress\/ -->\n<title>LOK CARB-ON HYPE - Revolution Padel Store<\/title>\n<meta name=\"description\" content=\"Pala Lok Carb-on Hype 2024 de formato diamante y punto dulce medio-alto. En cuanto acomposici\u00f3n, el material preponderante es el Carbono C6 que abarca toda la superficie de la pala mediante tres planos distintos. Este compuesto, junto con la tecnolog\u00eda Gradual Face para la reducci\u00f3n de la vibraci\u00f3n, completan una pala virtuosa en los golpes potentes. Adem\u00e1s, la disposici\u00f3n de los agujeros de la tecnolog\u00eda Dynamic Holes System trabaja tambi\u00e9n en la canalizaci\u00f3n de la potencia en el juego de ataque.\" \/>\n<meta name=\"robots\" content=\"index, follow, max-snippet:-1, max-image-preview:large, max-video-preview:-1\" \/>\n<link rel=\"canonical\" href=\"https:\/\/revolutionpadelstore.com\/pt-pt\/produto\/lok-carb-on-hype\/\" \/>\n<meta property=\"og:locale\" content=\"pt_PT\" \/>\n<meta property=\"og:type\" content=\"article\" \/>\n<meta property=\"og:title\" content=\"COMPRAR LOK CARB-ON HYPE\" \/>\n<meta property=\"og:description\" content=\"Pala Lok Carb-on Hype 2024 de formato diamante y punto dulce medio-alto. En cuanto acomposici\u00f3n, el material preponderante es el Carbono C6 que abarca toda la superficie de la pala mediante tres planos distintos. Este compuesto, junto con la tecnolog\u00eda Gradual Face para la reducci\u00f3n de la vibraci\u00f3n, completan una pala virtuosa en los golpes potentes. Adem\u00e1s, la disposici\u00f3n de los agujeros de la tecnolog\u00eda Dynamic Holes System trabaja tambi\u00e9n en la canalizaci\u00f3n de la potencia en el juego de ataque.\" \/>\n<meta property=\"og:url\" content=\"https:\/\/revolutionpadelstore.com\/pt-pt\/produto\/lok-carb-on-hype\/\" \/>\n<meta property=\"og:site_name\" content=\"Revolution Padel Store\" \/>\n<meta property=\"article:modified_time\" content=\"2026-04-01T08:57:58+00:00\" \/>\n<meta property=\"og:image\" content=\"https:\/\/revolutionpadelstore.com\/wp-content\/uploads\/2024\/04\/pala-lok-carb-on-hype-1-800x800-1.jpg\" \/>\n\t<meta property=\"og:image:width\" content=\"800\" \/>\n\t<meta property=\"og:image:height\" content=\"800\" \/>\n\t<meta property=\"og:image:type\" content=\"image\/jpeg\" \/>\n<meta name=\"twitter:card\" content=\"summary_large_image\" \/>\n<meta name=\"twitter:label1\" content=\"Tempo estimado de leitura\" \/>\n\t<meta name=\"twitter:data1\" content=\"2 minutos\" \/>\n<script type=\"application\/ld+json\" class=\"yoast-schema-graph\">{\"@context\":\"https:\\\/\\\/schema.org\",\"@graph\":[{\"@type\":\"WebPage\",\"@id\":\"https:\\\/\\\/revolutionpadelstore.com\\\/pt-pt\\\/produto\\\/lok-carb-on-hype\\\/\",\"url\":\"https:\\\/\\\/revolutionpadelstore.com\\\/pt-pt\\\/produto\\\/lok-carb-on-hype\\\/\",\"name\":\"LOK CARB-ON HYPE - Revolution Padel Store\",\"isPartOf\":{\"@id\":\"https:\\\/\\\/revolutionpadelstore.com\\\/pt-pt\\\/#website\"},\"primaryImageOfPage\":{\"@id\":\"https:\\\/\\\/revolutionpadelstore.com\\\/pt-pt\\\/produto\\\/lok-carb-on-hype\\\/#primaryimage\"},\"image\":{\"@id\":\"https:\\\/\\\/revolutionpadelstore.com\\\/pt-pt\\\/produto\\\/lok-carb-on-hype\\\/#primaryimage\"},\"thumbnailUrl\":\"https:\\\/\\\/revolutionpadelstore.com\\\/wp-content\\\/uploads\\\/2024\\\/04\\\/pala-lok-carb-on-hype-1-800x800-1.jpg\",\"datePublished\":\"2024-04-11T06:17:24+00:00\",\"dateModified\":\"2026-04-01T08:57:58+00:00\",\"description\":\"Pala Lok Carb-on Hype 2024 de formato diamante y punto dulce medio-alto. En cuanto acomposici\u00f3n, el material preponderante es el Carbono C6 que abarca toda la superficie de la pala mediante tres planos distintos. Este compuesto, junto con la tecnolog\u00eda Gradual Face para la reducci\u00f3n de la vibraci\u00f3n, completan una pala virtuosa en los golpes potentes. Adem\u00e1s, la disposici\u00f3n de los agujeros de la tecnolog\u00eda Dynamic Holes System trabaja tambi\u00e9n en la canalizaci\u00f3n de la potencia en el juego de ataque.\",\"breadcrumb\":{\"@id\":\"https:\\\/\\\/revolutionpadelstore.com\\\/pt-pt\\\/produto\\\/lok-carb-on-hype\\\/#breadcrumb\"},\"inLanguage\":\"pt-PT\",\"potentialAction\":[{\"@type\":\"ReadAction\",\"target\":[\"https:\\\/\\\/revolutionpadelstore.com\\\/pt-pt\\\/produto\\\/lok-carb-on-hype\\\/\"]}]},{\"@type\":\"ImageObject\",\"inLanguage\":\"pt-PT\",\"@id\":\"https:\\\/\\\/revolutionpadelstore.com\\\/pt-pt\\\/produto\\\/lok-carb-on-hype\\\/#primaryimage\",\"url\":\"https:\\\/\\\/revolutionpadelstore.com\\\/wp-content\\\/uploads\\\/2024\\\/04\\\/pala-lok-carb-on-hype-1-800x800-1.jpg\",\"contentUrl\":\"https:\\\/\\\/revolutionpadelstore.com\\\/wp-content\\\/uploads\\\/2024\\\/04\\\/pala-lok-carb-on-hype-1-800x800-1.jpg\",\"width\":800,\"height\":800},{\"@type\":\"BreadcrumbList\",\"@id\":\"https:\\\/\\\/revolutionpadelstore.com\\\/pt-pt\\\/produto\\\/lok-carb-on-hype\\\/#breadcrumb\",\"itemListElement\":[{\"@type\":\"ListItem\",\"position\":1,\"name\":\"Portada\",\"item\":\"https:\\\/\\\/revolutionpadelstore.com\\\/pt-pt\\\/\"},{\"@type\":\"ListItem\",\"position\":2,\"name\":\"Tienda\",\"item\":\"https:\\\/\\\/revolutionpadelstore.com\\\/pt-pt\\\/tienda\\\/\"},{\"@type\":\"ListItem\",\"position\":3,\"name\":\"LOK CARB-ON HYPE\"}]},{\"@type\":\"WebSite\",\"@id\":\"https:\\\/\\\/revolutionpadelstore.com\\\/pt-pt\\\/#website\",\"url\":\"https:\\\/\\\/revolutionpadelstore.com\\\/pt-pt\\\/\",\"name\":\"Revolution Padel Store\",\"description\":\"\",\"publisher\":{\"@id\":\"https:\\\/\\\/revolutionpadelstore.com\\\/pt-pt\\\/#organization\"},\"potentialAction\":[{\"@type\":\"SearchAction\",\"target\":{\"@type\":\"EntryPoint\",\"urlTemplate\":\"https:\\\/\\\/revolutionpadelstore.com\\\/pt-pt\\\/?s={search_term_string}\"},\"query-input\":{\"@type\":\"PropertyValueSpecification\",\"valueRequired\":true,\"valueName\":\"search_term_string\"}}],\"inLanguage\":\"pt-PT\"},{\"@type\":\"Organization\",\"@id\":\"https:\\\/\\\/revolutionpadelstore.com\\\/pt-pt\\\/#organization\",\"name\":\"Revolution Padel Store\",\"url\":\"https:\\\/\\\/revolutionpadelstore.com\\\/pt-pt\\\/\",\"logo\":{\"@type\":\"ImageObject\",\"inLanguage\":\"pt-PT\",\"@id\":\"https:\\\/\\\/revolutionpadelstore.com\\\/pt-pt\\\/#\\\/schema\\\/logo\\\/image\\\/\",\"url\":\"https:\\\/\\\/revolutionpadelstore.com\\\/wp-content\\\/uploads\\\/2026\\\/02\\\/revolution-padel-store.jpg\",\"contentUrl\":\"https:\\\/\\\/revolutionpadelstore.com\\\/wp-content\\\/uploads\\\/2026\\\/02\\\/revolution-padel-store.jpg\",\"width\":2000,\"height\":2000,\"caption\":\"Revolution Padel Store\"},\"image\":{\"@id\":\"https:\\\/\\\/revolutionpadelstore.com\\\/pt-pt\\\/#\\\/schema\\\/logo\\\/image\\\/\"},\"sameAs\":[\"https:\\\/\\\/www.instagram.com\\\/revolutionpadelstore\\\/\"]}]}<\/script>\n<!-- \/ Yoast SEO plugin. -->","yoast_head_json":{"title":"LOK CARB-ON HYPE - Revolution Padel Store","description":"Pala Lok Carb-on Hype 2024 de formato diamante y punto dulce medio-alto. En cuanto acomposici\u00f3n, el material preponderante es el Carbono C6 que abarca toda la superficie de la pala mediante tres planos distintos. Este compuesto, junto con la tecnolog\u00eda Gradual Face para la reducci\u00f3n de la vibraci\u00f3n, completan una pala virtuosa en los golpes potentes. Adem\u00e1s, la disposici\u00f3n de los agujeros de la tecnolog\u00eda Dynamic Holes System trabaja tambi\u00e9n en la canalizaci\u00f3n de la potencia en el juego de ataque.","robots":{"index":"index","follow":"follow","max-snippet":"max-snippet:-1","max-image-preview":"max-image-preview:large","max-video-preview":"max-video-preview:-1"},"canonical":"https:\/\/revolutionpadelstore.com\/pt-pt\/produto\/lok-carb-on-hype\/","og_locale":"pt_PT","og_type":"article","og_title":"COMPRAR LOK CARB-ON HYPE","og_description":"Pala Lok Carb-on Hype 2024 de formato diamante y punto dulce medio-alto. En cuanto acomposici\u00f3n, el material preponderante es el Carbono C6 que abarca toda la superficie de la pala mediante tres planos distintos. Este compuesto, junto con la tecnolog\u00eda Gradual Face para la reducci\u00f3n de la vibraci\u00f3n, completan una pala virtuosa en los golpes potentes. Adem\u00e1s, la disposici\u00f3n de los agujeros de la tecnolog\u00eda Dynamic Holes System trabaja tambi\u00e9n en la canalizaci\u00f3n de la potencia en el juego de ataque.","og_url":"https:\/\/revolutionpadelstore.com\/pt-pt\/produto\/lok-carb-on-hype\/","og_site_name":"Revolution Padel Store","article_modified_time":"2026-04-01T08:57:58+00:00","og_image":[{"width":800,"height":800,"url":"https:\/\/revolutionpadelstore.com\/wp-content\/uploads\/2024\/04\/pala-lok-carb-on-hype-1-800x800-1.jpg","type":"image\/jpeg"}],"twitter_card":"summary_large_image","twitter_misc":{"Tempo estimado de leitura":"2 minutos"},"schema":{"@context":"https:\/\/schema.org","@graph":[{"@type":"WebPage","@id":"https:\/\/revolutionpadelstore.com\/pt-pt\/produto\/lok-carb-on-hype\/","url":"https:\/\/revolutionpadelstore.com\/pt-pt\/produto\/lok-carb-on-hype\/","name":"LOK CARB-ON HYPE - Revolution Padel Store","isPartOf":{"@id":"https:\/\/revolutionpadelstore.com\/pt-pt\/#website"},"primaryImageOfPage":{"@id":"https:\/\/revolutionpadelstore.com\/pt-pt\/produto\/lok-carb-on-hype\/#primaryimage"},"image":{"@id":"https:\/\/revolutionpadelstore.com\/pt-pt\/produto\/lok-carb-on-hype\/#primaryimage"},"thumbnailUrl":"https:\/\/revolutionpadelstore.com\/wp-content\/uploads\/2024\/04\/pala-lok-carb-on-hype-1-800x800-1.jpg","datePublished":"2024-04-11T06:17:24+00:00","dateModified":"2026-04-01T08:57:58+00:00","description":"Pala Lok Carb-on Hype 2024 de formato diamante y punto dulce medio-alto. En cuanto acomposici\u00f3n, el material preponderante es el Carbono C6 que abarca toda la superficie de la pala mediante tres planos distintos. Este compuesto, junto con la tecnolog\u00eda Gradual Face para la reducci\u00f3n de la vibraci\u00f3n, completan una pala virtuosa en los golpes potentes. Adem\u00e1s, la disposici\u00f3n de los agujeros de la tecnolog\u00eda Dynamic Holes System trabaja tambi\u00e9n en la canalizaci\u00f3n de la potencia en el juego de ataque.","breadcrumb":{"@id":"https:\/\/revolutionpadelstore.com\/pt-pt\/produto\/lok-carb-on-hype\/#breadcrumb"},"inLanguage":"pt-PT","potentialAction":[{"@type":"ReadAction","target":["https:\/\/revolutionpadelstore.com\/pt-pt\/produto\/lok-carb-on-hype\/"]}]},{"@type":"ImageObject","inLanguage":"pt-PT","@id":"https:\/\/revolutionpadelstore.com\/pt-pt\/produto\/lok-carb-on-hype\/#primaryimage","url":"https:\/\/revolutionpadelstore.com\/wp-content\/uploads\/2024\/04\/pala-lok-carb-on-hype-1-800x800-1.jpg","contentUrl":"https:\/\/revolutionpadelstore.com\/wp-content\/uploads\/2024\/04\/pala-lok-carb-on-hype-1-800x800-1.jpg","width":800,"height":800},{"@type":"BreadcrumbList","@id":"https:\/\/revolutionpadelstore.com\/pt-pt\/produto\/lok-carb-on-hype\/#breadcrumb","itemListElement":[{"@type":"ListItem","position":1,"name":"Portada","item":"https:\/\/revolutionpadelstore.com\/pt-pt\/"},{"@type":"ListItem","position":2,"name":"Tienda","item":"https:\/\/revolutionpadelstore.com\/pt-pt\/tienda\/"},{"@type":"ListItem","position":3,"name":"LOK CARB-ON HYPE"}]},{"@type":"WebSite","@id":"https:\/\/revolutionpadelstore.com\/pt-pt\/#website","url":"https:\/\/revolutionpadelstore.com\/pt-pt\/","name":"Revolution Padel Store","description":"","publisher":{"@id":"https:\/\/revolutionpadelstore.com\/pt-pt\/#organization"},"potentialAction":[{"@type":"SearchAction","target":{"@type":"EntryPoint","urlTemplate":"https:\/\/revolutionpadelstore.com\/pt-pt\/?s={search_term_string}"},"query-input":{"@type":"PropertyValueSpecification","valueRequired":true,"valueName":"search_term_string"}}],"inLanguage":"pt-PT"},{"@type":"Organization","@id":"https:\/\/revolutionpadelstore.com\/pt-pt\/#organization","name":"Revolution Padel Store","url":"https:\/\/revolutionpadelstore.com\/pt-pt\/","logo":{"@type":"ImageObject","inLanguage":"pt-PT","@id":"https:\/\/revolutionpadelstore.com\/pt-pt\/#\/schema\/logo\/image\/","url":"https:\/\/revolutionpadelstore.com\/wp-content\/uploads\/2026\/02\/revolution-padel-store.jpg","contentUrl":"https:\/\/revolutionpadelstore.com\/wp-content\/uploads\/2026\/02\/revolution-padel-store.jpg","width":2000,"height":2000,"caption":"Revolution Padel Store"},"image":{"@id":"https:\/\/revolutionpadelstore.com\/pt-pt\/#\/schema\/logo\/image\/"},"sameAs":["https:\/\/www.instagram.com\/revolutionpadelstore\/"]}]}},"_links":{"self":[{"href":"https:\/\/revolutionpadelstore.com\/pt-pt\/wp-json\/wp\/v2\/product\/19693","targetHints":{"allow":["GET"]}}],"collection":[{"href":"https:\/\/revolutionpadelstore.com\/pt-pt\/wp-json\/wp\/v2\/product"}],"about":[{"href":"https:\/\/revolutionpadelstore.com\/pt-pt\/wp-json\/wp\/v2\/types\/product"}],"replies":[{"embeddable":true,"href":"https:\/\/revolutionpadelstore.com\/pt-pt\/wp-json\/wp\/v2\/comments?post=19693"}],"wp:featuredmedia":[{"embeddable":true,"href":"https:\/\/revolutionpadelstore.com\/pt-pt\/wp-json\/wp\/v2\/media\/50106"}],"wp:attachment":[{"href":"https:\/\/revolutionpadelstore.com\/pt-pt\/wp-json\/wp\/v2\/media?parent=19693"}],"wp:term":[{"taxonomy":"acabado","embeddable":true,"href":"https:\/\/revolutionpadelstore.com\/pt-pt\/wp-json\/wp\/v2\/acabado?post=19693"},{"taxonomy":"balance","embeddable":true,"href":"https:\/\/revolutionpadelstore.com\/pt-pt\/wp-json\/wp\/v2\/balance?post=19693"},{"taxonomy":"dureza","embeddable":true,"href":"https:\/\/revolutionpadelstore.com\/pt-pt\/wp-json\/wp\/v2\/dureza?post=19693"},{"taxonomy":"forma","embeddable":true,"href":"https:\/\/revolutionpadelstore.com\/pt-pt\/wp-json\/wp\/v2\/forma?post=19693"},{"taxonomy":"jugador","embeddable":true,"href":"https:\/\/revolutionpadelstore.com\/pt-pt\/wp-json\/wp\/v2\/jugador?post=19693"},{"taxonomy":"marca","embeddable":true,"href":"https:\/\/revolutionpadelstore.com\/pt-pt\/wp-json\/wp\/v2\/marca?post=19693"},{"taxonomy":"nivel-de-juego","embeddable":true,"href":"https:\/\/revolutionpadelstore.com\/pt-pt\/wp-json\/wp\/v2\/nivel-de-juego?post=19693"},{"taxonomy":"superficie","embeddable":true,"href":"https:\/\/revolutionpadelstore.com\/pt-pt\/wp-json\/wp\/v2\/superficie?post=19693"},{"taxonomy":"tipo-de-juego","embeddable":true,"href":"https:\/\/revolutionpadelstore.com\/pt-pt\/wp-json\/wp\/v2\/tipo-de-juego?post=19693"},{"taxonomy":"product_brand","embeddable":true,"href":"https:\/\/revolutionpadelstore.com\/pt-pt\/wp-json\/wp\/v2\/product_brand?post=19693"},{"taxonomy":"product_cat","embeddable":true,"href":"https:\/\/revolutionpadelstore.com\/pt-pt\/wp-json\/wp\/v2\/product_cat?post=19693"},{"taxonomy":"product_tag","embeddable":true,"href":"https:\/\/revolutionpadelstore.com\/pt-pt\/wp-json\/wp\/v2\/product_tag?post=19693"}],"curies":[{"name":"wp","href":"https:\/\/api.w.org\/{rel}","templated":true}]}}