{"id":19688,"date":"2024-04-11T08:42:45","date_gmt":"2024-04-11T06:42:45","guid":{"rendered":"https:\/\/revolutionpadelstore.com\/head-extreme-pro-2023\/"},"modified":"2026-04-08T14:22:47","modified_gmt":"2026-04-08T12:22:47","slug":"head-extreme-pro-2023-5","status":"publish","type":"product","link":"https:\/\/revolutionpadelstore.com\/pt-pt\/produto\/head-extreme-pro-2023-5\/","title":{"rendered":"HEAD EXTREME PRO 2023"},"content":{"rendered":"<p>A pot\u00eancia m\u00e1xima anda de m\u00e3os dadas com toque e sensa\u00e7\u00f5es impressionantes na RAQUETE EXTREME PRO PADEL.<br \/>\nEsta raquete em formato de diamante, projetada para jogadores avan\u00e7ados e profissionais, foi fabricada com um novo molde e incorpora a nova tecnologia soft plug na base do cabo, que proporciona maior sensa\u00e7\u00e3o de suavidade no jogo e reduz as vibra\u00e7\u00f5es.<br \/>\nA inovadora tecnologia Auxetic oferece pot\u00eancia superior e sensa\u00e7\u00e3o de impacto excepcional, enquanto a superf\u00edcie h\u00edbrida de carbono e fibra de vidro aumenta a pot\u00eancia e a sensa\u00e7\u00e3o.<br \/>\nLeve o seu jogo ao m\u00e1ximo com uma raquete que incorpora a tecnologia Extreme Spin, que multiplica o giro da bola, al\u00e9m de um design exclusivo com cores marcantes.<\/p>\n<p>&#8211; Pot\u00eancia extrema para jogadores avan\u00e7ados e profissionais<br \/>\n&#8211; Novo molde em forma de diamante<br \/>\n&#8211; Nova tecnologia soft plug na base do punho<br \/>\n&#8211; Tecnologia Auxetic para pot\u00eancia superior e toque excepcional<br \/>\n&#8211; Material h\u00edbrido na face, mistura de carbono e fibra de vidro, para pot\u00eancia superior<br \/>\n&#8211; Tecnologia Extreme Spin para um giro extremo<br \/>\n&#8211; Design de cores exclusivo<\/p>\n","protected":false},"excerpt":{"rendered":"<p>Raquete Head Extreme Pro 2024, a raquete mais potente da cole\u00e7\u00e3o 2024 A raquete em forma de diamante \u00e9 destinada a jogadores de n\u00edvel avan\u00e7ado ou profissional. Como novidade, foi adicionado um plug macio na base do cabo, capaz de proporcionar maior sensa\u00e7\u00e3o de maciez e reduzir vibra\u00e7\u00f5es. Al\u00e9m disso, gra\u00e7as \u00e0 tecnologia Auxetic, a raquete proporciona pot\u00eancia superior e uma excelente sensa\u00e7\u00e3o durante a pontua\u00e7\u00e3o.<\/p>\n<p>A superf\u00edcie \u00e9 uma mistura de carbono e fibra de vidro. Al\u00e9m disso, para os amantes do spin, o Extreme Pro incorpora a tecnologia Extreme Spin.<\/p>\n","protected":false},"featured_media":50086,"comment_status":"open","ping_status":"closed","template":"","meta":{"_acf_changed":false,"_joinchat":[]},"acabado":[1090,1085],"balance":[1135],"dureza":[1160,1155],"forma":[1170],"jugador":[1190,1200],"marca":[1220],"nivel-de-juego":[1335,1345],"superficie":[1360],"tipo-de-juego":[1380,1390,1375],"product_brand":[],"product_cat":[300],"product_tag":[],"class_list":{"0":"post-19688","1":"product","2":"type-product","3":"status-publish","4":"has-post-thumbnail","6":"acabado-alivio-3d","7":"acabado-companheiro","8":"balance-alto-pt-pt","9":"dureza-dura-pt-pt","10":"dureza-media-pt-pt","11":"forma-diamante-pt-pt","12":"jugador-homem","13":"jugador-polivalente-pt-pt","14":"marca-cabeca","15":"superficie-rugosa-pt-pt","16":"tipo-de-juego-ataque-pt-pt","17":"tipo-de-juego-avanzado-competicion-pt-pt","18":"tipo-de-juego-poder","19":"product_cat-palas","21":"first","22":"instock","23":"sale","24":"taxable","25":"shipping-taxable","26":"purchasable","27":"product-type-simple"},"acf":[],"yoast_head":"<!-- This site is optimized with the Yoast SEO plugin v27.4 - https:\/\/yoast.com\/product\/yoast-seo-wordpress\/ -->\n<title>HEAD EXTREME PRO 2023 - Revolution Padel Store<\/title>\n<meta name=\"description\" content=\"Pala Head Extreme Pro 2024, la pala m\u00e1s potente de la colecci\u00f3n 2024. La pala con forma de diamante est\u00e1 destinada a jugadores con un nivel avanzado o profesional. Como novedad, en la base de la empu\u00f1adura se ha a\u00f1adido un tap\u00f3n blando capaz de aportar una mayor sensaci\u00f3n de suavidad y disminuir las vibraciones.\" \/>\n<meta name=\"robots\" content=\"index, follow, max-snippet:-1, max-image-preview:large, max-video-preview:-1\" \/>\n<link rel=\"canonical\" href=\"https:\/\/revolutionpadelstore.com\/pt-pt\/produto\/head-extreme-pro-2023-5\/\" \/>\n<meta property=\"og:locale\" content=\"pt_PT\" \/>\n<meta property=\"og:type\" content=\"article\" \/>\n<meta property=\"og:title\" content=\"COMPRAR HEAD EXTREME PRO 2023\" \/>\n<meta property=\"og:description\" content=\"Pala Head Extreme Pro 2024, la pala m\u00e1s potente de la colecci\u00f3n 2024. La pala con forma de diamante est\u00e1 destinada a jugadores con un nivel avanzado o profesional. Como novedad, en la base de la empu\u00f1adura se ha a\u00f1adido un tap\u00f3n blando capaz de aportar una mayor sensaci\u00f3n de suavidad y disminuir las vibraciones. Tambi\u00e9n, gracias a la tecnolog\u00eda Auxetic, la pala confiere una potencia superior y una excelente sensaci\u00f3n durante el goleo.La superficie es una mezcla de carbono y fibra de vidrio. Adem\u00e1s, para los amantes de los efectos, la Extreme Pro incorpora la tecnolog\u00eda Extreme Spin.\" \/>\n<meta property=\"og:url\" content=\"https:\/\/revolutionpadelstore.com\/pt-pt\/produto\/head-extreme-pro-2023-5\/\" \/>\n<meta property=\"og:site_name\" content=\"Revolution Padel Store\" \/>\n<meta property=\"article:modified_time\" content=\"2026-04-08T12:22:47+00:00\" \/>\n<meta property=\"og:image\" content=\"https:\/\/revolutionpadelstore.com\/wp-content\/uploads\/2024\/04\/pala-head-extreme-pro-2023-800x800-1.webp\" \/>\n\t<meta property=\"og:image:width\" content=\"800\" \/>\n\t<meta property=\"og:image:height\" content=\"800\" \/>\n\t<meta property=\"og:image:type\" content=\"image\/webp\" \/>\n<meta name=\"twitter:card\" content=\"summary_large_image\" \/>\n<meta name=\"twitter:label1\" content=\"Tempo estimado de leitura\" \/>\n\t<meta name=\"twitter:data1\" content=\"2 minutos\" \/>\n<script type=\"application\/ld+json\" class=\"yoast-schema-graph\">{\"@context\":\"https:\\\/\\\/schema.org\",\"@graph\":[{\"@type\":\"WebPage\",\"@id\":\"https:\\\/\\\/revolutionpadelstore.com\\\/pt-pt\\\/produto\\\/head-extreme-pro-2023-5\\\/\",\"url\":\"https:\\\/\\\/revolutionpadelstore.com\\\/pt-pt\\\/produto\\\/head-extreme-pro-2023-5\\\/\",\"name\":\"HEAD EXTREME PRO 2023 - Revolution Padel Store\",\"isPartOf\":{\"@id\":\"https:\\\/\\\/revolutionpadelstore.com\\\/pt-pt\\\/#website\"},\"primaryImageOfPage\":{\"@id\":\"https:\\\/\\\/revolutionpadelstore.com\\\/pt-pt\\\/produto\\\/head-extreme-pro-2023-5\\\/#primaryimage\"},\"image\":{\"@id\":\"https:\\\/\\\/revolutionpadelstore.com\\\/pt-pt\\\/produto\\\/head-extreme-pro-2023-5\\\/#primaryimage\"},\"thumbnailUrl\":\"https:\\\/\\\/revolutionpadelstore.com\\\/wp-content\\\/uploads\\\/2024\\\/04\\\/pala-head-extreme-pro-2023-800x800-1.webp\",\"datePublished\":\"2024-04-11T06:42:45+00:00\",\"dateModified\":\"2026-04-08T12:22:47+00:00\",\"description\":\"Pala Head Extreme Pro 2024, la pala m\u00e1s potente de la colecci\u00f3n 2024. La pala con forma de diamante est\u00e1 destinada a jugadores con un nivel avanzado o profesional. Como novedad, en la base de la empu\u00f1adura se ha a\u00f1adido un tap\u00f3n blando capaz de aportar una mayor sensaci\u00f3n de suavidad y disminuir las vibraciones.\",\"breadcrumb\":{\"@id\":\"https:\\\/\\\/revolutionpadelstore.com\\\/pt-pt\\\/produto\\\/head-extreme-pro-2023-5\\\/#breadcrumb\"},\"inLanguage\":\"pt-PT\",\"potentialAction\":[{\"@type\":\"ReadAction\",\"target\":[\"https:\\\/\\\/revolutionpadelstore.com\\\/pt-pt\\\/produto\\\/head-extreme-pro-2023-5\\\/\"]}]},{\"@type\":\"ImageObject\",\"inLanguage\":\"pt-PT\",\"@id\":\"https:\\\/\\\/revolutionpadelstore.com\\\/pt-pt\\\/produto\\\/head-extreme-pro-2023-5\\\/#primaryimage\",\"url\":\"https:\\\/\\\/revolutionpadelstore.com\\\/wp-content\\\/uploads\\\/2024\\\/04\\\/pala-head-extreme-pro-2023-800x800-1.webp\",\"contentUrl\":\"https:\\\/\\\/revolutionpadelstore.com\\\/wp-content\\\/uploads\\\/2024\\\/04\\\/pala-head-extreme-pro-2023-800x800-1.webp\",\"width\":800,\"height\":800},{\"@type\":\"BreadcrumbList\",\"@id\":\"https:\\\/\\\/revolutionpadelstore.com\\\/pt-pt\\\/produto\\\/head-extreme-pro-2023-5\\\/#breadcrumb\",\"itemListElement\":[{\"@type\":\"ListItem\",\"position\":1,\"name\":\"Portada\",\"item\":\"https:\\\/\\\/revolutionpadelstore.com\\\/pt-pt\\\/\"},{\"@type\":\"ListItem\",\"position\":2,\"name\":\"Tienda\",\"item\":\"https:\\\/\\\/revolutionpadelstore.com\\\/pt-pt\\\/tienda\\\/\"},{\"@type\":\"ListItem\",\"position\":3,\"name\":\"HEAD EXTREME PRO 2023\"}]},{\"@type\":\"WebSite\",\"@id\":\"https:\\\/\\\/revolutionpadelstore.com\\\/pt-pt\\\/#website\",\"url\":\"https:\\\/\\\/revolutionpadelstore.com\\\/pt-pt\\\/\",\"name\":\"Revolution Padel Store\",\"description\":\"\",\"publisher\":{\"@id\":\"https:\\\/\\\/revolutionpadelstore.com\\\/pt-pt\\\/#organization\"},\"potentialAction\":[{\"@type\":\"SearchAction\",\"target\":{\"@type\":\"EntryPoint\",\"urlTemplate\":\"https:\\\/\\\/revolutionpadelstore.com\\\/pt-pt\\\/?s={search_term_string}\"},\"query-input\":{\"@type\":\"PropertyValueSpecification\",\"valueRequired\":true,\"valueName\":\"search_term_string\"}}],\"inLanguage\":\"pt-PT\"},{\"@type\":\"Organization\",\"@id\":\"https:\\\/\\\/revolutionpadelstore.com\\\/pt-pt\\\/#organization\",\"name\":\"Revolution Padel Store\",\"url\":\"https:\\\/\\\/revolutionpadelstore.com\\\/pt-pt\\\/\",\"logo\":{\"@type\":\"ImageObject\",\"inLanguage\":\"pt-PT\",\"@id\":\"https:\\\/\\\/revolutionpadelstore.com\\\/pt-pt\\\/#\\\/schema\\\/logo\\\/image\\\/\",\"url\":\"https:\\\/\\\/revolutionpadelstore.com\\\/wp-content\\\/uploads\\\/2026\\\/02\\\/revolution-padel-store.jpg\",\"contentUrl\":\"https:\\\/\\\/revolutionpadelstore.com\\\/wp-content\\\/uploads\\\/2026\\\/02\\\/revolution-padel-store.jpg\",\"width\":2000,\"height\":2000,\"caption\":\"Revolution Padel Store\"},\"image\":{\"@id\":\"https:\\\/\\\/revolutionpadelstore.com\\\/pt-pt\\\/#\\\/schema\\\/logo\\\/image\\\/\"},\"sameAs\":[\"https:\\\/\\\/www.instagram.com\\\/revolutionpadelstore\\\/\"]}]}<\/script>\n<!-- \/ Yoast SEO plugin. -->","yoast_head_json":{"title":"HEAD EXTREME PRO 2023 - Revolution Padel Store","description":"Pala Head Extreme Pro 2024, la pala m\u00e1s potente de la colecci\u00f3n 2024. La pala con forma de diamante est\u00e1 destinada a jugadores con un nivel avanzado o profesional. Como novedad, en la base de la empu\u00f1adura se ha a\u00f1adido un tap\u00f3n blando capaz de aportar una mayor sensaci\u00f3n de suavidad y disminuir las vibraciones.","robots":{"index":"index","follow":"follow","max-snippet":"max-snippet:-1","max-image-preview":"max-image-preview:large","max-video-preview":"max-video-preview:-1"},"canonical":"https:\/\/revolutionpadelstore.com\/pt-pt\/produto\/head-extreme-pro-2023-5\/","og_locale":"pt_PT","og_type":"article","og_title":"COMPRAR HEAD EXTREME PRO 2023","og_description":"Pala Head Extreme Pro 2024, la pala m\u00e1s potente de la colecci\u00f3n 2024. La pala con forma de diamante est\u00e1 destinada a jugadores con un nivel avanzado o profesional. Como novedad, en la base de la empu\u00f1adura se ha a\u00f1adido un tap\u00f3n blando capaz de aportar una mayor sensaci\u00f3n de suavidad y disminuir las vibraciones. Tambi\u00e9n, gracias a la tecnolog\u00eda Auxetic, la pala confiere una potencia superior y una excelente sensaci\u00f3n durante el goleo.La superficie es una mezcla de carbono y fibra de vidrio. Adem\u00e1s, para los amantes de los efectos, la Extreme Pro incorpora la tecnolog\u00eda Extreme Spin.","og_url":"https:\/\/revolutionpadelstore.com\/pt-pt\/produto\/head-extreme-pro-2023-5\/","og_site_name":"Revolution Padel Store","article_modified_time":"2026-04-08T12:22:47+00:00","og_image":[{"width":800,"height":800,"url":"https:\/\/revolutionpadelstore.com\/wp-content\/uploads\/2024\/04\/pala-head-extreme-pro-2023-800x800-1.webp","type":"image\/webp"}],"twitter_card":"summary_large_image","twitter_misc":{"Tempo estimado de leitura":"2 minutos"},"schema":{"@context":"https:\/\/schema.org","@graph":[{"@type":"WebPage","@id":"https:\/\/revolutionpadelstore.com\/pt-pt\/produto\/head-extreme-pro-2023-5\/","url":"https:\/\/revolutionpadelstore.com\/pt-pt\/produto\/head-extreme-pro-2023-5\/","name":"HEAD EXTREME PRO 2023 - Revolution Padel Store","isPartOf":{"@id":"https:\/\/revolutionpadelstore.com\/pt-pt\/#website"},"primaryImageOfPage":{"@id":"https:\/\/revolutionpadelstore.com\/pt-pt\/produto\/head-extreme-pro-2023-5\/#primaryimage"},"image":{"@id":"https:\/\/revolutionpadelstore.com\/pt-pt\/produto\/head-extreme-pro-2023-5\/#primaryimage"},"thumbnailUrl":"https:\/\/revolutionpadelstore.com\/wp-content\/uploads\/2024\/04\/pala-head-extreme-pro-2023-800x800-1.webp","datePublished":"2024-04-11T06:42:45+00:00","dateModified":"2026-04-08T12:22:47+00:00","description":"Pala Head Extreme Pro 2024, la pala m\u00e1s potente de la colecci\u00f3n 2024. La pala con forma de diamante est\u00e1 destinada a jugadores con un nivel avanzado o profesional. Como novedad, en la base de la empu\u00f1adura se ha a\u00f1adido un tap\u00f3n blando capaz de aportar una mayor sensaci\u00f3n de suavidad y disminuir las vibraciones.","breadcrumb":{"@id":"https:\/\/revolutionpadelstore.com\/pt-pt\/produto\/head-extreme-pro-2023-5\/#breadcrumb"},"inLanguage":"pt-PT","potentialAction":[{"@type":"ReadAction","target":["https:\/\/revolutionpadelstore.com\/pt-pt\/produto\/head-extreme-pro-2023-5\/"]}]},{"@type":"ImageObject","inLanguage":"pt-PT","@id":"https:\/\/revolutionpadelstore.com\/pt-pt\/produto\/head-extreme-pro-2023-5\/#primaryimage","url":"https:\/\/revolutionpadelstore.com\/wp-content\/uploads\/2024\/04\/pala-head-extreme-pro-2023-800x800-1.webp","contentUrl":"https:\/\/revolutionpadelstore.com\/wp-content\/uploads\/2024\/04\/pala-head-extreme-pro-2023-800x800-1.webp","width":800,"height":800},{"@type":"BreadcrumbList","@id":"https:\/\/revolutionpadelstore.com\/pt-pt\/produto\/head-extreme-pro-2023-5\/#breadcrumb","itemListElement":[{"@type":"ListItem","position":1,"name":"Portada","item":"https:\/\/revolutionpadelstore.com\/pt-pt\/"},{"@type":"ListItem","position":2,"name":"Tienda","item":"https:\/\/revolutionpadelstore.com\/pt-pt\/tienda\/"},{"@type":"ListItem","position":3,"name":"HEAD EXTREME PRO 2023"}]},{"@type":"WebSite","@id":"https:\/\/revolutionpadelstore.com\/pt-pt\/#website","url":"https:\/\/revolutionpadelstore.com\/pt-pt\/","name":"Revolution Padel Store","description":"","publisher":{"@id":"https:\/\/revolutionpadelstore.com\/pt-pt\/#organization"},"potentialAction":[{"@type":"SearchAction","target":{"@type":"EntryPoint","urlTemplate":"https:\/\/revolutionpadelstore.com\/pt-pt\/?s={search_term_string}"},"query-input":{"@type":"PropertyValueSpecification","valueRequired":true,"valueName":"search_term_string"}}],"inLanguage":"pt-PT"},{"@type":"Organization","@id":"https:\/\/revolutionpadelstore.com\/pt-pt\/#organization","name":"Revolution Padel Store","url":"https:\/\/revolutionpadelstore.com\/pt-pt\/","logo":{"@type":"ImageObject","inLanguage":"pt-PT","@id":"https:\/\/revolutionpadelstore.com\/pt-pt\/#\/schema\/logo\/image\/","url":"https:\/\/revolutionpadelstore.com\/wp-content\/uploads\/2026\/02\/revolution-padel-store.jpg","contentUrl":"https:\/\/revolutionpadelstore.com\/wp-content\/uploads\/2026\/02\/revolution-padel-store.jpg","width":2000,"height":2000,"caption":"Revolution Padel Store"},"image":{"@id":"https:\/\/revolutionpadelstore.com\/pt-pt\/#\/schema\/logo\/image\/"},"sameAs":["https:\/\/www.instagram.com\/revolutionpadelstore\/"]}]}},"_links":{"self":[{"href":"https:\/\/revolutionpadelstore.com\/pt-pt\/wp-json\/wp\/v2\/product\/19688","targetHints":{"allow":["GET"]}}],"collection":[{"href":"https:\/\/revolutionpadelstore.com\/pt-pt\/wp-json\/wp\/v2\/product"}],"about":[{"href":"https:\/\/revolutionpadelstore.com\/pt-pt\/wp-json\/wp\/v2\/types\/product"}],"replies":[{"embeddable":true,"href":"https:\/\/revolutionpadelstore.com\/pt-pt\/wp-json\/wp\/v2\/comments?post=19688"}],"wp:featuredmedia":[{"embeddable":true,"href":"https:\/\/revolutionpadelstore.com\/pt-pt\/wp-json\/wp\/v2\/media\/50086"}],"wp:attachment":[{"href":"https:\/\/revolutionpadelstore.com\/pt-pt\/wp-json\/wp\/v2\/media?parent=19688"}],"wp:term":[{"taxonomy":"acabado","embeddable":true,"href":"https:\/\/revolutionpadelstore.com\/pt-pt\/wp-json\/wp\/v2\/acabado?post=19688"},{"taxonomy":"balance","embeddable":true,"href":"https:\/\/revolutionpadelstore.com\/pt-pt\/wp-json\/wp\/v2\/balance?post=19688"},{"taxonomy":"dureza","embeddable":true,"href":"https:\/\/revolutionpadelstore.com\/pt-pt\/wp-json\/wp\/v2\/dureza?post=19688"},{"taxonomy":"forma","embeddable":true,"href":"https:\/\/revolutionpadelstore.com\/pt-pt\/wp-json\/wp\/v2\/forma?post=19688"},{"taxonomy":"jugador","embeddable":true,"href":"https:\/\/revolutionpadelstore.com\/pt-pt\/wp-json\/wp\/v2\/jugador?post=19688"},{"taxonomy":"marca","embeddable":true,"href":"https:\/\/revolutionpadelstore.com\/pt-pt\/wp-json\/wp\/v2\/marca?post=19688"},{"taxonomy":"nivel-de-juego","embeddable":true,"href":"https:\/\/revolutionpadelstore.com\/pt-pt\/wp-json\/wp\/v2\/nivel-de-juego?post=19688"},{"taxonomy":"superficie","embeddable":true,"href":"https:\/\/revolutionpadelstore.com\/pt-pt\/wp-json\/wp\/v2\/superficie?post=19688"},{"taxonomy":"tipo-de-juego","embeddable":true,"href":"https:\/\/revolutionpadelstore.com\/pt-pt\/wp-json\/wp\/v2\/tipo-de-juego?post=19688"},{"taxonomy":"product_brand","embeddable":true,"href":"https:\/\/revolutionpadelstore.com\/pt-pt\/wp-json\/wp\/v2\/product_brand?post=19688"},{"taxonomy":"product_cat","embeddable":true,"href":"https:\/\/revolutionpadelstore.com\/pt-pt\/wp-json\/wp\/v2\/product_cat?post=19688"},{"taxonomy":"product_tag","embeddable":true,"href":"https:\/\/revolutionpadelstore.com\/pt-pt\/wp-json\/wp\/v2\/product_tag?post=19688"}],"curies":[{"name":"wp","href":"https:\/\/api.w.org\/{rel}","templated":true}]}}