{"id":19678,"date":"2024-04-11T12:15:00","date_gmt":"2024-04-11T10:15:00","guid":{"rendered":"https:\/\/revolutionpadelstore.com\/siux-diablo-go-3\/"},"modified":"2026-04-08T14:21:30","modified_gmt":"2026-04-08T12:21:30","slug":"siux-diablo-go-3-5","status":"publish","type":"product","link":"https:\/\/revolutionpadelstore.com\/pt-pt\/produto\/siux-diablo-go-3-5\/","title":{"rendered":"SIUX DIABLO GO 3"},"content":{"rendered":"<h2>Siux Diablo Go 3, bom controle nas rebatidas<\/h2>\n<p>Fresco da s\u00e9rie Go da Siux, chega a nova Diablo Go 3, uma raquete h\u00edbrida para jogadores avan\u00e7ados de padel que buscam versatilidade e adaptabilidade em cada golpe.<\/p>\n<p>Quanto ao seu formato, apresenta um molde h\u00edbrido e um equil\u00edbrio m\u00e9dio, para que o jogador possa desfrutar de pot\u00eancia, precis\u00e3o e controle superiores em todos os momentos. Isso permitir\u00e1 que voc\u00ea se adapte a qualquer estilo e situa\u00e7\u00e3o de jogo.<\/p>\n<p>Seu peso leve, entre <strong>355 e 375 gramas<\/strong>, garante excelente liberdade de movimentos, agilidade e velocidade sem precedentes. Voc\u00ea retornar\u00e1 todos os drop shots, mesmo estando na linha de base.<\/p>\n<h2>Movimentos mais r\u00e1pidos e precisos<\/h2>\n<p>Os planos desta raquete <strong>Siux 2024<\/strong> possuem acabamento fosco e s\u00e3o confeccionados em <strong>Carbono 3K<\/strong>, material conhecido por sua grande durabilidade e resist\u00eancia, que garante a integridade da raquete. mesmo com uso intenso.<\/p>\n<p>Por outro lado, no n\u00facleo encontramos a <strong>borracha EVA<\/strong>, uma espuma que proporciona um toque confort\u00e1vel, macio e uma \u00f3tima sa\u00edda de bola em qualquer estilo de jogo. Proporciona versatilidade e adaptabilidade, pois se adapta \u00e0s necessidades tanto dos jogadores mais agressivos que procuram pot\u00eancia, como dos jogadores defensivos que procuram controlo.<\/p>\n<p>A estrutura tubular \u00e9 feita com uma combina\u00e7\u00e3o de <strong>50% carbono 3K e 50% fibra de vidro<\/strong>. Isso proporciona excepcional rigidez e durabilidade que aumenta a vida \u00fatil da raquete, resistindo aos impactos e desgastes mais intensos. Al\u00e9m disso, permite um bom controle e minimiza as vibra\u00e7\u00f5es.<\/p>\n<h3>Excelente conforto<\/h3>\n<p>Da mesma forma, incorpora a tecnologia <em><strong>Dampeners Shockout<\/strong><\/em>, amortecedores antivibra\u00e7\u00e3o que s\u00e3o respons\u00e1veis \u200b\u200bpor reduzir as vibra\u00e7\u00f5es em at\u00e9 60%, o que protege as articula\u00e7\u00f5es de les\u00f5es indesejadas.<\/p>\n<p>Seu design exala <strong>poder, energia e eleg\u00e2ncia<\/strong>, pois combina as cores preto e vermelho, com alguns detalhes em branco. Consegue-se uma est\u00e9tica atraente e moderna que atrair\u00e1 a aten\u00e7\u00e3o.<\/p>\n<h2>Siux Diablo Go 3, buen control en el golpeo<\/h2>\n","protected":false},"excerpt":{"rendered":"<p>Raquete h\u00edbrida com equil\u00edbrio intermedi\u00e1rio para jogadores avan\u00e7ados de padel Siux Diablo Go 3. N\u00facleo de borracha EVA e faces de carbono 3K que proporcionam boa sa\u00edda de bola e resist\u00eancia.<\/p>\n","protected":false},"featured_media":265990,"comment_status":"open","ping_status":"closed","template":"","meta":{"_acf_changed":false,"_joinchat":[]},"acabado":[1085],"balance":[1140],"dureza":[1155],"forma":[1175],"jugador":[1190,1200],"marca":[1305],"nivel-de-juego":[1350],"superficie":[1355],"tipo-de-juego":[1385],"product_brand":[],"product_cat":[300],"product_tag":[],"class_list":{"0":"post-19678","1":"product","2":"type-product","3":"status-publish","4":"has-post-thumbnail","6":"acabado-companheiro","7":"balance-medio-pt-pt","8":"dureza-media-pt-pt","9":"forma-hibrido","10":"jugador-homem","11":"jugador-polivalente-pt-pt","12":"marca-siux-pt-pt","13":"superficie-lisa-pt-pt","14":"tipo-de-juego-polivalente-pt-pt","15":"product_cat-palas","17":"first","18":"instock","19":"sale","20":"taxable","21":"shipping-taxable","22":"purchasable","23":"product-type-simple"},"acf":[],"yoast_head":"<!-- This site is optimized with the Yoast SEO plugin v27.4 - https:\/\/yoast.com\/product\/yoast-seo-wordpress\/ -->\n<title>SIUX DIABLO GO 3 - Revolution Padel Store<\/title>\n<meta name=\"description\" content=\"Pala h\u00edbrida con balance intermedio para jugadores de p\u00e1del avanzados Siux Diablo Go 3. N\u00facleo de goma EVA y caras de Carbono 3K que aporta buena salida de bola y resistencia.\" \/>\n<meta name=\"robots\" content=\"index, follow, max-snippet:-1, max-image-preview:large, max-video-preview:-1\" \/>\n<link rel=\"canonical\" href=\"https:\/\/revolutionpadelstore.com\/pt-pt\/produto\/siux-diablo-go-3-5\/\" \/>\n<meta property=\"og:locale\" content=\"pt_PT\" \/>\n<meta property=\"og:type\" content=\"article\" \/>\n<meta property=\"og:title\" content=\"COMPRAR SIUX DIABLO GO 3\" \/>\n<meta property=\"og:description\" content=\"Pala h\u00edbrida con balance intermedio para jugadores de p\u00e1del avanzados Siux Diablo Go 3. N\u00facleo de goma EVA y caras de Carbono 3K que aporta buena salida de bola y resistencia.\" \/>\n<meta property=\"og:url\" content=\"https:\/\/revolutionpadelstore.com\/pt-pt\/produto\/siux-diablo-go-3-5\/\" \/>\n<meta property=\"og:site_name\" content=\"Revolution Padel Store\" \/>\n<meta property=\"article:modified_time\" content=\"2026-04-08T12:21:30+00:00\" \/>\n<meta property=\"og:image\" content=\"https:\/\/revolutionpadelstore.com\/wp-content\/uploads\/2024\/04\/109470_siux_diablo_go_3_1500x1500_vista1_06bd.webp\" \/>\n\t<meta property=\"og:image:width\" content=\"1500\" \/>\n\t<meta property=\"og:image:height\" content=\"1500\" \/>\n\t<meta property=\"og:image:type\" content=\"image\/webp\" \/>\n<meta name=\"twitter:card\" content=\"summary_large_image\" \/>\n<meta name=\"twitter:label1\" content=\"Tempo estimado de leitura\" \/>\n\t<meta name=\"twitter:data1\" content=\"2 minutos\" \/>\n<script type=\"application\/ld+json\" class=\"yoast-schema-graph\">{\"@context\":\"https:\\\/\\\/schema.org\",\"@graph\":[{\"@type\":\"WebPage\",\"@id\":\"https:\\\/\\\/revolutionpadelstore.com\\\/pt-pt\\\/produto\\\/siux-diablo-go-3-5\\\/\",\"url\":\"https:\\\/\\\/revolutionpadelstore.com\\\/pt-pt\\\/produto\\\/siux-diablo-go-3-5\\\/\",\"name\":\"SIUX DIABLO GO 3 - Revolution Padel Store\",\"isPartOf\":{\"@id\":\"https:\\\/\\\/revolutionpadelstore.com\\\/pt-pt\\\/#website\"},\"primaryImageOfPage\":{\"@id\":\"https:\\\/\\\/revolutionpadelstore.com\\\/pt-pt\\\/produto\\\/siux-diablo-go-3-5\\\/#primaryimage\"},\"image\":{\"@id\":\"https:\\\/\\\/revolutionpadelstore.com\\\/pt-pt\\\/produto\\\/siux-diablo-go-3-5\\\/#primaryimage\"},\"thumbnailUrl\":\"https:\\\/\\\/revolutionpadelstore.com\\\/wp-content\\\/uploads\\\/2024\\\/04\\\/109470_siux_diablo_go_3_1500x1500_vista1_06bd-1.webp\",\"datePublished\":\"2024-04-11T10:15:00+00:00\",\"dateModified\":\"2026-04-08T12:21:30+00:00\",\"description\":\"Pala h\u00edbrida con balance intermedio para jugadores de p\u00e1del avanzados Siux Diablo Go 3. N\u00facleo de goma EVA y caras de Carbono 3K que aporta buena salida de bola y resistencia.\",\"breadcrumb\":{\"@id\":\"https:\\\/\\\/revolutionpadelstore.com\\\/pt-pt\\\/produto\\\/siux-diablo-go-3-5\\\/#breadcrumb\"},\"inLanguage\":\"pt-PT\",\"potentialAction\":[{\"@type\":\"ReadAction\",\"target\":[\"https:\\\/\\\/revolutionpadelstore.com\\\/pt-pt\\\/produto\\\/siux-diablo-go-3-5\\\/\"]}]},{\"@type\":\"ImageObject\",\"inLanguage\":\"pt-PT\",\"@id\":\"https:\\\/\\\/revolutionpadelstore.com\\\/pt-pt\\\/produto\\\/siux-diablo-go-3-5\\\/#primaryimage\",\"url\":\"https:\\\/\\\/revolutionpadelstore.com\\\/wp-content\\\/uploads\\\/2024\\\/04\\\/109470_siux_diablo_go_3_1500x1500_vista1_06bd-1.webp\",\"contentUrl\":\"https:\\\/\\\/revolutionpadelstore.com\\\/wp-content\\\/uploads\\\/2024\\\/04\\\/109470_siux_diablo_go_3_1500x1500_vista1_06bd-1.webp\",\"width\":1500,\"height\":1500},{\"@type\":\"BreadcrumbList\",\"@id\":\"https:\\\/\\\/revolutionpadelstore.com\\\/pt-pt\\\/produto\\\/siux-diablo-go-3-5\\\/#breadcrumb\",\"itemListElement\":[{\"@type\":\"ListItem\",\"position\":1,\"name\":\"Portada\",\"item\":\"https:\\\/\\\/revolutionpadelstore.com\\\/pt-pt\\\/\"},{\"@type\":\"ListItem\",\"position\":2,\"name\":\"Tienda\",\"item\":\"https:\\\/\\\/revolutionpadelstore.com\\\/pt-pt\\\/tienda\\\/\"},{\"@type\":\"ListItem\",\"position\":3,\"name\":\"SIUX DIABLO GO 3\"}]},{\"@type\":\"WebSite\",\"@id\":\"https:\\\/\\\/revolutionpadelstore.com\\\/pt-pt\\\/#website\",\"url\":\"https:\\\/\\\/revolutionpadelstore.com\\\/pt-pt\\\/\",\"name\":\"Revolution Padel Store\",\"description\":\"\",\"publisher\":{\"@id\":\"https:\\\/\\\/revolutionpadelstore.com\\\/pt-pt\\\/#organization\"},\"potentialAction\":[{\"@type\":\"SearchAction\",\"target\":{\"@type\":\"EntryPoint\",\"urlTemplate\":\"https:\\\/\\\/revolutionpadelstore.com\\\/pt-pt\\\/?s={search_term_string}\"},\"query-input\":{\"@type\":\"PropertyValueSpecification\",\"valueRequired\":true,\"valueName\":\"search_term_string\"}}],\"inLanguage\":\"pt-PT\"},{\"@type\":\"Organization\",\"@id\":\"https:\\\/\\\/revolutionpadelstore.com\\\/pt-pt\\\/#organization\",\"name\":\"Revolution Padel Store\",\"url\":\"https:\\\/\\\/revolutionpadelstore.com\\\/pt-pt\\\/\",\"logo\":{\"@type\":\"ImageObject\",\"inLanguage\":\"pt-PT\",\"@id\":\"https:\\\/\\\/revolutionpadelstore.com\\\/pt-pt\\\/#\\\/schema\\\/logo\\\/image\\\/\",\"url\":\"https:\\\/\\\/revolutionpadelstore.com\\\/wp-content\\\/uploads\\\/2026\\\/02\\\/revolution-padel-store.jpg\",\"contentUrl\":\"https:\\\/\\\/revolutionpadelstore.com\\\/wp-content\\\/uploads\\\/2026\\\/02\\\/revolution-padel-store.jpg\",\"width\":2000,\"height\":2000,\"caption\":\"Revolution Padel Store\"},\"image\":{\"@id\":\"https:\\\/\\\/revolutionpadelstore.com\\\/pt-pt\\\/#\\\/schema\\\/logo\\\/image\\\/\"},\"sameAs\":[\"https:\\\/\\\/www.instagram.com\\\/revolutionpadelstore\\\/\"]}]}<\/script>\n<!-- \/ Yoast SEO plugin. -->","yoast_head_json":{"title":"SIUX DIABLO GO 3 - Revolution Padel Store","description":"Pala h\u00edbrida con balance intermedio para jugadores de p\u00e1del avanzados Siux Diablo Go 3. N\u00facleo de goma EVA y caras de Carbono 3K que aporta buena salida de bola y resistencia.","robots":{"index":"index","follow":"follow","max-snippet":"max-snippet:-1","max-image-preview":"max-image-preview:large","max-video-preview":"max-video-preview:-1"},"canonical":"https:\/\/revolutionpadelstore.com\/pt-pt\/produto\/siux-diablo-go-3-5\/","og_locale":"pt_PT","og_type":"article","og_title":"COMPRAR SIUX DIABLO GO 3","og_description":"Pala h\u00edbrida con balance intermedio para jugadores de p\u00e1del avanzados Siux Diablo Go 3. N\u00facleo de goma EVA y caras de Carbono 3K que aporta buena salida de bola y resistencia.","og_url":"https:\/\/revolutionpadelstore.com\/pt-pt\/produto\/siux-diablo-go-3-5\/","og_site_name":"Revolution Padel Store","article_modified_time":"2026-04-08T12:21:30+00:00","og_image":[{"width":1500,"height":1500,"url":"https:\/\/revolutionpadelstore.com\/wp-content\/uploads\/2024\/04\/109470_siux_diablo_go_3_1500x1500_vista1_06bd.webp","type":"image\/webp"}],"twitter_card":"summary_large_image","twitter_misc":{"Tempo estimado de leitura":"2 minutos"},"schema":{"@context":"https:\/\/schema.org","@graph":[{"@type":"WebPage","@id":"https:\/\/revolutionpadelstore.com\/pt-pt\/produto\/siux-diablo-go-3-5\/","url":"https:\/\/revolutionpadelstore.com\/pt-pt\/produto\/siux-diablo-go-3-5\/","name":"SIUX DIABLO GO 3 - Revolution Padel Store","isPartOf":{"@id":"https:\/\/revolutionpadelstore.com\/pt-pt\/#website"},"primaryImageOfPage":{"@id":"https:\/\/revolutionpadelstore.com\/pt-pt\/produto\/siux-diablo-go-3-5\/#primaryimage"},"image":{"@id":"https:\/\/revolutionpadelstore.com\/pt-pt\/produto\/siux-diablo-go-3-5\/#primaryimage"},"thumbnailUrl":"https:\/\/revolutionpadelstore.com\/wp-content\/uploads\/2024\/04\/109470_siux_diablo_go_3_1500x1500_vista1_06bd-1.webp","datePublished":"2024-04-11T10:15:00+00:00","dateModified":"2026-04-08T12:21:30+00:00","description":"Pala h\u00edbrida con balance intermedio para jugadores de p\u00e1del avanzados Siux Diablo Go 3. N\u00facleo de goma EVA y caras de Carbono 3K que aporta buena salida de bola y resistencia.","breadcrumb":{"@id":"https:\/\/revolutionpadelstore.com\/pt-pt\/produto\/siux-diablo-go-3-5\/#breadcrumb"},"inLanguage":"pt-PT","potentialAction":[{"@type":"ReadAction","target":["https:\/\/revolutionpadelstore.com\/pt-pt\/produto\/siux-diablo-go-3-5\/"]}]},{"@type":"ImageObject","inLanguage":"pt-PT","@id":"https:\/\/revolutionpadelstore.com\/pt-pt\/produto\/siux-diablo-go-3-5\/#primaryimage","url":"https:\/\/revolutionpadelstore.com\/wp-content\/uploads\/2024\/04\/109470_siux_diablo_go_3_1500x1500_vista1_06bd-1.webp","contentUrl":"https:\/\/revolutionpadelstore.com\/wp-content\/uploads\/2024\/04\/109470_siux_diablo_go_3_1500x1500_vista1_06bd-1.webp","width":1500,"height":1500},{"@type":"BreadcrumbList","@id":"https:\/\/revolutionpadelstore.com\/pt-pt\/produto\/siux-diablo-go-3-5\/#breadcrumb","itemListElement":[{"@type":"ListItem","position":1,"name":"Portada","item":"https:\/\/revolutionpadelstore.com\/pt-pt\/"},{"@type":"ListItem","position":2,"name":"Tienda","item":"https:\/\/revolutionpadelstore.com\/pt-pt\/tienda\/"},{"@type":"ListItem","position":3,"name":"SIUX DIABLO GO 3"}]},{"@type":"WebSite","@id":"https:\/\/revolutionpadelstore.com\/pt-pt\/#website","url":"https:\/\/revolutionpadelstore.com\/pt-pt\/","name":"Revolution Padel Store","description":"","publisher":{"@id":"https:\/\/revolutionpadelstore.com\/pt-pt\/#organization"},"potentialAction":[{"@type":"SearchAction","target":{"@type":"EntryPoint","urlTemplate":"https:\/\/revolutionpadelstore.com\/pt-pt\/?s={search_term_string}"},"query-input":{"@type":"PropertyValueSpecification","valueRequired":true,"valueName":"search_term_string"}}],"inLanguage":"pt-PT"},{"@type":"Organization","@id":"https:\/\/revolutionpadelstore.com\/pt-pt\/#organization","name":"Revolution Padel Store","url":"https:\/\/revolutionpadelstore.com\/pt-pt\/","logo":{"@type":"ImageObject","inLanguage":"pt-PT","@id":"https:\/\/revolutionpadelstore.com\/pt-pt\/#\/schema\/logo\/image\/","url":"https:\/\/revolutionpadelstore.com\/wp-content\/uploads\/2026\/02\/revolution-padel-store.jpg","contentUrl":"https:\/\/revolutionpadelstore.com\/wp-content\/uploads\/2026\/02\/revolution-padel-store.jpg","width":2000,"height":2000,"caption":"Revolution Padel Store"},"image":{"@id":"https:\/\/revolutionpadelstore.com\/pt-pt\/#\/schema\/logo\/image\/"},"sameAs":["https:\/\/www.instagram.com\/revolutionpadelstore\/"]}]}},"_links":{"self":[{"href":"https:\/\/revolutionpadelstore.com\/pt-pt\/wp-json\/wp\/v2\/product\/19678","targetHints":{"allow":["GET"]}}],"collection":[{"href":"https:\/\/revolutionpadelstore.com\/pt-pt\/wp-json\/wp\/v2\/product"}],"about":[{"href":"https:\/\/revolutionpadelstore.com\/pt-pt\/wp-json\/wp\/v2\/types\/product"}],"replies":[{"embeddable":true,"href":"https:\/\/revolutionpadelstore.com\/pt-pt\/wp-json\/wp\/v2\/comments?post=19678"}],"wp:featuredmedia":[{"embeddable":true,"href":"https:\/\/revolutionpadelstore.com\/pt-pt\/wp-json\/wp\/v2\/media\/265990"}],"wp:attachment":[{"href":"https:\/\/revolutionpadelstore.com\/pt-pt\/wp-json\/wp\/v2\/media?parent=19678"}],"wp:term":[{"taxonomy":"acabado","embeddable":true,"href":"https:\/\/revolutionpadelstore.com\/pt-pt\/wp-json\/wp\/v2\/acabado?post=19678"},{"taxonomy":"balance","embeddable":true,"href":"https:\/\/revolutionpadelstore.com\/pt-pt\/wp-json\/wp\/v2\/balance?post=19678"},{"taxonomy":"dureza","embeddable":true,"href":"https:\/\/revolutionpadelstore.com\/pt-pt\/wp-json\/wp\/v2\/dureza?post=19678"},{"taxonomy":"forma","embeddable":true,"href":"https:\/\/revolutionpadelstore.com\/pt-pt\/wp-json\/wp\/v2\/forma?post=19678"},{"taxonomy":"jugador","embeddable":true,"href":"https:\/\/revolutionpadelstore.com\/pt-pt\/wp-json\/wp\/v2\/jugador?post=19678"},{"taxonomy":"marca","embeddable":true,"href":"https:\/\/revolutionpadelstore.com\/pt-pt\/wp-json\/wp\/v2\/marca?post=19678"},{"taxonomy":"nivel-de-juego","embeddable":true,"href":"https:\/\/revolutionpadelstore.com\/pt-pt\/wp-json\/wp\/v2\/nivel-de-juego?post=19678"},{"taxonomy":"superficie","embeddable":true,"href":"https:\/\/revolutionpadelstore.com\/pt-pt\/wp-json\/wp\/v2\/superficie?post=19678"},{"taxonomy":"tipo-de-juego","embeddable":true,"href":"https:\/\/revolutionpadelstore.com\/pt-pt\/wp-json\/wp\/v2\/tipo-de-juego?post=19678"},{"taxonomy":"product_brand","embeddable":true,"href":"https:\/\/revolutionpadelstore.com\/pt-pt\/wp-json\/wp\/v2\/product_brand?post=19678"},{"taxonomy":"product_cat","embeddable":true,"href":"https:\/\/revolutionpadelstore.com\/pt-pt\/wp-json\/wp\/v2\/product_cat?post=19678"},{"taxonomy":"product_tag","embeddable":true,"href":"https:\/\/revolutionpadelstore.com\/pt-pt\/wp-json\/wp\/v2\/product_tag?post=19678"}],"curies":[{"name":"wp","href":"https:\/\/api.w.org\/{rel}","templated":true}]}}