{"id":181794,"date":"2025-02-22T23:16:13","date_gmt":"2025-02-22T22:16:13","guid":{"rendered":"https:\/\/revolutionpadelstore.com\/wilson-defy-ls-v1-2025\/"},"modified":"2026-04-08T06:12:44","modified_gmt":"2026-04-08T04:12:44","slug":"wilson-defy-ls-v1-2025","status":"publish","type":"product","link":"https:\/\/revolutionpadelstore.com\/pt-pt\/produto\/wilson-defy-ls-v1-2025\/","title":{"rendered":"WILSON DEFY LS V1 2025"},"content":{"rendered":"<p><H2> Wilson Defy LS v1 2025 &#8211; Poder, efeito e controle em um design de luz <\/h2>\n<p>Descubra o <strong> Wilson desafie o V1 2025 <\/strong>, uma p\u00e1 de paddle em formato de diamante, ideal para jogadores avan\u00e7ados que procuram energia m\u00e1xima, aerodin\u00e2mica e efeito em cada golpe. Sua estrutura de luz permite movimentos \u00e1geis, enquanto seu design inovador AeReExact design otimiza a fluidez do ar para melhorar a velocidade e o controle no jogo ofensivo.<\/p>\n<h2> <strong> desempenho para jogadores avan\u00e7ados <\/strong> <\/h2>\n<p>O <strong> Wilson Defy LS V1 2025 <\/strong> foi projetado para jogadores que desejam dominar a pista com golpes explosivos e precisos. Gra\u00e7as ao seu n\u00facleo de espuma de energia, esta p\u00e1 gera um poder impressionante sem comprometer o conforto. Al\u00e9m disso, sua tecnologia de textura spin2 aumenta o efeito em cada golpe, permitindo que voc\u00ea execute fotos com maior turno e controle.<br \/>\n<H2> <strong> caracter\u00edsticas e tecnologias -chave <\/strong> <\/h2>\n<p>-Diamante Formato-Greater Power and Precision in Blows.<br \/>\n-AEROXACT Design -Aerodin\u00e2mica melhorada para movimentos mais r\u00e1pidos.<br \/>\n-Psin2 Textura -superf\u00edcie para maximizar o efeito da bola.<br \/>\n-Power Foam -High Density Nucleus para golpes poderosos e confort\u00e1veis.<br \/>\n-ComfortFlex Face -Sensation of Soft Hit e melhor resposta no jogo.<br \/>\n-Patr\u00f3n Duo Grid -Distribui\u00e7\u00e3o otimizada para obter mais pot\u00eancia em leil\u00f5es e controle em saraivada.<br \/>\n-Sharp Hole Technology System de perfura\u00e7\u00f5es avan\u00e7adas para maior precis\u00e3o nos impactos.<\/p>\n<p>&lt;In<br \/>\nSe voc\u00ea est\u00e1 procurando uma p\u00e1 que combine poder, velocidade e efeito, o <strong> Wilson desafiou o V1 2025 <\/strong> \u00e9 a sua melhor escolha. Projetado com as mais recentes inova\u00e7\u00f5es tecnol\u00f3gicas de Wilson, esta p\u00e1 permitir\u00e1 que voc\u00ea leve seu jogo para o pr\u00f3ximo n\u00edvel.<\/p>\n<p><strong> agora dispon\u00edvel em nossa loja on -line <a href=\"https:\/\/www.revolutionpadelstore.com\/\"> www.revolutionpadelstore.com <\/a>, provavelmente com o melhor pre\u00e7o de mercado. N\u00e3o fique sem ela! <\/strong><\/p>\n","protected":false},"excerpt":{"rendered":"<p>O Wilson desafia o LS V1 2025 se destaca por ser uma p\u00e1 leve e de grande pot\u00eancia, projetada com tecnologia de corte de corte para players experientes. Sua estrutura aerodin\u00e2mica e suas inova\u00e7\u00f5es tecnol\u00f3gicas garantem o desempenho ideal, fornecendo for\u00e7a e precis\u00e3o para alcan\u00e7ar o m\u00e1ximo efeito em cada golpe.<\/p>\n","protected":false},"featured_media":181748,"comment_status":"open","ping_status":"closed","template":"","meta":{"_acf_changed":false,"_joinchat":[]},"acabado":[1090],"balance":[1135],"dureza":[1150],"forma":[1170],"jugador":[1190,1200],"marca":[1265],"nivel-de-juego":[1335,1340],"superficie":[1360],"tipo-de-juego":[1375],"product_brand":[],"product_cat":[300],"product_tag":[],"class_list":{"0":"post-181794","1":"product","2":"type-product","3":"status-publish","4":"has-post-thumbnail","6":"acabado-alivio-3d","7":"balance-alto-pt-pt","8":"dureza-blanda-pt-pt","9":"forma-diamante-pt-pt","10":"jugador-homem","11":"jugador-polivalente-pt-pt","12":"marca-wilson-pt-pt","13":"superficie-rugosa-pt-pt","14":"tipo-de-juego-poder","15":"product_cat-palas","17":"first","18":"instock","19":"sale","20":"taxable","21":"shipping-taxable","22":"purchasable","23":"product-type-simple"},"acf":[],"yoast_head":"<!-- This site is optimized with the Yoast SEO plugin v27.4 - https:\/\/yoast.com\/product\/yoast-seo-wordpress\/ -->\n<title>WILSON DEFY LS V1 2025 - Revolution Padel Store<\/title>\n<meta name=\"description\" content=\"Compra la Wilson Defy LS V1 2025, una pala de p\u00e1del en formato diamante con m\u00e1xima potencia, efecto y control. Disponible en Revolution Padel Store al mejor precio.\u00a0\" \/>\n<meta name=\"robots\" content=\"index, follow, max-snippet:-1, max-image-preview:large, max-video-preview:-1\" \/>\n<link rel=\"canonical\" href=\"https:\/\/revolutionpadelstore.com\/pt-pt\/produto\/wilson-defy-ls-v1-2025\/\" \/>\n<meta property=\"og:locale\" content=\"pt_PT\" \/>\n<meta property=\"og:type\" content=\"article\" \/>\n<meta property=\"og:title\" content=\"WILSON DEFY LS V1 2025 - Revolution Padel Store\" \/>\n<meta property=\"og:description\" content=\"Compra la Wilson Defy LS V1 2025, una pala de p\u00e1del en formato diamante con m\u00e1xima potencia, efecto y control. Disponible en Revolution Padel Store al mejor precio.\u00a0\" \/>\n<meta property=\"og:url\" content=\"https:\/\/revolutionpadelstore.com\/pt-pt\/produto\/wilson-defy-ls-v1-2025\/\" \/>\n<meta property=\"og:site_name\" content=\"Revolution Padel Store\" \/>\n<meta property=\"article:modified_time\" content=\"2026-04-08T04:12:44+00:00\" \/>\n<meta property=\"og:image\" content=\"https:\/\/revolutionpadelstore.com\/wp-content\/uploads\/2025\/02\/116257-pala-wilson-defy-ls-v1-padel-2-wr173811u2-1500x1500-1.webp\" \/>\n\t<meta property=\"og:image:width\" content=\"1500\" \/>\n\t<meta property=\"og:image:height\" content=\"1500\" \/>\n\t<meta property=\"og:image:type\" content=\"image\/webp\" \/>\n<meta name=\"twitter:card\" content=\"summary_large_image\" \/>\n<meta name=\"twitter:label1\" content=\"Tempo estimado de leitura\" \/>\n\t<meta name=\"twitter:data1\" content=\"2 minutos\" \/>\n<script type=\"application\/ld+json\" class=\"yoast-schema-graph\">{\"@context\":\"https:\\\/\\\/schema.org\",\"@graph\":[{\"@type\":\"WebPage\",\"@id\":\"https:\\\/\\\/revolutionpadelstore.com\\\/pt-pt\\\/produto\\\/wilson-defy-ls-v1-2025\\\/\",\"url\":\"https:\\\/\\\/revolutionpadelstore.com\\\/pt-pt\\\/produto\\\/wilson-defy-ls-v1-2025\\\/\",\"name\":\"WILSON DEFY LS V1 2025 - Revolution Padel Store\",\"isPartOf\":{\"@id\":\"https:\\\/\\\/revolutionpadelstore.com\\\/pt-pt\\\/#website\"},\"primaryImageOfPage\":{\"@id\":\"https:\\\/\\\/revolutionpadelstore.com\\\/pt-pt\\\/produto\\\/wilson-defy-ls-v1-2025\\\/#primaryimage\"},\"image\":{\"@id\":\"https:\\\/\\\/revolutionpadelstore.com\\\/pt-pt\\\/produto\\\/wilson-defy-ls-v1-2025\\\/#primaryimage\"},\"thumbnailUrl\":\"https:\\\/\\\/revolutionpadelstore.com\\\/wp-content\\\/uploads\\\/2025\\\/02\\\/116257-pala-wilson-defy-ls-v1-padel-2-wr173811u2-1500x1500-1.webp\",\"datePublished\":\"2025-02-22T22:16:13+00:00\",\"dateModified\":\"2026-04-08T04:12:44+00:00\",\"description\":\"Compra la Wilson Defy LS V1 2025, una pala de p\u00e1del en formato diamante con m\u00e1xima potencia, efecto y control. Disponible en Revolution Padel Store al mejor precio.\u00a0\",\"breadcrumb\":{\"@id\":\"https:\\\/\\\/revolutionpadelstore.com\\\/pt-pt\\\/produto\\\/wilson-defy-ls-v1-2025\\\/#breadcrumb\"},\"inLanguage\":\"pt-PT\",\"potentialAction\":[{\"@type\":\"ReadAction\",\"target\":[\"https:\\\/\\\/revolutionpadelstore.com\\\/pt-pt\\\/produto\\\/wilson-defy-ls-v1-2025\\\/\"]}]},{\"@type\":\"ImageObject\",\"inLanguage\":\"pt-PT\",\"@id\":\"https:\\\/\\\/revolutionpadelstore.com\\\/pt-pt\\\/produto\\\/wilson-defy-ls-v1-2025\\\/#primaryimage\",\"url\":\"https:\\\/\\\/revolutionpadelstore.com\\\/wp-content\\\/uploads\\\/2025\\\/02\\\/116257-pala-wilson-defy-ls-v1-padel-2-wr173811u2-1500x1500-1.webp\",\"contentUrl\":\"https:\\\/\\\/revolutionpadelstore.com\\\/wp-content\\\/uploads\\\/2025\\\/02\\\/116257-pala-wilson-defy-ls-v1-padel-2-wr173811u2-1500x1500-1.webp\",\"width\":1500,\"height\":1500},{\"@type\":\"BreadcrumbList\",\"@id\":\"https:\\\/\\\/revolutionpadelstore.com\\\/pt-pt\\\/produto\\\/wilson-defy-ls-v1-2025\\\/#breadcrumb\",\"itemListElement\":[{\"@type\":\"ListItem\",\"position\":1,\"name\":\"Portada\",\"item\":\"https:\\\/\\\/revolutionpadelstore.com\\\/pt-pt\\\/\"},{\"@type\":\"ListItem\",\"position\":2,\"name\":\"Tienda\",\"item\":\"https:\\\/\\\/revolutionpadelstore.com\\\/pt-pt\\\/tienda\\\/\"},{\"@type\":\"ListItem\",\"position\":3,\"name\":\"WILSON DEFY LS V1 2025\"}]},{\"@type\":\"WebSite\",\"@id\":\"https:\\\/\\\/revolutionpadelstore.com\\\/pt-pt\\\/#website\",\"url\":\"https:\\\/\\\/revolutionpadelstore.com\\\/pt-pt\\\/\",\"name\":\"Revolution Padel Store\",\"description\":\"\",\"publisher\":{\"@id\":\"https:\\\/\\\/revolutionpadelstore.com\\\/pt-pt\\\/#organization\"},\"potentialAction\":[{\"@type\":\"SearchAction\",\"target\":{\"@type\":\"EntryPoint\",\"urlTemplate\":\"https:\\\/\\\/revolutionpadelstore.com\\\/pt-pt\\\/?s={search_term_string}\"},\"query-input\":{\"@type\":\"PropertyValueSpecification\",\"valueRequired\":true,\"valueName\":\"search_term_string\"}}],\"inLanguage\":\"pt-PT\"},{\"@type\":\"Organization\",\"@id\":\"https:\\\/\\\/revolutionpadelstore.com\\\/pt-pt\\\/#organization\",\"name\":\"Revolution Padel Store\",\"url\":\"https:\\\/\\\/revolutionpadelstore.com\\\/pt-pt\\\/\",\"logo\":{\"@type\":\"ImageObject\",\"inLanguage\":\"pt-PT\",\"@id\":\"https:\\\/\\\/revolutionpadelstore.com\\\/pt-pt\\\/#\\\/schema\\\/logo\\\/image\\\/\",\"url\":\"https:\\\/\\\/revolutionpadelstore.com\\\/wp-content\\\/uploads\\\/2026\\\/02\\\/revolution-padel-store.jpg\",\"contentUrl\":\"https:\\\/\\\/revolutionpadelstore.com\\\/wp-content\\\/uploads\\\/2026\\\/02\\\/revolution-padel-store.jpg\",\"width\":2000,\"height\":2000,\"caption\":\"Revolution Padel Store\"},\"image\":{\"@id\":\"https:\\\/\\\/revolutionpadelstore.com\\\/pt-pt\\\/#\\\/schema\\\/logo\\\/image\\\/\"},\"sameAs\":[\"https:\\\/\\\/www.instagram.com\\\/revolutionpadelstore\\\/\"]}]}<\/script>\n<!-- \/ Yoast SEO plugin. -->","yoast_head_json":{"title":"WILSON DEFY LS V1 2025 - Revolution Padel Store","description":"Compra la Wilson Defy LS V1 2025, una pala de p\u00e1del en formato diamante con m\u00e1xima potencia, efecto y control. Disponible en Revolution Padel Store al mejor precio.\u00a0","robots":{"index":"index","follow":"follow","max-snippet":"max-snippet:-1","max-image-preview":"max-image-preview:large","max-video-preview":"max-video-preview:-1"},"canonical":"https:\/\/revolutionpadelstore.com\/pt-pt\/produto\/wilson-defy-ls-v1-2025\/","og_locale":"pt_PT","og_type":"article","og_title":"WILSON DEFY LS V1 2025 - Revolution Padel Store","og_description":"Compra la Wilson Defy LS V1 2025, una pala de p\u00e1del en formato diamante con m\u00e1xima potencia, efecto y control. Disponible en Revolution Padel Store al mejor precio.\u00a0","og_url":"https:\/\/revolutionpadelstore.com\/pt-pt\/produto\/wilson-defy-ls-v1-2025\/","og_site_name":"Revolution Padel Store","article_modified_time":"2026-04-08T04:12:44+00:00","og_image":[{"width":1500,"height":1500,"url":"https:\/\/revolutionpadelstore.com\/wp-content\/uploads\/2025\/02\/116257-pala-wilson-defy-ls-v1-padel-2-wr173811u2-1500x1500-1.webp","type":"image\/webp"}],"twitter_card":"summary_large_image","twitter_misc":{"Tempo estimado de leitura":"2 minutos"},"schema":{"@context":"https:\/\/schema.org","@graph":[{"@type":"WebPage","@id":"https:\/\/revolutionpadelstore.com\/pt-pt\/produto\/wilson-defy-ls-v1-2025\/","url":"https:\/\/revolutionpadelstore.com\/pt-pt\/produto\/wilson-defy-ls-v1-2025\/","name":"WILSON DEFY LS V1 2025 - Revolution Padel Store","isPartOf":{"@id":"https:\/\/revolutionpadelstore.com\/pt-pt\/#website"},"primaryImageOfPage":{"@id":"https:\/\/revolutionpadelstore.com\/pt-pt\/produto\/wilson-defy-ls-v1-2025\/#primaryimage"},"image":{"@id":"https:\/\/revolutionpadelstore.com\/pt-pt\/produto\/wilson-defy-ls-v1-2025\/#primaryimage"},"thumbnailUrl":"https:\/\/revolutionpadelstore.com\/wp-content\/uploads\/2025\/02\/116257-pala-wilson-defy-ls-v1-padel-2-wr173811u2-1500x1500-1.webp","datePublished":"2025-02-22T22:16:13+00:00","dateModified":"2026-04-08T04:12:44+00:00","description":"Compra la Wilson Defy LS V1 2025, una pala de p\u00e1del en formato diamante con m\u00e1xima potencia, efecto y control. Disponible en Revolution Padel Store al mejor precio.\u00a0","breadcrumb":{"@id":"https:\/\/revolutionpadelstore.com\/pt-pt\/produto\/wilson-defy-ls-v1-2025\/#breadcrumb"},"inLanguage":"pt-PT","potentialAction":[{"@type":"ReadAction","target":["https:\/\/revolutionpadelstore.com\/pt-pt\/produto\/wilson-defy-ls-v1-2025\/"]}]},{"@type":"ImageObject","inLanguage":"pt-PT","@id":"https:\/\/revolutionpadelstore.com\/pt-pt\/produto\/wilson-defy-ls-v1-2025\/#primaryimage","url":"https:\/\/revolutionpadelstore.com\/wp-content\/uploads\/2025\/02\/116257-pala-wilson-defy-ls-v1-padel-2-wr173811u2-1500x1500-1.webp","contentUrl":"https:\/\/revolutionpadelstore.com\/wp-content\/uploads\/2025\/02\/116257-pala-wilson-defy-ls-v1-padel-2-wr173811u2-1500x1500-1.webp","width":1500,"height":1500},{"@type":"BreadcrumbList","@id":"https:\/\/revolutionpadelstore.com\/pt-pt\/produto\/wilson-defy-ls-v1-2025\/#breadcrumb","itemListElement":[{"@type":"ListItem","position":1,"name":"Portada","item":"https:\/\/revolutionpadelstore.com\/pt-pt\/"},{"@type":"ListItem","position":2,"name":"Tienda","item":"https:\/\/revolutionpadelstore.com\/pt-pt\/tienda\/"},{"@type":"ListItem","position":3,"name":"WILSON DEFY LS V1 2025"}]},{"@type":"WebSite","@id":"https:\/\/revolutionpadelstore.com\/pt-pt\/#website","url":"https:\/\/revolutionpadelstore.com\/pt-pt\/","name":"Revolution Padel Store","description":"","publisher":{"@id":"https:\/\/revolutionpadelstore.com\/pt-pt\/#organization"},"potentialAction":[{"@type":"SearchAction","target":{"@type":"EntryPoint","urlTemplate":"https:\/\/revolutionpadelstore.com\/pt-pt\/?s={search_term_string}"},"query-input":{"@type":"PropertyValueSpecification","valueRequired":true,"valueName":"search_term_string"}}],"inLanguage":"pt-PT"},{"@type":"Organization","@id":"https:\/\/revolutionpadelstore.com\/pt-pt\/#organization","name":"Revolution Padel Store","url":"https:\/\/revolutionpadelstore.com\/pt-pt\/","logo":{"@type":"ImageObject","inLanguage":"pt-PT","@id":"https:\/\/revolutionpadelstore.com\/pt-pt\/#\/schema\/logo\/image\/","url":"https:\/\/revolutionpadelstore.com\/wp-content\/uploads\/2026\/02\/revolution-padel-store.jpg","contentUrl":"https:\/\/revolutionpadelstore.com\/wp-content\/uploads\/2026\/02\/revolution-padel-store.jpg","width":2000,"height":2000,"caption":"Revolution Padel Store"},"image":{"@id":"https:\/\/revolutionpadelstore.com\/pt-pt\/#\/schema\/logo\/image\/"},"sameAs":["https:\/\/www.instagram.com\/revolutionpadelstore\/"]}]}},"_links":{"self":[{"href":"https:\/\/revolutionpadelstore.com\/pt-pt\/wp-json\/wp\/v2\/product\/181794","targetHints":{"allow":["GET"]}}],"collection":[{"href":"https:\/\/revolutionpadelstore.com\/pt-pt\/wp-json\/wp\/v2\/product"}],"about":[{"href":"https:\/\/revolutionpadelstore.com\/pt-pt\/wp-json\/wp\/v2\/types\/product"}],"replies":[{"embeddable":true,"href":"https:\/\/revolutionpadelstore.com\/pt-pt\/wp-json\/wp\/v2\/comments?post=181794"}],"wp:featuredmedia":[{"embeddable":true,"href":"https:\/\/revolutionpadelstore.com\/pt-pt\/wp-json\/wp\/v2\/media\/181748"}],"wp:attachment":[{"href":"https:\/\/revolutionpadelstore.com\/pt-pt\/wp-json\/wp\/v2\/media?parent=181794"}],"wp:term":[{"taxonomy":"acabado","embeddable":true,"href":"https:\/\/revolutionpadelstore.com\/pt-pt\/wp-json\/wp\/v2\/acabado?post=181794"},{"taxonomy":"balance","embeddable":true,"href":"https:\/\/revolutionpadelstore.com\/pt-pt\/wp-json\/wp\/v2\/balance?post=181794"},{"taxonomy":"dureza","embeddable":true,"href":"https:\/\/revolutionpadelstore.com\/pt-pt\/wp-json\/wp\/v2\/dureza?post=181794"},{"taxonomy":"forma","embeddable":true,"href":"https:\/\/revolutionpadelstore.com\/pt-pt\/wp-json\/wp\/v2\/forma?post=181794"},{"taxonomy":"jugador","embeddable":true,"href":"https:\/\/revolutionpadelstore.com\/pt-pt\/wp-json\/wp\/v2\/jugador?post=181794"},{"taxonomy":"marca","embeddable":true,"href":"https:\/\/revolutionpadelstore.com\/pt-pt\/wp-json\/wp\/v2\/marca?post=181794"},{"taxonomy":"nivel-de-juego","embeddable":true,"href":"https:\/\/revolutionpadelstore.com\/pt-pt\/wp-json\/wp\/v2\/nivel-de-juego?post=181794"},{"taxonomy":"superficie","embeddable":true,"href":"https:\/\/revolutionpadelstore.com\/pt-pt\/wp-json\/wp\/v2\/superficie?post=181794"},{"taxonomy":"tipo-de-juego","embeddable":true,"href":"https:\/\/revolutionpadelstore.com\/pt-pt\/wp-json\/wp\/v2\/tipo-de-juego?post=181794"},{"taxonomy":"product_brand","embeddable":true,"href":"https:\/\/revolutionpadelstore.com\/pt-pt\/wp-json\/wp\/v2\/product_brand?post=181794"},{"taxonomy":"product_cat","embeddable":true,"href":"https:\/\/revolutionpadelstore.com\/pt-pt\/wp-json\/wp\/v2\/product_cat?post=181794"},{"taxonomy":"product_tag","embeddable":true,"href":"https:\/\/revolutionpadelstore.com\/pt-pt\/wp-json\/wp\/v2\/product_tag?post=181794"}],"curies":[{"name":"wp","href":"https:\/\/api.w.org\/{rel}","templated":true}]}}