{"id":181740,"date":"2025-02-22T22:59:42","date_gmt":"2025-02-22T21:59:42","guid":{"rendered":"https:\/\/revolutionpadelstore.com\/wilson-defy-v1-2025\/"},"modified":"2026-04-22T02:01:08","modified_gmt":"2026-04-22T00:01:08","slug":"wilson-defy-v1-2025-5","status":"publish","type":"product","link":"https:\/\/revolutionpadelstore.com\/pt-pt\/produto\/wilson-defy-v1-2025-5\/","title":{"rendered":"WILSON DEFY V1 2025"},"content":{"rendered":"<p><H2> Wilson Defy v1 2025 &#8211; Poder, efeito e precis\u00e3o em cada golpe <\/h2>\n<p>O <strong> Wilson Defy V1 2025 <\/strong> \u00e9 uma p\u00e1 de alto desempenho projetada para jogadores e profissionais avan\u00e7ados que procuram poder e efeito m\u00e1ximo em seu jogo. Com uma forma e equil\u00edbrio de diamante na cabe\u00e7a, esta p\u00e1 oferece uma cola explosiva sem comprometer a precis\u00e3o. Sua estrutura de carbono 3K e seu n\u00facleo de espuma de pot\u00eancia otimizam a sa\u00edda da bola e a estabilidade em cada golpe, garantindo um jogo ofensivo de alto n\u00edvel.<br \/>\n<H2> Principais recursos do Wilson Defy V1 2025 <\/h2>\n<p>-Diamante formato-maximum Power em cada golpe.<br \/>\n-Ta in\u00e9rcia alta -grave para golpes letais.<br \/>\n-Carbono 3K nos planos -resist\u00eancia e sensa\u00e7\u00e3o s\u00f3lida.<br \/>\n-Power Foam no n\u00facleo -poder otimizado com boa absor\u00e7\u00e3o de impacto.<br \/>\n-Psin\u00b2 Textura -superf\u00edcie para obter efeitos mais altos.<br \/>\n-Exiction -rigidez do quadro no quadro para maior precis\u00e3o.<br \/>\n-Sharp Hole Technology -Apertado otimizado para energia e controle.<br \/>\n-AEROXACT Design -Designaerodin\u00e2mico para melhor gerenciamento.<br \/>\n-Uma aproximado peso -365 g, ideal para jogadores agressivos. <\/p>\n<p><H2> A l\u00e2mina perfeita para jogadores ofensivos <\/h2>\n<p>Se o seu estilo de jogo \u00e9 baseado em ataques contundentes e efeitos surpreendentes, <strong> Wilson Defy V1 2025 <\/strong> \u00e9 a sua melhor escolha. Gra\u00e7as \u00e0 sua constru\u00e7\u00e3o avan\u00e7ada e \u00e0 sua tecnologia de grade da dupla, ela permite imprimir mais efeitos em cada golpe, dificultando a resposta do rival e garantindo um jogo agressivo na rede.<br \/>\n<H2> <strong> Por que escolher o Wilson Defy v1 2025? <\/strong> <\/h2>\n<p> -golpes mais poderosos e com maior efeito.<br \/>\n-Tecnologia innovativa para estabilidade e precis\u00e3o.<br \/>\nMateriais premium para maior durabilidade.<br \/>\n-Ideal para jogadores avan\u00e7ados e profissionais. <\/p>\n<p><H2> Obtenha o melhor pre\u00e7o!<br \/>\nN\u00e3o perca a oportunidade de brincar com uma p\u00e1 de alto desempenho. The <strong> Wilson Defy V1 2025 <\/strong> is available in our online store <strong> <a href=\"https:\/\/chatgpt.com\/g\/g-675432e026888191B6ee6d6f2fdbb15e-optimization-textos\/c\/www.revolutionpadelstore.com\"> ww.revolutionPadelStore.com <\/a> Mercado. Fique com ela e domine a pista!<\/p>\n<h2>Wilson Defy V1 2025 \u2013 Potencia, efecto y precisi\u00f3n en cada golpe<\/h2>\n","protected":false},"excerpt":{"rendered":"<p>O Wilson Defy V1 2025 \u00e9 uma p\u00e1 de jogo ofensiva que \u00e9 caracterizada por seu design em forma de diamante, feito de 3K carbono e equipado com tecnologia de textura Spin\u00b2. Ele foi projetado para jogadores experientes que buscam maximizar o poder, a velocidade e os efeitos em cada golpe.<\/p>\n","protected":false},"featured_media":181699,"comment_status":"open","ping_status":"closed","template":"","meta":{"_acf_changed":false,"_joinchat":[]},"acabado":[1085],"balance":[1135],"dureza":[],"forma":[1170],"jugador":[1190,1200],"marca":[1265],"nivel-de-juego":[1335,1340],"superficie":[1360],"tipo-de-juego":[1375],"product_brand":[],"product_cat":[300],"product_tag":[],"class_list":{"0":"post-181740","1":"product","2":"type-product","3":"status-publish","4":"has-post-thumbnail","6":"acabado-companheiro","7":"balance-alto-pt-pt","8":"forma-diamante-pt-pt","9":"jugador-homem","10":"jugador-polivalente-pt-pt","11":"marca-wilson-pt-pt","12":"superficie-rugosa-pt-pt","13":"tipo-de-juego-poder","14":"product_cat-palas","16":"first","17":"instock","18":"sale","19":"taxable","20":"shipping-taxable","21":"purchasable","22":"product-type-simple"},"acf":[],"yoast_head":"<!-- This site is optimized with the Yoast SEO plugin v27.4 - https:\/\/yoast.com\/product\/yoast-seo-wordpress\/ -->\n<title>WILSON DEFY V1 2025 - Revolution Padel Store<\/title>\n<meta name=\"description\" content=\"Descubre la Wilson Defy V1 2025, una pala de p\u00e1del de alto rendimiento con m\u00e1xima potencia y efecto. Disponible en www.revolutionpadelstore.com al mejor precio.\" \/>\n<meta name=\"robots\" content=\"index, follow, max-snippet:-1, max-image-preview:large, max-video-preview:-1\" \/>\n<link rel=\"canonical\" href=\"https:\/\/revolutionpadelstore.com\/pt-pt\/produto\/wilson-defy-v1-2025-5\/\" \/>\n<meta property=\"og:locale\" content=\"pt_PT\" \/>\n<meta property=\"og:type\" content=\"article\" \/>\n<meta property=\"og:title\" content=\"WILSON DEFY V1 2025 - Revolution Padel Store\" \/>\n<meta property=\"og:description\" content=\"Descubre la Wilson Defy V1 2025, una pala de p\u00e1del de alto rendimiento con m\u00e1xima potencia y efecto. Disponible en www.revolutionpadelstore.com al mejor precio.\" \/>\n<meta property=\"og:url\" content=\"https:\/\/revolutionpadelstore.com\/pt-pt\/produto\/wilson-defy-v1-2025-5\/\" \/>\n<meta property=\"og:site_name\" content=\"Revolution Padel Store\" \/>\n<meta property=\"article:modified_time\" content=\"2026-04-22T00:01:08+00:00\" \/>\n<meta property=\"og:image\" content=\"https:\/\/revolutionpadelstore.com\/wp-content\/uploads\/2025\/02\/116259-pala-wilson-defy-v1-padel-2-wr173711u2-1500x1500-1.webp\" \/>\n\t<meta property=\"og:image:width\" content=\"1500\" \/>\n\t<meta property=\"og:image:height\" content=\"1500\" \/>\n\t<meta property=\"og:image:type\" content=\"image\/webp\" \/>\n<meta name=\"twitter:card\" content=\"summary_large_image\" \/>\n<meta name=\"twitter:label1\" content=\"Tempo estimado de leitura\" \/>\n\t<meta name=\"twitter:data1\" content=\"2 minutos\" \/>\n<script type=\"application\/ld+json\" class=\"yoast-schema-graph\">{\"@context\":\"https:\\\/\\\/schema.org\",\"@graph\":[{\"@type\":\"WebPage\",\"@id\":\"https:\\\/\\\/revolutionpadelstore.com\\\/pt-pt\\\/produto\\\/wilson-defy-v1-2025-5\\\/\",\"url\":\"https:\\\/\\\/revolutionpadelstore.com\\\/pt-pt\\\/produto\\\/wilson-defy-v1-2025-5\\\/\",\"name\":\"WILSON DEFY V1 2025 - Revolution Padel Store\",\"isPartOf\":{\"@id\":\"https:\\\/\\\/revolutionpadelstore.com\\\/pt-pt\\\/#website\"},\"primaryImageOfPage\":{\"@id\":\"https:\\\/\\\/revolutionpadelstore.com\\\/pt-pt\\\/produto\\\/wilson-defy-v1-2025-5\\\/#primaryimage\"},\"image\":{\"@id\":\"https:\\\/\\\/revolutionpadelstore.com\\\/pt-pt\\\/produto\\\/wilson-defy-v1-2025-5\\\/#primaryimage\"},\"thumbnailUrl\":\"https:\\\/\\\/revolutionpadelstore.com\\\/wp-content\\\/uploads\\\/2025\\\/02\\\/116259-pala-wilson-defy-v1-padel-2-wr173711u2-1500x1500-1.webp\",\"datePublished\":\"2025-02-22T21:59:42+00:00\",\"dateModified\":\"2026-04-22T00:01:08+00:00\",\"description\":\"Descubre la Wilson Defy V1 2025, una pala de p\u00e1del de alto rendimiento con m\u00e1xima potencia y efecto. Disponible en www.revolutionpadelstore.com al mejor precio.\",\"breadcrumb\":{\"@id\":\"https:\\\/\\\/revolutionpadelstore.com\\\/pt-pt\\\/produto\\\/wilson-defy-v1-2025-5\\\/#breadcrumb\"},\"inLanguage\":\"pt-PT\",\"potentialAction\":[{\"@type\":\"ReadAction\",\"target\":[\"https:\\\/\\\/revolutionpadelstore.com\\\/pt-pt\\\/produto\\\/wilson-defy-v1-2025-5\\\/\"]}]},{\"@type\":\"ImageObject\",\"inLanguage\":\"pt-PT\",\"@id\":\"https:\\\/\\\/revolutionpadelstore.com\\\/pt-pt\\\/produto\\\/wilson-defy-v1-2025-5\\\/#primaryimage\",\"url\":\"https:\\\/\\\/revolutionpadelstore.com\\\/wp-content\\\/uploads\\\/2025\\\/02\\\/116259-pala-wilson-defy-v1-padel-2-wr173711u2-1500x1500-1.webp\",\"contentUrl\":\"https:\\\/\\\/revolutionpadelstore.com\\\/wp-content\\\/uploads\\\/2025\\\/02\\\/116259-pala-wilson-defy-v1-padel-2-wr173711u2-1500x1500-1.webp\",\"width\":1500,\"height\":1500},{\"@type\":\"BreadcrumbList\",\"@id\":\"https:\\\/\\\/revolutionpadelstore.com\\\/pt-pt\\\/produto\\\/wilson-defy-v1-2025-5\\\/#breadcrumb\",\"itemListElement\":[{\"@type\":\"ListItem\",\"position\":1,\"name\":\"Portada\",\"item\":\"https:\\\/\\\/revolutionpadelstore.com\\\/pt-pt\\\/\"},{\"@type\":\"ListItem\",\"position\":2,\"name\":\"Tienda\",\"item\":\"https:\\\/\\\/revolutionpadelstore.com\\\/pt-pt\\\/tienda\\\/\"},{\"@type\":\"ListItem\",\"position\":3,\"name\":\"WILSON DEFY V1 2025\"}]},{\"@type\":\"WebSite\",\"@id\":\"https:\\\/\\\/revolutionpadelstore.com\\\/pt-pt\\\/#website\",\"url\":\"https:\\\/\\\/revolutionpadelstore.com\\\/pt-pt\\\/\",\"name\":\"Revolution Padel Store\",\"description\":\"\",\"publisher\":{\"@id\":\"https:\\\/\\\/revolutionpadelstore.com\\\/pt-pt\\\/#organization\"},\"potentialAction\":[{\"@type\":\"SearchAction\",\"target\":{\"@type\":\"EntryPoint\",\"urlTemplate\":\"https:\\\/\\\/revolutionpadelstore.com\\\/pt-pt\\\/?s={search_term_string}\"},\"query-input\":{\"@type\":\"PropertyValueSpecification\",\"valueRequired\":true,\"valueName\":\"search_term_string\"}}],\"inLanguage\":\"pt-PT\"},{\"@type\":\"Organization\",\"@id\":\"https:\\\/\\\/revolutionpadelstore.com\\\/pt-pt\\\/#organization\",\"name\":\"Revolution Padel Store\",\"url\":\"https:\\\/\\\/revolutionpadelstore.com\\\/pt-pt\\\/\",\"logo\":{\"@type\":\"ImageObject\",\"inLanguage\":\"pt-PT\",\"@id\":\"https:\\\/\\\/revolutionpadelstore.com\\\/pt-pt\\\/#\\\/schema\\\/logo\\\/image\\\/\",\"url\":\"https:\\\/\\\/revolutionpadelstore.com\\\/wp-content\\\/uploads\\\/2026\\\/02\\\/revolution-padel-store.jpg\",\"contentUrl\":\"https:\\\/\\\/revolutionpadelstore.com\\\/wp-content\\\/uploads\\\/2026\\\/02\\\/revolution-padel-store.jpg\",\"width\":2000,\"height\":2000,\"caption\":\"Revolution Padel Store\"},\"image\":{\"@id\":\"https:\\\/\\\/revolutionpadelstore.com\\\/pt-pt\\\/#\\\/schema\\\/logo\\\/image\\\/\"},\"sameAs\":[\"https:\\\/\\\/www.instagram.com\\\/revolutionpadelstore\\\/\"]}]}<\/script>\n<!-- \/ Yoast SEO plugin. -->","yoast_head_json":{"title":"WILSON DEFY V1 2025 - Revolution Padel Store","description":"Descubre la Wilson Defy V1 2025, una pala de p\u00e1del de alto rendimiento con m\u00e1xima potencia y efecto. Disponible en www.revolutionpadelstore.com al mejor precio.","robots":{"index":"index","follow":"follow","max-snippet":"max-snippet:-1","max-image-preview":"max-image-preview:large","max-video-preview":"max-video-preview:-1"},"canonical":"https:\/\/revolutionpadelstore.com\/pt-pt\/produto\/wilson-defy-v1-2025-5\/","og_locale":"pt_PT","og_type":"article","og_title":"WILSON DEFY V1 2025 - Revolution Padel Store","og_description":"Descubre la Wilson Defy V1 2025, una pala de p\u00e1del de alto rendimiento con m\u00e1xima potencia y efecto. Disponible en www.revolutionpadelstore.com al mejor precio.","og_url":"https:\/\/revolutionpadelstore.com\/pt-pt\/produto\/wilson-defy-v1-2025-5\/","og_site_name":"Revolution Padel Store","article_modified_time":"2026-04-22T00:01:08+00:00","og_image":[{"width":1500,"height":1500,"url":"https:\/\/revolutionpadelstore.com\/wp-content\/uploads\/2025\/02\/116259-pala-wilson-defy-v1-padel-2-wr173711u2-1500x1500-1.webp","type":"image\/webp"}],"twitter_card":"summary_large_image","twitter_misc":{"Tempo estimado de leitura":"2 minutos"},"schema":{"@context":"https:\/\/schema.org","@graph":[{"@type":"WebPage","@id":"https:\/\/revolutionpadelstore.com\/pt-pt\/produto\/wilson-defy-v1-2025-5\/","url":"https:\/\/revolutionpadelstore.com\/pt-pt\/produto\/wilson-defy-v1-2025-5\/","name":"WILSON DEFY V1 2025 - Revolution Padel Store","isPartOf":{"@id":"https:\/\/revolutionpadelstore.com\/pt-pt\/#website"},"primaryImageOfPage":{"@id":"https:\/\/revolutionpadelstore.com\/pt-pt\/produto\/wilson-defy-v1-2025-5\/#primaryimage"},"image":{"@id":"https:\/\/revolutionpadelstore.com\/pt-pt\/produto\/wilson-defy-v1-2025-5\/#primaryimage"},"thumbnailUrl":"https:\/\/revolutionpadelstore.com\/wp-content\/uploads\/2025\/02\/116259-pala-wilson-defy-v1-padel-2-wr173711u2-1500x1500-1.webp","datePublished":"2025-02-22T21:59:42+00:00","dateModified":"2026-04-22T00:01:08+00:00","description":"Descubre la Wilson Defy V1 2025, una pala de p\u00e1del de alto rendimiento con m\u00e1xima potencia y efecto. Disponible en www.revolutionpadelstore.com al mejor precio.","breadcrumb":{"@id":"https:\/\/revolutionpadelstore.com\/pt-pt\/produto\/wilson-defy-v1-2025-5\/#breadcrumb"},"inLanguage":"pt-PT","potentialAction":[{"@type":"ReadAction","target":["https:\/\/revolutionpadelstore.com\/pt-pt\/produto\/wilson-defy-v1-2025-5\/"]}]},{"@type":"ImageObject","inLanguage":"pt-PT","@id":"https:\/\/revolutionpadelstore.com\/pt-pt\/produto\/wilson-defy-v1-2025-5\/#primaryimage","url":"https:\/\/revolutionpadelstore.com\/wp-content\/uploads\/2025\/02\/116259-pala-wilson-defy-v1-padel-2-wr173711u2-1500x1500-1.webp","contentUrl":"https:\/\/revolutionpadelstore.com\/wp-content\/uploads\/2025\/02\/116259-pala-wilson-defy-v1-padel-2-wr173711u2-1500x1500-1.webp","width":1500,"height":1500},{"@type":"BreadcrumbList","@id":"https:\/\/revolutionpadelstore.com\/pt-pt\/produto\/wilson-defy-v1-2025-5\/#breadcrumb","itemListElement":[{"@type":"ListItem","position":1,"name":"Portada","item":"https:\/\/revolutionpadelstore.com\/pt-pt\/"},{"@type":"ListItem","position":2,"name":"Tienda","item":"https:\/\/revolutionpadelstore.com\/pt-pt\/tienda\/"},{"@type":"ListItem","position":3,"name":"WILSON DEFY V1 2025"}]},{"@type":"WebSite","@id":"https:\/\/revolutionpadelstore.com\/pt-pt\/#website","url":"https:\/\/revolutionpadelstore.com\/pt-pt\/","name":"Revolution Padel Store","description":"","publisher":{"@id":"https:\/\/revolutionpadelstore.com\/pt-pt\/#organization"},"potentialAction":[{"@type":"SearchAction","target":{"@type":"EntryPoint","urlTemplate":"https:\/\/revolutionpadelstore.com\/pt-pt\/?s={search_term_string}"},"query-input":{"@type":"PropertyValueSpecification","valueRequired":true,"valueName":"search_term_string"}}],"inLanguage":"pt-PT"},{"@type":"Organization","@id":"https:\/\/revolutionpadelstore.com\/pt-pt\/#organization","name":"Revolution Padel Store","url":"https:\/\/revolutionpadelstore.com\/pt-pt\/","logo":{"@type":"ImageObject","inLanguage":"pt-PT","@id":"https:\/\/revolutionpadelstore.com\/pt-pt\/#\/schema\/logo\/image\/","url":"https:\/\/revolutionpadelstore.com\/wp-content\/uploads\/2026\/02\/revolution-padel-store.jpg","contentUrl":"https:\/\/revolutionpadelstore.com\/wp-content\/uploads\/2026\/02\/revolution-padel-store.jpg","width":2000,"height":2000,"caption":"Revolution Padel Store"},"image":{"@id":"https:\/\/revolutionpadelstore.com\/pt-pt\/#\/schema\/logo\/image\/"},"sameAs":["https:\/\/www.instagram.com\/revolutionpadelstore\/"]}]}},"_links":{"self":[{"href":"https:\/\/revolutionpadelstore.com\/pt-pt\/wp-json\/wp\/v2\/product\/181740","targetHints":{"allow":["GET"]}}],"collection":[{"href":"https:\/\/revolutionpadelstore.com\/pt-pt\/wp-json\/wp\/v2\/product"}],"about":[{"href":"https:\/\/revolutionpadelstore.com\/pt-pt\/wp-json\/wp\/v2\/types\/product"}],"replies":[{"embeddable":true,"href":"https:\/\/revolutionpadelstore.com\/pt-pt\/wp-json\/wp\/v2\/comments?post=181740"}],"wp:featuredmedia":[{"embeddable":true,"href":"https:\/\/revolutionpadelstore.com\/pt-pt\/wp-json\/wp\/v2\/media\/181699"}],"wp:attachment":[{"href":"https:\/\/revolutionpadelstore.com\/pt-pt\/wp-json\/wp\/v2\/media?parent=181740"}],"wp:term":[{"taxonomy":"acabado","embeddable":true,"href":"https:\/\/revolutionpadelstore.com\/pt-pt\/wp-json\/wp\/v2\/acabado?post=181740"},{"taxonomy":"balance","embeddable":true,"href":"https:\/\/revolutionpadelstore.com\/pt-pt\/wp-json\/wp\/v2\/balance?post=181740"},{"taxonomy":"dureza","embeddable":true,"href":"https:\/\/revolutionpadelstore.com\/pt-pt\/wp-json\/wp\/v2\/dureza?post=181740"},{"taxonomy":"forma","embeddable":true,"href":"https:\/\/revolutionpadelstore.com\/pt-pt\/wp-json\/wp\/v2\/forma?post=181740"},{"taxonomy":"jugador","embeddable":true,"href":"https:\/\/revolutionpadelstore.com\/pt-pt\/wp-json\/wp\/v2\/jugador?post=181740"},{"taxonomy":"marca","embeddable":true,"href":"https:\/\/revolutionpadelstore.com\/pt-pt\/wp-json\/wp\/v2\/marca?post=181740"},{"taxonomy":"nivel-de-juego","embeddable":true,"href":"https:\/\/revolutionpadelstore.com\/pt-pt\/wp-json\/wp\/v2\/nivel-de-juego?post=181740"},{"taxonomy":"superficie","embeddable":true,"href":"https:\/\/revolutionpadelstore.com\/pt-pt\/wp-json\/wp\/v2\/superficie?post=181740"},{"taxonomy":"tipo-de-juego","embeddable":true,"href":"https:\/\/revolutionpadelstore.com\/pt-pt\/wp-json\/wp\/v2\/tipo-de-juego?post=181740"},{"taxonomy":"product_brand","embeddable":true,"href":"https:\/\/revolutionpadelstore.com\/pt-pt\/wp-json\/wp\/v2\/product_brand?post=181740"},{"taxonomy":"product_cat","embeddable":true,"href":"https:\/\/revolutionpadelstore.com\/pt-pt\/wp-json\/wp\/v2\/product_cat?post=181740"},{"taxonomy":"product_tag","embeddable":true,"href":"https:\/\/revolutionpadelstore.com\/pt-pt\/wp-json\/wp\/v2\/product_tag?post=181740"}],"curies":[{"name":"wp","href":"https:\/\/api.w.org\/{rel}","templated":true}]}}