{"id":181493,"date":"2025-02-21T12:53:43","date_gmt":"2025-02-21T11:53:43","guid":{"rendered":"https:\/\/revolutionpadelstore.com\/head-coello-team-2025\/"},"modified":"2026-04-08T06:14:11","modified_gmt":"2026-04-08T04:14:11","slug":"head-coello-team-2025-5","status":"publish","type":"product","link":"https:\/\/revolutionpadelstore.com\/pt-pt\/produto\/head-coello-team-2025-5\/","title":{"rendered":"HEAD COELLO TEAM 2025"},"content":{"rendered":"<p><H2> Chefe Coello Team 2025 &#8211; Poder e precis\u00e3o em cada golpe<br \/>\nA <strong> Head Coello Team 2025 <\/strong> \u00e9 uma p\u00e1 de paddle projetada para jogadores ambiciosos que procuram <strong> pot\u00eancia e precis\u00e3o m\u00e1xima <\/strong> na pista. Desenvolvido em colabora\u00e7\u00e3o com <strong> Arturo Coello <\/strong>, este modelo de formato de diamante e um peso de 360 \u200b\u200bg combinam uma cola grande com excelente controle.<\/p>\n<p>Gra\u00e7as \u00e0 sua superf\u00edcie de fibra de vidro e \u00e0 inovadora tecnologia aux\u00e9tica 2.0, esta p\u00e1 de 2025 da cabe\u00e7a oferece uma resposta \u00fanica ao impacto, proporcionando mais estabilidade e energia em cada golpe. Seu equil\u00edbrio m\u00e9dio facilita a execu\u00e7\u00e3o de golpes ofensivos, como Smash e Viper, enquanto sua estrutura de carbono garante maior resist\u00eancia e durabilidade.<br \/>\n<H2> Chefe Coello Team 2025 &#8211; Projetado para jogadores intermedi\u00e1rios e avan\u00e7ados <\/h2>\n<p>Se voc\u00ea est\u00e1 procurando uma p\u00e1 de cabe\u00e7a para os homens para ajud\u00e1 -lo a melhorar seu jogo de ataque, o Coello Team 2025 \u00e9 a escolha ideal. Sua combina\u00e7\u00e3o de rigidez moderada e borracha de espuma de pot\u00eancia fornece uma sa\u00edda r\u00e1pida de bola sem perder o controle. Al\u00e9m disso, seu design exclusivo incorpora a empresa e o logotipo do &#8216;King Arturo&#8217;, refletindo a ess\u00eancia competitiva desse modelo.<br \/>\n<H2> <strong> Por que escolher a equipe da Coello 2025? <\/strong> <\/h2>\n<p>-poder explosivo e controle ideal<br \/>\n-Os materiais de alta qualidade para maior durabilidade<br \/>\n-Ene tecnologias inovadoras que melhoram o desempenho<br \/>\n-Design exclusivo inspirado em Arturo Coello <\/p>\n<p><H2> Tecnologias excelentes da equipe de Coello 2025 <\/h2>\n<p> fibra de vidro \u2192 maior sensa\u00e7\u00e3o de conforto no golpe<br \/>\nEspuma de pot\u00eancia \u2192 resposta r\u00e1pida e poderosa<br \/>\nAux\u00e9tico 2,0 \u2192 melhor sensa\u00e7\u00e3o de acerto e estabilidade otimizada<br \/>\nSpot Sweet Otimizado \u2192 Zona de Impacto Expandida para Maior Precis\u00e3o<br \/>\nEstrutura de carbono \u2192 Estrutura resistente e duradoura<br \/>\nEstabilizador de energia \u2192 maior estabilidade no balan\u00e7o<br \/>\nGrafeno interno \u2192 refor\u00e7o dentro do quadro para uma sa\u00edda de bola mais eficiente<br \/>\nPadelo de pele anti -choque \u2192 Protetor que estende a vida \u00fatil da p\u00e1 <\/p>\n<p><H2> Obtenha a equipe da Coello 2025 pelo melhor pre\u00e7o <\/h2>\n<p>Se voc\u00ea est\u00e1 procurando uma p\u00e1 de paddle de cabe\u00e7a alta, com a combina\u00e7\u00e3o perfeita de energia, estabilidade e controle, a Coello Team 2025 \u00e9 a sua melhor op\u00e7\u00e3o. Aproveite agora e compre em nossa loja on-line <strong> &lt;a href = &quot;https: \/catgpt.com\/g\/g-675432e0268888191b6ee6d6f2fdbb15e loja <\/a>, <\/strong> provavelmente no melhor pre\u00e7o de mercado.<\/p>\n<p><strong> Leve o seu jogo para o pr\u00f3ximo n\u00edvel com a p\u00e1 de Arturo Coello! <\/strong><\/p>\n","protected":false},"excerpt":{"rendered":"<p>A equipe Coello 2025 da Diamond Shovel Head se junta \u00e0 for\u00e7a e precis\u00e3o. Projetado em colabora\u00e7\u00e3o com Arturo Coello, incorpora tecnologias inovadoras, como Auxetic 2.0 e Power Foam, sendo ideal para jogadores de n\u00edvel intermedi\u00e1rio e avan\u00e7ado.<\/p>\n","protected":false},"featured_media":181499,"comment_status":"open","ping_status":"closed","template":"","meta":{"_acf_changed":false,"_joinchat":[]},"acabado":[1080],"balance":[1140],"dureza":[1155],"forma":[1170],"jugador":[1190,1200],"marca":[1220],"nivel-de-juego":[1335,1350],"superficie":[1355],"tipo-de-juego":[1375,1385],"product_brand":[],"product_cat":[300],"product_tag":[],"class_list":{"0":"post-181493","1":"product","2":"type-product","3":"status-publish","4":"has-post-thumbnail","6":"acabado-brilho","7":"balance-medio-pt-pt","8":"dureza-media-pt-pt","9":"forma-diamante-pt-pt","10":"jugador-homem","11":"jugador-polivalente-pt-pt","12":"marca-cabeca","13":"superficie-lisa-pt-pt","14":"tipo-de-juego-poder","15":"tipo-de-juego-polivalente-pt-pt","16":"product_cat-palas","18":"first","19":"instock","20":"sale","21":"taxable","22":"shipping-taxable","23":"purchasable","24":"product-type-simple"},"acf":[],"yoast_head":"<!-- This site is optimized with the Yoast SEO plugin v27.4 - https:\/\/yoast.com\/product\/yoast-seo-wordpress\/ -->\n<title>HEAD COELLO TEAM 2025 - Revolution Padel Store<\/title>\n<meta name=\"description\" content=\"Descubre la Head Coello Team 2025, la pala de p\u00e1del de Arturo Coello con potencia y precisi\u00f3n en cada golpe. \u00a1C\u00f3mprala ahora en Revolution Padel Store al mejor precio!\" \/>\n<meta name=\"robots\" content=\"index, follow, max-snippet:-1, max-image-preview:large, max-video-preview:-1\" \/>\n<link rel=\"canonical\" href=\"https:\/\/revolutionpadelstore.com\/pt-pt\/produto\/head-coello-team-2025-5\/\" \/>\n<meta property=\"og:locale\" content=\"pt_PT\" \/>\n<meta property=\"og:type\" content=\"article\" \/>\n<meta property=\"og:title\" content=\"HEAD COELLO TEAM 2025 - Revolution Padel Store\" \/>\n<meta property=\"og:description\" content=\"Descubre la Head Coello Team 2025, la pala de p\u00e1del de Arturo Coello con potencia y precisi\u00f3n en cada golpe. \u00a1C\u00f3mprala ahora en Revolution Padel Store al mejor precio!\" \/>\n<meta property=\"og:url\" content=\"https:\/\/revolutionpadelstore.com\/pt-pt\/produto\/head-coello-team-2025-5\/\" \/>\n<meta property=\"og:site_name\" content=\"Revolution Padel Store\" \/>\n<meta property=\"article:modified_time\" content=\"2026-04-08T04:14:11+00:00\" \/>\n<meta property=\"og:image\" content=\"https:\/\/revolutionpadelstore.com\/wp-content\/uploads\/2025\/02\/115658-pala-head-coello-team-2025-225035-1500x1500-1.webp\" \/>\n\t<meta property=\"og:image:width\" content=\"1500\" \/>\n\t<meta property=\"og:image:height\" content=\"1500\" \/>\n\t<meta property=\"og:image:type\" content=\"image\/webp\" \/>\n<meta name=\"twitter:card\" content=\"summary_large_image\" \/>\n<meta name=\"twitter:label1\" content=\"Tempo estimado de leitura\" \/>\n\t<meta name=\"twitter:data1\" content=\"2 minutos\" \/>\n<script type=\"application\/ld+json\" class=\"yoast-schema-graph\">{\"@context\":\"https:\\\/\\\/schema.org\",\"@graph\":[{\"@type\":\"WebPage\",\"@id\":\"https:\\\/\\\/revolutionpadelstore.com\\\/pt-pt\\\/produto\\\/head-coello-team-2025-5\\\/\",\"url\":\"https:\\\/\\\/revolutionpadelstore.com\\\/pt-pt\\\/produto\\\/head-coello-team-2025-5\\\/\",\"name\":\"HEAD COELLO TEAM 2025 - Revolution Padel Store\",\"isPartOf\":{\"@id\":\"https:\\\/\\\/revolutionpadelstore.com\\\/pt-pt\\\/#website\"},\"primaryImageOfPage\":{\"@id\":\"https:\\\/\\\/revolutionpadelstore.com\\\/pt-pt\\\/produto\\\/head-coello-team-2025-5\\\/#primaryimage\"},\"image\":{\"@id\":\"https:\\\/\\\/revolutionpadelstore.com\\\/pt-pt\\\/produto\\\/head-coello-team-2025-5\\\/#primaryimage\"},\"thumbnailUrl\":\"https:\\\/\\\/revolutionpadelstore.com\\\/wp-content\\\/uploads\\\/2025\\\/02\\\/115658-pala-head-coello-team-2025-225035-1500x1500-1.webp\",\"datePublished\":\"2025-02-21T11:53:43+00:00\",\"dateModified\":\"2026-04-08T04:14:11+00:00\",\"description\":\"Descubre la Head Coello Team 2025, la pala de p\u00e1del de Arturo Coello con potencia y precisi\u00f3n en cada golpe. \u00a1C\u00f3mprala ahora en Revolution Padel Store al mejor precio!\",\"breadcrumb\":{\"@id\":\"https:\\\/\\\/revolutionpadelstore.com\\\/pt-pt\\\/produto\\\/head-coello-team-2025-5\\\/#breadcrumb\"},\"inLanguage\":\"pt-PT\",\"potentialAction\":[{\"@type\":\"ReadAction\",\"target\":[\"https:\\\/\\\/revolutionpadelstore.com\\\/pt-pt\\\/produto\\\/head-coello-team-2025-5\\\/\"]}]},{\"@type\":\"ImageObject\",\"inLanguage\":\"pt-PT\",\"@id\":\"https:\\\/\\\/revolutionpadelstore.com\\\/pt-pt\\\/produto\\\/head-coello-team-2025-5\\\/#primaryimage\",\"url\":\"https:\\\/\\\/revolutionpadelstore.com\\\/wp-content\\\/uploads\\\/2025\\\/02\\\/115658-pala-head-coello-team-2025-225035-1500x1500-1.webp\",\"contentUrl\":\"https:\\\/\\\/revolutionpadelstore.com\\\/wp-content\\\/uploads\\\/2025\\\/02\\\/115658-pala-head-coello-team-2025-225035-1500x1500-1.webp\",\"width\":1500,\"height\":1500},{\"@type\":\"BreadcrumbList\",\"@id\":\"https:\\\/\\\/revolutionpadelstore.com\\\/pt-pt\\\/produto\\\/head-coello-team-2025-5\\\/#breadcrumb\",\"itemListElement\":[{\"@type\":\"ListItem\",\"position\":1,\"name\":\"Portada\",\"item\":\"https:\\\/\\\/revolutionpadelstore.com\\\/pt-pt\\\/\"},{\"@type\":\"ListItem\",\"position\":2,\"name\":\"Tienda\",\"item\":\"https:\\\/\\\/revolutionpadelstore.com\\\/pt-pt\\\/tienda\\\/\"},{\"@type\":\"ListItem\",\"position\":3,\"name\":\"HEAD COELLO TEAM 2025\"}]},{\"@type\":\"WebSite\",\"@id\":\"https:\\\/\\\/revolutionpadelstore.com\\\/pt-pt\\\/#website\",\"url\":\"https:\\\/\\\/revolutionpadelstore.com\\\/pt-pt\\\/\",\"name\":\"Revolution Padel Store\",\"description\":\"\",\"publisher\":{\"@id\":\"https:\\\/\\\/revolutionpadelstore.com\\\/pt-pt\\\/#organization\"},\"potentialAction\":[{\"@type\":\"SearchAction\",\"target\":{\"@type\":\"EntryPoint\",\"urlTemplate\":\"https:\\\/\\\/revolutionpadelstore.com\\\/pt-pt\\\/?s={search_term_string}\"},\"query-input\":{\"@type\":\"PropertyValueSpecification\",\"valueRequired\":true,\"valueName\":\"search_term_string\"}}],\"inLanguage\":\"pt-PT\"},{\"@type\":\"Organization\",\"@id\":\"https:\\\/\\\/revolutionpadelstore.com\\\/pt-pt\\\/#organization\",\"name\":\"Revolution Padel Store\",\"url\":\"https:\\\/\\\/revolutionpadelstore.com\\\/pt-pt\\\/\",\"logo\":{\"@type\":\"ImageObject\",\"inLanguage\":\"pt-PT\",\"@id\":\"https:\\\/\\\/revolutionpadelstore.com\\\/pt-pt\\\/#\\\/schema\\\/logo\\\/image\\\/\",\"url\":\"https:\\\/\\\/revolutionpadelstore.com\\\/wp-content\\\/uploads\\\/2026\\\/02\\\/revolution-padel-store.jpg\",\"contentUrl\":\"https:\\\/\\\/revolutionpadelstore.com\\\/wp-content\\\/uploads\\\/2026\\\/02\\\/revolution-padel-store.jpg\",\"width\":2000,\"height\":2000,\"caption\":\"Revolution Padel Store\"},\"image\":{\"@id\":\"https:\\\/\\\/revolutionpadelstore.com\\\/pt-pt\\\/#\\\/schema\\\/logo\\\/image\\\/\"},\"sameAs\":[\"https:\\\/\\\/www.instagram.com\\\/revolutionpadelstore\\\/\"]}]}<\/script>\n<!-- \/ Yoast SEO plugin. -->","yoast_head_json":{"title":"HEAD COELLO TEAM 2025 - Revolution Padel Store","description":"Descubre la Head Coello Team 2025, la pala de p\u00e1del de Arturo Coello con potencia y precisi\u00f3n en cada golpe. \u00a1C\u00f3mprala ahora en Revolution Padel Store al mejor precio!","robots":{"index":"index","follow":"follow","max-snippet":"max-snippet:-1","max-image-preview":"max-image-preview:large","max-video-preview":"max-video-preview:-1"},"canonical":"https:\/\/revolutionpadelstore.com\/pt-pt\/produto\/head-coello-team-2025-5\/","og_locale":"pt_PT","og_type":"article","og_title":"HEAD COELLO TEAM 2025 - Revolution Padel Store","og_description":"Descubre la Head Coello Team 2025, la pala de p\u00e1del de Arturo Coello con potencia y precisi\u00f3n en cada golpe. \u00a1C\u00f3mprala ahora en Revolution Padel Store al mejor precio!","og_url":"https:\/\/revolutionpadelstore.com\/pt-pt\/produto\/head-coello-team-2025-5\/","og_site_name":"Revolution Padel Store","article_modified_time":"2026-04-08T04:14:11+00:00","og_image":[{"width":1500,"height":1500,"url":"https:\/\/revolutionpadelstore.com\/wp-content\/uploads\/2025\/02\/115658-pala-head-coello-team-2025-225035-1500x1500-1.webp","type":"image\/webp"}],"twitter_card":"summary_large_image","twitter_misc":{"Tempo estimado de leitura":"2 minutos"},"schema":{"@context":"https:\/\/schema.org","@graph":[{"@type":"WebPage","@id":"https:\/\/revolutionpadelstore.com\/pt-pt\/produto\/head-coello-team-2025-5\/","url":"https:\/\/revolutionpadelstore.com\/pt-pt\/produto\/head-coello-team-2025-5\/","name":"HEAD COELLO TEAM 2025 - Revolution Padel Store","isPartOf":{"@id":"https:\/\/revolutionpadelstore.com\/pt-pt\/#website"},"primaryImageOfPage":{"@id":"https:\/\/revolutionpadelstore.com\/pt-pt\/produto\/head-coello-team-2025-5\/#primaryimage"},"image":{"@id":"https:\/\/revolutionpadelstore.com\/pt-pt\/produto\/head-coello-team-2025-5\/#primaryimage"},"thumbnailUrl":"https:\/\/revolutionpadelstore.com\/wp-content\/uploads\/2025\/02\/115658-pala-head-coello-team-2025-225035-1500x1500-1.webp","datePublished":"2025-02-21T11:53:43+00:00","dateModified":"2026-04-08T04:14:11+00:00","description":"Descubre la Head Coello Team 2025, la pala de p\u00e1del de Arturo Coello con potencia y precisi\u00f3n en cada golpe. \u00a1C\u00f3mprala ahora en Revolution Padel Store al mejor precio!","breadcrumb":{"@id":"https:\/\/revolutionpadelstore.com\/pt-pt\/produto\/head-coello-team-2025-5\/#breadcrumb"},"inLanguage":"pt-PT","potentialAction":[{"@type":"ReadAction","target":["https:\/\/revolutionpadelstore.com\/pt-pt\/produto\/head-coello-team-2025-5\/"]}]},{"@type":"ImageObject","inLanguage":"pt-PT","@id":"https:\/\/revolutionpadelstore.com\/pt-pt\/produto\/head-coello-team-2025-5\/#primaryimage","url":"https:\/\/revolutionpadelstore.com\/wp-content\/uploads\/2025\/02\/115658-pala-head-coello-team-2025-225035-1500x1500-1.webp","contentUrl":"https:\/\/revolutionpadelstore.com\/wp-content\/uploads\/2025\/02\/115658-pala-head-coello-team-2025-225035-1500x1500-1.webp","width":1500,"height":1500},{"@type":"BreadcrumbList","@id":"https:\/\/revolutionpadelstore.com\/pt-pt\/produto\/head-coello-team-2025-5\/#breadcrumb","itemListElement":[{"@type":"ListItem","position":1,"name":"Portada","item":"https:\/\/revolutionpadelstore.com\/pt-pt\/"},{"@type":"ListItem","position":2,"name":"Tienda","item":"https:\/\/revolutionpadelstore.com\/pt-pt\/tienda\/"},{"@type":"ListItem","position":3,"name":"HEAD COELLO TEAM 2025"}]},{"@type":"WebSite","@id":"https:\/\/revolutionpadelstore.com\/pt-pt\/#website","url":"https:\/\/revolutionpadelstore.com\/pt-pt\/","name":"Revolution Padel Store","description":"","publisher":{"@id":"https:\/\/revolutionpadelstore.com\/pt-pt\/#organization"},"potentialAction":[{"@type":"SearchAction","target":{"@type":"EntryPoint","urlTemplate":"https:\/\/revolutionpadelstore.com\/pt-pt\/?s={search_term_string}"},"query-input":{"@type":"PropertyValueSpecification","valueRequired":true,"valueName":"search_term_string"}}],"inLanguage":"pt-PT"},{"@type":"Organization","@id":"https:\/\/revolutionpadelstore.com\/pt-pt\/#organization","name":"Revolution Padel Store","url":"https:\/\/revolutionpadelstore.com\/pt-pt\/","logo":{"@type":"ImageObject","inLanguage":"pt-PT","@id":"https:\/\/revolutionpadelstore.com\/pt-pt\/#\/schema\/logo\/image\/","url":"https:\/\/revolutionpadelstore.com\/wp-content\/uploads\/2026\/02\/revolution-padel-store.jpg","contentUrl":"https:\/\/revolutionpadelstore.com\/wp-content\/uploads\/2026\/02\/revolution-padel-store.jpg","width":2000,"height":2000,"caption":"Revolution Padel Store"},"image":{"@id":"https:\/\/revolutionpadelstore.com\/pt-pt\/#\/schema\/logo\/image\/"},"sameAs":["https:\/\/www.instagram.com\/revolutionpadelstore\/"]}]}},"_links":{"self":[{"href":"https:\/\/revolutionpadelstore.com\/pt-pt\/wp-json\/wp\/v2\/product\/181493","targetHints":{"allow":["GET"]}}],"collection":[{"href":"https:\/\/revolutionpadelstore.com\/pt-pt\/wp-json\/wp\/v2\/product"}],"about":[{"href":"https:\/\/revolutionpadelstore.com\/pt-pt\/wp-json\/wp\/v2\/types\/product"}],"replies":[{"embeddable":true,"href":"https:\/\/revolutionpadelstore.com\/pt-pt\/wp-json\/wp\/v2\/comments?post=181493"}],"wp:featuredmedia":[{"embeddable":true,"href":"https:\/\/revolutionpadelstore.com\/pt-pt\/wp-json\/wp\/v2\/media\/181499"}],"wp:attachment":[{"href":"https:\/\/revolutionpadelstore.com\/pt-pt\/wp-json\/wp\/v2\/media?parent=181493"}],"wp:term":[{"taxonomy":"acabado","embeddable":true,"href":"https:\/\/revolutionpadelstore.com\/pt-pt\/wp-json\/wp\/v2\/acabado?post=181493"},{"taxonomy":"balance","embeddable":true,"href":"https:\/\/revolutionpadelstore.com\/pt-pt\/wp-json\/wp\/v2\/balance?post=181493"},{"taxonomy":"dureza","embeddable":true,"href":"https:\/\/revolutionpadelstore.com\/pt-pt\/wp-json\/wp\/v2\/dureza?post=181493"},{"taxonomy":"forma","embeddable":true,"href":"https:\/\/revolutionpadelstore.com\/pt-pt\/wp-json\/wp\/v2\/forma?post=181493"},{"taxonomy":"jugador","embeddable":true,"href":"https:\/\/revolutionpadelstore.com\/pt-pt\/wp-json\/wp\/v2\/jugador?post=181493"},{"taxonomy":"marca","embeddable":true,"href":"https:\/\/revolutionpadelstore.com\/pt-pt\/wp-json\/wp\/v2\/marca?post=181493"},{"taxonomy":"nivel-de-juego","embeddable":true,"href":"https:\/\/revolutionpadelstore.com\/pt-pt\/wp-json\/wp\/v2\/nivel-de-juego?post=181493"},{"taxonomy":"superficie","embeddable":true,"href":"https:\/\/revolutionpadelstore.com\/pt-pt\/wp-json\/wp\/v2\/superficie?post=181493"},{"taxonomy":"tipo-de-juego","embeddable":true,"href":"https:\/\/revolutionpadelstore.com\/pt-pt\/wp-json\/wp\/v2\/tipo-de-juego?post=181493"},{"taxonomy":"product_brand","embeddable":true,"href":"https:\/\/revolutionpadelstore.com\/pt-pt\/wp-json\/wp\/v2\/product_brand?post=181493"},{"taxonomy":"product_cat","embeddable":true,"href":"https:\/\/revolutionpadelstore.com\/pt-pt\/wp-json\/wp\/v2\/product_cat?post=181493"},{"taxonomy":"product_tag","embeddable":true,"href":"https:\/\/revolutionpadelstore.com\/pt-pt\/wp-json\/wp\/v2\/product_tag?post=181493"}],"curies":[{"name":"wp","href":"https:\/\/api.w.org\/{rel}","templated":true}]}}