{"id":179557,"date":"2025-02-21T12:24:27","date_gmt":"2025-02-21T11:24:27","guid":{"rendered":"https:\/\/revolutionpadelstore.com\/?post_type=product&#038;p=179557"},"modified":"2026-04-01T03:07:38","modified_gmt":"2026-04-01T01:07:38","slug":"siux-valkiria-go-5","status":"publish","type":"product","link":"https:\/\/revolutionpadelstore.com\/pt-pt\/produto\/siux-valkiria-go-5\/","title":{"rendered":"SIUX VALKIRIA GO"},"content":{"rendered":"<p><H2> <strong> Siux Valkiria go &#8211; poder, controle e durabilidade em uma \u00fanica p\u00e1 <\/strong> <\/h2>\n<p>Descubra o <strong> Siux Valkiria Go <\/strong>, uma p\u00e1 de paddle projetada para jogadores iniciantes e avan\u00e7ados que procuram o equil\u00edbrio perfeito entre resist\u00eancia, controle e poder. Gra\u00e7as \u00e0 sua constru\u00e7\u00e3o de carbono de alumesh 3K e sua tecnologia inovadora de choque, ela reduz as vibra\u00e7\u00f5es e melhora a estabilidade em cada golpe.<br \/>\n<H2> <strong> caracter\u00edsticas -chave do Siux Valkiria go <\/strong> <\/h2>\n<p>-forma h\u00edbrida com equil\u00edbrio m\u00e9dio-baixo para maior versatilidade.<br \/>\n-Tecnology choque, o que absorve vibra\u00e7\u00f5es e melhora o conforto no jogo.<br \/>\n-Dual Grip PR, projetado para uma ader\u00eancia ideal e um maior senso de controle.<br \/>\n-3K Plano de carbono Alumesh, que fornece rigidez e poder sem sacrificar o controle.<br \/>\n-V\u00e3o brilhante com al\u00edvio \u00e1spero, ideal para gerar efeitos em cada golpe.<br \/>\n-3K Car carbono tubular, que garante excelente durabilidade e resist\u00eancia<\/p>\n<p><H2> <strong> Por que escolher o Siux Valkiria Go?<br \/>\nSe voc\u00ea est\u00e1 procurando uma p\u00e1 que o ajude a evoluir seu jogo <\/strong>, o <strong> Siux Valkiria Go <\/strong> \u00e9 a op\u00e7\u00e3o ideal. Sua combina\u00e7\u00e3o de tecnologia avan\u00e7ada <strong>, materiais de alta qualidade e design otimizado <\/strong> tornam -o um dos melhores l\u00e2minas para jogadores que desejam melhorar seu desempenho sem desistir de conforto e estabilidade em cada golpe.<\/p>\n<p>Obtenha o <strong> Siux Valkiria Go <\/strong> pelo melhor pre\u00e7o em nossa loja on -line! Visite -nos em <strong> &lt;a href = &quot;https:\/\/chatgpt.com\/g\/g-675432e026888191b6ee6d6f2fdbb15e-timization-textos\/c\/www.revolutionpadelstore.com WW.revolutionPadelStore.com  ww.revolutionpadelStore.com  ww.revolutionpadelStore.com  ww.revolutionPadelStore.com  mesmo.<\/p>\n<h2><strong>Siux Valkiria GO \u2013 Potencia, Control y Durabilidad en una sola pala<\/strong><\/p>\n","protected":false},"excerpt":{"rendered":"<p>Conhe\u00e7a o Siux Valkiria Go, uma p\u00e1 de paddle ideal para jogadores iniciantes e avan\u00e7ados de n\u00edvel que desejam uma combina\u00e7\u00e3o ideal de durabilidade, precis\u00e3o e pot\u00eancia.<\/p>\n","protected":false},"featured_media":179569,"comment_status":"open","ping_status":"closed","template":"","meta":{"_acf_changed":false,"_joinchat":[]},"acabado":[1080],"balance":[1145,1140],"dureza":[1155],"forma":[1175],"jugador":[1195],"marca":[1305],"nivel-de-juego":[1340,1350],"superficie":[1355],"tipo-de-juego":[1385],"product_brand":[],"product_cat":[300],"product_tag":[],"class_list":{"0":"post-179557","1":"product","2":"type-product","3":"status-publish","4":"has-post-thumbnail","6":"acabado-brilho","7":"balance-baixo","8":"balance-medio-pt-pt","9":"dureza-media-pt-pt","10":"forma-hibrido","11":"jugador-mulher","12":"marca-siux-pt-pt","13":"superficie-lisa-pt-pt","14":"tipo-de-juego-polivalente-pt-pt","15":"product_cat-palas","17":"first","18":"instock","19":"sale","20":"taxable","21":"shipping-taxable","22":"purchasable","23":"product-type-simple"},"acf":[],"yoast_head":"<!-- This site is optimized with the Yoast SEO plugin v27.3 - https:\/\/yoast.com\/product\/yoast-seo-wordpress\/ -->\n<title>SIUX VALKIRIA GO - Revolution Padel Store<\/title>\n<meta name=\"description\" content=\"Compra la Siux Valkiria GO, una pala de p\u00e1del polivalente con Carbono 3K Alumesh, Shock Out y Dual Pro Grip. M\u00e1ximo control, potencia y confort. \u00a1Mejora tu juego ya!\" \/>\n<meta name=\"robots\" content=\"index, follow, max-snippet:-1, max-image-preview:large, max-video-preview:-1\" \/>\n<link rel=\"canonical\" href=\"https:\/\/revolutionpadelstore.com\/pt-pt\/produto\/siux-valkiria-go-5\/\" \/>\n<meta property=\"og:locale\" content=\"pt_PT\" \/>\n<meta property=\"og:type\" content=\"article\" \/>\n<meta property=\"og:title\" content=\"SIUX VALKIRIA GO - Revolution Padel Store\" \/>\n<meta property=\"og:description\" content=\"Compra la Siux Valkiria GO, una pala de p\u00e1del polivalente con Carbono 3K Alumesh, Shock Out y Dual Pro Grip. M\u00e1ximo control, potencia y confort. \u00a1Mejora tu juego ya!\" \/>\n<meta property=\"og:url\" content=\"https:\/\/revolutionpadelstore.com\/pt-pt\/produto\/siux-valkiria-go-5\/\" \/>\n<meta property=\"og:site_name\" content=\"Revolution Padel Store\" \/>\n<meta property=\"article:modified_time\" content=\"2026-04-01T01:07:38+00:00\" \/>\n<meta property=\"og:image\" content=\"https:\/\/revolutionpadelstore.com\/wp-content\/uploads\/2025\/02\/2-1.png\" \/>\n\t<meta property=\"og:image:width\" content=\"1000\" \/>\n\t<meta property=\"og:image:height\" content=\"1000\" \/>\n\t<meta property=\"og:image:type\" content=\"image\/png\" \/>\n<meta name=\"twitter:card\" content=\"summary_large_image\" \/>\n<meta name=\"twitter:label1\" content=\"Tempo estimado de leitura\" \/>\n\t<meta name=\"twitter:data1\" content=\"1 minuto\" \/>\n<script type=\"application\/ld+json\" class=\"yoast-schema-graph\">{\"@context\":\"https:\\\/\\\/schema.org\",\"@graph\":[{\"@type\":\"WebPage\",\"@id\":\"https:\\\/\\\/revolutionpadelstore.com\\\/pt-pt\\\/produto\\\/siux-valkiria-go-5\\\/\",\"url\":\"https:\\\/\\\/revolutionpadelstore.com\\\/pt-pt\\\/produto\\\/siux-valkiria-go-5\\\/\",\"name\":\"SIUX VALKIRIA GO - Revolution Padel Store\",\"isPartOf\":{\"@id\":\"https:\\\/\\\/revolutionpadelstore.com\\\/pt-pt\\\/#website\"},\"primaryImageOfPage\":{\"@id\":\"https:\\\/\\\/revolutionpadelstore.com\\\/pt-pt\\\/produto\\\/siux-valkiria-go-5\\\/#primaryimage\"},\"image\":{\"@id\":\"https:\\\/\\\/revolutionpadelstore.com\\\/pt-pt\\\/produto\\\/siux-valkiria-go-5\\\/#primaryimage\"},\"thumbnailUrl\":\"https:\\\/\\\/revolutionpadelstore.com\\\/wp-content\\\/uploads\\\/2025\\\/02\\\/2-1.png\",\"datePublished\":\"2025-02-21T11:24:27+00:00\",\"dateModified\":\"2026-04-01T01:07:38+00:00\",\"description\":\"Compra la Siux Valkiria GO, una pala de p\u00e1del polivalente con Carbono 3K Alumesh, Shock Out y Dual Pro Grip. M\u00e1ximo control, potencia y confort. \u00a1Mejora tu juego ya!\",\"breadcrumb\":{\"@id\":\"https:\\\/\\\/revolutionpadelstore.com\\\/pt-pt\\\/produto\\\/siux-valkiria-go-5\\\/#breadcrumb\"},\"inLanguage\":\"pt-PT\",\"potentialAction\":[{\"@type\":\"ReadAction\",\"target\":[\"https:\\\/\\\/revolutionpadelstore.com\\\/pt-pt\\\/produto\\\/siux-valkiria-go-5\\\/\"]}]},{\"@type\":\"ImageObject\",\"inLanguage\":\"pt-PT\",\"@id\":\"https:\\\/\\\/revolutionpadelstore.com\\\/pt-pt\\\/produto\\\/siux-valkiria-go-5\\\/#primaryimage\",\"url\":\"https:\\\/\\\/revolutionpadelstore.com\\\/wp-content\\\/uploads\\\/2025\\\/02\\\/2-1.png\",\"contentUrl\":\"https:\\\/\\\/revolutionpadelstore.com\\\/wp-content\\\/uploads\\\/2025\\\/02\\\/2-1.png\",\"width\":1000,\"height\":1000},{\"@type\":\"BreadcrumbList\",\"@id\":\"https:\\\/\\\/revolutionpadelstore.com\\\/pt-pt\\\/produto\\\/siux-valkiria-go-5\\\/#breadcrumb\",\"itemListElement\":[{\"@type\":\"ListItem\",\"position\":1,\"name\":\"Portada\",\"item\":\"https:\\\/\\\/revolutionpadelstore.com\\\/pt-pt\\\/\"},{\"@type\":\"ListItem\",\"position\":2,\"name\":\"Tienda\",\"item\":\"https:\\\/\\\/revolutionpadelstore.com\\\/pt-pt\\\/tienda\\\/\"},{\"@type\":\"ListItem\",\"position\":3,\"name\":\"SIUX VALKIRIA GO\"}]},{\"@type\":\"WebSite\",\"@id\":\"https:\\\/\\\/revolutionpadelstore.com\\\/pt-pt\\\/#website\",\"url\":\"https:\\\/\\\/revolutionpadelstore.com\\\/pt-pt\\\/\",\"name\":\"Revolution Padel Store\",\"description\":\"\",\"publisher\":{\"@id\":\"https:\\\/\\\/revolutionpadelstore.com\\\/pt-pt\\\/#organization\"},\"potentialAction\":[{\"@type\":\"SearchAction\",\"target\":{\"@type\":\"EntryPoint\",\"urlTemplate\":\"https:\\\/\\\/revolutionpadelstore.com\\\/pt-pt\\\/?s={search_term_string}\"},\"query-input\":{\"@type\":\"PropertyValueSpecification\",\"valueRequired\":true,\"valueName\":\"search_term_string\"}}],\"inLanguage\":\"pt-PT\"},{\"@type\":\"Organization\",\"@id\":\"https:\\\/\\\/revolutionpadelstore.com\\\/pt-pt\\\/#organization\",\"name\":\"Revolution Padel Store\",\"url\":\"https:\\\/\\\/revolutionpadelstore.com\\\/pt-pt\\\/\",\"logo\":{\"@type\":\"ImageObject\",\"inLanguage\":\"pt-PT\",\"@id\":\"https:\\\/\\\/revolutionpadelstore.com\\\/pt-pt\\\/#\\\/schema\\\/logo\\\/image\\\/\",\"url\":\"https:\\\/\\\/revolutionpadelstore.com\\\/wp-content\\\/uploads\\\/2026\\\/02\\\/revolution-padel-store.jpg\",\"contentUrl\":\"https:\\\/\\\/revolutionpadelstore.com\\\/wp-content\\\/uploads\\\/2026\\\/02\\\/revolution-padel-store.jpg\",\"width\":2000,\"height\":2000,\"caption\":\"Revolution Padel Store\"},\"image\":{\"@id\":\"https:\\\/\\\/revolutionpadelstore.com\\\/pt-pt\\\/#\\\/schema\\\/logo\\\/image\\\/\"},\"sameAs\":[\"https:\\\/\\\/www.instagram.com\\\/revolutionpadelstore\\\/\"]}]}<\/script>\n<!-- \/ Yoast SEO plugin. -->","yoast_head_json":{"title":"SIUX VALKIRIA GO - Revolution Padel Store","description":"Compra la Siux Valkiria GO, una pala de p\u00e1del polivalente con Carbono 3K Alumesh, Shock Out y Dual Pro Grip. M\u00e1ximo control, potencia y confort. \u00a1Mejora tu juego ya!","robots":{"index":"index","follow":"follow","max-snippet":"max-snippet:-1","max-image-preview":"max-image-preview:large","max-video-preview":"max-video-preview:-1"},"canonical":"https:\/\/revolutionpadelstore.com\/pt-pt\/produto\/siux-valkiria-go-5\/","og_locale":"pt_PT","og_type":"article","og_title":"SIUX VALKIRIA GO - Revolution Padel Store","og_description":"Compra la Siux Valkiria GO, una pala de p\u00e1del polivalente con Carbono 3K Alumesh, Shock Out y Dual Pro Grip. M\u00e1ximo control, potencia y confort. \u00a1Mejora tu juego ya!","og_url":"https:\/\/revolutionpadelstore.com\/pt-pt\/produto\/siux-valkiria-go-5\/","og_site_name":"Revolution Padel Store","article_modified_time":"2026-04-01T01:07:38+00:00","og_image":[{"width":1000,"height":1000,"url":"https:\/\/revolutionpadelstore.com\/wp-content\/uploads\/2025\/02\/2-1.png","type":"image\/png"}],"twitter_card":"summary_large_image","twitter_misc":{"Tempo estimado de leitura":"1 minuto"},"schema":{"@context":"https:\/\/schema.org","@graph":[{"@type":"WebPage","@id":"https:\/\/revolutionpadelstore.com\/pt-pt\/produto\/siux-valkiria-go-5\/","url":"https:\/\/revolutionpadelstore.com\/pt-pt\/produto\/siux-valkiria-go-5\/","name":"SIUX VALKIRIA GO - Revolution Padel Store","isPartOf":{"@id":"https:\/\/revolutionpadelstore.com\/pt-pt\/#website"},"primaryImageOfPage":{"@id":"https:\/\/revolutionpadelstore.com\/pt-pt\/produto\/siux-valkiria-go-5\/#primaryimage"},"image":{"@id":"https:\/\/revolutionpadelstore.com\/pt-pt\/produto\/siux-valkiria-go-5\/#primaryimage"},"thumbnailUrl":"https:\/\/revolutionpadelstore.com\/wp-content\/uploads\/2025\/02\/2-1.png","datePublished":"2025-02-21T11:24:27+00:00","dateModified":"2026-04-01T01:07:38+00:00","description":"Compra la Siux Valkiria GO, una pala de p\u00e1del polivalente con Carbono 3K Alumesh, Shock Out y Dual Pro Grip. M\u00e1ximo control, potencia y confort. \u00a1Mejora tu juego ya!","breadcrumb":{"@id":"https:\/\/revolutionpadelstore.com\/pt-pt\/produto\/siux-valkiria-go-5\/#breadcrumb"},"inLanguage":"pt-PT","potentialAction":[{"@type":"ReadAction","target":["https:\/\/revolutionpadelstore.com\/pt-pt\/produto\/siux-valkiria-go-5\/"]}]},{"@type":"ImageObject","inLanguage":"pt-PT","@id":"https:\/\/revolutionpadelstore.com\/pt-pt\/produto\/siux-valkiria-go-5\/#primaryimage","url":"https:\/\/revolutionpadelstore.com\/wp-content\/uploads\/2025\/02\/2-1.png","contentUrl":"https:\/\/revolutionpadelstore.com\/wp-content\/uploads\/2025\/02\/2-1.png","width":1000,"height":1000},{"@type":"BreadcrumbList","@id":"https:\/\/revolutionpadelstore.com\/pt-pt\/produto\/siux-valkiria-go-5\/#breadcrumb","itemListElement":[{"@type":"ListItem","position":1,"name":"Portada","item":"https:\/\/revolutionpadelstore.com\/pt-pt\/"},{"@type":"ListItem","position":2,"name":"Tienda","item":"https:\/\/revolutionpadelstore.com\/pt-pt\/tienda\/"},{"@type":"ListItem","position":3,"name":"SIUX VALKIRIA GO"}]},{"@type":"WebSite","@id":"https:\/\/revolutionpadelstore.com\/pt-pt\/#website","url":"https:\/\/revolutionpadelstore.com\/pt-pt\/","name":"Revolution Padel Store","description":"","publisher":{"@id":"https:\/\/revolutionpadelstore.com\/pt-pt\/#organization"},"potentialAction":[{"@type":"SearchAction","target":{"@type":"EntryPoint","urlTemplate":"https:\/\/revolutionpadelstore.com\/pt-pt\/?s={search_term_string}"},"query-input":{"@type":"PropertyValueSpecification","valueRequired":true,"valueName":"search_term_string"}}],"inLanguage":"pt-PT"},{"@type":"Organization","@id":"https:\/\/revolutionpadelstore.com\/pt-pt\/#organization","name":"Revolution Padel Store","url":"https:\/\/revolutionpadelstore.com\/pt-pt\/","logo":{"@type":"ImageObject","inLanguage":"pt-PT","@id":"https:\/\/revolutionpadelstore.com\/pt-pt\/#\/schema\/logo\/image\/","url":"https:\/\/revolutionpadelstore.com\/wp-content\/uploads\/2026\/02\/revolution-padel-store.jpg","contentUrl":"https:\/\/revolutionpadelstore.com\/wp-content\/uploads\/2026\/02\/revolution-padel-store.jpg","width":2000,"height":2000,"caption":"Revolution Padel Store"},"image":{"@id":"https:\/\/revolutionpadelstore.com\/pt-pt\/#\/schema\/logo\/image\/"},"sameAs":["https:\/\/www.instagram.com\/revolutionpadelstore\/"]}]}},"_links":{"self":[{"href":"https:\/\/revolutionpadelstore.com\/pt-pt\/wp-json\/wp\/v2\/product\/179557","targetHints":{"allow":["GET"]}}],"collection":[{"href":"https:\/\/revolutionpadelstore.com\/pt-pt\/wp-json\/wp\/v2\/product"}],"about":[{"href":"https:\/\/revolutionpadelstore.com\/pt-pt\/wp-json\/wp\/v2\/types\/product"}],"replies":[{"embeddable":true,"href":"https:\/\/revolutionpadelstore.com\/pt-pt\/wp-json\/wp\/v2\/comments?post=179557"}],"wp:featuredmedia":[{"embeddable":true,"href":"https:\/\/revolutionpadelstore.com\/pt-pt\/wp-json\/wp\/v2\/media\/179569"}],"wp:attachment":[{"href":"https:\/\/revolutionpadelstore.com\/pt-pt\/wp-json\/wp\/v2\/media?parent=179557"}],"wp:term":[{"taxonomy":"acabado","embeddable":true,"href":"https:\/\/revolutionpadelstore.com\/pt-pt\/wp-json\/wp\/v2\/acabado?post=179557"},{"taxonomy":"balance","embeddable":true,"href":"https:\/\/revolutionpadelstore.com\/pt-pt\/wp-json\/wp\/v2\/balance?post=179557"},{"taxonomy":"dureza","embeddable":true,"href":"https:\/\/revolutionpadelstore.com\/pt-pt\/wp-json\/wp\/v2\/dureza?post=179557"},{"taxonomy":"forma","embeddable":true,"href":"https:\/\/revolutionpadelstore.com\/pt-pt\/wp-json\/wp\/v2\/forma?post=179557"},{"taxonomy":"jugador","embeddable":true,"href":"https:\/\/revolutionpadelstore.com\/pt-pt\/wp-json\/wp\/v2\/jugador?post=179557"},{"taxonomy":"marca","embeddable":true,"href":"https:\/\/revolutionpadelstore.com\/pt-pt\/wp-json\/wp\/v2\/marca?post=179557"},{"taxonomy":"nivel-de-juego","embeddable":true,"href":"https:\/\/revolutionpadelstore.com\/pt-pt\/wp-json\/wp\/v2\/nivel-de-juego?post=179557"},{"taxonomy":"superficie","embeddable":true,"href":"https:\/\/revolutionpadelstore.com\/pt-pt\/wp-json\/wp\/v2\/superficie?post=179557"},{"taxonomy":"tipo-de-juego","embeddable":true,"href":"https:\/\/revolutionpadelstore.com\/pt-pt\/wp-json\/wp\/v2\/tipo-de-juego?post=179557"},{"taxonomy":"product_brand","embeddable":true,"href":"https:\/\/revolutionpadelstore.com\/pt-pt\/wp-json\/wp\/v2\/product_brand?post=179557"},{"taxonomy":"product_cat","embeddable":true,"href":"https:\/\/revolutionpadelstore.com\/pt-pt\/wp-json\/wp\/v2\/product_cat?post=179557"},{"taxonomy":"product_tag","embeddable":true,"href":"https:\/\/revolutionpadelstore.com\/pt-pt\/wp-json\/wp\/v2\/product_tag?post=179557"}],"curies":[{"name":"wp","href":"https:\/\/api.w.org\/{rel}","templated":true}]}}