{"id":177638,"date":"2025-02-19T00:07:11","date_gmt":"2025-02-18T23:07:11","guid":{"rendered":"https:\/\/revolutionpadelstore.com\/polo-bullpadel-balto-012-blanco\/"},"modified":"2026-04-08T06:49:55","modified_gmt":"2026-04-08T04:49:55","slug":"polo-bullpadel-balto-012-blanco-5","status":"publish","type":"product","link":"https:\/\/revolutionpadelstore.com\/pt-pt\/produto\/polo-bullpadel-balto-012-blanco-5\/","title":{"rendered":"POLO BULLPADEL BALTO 012 BLANCO"},"content":{"rendered":"<p>&lt;Il<br \/>\nBullpadel Balto \u00e9 um poste t\u00e9cnico projetado pelo homem para oferecer o m\u00e1ximo conforto e desempenho da pista. Fabricado com o tecido Jacquard Jacquard 100%de poli\u00e9ster, esta pe\u00e7a se destaca por sua suavidade, respirabilidade e capacidade de manter a pele seca o tempo todo. Gra\u00e7as \u00e0 tecnologia QuickerDry, que incorpora microfilamentos avan\u00e7ados, o suor \u00e9 o ideal, facilitando a evapora\u00e7\u00e3o r\u00e1pida e eficiente.<br \/>\n<H2> Caracter\u00edsticas do bullpadel Balto P\u00f3lo <\/h2>\n<p>-Material: 100% Ultralight Jacquard Polyster<br \/>\n<P>-Tecnologia r\u00e1pida: melhora a respirabilidade e absorve a umidade<br \/>\n<P>-Design moderno e esportivo: I Vigo com tr\u00eas pe\u00e7as de contraste<\/p>\n<p>-conforto e ajuste ideal: o pesco\u00e7o da costela e o bot\u00e3o frontal para um melhor ajuste<\/p>\n<p>-ideal para competi\u00e7\u00e3o e treinamento: luz e flex\u00edvel para maior liberdade de movimento<br \/>\nEste <strong> bullpadel Paddle Pole <\/strong> n\u00e3o \u00e9 apenas uma pe\u00e7a de roupa funcional, mas tamb\u00e9m se destaca por seu design moderno e esportivo, perfeito para jogadores que procuram um estilo elegante sem desistir do desempenho. Sua estrutura ergon\u00f4mica permite que voc\u00ea se mova com total liberdade, facilitando os deslocamentos na pista.<\/p>\n<p><strong> Obtenha o bullpadel Balto P\u00f3lo pelo melhor pre\u00e7o em nossa loja on -line &lt;A href = &quot;https:\/\/chatgpt.com\/g\/g-675432e026888191b6ee6d6f2fdbb15e-timization-textos\/c\/www.revoldelstore.com&quot; Festa<\/p>\n<h2>Polo Bullpadel Balto \u2013 Ligereza y transpirabilidad para el m\u00e1ximo rendimiento<\/h2>\n","protected":false},"excerpt":{"rendered":"<p>O bullpadel Balto P\u00f3lo \u00e9 fabricado inteiramente em poli\u00e9ster e tem um acabamento r\u00e1pido, que fornece frescura, conforto e leveza excepcionais.<\/p>\n","protected":false},"featured_media":177751,"comment_status":"open","ping_status":"closed","template":"","meta":{"_acf_changed":false,"_joinchat":[]},"acabado":[],"balance":[],"dureza":[],"forma":[],"jugador":[1190],"marca":[],"nivel-de-juego":[],"superficie":[],"tipo-de-juego":[],"product_brand":[],"product_cat":[330],"product_tag":[],"class_list":{"0":"post-177638","1":"product","2":"type-product","3":"status-publish","4":"has-post-thumbnail","6":"jugador-homem","7":"product_cat-roupa","9":"first","10":"outofstock","11":"sale","12":"taxable","13":"shipping-taxable","14":"purchasable","15":"product-type-variable"},"acf":[],"yoast_head":"<!-- This site is optimized with the Yoast SEO plugin v27.4 - https:\/\/yoast.com\/product\/yoast-seo-wordpress\/ -->\n<title>POLO BULLPADEL BALTO 012 BLANCO - Revolution Padel Store<\/title>\n<meta name=\"description\" content=\"Compra el polo Bullpadel Balto en nuestra tienda online. Tejido ultraligero, tecnolog\u00eda Quickerdry y dise\u00f1o deportivo para un m\u00e1ximo confort en la pista. \u00a1Mejor precio garantizado!\" \/>\n<meta name=\"robots\" content=\"index, follow, max-snippet:-1, max-image-preview:large, max-video-preview:-1\" \/>\n<link rel=\"canonical\" href=\"https:\/\/revolutionpadelstore.com\/pt-pt\/produto\/polo-bullpadel-balto-012-blanco-5\/\" \/>\n<meta property=\"og:locale\" content=\"pt_PT\" \/>\n<meta property=\"og:type\" content=\"article\" \/>\n<meta property=\"og:title\" content=\"POLO BULLPADEL BALTO 012 BLANCO - Revolution Padel Store\" \/>\n<meta property=\"og:description\" content=\"Compra el polo Bullpadel Balto en nuestra tienda online. Tejido ultraligero, tecnolog\u00eda Quickerdry y dise\u00f1o deportivo para un m\u00e1ximo confort en la pista. \u00a1Mejor precio garantizado!\" \/>\n<meta property=\"og:url\" content=\"https:\/\/revolutionpadelstore.com\/pt-pt\/produto\/polo-bullpadel-balto-012-blanco-5\/\" \/>\n<meta property=\"og:site_name\" content=\"Revolution Padel Store\" \/>\n<meta property=\"article:modified_time\" content=\"2026-04-08T04:49:55+00:00\" \/>\n<meta property=\"og:image\" content=\"https:\/\/revolutionpadelstore.com\/wp-content\/uploads\/2025\/02\/polo-bullpadel-balto-blanco-4.jpg\" \/>\n\t<meta property=\"og:image:width\" content=\"1000\" \/>\n\t<meta property=\"og:image:height\" content=\"1188\" \/>\n\t<meta property=\"og:image:type\" content=\"image\/jpeg\" \/>\n<meta name=\"twitter:card\" content=\"summary_large_image\" \/>\n<meta name=\"twitter:label1\" content=\"Tempo estimado de leitura\" \/>\n\t<meta name=\"twitter:data1\" content=\"1 minuto\" \/>\n<script type=\"application\/ld+json\" class=\"yoast-schema-graph\">{\"@context\":\"https:\\\/\\\/schema.org\",\"@graph\":[{\"@type\":\"WebPage\",\"@id\":\"https:\\\/\\\/revolutionpadelstore.com\\\/pt-pt\\\/produto\\\/polo-bullpadel-balto-012-blanco-5\\\/\",\"url\":\"https:\\\/\\\/revolutionpadelstore.com\\\/pt-pt\\\/produto\\\/polo-bullpadel-balto-012-blanco-5\\\/\",\"name\":\"POLO BULLPADEL BALTO 012 BLANCO - Revolution Padel Store\",\"isPartOf\":{\"@id\":\"https:\\\/\\\/revolutionpadelstore.com\\\/pt-pt\\\/#website\"},\"primaryImageOfPage\":{\"@id\":\"https:\\\/\\\/revolutionpadelstore.com\\\/pt-pt\\\/produto\\\/polo-bullpadel-balto-012-blanco-5\\\/#primaryimage\"},\"image\":{\"@id\":\"https:\\\/\\\/revolutionpadelstore.com\\\/pt-pt\\\/produto\\\/polo-bullpadel-balto-012-blanco-5\\\/#primaryimage\"},\"thumbnailUrl\":\"https:\\\/\\\/revolutionpadelstore.com\\\/wp-content\\\/uploads\\\/2025\\\/02\\\/polo-bullpadel-balto-blanco-4.jpg\",\"datePublished\":\"2025-02-18T23:07:11+00:00\",\"dateModified\":\"2026-04-08T04:49:55+00:00\",\"description\":\"Compra el polo Bullpadel Balto en nuestra tienda online. Tejido ultraligero, tecnolog\u00eda Quickerdry y dise\u00f1o deportivo para un m\u00e1ximo confort en la pista. \u00a1Mejor precio garantizado!\",\"breadcrumb\":{\"@id\":\"https:\\\/\\\/revolutionpadelstore.com\\\/pt-pt\\\/produto\\\/polo-bullpadel-balto-012-blanco-5\\\/#breadcrumb\"},\"inLanguage\":\"pt-PT\",\"potentialAction\":[{\"@type\":\"ReadAction\",\"target\":[\"https:\\\/\\\/revolutionpadelstore.com\\\/pt-pt\\\/produto\\\/polo-bullpadel-balto-012-blanco-5\\\/\"]}]},{\"@type\":\"ImageObject\",\"inLanguage\":\"pt-PT\",\"@id\":\"https:\\\/\\\/revolutionpadelstore.com\\\/pt-pt\\\/produto\\\/polo-bullpadel-balto-012-blanco-5\\\/#primaryimage\",\"url\":\"https:\\\/\\\/revolutionpadelstore.com\\\/wp-content\\\/uploads\\\/2025\\\/02\\\/polo-bullpadel-balto-blanco-4.jpg\",\"contentUrl\":\"https:\\\/\\\/revolutionpadelstore.com\\\/wp-content\\\/uploads\\\/2025\\\/02\\\/polo-bullpadel-balto-blanco-4.jpg\",\"width\":1000,\"height\":1188},{\"@type\":\"BreadcrumbList\",\"@id\":\"https:\\\/\\\/revolutionpadelstore.com\\\/pt-pt\\\/produto\\\/polo-bullpadel-balto-012-blanco-5\\\/#breadcrumb\",\"itemListElement\":[{\"@type\":\"ListItem\",\"position\":1,\"name\":\"Portada\",\"item\":\"https:\\\/\\\/revolutionpadelstore.com\\\/pt-pt\\\/\"},{\"@type\":\"ListItem\",\"position\":2,\"name\":\"Tienda\",\"item\":\"https:\\\/\\\/revolutionpadelstore.com\\\/pt-pt\\\/tienda\\\/\"},{\"@type\":\"ListItem\",\"position\":3,\"name\":\"POLO BULLPADEL BALTO 012 BLANCO\"}]},{\"@type\":\"WebSite\",\"@id\":\"https:\\\/\\\/revolutionpadelstore.com\\\/pt-pt\\\/#website\",\"url\":\"https:\\\/\\\/revolutionpadelstore.com\\\/pt-pt\\\/\",\"name\":\"Revolution Padel Store\",\"description\":\"\",\"publisher\":{\"@id\":\"https:\\\/\\\/revolutionpadelstore.com\\\/pt-pt\\\/#organization\"},\"potentialAction\":[{\"@type\":\"SearchAction\",\"target\":{\"@type\":\"EntryPoint\",\"urlTemplate\":\"https:\\\/\\\/revolutionpadelstore.com\\\/pt-pt\\\/?s={search_term_string}\"},\"query-input\":{\"@type\":\"PropertyValueSpecification\",\"valueRequired\":true,\"valueName\":\"search_term_string\"}}],\"inLanguage\":\"pt-PT\"},{\"@type\":\"Organization\",\"@id\":\"https:\\\/\\\/revolutionpadelstore.com\\\/pt-pt\\\/#organization\",\"name\":\"Revolution Padel Store\",\"url\":\"https:\\\/\\\/revolutionpadelstore.com\\\/pt-pt\\\/\",\"logo\":{\"@type\":\"ImageObject\",\"inLanguage\":\"pt-PT\",\"@id\":\"https:\\\/\\\/revolutionpadelstore.com\\\/pt-pt\\\/#\\\/schema\\\/logo\\\/image\\\/\",\"url\":\"https:\\\/\\\/revolutionpadelstore.com\\\/wp-content\\\/uploads\\\/2026\\\/02\\\/revolution-padel-store.jpg\",\"contentUrl\":\"https:\\\/\\\/revolutionpadelstore.com\\\/wp-content\\\/uploads\\\/2026\\\/02\\\/revolution-padel-store.jpg\",\"width\":2000,\"height\":2000,\"caption\":\"Revolution Padel Store\"},\"image\":{\"@id\":\"https:\\\/\\\/revolutionpadelstore.com\\\/pt-pt\\\/#\\\/schema\\\/logo\\\/image\\\/\"},\"sameAs\":[\"https:\\\/\\\/www.instagram.com\\\/revolutionpadelstore\\\/\"]}]}<\/script>\n<!-- \/ Yoast SEO plugin. -->","yoast_head_json":{"title":"POLO BULLPADEL BALTO 012 BLANCO - Revolution Padel Store","description":"Compra el polo Bullpadel Balto en nuestra tienda online. Tejido ultraligero, tecnolog\u00eda Quickerdry y dise\u00f1o deportivo para un m\u00e1ximo confort en la pista. \u00a1Mejor precio garantizado!","robots":{"index":"index","follow":"follow","max-snippet":"max-snippet:-1","max-image-preview":"max-image-preview:large","max-video-preview":"max-video-preview:-1"},"canonical":"https:\/\/revolutionpadelstore.com\/pt-pt\/produto\/polo-bullpadel-balto-012-blanco-5\/","og_locale":"pt_PT","og_type":"article","og_title":"POLO BULLPADEL BALTO 012 BLANCO - Revolution Padel Store","og_description":"Compra el polo Bullpadel Balto en nuestra tienda online. Tejido ultraligero, tecnolog\u00eda Quickerdry y dise\u00f1o deportivo para un m\u00e1ximo confort en la pista. \u00a1Mejor precio garantizado!","og_url":"https:\/\/revolutionpadelstore.com\/pt-pt\/produto\/polo-bullpadel-balto-012-blanco-5\/","og_site_name":"Revolution Padel Store","article_modified_time":"2026-04-08T04:49:55+00:00","og_image":[{"width":1000,"height":1188,"url":"https:\/\/revolutionpadelstore.com\/wp-content\/uploads\/2025\/02\/polo-bullpadel-balto-blanco-4.jpg","type":"image\/jpeg"}],"twitter_card":"summary_large_image","twitter_misc":{"Tempo estimado de leitura":"1 minuto"},"schema":{"@context":"https:\/\/schema.org","@graph":[{"@type":"WebPage","@id":"https:\/\/revolutionpadelstore.com\/pt-pt\/produto\/polo-bullpadel-balto-012-blanco-5\/","url":"https:\/\/revolutionpadelstore.com\/pt-pt\/produto\/polo-bullpadel-balto-012-blanco-5\/","name":"POLO BULLPADEL BALTO 012 BLANCO - Revolution Padel Store","isPartOf":{"@id":"https:\/\/revolutionpadelstore.com\/pt-pt\/#website"},"primaryImageOfPage":{"@id":"https:\/\/revolutionpadelstore.com\/pt-pt\/produto\/polo-bullpadel-balto-012-blanco-5\/#primaryimage"},"image":{"@id":"https:\/\/revolutionpadelstore.com\/pt-pt\/produto\/polo-bullpadel-balto-012-blanco-5\/#primaryimage"},"thumbnailUrl":"https:\/\/revolutionpadelstore.com\/wp-content\/uploads\/2025\/02\/polo-bullpadel-balto-blanco-4.jpg","datePublished":"2025-02-18T23:07:11+00:00","dateModified":"2026-04-08T04:49:55+00:00","description":"Compra el polo Bullpadel Balto en nuestra tienda online. Tejido ultraligero, tecnolog\u00eda Quickerdry y dise\u00f1o deportivo para un m\u00e1ximo confort en la pista. \u00a1Mejor precio garantizado!","breadcrumb":{"@id":"https:\/\/revolutionpadelstore.com\/pt-pt\/produto\/polo-bullpadel-balto-012-blanco-5\/#breadcrumb"},"inLanguage":"pt-PT","potentialAction":[{"@type":"ReadAction","target":["https:\/\/revolutionpadelstore.com\/pt-pt\/produto\/polo-bullpadel-balto-012-blanco-5\/"]}]},{"@type":"ImageObject","inLanguage":"pt-PT","@id":"https:\/\/revolutionpadelstore.com\/pt-pt\/produto\/polo-bullpadel-balto-012-blanco-5\/#primaryimage","url":"https:\/\/revolutionpadelstore.com\/wp-content\/uploads\/2025\/02\/polo-bullpadel-balto-blanco-4.jpg","contentUrl":"https:\/\/revolutionpadelstore.com\/wp-content\/uploads\/2025\/02\/polo-bullpadel-balto-blanco-4.jpg","width":1000,"height":1188},{"@type":"BreadcrumbList","@id":"https:\/\/revolutionpadelstore.com\/pt-pt\/produto\/polo-bullpadel-balto-012-blanco-5\/#breadcrumb","itemListElement":[{"@type":"ListItem","position":1,"name":"Portada","item":"https:\/\/revolutionpadelstore.com\/pt-pt\/"},{"@type":"ListItem","position":2,"name":"Tienda","item":"https:\/\/revolutionpadelstore.com\/pt-pt\/tienda\/"},{"@type":"ListItem","position":3,"name":"POLO BULLPADEL BALTO 012 BLANCO"}]},{"@type":"WebSite","@id":"https:\/\/revolutionpadelstore.com\/pt-pt\/#website","url":"https:\/\/revolutionpadelstore.com\/pt-pt\/","name":"Revolution Padel Store","description":"","publisher":{"@id":"https:\/\/revolutionpadelstore.com\/pt-pt\/#organization"},"potentialAction":[{"@type":"SearchAction","target":{"@type":"EntryPoint","urlTemplate":"https:\/\/revolutionpadelstore.com\/pt-pt\/?s={search_term_string}"},"query-input":{"@type":"PropertyValueSpecification","valueRequired":true,"valueName":"search_term_string"}}],"inLanguage":"pt-PT"},{"@type":"Organization","@id":"https:\/\/revolutionpadelstore.com\/pt-pt\/#organization","name":"Revolution Padel Store","url":"https:\/\/revolutionpadelstore.com\/pt-pt\/","logo":{"@type":"ImageObject","inLanguage":"pt-PT","@id":"https:\/\/revolutionpadelstore.com\/pt-pt\/#\/schema\/logo\/image\/","url":"https:\/\/revolutionpadelstore.com\/wp-content\/uploads\/2026\/02\/revolution-padel-store.jpg","contentUrl":"https:\/\/revolutionpadelstore.com\/wp-content\/uploads\/2026\/02\/revolution-padel-store.jpg","width":2000,"height":2000,"caption":"Revolution Padel Store"},"image":{"@id":"https:\/\/revolutionpadelstore.com\/pt-pt\/#\/schema\/logo\/image\/"},"sameAs":["https:\/\/www.instagram.com\/revolutionpadelstore\/"]}]}},"_links":{"self":[{"href":"https:\/\/revolutionpadelstore.com\/pt-pt\/wp-json\/wp\/v2\/product\/177638","targetHints":{"allow":["GET"]}}],"collection":[{"href":"https:\/\/revolutionpadelstore.com\/pt-pt\/wp-json\/wp\/v2\/product"}],"about":[{"href":"https:\/\/revolutionpadelstore.com\/pt-pt\/wp-json\/wp\/v2\/types\/product"}],"replies":[{"embeddable":true,"href":"https:\/\/revolutionpadelstore.com\/pt-pt\/wp-json\/wp\/v2\/comments?post=177638"}],"wp:featuredmedia":[{"embeddable":true,"href":"https:\/\/revolutionpadelstore.com\/pt-pt\/wp-json\/wp\/v2\/media\/177751"}],"wp:attachment":[{"href":"https:\/\/revolutionpadelstore.com\/pt-pt\/wp-json\/wp\/v2\/media?parent=177638"}],"wp:term":[{"taxonomy":"acabado","embeddable":true,"href":"https:\/\/revolutionpadelstore.com\/pt-pt\/wp-json\/wp\/v2\/acabado?post=177638"},{"taxonomy":"balance","embeddable":true,"href":"https:\/\/revolutionpadelstore.com\/pt-pt\/wp-json\/wp\/v2\/balance?post=177638"},{"taxonomy":"dureza","embeddable":true,"href":"https:\/\/revolutionpadelstore.com\/pt-pt\/wp-json\/wp\/v2\/dureza?post=177638"},{"taxonomy":"forma","embeddable":true,"href":"https:\/\/revolutionpadelstore.com\/pt-pt\/wp-json\/wp\/v2\/forma?post=177638"},{"taxonomy":"jugador","embeddable":true,"href":"https:\/\/revolutionpadelstore.com\/pt-pt\/wp-json\/wp\/v2\/jugador?post=177638"},{"taxonomy":"marca","embeddable":true,"href":"https:\/\/revolutionpadelstore.com\/pt-pt\/wp-json\/wp\/v2\/marca?post=177638"},{"taxonomy":"nivel-de-juego","embeddable":true,"href":"https:\/\/revolutionpadelstore.com\/pt-pt\/wp-json\/wp\/v2\/nivel-de-juego?post=177638"},{"taxonomy":"superficie","embeddable":true,"href":"https:\/\/revolutionpadelstore.com\/pt-pt\/wp-json\/wp\/v2\/superficie?post=177638"},{"taxonomy":"tipo-de-juego","embeddable":true,"href":"https:\/\/revolutionpadelstore.com\/pt-pt\/wp-json\/wp\/v2\/tipo-de-juego?post=177638"},{"taxonomy":"product_brand","embeddable":true,"href":"https:\/\/revolutionpadelstore.com\/pt-pt\/wp-json\/wp\/v2\/product_brand?post=177638"},{"taxonomy":"product_cat","embeddable":true,"href":"https:\/\/revolutionpadelstore.com\/pt-pt\/wp-json\/wp\/v2\/product_cat?post=177638"},{"taxonomy":"product_tag","embeddable":true,"href":"https:\/\/revolutionpadelstore.com\/pt-pt\/wp-json\/wp\/v2\/product_tag?post=177638"}],"curies":[{"name":"wp","href":"https:\/\/api.w.org\/{rel}","templated":true}]}}