{"id":17563,"date":"2024-04-22T15:23:18","date_gmt":"2024-04-22T13:23:18","guid":{"rendered":"https:\/\/revolutionpadelstore.com\/zapatillas-bullpadel-paquito-navarro-hack-vibram-24v-negro\/"},"modified":"2026-04-08T13:01:00","modified_gmt":"2026-04-08T11:01:00","slug":"zapatillas-bullpadel-paquito-navarro-hack-vibram-24v-negro-5","status":"publish","type":"product","link":"https:\/\/revolutionpadelstore.com\/pt-pt\/produto\/zapatillas-bullpadel-paquito-navarro-hack-vibram-24v-negro-5\/","title":{"rendered":"Zapatillas Bullpadel Paquito Navarro Hack Vibram 24V Negro"},"content":{"rendered":"<p>Voc\u00ea \u00e9 um jogador apaixonado de padel e est\u00e1 procurando o cal\u00e7ado perfeito para suas partidas intensas? Ent\u00e3o n\u00e3o procure mais! A Revolution Padel Store tem para voc\u00ea os incr\u00edveis t\u00eanis Bullpadel Paquito Navarro Hack Vibram 24V, a escolha ideal para os jogadores mais exigentes. <\/p>\n<p> Aprovados pelo famoso jogador Paquito Navarro, esses cal\u00e7ados s\u00e3o a combina\u00e7\u00e3o perfeita de desempenho e durabilidade. Gra\u00e7as \u00e0 sola VIBRAM de alta qualidade e \u00e0 prote\u00e7\u00e3o de borracha injetada na biqueira, voc\u00ea estar\u00e1 preparado para enfrentar qualquer desafio na quadra sem se preocupar com o desgaste do cal\u00e7ado. <\/p>\n<p> Mas n\u00e3o \u00e9 s\u00f3, estes cal\u00e7ados tamb\u00e9m se destacam pela inovadora malha t\u00e9cnica que proporciona excelente respirabilidade e leveza, o que lhe permitir\u00e1 mover-se com agilidade e conforto em cada movimento. Al\u00e9m disso, seu estabilizador traseiro na regi\u00e3o do calcanhar lhe dar\u00e1 maior suporte e estabilidade a cada passo. <\/p>\n<p> E como se n\u00e3o bastasse, estes cal\u00e7ados possuem palmilha ORTHOLITE que vai garantir um passo macio e amortecido, protegendo os p\u00e9s de poss\u00edveis les\u00f5es. <\/p>\n<p> N\u00e3o perca mais tempo e adquira j\u00e1 os cal\u00e7ados Bullpadel Paquito Navarro Hack Vibram 24V na Revolution Padel Store, a loja especializada em padel onde voc\u00ea encontrar\u00e1 os melhores produtos para o seu jogo. Fa\u00e7a como Paquito Navarro e escolha a melhor op\u00e7\u00e3o para suas partidas intensivas!<\/p>\n","protected":false},"excerpt":{"rendered":"<p>Bullpadel Paquito Navarro Hack Vibram 24V Sapatos Pretos na Revolution Padel Store. Projetado para jogadores intensivos com sola dur\u00e1vel.<\/p>\n","protected":false},"featured_media":5492,"comment_status":"closed","ping_status":"open","template":"","meta":{"_acf_changed":false,"_joinchat":[]},"acabado":[],"balance":[],"dureza":[],"forma":[],"jugador":[1190],"marca":[1255],"nivel-de-juego":[1335,1345],"superficie":[],"tipo-de-juego":[1370,1375],"product_brand":[],"product_cat":[401],"product_tag":[],"class_list":{"0":"post-17563","1":"product","2":"type-product","3":"status-publish","4":"has-post-thumbnail","6":"jugador-homem","7":"marca-bullpadel-pt-pt","8":"tipo-de-juego-controle","9":"tipo-de-juego-poder","10":"product_cat-tenis-masculino","12":"first","13":"outofstock","14":"sale","15":"taxable","16":"shipping-taxable","17":"purchasable","18":"product-type-variable"},"acf":[],"yoast_head":"<!-- This site is optimized with the Yoast SEO plugin v27.4 - https:\/\/yoast.com\/product\/yoast-seo-wordpress\/ -->\n<title>Zapatillas Bullpadel Paquito Navarro Hack Vibram 24V Negro - Revolution Padel Store<\/title>\n<meta name=\"description\" content=\"Zapatillas Bullpadel Paquito Navarro Hack Vibram 24V Negro en Revolution Padel Store. Dise\u00f1adas para jugadores intensivos con suela duradera.\" \/>\n<meta name=\"robots\" content=\"index, follow, max-snippet:-1, max-image-preview:large, max-video-preview:-1\" \/>\n<link rel=\"canonical\" href=\"https:\/\/revolutionpadelstore.com\/pt-pt\/produto\/zapatillas-bullpadel-paquito-navarro-hack-vibram-24v-negro-5\/\" \/>\n<meta property=\"og:locale\" content=\"pt_PT\" \/>\n<meta property=\"og:type\" content=\"article\" \/>\n<meta property=\"og:title\" content=\"Zapatillas Bullpadel Paquito Navarro Hack Vibram 24V Negro - Revolution Padel Store\" \/>\n<meta property=\"og:description\" content=\"Zapatillas Bullpadel Paquito Navarro Hack Vibram 24V Negro en Revolution Padel Store. Dise\u00f1adas para jugadores intensivos con suela duradera.\" \/>\n<meta property=\"og:url\" content=\"https:\/\/revolutionpadelstore.com\/pt-pt\/produto\/zapatillas-bullpadel-paquito-navarro-hack-vibram-24v-negro-5\/\" \/>\n<meta property=\"og:site_name\" content=\"Revolution Padel Store\" \/>\n<meta property=\"article:modified_time\" content=\"2026-04-08T11:01:00+00:00\" \/>\n<meta property=\"og:image\" content=\"https:\/\/revolutionpadelstore.com\/wp-content\/uploads\/2024\/04\/18385-0-4.jpg\" \/>\n\t<meta property=\"og:image:width\" content=\"800\" \/>\n\t<meta property=\"og:image:height\" content=\"800\" \/>\n\t<meta property=\"og:image:type\" content=\"image\/png\" \/>\n<meta name=\"twitter:card\" content=\"summary_large_image\" \/>\n<meta name=\"twitter:label1\" content=\"Tempo estimado de leitura\" \/>\n\t<meta name=\"twitter:data1\" content=\"1 minuto\" \/>\n<script type=\"application\/ld+json\" class=\"yoast-schema-graph\">{\"@context\":\"https:\\\/\\\/schema.org\",\"@graph\":[{\"@type\":\"WebPage\",\"@id\":\"https:\\\/\\\/revolutionpadelstore.com\\\/pt-pt\\\/produto\\\/zapatillas-bullpadel-paquito-navarro-hack-vibram-24v-negro-5\\\/\",\"url\":\"https:\\\/\\\/revolutionpadelstore.com\\\/pt-pt\\\/produto\\\/zapatillas-bullpadel-paquito-navarro-hack-vibram-24v-negro-5\\\/\",\"name\":\"Zapatillas Bullpadel Paquito Navarro Hack Vibram 24V Negro - Revolution Padel Store\",\"isPartOf\":{\"@id\":\"https:\\\/\\\/revolutionpadelstore.com\\\/pt-pt\\\/#website\"},\"primaryImageOfPage\":{\"@id\":\"https:\\\/\\\/revolutionpadelstore.com\\\/pt-pt\\\/produto\\\/zapatillas-bullpadel-paquito-navarro-hack-vibram-24v-negro-5\\\/#primaryimage\"},\"image\":{\"@id\":\"https:\\\/\\\/revolutionpadelstore.com\\\/pt-pt\\\/produto\\\/zapatillas-bullpadel-paquito-navarro-hack-vibram-24v-negro-5\\\/#primaryimage\"},\"thumbnailUrl\":\"https:\\\/\\\/revolutionpadelstore.com\\\/wp-content\\\/uploads\\\/2024\\\/04\\\/18385-0-4.jpg\",\"datePublished\":\"2024-04-22T13:23:18+00:00\",\"dateModified\":\"2026-04-08T11:01:00+00:00\",\"description\":\"Zapatillas Bullpadel Paquito Navarro Hack Vibram 24V Negro en Revolution Padel Store. Dise\u00f1adas para jugadores intensivos con suela duradera.\",\"breadcrumb\":{\"@id\":\"https:\\\/\\\/revolutionpadelstore.com\\\/pt-pt\\\/produto\\\/zapatillas-bullpadel-paquito-navarro-hack-vibram-24v-negro-5\\\/#breadcrumb\"},\"inLanguage\":\"pt-PT\",\"potentialAction\":[{\"@type\":\"ReadAction\",\"target\":[\"https:\\\/\\\/revolutionpadelstore.com\\\/pt-pt\\\/produto\\\/zapatillas-bullpadel-paquito-navarro-hack-vibram-24v-negro-5\\\/\"]}]},{\"@type\":\"ImageObject\",\"inLanguage\":\"pt-PT\",\"@id\":\"https:\\\/\\\/revolutionpadelstore.com\\\/pt-pt\\\/produto\\\/zapatillas-bullpadel-paquito-navarro-hack-vibram-24v-negro-5\\\/#primaryimage\",\"url\":\"https:\\\/\\\/revolutionpadelstore.com\\\/wp-content\\\/uploads\\\/2024\\\/04\\\/18385-0-4.jpg\",\"contentUrl\":\"https:\\\/\\\/revolutionpadelstore.com\\\/wp-content\\\/uploads\\\/2024\\\/04\\\/18385-0-4.jpg\",\"width\":800,\"height\":800},{\"@type\":\"BreadcrumbList\",\"@id\":\"https:\\\/\\\/revolutionpadelstore.com\\\/pt-pt\\\/produto\\\/zapatillas-bullpadel-paquito-navarro-hack-vibram-24v-negro-5\\\/#breadcrumb\",\"itemListElement\":[{\"@type\":\"ListItem\",\"position\":1,\"name\":\"Portada\",\"item\":\"https:\\\/\\\/revolutionpadelstore.com\\\/pt-pt\\\/\"},{\"@type\":\"ListItem\",\"position\":2,\"name\":\"Tienda\",\"item\":\"https:\\\/\\\/revolutionpadelstore.com\\\/pt-pt\\\/tienda\\\/\"},{\"@type\":\"ListItem\",\"position\":3,\"name\":\"Zapatillas Bullpadel Paquito Navarro Hack Vibram 24V Negro\"}]},{\"@type\":\"WebSite\",\"@id\":\"https:\\\/\\\/revolutionpadelstore.com\\\/pt-pt\\\/#website\",\"url\":\"https:\\\/\\\/revolutionpadelstore.com\\\/pt-pt\\\/\",\"name\":\"Revolution Padel Store\",\"description\":\"\",\"publisher\":{\"@id\":\"https:\\\/\\\/revolutionpadelstore.com\\\/pt-pt\\\/#organization\"},\"potentialAction\":[{\"@type\":\"SearchAction\",\"target\":{\"@type\":\"EntryPoint\",\"urlTemplate\":\"https:\\\/\\\/revolutionpadelstore.com\\\/pt-pt\\\/?s={search_term_string}\"},\"query-input\":{\"@type\":\"PropertyValueSpecification\",\"valueRequired\":true,\"valueName\":\"search_term_string\"}}],\"inLanguage\":\"pt-PT\"},{\"@type\":\"Organization\",\"@id\":\"https:\\\/\\\/revolutionpadelstore.com\\\/pt-pt\\\/#organization\",\"name\":\"Revolution Padel Store\",\"url\":\"https:\\\/\\\/revolutionpadelstore.com\\\/pt-pt\\\/\",\"logo\":{\"@type\":\"ImageObject\",\"inLanguage\":\"pt-PT\",\"@id\":\"https:\\\/\\\/revolutionpadelstore.com\\\/pt-pt\\\/#\\\/schema\\\/logo\\\/image\\\/\",\"url\":\"https:\\\/\\\/revolutionpadelstore.com\\\/wp-content\\\/uploads\\\/2026\\\/02\\\/revolution-padel-store.jpg\",\"contentUrl\":\"https:\\\/\\\/revolutionpadelstore.com\\\/wp-content\\\/uploads\\\/2026\\\/02\\\/revolution-padel-store.jpg\",\"width\":2000,\"height\":2000,\"caption\":\"Revolution Padel Store\"},\"image\":{\"@id\":\"https:\\\/\\\/revolutionpadelstore.com\\\/pt-pt\\\/#\\\/schema\\\/logo\\\/image\\\/\"},\"sameAs\":[\"https:\\\/\\\/www.instagram.com\\\/revolutionpadelstore\\\/\"]}]}<\/script>\n<!-- \/ Yoast SEO plugin. -->","yoast_head_json":{"title":"Zapatillas Bullpadel Paquito Navarro Hack Vibram 24V Negro - Revolution Padel Store","description":"Zapatillas Bullpadel Paquito Navarro Hack Vibram 24V Negro en Revolution Padel Store. Dise\u00f1adas para jugadores intensivos con suela duradera.","robots":{"index":"index","follow":"follow","max-snippet":"max-snippet:-1","max-image-preview":"max-image-preview:large","max-video-preview":"max-video-preview:-1"},"canonical":"https:\/\/revolutionpadelstore.com\/pt-pt\/produto\/zapatillas-bullpadel-paquito-navarro-hack-vibram-24v-negro-5\/","og_locale":"pt_PT","og_type":"article","og_title":"Zapatillas Bullpadel Paquito Navarro Hack Vibram 24V Negro - Revolution Padel Store","og_description":"Zapatillas Bullpadel Paquito Navarro Hack Vibram 24V Negro en Revolution Padel Store. Dise\u00f1adas para jugadores intensivos con suela duradera.","og_url":"https:\/\/revolutionpadelstore.com\/pt-pt\/produto\/zapatillas-bullpadel-paquito-navarro-hack-vibram-24v-negro-5\/","og_site_name":"Revolution Padel Store","article_modified_time":"2026-04-08T11:01:00+00:00","og_image":[{"width":800,"height":800,"url":"https:\/\/revolutionpadelstore.com\/wp-content\/uploads\/2024\/04\/18385-0-4.jpg","type":"image\/png"}],"twitter_card":"summary_large_image","twitter_misc":{"Tempo estimado de leitura":"1 minuto"},"schema":{"@context":"https:\/\/schema.org","@graph":[{"@type":"WebPage","@id":"https:\/\/revolutionpadelstore.com\/pt-pt\/produto\/zapatillas-bullpadel-paquito-navarro-hack-vibram-24v-negro-5\/","url":"https:\/\/revolutionpadelstore.com\/pt-pt\/produto\/zapatillas-bullpadel-paquito-navarro-hack-vibram-24v-negro-5\/","name":"Zapatillas Bullpadel Paquito Navarro Hack Vibram 24V Negro - Revolution Padel Store","isPartOf":{"@id":"https:\/\/revolutionpadelstore.com\/pt-pt\/#website"},"primaryImageOfPage":{"@id":"https:\/\/revolutionpadelstore.com\/pt-pt\/produto\/zapatillas-bullpadel-paquito-navarro-hack-vibram-24v-negro-5\/#primaryimage"},"image":{"@id":"https:\/\/revolutionpadelstore.com\/pt-pt\/produto\/zapatillas-bullpadel-paquito-navarro-hack-vibram-24v-negro-5\/#primaryimage"},"thumbnailUrl":"https:\/\/revolutionpadelstore.com\/wp-content\/uploads\/2024\/04\/18385-0-4.jpg","datePublished":"2024-04-22T13:23:18+00:00","dateModified":"2026-04-08T11:01:00+00:00","description":"Zapatillas Bullpadel Paquito Navarro Hack Vibram 24V Negro en Revolution Padel Store. Dise\u00f1adas para jugadores intensivos con suela duradera.","breadcrumb":{"@id":"https:\/\/revolutionpadelstore.com\/pt-pt\/produto\/zapatillas-bullpadel-paquito-navarro-hack-vibram-24v-negro-5\/#breadcrumb"},"inLanguage":"pt-PT","potentialAction":[{"@type":"ReadAction","target":["https:\/\/revolutionpadelstore.com\/pt-pt\/produto\/zapatillas-bullpadel-paquito-navarro-hack-vibram-24v-negro-5\/"]}]},{"@type":"ImageObject","inLanguage":"pt-PT","@id":"https:\/\/revolutionpadelstore.com\/pt-pt\/produto\/zapatillas-bullpadel-paquito-navarro-hack-vibram-24v-negro-5\/#primaryimage","url":"https:\/\/revolutionpadelstore.com\/wp-content\/uploads\/2024\/04\/18385-0-4.jpg","contentUrl":"https:\/\/revolutionpadelstore.com\/wp-content\/uploads\/2024\/04\/18385-0-4.jpg","width":800,"height":800},{"@type":"BreadcrumbList","@id":"https:\/\/revolutionpadelstore.com\/pt-pt\/produto\/zapatillas-bullpadel-paquito-navarro-hack-vibram-24v-negro-5\/#breadcrumb","itemListElement":[{"@type":"ListItem","position":1,"name":"Portada","item":"https:\/\/revolutionpadelstore.com\/pt-pt\/"},{"@type":"ListItem","position":2,"name":"Tienda","item":"https:\/\/revolutionpadelstore.com\/pt-pt\/tienda\/"},{"@type":"ListItem","position":3,"name":"Zapatillas Bullpadel Paquito Navarro Hack Vibram 24V Negro"}]},{"@type":"WebSite","@id":"https:\/\/revolutionpadelstore.com\/pt-pt\/#website","url":"https:\/\/revolutionpadelstore.com\/pt-pt\/","name":"Revolution Padel Store","description":"","publisher":{"@id":"https:\/\/revolutionpadelstore.com\/pt-pt\/#organization"},"potentialAction":[{"@type":"SearchAction","target":{"@type":"EntryPoint","urlTemplate":"https:\/\/revolutionpadelstore.com\/pt-pt\/?s={search_term_string}"},"query-input":{"@type":"PropertyValueSpecification","valueRequired":true,"valueName":"search_term_string"}}],"inLanguage":"pt-PT"},{"@type":"Organization","@id":"https:\/\/revolutionpadelstore.com\/pt-pt\/#organization","name":"Revolution Padel Store","url":"https:\/\/revolutionpadelstore.com\/pt-pt\/","logo":{"@type":"ImageObject","inLanguage":"pt-PT","@id":"https:\/\/revolutionpadelstore.com\/pt-pt\/#\/schema\/logo\/image\/","url":"https:\/\/revolutionpadelstore.com\/wp-content\/uploads\/2026\/02\/revolution-padel-store.jpg","contentUrl":"https:\/\/revolutionpadelstore.com\/wp-content\/uploads\/2026\/02\/revolution-padel-store.jpg","width":2000,"height":2000,"caption":"Revolution Padel Store"},"image":{"@id":"https:\/\/revolutionpadelstore.com\/pt-pt\/#\/schema\/logo\/image\/"},"sameAs":["https:\/\/www.instagram.com\/revolutionpadelstore\/"]}]}},"_links":{"self":[{"href":"https:\/\/revolutionpadelstore.com\/pt-pt\/wp-json\/wp\/v2\/product\/17563","targetHints":{"allow":["GET"]}}],"collection":[{"href":"https:\/\/revolutionpadelstore.com\/pt-pt\/wp-json\/wp\/v2\/product"}],"about":[{"href":"https:\/\/revolutionpadelstore.com\/pt-pt\/wp-json\/wp\/v2\/types\/product"}],"replies":[{"embeddable":true,"href":"https:\/\/revolutionpadelstore.com\/pt-pt\/wp-json\/wp\/v2\/comments?post=17563"}],"wp:featuredmedia":[{"embeddable":true,"href":"https:\/\/revolutionpadelstore.com\/pt-pt\/wp-json\/wp\/v2\/media\/5492"}],"wp:attachment":[{"href":"https:\/\/revolutionpadelstore.com\/pt-pt\/wp-json\/wp\/v2\/media?parent=17563"}],"wp:term":[{"taxonomy":"acabado","embeddable":true,"href":"https:\/\/revolutionpadelstore.com\/pt-pt\/wp-json\/wp\/v2\/acabado?post=17563"},{"taxonomy":"balance","embeddable":true,"href":"https:\/\/revolutionpadelstore.com\/pt-pt\/wp-json\/wp\/v2\/balance?post=17563"},{"taxonomy":"dureza","embeddable":true,"href":"https:\/\/revolutionpadelstore.com\/pt-pt\/wp-json\/wp\/v2\/dureza?post=17563"},{"taxonomy":"forma","embeddable":true,"href":"https:\/\/revolutionpadelstore.com\/pt-pt\/wp-json\/wp\/v2\/forma?post=17563"},{"taxonomy":"jugador","embeddable":true,"href":"https:\/\/revolutionpadelstore.com\/pt-pt\/wp-json\/wp\/v2\/jugador?post=17563"},{"taxonomy":"marca","embeddable":true,"href":"https:\/\/revolutionpadelstore.com\/pt-pt\/wp-json\/wp\/v2\/marca?post=17563"},{"taxonomy":"nivel-de-juego","embeddable":true,"href":"https:\/\/revolutionpadelstore.com\/pt-pt\/wp-json\/wp\/v2\/nivel-de-juego?post=17563"},{"taxonomy":"superficie","embeddable":true,"href":"https:\/\/revolutionpadelstore.com\/pt-pt\/wp-json\/wp\/v2\/superficie?post=17563"},{"taxonomy":"tipo-de-juego","embeddable":true,"href":"https:\/\/revolutionpadelstore.com\/pt-pt\/wp-json\/wp\/v2\/tipo-de-juego?post=17563"},{"taxonomy":"product_brand","embeddable":true,"href":"https:\/\/revolutionpadelstore.com\/pt-pt\/wp-json\/wp\/v2\/product_brand?post=17563"},{"taxonomy":"product_cat","embeddable":true,"href":"https:\/\/revolutionpadelstore.com\/pt-pt\/wp-json\/wp\/v2\/product_cat?post=17563"},{"taxonomy":"product_tag","embeddable":true,"href":"https:\/\/revolutionpadelstore.com\/pt-pt\/wp-json\/wp\/v2\/product_tag?post=17563"}],"curies":[{"name":"wp","href":"https:\/\/api.w.org\/{rel}","templated":true}]}}