{"id":17493,"date":"2024-04-22T15:23:18","date_gmt":"2024-04-22T13:23:18","guid":{"rendered":"https:\/\/revolutionpadelstore.com\/zapatillas-head-revolt-pro-4-0-clay-negro\/"},"modified":"2026-04-08T13:03:59","modified_gmt":"2026-04-08T11:03:59","slug":"zapatillas-head-revolt-pro-4-0-clay-negro-5","status":"publish","type":"product","link":"https:\/\/revolutionpadelstore.com\/pt-pt\/produto\/zapatillas-head-revolt-pro-4-0-clay-negro-5\/","title":{"rendered":"Zapatillas Head Revolt Pro 4.0 Clay Negro"},"content":{"rendered":"<p>Na Revolution Padel Store voc\u00ea encontrar\u00e1 os melhores cal\u00e7ados para o seu jogo de t\u00eanis, entre eles se destaca o &#8220;T\u00eanis Head Revolt Pro 4.0 Clay Black&#8221;. Estes cal\u00e7ados foram projetados para jogadores agressivos de longa dist\u00e2ncia que buscam m\u00e1xima pot\u00eancia e estabilidade em cada movimento. Gra\u00e7as \u00e0 tecnologia T-KORE 360, voc\u00ea pode confiar sempre no seu cal\u00e7ado, pois oferece resist\u00eancia \u00e0 abras\u00e3o e suporte \u00e0 tor\u00e7\u00e3o incompar\u00e1veis.<\/p>\n<p> Com design moderno e marcante, os REVOLT PRO 4.0 n\u00e3o se destacam apenas pela apar\u00eancia, mas tamb\u00e9m pelo alto desempenho. A sola em espinha garante \u00f3tima ader\u00eancia ao saibro, enquanto o material superior em malha forte e dur\u00e1vel, aliado \u00e0 estrutura moldada em PU, proporcionam maior durabilidade e resist\u00eancia.<\/p>\n<p> Mas a verdadeira inova\u00e7\u00e3o vem com a tecnologia T-KORE 360, presente tanto na sola como na parte superior deste cal\u00e7ado. Esta tecnologia melhora a durabilidade, resist\u00eancia e estabilidade do cal\u00e7ado, permitindo-lhe jogar em campo com total confian\u00e7a e agressividade.<\/p>\n<p> Al\u00e9m disso, o REVOLT PRO 4.0 conta com outras tecnologias exclusivas da HEAD, como TRI-NRG, que oferece desempenho excepcional em quadra, Drift Defense, que protege a regi\u00e3o dos dedos e m\u00e9dio p\u00e9, e Lateral Control, que evita tor\u00e7\u00f5es do p\u00e9. tornozelo gra\u00e7as ao seu refor\u00e7o de estabilidade na lateral da sola.<\/p>\n<p> E para manter o p\u00e9 sempre no lugar, estes sapatos apresentam fechos integrados no meio do p\u00e9, conhecidos como Lockdown Strap. Tudo isso, junto com sua entressola de tripla densidade e piso profundo em espinha, fazem do REVOLT PRO 4.0 um cal\u00e7ado completo e de alto desempenho.<\/p>\n<p> N\u00e3o espere mais e adquira j\u00e1 os seus sapatos Head Revolt Pro 4.0 Clay Black na Revolution Padel Store, a loja de refer\u00eancia para os amantes<\/p>\n","protected":false},"excerpt":{"rendered":"<p>Descubra os sapatos Head Revolt Pro 4.0 Clay Black na Revolution Padel Store. Tecnologia de desempenho e design moderno para jogadores agressivos.<\/p>\n","protected":false},"featured_media":5521,"comment_status":"closed","ping_status":"open","template":"","meta":{"_acf_changed":false,"_joinchat":[]},"acabado":[],"balance":[],"dureza":[],"forma":[],"jugador":[1190],"marca":[1220],"nivel-de-juego":[1335],"superficie":[],"tipo-de-juego":[1375],"product_brand":[],"product_cat":[401],"product_tag":[],"class_list":{"0":"post-17493","1":"product","2":"type-product","3":"status-publish","4":"has-post-thumbnail","6":"jugador-homem","7":"marca-cabeca","8":"tipo-de-juego-poder","9":"product_cat-tenis-masculino","11":"first","12":"outofstock","13":"sale","14":"taxable","15":"shipping-taxable","16":"purchasable","17":"product-type-variable"},"acf":[],"yoast_head":"<!-- This site is optimized with the Yoast SEO plugin v27.4 - https:\/\/yoast.com\/product\/yoast-seo-wordpress\/ -->\n<title>Zapatillas Head Revolt Pro 4.0 Clay Negro - Revolution Padel Store<\/title>\n<meta name=\"description\" content=\"Descubre las zapatillas Head Revolt Pro 4.0 Clay Negro en Revolution Padel Store. Tecnolog\u00eda de rendimiento y dise\u00f1o moderno para jugadores agresivos.\" \/>\n<meta name=\"robots\" content=\"index, follow, max-snippet:-1, max-image-preview:large, max-video-preview:-1\" \/>\n<link rel=\"canonical\" href=\"https:\/\/revolutionpadelstore.com\/pt-pt\/produto\/zapatillas-head-revolt-pro-4-0-clay-negro-5\/\" \/>\n<meta property=\"og:locale\" content=\"pt_PT\" \/>\n<meta property=\"og:type\" content=\"article\" \/>\n<meta property=\"og:title\" content=\"Zapatillas Head Revolt Pro 4.0 Clay Negro - Revolution Padel Store\" \/>\n<meta property=\"og:description\" content=\"Descubre las zapatillas Head Revolt Pro 4.0 Clay Negro en Revolution Padel Store. Tecnolog\u00eda de rendimiento y dise\u00f1o moderno para jugadores agresivos.\" \/>\n<meta property=\"og:url\" content=\"https:\/\/revolutionpadelstore.com\/pt-pt\/produto\/zapatillas-head-revolt-pro-4-0-clay-negro-5\/\" \/>\n<meta property=\"og:site_name\" content=\"Revolution Padel Store\" \/>\n<meta property=\"article:modified_time\" content=\"2026-04-08T11:03:59+00:00\" \/>\n<meta property=\"og:image\" content=\"https:\/\/revolutionpadelstore.com\/wp-content\/uploads\/2024\/04\/16124-0-4.jpg\" \/>\n\t<meta property=\"og:image:width\" content=\"800\" \/>\n\t<meta property=\"og:image:height\" content=\"800\" \/>\n\t<meta property=\"og:image:type\" content=\"image\/png\" \/>\n<meta name=\"twitter:card\" content=\"summary_large_image\" \/>\n<meta name=\"twitter:label1\" content=\"Tempo estimado de leitura\" \/>\n\t<meta name=\"twitter:data1\" content=\"2 minutos\" \/>\n<script type=\"application\/ld+json\" class=\"yoast-schema-graph\">{\"@context\":\"https:\\\/\\\/schema.org\",\"@graph\":[{\"@type\":\"WebPage\",\"@id\":\"https:\\\/\\\/revolutionpadelstore.com\\\/pt-pt\\\/produto\\\/zapatillas-head-revolt-pro-4-0-clay-negro-5\\\/\",\"url\":\"https:\\\/\\\/revolutionpadelstore.com\\\/pt-pt\\\/produto\\\/zapatillas-head-revolt-pro-4-0-clay-negro-5\\\/\",\"name\":\"Zapatillas Head Revolt Pro 4.0 Clay Negro - Revolution Padel Store\",\"isPartOf\":{\"@id\":\"https:\\\/\\\/revolutionpadelstore.com\\\/pt-pt\\\/#website\"},\"primaryImageOfPage\":{\"@id\":\"https:\\\/\\\/revolutionpadelstore.com\\\/pt-pt\\\/produto\\\/zapatillas-head-revolt-pro-4-0-clay-negro-5\\\/#primaryimage\"},\"image\":{\"@id\":\"https:\\\/\\\/revolutionpadelstore.com\\\/pt-pt\\\/produto\\\/zapatillas-head-revolt-pro-4-0-clay-negro-5\\\/#primaryimage\"},\"thumbnailUrl\":\"https:\\\/\\\/revolutionpadelstore.com\\\/wp-content\\\/uploads\\\/2024\\\/04\\\/16124-0-4.jpg\",\"datePublished\":\"2024-04-22T13:23:18+00:00\",\"dateModified\":\"2026-04-08T11:03:59+00:00\",\"description\":\"Descubre las zapatillas Head Revolt Pro 4.0 Clay Negro en Revolution Padel Store. Tecnolog\u00eda de rendimiento y dise\u00f1o moderno para jugadores agresivos.\",\"breadcrumb\":{\"@id\":\"https:\\\/\\\/revolutionpadelstore.com\\\/pt-pt\\\/produto\\\/zapatillas-head-revolt-pro-4-0-clay-negro-5\\\/#breadcrumb\"},\"inLanguage\":\"pt-PT\",\"potentialAction\":[{\"@type\":\"ReadAction\",\"target\":[\"https:\\\/\\\/revolutionpadelstore.com\\\/pt-pt\\\/produto\\\/zapatillas-head-revolt-pro-4-0-clay-negro-5\\\/\"]}]},{\"@type\":\"ImageObject\",\"inLanguage\":\"pt-PT\",\"@id\":\"https:\\\/\\\/revolutionpadelstore.com\\\/pt-pt\\\/produto\\\/zapatillas-head-revolt-pro-4-0-clay-negro-5\\\/#primaryimage\",\"url\":\"https:\\\/\\\/revolutionpadelstore.com\\\/wp-content\\\/uploads\\\/2024\\\/04\\\/16124-0-4.jpg\",\"contentUrl\":\"https:\\\/\\\/revolutionpadelstore.com\\\/wp-content\\\/uploads\\\/2024\\\/04\\\/16124-0-4.jpg\",\"width\":800,\"height\":800},{\"@type\":\"BreadcrumbList\",\"@id\":\"https:\\\/\\\/revolutionpadelstore.com\\\/pt-pt\\\/produto\\\/zapatillas-head-revolt-pro-4-0-clay-negro-5\\\/#breadcrumb\",\"itemListElement\":[{\"@type\":\"ListItem\",\"position\":1,\"name\":\"Portada\",\"item\":\"https:\\\/\\\/revolutionpadelstore.com\\\/pt-pt\\\/\"},{\"@type\":\"ListItem\",\"position\":2,\"name\":\"Tienda\",\"item\":\"https:\\\/\\\/revolutionpadelstore.com\\\/pt-pt\\\/tienda\\\/\"},{\"@type\":\"ListItem\",\"position\":3,\"name\":\"Zapatillas Head Revolt Pro 4.0 Clay Negro\"}]},{\"@type\":\"WebSite\",\"@id\":\"https:\\\/\\\/revolutionpadelstore.com\\\/pt-pt\\\/#website\",\"url\":\"https:\\\/\\\/revolutionpadelstore.com\\\/pt-pt\\\/\",\"name\":\"Revolution Padel Store\",\"description\":\"\",\"publisher\":{\"@id\":\"https:\\\/\\\/revolutionpadelstore.com\\\/pt-pt\\\/#organization\"},\"potentialAction\":[{\"@type\":\"SearchAction\",\"target\":{\"@type\":\"EntryPoint\",\"urlTemplate\":\"https:\\\/\\\/revolutionpadelstore.com\\\/pt-pt\\\/?s={search_term_string}\"},\"query-input\":{\"@type\":\"PropertyValueSpecification\",\"valueRequired\":true,\"valueName\":\"search_term_string\"}}],\"inLanguage\":\"pt-PT\"},{\"@type\":\"Organization\",\"@id\":\"https:\\\/\\\/revolutionpadelstore.com\\\/pt-pt\\\/#organization\",\"name\":\"Revolution Padel Store\",\"url\":\"https:\\\/\\\/revolutionpadelstore.com\\\/pt-pt\\\/\",\"logo\":{\"@type\":\"ImageObject\",\"inLanguage\":\"pt-PT\",\"@id\":\"https:\\\/\\\/revolutionpadelstore.com\\\/pt-pt\\\/#\\\/schema\\\/logo\\\/image\\\/\",\"url\":\"https:\\\/\\\/revolutionpadelstore.com\\\/wp-content\\\/uploads\\\/2026\\\/02\\\/revolution-padel-store.jpg\",\"contentUrl\":\"https:\\\/\\\/revolutionpadelstore.com\\\/wp-content\\\/uploads\\\/2026\\\/02\\\/revolution-padel-store.jpg\",\"width\":2000,\"height\":2000,\"caption\":\"Revolution Padel Store\"},\"image\":{\"@id\":\"https:\\\/\\\/revolutionpadelstore.com\\\/pt-pt\\\/#\\\/schema\\\/logo\\\/image\\\/\"},\"sameAs\":[\"https:\\\/\\\/www.instagram.com\\\/revolutionpadelstore\\\/\"]}]}<\/script>\n<!-- \/ Yoast SEO plugin. -->","yoast_head_json":{"title":"Zapatillas Head Revolt Pro 4.0 Clay Negro - Revolution Padel Store","description":"Descubre las zapatillas Head Revolt Pro 4.0 Clay Negro en Revolution Padel Store. Tecnolog\u00eda de rendimiento y dise\u00f1o moderno para jugadores agresivos.","robots":{"index":"index","follow":"follow","max-snippet":"max-snippet:-1","max-image-preview":"max-image-preview:large","max-video-preview":"max-video-preview:-1"},"canonical":"https:\/\/revolutionpadelstore.com\/pt-pt\/produto\/zapatillas-head-revolt-pro-4-0-clay-negro-5\/","og_locale":"pt_PT","og_type":"article","og_title":"Zapatillas Head Revolt Pro 4.0 Clay Negro - Revolution Padel Store","og_description":"Descubre las zapatillas Head Revolt Pro 4.0 Clay Negro en Revolution Padel Store. Tecnolog\u00eda de rendimiento y dise\u00f1o moderno para jugadores agresivos.","og_url":"https:\/\/revolutionpadelstore.com\/pt-pt\/produto\/zapatillas-head-revolt-pro-4-0-clay-negro-5\/","og_site_name":"Revolution Padel Store","article_modified_time":"2026-04-08T11:03:59+00:00","og_image":[{"width":800,"height":800,"url":"https:\/\/revolutionpadelstore.com\/wp-content\/uploads\/2024\/04\/16124-0-4.jpg","type":"image\/png"}],"twitter_card":"summary_large_image","twitter_misc":{"Tempo estimado de leitura":"2 minutos"},"schema":{"@context":"https:\/\/schema.org","@graph":[{"@type":"WebPage","@id":"https:\/\/revolutionpadelstore.com\/pt-pt\/produto\/zapatillas-head-revolt-pro-4-0-clay-negro-5\/","url":"https:\/\/revolutionpadelstore.com\/pt-pt\/produto\/zapatillas-head-revolt-pro-4-0-clay-negro-5\/","name":"Zapatillas Head Revolt Pro 4.0 Clay Negro - Revolution Padel Store","isPartOf":{"@id":"https:\/\/revolutionpadelstore.com\/pt-pt\/#website"},"primaryImageOfPage":{"@id":"https:\/\/revolutionpadelstore.com\/pt-pt\/produto\/zapatillas-head-revolt-pro-4-0-clay-negro-5\/#primaryimage"},"image":{"@id":"https:\/\/revolutionpadelstore.com\/pt-pt\/produto\/zapatillas-head-revolt-pro-4-0-clay-negro-5\/#primaryimage"},"thumbnailUrl":"https:\/\/revolutionpadelstore.com\/wp-content\/uploads\/2024\/04\/16124-0-4.jpg","datePublished":"2024-04-22T13:23:18+00:00","dateModified":"2026-04-08T11:03:59+00:00","description":"Descubre las zapatillas Head Revolt Pro 4.0 Clay Negro en Revolution Padel Store. Tecnolog\u00eda de rendimiento y dise\u00f1o moderno para jugadores agresivos.","breadcrumb":{"@id":"https:\/\/revolutionpadelstore.com\/pt-pt\/produto\/zapatillas-head-revolt-pro-4-0-clay-negro-5\/#breadcrumb"},"inLanguage":"pt-PT","potentialAction":[{"@type":"ReadAction","target":["https:\/\/revolutionpadelstore.com\/pt-pt\/produto\/zapatillas-head-revolt-pro-4-0-clay-negro-5\/"]}]},{"@type":"ImageObject","inLanguage":"pt-PT","@id":"https:\/\/revolutionpadelstore.com\/pt-pt\/produto\/zapatillas-head-revolt-pro-4-0-clay-negro-5\/#primaryimage","url":"https:\/\/revolutionpadelstore.com\/wp-content\/uploads\/2024\/04\/16124-0-4.jpg","contentUrl":"https:\/\/revolutionpadelstore.com\/wp-content\/uploads\/2024\/04\/16124-0-4.jpg","width":800,"height":800},{"@type":"BreadcrumbList","@id":"https:\/\/revolutionpadelstore.com\/pt-pt\/produto\/zapatillas-head-revolt-pro-4-0-clay-negro-5\/#breadcrumb","itemListElement":[{"@type":"ListItem","position":1,"name":"Portada","item":"https:\/\/revolutionpadelstore.com\/pt-pt\/"},{"@type":"ListItem","position":2,"name":"Tienda","item":"https:\/\/revolutionpadelstore.com\/pt-pt\/tienda\/"},{"@type":"ListItem","position":3,"name":"Zapatillas Head Revolt Pro 4.0 Clay Negro"}]},{"@type":"WebSite","@id":"https:\/\/revolutionpadelstore.com\/pt-pt\/#website","url":"https:\/\/revolutionpadelstore.com\/pt-pt\/","name":"Revolution Padel Store","description":"","publisher":{"@id":"https:\/\/revolutionpadelstore.com\/pt-pt\/#organization"},"potentialAction":[{"@type":"SearchAction","target":{"@type":"EntryPoint","urlTemplate":"https:\/\/revolutionpadelstore.com\/pt-pt\/?s={search_term_string}"},"query-input":{"@type":"PropertyValueSpecification","valueRequired":true,"valueName":"search_term_string"}}],"inLanguage":"pt-PT"},{"@type":"Organization","@id":"https:\/\/revolutionpadelstore.com\/pt-pt\/#organization","name":"Revolution Padel Store","url":"https:\/\/revolutionpadelstore.com\/pt-pt\/","logo":{"@type":"ImageObject","inLanguage":"pt-PT","@id":"https:\/\/revolutionpadelstore.com\/pt-pt\/#\/schema\/logo\/image\/","url":"https:\/\/revolutionpadelstore.com\/wp-content\/uploads\/2026\/02\/revolution-padel-store.jpg","contentUrl":"https:\/\/revolutionpadelstore.com\/wp-content\/uploads\/2026\/02\/revolution-padel-store.jpg","width":2000,"height":2000,"caption":"Revolution Padel Store"},"image":{"@id":"https:\/\/revolutionpadelstore.com\/pt-pt\/#\/schema\/logo\/image\/"},"sameAs":["https:\/\/www.instagram.com\/revolutionpadelstore\/"]}]}},"_links":{"self":[{"href":"https:\/\/revolutionpadelstore.com\/pt-pt\/wp-json\/wp\/v2\/product\/17493","targetHints":{"allow":["GET"]}}],"collection":[{"href":"https:\/\/revolutionpadelstore.com\/pt-pt\/wp-json\/wp\/v2\/product"}],"about":[{"href":"https:\/\/revolutionpadelstore.com\/pt-pt\/wp-json\/wp\/v2\/types\/product"}],"replies":[{"embeddable":true,"href":"https:\/\/revolutionpadelstore.com\/pt-pt\/wp-json\/wp\/v2\/comments?post=17493"}],"wp:featuredmedia":[{"embeddable":true,"href":"https:\/\/revolutionpadelstore.com\/pt-pt\/wp-json\/wp\/v2\/media\/5521"}],"wp:attachment":[{"href":"https:\/\/revolutionpadelstore.com\/pt-pt\/wp-json\/wp\/v2\/media?parent=17493"}],"wp:term":[{"taxonomy":"acabado","embeddable":true,"href":"https:\/\/revolutionpadelstore.com\/pt-pt\/wp-json\/wp\/v2\/acabado?post=17493"},{"taxonomy":"balance","embeddable":true,"href":"https:\/\/revolutionpadelstore.com\/pt-pt\/wp-json\/wp\/v2\/balance?post=17493"},{"taxonomy":"dureza","embeddable":true,"href":"https:\/\/revolutionpadelstore.com\/pt-pt\/wp-json\/wp\/v2\/dureza?post=17493"},{"taxonomy":"forma","embeddable":true,"href":"https:\/\/revolutionpadelstore.com\/pt-pt\/wp-json\/wp\/v2\/forma?post=17493"},{"taxonomy":"jugador","embeddable":true,"href":"https:\/\/revolutionpadelstore.com\/pt-pt\/wp-json\/wp\/v2\/jugador?post=17493"},{"taxonomy":"marca","embeddable":true,"href":"https:\/\/revolutionpadelstore.com\/pt-pt\/wp-json\/wp\/v2\/marca?post=17493"},{"taxonomy":"nivel-de-juego","embeddable":true,"href":"https:\/\/revolutionpadelstore.com\/pt-pt\/wp-json\/wp\/v2\/nivel-de-juego?post=17493"},{"taxonomy":"superficie","embeddable":true,"href":"https:\/\/revolutionpadelstore.com\/pt-pt\/wp-json\/wp\/v2\/superficie?post=17493"},{"taxonomy":"tipo-de-juego","embeddable":true,"href":"https:\/\/revolutionpadelstore.com\/pt-pt\/wp-json\/wp\/v2\/tipo-de-juego?post=17493"},{"taxonomy":"product_brand","embeddable":true,"href":"https:\/\/revolutionpadelstore.com\/pt-pt\/wp-json\/wp\/v2\/product_brand?post=17493"},{"taxonomy":"product_cat","embeddable":true,"href":"https:\/\/revolutionpadelstore.com\/pt-pt\/wp-json\/wp\/v2\/product_cat?post=17493"},{"taxonomy":"product_tag","embeddable":true,"href":"https:\/\/revolutionpadelstore.com\/pt-pt\/wp-json\/wp\/v2\/product_tag?post=17493"}],"curies":[{"name":"wp","href":"https:\/\/api.w.org\/{rel}","templated":true}]}}