{"id":173807,"date":"2025-02-19T02:03:18","date_gmt":"2025-02-19T01:03:18","guid":{"rendered":"https:\/\/revolutionpadelstore.com\/camiseta-bullpadel-paquito-25v-420-lima\/"},"modified":"2026-04-08T06:21:29","modified_gmt":"2026-04-08T04:21:29","slug":"camiseta-bullpadel-paquito-25v-420-lima-5","status":"publish","type":"product","link":"https:\/\/revolutionpadelstore.com\/pt-pt\/produto\/camiseta-bullpadel-paquito-25v-420-lima-5\/","title":{"rendered":"CAMISETA BULLPADEL PAQUITO 25V 420 LIMA"},"content":{"rendered":"<p><H2> bullpadel paquito 25v homem &#8211; performance e estilo na pista<br \/>\nA camisa Paptle Paddle 25V Bullpadel \u00e9 a escolha ideal para jogadores que buscam conforto, respirabilidade e um design moderno. Projetado com a tecnologia Drynamic, esta pe\u00e7a oferece secagem r\u00e1pida e respirabilidade m\u00e1xima, mantendo voc\u00ea fresco, mesmo nas partidas mais intensas.<\/p>\n<p>Sua prepara\u00e7\u00e3o de 82% de poli\u00e9ster e 18% elastane fornecem elasticidade excepcional, permitindo total liberdade de movimentos. Com um design de manga curta e uma cor vibrante de lim\u00e3o, esta camisa combina funcionalidade e estilo para se destacar na pista.<br \/>\n<H2> <strong> caracter\u00edsticas do bullpadel paquito 25V <\/strong> <\/h2>\n<p>-T\u00e9cnico -Dr\u00edfero para melhor respirabilidade e secagem r\u00e1pida.<br \/>\n-Composi\u00e7\u00e3o: 82% de poli\u00e9ster, 18% elastane.<br \/>\n-Corte esportes com ajuste confort\u00e1vel e leve.<br \/>\n-Manga abrevia\u00e7\u00e3o de maior liberdade de movimento.<br \/>\n-Modern Lima Dise\u00f1o, ideal para treinamento e competi\u00e7\u00f5es.<br \/>\n<H2> <strong> desempenho m\u00e1ximo e conforto <\/strong> <\/h2>\n<p>Esta camisa foi projetada para exigir jogadores que procuram desempenho e conforto em cada jogo. Seu tecido t\u00e9cnico ajuda a manter a pele seca, enquanto seu ajuste ergon\u00f4mico permite que voc\u00ea se mova com a naturalidade total.<\/p>\n<p><strong> Obtenha a camisa Bullpadel Paquito 25V pelo melhor pre\u00e7o em nossa loja on -line &lt;A href = &quot;https:\/\/chatgpt.com\/g\/g-675432e026888191b6ee6d6f2fdbb15e-timiza\u00e7\u00e3o n\u00edvel<\/p>\n<h2>Camiseta Bullpadel Paquito 25V Hombre \u2013 Rendimiento y Estilo en la Pista<\/h2>\n","protected":false},"excerpt":{"rendered":"<p>A camisa de paddle de 25V para homens \u00e9 uma roupa ideal para jogadores que procuram conforto e desempenho na quadra. Feito com tecido t\u00e9cnico dryn\u00e2mico, esta camisa oferece \u00f3tima respirabilidade e secagem r\u00e1pida, mantendo o jogador fresco durante o jogo.<\/p>\n","protected":false},"featured_media":173824,"comment_status":"open","ping_status":"closed","template":"","meta":{"_acf_changed":false,"_joinchat":[]},"acabado":[],"balance":[],"dureza":[],"forma":[],"jugador":[1190],"marca":[1255],"nivel-de-juego":[],"superficie":[],"tipo-de-juego":[],"product_brand":[],"product_cat":[330,331],"product_tag":[],"class_list":{"0":"post-173807","1":"product","2":"type-product","3":"status-publish","4":"has-post-thumbnail","6":"jugador-homem","7":"marca-bullpadel-pt-pt","8":"product_cat-roupa","9":"product_cat-roupa-de-jogadores-premier","11":"first","12":"outofstock","13":"sale","14":"taxable","15":"shipping-taxable","16":"purchasable","17":"product-type-variable","18":"has-default-attributes"},"acf":[],"yoast_head":"<!-- This site is optimized with the Yoast SEO plugin v27.4 - https:\/\/yoast.com\/product\/yoast-seo-wordpress\/ -->\n<title>CAMISETA BULLPADEL PAQUITO 25V 420 LIMA - Revolution Padel Store<\/title>\n<meta name=\"description\" content=\"La camiseta de p\u00e1del Bullpadel Paquito 25V es la elecci\u00f3n ideal para jugadores que buscan comodidad, transpirabilidad y un dise\u00f1o moderno. Dise\u00f1ada con tecnolog\u00eda Drynamic, esta prenda ofrece secado r\u00e1pido y m\u00e1xima transpirabilidad, manteni\u00e9ndote fresco incluso en los partidos m\u00e1s intensos.\" \/>\n<meta name=\"robots\" content=\"index, follow, max-snippet:-1, max-image-preview:large, max-video-preview:-1\" \/>\n<link rel=\"canonical\" href=\"https:\/\/revolutionpadelstore.com\/pt-pt\/produto\/camiseta-bullpadel-paquito-25v-420-lima-5\/\" \/>\n<meta property=\"og:locale\" content=\"pt_PT\" \/>\n<meta property=\"og:type\" content=\"article\" \/>\n<meta property=\"og:title\" content=\"CAMISETA BULLPADEL PAQUITO 25V 420 LIMA - Revolution Padel Store\" \/>\n<meta property=\"og:description\" content=\"La camiseta de p\u00e1del Bullpadel Paquito 25V es la elecci\u00f3n ideal para jugadores que buscan comodidad, transpirabilidad y un dise\u00f1o moderno. Dise\u00f1ada con tecnolog\u00eda Drynamic, esta prenda ofrece secado r\u00e1pido y m\u00e1xima transpirabilidad, manteni\u00e9ndote fresco incluso en los partidos m\u00e1s intensos.\" \/>\n<meta property=\"og:url\" content=\"https:\/\/revolutionpadelstore.com\/pt-pt\/produto\/camiseta-bullpadel-paquito-25v-420-lima-5\/\" \/>\n<meta property=\"og:site_name\" content=\"Revolution Padel Store\" \/>\n<meta property=\"article:modified_time\" content=\"2026-04-08T04:21:29+00:00\" \/>\n<meta property=\"og:image\" content=\"https:\/\/revolutionpadelstore.com\/wp-content\/uploads\/2025\/02\/FOTO-PALAS-3-1.png\" \/>\n\t<meta property=\"og:image:width\" content=\"1500\" \/>\n\t<meta property=\"og:image:height\" content=\"1500\" \/>\n\t<meta property=\"og:image:type\" content=\"image\/png\" \/>\n<meta name=\"twitter:card\" content=\"summary_large_image\" \/>\n<meta name=\"twitter:label1\" content=\"Tempo estimado de leitura\" \/>\n\t<meta name=\"twitter:data1\" content=\"1 minuto\" \/>\n<script type=\"application\/ld+json\" class=\"yoast-schema-graph\">{\"@context\":\"https:\\\/\\\/schema.org\",\"@graph\":[{\"@type\":\"WebPage\",\"@id\":\"https:\\\/\\\/revolutionpadelstore.com\\\/pt-pt\\\/produto\\\/camiseta-bullpadel-paquito-25v-420-lima-5\\\/\",\"url\":\"https:\\\/\\\/revolutionpadelstore.com\\\/pt-pt\\\/produto\\\/camiseta-bullpadel-paquito-25v-420-lima-5\\\/\",\"name\":\"CAMISETA BULLPADEL PAQUITO 25V 420 LIMA - Revolution Padel Store\",\"isPartOf\":{\"@id\":\"https:\\\/\\\/revolutionpadelstore.com\\\/pt-pt\\\/#website\"},\"primaryImageOfPage\":{\"@id\":\"https:\\\/\\\/revolutionpadelstore.com\\\/pt-pt\\\/produto\\\/camiseta-bullpadel-paquito-25v-420-lima-5\\\/#primaryimage\"},\"image\":{\"@id\":\"https:\\\/\\\/revolutionpadelstore.com\\\/pt-pt\\\/produto\\\/camiseta-bullpadel-paquito-25v-420-lima-5\\\/#primaryimage\"},\"thumbnailUrl\":\"https:\\\/\\\/revolutionpadelstore.com\\\/wp-content\\\/uploads\\\/2025\\\/02\\\/FOTO-PALAS-3-1.png\",\"datePublished\":\"2025-02-19T01:03:18+00:00\",\"dateModified\":\"2026-04-08T04:21:29+00:00\",\"description\":\"La camiseta de p\u00e1del Bullpadel Paquito 25V es la elecci\u00f3n ideal para jugadores que buscan comodidad, transpirabilidad y un dise\u00f1o moderno. Dise\u00f1ada con tecnolog\u00eda Drynamic, esta prenda ofrece secado r\u00e1pido y m\u00e1xima transpirabilidad, manteni\u00e9ndote fresco incluso en los partidos m\u00e1s intensos.\",\"breadcrumb\":{\"@id\":\"https:\\\/\\\/revolutionpadelstore.com\\\/pt-pt\\\/produto\\\/camiseta-bullpadel-paquito-25v-420-lima-5\\\/#breadcrumb\"},\"inLanguage\":\"pt-PT\",\"potentialAction\":[{\"@type\":\"ReadAction\",\"target\":[\"https:\\\/\\\/revolutionpadelstore.com\\\/pt-pt\\\/produto\\\/camiseta-bullpadel-paquito-25v-420-lima-5\\\/\"]}]},{\"@type\":\"ImageObject\",\"inLanguage\":\"pt-PT\",\"@id\":\"https:\\\/\\\/revolutionpadelstore.com\\\/pt-pt\\\/produto\\\/camiseta-bullpadel-paquito-25v-420-lima-5\\\/#primaryimage\",\"url\":\"https:\\\/\\\/revolutionpadelstore.com\\\/wp-content\\\/uploads\\\/2025\\\/02\\\/FOTO-PALAS-3-1.png\",\"contentUrl\":\"https:\\\/\\\/revolutionpadelstore.com\\\/wp-content\\\/uploads\\\/2025\\\/02\\\/FOTO-PALAS-3-1.png\",\"width\":1500,\"height\":1500},{\"@type\":\"BreadcrumbList\",\"@id\":\"https:\\\/\\\/revolutionpadelstore.com\\\/pt-pt\\\/produto\\\/camiseta-bullpadel-paquito-25v-420-lima-5\\\/#breadcrumb\",\"itemListElement\":[{\"@type\":\"ListItem\",\"position\":1,\"name\":\"Portada\",\"item\":\"https:\\\/\\\/revolutionpadelstore.com\\\/pt-pt\\\/\"},{\"@type\":\"ListItem\",\"position\":2,\"name\":\"Tienda\",\"item\":\"https:\\\/\\\/revolutionpadelstore.com\\\/pt-pt\\\/tienda\\\/\"},{\"@type\":\"ListItem\",\"position\":3,\"name\":\"CAMISETA BULLPADEL PAQUITO 25V 420 LIMA\"}]},{\"@type\":\"WebSite\",\"@id\":\"https:\\\/\\\/revolutionpadelstore.com\\\/pt-pt\\\/#website\",\"url\":\"https:\\\/\\\/revolutionpadelstore.com\\\/pt-pt\\\/\",\"name\":\"Revolution Padel Store\",\"description\":\"\",\"publisher\":{\"@id\":\"https:\\\/\\\/revolutionpadelstore.com\\\/pt-pt\\\/#organization\"},\"potentialAction\":[{\"@type\":\"SearchAction\",\"target\":{\"@type\":\"EntryPoint\",\"urlTemplate\":\"https:\\\/\\\/revolutionpadelstore.com\\\/pt-pt\\\/?s={search_term_string}\"},\"query-input\":{\"@type\":\"PropertyValueSpecification\",\"valueRequired\":true,\"valueName\":\"search_term_string\"}}],\"inLanguage\":\"pt-PT\"},{\"@type\":\"Organization\",\"@id\":\"https:\\\/\\\/revolutionpadelstore.com\\\/pt-pt\\\/#organization\",\"name\":\"Revolution Padel Store\",\"url\":\"https:\\\/\\\/revolutionpadelstore.com\\\/pt-pt\\\/\",\"logo\":{\"@type\":\"ImageObject\",\"inLanguage\":\"pt-PT\",\"@id\":\"https:\\\/\\\/revolutionpadelstore.com\\\/pt-pt\\\/#\\\/schema\\\/logo\\\/image\\\/\",\"url\":\"https:\\\/\\\/revolutionpadelstore.com\\\/wp-content\\\/uploads\\\/2026\\\/02\\\/revolution-padel-store.jpg\",\"contentUrl\":\"https:\\\/\\\/revolutionpadelstore.com\\\/wp-content\\\/uploads\\\/2026\\\/02\\\/revolution-padel-store.jpg\",\"width\":2000,\"height\":2000,\"caption\":\"Revolution Padel Store\"},\"image\":{\"@id\":\"https:\\\/\\\/revolutionpadelstore.com\\\/pt-pt\\\/#\\\/schema\\\/logo\\\/image\\\/\"},\"sameAs\":[\"https:\\\/\\\/www.instagram.com\\\/revolutionpadelstore\\\/\"]}]}<\/script>\n<!-- \/ Yoast SEO plugin. -->","yoast_head_json":{"title":"CAMISETA BULLPADEL PAQUITO 25V 420 LIMA - Revolution Padel Store","description":"La camiseta de p\u00e1del Bullpadel Paquito 25V es la elecci\u00f3n ideal para jugadores que buscan comodidad, transpirabilidad y un dise\u00f1o moderno. Dise\u00f1ada con tecnolog\u00eda Drynamic, esta prenda ofrece secado r\u00e1pido y m\u00e1xima transpirabilidad, manteni\u00e9ndote fresco incluso en los partidos m\u00e1s intensos.","robots":{"index":"index","follow":"follow","max-snippet":"max-snippet:-1","max-image-preview":"max-image-preview:large","max-video-preview":"max-video-preview:-1"},"canonical":"https:\/\/revolutionpadelstore.com\/pt-pt\/produto\/camiseta-bullpadel-paquito-25v-420-lima-5\/","og_locale":"pt_PT","og_type":"article","og_title":"CAMISETA BULLPADEL PAQUITO 25V 420 LIMA - Revolution Padel Store","og_description":"La camiseta de p\u00e1del Bullpadel Paquito 25V es la elecci\u00f3n ideal para jugadores que buscan comodidad, transpirabilidad y un dise\u00f1o moderno. Dise\u00f1ada con tecnolog\u00eda Drynamic, esta prenda ofrece secado r\u00e1pido y m\u00e1xima transpirabilidad, manteni\u00e9ndote fresco incluso en los partidos m\u00e1s intensos.","og_url":"https:\/\/revolutionpadelstore.com\/pt-pt\/produto\/camiseta-bullpadel-paquito-25v-420-lima-5\/","og_site_name":"Revolution Padel Store","article_modified_time":"2026-04-08T04:21:29+00:00","og_image":[{"width":1500,"height":1500,"url":"https:\/\/revolutionpadelstore.com\/wp-content\/uploads\/2025\/02\/FOTO-PALAS-3-1.png","type":"image\/png"}],"twitter_card":"summary_large_image","twitter_misc":{"Tempo estimado de leitura":"1 minuto"},"schema":{"@context":"https:\/\/schema.org","@graph":[{"@type":"WebPage","@id":"https:\/\/revolutionpadelstore.com\/pt-pt\/produto\/camiseta-bullpadel-paquito-25v-420-lima-5\/","url":"https:\/\/revolutionpadelstore.com\/pt-pt\/produto\/camiseta-bullpadel-paquito-25v-420-lima-5\/","name":"CAMISETA BULLPADEL PAQUITO 25V 420 LIMA - Revolution Padel Store","isPartOf":{"@id":"https:\/\/revolutionpadelstore.com\/pt-pt\/#website"},"primaryImageOfPage":{"@id":"https:\/\/revolutionpadelstore.com\/pt-pt\/produto\/camiseta-bullpadel-paquito-25v-420-lima-5\/#primaryimage"},"image":{"@id":"https:\/\/revolutionpadelstore.com\/pt-pt\/produto\/camiseta-bullpadel-paquito-25v-420-lima-5\/#primaryimage"},"thumbnailUrl":"https:\/\/revolutionpadelstore.com\/wp-content\/uploads\/2025\/02\/FOTO-PALAS-3-1.png","datePublished":"2025-02-19T01:03:18+00:00","dateModified":"2026-04-08T04:21:29+00:00","description":"La camiseta de p\u00e1del Bullpadel Paquito 25V es la elecci\u00f3n ideal para jugadores que buscan comodidad, transpirabilidad y un dise\u00f1o moderno. Dise\u00f1ada con tecnolog\u00eda Drynamic, esta prenda ofrece secado r\u00e1pido y m\u00e1xima transpirabilidad, manteni\u00e9ndote fresco incluso en los partidos m\u00e1s intensos.","breadcrumb":{"@id":"https:\/\/revolutionpadelstore.com\/pt-pt\/produto\/camiseta-bullpadel-paquito-25v-420-lima-5\/#breadcrumb"},"inLanguage":"pt-PT","potentialAction":[{"@type":"ReadAction","target":["https:\/\/revolutionpadelstore.com\/pt-pt\/produto\/camiseta-bullpadel-paquito-25v-420-lima-5\/"]}]},{"@type":"ImageObject","inLanguage":"pt-PT","@id":"https:\/\/revolutionpadelstore.com\/pt-pt\/produto\/camiseta-bullpadel-paquito-25v-420-lima-5\/#primaryimage","url":"https:\/\/revolutionpadelstore.com\/wp-content\/uploads\/2025\/02\/FOTO-PALAS-3-1.png","contentUrl":"https:\/\/revolutionpadelstore.com\/wp-content\/uploads\/2025\/02\/FOTO-PALAS-3-1.png","width":1500,"height":1500},{"@type":"BreadcrumbList","@id":"https:\/\/revolutionpadelstore.com\/pt-pt\/produto\/camiseta-bullpadel-paquito-25v-420-lima-5\/#breadcrumb","itemListElement":[{"@type":"ListItem","position":1,"name":"Portada","item":"https:\/\/revolutionpadelstore.com\/pt-pt\/"},{"@type":"ListItem","position":2,"name":"Tienda","item":"https:\/\/revolutionpadelstore.com\/pt-pt\/tienda\/"},{"@type":"ListItem","position":3,"name":"CAMISETA BULLPADEL PAQUITO 25V 420 LIMA"}]},{"@type":"WebSite","@id":"https:\/\/revolutionpadelstore.com\/pt-pt\/#website","url":"https:\/\/revolutionpadelstore.com\/pt-pt\/","name":"Revolution Padel Store","description":"","publisher":{"@id":"https:\/\/revolutionpadelstore.com\/pt-pt\/#organization"},"potentialAction":[{"@type":"SearchAction","target":{"@type":"EntryPoint","urlTemplate":"https:\/\/revolutionpadelstore.com\/pt-pt\/?s={search_term_string}"},"query-input":{"@type":"PropertyValueSpecification","valueRequired":true,"valueName":"search_term_string"}}],"inLanguage":"pt-PT"},{"@type":"Organization","@id":"https:\/\/revolutionpadelstore.com\/pt-pt\/#organization","name":"Revolution Padel Store","url":"https:\/\/revolutionpadelstore.com\/pt-pt\/","logo":{"@type":"ImageObject","inLanguage":"pt-PT","@id":"https:\/\/revolutionpadelstore.com\/pt-pt\/#\/schema\/logo\/image\/","url":"https:\/\/revolutionpadelstore.com\/wp-content\/uploads\/2026\/02\/revolution-padel-store.jpg","contentUrl":"https:\/\/revolutionpadelstore.com\/wp-content\/uploads\/2026\/02\/revolution-padel-store.jpg","width":2000,"height":2000,"caption":"Revolution Padel Store"},"image":{"@id":"https:\/\/revolutionpadelstore.com\/pt-pt\/#\/schema\/logo\/image\/"},"sameAs":["https:\/\/www.instagram.com\/revolutionpadelstore\/"]}]}},"_links":{"self":[{"href":"https:\/\/revolutionpadelstore.com\/pt-pt\/wp-json\/wp\/v2\/product\/173807","targetHints":{"allow":["GET"]}}],"collection":[{"href":"https:\/\/revolutionpadelstore.com\/pt-pt\/wp-json\/wp\/v2\/product"}],"about":[{"href":"https:\/\/revolutionpadelstore.com\/pt-pt\/wp-json\/wp\/v2\/types\/product"}],"replies":[{"embeddable":true,"href":"https:\/\/revolutionpadelstore.com\/pt-pt\/wp-json\/wp\/v2\/comments?post=173807"}],"wp:featuredmedia":[{"embeddable":true,"href":"https:\/\/revolutionpadelstore.com\/pt-pt\/wp-json\/wp\/v2\/media\/173824"}],"wp:attachment":[{"href":"https:\/\/revolutionpadelstore.com\/pt-pt\/wp-json\/wp\/v2\/media?parent=173807"}],"wp:term":[{"taxonomy":"acabado","embeddable":true,"href":"https:\/\/revolutionpadelstore.com\/pt-pt\/wp-json\/wp\/v2\/acabado?post=173807"},{"taxonomy":"balance","embeddable":true,"href":"https:\/\/revolutionpadelstore.com\/pt-pt\/wp-json\/wp\/v2\/balance?post=173807"},{"taxonomy":"dureza","embeddable":true,"href":"https:\/\/revolutionpadelstore.com\/pt-pt\/wp-json\/wp\/v2\/dureza?post=173807"},{"taxonomy":"forma","embeddable":true,"href":"https:\/\/revolutionpadelstore.com\/pt-pt\/wp-json\/wp\/v2\/forma?post=173807"},{"taxonomy":"jugador","embeddable":true,"href":"https:\/\/revolutionpadelstore.com\/pt-pt\/wp-json\/wp\/v2\/jugador?post=173807"},{"taxonomy":"marca","embeddable":true,"href":"https:\/\/revolutionpadelstore.com\/pt-pt\/wp-json\/wp\/v2\/marca?post=173807"},{"taxonomy":"nivel-de-juego","embeddable":true,"href":"https:\/\/revolutionpadelstore.com\/pt-pt\/wp-json\/wp\/v2\/nivel-de-juego?post=173807"},{"taxonomy":"superficie","embeddable":true,"href":"https:\/\/revolutionpadelstore.com\/pt-pt\/wp-json\/wp\/v2\/superficie?post=173807"},{"taxonomy":"tipo-de-juego","embeddable":true,"href":"https:\/\/revolutionpadelstore.com\/pt-pt\/wp-json\/wp\/v2\/tipo-de-juego?post=173807"},{"taxonomy":"product_brand","embeddable":true,"href":"https:\/\/revolutionpadelstore.com\/pt-pt\/wp-json\/wp\/v2\/product_brand?post=173807"},{"taxonomy":"product_cat","embeddable":true,"href":"https:\/\/revolutionpadelstore.com\/pt-pt\/wp-json\/wp\/v2\/product_cat?post=173807"},{"taxonomy":"product_tag","embeddable":true,"href":"https:\/\/revolutionpadelstore.com\/pt-pt\/wp-json\/wp\/v2\/product_tag?post=173807"}],"curies":[{"name":"wp","href":"https:\/\/api.w.org\/{rel}","templated":true}]}}