{"id":173685,"date":"2025-02-19T02:08:10","date_gmt":"2025-02-19T01:08:10","guid":{"rendered":"https:\/\/revolutionpadelstore.com\/camiseta-bullpadel-chingotto-25v-531-papaya\/"},"modified":"2026-04-08T06:19:32","modified_gmt":"2026-04-08T04:19:32","slug":"camiseta-bullpadel-chingotto-25v-531-papaya-5","status":"publish","type":"product","link":"https:\/\/revolutionpadelstore.com\/pt-pt\/produto\/camiseta-bullpadel-chingotto-25v-531-papaya-5\/","title":{"rendered":"CAMISETA BULLPADEL CHINGOTTO 25V 531 PAPAYA"},"content":{"rendered":"<p><H2> <strong> bullpadel chingotto 25v homem &#8211; conforto e estilo para paddle <\/strong> <\/h2>\n<p>A camisa de bullpadel chingotto 25V em mam\u00e3o \u00e9 a pe\u00e7a de roupa perfeita para jogadores de paddle que procuram conforto, respirabilidade e um design inovador.<\/p>\n<p>Feito de tecido de jersey de poli\u00e9ster el\u00e1stico \u00fanico -polester, esta camisa incorpora a tecnologia dryn\u00e2mica, que favorece a evapora\u00e7\u00e3o do suor e a secagem r\u00e1pida, mantendo -o fresco e seco durante o jogo. Sua composi\u00e7\u00e3o de 90% de poli\u00e9ster e 10% do Elast\u00e1n garante um ajuste confort\u00e1vel e grande liberdade de movimento na pista.<\/p>\n<p>Al\u00e9m disso, seu design sublimado degradado com impress\u00f5es reflexivas e detalhes perfurados a laser n\u00e3o apenas fornece um toque moderno, mas tamb\u00e9m melhora a ventila\u00e7\u00e3o para maior conforto.<br \/>\n<H2> Caracter\u00edsticas do bullpadel chingotto 25V<\/p>\n<p>-tecido t\u00e9cnico: camisa de poli\u00e9ster el\u00e1stica \u00fanica.<br \/>\nTecnologia Diln\u00e2mica: melhora a respirabilidade e a secagem r\u00e1pida.<br \/>\n-Sign sublimado em degradado com detalhes reflexivos.<br \/>\nLaser iluminado por maior ventila\u00e7\u00e3o.<br \/>\n-Composi\u00e7\u00e3o: 90% de poli\u00e9ster, 10% elast\u00e1n.<br \/>\n-Corte esportes e ajuste confort\u00e1vel para maior liberdade de movimento<\/p>\n<p><H2> pague ao m\u00e1ximo com um estilo \u00fanico <\/h2>\n<p>Esta camisa n\u00e3o \u00e9 apenas funcional, mas tamb\u00e9m destaca seu design impressionante e detalhes premium, o que a torna uma op\u00e7\u00e3o ideal para treinamento e competi\u00e7\u00f5es.<\/p>\n<p>\ud83d\udce2 <strong> Obtenha a camisa de bullpadel Chingotto 25V pelo melhor pre\u00e7o em nossa loja online &lt;A href = &quot;https:\/\/chatgpt.com\/g\/g-675432e026888191b6ee6d6f2fdbb15e-timization-textos\/c\/www.revoldelstore.com&quot; faixa<\/p>\n<h2><strong>Camiseta Bullpadel Chingotto 25V Hombre \u2013 Comodidad y Estilo para el P\u00e1del<\/strong><\/p>\n","protected":false},"excerpt":{"rendered":"<p>O <Strong Data-Sart=\"194\" Data-End=\"230\"> Bullpadel Chingotto 25V <\/strong> T-shirt <\/strong> em <Strong Data-Start=\"234\" Data-end=\"250\"> Cor de mam\u00e3o <\/strong> <\/strong> <\/strong> \u00e9 a roupa perfeita para jogadores de paddle olhando Data-end = &#8220;365&#8221;&gt; conforto, respirabilidade e um design inovador <\/strong>.<strong data-start=\"194\" data-end=\"230\">camiseta Bullpadel Chingotto 25V<\/strong><\/p>\n","protected":false},"featured_media":173702,"comment_status":"open","ping_status":"closed","template":"","meta":{"_acf_changed":false,"_joinchat":[]},"acabado":[],"balance":[],"dureza":[],"forma":[],"jugador":[1190],"marca":[1255],"nivel-de-juego":[],"superficie":[],"tipo-de-juego":[],"product_brand":[],"product_cat":[330,331],"product_tag":[],"class_list":{"0":"post-173685","1":"product","2":"type-product","3":"status-publish","4":"has-post-thumbnail","6":"jugador-homem","7":"marca-bullpadel-pt-pt","8":"product_cat-roupa","9":"product_cat-roupa-de-jogadores-premier","11":"first","12":"outofstock","13":"sale","14":"taxable","15":"shipping-taxable","16":"purchasable","17":"product-type-variable","18":"has-default-attributes"},"acf":[],"yoast_head":"<!-- This site is optimized with the Yoast SEO plugin v27.4 - https:\/\/yoast.com\/product\/yoast-seo-wordpress\/ -->\n<title>CAMISETA BULLPADEL CHINGOTTO 25V 531 PAPAYA - Revolution Padel Store<\/title>\n<meta name=\"description\" content=\"Descubre la camiseta Bullpadel Chingotto 25V en color papaya, con tecnolog\u00eda Drynamic, dise\u00f1o sublimado y m\u00e1xima transpirabilidad. \u00a1Disponible en nuestra tienda online al mejor precio!\" \/>\n<meta name=\"robots\" content=\"index, follow, max-snippet:-1, max-image-preview:large, max-video-preview:-1\" \/>\n<link rel=\"canonical\" href=\"https:\/\/revolutionpadelstore.com\/pt-pt\/produto\/camiseta-bullpadel-chingotto-25v-531-papaya-5\/\" \/>\n<meta property=\"og:locale\" content=\"pt_PT\" \/>\n<meta property=\"og:type\" content=\"article\" \/>\n<meta property=\"og:title\" content=\"CAMISETA BULLPADEL CHINGOTTO 25V 531 PAPAYA - Revolution Padel Store\" \/>\n<meta property=\"og:description\" content=\"Descubre la camiseta Bullpadel Chingotto 25V en color papaya, con tecnolog\u00eda Drynamic, dise\u00f1o sublimado y m\u00e1xima transpirabilidad. \u00a1Disponible en nuestra tienda online al mejor precio!\" \/>\n<meta property=\"og:url\" content=\"https:\/\/revolutionpadelstore.com\/pt-pt\/produto\/camiseta-bullpadel-chingotto-25v-531-papaya-5\/\" \/>\n<meta property=\"og:site_name\" content=\"Revolution Padel Store\" \/>\n<meta property=\"article:modified_time\" content=\"2026-04-08T04:19:32+00:00\" \/>\n<meta property=\"og:image\" content=\"https:\/\/revolutionpadelstore.com\/wp-content\/uploads\/2025\/02\/FOTO-PALAS-2.png\" \/>\n\t<meta property=\"og:image:width\" content=\"1500\" \/>\n\t<meta property=\"og:image:height\" content=\"1500\" \/>\n\t<meta property=\"og:image:type\" content=\"image\/png\" \/>\n<meta name=\"twitter:card\" content=\"summary_large_image\" \/>\n<meta name=\"twitter:label1\" content=\"Tempo estimado de leitura\" \/>\n\t<meta name=\"twitter:data1\" content=\"1 minuto\" \/>\n<script type=\"application\/ld+json\" class=\"yoast-schema-graph\">{\"@context\":\"https:\\\/\\\/schema.org\",\"@graph\":[{\"@type\":\"WebPage\",\"@id\":\"https:\\\/\\\/revolutionpadelstore.com\\\/pt-pt\\\/produto\\\/camiseta-bullpadel-chingotto-25v-531-papaya-5\\\/\",\"url\":\"https:\\\/\\\/revolutionpadelstore.com\\\/pt-pt\\\/produto\\\/camiseta-bullpadel-chingotto-25v-531-papaya-5\\\/\",\"name\":\"CAMISETA BULLPADEL CHINGOTTO 25V 531 PAPAYA - Revolution Padel Store\",\"isPartOf\":{\"@id\":\"https:\\\/\\\/revolutionpadelstore.com\\\/pt-pt\\\/#website\"},\"primaryImageOfPage\":{\"@id\":\"https:\\\/\\\/revolutionpadelstore.com\\\/pt-pt\\\/produto\\\/camiseta-bullpadel-chingotto-25v-531-papaya-5\\\/#primaryimage\"},\"image\":{\"@id\":\"https:\\\/\\\/revolutionpadelstore.com\\\/pt-pt\\\/produto\\\/camiseta-bullpadel-chingotto-25v-531-papaya-5\\\/#primaryimage\"},\"thumbnailUrl\":\"https:\\\/\\\/revolutionpadelstore.com\\\/wp-content\\\/uploads\\\/2025\\\/02\\\/FOTO-PALAS-2.png\",\"datePublished\":\"2025-02-19T01:08:10+00:00\",\"dateModified\":\"2026-04-08T04:19:32+00:00\",\"description\":\"Descubre la camiseta Bullpadel Chingotto 25V en color papaya, con tecnolog\u00eda Drynamic, dise\u00f1o sublimado y m\u00e1xima transpirabilidad. \u00a1Disponible en nuestra tienda online al mejor precio!\",\"breadcrumb\":{\"@id\":\"https:\\\/\\\/revolutionpadelstore.com\\\/pt-pt\\\/produto\\\/camiseta-bullpadel-chingotto-25v-531-papaya-5\\\/#breadcrumb\"},\"inLanguage\":\"pt-PT\",\"potentialAction\":[{\"@type\":\"ReadAction\",\"target\":[\"https:\\\/\\\/revolutionpadelstore.com\\\/pt-pt\\\/produto\\\/camiseta-bullpadel-chingotto-25v-531-papaya-5\\\/\"]}]},{\"@type\":\"ImageObject\",\"inLanguage\":\"pt-PT\",\"@id\":\"https:\\\/\\\/revolutionpadelstore.com\\\/pt-pt\\\/produto\\\/camiseta-bullpadel-chingotto-25v-531-papaya-5\\\/#primaryimage\",\"url\":\"https:\\\/\\\/revolutionpadelstore.com\\\/wp-content\\\/uploads\\\/2025\\\/02\\\/FOTO-PALAS-2.png\",\"contentUrl\":\"https:\\\/\\\/revolutionpadelstore.com\\\/wp-content\\\/uploads\\\/2025\\\/02\\\/FOTO-PALAS-2.png\",\"width\":1500,\"height\":1500},{\"@type\":\"BreadcrumbList\",\"@id\":\"https:\\\/\\\/revolutionpadelstore.com\\\/pt-pt\\\/produto\\\/camiseta-bullpadel-chingotto-25v-531-papaya-5\\\/#breadcrumb\",\"itemListElement\":[{\"@type\":\"ListItem\",\"position\":1,\"name\":\"Portada\",\"item\":\"https:\\\/\\\/revolutionpadelstore.com\\\/pt-pt\\\/\"},{\"@type\":\"ListItem\",\"position\":2,\"name\":\"Tienda\",\"item\":\"https:\\\/\\\/revolutionpadelstore.com\\\/pt-pt\\\/tienda\\\/\"},{\"@type\":\"ListItem\",\"position\":3,\"name\":\"CAMISETA BULLPADEL CHINGOTTO 25V 531 PAPAYA\"}]},{\"@type\":\"WebSite\",\"@id\":\"https:\\\/\\\/revolutionpadelstore.com\\\/pt-pt\\\/#website\",\"url\":\"https:\\\/\\\/revolutionpadelstore.com\\\/pt-pt\\\/\",\"name\":\"Revolution Padel Store\",\"description\":\"\",\"publisher\":{\"@id\":\"https:\\\/\\\/revolutionpadelstore.com\\\/pt-pt\\\/#organization\"},\"potentialAction\":[{\"@type\":\"SearchAction\",\"target\":{\"@type\":\"EntryPoint\",\"urlTemplate\":\"https:\\\/\\\/revolutionpadelstore.com\\\/pt-pt\\\/?s={search_term_string}\"},\"query-input\":{\"@type\":\"PropertyValueSpecification\",\"valueRequired\":true,\"valueName\":\"search_term_string\"}}],\"inLanguage\":\"pt-PT\"},{\"@type\":\"Organization\",\"@id\":\"https:\\\/\\\/revolutionpadelstore.com\\\/pt-pt\\\/#organization\",\"name\":\"Revolution Padel Store\",\"url\":\"https:\\\/\\\/revolutionpadelstore.com\\\/pt-pt\\\/\",\"logo\":{\"@type\":\"ImageObject\",\"inLanguage\":\"pt-PT\",\"@id\":\"https:\\\/\\\/revolutionpadelstore.com\\\/pt-pt\\\/#\\\/schema\\\/logo\\\/image\\\/\",\"url\":\"https:\\\/\\\/revolutionpadelstore.com\\\/wp-content\\\/uploads\\\/2026\\\/02\\\/revolution-padel-store.jpg\",\"contentUrl\":\"https:\\\/\\\/revolutionpadelstore.com\\\/wp-content\\\/uploads\\\/2026\\\/02\\\/revolution-padel-store.jpg\",\"width\":2000,\"height\":2000,\"caption\":\"Revolution Padel Store\"},\"image\":{\"@id\":\"https:\\\/\\\/revolutionpadelstore.com\\\/pt-pt\\\/#\\\/schema\\\/logo\\\/image\\\/\"},\"sameAs\":[\"https:\\\/\\\/www.instagram.com\\\/revolutionpadelstore\\\/\"]}]}<\/script>\n<!-- \/ Yoast SEO plugin. -->","yoast_head_json":{"title":"CAMISETA BULLPADEL CHINGOTTO 25V 531 PAPAYA - Revolution Padel Store","description":"Descubre la camiseta Bullpadel Chingotto 25V en color papaya, con tecnolog\u00eda Drynamic, dise\u00f1o sublimado y m\u00e1xima transpirabilidad. \u00a1Disponible en nuestra tienda online al mejor precio!","robots":{"index":"index","follow":"follow","max-snippet":"max-snippet:-1","max-image-preview":"max-image-preview:large","max-video-preview":"max-video-preview:-1"},"canonical":"https:\/\/revolutionpadelstore.com\/pt-pt\/produto\/camiseta-bullpadel-chingotto-25v-531-papaya-5\/","og_locale":"pt_PT","og_type":"article","og_title":"CAMISETA BULLPADEL CHINGOTTO 25V 531 PAPAYA - Revolution Padel Store","og_description":"Descubre la camiseta Bullpadel Chingotto 25V en color papaya, con tecnolog\u00eda Drynamic, dise\u00f1o sublimado y m\u00e1xima transpirabilidad. \u00a1Disponible en nuestra tienda online al mejor precio!","og_url":"https:\/\/revolutionpadelstore.com\/pt-pt\/produto\/camiseta-bullpadel-chingotto-25v-531-papaya-5\/","og_site_name":"Revolution Padel Store","article_modified_time":"2026-04-08T04:19:32+00:00","og_image":[{"width":1500,"height":1500,"url":"https:\/\/revolutionpadelstore.com\/wp-content\/uploads\/2025\/02\/FOTO-PALAS-2.png","type":"image\/png"}],"twitter_card":"summary_large_image","twitter_misc":{"Tempo estimado de leitura":"1 minuto"},"schema":{"@context":"https:\/\/schema.org","@graph":[{"@type":"WebPage","@id":"https:\/\/revolutionpadelstore.com\/pt-pt\/produto\/camiseta-bullpadel-chingotto-25v-531-papaya-5\/","url":"https:\/\/revolutionpadelstore.com\/pt-pt\/produto\/camiseta-bullpadel-chingotto-25v-531-papaya-5\/","name":"CAMISETA BULLPADEL CHINGOTTO 25V 531 PAPAYA - Revolution Padel Store","isPartOf":{"@id":"https:\/\/revolutionpadelstore.com\/pt-pt\/#website"},"primaryImageOfPage":{"@id":"https:\/\/revolutionpadelstore.com\/pt-pt\/produto\/camiseta-bullpadel-chingotto-25v-531-papaya-5\/#primaryimage"},"image":{"@id":"https:\/\/revolutionpadelstore.com\/pt-pt\/produto\/camiseta-bullpadel-chingotto-25v-531-papaya-5\/#primaryimage"},"thumbnailUrl":"https:\/\/revolutionpadelstore.com\/wp-content\/uploads\/2025\/02\/FOTO-PALAS-2.png","datePublished":"2025-02-19T01:08:10+00:00","dateModified":"2026-04-08T04:19:32+00:00","description":"Descubre la camiseta Bullpadel Chingotto 25V en color papaya, con tecnolog\u00eda Drynamic, dise\u00f1o sublimado y m\u00e1xima transpirabilidad. \u00a1Disponible en nuestra tienda online al mejor precio!","breadcrumb":{"@id":"https:\/\/revolutionpadelstore.com\/pt-pt\/produto\/camiseta-bullpadel-chingotto-25v-531-papaya-5\/#breadcrumb"},"inLanguage":"pt-PT","potentialAction":[{"@type":"ReadAction","target":["https:\/\/revolutionpadelstore.com\/pt-pt\/produto\/camiseta-bullpadel-chingotto-25v-531-papaya-5\/"]}]},{"@type":"ImageObject","inLanguage":"pt-PT","@id":"https:\/\/revolutionpadelstore.com\/pt-pt\/produto\/camiseta-bullpadel-chingotto-25v-531-papaya-5\/#primaryimage","url":"https:\/\/revolutionpadelstore.com\/wp-content\/uploads\/2025\/02\/FOTO-PALAS-2.png","contentUrl":"https:\/\/revolutionpadelstore.com\/wp-content\/uploads\/2025\/02\/FOTO-PALAS-2.png","width":1500,"height":1500},{"@type":"BreadcrumbList","@id":"https:\/\/revolutionpadelstore.com\/pt-pt\/produto\/camiseta-bullpadel-chingotto-25v-531-papaya-5\/#breadcrumb","itemListElement":[{"@type":"ListItem","position":1,"name":"Portada","item":"https:\/\/revolutionpadelstore.com\/pt-pt\/"},{"@type":"ListItem","position":2,"name":"Tienda","item":"https:\/\/revolutionpadelstore.com\/pt-pt\/tienda\/"},{"@type":"ListItem","position":3,"name":"CAMISETA BULLPADEL CHINGOTTO 25V 531 PAPAYA"}]},{"@type":"WebSite","@id":"https:\/\/revolutionpadelstore.com\/pt-pt\/#website","url":"https:\/\/revolutionpadelstore.com\/pt-pt\/","name":"Revolution Padel Store","description":"","publisher":{"@id":"https:\/\/revolutionpadelstore.com\/pt-pt\/#organization"},"potentialAction":[{"@type":"SearchAction","target":{"@type":"EntryPoint","urlTemplate":"https:\/\/revolutionpadelstore.com\/pt-pt\/?s={search_term_string}"},"query-input":{"@type":"PropertyValueSpecification","valueRequired":true,"valueName":"search_term_string"}}],"inLanguage":"pt-PT"},{"@type":"Organization","@id":"https:\/\/revolutionpadelstore.com\/pt-pt\/#organization","name":"Revolution Padel Store","url":"https:\/\/revolutionpadelstore.com\/pt-pt\/","logo":{"@type":"ImageObject","inLanguage":"pt-PT","@id":"https:\/\/revolutionpadelstore.com\/pt-pt\/#\/schema\/logo\/image\/","url":"https:\/\/revolutionpadelstore.com\/wp-content\/uploads\/2026\/02\/revolution-padel-store.jpg","contentUrl":"https:\/\/revolutionpadelstore.com\/wp-content\/uploads\/2026\/02\/revolution-padel-store.jpg","width":2000,"height":2000,"caption":"Revolution Padel Store"},"image":{"@id":"https:\/\/revolutionpadelstore.com\/pt-pt\/#\/schema\/logo\/image\/"},"sameAs":["https:\/\/www.instagram.com\/revolutionpadelstore\/"]}]}},"_links":{"self":[{"href":"https:\/\/revolutionpadelstore.com\/pt-pt\/wp-json\/wp\/v2\/product\/173685","targetHints":{"allow":["GET"]}}],"collection":[{"href":"https:\/\/revolutionpadelstore.com\/pt-pt\/wp-json\/wp\/v2\/product"}],"about":[{"href":"https:\/\/revolutionpadelstore.com\/pt-pt\/wp-json\/wp\/v2\/types\/product"}],"replies":[{"embeddable":true,"href":"https:\/\/revolutionpadelstore.com\/pt-pt\/wp-json\/wp\/v2\/comments?post=173685"}],"wp:featuredmedia":[{"embeddable":true,"href":"https:\/\/revolutionpadelstore.com\/pt-pt\/wp-json\/wp\/v2\/media\/173702"}],"wp:attachment":[{"href":"https:\/\/revolutionpadelstore.com\/pt-pt\/wp-json\/wp\/v2\/media?parent=173685"}],"wp:term":[{"taxonomy":"acabado","embeddable":true,"href":"https:\/\/revolutionpadelstore.com\/pt-pt\/wp-json\/wp\/v2\/acabado?post=173685"},{"taxonomy":"balance","embeddable":true,"href":"https:\/\/revolutionpadelstore.com\/pt-pt\/wp-json\/wp\/v2\/balance?post=173685"},{"taxonomy":"dureza","embeddable":true,"href":"https:\/\/revolutionpadelstore.com\/pt-pt\/wp-json\/wp\/v2\/dureza?post=173685"},{"taxonomy":"forma","embeddable":true,"href":"https:\/\/revolutionpadelstore.com\/pt-pt\/wp-json\/wp\/v2\/forma?post=173685"},{"taxonomy":"jugador","embeddable":true,"href":"https:\/\/revolutionpadelstore.com\/pt-pt\/wp-json\/wp\/v2\/jugador?post=173685"},{"taxonomy":"marca","embeddable":true,"href":"https:\/\/revolutionpadelstore.com\/pt-pt\/wp-json\/wp\/v2\/marca?post=173685"},{"taxonomy":"nivel-de-juego","embeddable":true,"href":"https:\/\/revolutionpadelstore.com\/pt-pt\/wp-json\/wp\/v2\/nivel-de-juego?post=173685"},{"taxonomy":"superficie","embeddable":true,"href":"https:\/\/revolutionpadelstore.com\/pt-pt\/wp-json\/wp\/v2\/superficie?post=173685"},{"taxonomy":"tipo-de-juego","embeddable":true,"href":"https:\/\/revolutionpadelstore.com\/pt-pt\/wp-json\/wp\/v2\/tipo-de-juego?post=173685"},{"taxonomy":"product_brand","embeddable":true,"href":"https:\/\/revolutionpadelstore.com\/pt-pt\/wp-json\/wp\/v2\/product_brand?post=173685"},{"taxonomy":"product_cat","embeddable":true,"href":"https:\/\/revolutionpadelstore.com\/pt-pt\/wp-json\/wp\/v2\/product_cat?post=173685"},{"taxonomy":"product_tag","embeddable":true,"href":"https:\/\/revolutionpadelstore.com\/pt-pt\/wp-json\/wp\/v2\/product_tag?post=173685"}],"curies":[{"name":"wp","href":"https:\/\/api.w.org\/{rel}","templated":true}]}}