{"id":173548,"date":"2025-02-19T12:20:55","date_gmt":"2025-02-19T11:20:55","guid":{"rendered":"https:\/\/revolutionpadelstore.com\/bullpadel-pearl-pl-final-25v-hormigon-mujer\/"},"modified":"2026-04-08T06:16:20","modified_gmt":"2026-04-08T04:16:20","slug":"bullpadel-pearl-pl-final-25v-hormigon-mujer-5","status":"publish","type":"product","link":"https:\/\/revolutionpadelstore.com\/pt-pt\/produto\/bullpadel-pearl-pl-final-25v-hormigon-mujer-5\/","title":{"rendered":"BULLPADEL PEARL PL FINAL 25V HORMIGON MUJER"},"content":{"rendered":"<p><H2> <strong> bullpadel p\u00e9rola PL End W &#8211; leveza, resist\u00eancia e desempenho m\u00e1ximo <\/strong> <\/h2>\n<p>Domine a pista com a <strong> bullpadel p\u00e9rola pp final w <\/strong>, o oficial <strong> bea gonz\u00e1lez <\/strong> projetado para a <strong> Premier Padel Final <\/strong>. Esse modelo da linha Pro combina leveza, respirabilidade e resist\u00eancia, garantindo o melhor desempenho nas partidas mais exigentes. Gra\u00e7as \u00e0 colabora\u00e7\u00e3o com a Vibram, ele incorpora uma sola inovadora que permite movimentos r\u00e1pidos e fluidos, fornecendo tra\u00e7\u00e3o e estabilidade excepcionais.<br \/>\n<H2> <strong> conforto e prote\u00e7\u00e3o em cada etapa <\/strong> <\/h2>\n<p>Feito com materiais Jacquard e Grid, unidos por meio da perfei\u00e7\u00e3o, este sapato garante a transpira\u00e7\u00e3o ideal, mantendo os p\u00e9s frescos e confort\u00e1veis \u200b\u200bo tempo todo. Seu dedo do p\u00e9 com prote\u00e7\u00e3o injetada reduz o desgaste do atrito, prolongando a vida \u00fatil dos cal\u00e7ados. Al\u00e9m disso, o suporte ao calcanhar e o sistema anti -teoramento na sola central refor\u00e7am a estabilidade em cada deslocamento, proporcionando maior seguran\u00e7a na pista.<br \/>\n<H2> <strong> Caracter\u00edsticas t\u00e9cnicas do bullpadel Pearl pp final w <\/strong> <\/h2>\n<p>-Vibrama sola: tra\u00e7\u00e3o e resist\u00eancia m\u00e1xima para movimentos r\u00e1pidos.<br \/>\nMateriais de liga\u00e7\u00e3o PRY: Jacquard e rack com termoselados sem costuras.<br \/>\n-Prote\u00e7\u00e3o no dedo do p\u00e9: inje\u00e7\u00e3o refor\u00e7ada para maior durabilidade.<br \/>\n-Sporta\u00e7\u00e3o no calcanhar e no sistema de teor de tens\u00e3o: estabilidade superior em cada movimento<\/p>\n<p><H2> <strong> Obtenha o bullpadel Pearl PP final w pelo melhor pre\u00e7o <\/strong> <\/h2>\n<p>Leve o seu jogo para o pr\u00f3ximo n\u00edvel com o Bullpadel Pearl PP Final W, um sapato h\u00edbrido que combina velocidade, conforto e resist\u00eancia. Projetado para os jogadores mais exigentes, oferece o equil\u00edbrio perfeito entre desempenho e prote\u00e7\u00e3o contra faixas. Dispon\u00edvel agora em nossa loja on-line <a href=\"https:\/\/chatgpt.com\/g\/g-675432e02688191b6e6d6f2fdbb15e-timization-textos\/c\/www.revadelstore.com\"> ww.rextos Melhor pre\u00e7o de mercado!<\/p>\n<h2><strong>Bullpadel Pearl PL Final W \u2013 Ligereza, Resistencia y M\u00e1ximo Rendimiento<\/strong><\/p>\n","protected":false},"excerpt":{"rendered":"<p>Os t\u00eanis h\u00edbridos Paddle for Women Bullpadel Pearl PL Concrete final oferecem uma excelente combina\u00e7\u00e3o de tra\u00e7\u00e3o, conforto e estabilidade em cada movimento.<\/p>\n","protected":false},"featured_media":173489,"comment_status":"open","ping_status":"closed","template":"","meta":{"_acf_changed":false,"_joinchat":[]},"acabado":[],"balance":[],"dureza":[],"forma":[],"jugador":[1195],"marca":[1255],"nivel-de-juego":[],"superficie":[],"tipo-de-juego":[],"product_brand":[],"product_cat":[833],"product_tag":[],"class_list":{"0":"post-173548","1":"product","2":"type-product","3":"status-publish","4":"has-post-thumbnail","6":"jugador-mulher","7":"marca-bullpadel-pt-pt","8":"product_cat-tenis","10":"first","11":"outofstock","12":"sale","13":"taxable","14":"shipping-taxable","15":"purchasable","16":"product-type-variable"},"acf":[],"yoast_head":"<!-- This site is optimized with the Yoast SEO plugin v27.4 - https:\/\/yoast.com\/product\/yoast-seo-wordpress\/ -->\n<title>BULLPADEL PEARL PL FINAL 25V HORMIGON MUJER - Revolution Padel Store<\/title>\n<meta name=\"description\" content=\"Descubre la Bullpadel Pearl PP Final W, la zapatilla oficial de Bea Gonz\u00e1lez para el Premier Padel Final. Ligera, transpirable y resistente, con suela VIBRAM para m\u00e1ximo rendimiento. \u00a1C\u00f3mprala ahora en nuestra tienda online!\" \/>\n<meta name=\"robots\" content=\"index, follow, max-snippet:-1, max-image-preview:large, max-video-preview:-1\" \/>\n<link rel=\"canonical\" href=\"https:\/\/revolutionpadelstore.com\/pt-pt\/produto\/bullpadel-pearl-pl-final-25v-hormigon-mujer-5\/\" \/>\n<meta property=\"og:locale\" content=\"pt_PT\" \/>\n<meta property=\"og:type\" content=\"article\" \/>\n<meta property=\"og:title\" content=\"BULLPADEL PEARL PL FINAL 25V HORMIGON MUJER - Revolution Padel Store\" \/>\n<meta property=\"og:description\" content=\"Descubre la Bullpadel Pearl PP Final W, la zapatilla oficial de Bea Gonz\u00e1lez para el Premier Padel Final. Ligera, transpirable y resistente, con suela VIBRAM para m\u00e1ximo rendimiento. \u00a1C\u00f3mprala ahora en nuestra tienda online!\" \/>\n<meta property=\"og:url\" content=\"https:\/\/revolutionpadelstore.com\/pt-pt\/produto\/bullpadel-pearl-pl-final-25v-hormigon-mujer-5\/\" \/>\n<meta property=\"og:site_name\" content=\"Revolution Padel Store\" \/>\n<meta property=\"article:modified_time\" content=\"2026-04-08T04:16:20+00:00\" \/>\n<meta property=\"og:image\" content=\"https:\/\/revolutionpadelstore.com\/wp-content\/uploads\/2025\/02\/114342-pearl-pl-tour-final-25v-mujer-cn98501000-hormigon-1000x1000-vista1.webp\" \/>\n\t<meta property=\"og:image:width\" content=\"1000\" \/>\n\t<meta property=\"og:image:height\" content=\"1000\" \/>\n\t<meta property=\"og:image:type\" content=\"image\/webp\" \/>\n<meta name=\"twitter:card\" content=\"summary_large_image\" \/>\n<meta name=\"twitter:label1\" content=\"Tempo estimado de leitura\" \/>\n\t<meta name=\"twitter:data1\" content=\"2 minutos\" \/>\n<script type=\"application\/ld+json\" class=\"yoast-schema-graph\">{\"@context\":\"https:\\\/\\\/schema.org\",\"@graph\":[{\"@type\":\"WebPage\",\"@id\":\"https:\\\/\\\/revolutionpadelstore.com\\\/pt-pt\\\/produto\\\/bullpadel-pearl-pl-final-25v-hormigon-mujer-5\\\/\",\"url\":\"https:\\\/\\\/revolutionpadelstore.com\\\/pt-pt\\\/produto\\\/bullpadel-pearl-pl-final-25v-hormigon-mujer-5\\\/\",\"name\":\"BULLPADEL PEARL PL FINAL 25V HORMIGON MUJER - Revolution Padel Store\",\"isPartOf\":{\"@id\":\"https:\\\/\\\/revolutionpadelstore.com\\\/pt-pt\\\/#website\"},\"primaryImageOfPage\":{\"@id\":\"https:\\\/\\\/revolutionpadelstore.com\\\/pt-pt\\\/produto\\\/bullpadel-pearl-pl-final-25v-hormigon-mujer-5\\\/#primaryimage\"},\"image\":{\"@id\":\"https:\\\/\\\/revolutionpadelstore.com\\\/pt-pt\\\/produto\\\/bullpadel-pearl-pl-final-25v-hormigon-mujer-5\\\/#primaryimage\"},\"thumbnailUrl\":\"https:\\\/\\\/revolutionpadelstore.com\\\/wp-content\\\/uploads\\\/2025\\\/02\\\/114342-pearl-pl-tour-final-25v-mujer-cn98501000-hormigon-1000x1000-vista1.webp\",\"datePublished\":\"2025-02-19T11:20:55+00:00\",\"dateModified\":\"2026-04-08T04:16:20+00:00\",\"description\":\"Descubre la Bullpadel Pearl PP Final W, la zapatilla oficial de Bea Gonz\u00e1lez para el Premier Padel Final. Ligera, transpirable y resistente, con suela VIBRAM para m\u00e1ximo rendimiento. \u00a1C\u00f3mprala ahora en nuestra tienda online!\",\"breadcrumb\":{\"@id\":\"https:\\\/\\\/revolutionpadelstore.com\\\/pt-pt\\\/produto\\\/bullpadel-pearl-pl-final-25v-hormigon-mujer-5\\\/#breadcrumb\"},\"inLanguage\":\"pt-PT\",\"potentialAction\":[{\"@type\":\"ReadAction\",\"target\":[\"https:\\\/\\\/revolutionpadelstore.com\\\/pt-pt\\\/produto\\\/bullpadel-pearl-pl-final-25v-hormigon-mujer-5\\\/\"]}]},{\"@type\":\"ImageObject\",\"inLanguage\":\"pt-PT\",\"@id\":\"https:\\\/\\\/revolutionpadelstore.com\\\/pt-pt\\\/produto\\\/bullpadel-pearl-pl-final-25v-hormigon-mujer-5\\\/#primaryimage\",\"url\":\"https:\\\/\\\/revolutionpadelstore.com\\\/wp-content\\\/uploads\\\/2025\\\/02\\\/114342-pearl-pl-tour-final-25v-mujer-cn98501000-hormigon-1000x1000-vista1.webp\",\"contentUrl\":\"https:\\\/\\\/revolutionpadelstore.com\\\/wp-content\\\/uploads\\\/2025\\\/02\\\/114342-pearl-pl-tour-final-25v-mujer-cn98501000-hormigon-1000x1000-vista1.webp\",\"width\":1000,\"height\":1000},{\"@type\":\"BreadcrumbList\",\"@id\":\"https:\\\/\\\/revolutionpadelstore.com\\\/pt-pt\\\/produto\\\/bullpadel-pearl-pl-final-25v-hormigon-mujer-5\\\/#breadcrumb\",\"itemListElement\":[{\"@type\":\"ListItem\",\"position\":1,\"name\":\"Portada\",\"item\":\"https:\\\/\\\/revolutionpadelstore.com\\\/pt-pt\\\/\"},{\"@type\":\"ListItem\",\"position\":2,\"name\":\"Tienda\",\"item\":\"https:\\\/\\\/revolutionpadelstore.com\\\/pt-pt\\\/tienda\\\/\"},{\"@type\":\"ListItem\",\"position\":3,\"name\":\"BULLPADEL PEARL PL FINAL 25V HORMIGON MUJER\"}]},{\"@type\":\"WebSite\",\"@id\":\"https:\\\/\\\/revolutionpadelstore.com\\\/pt-pt\\\/#website\",\"url\":\"https:\\\/\\\/revolutionpadelstore.com\\\/pt-pt\\\/\",\"name\":\"Revolution Padel Store\",\"description\":\"\",\"publisher\":{\"@id\":\"https:\\\/\\\/revolutionpadelstore.com\\\/pt-pt\\\/#organization\"},\"potentialAction\":[{\"@type\":\"SearchAction\",\"target\":{\"@type\":\"EntryPoint\",\"urlTemplate\":\"https:\\\/\\\/revolutionpadelstore.com\\\/pt-pt\\\/?s={search_term_string}\"},\"query-input\":{\"@type\":\"PropertyValueSpecification\",\"valueRequired\":true,\"valueName\":\"search_term_string\"}}],\"inLanguage\":\"pt-PT\"},{\"@type\":\"Organization\",\"@id\":\"https:\\\/\\\/revolutionpadelstore.com\\\/pt-pt\\\/#organization\",\"name\":\"Revolution Padel Store\",\"url\":\"https:\\\/\\\/revolutionpadelstore.com\\\/pt-pt\\\/\",\"logo\":{\"@type\":\"ImageObject\",\"inLanguage\":\"pt-PT\",\"@id\":\"https:\\\/\\\/revolutionpadelstore.com\\\/pt-pt\\\/#\\\/schema\\\/logo\\\/image\\\/\",\"url\":\"https:\\\/\\\/revolutionpadelstore.com\\\/wp-content\\\/uploads\\\/2026\\\/02\\\/revolution-padel-store.jpg\",\"contentUrl\":\"https:\\\/\\\/revolutionpadelstore.com\\\/wp-content\\\/uploads\\\/2026\\\/02\\\/revolution-padel-store.jpg\",\"width\":2000,\"height\":2000,\"caption\":\"Revolution Padel Store\"},\"image\":{\"@id\":\"https:\\\/\\\/revolutionpadelstore.com\\\/pt-pt\\\/#\\\/schema\\\/logo\\\/image\\\/\"},\"sameAs\":[\"https:\\\/\\\/www.instagram.com\\\/revolutionpadelstore\\\/\"]}]}<\/script>\n<!-- \/ Yoast SEO plugin. -->","yoast_head_json":{"title":"BULLPADEL PEARL PL FINAL 25V HORMIGON MUJER - Revolution Padel Store","description":"Descubre la Bullpadel Pearl PP Final W, la zapatilla oficial de Bea Gonz\u00e1lez para el Premier Padel Final. Ligera, transpirable y resistente, con suela VIBRAM para m\u00e1ximo rendimiento. \u00a1C\u00f3mprala ahora en nuestra tienda online!","robots":{"index":"index","follow":"follow","max-snippet":"max-snippet:-1","max-image-preview":"max-image-preview:large","max-video-preview":"max-video-preview:-1"},"canonical":"https:\/\/revolutionpadelstore.com\/pt-pt\/produto\/bullpadel-pearl-pl-final-25v-hormigon-mujer-5\/","og_locale":"pt_PT","og_type":"article","og_title":"BULLPADEL PEARL PL FINAL 25V HORMIGON MUJER - Revolution Padel Store","og_description":"Descubre la Bullpadel Pearl PP Final W, la zapatilla oficial de Bea Gonz\u00e1lez para el Premier Padel Final. Ligera, transpirable y resistente, con suela VIBRAM para m\u00e1ximo rendimiento. \u00a1C\u00f3mprala ahora en nuestra tienda online!","og_url":"https:\/\/revolutionpadelstore.com\/pt-pt\/produto\/bullpadel-pearl-pl-final-25v-hormigon-mujer-5\/","og_site_name":"Revolution Padel Store","article_modified_time":"2026-04-08T04:16:20+00:00","og_image":[{"width":1000,"height":1000,"url":"https:\/\/revolutionpadelstore.com\/wp-content\/uploads\/2025\/02\/114342-pearl-pl-tour-final-25v-mujer-cn98501000-hormigon-1000x1000-vista1.webp","type":"image\/webp"}],"twitter_card":"summary_large_image","twitter_misc":{"Tempo estimado de leitura":"2 minutos"},"schema":{"@context":"https:\/\/schema.org","@graph":[{"@type":"WebPage","@id":"https:\/\/revolutionpadelstore.com\/pt-pt\/produto\/bullpadel-pearl-pl-final-25v-hormigon-mujer-5\/","url":"https:\/\/revolutionpadelstore.com\/pt-pt\/produto\/bullpadel-pearl-pl-final-25v-hormigon-mujer-5\/","name":"BULLPADEL PEARL PL FINAL 25V HORMIGON MUJER - Revolution Padel Store","isPartOf":{"@id":"https:\/\/revolutionpadelstore.com\/pt-pt\/#website"},"primaryImageOfPage":{"@id":"https:\/\/revolutionpadelstore.com\/pt-pt\/produto\/bullpadel-pearl-pl-final-25v-hormigon-mujer-5\/#primaryimage"},"image":{"@id":"https:\/\/revolutionpadelstore.com\/pt-pt\/produto\/bullpadel-pearl-pl-final-25v-hormigon-mujer-5\/#primaryimage"},"thumbnailUrl":"https:\/\/revolutionpadelstore.com\/wp-content\/uploads\/2025\/02\/114342-pearl-pl-tour-final-25v-mujer-cn98501000-hormigon-1000x1000-vista1.webp","datePublished":"2025-02-19T11:20:55+00:00","dateModified":"2026-04-08T04:16:20+00:00","description":"Descubre la Bullpadel Pearl PP Final W, la zapatilla oficial de Bea Gonz\u00e1lez para el Premier Padel Final. Ligera, transpirable y resistente, con suela VIBRAM para m\u00e1ximo rendimiento. \u00a1C\u00f3mprala ahora en nuestra tienda online!","breadcrumb":{"@id":"https:\/\/revolutionpadelstore.com\/pt-pt\/produto\/bullpadel-pearl-pl-final-25v-hormigon-mujer-5\/#breadcrumb"},"inLanguage":"pt-PT","potentialAction":[{"@type":"ReadAction","target":["https:\/\/revolutionpadelstore.com\/pt-pt\/produto\/bullpadel-pearl-pl-final-25v-hormigon-mujer-5\/"]}]},{"@type":"ImageObject","inLanguage":"pt-PT","@id":"https:\/\/revolutionpadelstore.com\/pt-pt\/produto\/bullpadel-pearl-pl-final-25v-hormigon-mujer-5\/#primaryimage","url":"https:\/\/revolutionpadelstore.com\/wp-content\/uploads\/2025\/02\/114342-pearl-pl-tour-final-25v-mujer-cn98501000-hormigon-1000x1000-vista1.webp","contentUrl":"https:\/\/revolutionpadelstore.com\/wp-content\/uploads\/2025\/02\/114342-pearl-pl-tour-final-25v-mujer-cn98501000-hormigon-1000x1000-vista1.webp","width":1000,"height":1000},{"@type":"BreadcrumbList","@id":"https:\/\/revolutionpadelstore.com\/pt-pt\/produto\/bullpadel-pearl-pl-final-25v-hormigon-mujer-5\/#breadcrumb","itemListElement":[{"@type":"ListItem","position":1,"name":"Portada","item":"https:\/\/revolutionpadelstore.com\/pt-pt\/"},{"@type":"ListItem","position":2,"name":"Tienda","item":"https:\/\/revolutionpadelstore.com\/pt-pt\/tienda\/"},{"@type":"ListItem","position":3,"name":"BULLPADEL PEARL PL FINAL 25V HORMIGON MUJER"}]},{"@type":"WebSite","@id":"https:\/\/revolutionpadelstore.com\/pt-pt\/#website","url":"https:\/\/revolutionpadelstore.com\/pt-pt\/","name":"Revolution Padel Store","description":"","publisher":{"@id":"https:\/\/revolutionpadelstore.com\/pt-pt\/#organization"},"potentialAction":[{"@type":"SearchAction","target":{"@type":"EntryPoint","urlTemplate":"https:\/\/revolutionpadelstore.com\/pt-pt\/?s={search_term_string}"},"query-input":{"@type":"PropertyValueSpecification","valueRequired":true,"valueName":"search_term_string"}}],"inLanguage":"pt-PT"},{"@type":"Organization","@id":"https:\/\/revolutionpadelstore.com\/pt-pt\/#organization","name":"Revolution Padel Store","url":"https:\/\/revolutionpadelstore.com\/pt-pt\/","logo":{"@type":"ImageObject","inLanguage":"pt-PT","@id":"https:\/\/revolutionpadelstore.com\/pt-pt\/#\/schema\/logo\/image\/","url":"https:\/\/revolutionpadelstore.com\/wp-content\/uploads\/2026\/02\/revolution-padel-store.jpg","contentUrl":"https:\/\/revolutionpadelstore.com\/wp-content\/uploads\/2026\/02\/revolution-padel-store.jpg","width":2000,"height":2000,"caption":"Revolution Padel Store"},"image":{"@id":"https:\/\/revolutionpadelstore.com\/pt-pt\/#\/schema\/logo\/image\/"},"sameAs":["https:\/\/www.instagram.com\/revolutionpadelstore\/"]}]}},"_links":{"self":[{"href":"https:\/\/revolutionpadelstore.com\/pt-pt\/wp-json\/wp\/v2\/product\/173548","targetHints":{"allow":["GET"]}}],"collection":[{"href":"https:\/\/revolutionpadelstore.com\/pt-pt\/wp-json\/wp\/v2\/product"}],"about":[{"href":"https:\/\/revolutionpadelstore.com\/pt-pt\/wp-json\/wp\/v2\/types\/product"}],"replies":[{"embeddable":true,"href":"https:\/\/revolutionpadelstore.com\/pt-pt\/wp-json\/wp\/v2\/comments?post=173548"}],"wp:featuredmedia":[{"embeddable":true,"href":"https:\/\/revolutionpadelstore.com\/pt-pt\/wp-json\/wp\/v2\/media\/173489"}],"wp:attachment":[{"href":"https:\/\/revolutionpadelstore.com\/pt-pt\/wp-json\/wp\/v2\/media?parent=173548"}],"wp:term":[{"taxonomy":"acabado","embeddable":true,"href":"https:\/\/revolutionpadelstore.com\/pt-pt\/wp-json\/wp\/v2\/acabado?post=173548"},{"taxonomy":"balance","embeddable":true,"href":"https:\/\/revolutionpadelstore.com\/pt-pt\/wp-json\/wp\/v2\/balance?post=173548"},{"taxonomy":"dureza","embeddable":true,"href":"https:\/\/revolutionpadelstore.com\/pt-pt\/wp-json\/wp\/v2\/dureza?post=173548"},{"taxonomy":"forma","embeddable":true,"href":"https:\/\/revolutionpadelstore.com\/pt-pt\/wp-json\/wp\/v2\/forma?post=173548"},{"taxonomy":"jugador","embeddable":true,"href":"https:\/\/revolutionpadelstore.com\/pt-pt\/wp-json\/wp\/v2\/jugador?post=173548"},{"taxonomy":"marca","embeddable":true,"href":"https:\/\/revolutionpadelstore.com\/pt-pt\/wp-json\/wp\/v2\/marca?post=173548"},{"taxonomy":"nivel-de-juego","embeddable":true,"href":"https:\/\/revolutionpadelstore.com\/pt-pt\/wp-json\/wp\/v2\/nivel-de-juego?post=173548"},{"taxonomy":"superficie","embeddable":true,"href":"https:\/\/revolutionpadelstore.com\/pt-pt\/wp-json\/wp\/v2\/superficie?post=173548"},{"taxonomy":"tipo-de-juego","embeddable":true,"href":"https:\/\/revolutionpadelstore.com\/pt-pt\/wp-json\/wp\/v2\/tipo-de-juego?post=173548"},{"taxonomy":"product_brand","embeddable":true,"href":"https:\/\/revolutionpadelstore.com\/pt-pt\/wp-json\/wp\/v2\/product_brand?post=173548"},{"taxonomy":"product_cat","embeddable":true,"href":"https:\/\/revolutionpadelstore.com\/pt-pt\/wp-json\/wp\/v2\/product_cat?post=173548"},{"taxonomy":"product_tag","embeddable":true,"href":"https:\/\/revolutionpadelstore.com\/pt-pt\/wp-json\/wp\/v2\/product_tag?post=173548"}],"curies":[{"name":"wp","href":"https:\/\/api.w.org\/{rel}","templated":true}]}}