{"id":173459,"date":"2025-02-19T10:48:42","date_gmt":"2025-02-19T09:48:42","guid":{"rendered":"https:\/\/revolutionpadelstore.com\/bullpadel-buker-jr-25v-blanco-rojo-junior\/"},"modified":"2026-04-08T06:17:44","modified_gmt":"2026-04-08T04:17:44","slug":"bullpadel-buker-jr-25v-blanco-rojo-junior-5","status":"publish","type":"product","link":"https:\/\/revolutionpadelstore.com\/pt-pt\/produto\/bullpadel-buker-jr-25v-blanco-rojo-junior-5\/","title":{"rendered":"BULLPADEL BUKER JR 25V BLANCO\/ROJO JUNIOR"},"content":{"rendered":"<p><H2> bullpadel buker jr 25v branco\/ vermelho &#8211; t\u00eanis j\u00fanior paddle <\/h2>\n<p>O <strong> bullpadel buker jr 25v branco\/vermelho <\/strong> s\u00e3o os sapatos ideais para jovens jogadores que procuram conforto, estabilidade e uma excelente ader\u00eancia na pista. Projetados para quem est\u00e1 come\u00e7ando neste esporte ou aperfei\u00e7oando sua t\u00e9cnica, esses sapatos oferecem o equil\u00edbrio perfeito entre desempenho e durabilidade.<br \/>\n<H2> <strong> caracter\u00edsticas proeminentes: <\/strong> <\/h2>\n<p><P>-sola de pico: garante uma ader\u00eancia ideal em todos os tipos de faixas, especialmente na areia com areia<br \/>\n<P>-Phylon Midsole Damping: absorva os impactos e forne\u00e7a uma pegada mais confort\u00e1vel<\/p>\n<p>-Design de luz: favorece a velocidade e a agilidade no jogo sem comprometer a estabilidade<br \/>\n<P>-Materiais de alta qualidade: resist\u00eancia e durabilidade para uso frequente em treinamento e festas<\/p>\n<p>-estilo moderno em branco e vermelho: um design impressionante que traz personalidade na pista<\/p>\n<p><H2> <strong> desempenho e conforto em cada parte <\/strong> <\/h2>\n<p>O <strong> bullpadel Buker Jr 25V <\/strong> \u00e9 projetado para oferecer o m\u00e1ximo conforto e seguran\u00e7a aos jogadores mais jovens. Sua estrutura respeita o movimento natural do p\u00e9, ajudando a evitar les\u00f5es e otimizar o desempenho em cada parte. Gra\u00e7as \u00e0 sua constru\u00e7\u00e3o leve e amortecimento eficiente, eles permitem deslocamentos r\u00e1pidos e mudan\u00e7as de dire\u00e7\u00e3o sem esfor\u00e7o.<br \/>\n<H2> <strong> Por que escolher o bullpadel buker jr 25v?<\/p>\n<p>&#8211; ideal para inicia\u00e7\u00f5es jovens ou jogadores de n\u00edvel intermedi\u00e1rio.<br \/>\n-Excendente valor pelo dinheiro em remadores juniores.<br \/>\n&#8211; tra\u00e7\u00e3o m\u00e1xima nas encostas com areia e superf\u00edcies lisas.<br \/>\n&#8211; Conforto e suporte para treinamento prolongado<br \/>\nObtenha o <strong> bullpadel buker jr 25v branco\/vermelho <\/strong> em nossa loja on -line <a href=\"https:\/\/chatgpt.com\/g\/g-675432e026888191b6ee6d6f2fdbb15e-timization-textos\/c\/www.revolutionPadelstore.com\"> Revolu\u00e7\u00e3o Padel Store <\/a> no melhor pre\u00e7o. Melhore seu jogo com o melhor equipamento!<\/p>\n<h2>Bullpadel Buker Jr 25V Blanco\/Rojo \u2013 Zapatillas de p\u00e1del junior<\/h2>\n","protected":false},"excerpt":{"rendered":"<p>Bullpadel Buker Jr 25V White\/Red Junior \u00e9 um sapato ideal para jogadores jovens, com uma sola de pico, almofada de Phylon e design confort\u00e1vel para iniciar ou aperfei\u00e7oar o t\u00eanis de remo.<\/p>\n","protected":false},"featured_media":173433,"comment_status":"open","ping_status":"closed","template":"","meta":{"_acf_changed":false,"_joinchat":[]},"acabado":[],"balance":[],"dureza":[],"forma":[],"jugador":[1205],"marca":[1255],"nivel-de-juego":[],"superficie":[],"tipo-de-juego":[],"product_brand":[],"product_cat":[833],"product_tag":[],"class_list":{"0":"post-173459","1":"product","2":"type-product","3":"status-publish","4":"has-post-thumbnail","6":"jugador-junior-pt-pt","7":"marca-bullpadel-pt-pt","8":"product_cat-tenis","10":"first","11":"outofstock","12":"sale","13":"taxable","14":"shipping-taxable","15":"purchasable","16":"product-type-variable"},"acf":[],"yoast_head":"<!-- This site is optimized with the Yoast SEO plugin v27.4 - https:\/\/yoast.com\/product\/yoast-seo-wordpress\/ -->\n<title>BULLPADEL BUKER JR 25V BLANCO\/ROJO JUNIOR - Revolution Padel Store<\/title>\n<meta name=\"description\" content=\"Compra las Bullpadel Buker Jr 25V Blanco\/Rojo y mejora tu juego. Zapatillas de p\u00e1del junior con suela de espiga, amortiguaci\u00f3n y dise\u00f1o ligero. \u00a1Entra ahora!\" \/>\n<meta name=\"robots\" content=\"index, follow, max-snippet:-1, max-image-preview:large, max-video-preview:-1\" \/>\n<link rel=\"canonical\" href=\"https:\/\/revolutionpadelstore.com\/pt-pt\/produto\/bullpadel-buker-jr-25v-blanco-rojo-junior-5\/\" \/>\n<meta property=\"og:locale\" content=\"pt_PT\" \/>\n<meta property=\"og:type\" content=\"article\" \/>\n<meta property=\"og:title\" content=\"BULLPADEL BUKER JR 25V BLANCO\/ROJO JUNIOR - Revolution Padel Store\" \/>\n<meta property=\"og:description\" content=\"Compra las Bullpadel Buker Jr 25V Blanco\/Rojo y mejora tu juego. Zapatillas de p\u00e1del junior con suela de espiga, amortiguaci\u00f3n y dise\u00f1o ligero. \u00a1Entra ahora!\" \/>\n<meta property=\"og:url\" content=\"https:\/\/revolutionpadelstore.com\/pt-pt\/produto\/bullpadel-buker-jr-25v-blanco-rojo-junior-5\/\" \/>\n<meta property=\"og:site_name\" content=\"Revolution Padel Store\" \/>\n<meta property=\"article:modified_time\" content=\"2026-04-08T04:17:44+00:00\" \/>\n<meta property=\"og:image\" content=\"https:\/\/revolutionpadelstore.com\/wp-content\/uploads\/2025\/02\/114316-zapatillas-bullpadel-buker-jr-25v-junior-cs58012003-blanco-rojo-1200x1200-1.webp\" \/>\n\t<meta property=\"og:image:width\" content=\"1200\" \/>\n\t<meta property=\"og:image:height\" content=\"1200\" \/>\n\t<meta property=\"og:image:type\" content=\"image\/webp\" \/>\n<meta name=\"twitter:card\" content=\"summary_large_image\" \/>\n<meta name=\"twitter:label1\" content=\"Tempo estimado de leitura\" \/>\n\t<meta name=\"twitter:data1\" content=\"1 minuto\" \/>\n<script type=\"application\/ld+json\" class=\"yoast-schema-graph\">{\"@context\":\"https:\\\/\\\/schema.org\",\"@graph\":[{\"@type\":\"WebPage\",\"@id\":\"https:\\\/\\\/revolutionpadelstore.com\\\/pt-pt\\\/produto\\\/bullpadel-buker-jr-25v-blanco-rojo-junior-5\\\/\",\"url\":\"https:\\\/\\\/revolutionpadelstore.com\\\/pt-pt\\\/produto\\\/bullpadel-buker-jr-25v-blanco-rojo-junior-5\\\/\",\"name\":\"BULLPADEL BUKER JR 25V BLANCO\\\/ROJO JUNIOR - Revolution Padel Store\",\"isPartOf\":{\"@id\":\"https:\\\/\\\/revolutionpadelstore.com\\\/pt-pt\\\/#website\"},\"primaryImageOfPage\":{\"@id\":\"https:\\\/\\\/revolutionpadelstore.com\\\/pt-pt\\\/produto\\\/bullpadel-buker-jr-25v-blanco-rojo-junior-5\\\/#primaryimage\"},\"image\":{\"@id\":\"https:\\\/\\\/revolutionpadelstore.com\\\/pt-pt\\\/produto\\\/bullpadel-buker-jr-25v-blanco-rojo-junior-5\\\/#primaryimage\"},\"thumbnailUrl\":\"https:\\\/\\\/revolutionpadelstore.com\\\/wp-content\\\/uploads\\\/2025\\\/02\\\/114316-zapatillas-bullpadel-buker-jr-25v-junior-cs58012003-blanco-rojo-1200x1200-1.webp\",\"datePublished\":\"2025-02-19T09:48:42+00:00\",\"dateModified\":\"2026-04-08T04:17:44+00:00\",\"description\":\"Compra las Bullpadel Buker Jr 25V Blanco\\\/Rojo y mejora tu juego. Zapatillas de p\u00e1del junior con suela de espiga, amortiguaci\u00f3n y dise\u00f1o ligero. \u00a1Entra ahora!\",\"breadcrumb\":{\"@id\":\"https:\\\/\\\/revolutionpadelstore.com\\\/pt-pt\\\/produto\\\/bullpadel-buker-jr-25v-blanco-rojo-junior-5\\\/#breadcrumb\"},\"inLanguage\":\"pt-PT\",\"potentialAction\":[{\"@type\":\"ReadAction\",\"target\":[\"https:\\\/\\\/revolutionpadelstore.com\\\/pt-pt\\\/produto\\\/bullpadel-buker-jr-25v-blanco-rojo-junior-5\\\/\"]}]},{\"@type\":\"ImageObject\",\"inLanguage\":\"pt-PT\",\"@id\":\"https:\\\/\\\/revolutionpadelstore.com\\\/pt-pt\\\/produto\\\/bullpadel-buker-jr-25v-blanco-rojo-junior-5\\\/#primaryimage\",\"url\":\"https:\\\/\\\/revolutionpadelstore.com\\\/wp-content\\\/uploads\\\/2025\\\/02\\\/114316-zapatillas-bullpadel-buker-jr-25v-junior-cs58012003-blanco-rojo-1200x1200-1.webp\",\"contentUrl\":\"https:\\\/\\\/revolutionpadelstore.com\\\/wp-content\\\/uploads\\\/2025\\\/02\\\/114316-zapatillas-bullpadel-buker-jr-25v-junior-cs58012003-blanco-rojo-1200x1200-1.webp\",\"width\":1200,\"height\":1200},{\"@type\":\"BreadcrumbList\",\"@id\":\"https:\\\/\\\/revolutionpadelstore.com\\\/pt-pt\\\/produto\\\/bullpadel-buker-jr-25v-blanco-rojo-junior-5\\\/#breadcrumb\",\"itemListElement\":[{\"@type\":\"ListItem\",\"position\":1,\"name\":\"Portada\",\"item\":\"https:\\\/\\\/revolutionpadelstore.com\\\/pt-pt\\\/\"},{\"@type\":\"ListItem\",\"position\":2,\"name\":\"Tienda\",\"item\":\"https:\\\/\\\/revolutionpadelstore.com\\\/pt-pt\\\/tienda\\\/\"},{\"@type\":\"ListItem\",\"position\":3,\"name\":\"BULLPADEL BUKER JR 25V BLANCO\\\/ROJO JUNIOR\"}]},{\"@type\":\"WebSite\",\"@id\":\"https:\\\/\\\/revolutionpadelstore.com\\\/pt-pt\\\/#website\",\"url\":\"https:\\\/\\\/revolutionpadelstore.com\\\/pt-pt\\\/\",\"name\":\"Revolution Padel Store\",\"description\":\"\",\"publisher\":{\"@id\":\"https:\\\/\\\/revolutionpadelstore.com\\\/pt-pt\\\/#organization\"},\"potentialAction\":[{\"@type\":\"SearchAction\",\"target\":{\"@type\":\"EntryPoint\",\"urlTemplate\":\"https:\\\/\\\/revolutionpadelstore.com\\\/pt-pt\\\/?s={search_term_string}\"},\"query-input\":{\"@type\":\"PropertyValueSpecification\",\"valueRequired\":true,\"valueName\":\"search_term_string\"}}],\"inLanguage\":\"pt-PT\"},{\"@type\":\"Organization\",\"@id\":\"https:\\\/\\\/revolutionpadelstore.com\\\/pt-pt\\\/#organization\",\"name\":\"Revolution Padel Store\",\"url\":\"https:\\\/\\\/revolutionpadelstore.com\\\/pt-pt\\\/\",\"logo\":{\"@type\":\"ImageObject\",\"inLanguage\":\"pt-PT\",\"@id\":\"https:\\\/\\\/revolutionpadelstore.com\\\/pt-pt\\\/#\\\/schema\\\/logo\\\/image\\\/\",\"url\":\"https:\\\/\\\/revolutionpadelstore.com\\\/wp-content\\\/uploads\\\/2026\\\/02\\\/revolution-padel-store.jpg\",\"contentUrl\":\"https:\\\/\\\/revolutionpadelstore.com\\\/wp-content\\\/uploads\\\/2026\\\/02\\\/revolution-padel-store.jpg\",\"width\":2000,\"height\":2000,\"caption\":\"Revolution Padel Store\"},\"image\":{\"@id\":\"https:\\\/\\\/revolutionpadelstore.com\\\/pt-pt\\\/#\\\/schema\\\/logo\\\/image\\\/\"},\"sameAs\":[\"https:\\\/\\\/www.instagram.com\\\/revolutionpadelstore\\\/\"]}]}<\/script>\n<!-- \/ Yoast SEO plugin. -->","yoast_head_json":{"title":"BULLPADEL BUKER JR 25V BLANCO\/ROJO JUNIOR - Revolution Padel Store","description":"Compra las Bullpadel Buker Jr 25V Blanco\/Rojo y mejora tu juego. Zapatillas de p\u00e1del junior con suela de espiga, amortiguaci\u00f3n y dise\u00f1o ligero. \u00a1Entra ahora!","robots":{"index":"index","follow":"follow","max-snippet":"max-snippet:-1","max-image-preview":"max-image-preview:large","max-video-preview":"max-video-preview:-1"},"canonical":"https:\/\/revolutionpadelstore.com\/pt-pt\/produto\/bullpadel-buker-jr-25v-blanco-rojo-junior-5\/","og_locale":"pt_PT","og_type":"article","og_title":"BULLPADEL BUKER JR 25V BLANCO\/ROJO JUNIOR - Revolution Padel Store","og_description":"Compra las Bullpadel Buker Jr 25V Blanco\/Rojo y mejora tu juego. Zapatillas de p\u00e1del junior con suela de espiga, amortiguaci\u00f3n y dise\u00f1o ligero. \u00a1Entra ahora!","og_url":"https:\/\/revolutionpadelstore.com\/pt-pt\/produto\/bullpadel-buker-jr-25v-blanco-rojo-junior-5\/","og_site_name":"Revolution Padel Store","article_modified_time":"2026-04-08T04:17:44+00:00","og_image":[{"width":1200,"height":1200,"url":"https:\/\/revolutionpadelstore.com\/wp-content\/uploads\/2025\/02\/114316-zapatillas-bullpadel-buker-jr-25v-junior-cs58012003-blanco-rojo-1200x1200-1.webp","type":"image\/webp"}],"twitter_card":"summary_large_image","twitter_misc":{"Tempo estimado de leitura":"1 minuto"},"schema":{"@context":"https:\/\/schema.org","@graph":[{"@type":"WebPage","@id":"https:\/\/revolutionpadelstore.com\/pt-pt\/produto\/bullpadel-buker-jr-25v-blanco-rojo-junior-5\/","url":"https:\/\/revolutionpadelstore.com\/pt-pt\/produto\/bullpadel-buker-jr-25v-blanco-rojo-junior-5\/","name":"BULLPADEL BUKER JR 25V BLANCO\/ROJO JUNIOR - Revolution Padel Store","isPartOf":{"@id":"https:\/\/revolutionpadelstore.com\/pt-pt\/#website"},"primaryImageOfPage":{"@id":"https:\/\/revolutionpadelstore.com\/pt-pt\/produto\/bullpadel-buker-jr-25v-blanco-rojo-junior-5\/#primaryimage"},"image":{"@id":"https:\/\/revolutionpadelstore.com\/pt-pt\/produto\/bullpadel-buker-jr-25v-blanco-rojo-junior-5\/#primaryimage"},"thumbnailUrl":"https:\/\/revolutionpadelstore.com\/wp-content\/uploads\/2025\/02\/114316-zapatillas-bullpadel-buker-jr-25v-junior-cs58012003-blanco-rojo-1200x1200-1.webp","datePublished":"2025-02-19T09:48:42+00:00","dateModified":"2026-04-08T04:17:44+00:00","description":"Compra las Bullpadel Buker Jr 25V Blanco\/Rojo y mejora tu juego. Zapatillas de p\u00e1del junior con suela de espiga, amortiguaci\u00f3n y dise\u00f1o ligero. \u00a1Entra ahora!","breadcrumb":{"@id":"https:\/\/revolutionpadelstore.com\/pt-pt\/produto\/bullpadel-buker-jr-25v-blanco-rojo-junior-5\/#breadcrumb"},"inLanguage":"pt-PT","potentialAction":[{"@type":"ReadAction","target":["https:\/\/revolutionpadelstore.com\/pt-pt\/produto\/bullpadel-buker-jr-25v-blanco-rojo-junior-5\/"]}]},{"@type":"ImageObject","inLanguage":"pt-PT","@id":"https:\/\/revolutionpadelstore.com\/pt-pt\/produto\/bullpadel-buker-jr-25v-blanco-rojo-junior-5\/#primaryimage","url":"https:\/\/revolutionpadelstore.com\/wp-content\/uploads\/2025\/02\/114316-zapatillas-bullpadel-buker-jr-25v-junior-cs58012003-blanco-rojo-1200x1200-1.webp","contentUrl":"https:\/\/revolutionpadelstore.com\/wp-content\/uploads\/2025\/02\/114316-zapatillas-bullpadel-buker-jr-25v-junior-cs58012003-blanco-rojo-1200x1200-1.webp","width":1200,"height":1200},{"@type":"BreadcrumbList","@id":"https:\/\/revolutionpadelstore.com\/pt-pt\/produto\/bullpadel-buker-jr-25v-blanco-rojo-junior-5\/#breadcrumb","itemListElement":[{"@type":"ListItem","position":1,"name":"Portada","item":"https:\/\/revolutionpadelstore.com\/pt-pt\/"},{"@type":"ListItem","position":2,"name":"Tienda","item":"https:\/\/revolutionpadelstore.com\/pt-pt\/tienda\/"},{"@type":"ListItem","position":3,"name":"BULLPADEL BUKER JR 25V BLANCO\/ROJO JUNIOR"}]},{"@type":"WebSite","@id":"https:\/\/revolutionpadelstore.com\/pt-pt\/#website","url":"https:\/\/revolutionpadelstore.com\/pt-pt\/","name":"Revolution Padel Store","description":"","publisher":{"@id":"https:\/\/revolutionpadelstore.com\/pt-pt\/#organization"},"potentialAction":[{"@type":"SearchAction","target":{"@type":"EntryPoint","urlTemplate":"https:\/\/revolutionpadelstore.com\/pt-pt\/?s={search_term_string}"},"query-input":{"@type":"PropertyValueSpecification","valueRequired":true,"valueName":"search_term_string"}}],"inLanguage":"pt-PT"},{"@type":"Organization","@id":"https:\/\/revolutionpadelstore.com\/pt-pt\/#organization","name":"Revolution Padel Store","url":"https:\/\/revolutionpadelstore.com\/pt-pt\/","logo":{"@type":"ImageObject","inLanguage":"pt-PT","@id":"https:\/\/revolutionpadelstore.com\/pt-pt\/#\/schema\/logo\/image\/","url":"https:\/\/revolutionpadelstore.com\/wp-content\/uploads\/2026\/02\/revolution-padel-store.jpg","contentUrl":"https:\/\/revolutionpadelstore.com\/wp-content\/uploads\/2026\/02\/revolution-padel-store.jpg","width":2000,"height":2000,"caption":"Revolution Padel Store"},"image":{"@id":"https:\/\/revolutionpadelstore.com\/pt-pt\/#\/schema\/logo\/image\/"},"sameAs":["https:\/\/www.instagram.com\/revolutionpadelstore\/"]}]}},"_links":{"self":[{"href":"https:\/\/revolutionpadelstore.com\/pt-pt\/wp-json\/wp\/v2\/product\/173459","targetHints":{"allow":["GET"]}}],"collection":[{"href":"https:\/\/revolutionpadelstore.com\/pt-pt\/wp-json\/wp\/v2\/product"}],"about":[{"href":"https:\/\/revolutionpadelstore.com\/pt-pt\/wp-json\/wp\/v2\/types\/product"}],"replies":[{"embeddable":true,"href":"https:\/\/revolutionpadelstore.com\/pt-pt\/wp-json\/wp\/v2\/comments?post=173459"}],"wp:featuredmedia":[{"embeddable":true,"href":"https:\/\/revolutionpadelstore.com\/pt-pt\/wp-json\/wp\/v2\/media\/173433"}],"wp:attachment":[{"href":"https:\/\/revolutionpadelstore.com\/pt-pt\/wp-json\/wp\/v2\/media?parent=173459"}],"wp:term":[{"taxonomy":"acabado","embeddable":true,"href":"https:\/\/revolutionpadelstore.com\/pt-pt\/wp-json\/wp\/v2\/acabado?post=173459"},{"taxonomy":"balance","embeddable":true,"href":"https:\/\/revolutionpadelstore.com\/pt-pt\/wp-json\/wp\/v2\/balance?post=173459"},{"taxonomy":"dureza","embeddable":true,"href":"https:\/\/revolutionpadelstore.com\/pt-pt\/wp-json\/wp\/v2\/dureza?post=173459"},{"taxonomy":"forma","embeddable":true,"href":"https:\/\/revolutionpadelstore.com\/pt-pt\/wp-json\/wp\/v2\/forma?post=173459"},{"taxonomy":"jugador","embeddable":true,"href":"https:\/\/revolutionpadelstore.com\/pt-pt\/wp-json\/wp\/v2\/jugador?post=173459"},{"taxonomy":"marca","embeddable":true,"href":"https:\/\/revolutionpadelstore.com\/pt-pt\/wp-json\/wp\/v2\/marca?post=173459"},{"taxonomy":"nivel-de-juego","embeddable":true,"href":"https:\/\/revolutionpadelstore.com\/pt-pt\/wp-json\/wp\/v2\/nivel-de-juego?post=173459"},{"taxonomy":"superficie","embeddable":true,"href":"https:\/\/revolutionpadelstore.com\/pt-pt\/wp-json\/wp\/v2\/superficie?post=173459"},{"taxonomy":"tipo-de-juego","embeddable":true,"href":"https:\/\/revolutionpadelstore.com\/pt-pt\/wp-json\/wp\/v2\/tipo-de-juego?post=173459"},{"taxonomy":"product_brand","embeddable":true,"href":"https:\/\/revolutionpadelstore.com\/pt-pt\/wp-json\/wp\/v2\/product_brand?post=173459"},{"taxonomy":"product_cat","embeddable":true,"href":"https:\/\/revolutionpadelstore.com\/pt-pt\/wp-json\/wp\/v2\/product_cat?post=173459"},{"taxonomy":"product_tag","embeddable":true,"href":"https:\/\/revolutionpadelstore.com\/pt-pt\/wp-json\/wp\/v2\/product_tag?post=173459"}],"curies":[{"name":"wp","href":"https:\/\/api.w.org\/{rel}","templated":true}]}}