{"id":173005,"date":"2025-02-18T22:35:55","date_gmt":"2025-02-18T21:35:55","guid":{"rendered":"https:\/\/revolutionpadelstore.com\/bullpadel-vertex-vibram-w-25v-blanco\/"},"modified":"2026-04-08T07:09:49","modified_gmt":"2026-04-08T05:09:49","slug":"bullpadel-vertex-vibram-w-25v-blanco-5","status":"publish","type":"product","link":"https:\/\/revolutionpadelstore.com\/pt-pt\/produto\/bullpadel-vertex-vibram-w-25v-blanco-5\/","title":{"rendered":"BULLPADEL VERTEX VIBRAM W 25V BLANCO"},"content":{"rendered":"<p><H2> <strong> bullpadel v\u00e9rtice vibram w 25V White Women<br \/>\nO <strong> bullpadel v\u00e9rtice vibram w 25v woman <\/strong> s\u00e3o os sapatos perfeitos para jogadores que procuram desempenho, conforto e durabilidade em cada jogo. Projetado em colabora\u00e7\u00e3o com <strong> Delphi Brea <\/strong>, esses t\u00eanis combinam o estado de tecnologia -art com um design estilizado e funcional.<br \/>\n<H2> <strong> ader\u00eancia m\u00e1xima e estabilidade <\/strong> <\/h2>\n<p>Gra\u00e7as \u00e0 sua <strong> densidade dupla Vibram Sole <\/strong>, eles oferecem uma tra\u00e7\u00e3o excepcional <\/strong>, permitindo r\u00e1pidas mudan\u00e7as de dire\u00e7\u00e3o e movimentos explosivos sem perder a estabilidade. Seu design h\u00edbrido <strong> <\/strong> com Spike e Tacos garante um equil\u00edbrio perfeito entre ader\u00eancia e deslizamento, ideal para jogadores exigentes.<br \/>\n<H2> <strong> conforto e resist\u00eancia em cada etapa <\/strong> <\/h2>\n<p><P>-bify malha t\u00e9cnica Corte: garante leveza e frescura, evitando o ac\u00famulo de calor nos p\u00e9s<br \/>\n<P> Ponteiro de borracha injetado sem costuras: refor\u00e7a as \u00e1reas de maior desgaste, prolongando a vida \u00fatil dos cal\u00e7ados<br \/>\n<P>-forro acolchoado do salto: fornece uma sensa\u00e7\u00e3o de conforto superior e protege contra impactos.<\/p>\n<p> Estrutura refor\u00e7ada: oferece estabilidade lateral, reduzindo o risco de les\u00f5es<\/p>\n<p><H2> <strong> t\u00eanis projetados para ganhar <\/strong> <\/h2>\n<p>Se voc\u00ea est\u00e1 procurando sapatos de paddle femininos que fornecem velocidade, amortecimento e um piso seguro <\/strong>, o <strong> bullpadel v\u00e9rtice vibram w 25V <\/strong> \u00e9 a sua melhor escolha. Perfeito para jogadores de n\u00edvel m\u00e9dio e avan\u00e7ado que desejam levar seu jogo para o pr\u00f3ximo n\u00edvel.<\/p>\n<p><strong> Agora compre o bullpadel v\u00e9rtice vibram w 25v mulher branca em nossa loja on -line &lt;a href = &quot;https:\/\/chatgpt.com\/g\/g-675432e02688191b6ee6d6f2fdbb15e-timization-textos\/c\/www.revoldelstore.com&quot; Mercado<\/p>\n<h2><strong>Bullpadel Vertex Vibram W 25V Blanco Mujer<\/strong><\/p>\n","protected":false},"excerpt":{"rendered":"<p>O <strong> bullpadel v\u00e9rtice vibram w 25v Woman <\/strong> se destaca por sua velocidade, conforto e design de vanguarda. Gra\u00e7as ao seu \u00fanico <strong> vibram <\/strong>, malha t\u00e9cnica e refor\u00e7o no dedo do p\u00e9, eles s\u00e3o a escolha perfeita para tocar a raquete para obter a m\u00e1xima estabilidade e desempenho.<strong>Bullpadel Vertex Vibram W 25V Mujer<\/strong><\/p>\n","protected":false},"featured_media":172946,"comment_status":"open","ping_status":"closed","template":"","meta":{"_acf_changed":false,"_joinchat":[]},"acabado":[],"balance":[],"dureza":[],"forma":[],"jugador":[1195],"marca":[1255],"nivel-de-juego":[],"superficie":[],"tipo-de-juego":[],"product_brand":[],"product_cat":[833],"product_tag":[],"class_list":{"0":"post-173005","1":"product","2":"type-product","3":"status-publish","4":"has-post-thumbnail","6":"jugador-mulher","7":"marca-bullpadel-pt-pt","8":"product_cat-tenis","10":"first","11":"outofstock","12":"sale","13":"taxable","14":"shipping-taxable","15":"purchasable","16":"product-type-variable"},"acf":[],"yoast_head":"<!-- This site is optimized with the Yoast SEO plugin v27.4 - https:\/\/yoast.com\/product\/yoast-seo-wordpress\/ -->\n<title>BULLPADEL VERTEX VIBRAM W 25V BLANCO - Revolution Padel Store<\/title>\n<meta name=\"description\" content=\"Consigue las nuevas Bullpadel Vertex Vibram W 25V Mujer con suela Vibram de doble densidad para m\u00e1xima tracci\u00f3n y comodidad. Compra online al mejor precio en Revolution Padel Store.\" \/>\n<meta name=\"robots\" content=\"index, follow, max-snippet:-1, max-image-preview:large, max-video-preview:-1\" \/>\n<link rel=\"canonical\" href=\"https:\/\/revolutionpadelstore.com\/pt-pt\/produto\/bullpadel-vertex-vibram-w-25v-blanco-5\/\" \/>\n<meta property=\"og:locale\" content=\"pt_PT\" \/>\n<meta property=\"og:type\" content=\"article\" \/>\n<meta property=\"og:title\" content=\"BULLPADEL VERTEX VIBRAM W 25V BLANCO - Revolution Padel Store\" \/>\n<meta property=\"og:description\" content=\"Consigue las nuevas Bullpadel Vertex Vibram W 25V Mujer con suela Vibram de doble densidad para m\u00e1xima tracci\u00f3n y comodidad. Compra online al mejor precio en Revolution Padel Store.\" \/>\n<meta property=\"og:url\" content=\"https:\/\/revolutionpadelstore.com\/pt-pt\/produto\/bullpadel-vertex-vibram-w-25v-blanco-5\/\" \/>\n<meta property=\"og:site_name\" content=\"Revolution Padel Store\" \/>\n<meta property=\"article:modified_time\" content=\"2026-04-08T05:09:49+00:00\" \/>\n<meta property=\"og:image\" content=\"https:\/\/revolutionpadelstore.com\/wp-content\/uploads\/2025\/02\/114350-zapatillas-bullpadel-vertex-vibram-w-25v-mujer-cm59012000-blanco-1200x1200-1.webp\" \/>\n\t<meta property=\"og:image:width\" content=\"1200\" \/>\n\t<meta property=\"og:image:height\" content=\"1200\" \/>\n\t<meta property=\"og:image:type\" content=\"image\/webp\" \/>\n<meta name=\"twitter:card\" content=\"summary_large_image\" \/>\n<meta name=\"twitter:label1\" content=\"Tempo estimado de leitura\" \/>\n\t<meta name=\"twitter:data1\" content=\"1 minuto\" \/>\n<script type=\"application\/ld+json\" class=\"yoast-schema-graph\">{\"@context\":\"https:\\\/\\\/schema.org\",\"@graph\":[{\"@type\":\"WebPage\",\"@id\":\"https:\\\/\\\/revolutionpadelstore.com\\\/pt-pt\\\/produto\\\/bullpadel-vertex-vibram-w-25v-blanco-5\\\/\",\"url\":\"https:\\\/\\\/revolutionpadelstore.com\\\/pt-pt\\\/produto\\\/bullpadel-vertex-vibram-w-25v-blanco-5\\\/\",\"name\":\"BULLPADEL VERTEX VIBRAM W 25V BLANCO - Revolution Padel Store\",\"isPartOf\":{\"@id\":\"https:\\\/\\\/revolutionpadelstore.com\\\/pt-pt\\\/#website\"},\"primaryImageOfPage\":{\"@id\":\"https:\\\/\\\/revolutionpadelstore.com\\\/pt-pt\\\/produto\\\/bullpadel-vertex-vibram-w-25v-blanco-5\\\/#primaryimage\"},\"image\":{\"@id\":\"https:\\\/\\\/revolutionpadelstore.com\\\/pt-pt\\\/produto\\\/bullpadel-vertex-vibram-w-25v-blanco-5\\\/#primaryimage\"},\"thumbnailUrl\":\"https:\\\/\\\/revolutionpadelstore.com\\\/wp-content\\\/uploads\\\/2025\\\/02\\\/114350-zapatillas-bullpadel-vertex-vibram-w-25v-mujer-cm59012000-blanco-1200x1200-1.webp\",\"datePublished\":\"2025-02-18T21:35:55+00:00\",\"dateModified\":\"2026-04-08T05:09:49+00:00\",\"description\":\"Consigue las nuevas Bullpadel Vertex Vibram W 25V Mujer con suela Vibram de doble densidad para m\u00e1xima tracci\u00f3n y comodidad. Compra online al mejor precio en Revolution Padel Store.\",\"breadcrumb\":{\"@id\":\"https:\\\/\\\/revolutionpadelstore.com\\\/pt-pt\\\/produto\\\/bullpadel-vertex-vibram-w-25v-blanco-5\\\/#breadcrumb\"},\"inLanguage\":\"pt-PT\",\"potentialAction\":[{\"@type\":\"ReadAction\",\"target\":[\"https:\\\/\\\/revolutionpadelstore.com\\\/pt-pt\\\/produto\\\/bullpadel-vertex-vibram-w-25v-blanco-5\\\/\"]}]},{\"@type\":\"ImageObject\",\"inLanguage\":\"pt-PT\",\"@id\":\"https:\\\/\\\/revolutionpadelstore.com\\\/pt-pt\\\/produto\\\/bullpadel-vertex-vibram-w-25v-blanco-5\\\/#primaryimage\",\"url\":\"https:\\\/\\\/revolutionpadelstore.com\\\/wp-content\\\/uploads\\\/2025\\\/02\\\/114350-zapatillas-bullpadel-vertex-vibram-w-25v-mujer-cm59012000-blanco-1200x1200-1.webp\",\"contentUrl\":\"https:\\\/\\\/revolutionpadelstore.com\\\/wp-content\\\/uploads\\\/2025\\\/02\\\/114350-zapatillas-bullpadel-vertex-vibram-w-25v-mujer-cm59012000-blanco-1200x1200-1.webp\",\"width\":1200,\"height\":1200},{\"@type\":\"BreadcrumbList\",\"@id\":\"https:\\\/\\\/revolutionpadelstore.com\\\/pt-pt\\\/produto\\\/bullpadel-vertex-vibram-w-25v-blanco-5\\\/#breadcrumb\",\"itemListElement\":[{\"@type\":\"ListItem\",\"position\":1,\"name\":\"Portada\",\"item\":\"https:\\\/\\\/revolutionpadelstore.com\\\/pt-pt\\\/\"},{\"@type\":\"ListItem\",\"position\":2,\"name\":\"Tienda\",\"item\":\"https:\\\/\\\/revolutionpadelstore.com\\\/pt-pt\\\/tienda\\\/\"},{\"@type\":\"ListItem\",\"position\":3,\"name\":\"BULLPADEL VERTEX VIBRAM W 25V BLANCO\"}]},{\"@type\":\"WebSite\",\"@id\":\"https:\\\/\\\/revolutionpadelstore.com\\\/pt-pt\\\/#website\",\"url\":\"https:\\\/\\\/revolutionpadelstore.com\\\/pt-pt\\\/\",\"name\":\"Revolution Padel Store\",\"description\":\"\",\"publisher\":{\"@id\":\"https:\\\/\\\/revolutionpadelstore.com\\\/pt-pt\\\/#organization\"},\"potentialAction\":[{\"@type\":\"SearchAction\",\"target\":{\"@type\":\"EntryPoint\",\"urlTemplate\":\"https:\\\/\\\/revolutionpadelstore.com\\\/pt-pt\\\/?s={search_term_string}\"},\"query-input\":{\"@type\":\"PropertyValueSpecification\",\"valueRequired\":true,\"valueName\":\"search_term_string\"}}],\"inLanguage\":\"pt-PT\"},{\"@type\":\"Organization\",\"@id\":\"https:\\\/\\\/revolutionpadelstore.com\\\/pt-pt\\\/#organization\",\"name\":\"Revolution Padel Store\",\"url\":\"https:\\\/\\\/revolutionpadelstore.com\\\/pt-pt\\\/\",\"logo\":{\"@type\":\"ImageObject\",\"inLanguage\":\"pt-PT\",\"@id\":\"https:\\\/\\\/revolutionpadelstore.com\\\/pt-pt\\\/#\\\/schema\\\/logo\\\/image\\\/\",\"url\":\"https:\\\/\\\/revolutionpadelstore.com\\\/wp-content\\\/uploads\\\/2026\\\/02\\\/revolution-padel-store.jpg\",\"contentUrl\":\"https:\\\/\\\/revolutionpadelstore.com\\\/wp-content\\\/uploads\\\/2026\\\/02\\\/revolution-padel-store.jpg\",\"width\":2000,\"height\":2000,\"caption\":\"Revolution Padel Store\"},\"image\":{\"@id\":\"https:\\\/\\\/revolutionpadelstore.com\\\/pt-pt\\\/#\\\/schema\\\/logo\\\/image\\\/\"},\"sameAs\":[\"https:\\\/\\\/www.instagram.com\\\/revolutionpadelstore\\\/\"]}]}<\/script>\n<!-- \/ Yoast SEO plugin. -->","yoast_head_json":{"title":"BULLPADEL VERTEX VIBRAM W 25V BLANCO - Revolution Padel Store","description":"Consigue las nuevas Bullpadel Vertex Vibram W 25V Mujer con suela Vibram de doble densidad para m\u00e1xima tracci\u00f3n y comodidad. Compra online al mejor precio en Revolution Padel Store.","robots":{"index":"index","follow":"follow","max-snippet":"max-snippet:-1","max-image-preview":"max-image-preview:large","max-video-preview":"max-video-preview:-1"},"canonical":"https:\/\/revolutionpadelstore.com\/pt-pt\/produto\/bullpadel-vertex-vibram-w-25v-blanco-5\/","og_locale":"pt_PT","og_type":"article","og_title":"BULLPADEL VERTEX VIBRAM W 25V BLANCO - Revolution Padel Store","og_description":"Consigue las nuevas Bullpadel Vertex Vibram W 25V Mujer con suela Vibram de doble densidad para m\u00e1xima tracci\u00f3n y comodidad. Compra online al mejor precio en Revolution Padel Store.","og_url":"https:\/\/revolutionpadelstore.com\/pt-pt\/produto\/bullpadel-vertex-vibram-w-25v-blanco-5\/","og_site_name":"Revolution Padel Store","article_modified_time":"2026-04-08T05:09:49+00:00","og_image":[{"width":1200,"height":1200,"url":"https:\/\/revolutionpadelstore.com\/wp-content\/uploads\/2025\/02\/114350-zapatillas-bullpadel-vertex-vibram-w-25v-mujer-cm59012000-blanco-1200x1200-1.webp","type":"image\/webp"}],"twitter_card":"summary_large_image","twitter_misc":{"Tempo estimado de leitura":"1 minuto"},"schema":{"@context":"https:\/\/schema.org","@graph":[{"@type":"WebPage","@id":"https:\/\/revolutionpadelstore.com\/pt-pt\/produto\/bullpadel-vertex-vibram-w-25v-blanco-5\/","url":"https:\/\/revolutionpadelstore.com\/pt-pt\/produto\/bullpadel-vertex-vibram-w-25v-blanco-5\/","name":"BULLPADEL VERTEX VIBRAM W 25V BLANCO - Revolution Padel Store","isPartOf":{"@id":"https:\/\/revolutionpadelstore.com\/pt-pt\/#website"},"primaryImageOfPage":{"@id":"https:\/\/revolutionpadelstore.com\/pt-pt\/produto\/bullpadel-vertex-vibram-w-25v-blanco-5\/#primaryimage"},"image":{"@id":"https:\/\/revolutionpadelstore.com\/pt-pt\/produto\/bullpadel-vertex-vibram-w-25v-blanco-5\/#primaryimage"},"thumbnailUrl":"https:\/\/revolutionpadelstore.com\/wp-content\/uploads\/2025\/02\/114350-zapatillas-bullpadel-vertex-vibram-w-25v-mujer-cm59012000-blanco-1200x1200-1.webp","datePublished":"2025-02-18T21:35:55+00:00","dateModified":"2026-04-08T05:09:49+00:00","description":"Consigue las nuevas Bullpadel Vertex Vibram W 25V Mujer con suela Vibram de doble densidad para m\u00e1xima tracci\u00f3n y comodidad. Compra online al mejor precio en Revolution Padel Store.","breadcrumb":{"@id":"https:\/\/revolutionpadelstore.com\/pt-pt\/produto\/bullpadel-vertex-vibram-w-25v-blanco-5\/#breadcrumb"},"inLanguage":"pt-PT","potentialAction":[{"@type":"ReadAction","target":["https:\/\/revolutionpadelstore.com\/pt-pt\/produto\/bullpadel-vertex-vibram-w-25v-blanco-5\/"]}]},{"@type":"ImageObject","inLanguage":"pt-PT","@id":"https:\/\/revolutionpadelstore.com\/pt-pt\/produto\/bullpadel-vertex-vibram-w-25v-blanco-5\/#primaryimage","url":"https:\/\/revolutionpadelstore.com\/wp-content\/uploads\/2025\/02\/114350-zapatillas-bullpadel-vertex-vibram-w-25v-mujer-cm59012000-blanco-1200x1200-1.webp","contentUrl":"https:\/\/revolutionpadelstore.com\/wp-content\/uploads\/2025\/02\/114350-zapatillas-bullpadel-vertex-vibram-w-25v-mujer-cm59012000-blanco-1200x1200-1.webp","width":1200,"height":1200},{"@type":"BreadcrumbList","@id":"https:\/\/revolutionpadelstore.com\/pt-pt\/produto\/bullpadel-vertex-vibram-w-25v-blanco-5\/#breadcrumb","itemListElement":[{"@type":"ListItem","position":1,"name":"Portada","item":"https:\/\/revolutionpadelstore.com\/pt-pt\/"},{"@type":"ListItem","position":2,"name":"Tienda","item":"https:\/\/revolutionpadelstore.com\/pt-pt\/tienda\/"},{"@type":"ListItem","position":3,"name":"BULLPADEL VERTEX VIBRAM W 25V BLANCO"}]},{"@type":"WebSite","@id":"https:\/\/revolutionpadelstore.com\/pt-pt\/#website","url":"https:\/\/revolutionpadelstore.com\/pt-pt\/","name":"Revolution Padel Store","description":"","publisher":{"@id":"https:\/\/revolutionpadelstore.com\/pt-pt\/#organization"},"potentialAction":[{"@type":"SearchAction","target":{"@type":"EntryPoint","urlTemplate":"https:\/\/revolutionpadelstore.com\/pt-pt\/?s={search_term_string}"},"query-input":{"@type":"PropertyValueSpecification","valueRequired":true,"valueName":"search_term_string"}}],"inLanguage":"pt-PT"},{"@type":"Organization","@id":"https:\/\/revolutionpadelstore.com\/pt-pt\/#organization","name":"Revolution Padel Store","url":"https:\/\/revolutionpadelstore.com\/pt-pt\/","logo":{"@type":"ImageObject","inLanguage":"pt-PT","@id":"https:\/\/revolutionpadelstore.com\/pt-pt\/#\/schema\/logo\/image\/","url":"https:\/\/revolutionpadelstore.com\/wp-content\/uploads\/2026\/02\/revolution-padel-store.jpg","contentUrl":"https:\/\/revolutionpadelstore.com\/wp-content\/uploads\/2026\/02\/revolution-padel-store.jpg","width":2000,"height":2000,"caption":"Revolution Padel Store"},"image":{"@id":"https:\/\/revolutionpadelstore.com\/pt-pt\/#\/schema\/logo\/image\/"},"sameAs":["https:\/\/www.instagram.com\/revolutionpadelstore\/"]}]}},"_links":{"self":[{"href":"https:\/\/revolutionpadelstore.com\/pt-pt\/wp-json\/wp\/v2\/product\/173005","targetHints":{"allow":["GET"]}}],"collection":[{"href":"https:\/\/revolutionpadelstore.com\/pt-pt\/wp-json\/wp\/v2\/product"}],"about":[{"href":"https:\/\/revolutionpadelstore.com\/pt-pt\/wp-json\/wp\/v2\/types\/product"}],"replies":[{"embeddable":true,"href":"https:\/\/revolutionpadelstore.com\/pt-pt\/wp-json\/wp\/v2\/comments?post=173005"}],"wp:featuredmedia":[{"embeddable":true,"href":"https:\/\/revolutionpadelstore.com\/pt-pt\/wp-json\/wp\/v2\/media\/172946"}],"wp:attachment":[{"href":"https:\/\/revolutionpadelstore.com\/pt-pt\/wp-json\/wp\/v2\/media?parent=173005"}],"wp:term":[{"taxonomy":"acabado","embeddable":true,"href":"https:\/\/revolutionpadelstore.com\/pt-pt\/wp-json\/wp\/v2\/acabado?post=173005"},{"taxonomy":"balance","embeddable":true,"href":"https:\/\/revolutionpadelstore.com\/pt-pt\/wp-json\/wp\/v2\/balance?post=173005"},{"taxonomy":"dureza","embeddable":true,"href":"https:\/\/revolutionpadelstore.com\/pt-pt\/wp-json\/wp\/v2\/dureza?post=173005"},{"taxonomy":"forma","embeddable":true,"href":"https:\/\/revolutionpadelstore.com\/pt-pt\/wp-json\/wp\/v2\/forma?post=173005"},{"taxonomy":"jugador","embeddable":true,"href":"https:\/\/revolutionpadelstore.com\/pt-pt\/wp-json\/wp\/v2\/jugador?post=173005"},{"taxonomy":"marca","embeddable":true,"href":"https:\/\/revolutionpadelstore.com\/pt-pt\/wp-json\/wp\/v2\/marca?post=173005"},{"taxonomy":"nivel-de-juego","embeddable":true,"href":"https:\/\/revolutionpadelstore.com\/pt-pt\/wp-json\/wp\/v2\/nivel-de-juego?post=173005"},{"taxonomy":"superficie","embeddable":true,"href":"https:\/\/revolutionpadelstore.com\/pt-pt\/wp-json\/wp\/v2\/superficie?post=173005"},{"taxonomy":"tipo-de-juego","embeddable":true,"href":"https:\/\/revolutionpadelstore.com\/pt-pt\/wp-json\/wp\/v2\/tipo-de-juego?post=173005"},{"taxonomy":"product_brand","embeddable":true,"href":"https:\/\/revolutionpadelstore.com\/pt-pt\/wp-json\/wp\/v2\/product_brand?post=173005"},{"taxonomy":"product_cat","embeddable":true,"href":"https:\/\/revolutionpadelstore.com\/pt-pt\/wp-json\/wp\/v2\/product_cat?post=173005"},{"taxonomy":"product_tag","embeddable":true,"href":"https:\/\/revolutionpadelstore.com\/pt-pt\/wp-json\/wp\/v2\/product_tag?post=173005"}],"curies":[{"name":"wp","href":"https:\/\/api.w.org\/{rel}","templated":true}]}}