{"id":172664,"date":"2025-02-18T20:28:35","date_gmt":"2025-02-18T19:28:35","guid":{"rendered":"https:\/\/revolutionpadelstore.com\/?post_type=product&#038;p=172664"},"modified":"2026-04-08T07:16:32","modified_gmt":"2026-04-08T05:16:32","slug":"bullpadel-indiga-25v-blanco-5","status":"publish","type":"product","link":"https:\/\/revolutionpadelstore.com\/pt-pt\/produto\/bullpadel-indiga-25v-blanco-5\/","title":{"rendered":"BULLPADEL INDIGA 25V BLANCO"},"content":{"rendered":"<p><H2> <strong> bullpadel indiga 25v branco &#8211; ader\u00eancia m\u00e1xima e conforto na pista <\/strong> <\/h2>\n<p>O <strong> bullpadel Indiga 25V Blanco <\/strong> \u00e9 a escolha perfeita para jogadores de paddle que procuram um cal\u00e7ado leve e flex\u00edvel e com uma ader\u00eancia excepcional. Projetados para garantir a estabilidade e o conforto, eles incorporam uma sola pura de pico, ideal para trilhas de remo, proporcionando maior tra\u00e7\u00e3o em cada movimento.<\/p>\n<p>Sua estrutura na malha <strong> malha <\/strong> favorece a respirabilidade, mantendo os p\u00e9s frescos, mesmo em partidas intensas. Al\u00e9m disso, o inovador <strong> Therm Sealed <\/strong> reduz as costuras para oferecer maior flexibilidade e um ajuste do tipo luvas, melhorando a sensa\u00e7\u00e3o de conforto e desempenho da pista.<br \/>\n<H2> <strong> Recursos e tecnologias proeminentes <\/strong> <\/h2>\n<p>-estabilizador de punhal m\u00e9dio-tpu que melhora o equil\u00edbrio em cada deslocamento.<br \/>\n-Termo mareed -design sem c\u00e2mera para reduzir o peso e aumentar a flexibilidade.<br \/>\n-Modelo de borracha da palmilha -sitch -eva que otimiza o amortecimento e o conforto.<br \/>\n-Breathmeh -textil Breading interno para excelente perspibilidade.<br \/>\n-Sole escudo -einforcement nos lados e no dedo do p\u00e9 para maior durabilidade e prote\u00e7\u00e3o de impacto.<br \/>\n-Asuela -Nbeatable Grip nas superf\u00edcies da p\u00e1s, maximizando a estabilidade e o controle<\/p>\n<p><H2> <strong> projetado para jogadores exigentes <\/strong> <\/h2>\n<p>Esses sapatos <strong> bullpadel <\/strong> s\u00e3o projetados para jogadores de n\u00edvel intermedi\u00e1rio ou iniciante <\/strong> que procuram melhorar seu desempenho com cal\u00e7ados confort\u00e1veis \u200b\u200be resistentes. Seu design moderno combina estilo e funcionalidade, ideal para aqueles que priorizam o esporte e a est\u00e9tica na pista.<\/p>\n<p><strong> Obtenha o seu hoje e domine cada ponto com seguran\u00e7a e conforto! <\/strong><\/p>\n<p><strong> dispon\u00edvel em nossa loja online <\/strong> &lt;a href = &quot;https:\/\/chatgpt.com\/g\/g-675432e026888191b6ee6d6f2fdbb15e-timization-textos\/c\/www.revoldelstore.com&quot; <strong> Possivelmente pelo melhor pre\u00e7o de mercado<\/p>\n<h2><strong>Bullpadel Indiga 25V Blanco \u2013 M\u00e1ximo agarre y comodidad en la pista<\/strong><\/p>\n","protected":false},"excerpt":{"rendered":"<p>O <strong> bullpadel Indiga 25V Blancas <\/strong> s\u00e3o sapatos de paddle masculinos, projetados com uma sola de pico que melhora a ader\u00eancia da pista, fornecendo deslizamentos de terra r\u00e1pidos, seguros e de estabilidade.<strong>Bullpadel Indiga 25V Blancas<\/strong><\/p>\n","protected":false},"featured_media":172617,"comment_status":"open","ping_status":"closed","template":"","meta":{"_acf_changed":false,"_joinchat":[]},"acabado":[],"balance":[],"dureza":[],"forma":[],"jugador":[1190],"marca":[1255],"nivel-de-juego":[],"superficie":[],"tipo-de-juego":[],"product_brand":[],"product_cat":[833],"product_tag":[],"class_list":{"0":"post-172664","1":"product","2":"type-product","3":"status-publish","4":"has-post-thumbnail","6":"jugador-homem","7":"marca-bullpadel-pt-pt","8":"product_cat-tenis","10":"first","11":"outofstock","12":"sale","13":"taxable","14":"shipping-taxable","15":"purchasable","16":"product-type-variable"},"acf":[],"yoast_head":"<!-- This site is optimized with the Yoast SEO plugin v27.4 - https:\/\/yoast.com\/product\/yoast-seo-wordpress\/ -->\n<title>BULLPADEL INDIGA 25V BLANCO - Revolution Padel Store<\/title>\n<meta name=\"description\" content=\"Compra las Bullpadel Indiga 25V Blanco, zapatillas de p\u00e1del ligeras y transpirables con suela de espiga para m\u00e1ximo agarre. \u00a1Disponibles en Revolution Padel Store!\" \/>\n<meta name=\"robots\" content=\"index, follow, max-snippet:-1, max-image-preview:large, max-video-preview:-1\" \/>\n<link rel=\"canonical\" href=\"https:\/\/revolutionpadelstore.com\/pt-pt\/produto\/bullpadel-indiga-25v-blanco-5\/\" \/>\n<meta property=\"og:locale\" content=\"pt_PT\" \/>\n<meta property=\"og:type\" content=\"article\" \/>\n<meta property=\"og:title\" content=\"BULLPADEL INDIGA 25V BLANCO - Revolution Padel Store\" \/>\n<meta property=\"og:description\" content=\"Compra las Bullpadel Indiga 25V Blanco, zapatillas de p\u00e1del ligeras y transpirables con suela de espiga para m\u00e1ximo agarre. \u00a1Disponibles en Revolution Padel Store!\" \/>\n<meta property=\"og:url\" content=\"https:\/\/revolutionpadelstore.com\/pt-pt\/produto\/bullpadel-indiga-25v-blanco-5\/\" \/>\n<meta property=\"og:site_name\" content=\"Revolution Padel Store\" \/>\n<meta property=\"article:modified_time\" content=\"2026-04-08T05:16:32+00:00\" \/>\n<meta property=\"og:image\" content=\"https:\/\/revolutionpadelstore.com\/wp-content\/uploads\/2025\/02\/114329-zapatillas-bullpadel-indiga-25v-zap-cm56012000-blanco-1200x1200-1.webp\" \/>\n\t<meta property=\"og:image:width\" content=\"1200\" \/>\n\t<meta property=\"og:image:height\" content=\"1200\" \/>\n\t<meta property=\"og:image:type\" content=\"image\/webp\" \/>\n<meta name=\"twitter:card\" content=\"summary_large_image\" \/>\n<meta name=\"twitter:label1\" content=\"Tempo estimado de leitura\" \/>\n\t<meta name=\"twitter:data1\" content=\"2 minutos\" \/>\n<script type=\"application\/ld+json\" class=\"yoast-schema-graph\">{\"@context\":\"https:\\\/\\\/schema.org\",\"@graph\":[{\"@type\":\"WebPage\",\"@id\":\"https:\\\/\\\/revolutionpadelstore.com\\\/pt-pt\\\/produto\\\/bullpadel-indiga-25v-blanco-5\\\/\",\"url\":\"https:\\\/\\\/revolutionpadelstore.com\\\/pt-pt\\\/produto\\\/bullpadel-indiga-25v-blanco-5\\\/\",\"name\":\"BULLPADEL INDIGA 25V BLANCO - Revolution Padel Store\",\"isPartOf\":{\"@id\":\"https:\\\/\\\/revolutionpadelstore.com\\\/pt-pt\\\/#website\"},\"primaryImageOfPage\":{\"@id\":\"https:\\\/\\\/revolutionpadelstore.com\\\/pt-pt\\\/produto\\\/bullpadel-indiga-25v-blanco-5\\\/#primaryimage\"},\"image\":{\"@id\":\"https:\\\/\\\/revolutionpadelstore.com\\\/pt-pt\\\/produto\\\/bullpadel-indiga-25v-blanco-5\\\/#primaryimage\"},\"thumbnailUrl\":\"https:\\\/\\\/revolutionpadelstore.com\\\/wp-content\\\/uploads\\\/2025\\\/02\\\/114329-zapatillas-bullpadel-indiga-25v-zap-cm56012000-blanco-1200x1200-1.webp\",\"datePublished\":\"2025-02-18T19:28:35+00:00\",\"dateModified\":\"2026-04-08T05:16:32+00:00\",\"description\":\"Compra las Bullpadel Indiga 25V Blanco, zapatillas de p\u00e1del ligeras y transpirables con suela de espiga para m\u00e1ximo agarre. \u00a1Disponibles en Revolution Padel Store!\",\"breadcrumb\":{\"@id\":\"https:\\\/\\\/revolutionpadelstore.com\\\/pt-pt\\\/produto\\\/bullpadel-indiga-25v-blanco-5\\\/#breadcrumb\"},\"inLanguage\":\"pt-PT\",\"potentialAction\":[{\"@type\":\"ReadAction\",\"target\":[\"https:\\\/\\\/revolutionpadelstore.com\\\/pt-pt\\\/produto\\\/bullpadel-indiga-25v-blanco-5\\\/\"]}]},{\"@type\":\"ImageObject\",\"inLanguage\":\"pt-PT\",\"@id\":\"https:\\\/\\\/revolutionpadelstore.com\\\/pt-pt\\\/produto\\\/bullpadel-indiga-25v-blanco-5\\\/#primaryimage\",\"url\":\"https:\\\/\\\/revolutionpadelstore.com\\\/wp-content\\\/uploads\\\/2025\\\/02\\\/114329-zapatillas-bullpadel-indiga-25v-zap-cm56012000-blanco-1200x1200-1.webp\",\"contentUrl\":\"https:\\\/\\\/revolutionpadelstore.com\\\/wp-content\\\/uploads\\\/2025\\\/02\\\/114329-zapatillas-bullpadel-indiga-25v-zap-cm56012000-blanco-1200x1200-1.webp\",\"width\":1200,\"height\":1200},{\"@type\":\"BreadcrumbList\",\"@id\":\"https:\\\/\\\/revolutionpadelstore.com\\\/pt-pt\\\/produto\\\/bullpadel-indiga-25v-blanco-5\\\/#breadcrumb\",\"itemListElement\":[{\"@type\":\"ListItem\",\"position\":1,\"name\":\"Portada\",\"item\":\"https:\\\/\\\/revolutionpadelstore.com\\\/pt-pt\\\/\"},{\"@type\":\"ListItem\",\"position\":2,\"name\":\"Tienda\",\"item\":\"https:\\\/\\\/revolutionpadelstore.com\\\/pt-pt\\\/tienda\\\/\"},{\"@type\":\"ListItem\",\"position\":3,\"name\":\"BULLPADEL INDIGA 25V BLANCO\"}]},{\"@type\":\"WebSite\",\"@id\":\"https:\\\/\\\/revolutionpadelstore.com\\\/pt-pt\\\/#website\",\"url\":\"https:\\\/\\\/revolutionpadelstore.com\\\/pt-pt\\\/\",\"name\":\"Revolution Padel Store\",\"description\":\"\",\"publisher\":{\"@id\":\"https:\\\/\\\/revolutionpadelstore.com\\\/pt-pt\\\/#organization\"},\"potentialAction\":[{\"@type\":\"SearchAction\",\"target\":{\"@type\":\"EntryPoint\",\"urlTemplate\":\"https:\\\/\\\/revolutionpadelstore.com\\\/pt-pt\\\/?s={search_term_string}\"},\"query-input\":{\"@type\":\"PropertyValueSpecification\",\"valueRequired\":true,\"valueName\":\"search_term_string\"}}],\"inLanguage\":\"pt-PT\"},{\"@type\":\"Organization\",\"@id\":\"https:\\\/\\\/revolutionpadelstore.com\\\/pt-pt\\\/#organization\",\"name\":\"Revolution Padel Store\",\"url\":\"https:\\\/\\\/revolutionpadelstore.com\\\/pt-pt\\\/\",\"logo\":{\"@type\":\"ImageObject\",\"inLanguage\":\"pt-PT\",\"@id\":\"https:\\\/\\\/revolutionpadelstore.com\\\/pt-pt\\\/#\\\/schema\\\/logo\\\/image\\\/\",\"url\":\"https:\\\/\\\/revolutionpadelstore.com\\\/wp-content\\\/uploads\\\/2026\\\/02\\\/revolution-padel-store.jpg\",\"contentUrl\":\"https:\\\/\\\/revolutionpadelstore.com\\\/wp-content\\\/uploads\\\/2026\\\/02\\\/revolution-padel-store.jpg\",\"width\":2000,\"height\":2000,\"caption\":\"Revolution Padel Store\"},\"image\":{\"@id\":\"https:\\\/\\\/revolutionpadelstore.com\\\/pt-pt\\\/#\\\/schema\\\/logo\\\/image\\\/\"},\"sameAs\":[\"https:\\\/\\\/www.instagram.com\\\/revolutionpadelstore\\\/\"]}]}<\/script>\n<!-- \/ Yoast SEO plugin. -->","yoast_head_json":{"title":"BULLPADEL INDIGA 25V BLANCO - Revolution Padel Store","description":"Compra las Bullpadel Indiga 25V Blanco, zapatillas de p\u00e1del ligeras y transpirables con suela de espiga para m\u00e1ximo agarre. \u00a1Disponibles en Revolution Padel Store!","robots":{"index":"index","follow":"follow","max-snippet":"max-snippet:-1","max-image-preview":"max-image-preview:large","max-video-preview":"max-video-preview:-1"},"canonical":"https:\/\/revolutionpadelstore.com\/pt-pt\/produto\/bullpadel-indiga-25v-blanco-5\/","og_locale":"pt_PT","og_type":"article","og_title":"BULLPADEL INDIGA 25V BLANCO - Revolution Padel Store","og_description":"Compra las Bullpadel Indiga 25V Blanco, zapatillas de p\u00e1del ligeras y transpirables con suela de espiga para m\u00e1ximo agarre. \u00a1Disponibles en Revolution Padel Store!","og_url":"https:\/\/revolutionpadelstore.com\/pt-pt\/produto\/bullpadel-indiga-25v-blanco-5\/","og_site_name":"Revolution Padel Store","article_modified_time":"2026-04-08T05:16:32+00:00","og_image":[{"width":1200,"height":1200,"url":"https:\/\/revolutionpadelstore.com\/wp-content\/uploads\/2025\/02\/114329-zapatillas-bullpadel-indiga-25v-zap-cm56012000-blanco-1200x1200-1.webp","type":"image\/webp"}],"twitter_card":"summary_large_image","twitter_misc":{"Tempo estimado de leitura":"2 minutos"},"schema":{"@context":"https:\/\/schema.org","@graph":[{"@type":"WebPage","@id":"https:\/\/revolutionpadelstore.com\/pt-pt\/produto\/bullpadel-indiga-25v-blanco-5\/","url":"https:\/\/revolutionpadelstore.com\/pt-pt\/produto\/bullpadel-indiga-25v-blanco-5\/","name":"BULLPADEL INDIGA 25V BLANCO - Revolution Padel Store","isPartOf":{"@id":"https:\/\/revolutionpadelstore.com\/pt-pt\/#website"},"primaryImageOfPage":{"@id":"https:\/\/revolutionpadelstore.com\/pt-pt\/produto\/bullpadel-indiga-25v-blanco-5\/#primaryimage"},"image":{"@id":"https:\/\/revolutionpadelstore.com\/pt-pt\/produto\/bullpadel-indiga-25v-blanco-5\/#primaryimage"},"thumbnailUrl":"https:\/\/revolutionpadelstore.com\/wp-content\/uploads\/2025\/02\/114329-zapatillas-bullpadel-indiga-25v-zap-cm56012000-blanco-1200x1200-1.webp","datePublished":"2025-02-18T19:28:35+00:00","dateModified":"2026-04-08T05:16:32+00:00","description":"Compra las Bullpadel Indiga 25V Blanco, zapatillas de p\u00e1del ligeras y transpirables con suela de espiga para m\u00e1ximo agarre. \u00a1Disponibles en Revolution Padel Store!","breadcrumb":{"@id":"https:\/\/revolutionpadelstore.com\/pt-pt\/produto\/bullpadel-indiga-25v-blanco-5\/#breadcrumb"},"inLanguage":"pt-PT","potentialAction":[{"@type":"ReadAction","target":["https:\/\/revolutionpadelstore.com\/pt-pt\/produto\/bullpadel-indiga-25v-blanco-5\/"]}]},{"@type":"ImageObject","inLanguage":"pt-PT","@id":"https:\/\/revolutionpadelstore.com\/pt-pt\/produto\/bullpadel-indiga-25v-blanco-5\/#primaryimage","url":"https:\/\/revolutionpadelstore.com\/wp-content\/uploads\/2025\/02\/114329-zapatillas-bullpadel-indiga-25v-zap-cm56012000-blanco-1200x1200-1.webp","contentUrl":"https:\/\/revolutionpadelstore.com\/wp-content\/uploads\/2025\/02\/114329-zapatillas-bullpadel-indiga-25v-zap-cm56012000-blanco-1200x1200-1.webp","width":1200,"height":1200},{"@type":"BreadcrumbList","@id":"https:\/\/revolutionpadelstore.com\/pt-pt\/produto\/bullpadel-indiga-25v-blanco-5\/#breadcrumb","itemListElement":[{"@type":"ListItem","position":1,"name":"Portada","item":"https:\/\/revolutionpadelstore.com\/pt-pt\/"},{"@type":"ListItem","position":2,"name":"Tienda","item":"https:\/\/revolutionpadelstore.com\/pt-pt\/tienda\/"},{"@type":"ListItem","position":3,"name":"BULLPADEL INDIGA 25V BLANCO"}]},{"@type":"WebSite","@id":"https:\/\/revolutionpadelstore.com\/pt-pt\/#website","url":"https:\/\/revolutionpadelstore.com\/pt-pt\/","name":"Revolution Padel Store","description":"","publisher":{"@id":"https:\/\/revolutionpadelstore.com\/pt-pt\/#organization"},"potentialAction":[{"@type":"SearchAction","target":{"@type":"EntryPoint","urlTemplate":"https:\/\/revolutionpadelstore.com\/pt-pt\/?s={search_term_string}"},"query-input":{"@type":"PropertyValueSpecification","valueRequired":true,"valueName":"search_term_string"}}],"inLanguage":"pt-PT"},{"@type":"Organization","@id":"https:\/\/revolutionpadelstore.com\/pt-pt\/#organization","name":"Revolution Padel Store","url":"https:\/\/revolutionpadelstore.com\/pt-pt\/","logo":{"@type":"ImageObject","inLanguage":"pt-PT","@id":"https:\/\/revolutionpadelstore.com\/pt-pt\/#\/schema\/logo\/image\/","url":"https:\/\/revolutionpadelstore.com\/wp-content\/uploads\/2026\/02\/revolution-padel-store.jpg","contentUrl":"https:\/\/revolutionpadelstore.com\/wp-content\/uploads\/2026\/02\/revolution-padel-store.jpg","width":2000,"height":2000,"caption":"Revolution Padel Store"},"image":{"@id":"https:\/\/revolutionpadelstore.com\/pt-pt\/#\/schema\/logo\/image\/"},"sameAs":["https:\/\/www.instagram.com\/revolutionpadelstore\/"]}]}},"_links":{"self":[{"href":"https:\/\/revolutionpadelstore.com\/pt-pt\/wp-json\/wp\/v2\/product\/172664","targetHints":{"allow":["GET"]}}],"collection":[{"href":"https:\/\/revolutionpadelstore.com\/pt-pt\/wp-json\/wp\/v2\/product"}],"about":[{"href":"https:\/\/revolutionpadelstore.com\/pt-pt\/wp-json\/wp\/v2\/types\/product"}],"replies":[{"embeddable":true,"href":"https:\/\/revolutionpadelstore.com\/pt-pt\/wp-json\/wp\/v2\/comments?post=172664"}],"wp:featuredmedia":[{"embeddable":true,"href":"https:\/\/revolutionpadelstore.com\/pt-pt\/wp-json\/wp\/v2\/media\/172617"}],"wp:attachment":[{"href":"https:\/\/revolutionpadelstore.com\/pt-pt\/wp-json\/wp\/v2\/media?parent=172664"}],"wp:term":[{"taxonomy":"acabado","embeddable":true,"href":"https:\/\/revolutionpadelstore.com\/pt-pt\/wp-json\/wp\/v2\/acabado?post=172664"},{"taxonomy":"balance","embeddable":true,"href":"https:\/\/revolutionpadelstore.com\/pt-pt\/wp-json\/wp\/v2\/balance?post=172664"},{"taxonomy":"dureza","embeddable":true,"href":"https:\/\/revolutionpadelstore.com\/pt-pt\/wp-json\/wp\/v2\/dureza?post=172664"},{"taxonomy":"forma","embeddable":true,"href":"https:\/\/revolutionpadelstore.com\/pt-pt\/wp-json\/wp\/v2\/forma?post=172664"},{"taxonomy":"jugador","embeddable":true,"href":"https:\/\/revolutionpadelstore.com\/pt-pt\/wp-json\/wp\/v2\/jugador?post=172664"},{"taxonomy":"marca","embeddable":true,"href":"https:\/\/revolutionpadelstore.com\/pt-pt\/wp-json\/wp\/v2\/marca?post=172664"},{"taxonomy":"nivel-de-juego","embeddable":true,"href":"https:\/\/revolutionpadelstore.com\/pt-pt\/wp-json\/wp\/v2\/nivel-de-juego?post=172664"},{"taxonomy":"superficie","embeddable":true,"href":"https:\/\/revolutionpadelstore.com\/pt-pt\/wp-json\/wp\/v2\/superficie?post=172664"},{"taxonomy":"tipo-de-juego","embeddable":true,"href":"https:\/\/revolutionpadelstore.com\/pt-pt\/wp-json\/wp\/v2\/tipo-de-juego?post=172664"},{"taxonomy":"product_brand","embeddable":true,"href":"https:\/\/revolutionpadelstore.com\/pt-pt\/wp-json\/wp\/v2\/product_brand?post=172664"},{"taxonomy":"product_cat","embeddable":true,"href":"https:\/\/revolutionpadelstore.com\/pt-pt\/wp-json\/wp\/v2\/product_cat?post=172664"},{"taxonomy":"product_tag","embeddable":true,"href":"https:\/\/revolutionpadelstore.com\/pt-pt\/wp-json\/wp\/v2\/product_tag?post=172664"}],"curies":[{"name":"wp","href":"https:\/\/api.w.org\/{rel}","templated":true}]}}