{"id":172337,"date":"2025-02-18T19:24:09","date_gmt":"2025-02-18T18:24:09","guid":{"rendered":"https:\/\/revolutionpadelstore.com\/bullpadel-xplo-vibram-25v-azul-marino\/"},"modified":"2026-04-01T04:13:19","modified_gmt":"2026-04-01T02:13:19","slug":"bullpadel-xplo-vibram-25v-azul-marino-5","status":"publish","type":"product","link":"https:\/\/revolutionpadelstore.com\/pt-pt\/produto\/bullpadel-xplo-vibram-25v-azul-marino-5\/","title":{"rendered":"BULLPADEL XPLO VIBRAM 25V AZUL MARINO"},"content":{"rendered":"<p><H2> bullpadel xplo vibram 25v azul marinho &#8211; velocidade m\u00e1xima e ader\u00eancia na pista <\/h2>\n<p><strong> domina cada ponto com o bullpadel xplo vibram 25v azul marinho <\/strong>, o modelo escolhido por <strong> mart\u00edn di Nenno <\/strong>. Projetado para players r\u00e1pidos e din\u00e2micos, sua tecnologia avan\u00e7ada permite mover a agilidade sem perder a estabilidade.<\/p>\n<h2> <strong> Tecnologia vibram para uma ader\u00eancia superior <\/strong> <\/h2>\n<p>Gra\u00e7as \u00e0 sua sola h\u00edbrida <strong> vibram <\/strong>, esses sapatos oferecem o equil\u00edbrio perfeito entre a tra\u00e7\u00e3o <strong> e deslizando <\/strong>, permitindo rea\u00e7\u00f5es instant\u00e2neas na pista. Al\u00e9m disso, a altura do pico duplo garante um movimento seguro e est\u00e1vel <\/strong> em cada deslocamento.<br \/>\n<H2> <strong> Comforto m\u00e1ximo e respirabilidade <\/strong> <\/h2>\n<p>A <strong> superior com a tecnologia de f\u00f4lego <\/strong> favorece a circula\u00e7\u00e3o de ar, mantendo seus p\u00e9s frescos e confort\u00e1veis \u200b\u200bdurante as partidas mais exigentes. Al\u00e9m disso, seu amortecimento ergon\u00f4mico e <strong> de alto desempenho <\/strong> oferece um cen\u00e1rio seguro para sess\u00f5es de jogo longas.<br \/>\n<H2> <strong> caracter\u00edsticas proeminentes <\/strong> <\/h2>\n<p>-MID STAB: estabilizador de TPU que melhora o equil\u00edbrio em cada etapa.<br \/>\n-Tooktoe: refor\u00e7o na zona frontal para maior resist\u00eancia ao desgaste.<br \/>\n-O movimento: canal na sola que aumenta o amortecimento.<br \/>\n-Termo Seed: Luz e material el\u00e1stico para maior conforto.<br \/>\n-Hybrid 360\u00ba: design de sola h\u00edbrida para uma ader\u00eancia imbat\u00edvel em qualquer superf\u00edcie.<br \/>\n<H2> <strong> jogue como um profissional <\/strong> <\/h2>\n<p>Se voc\u00ea est\u00e1 procurando t\u00eanis <strong> paddle para homens <\/strong> Com a melhor tecnologia, o <strong> bullpadel xplo vibram 25v azul marinho <\/strong> \u00e9 a escolha perfeita. Use -os para aprimorar sua velocidade e controle na pista, assim como Mart\u00edn Di Nenno.<\/p>\n<p><strong> Agora compre -os em nossa loja on -line <a href=\"https:\/\/www.revolutionpadelstore.com\/\"> www.revolutionpadelstore.com <\/a>, provavelmente com o melhor pre\u00e7o de mercado.<\/p>\n<h2>Bullpadel XPLO Vibram 25V Azul marino \u2013 M\u00e1xima velocidad y agarre en la pista<\/h2>\n","protected":false},"excerpt":{"rendered":"<p>O <strong> bullpadel xplo vibram 25v azul marinho <\/strong>, o oficial <strong> mart\u00edn di Nenno <\/strong>, foi projetado para oferecer uma combina\u00e7\u00e3o perfeita de velocidade, tra\u00e7\u00e3o e estabilidade <\/strong>. Projetado para players din\u00e2micos, ele incorpora um <strong> hybrid vibram sola <\/strong> e a tecnologia Avant -Garde que garantem movimentos r\u00e1pidos e seguros <\/strong> na pista.<strong>Bullpadel XPLO Vibram 25V Azul marino<\/strong><\/p>\n","protected":false},"featured_media":172278,"comment_status":"open","ping_status":"closed","template":"","meta":{"_acf_changed":false,"_joinchat":[]},"acabado":[],"balance":[],"dureza":[],"forma":[],"jugador":[1190],"marca":[1255],"nivel-de-juego":[],"superficie":[],"tipo-de-juego":[],"product_brand":[],"product_cat":[833],"product_tag":[],"class_list":{"0":"post-172337","1":"product","2":"type-product","3":"status-publish","4":"has-post-thumbnail","6":"jugador-homem","7":"marca-bullpadel-pt-pt","8":"product_cat-tenis","10":"first","11":"outofstock","12":"sale","13":"taxable","14":"shipping-taxable","15":"purchasable","16":"product-type-variable"},"acf":[],"yoast_head":"<!-- This site is optimized with the Yoast SEO plugin v27.3 - https:\/\/yoast.com\/product\/yoast-seo-wordpress\/ -->\n<title>BULLPADEL XPLO VIBRAM 25V AZUL MARINO - Revolution Padel Store<\/title>\n<meta name=\"description\" content=\"Si buscas\u00a0zapatillas de p\u00e1del para hombre\u00a0con la mejor tecnolog\u00eda, las\u00a0Bullpadel XPLO Vibram 25V Azul marino\u00a0son la elecci\u00f3n perfecta. \u00dasalas para potenciar tu velocidad y control en la pista, al igual que lo hace Mart\u00edn Di Nenno.\" \/>\n<meta name=\"robots\" content=\"index, follow, max-snippet:-1, max-image-preview:large, max-video-preview:-1\" \/>\n<link rel=\"canonical\" href=\"https:\/\/revolutionpadelstore.com\/pt-pt\/produto\/bullpadel-xplo-vibram-25v-azul-marino-5\/\" \/>\n<meta property=\"og:locale\" content=\"pt_PT\" \/>\n<meta property=\"og:type\" content=\"article\" \/>\n<meta property=\"og:title\" content=\"BULLPADEL XPLO VIBRAM 25V AZUL MARINO - Revolution Padel Store\" \/>\n<meta property=\"og:description\" content=\"Si buscas\u00a0zapatillas de p\u00e1del para hombre\u00a0con la mejor tecnolog\u00eda, las\u00a0Bullpadel XPLO Vibram 25V Azul marino\u00a0son la elecci\u00f3n perfecta. \u00dasalas para potenciar tu velocidad y control en la pista, al igual que lo hace Mart\u00edn Di Nenno.\" \/>\n<meta property=\"og:url\" content=\"https:\/\/revolutionpadelstore.com\/pt-pt\/produto\/bullpadel-xplo-vibram-25v-azul-marino-5\/\" \/>\n<meta property=\"og:site_name\" content=\"Revolution Padel Store\" \/>\n<meta property=\"article:modified_time\" content=\"2026-04-01T02:13:19+00:00\" \/>\n<meta property=\"og:image\" content=\"https:\/\/revolutionpadelstore.com\/wp-content\/uploads\/2025\/02\/114353-zapatillas-bullpadel-xplo-vibram-25v-cm53004000-azul-marino-1200x1200-1.webp\" \/>\n\t<meta property=\"og:image:width\" content=\"1200\" \/>\n\t<meta property=\"og:image:height\" content=\"1200\" \/>\n\t<meta property=\"og:image:type\" content=\"image\/webp\" \/>\n<meta name=\"twitter:card\" content=\"summary_large_image\" \/>\n<meta name=\"twitter:label1\" content=\"Tempo estimado de leitura\" \/>\n\t<meta name=\"twitter:data1\" content=\"1 minuto\" \/>\n<script type=\"application\/ld+json\" class=\"yoast-schema-graph\">{\"@context\":\"https:\\\/\\\/schema.org\",\"@graph\":[{\"@type\":\"WebPage\",\"@id\":\"https:\\\/\\\/revolutionpadelstore.com\\\/pt-pt\\\/produto\\\/bullpadel-xplo-vibram-25v-azul-marino-5\\\/\",\"url\":\"https:\\\/\\\/revolutionpadelstore.com\\\/pt-pt\\\/produto\\\/bullpadel-xplo-vibram-25v-azul-marino-5\\\/\",\"name\":\"BULLPADEL XPLO VIBRAM 25V AZUL MARINO - Revolution Padel Store\",\"isPartOf\":{\"@id\":\"https:\\\/\\\/revolutionpadelstore.com\\\/pt-pt\\\/#website\"},\"primaryImageOfPage\":{\"@id\":\"https:\\\/\\\/revolutionpadelstore.com\\\/pt-pt\\\/produto\\\/bullpadel-xplo-vibram-25v-azul-marino-5\\\/#primaryimage\"},\"image\":{\"@id\":\"https:\\\/\\\/revolutionpadelstore.com\\\/pt-pt\\\/produto\\\/bullpadel-xplo-vibram-25v-azul-marino-5\\\/#primaryimage\"},\"thumbnailUrl\":\"https:\\\/\\\/revolutionpadelstore.com\\\/wp-content\\\/uploads\\\/2025\\\/02\\\/114353-zapatillas-bullpadel-xplo-vibram-25v-cm53004000-azul-marino-1200x1200-1.webp\",\"datePublished\":\"2025-02-18T18:24:09+00:00\",\"dateModified\":\"2026-04-01T02:13:19+00:00\",\"description\":\"Si buscas\u00a0zapatillas de p\u00e1del para hombre\u00a0con la mejor tecnolog\u00eda, las\u00a0Bullpadel XPLO Vibram 25V Azul marino\u00a0son la elecci\u00f3n perfecta. \u00dasalas para potenciar tu velocidad y control en la pista, al igual que lo hace Mart\u00edn Di Nenno.\",\"breadcrumb\":{\"@id\":\"https:\\\/\\\/revolutionpadelstore.com\\\/pt-pt\\\/produto\\\/bullpadel-xplo-vibram-25v-azul-marino-5\\\/#breadcrumb\"},\"inLanguage\":\"pt-PT\",\"potentialAction\":[{\"@type\":\"ReadAction\",\"target\":[\"https:\\\/\\\/revolutionpadelstore.com\\\/pt-pt\\\/produto\\\/bullpadel-xplo-vibram-25v-azul-marino-5\\\/\"]}]},{\"@type\":\"ImageObject\",\"inLanguage\":\"pt-PT\",\"@id\":\"https:\\\/\\\/revolutionpadelstore.com\\\/pt-pt\\\/produto\\\/bullpadel-xplo-vibram-25v-azul-marino-5\\\/#primaryimage\",\"url\":\"https:\\\/\\\/revolutionpadelstore.com\\\/wp-content\\\/uploads\\\/2025\\\/02\\\/114353-zapatillas-bullpadel-xplo-vibram-25v-cm53004000-azul-marino-1200x1200-1.webp\",\"contentUrl\":\"https:\\\/\\\/revolutionpadelstore.com\\\/wp-content\\\/uploads\\\/2025\\\/02\\\/114353-zapatillas-bullpadel-xplo-vibram-25v-cm53004000-azul-marino-1200x1200-1.webp\",\"width\":1200,\"height\":1200},{\"@type\":\"BreadcrumbList\",\"@id\":\"https:\\\/\\\/revolutionpadelstore.com\\\/pt-pt\\\/produto\\\/bullpadel-xplo-vibram-25v-azul-marino-5\\\/#breadcrumb\",\"itemListElement\":[{\"@type\":\"ListItem\",\"position\":1,\"name\":\"Portada\",\"item\":\"https:\\\/\\\/revolutionpadelstore.com\\\/pt-pt\\\/\"},{\"@type\":\"ListItem\",\"position\":2,\"name\":\"Tienda\",\"item\":\"https:\\\/\\\/revolutionpadelstore.com\\\/pt-pt\\\/tienda\\\/\"},{\"@type\":\"ListItem\",\"position\":3,\"name\":\"BULLPADEL XPLO VIBRAM 25V AZUL MARINO\"}]},{\"@type\":\"WebSite\",\"@id\":\"https:\\\/\\\/revolutionpadelstore.com\\\/pt-pt\\\/#website\",\"url\":\"https:\\\/\\\/revolutionpadelstore.com\\\/pt-pt\\\/\",\"name\":\"Revolution Padel Store\",\"description\":\"\",\"publisher\":{\"@id\":\"https:\\\/\\\/revolutionpadelstore.com\\\/pt-pt\\\/#organization\"},\"potentialAction\":[{\"@type\":\"SearchAction\",\"target\":{\"@type\":\"EntryPoint\",\"urlTemplate\":\"https:\\\/\\\/revolutionpadelstore.com\\\/pt-pt\\\/?s={search_term_string}\"},\"query-input\":{\"@type\":\"PropertyValueSpecification\",\"valueRequired\":true,\"valueName\":\"search_term_string\"}}],\"inLanguage\":\"pt-PT\"},{\"@type\":\"Organization\",\"@id\":\"https:\\\/\\\/revolutionpadelstore.com\\\/pt-pt\\\/#organization\",\"name\":\"Revolution Padel Store\",\"url\":\"https:\\\/\\\/revolutionpadelstore.com\\\/pt-pt\\\/\",\"logo\":{\"@type\":\"ImageObject\",\"inLanguage\":\"pt-PT\",\"@id\":\"https:\\\/\\\/revolutionpadelstore.com\\\/pt-pt\\\/#\\\/schema\\\/logo\\\/image\\\/\",\"url\":\"https:\\\/\\\/revolutionpadelstore.com\\\/wp-content\\\/uploads\\\/2026\\\/02\\\/revolution-padel-store.jpg\",\"contentUrl\":\"https:\\\/\\\/revolutionpadelstore.com\\\/wp-content\\\/uploads\\\/2026\\\/02\\\/revolution-padel-store.jpg\",\"width\":2000,\"height\":2000,\"caption\":\"Revolution Padel Store\"},\"image\":{\"@id\":\"https:\\\/\\\/revolutionpadelstore.com\\\/pt-pt\\\/#\\\/schema\\\/logo\\\/image\\\/\"},\"sameAs\":[\"https:\\\/\\\/www.instagram.com\\\/revolutionpadelstore\\\/\"]}]}<\/script>\n<!-- \/ Yoast SEO plugin. -->","yoast_head_json":{"title":"BULLPADEL XPLO VIBRAM 25V AZUL MARINO - Revolution Padel Store","description":"Si buscas\u00a0zapatillas de p\u00e1del para hombre\u00a0con la mejor tecnolog\u00eda, las\u00a0Bullpadel XPLO Vibram 25V Azul marino\u00a0son la elecci\u00f3n perfecta. \u00dasalas para potenciar tu velocidad y control en la pista, al igual que lo hace Mart\u00edn Di Nenno.","robots":{"index":"index","follow":"follow","max-snippet":"max-snippet:-1","max-image-preview":"max-image-preview:large","max-video-preview":"max-video-preview:-1"},"canonical":"https:\/\/revolutionpadelstore.com\/pt-pt\/produto\/bullpadel-xplo-vibram-25v-azul-marino-5\/","og_locale":"pt_PT","og_type":"article","og_title":"BULLPADEL XPLO VIBRAM 25V AZUL MARINO - Revolution Padel Store","og_description":"Si buscas\u00a0zapatillas de p\u00e1del para hombre\u00a0con la mejor tecnolog\u00eda, las\u00a0Bullpadel XPLO Vibram 25V Azul marino\u00a0son la elecci\u00f3n perfecta. \u00dasalas para potenciar tu velocidad y control en la pista, al igual que lo hace Mart\u00edn Di Nenno.","og_url":"https:\/\/revolutionpadelstore.com\/pt-pt\/produto\/bullpadel-xplo-vibram-25v-azul-marino-5\/","og_site_name":"Revolution Padel Store","article_modified_time":"2026-04-01T02:13:19+00:00","og_image":[{"width":1200,"height":1200,"url":"https:\/\/revolutionpadelstore.com\/wp-content\/uploads\/2025\/02\/114353-zapatillas-bullpadel-xplo-vibram-25v-cm53004000-azul-marino-1200x1200-1.webp","type":"image\/webp"}],"twitter_card":"summary_large_image","twitter_misc":{"Tempo estimado de leitura":"1 minuto"},"schema":{"@context":"https:\/\/schema.org","@graph":[{"@type":"WebPage","@id":"https:\/\/revolutionpadelstore.com\/pt-pt\/produto\/bullpadel-xplo-vibram-25v-azul-marino-5\/","url":"https:\/\/revolutionpadelstore.com\/pt-pt\/produto\/bullpadel-xplo-vibram-25v-azul-marino-5\/","name":"BULLPADEL XPLO VIBRAM 25V AZUL MARINO - Revolution Padel Store","isPartOf":{"@id":"https:\/\/revolutionpadelstore.com\/pt-pt\/#website"},"primaryImageOfPage":{"@id":"https:\/\/revolutionpadelstore.com\/pt-pt\/produto\/bullpadel-xplo-vibram-25v-azul-marino-5\/#primaryimage"},"image":{"@id":"https:\/\/revolutionpadelstore.com\/pt-pt\/produto\/bullpadel-xplo-vibram-25v-azul-marino-5\/#primaryimage"},"thumbnailUrl":"https:\/\/revolutionpadelstore.com\/wp-content\/uploads\/2025\/02\/114353-zapatillas-bullpadel-xplo-vibram-25v-cm53004000-azul-marino-1200x1200-1.webp","datePublished":"2025-02-18T18:24:09+00:00","dateModified":"2026-04-01T02:13:19+00:00","description":"Si buscas\u00a0zapatillas de p\u00e1del para hombre\u00a0con la mejor tecnolog\u00eda, las\u00a0Bullpadel XPLO Vibram 25V Azul marino\u00a0son la elecci\u00f3n perfecta. \u00dasalas para potenciar tu velocidad y control en la pista, al igual que lo hace Mart\u00edn Di Nenno.","breadcrumb":{"@id":"https:\/\/revolutionpadelstore.com\/pt-pt\/produto\/bullpadel-xplo-vibram-25v-azul-marino-5\/#breadcrumb"},"inLanguage":"pt-PT","potentialAction":[{"@type":"ReadAction","target":["https:\/\/revolutionpadelstore.com\/pt-pt\/produto\/bullpadel-xplo-vibram-25v-azul-marino-5\/"]}]},{"@type":"ImageObject","inLanguage":"pt-PT","@id":"https:\/\/revolutionpadelstore.com\/pt-pt\/produto\/bullpadel-xplo-vibram-25v-azul-marino-5\/#primaryimage","url":"https:\/\/revolutionpadelstore.com\/wp-content\/uploads\/2025\/02\/114353-zapatillas-bullpadel-xplo-vibram-25v-cm53004000-azul-marino-1200x1200-1.webp","contentUrl":"https:\/\/revolutionpadelstore.com\/wp-content\/uploads\/2025\/02\/114353-zapatillas-bullpadel-xplo-vibram-25v-cm53004000-azul-marino-1200x1200-1.webp","width":1200,"height":1200},{"@type":"BreadcrumbList","@id":"https:\/\/revolutionpadelstore.com\/pt-pt\/produto\/bullpadel-xplo-vibram-25v-azul-marino-5\/#breadcrumb","itemListElement":[{"@type":"ListItem","position":1,"name":"Portada","item":"https:\/\/revolutionpadelstore.com\/pt-pt\/"},{"@type":"ListItem","position":2,"name":"Tienda","item":"https:\/\/revolutionpadelstore.com\/pt-pt\/tienda\/"},{"@type":"ListItem","position":3,"name":"BULLPADEL XPLO VIBRAM 25V AZUL MARINO"}]},{"@type":"WebSite","@id":"https:\/\/revolutionpadelstore.com\/pt-pt\/#website","url":"https:\/\/revolutionpadelstore.com\/pt-pt\/","name":"Revolution Padel Store","description":"","publisher":{"@id":"https:\/\/revolutionpadelstore.com\/pt-pt\/#organization"},"potentialAction":[{"@type":"SearchAction","target":{"@type":"EntryPoint","urlTemplate":"https:\/\/revolutionpadelstore.com\/pt-pt\/?s={search_term_string}"},"query-input":{"@type":"PropertyValueSpecification","valueRequired":true,"valueName":"search_term_string"}}],"inLanguage":"pt-PT"},{"@type":"Organization","@id":"https:\/\/revolutionpadelstore.com\/pt-pt\/#organization","name":"Revolution Padel Store","url":"https:\/\/revolutionpadelstore.com\/pt-pt\/","logo":{"@type":"ImageObject","inLanguage":"pt-PT","@id":"https:\/\/revolutionpadelstore.com\/pt-pt\/#\/schema\/logo\/image\/","url":"https:\/\/revolutionpadelstore.com\/wp-content\/uploads\/2026\/02\/revolution-padel-store.jpg","contentUrl":"https:\/\/revolutionpadelstore.com\/wp-content\/uploads\/2026\/02\/revolution-padel-store.jpg","width":2000,"height":2000,"caption":"Revolution Padel Store"},"image":{"@id":"https:\/\/revolutionpadelstore.com\/pt-pt\/#\/schema\/logo\/image\/"},"sameAs":["https:\/\/www.instagram.com\/revolutionpadelstore\/"]}]}},"_links":{"self":[{"href":"https:\/\/revolutionpadelstore.com\/pt-pt\/wp-json\/wp\/v2\/product\/172337","targetHints":{"allow":["GET"]}}],"collection":[{"href":"https:\/\/revolutionpadelstore.com\/pt-pt\/wp-json\/wp\/v2\/product"}],"about":[{"href":"https:\/\/revolutionpadelstore.com\/pt-pt\/wp-json\/wp\/v2\/types\/product"}],"replies":[{"embeddable":true,"href":"https:\/\/revolutionpadelstore.com\/pt-pt\/wp-json\/wp\/v2\/comments?post=172337"}],"wp:featuredmedia":[{"embeddable":true,"href":"https:\/\/revolutionpadelstore.com\/pt-pt\/wp-json\/wp\/v2\/media\/172278"}],"wp:attachment":[{"href":"https:\/\/revolutionpadelstore.com\/pt-pt\/wp-json\/wp\/v2\/media?parent=172337"}],"wp:term":[{"taxonomy":"acabado","embeddable":true,"href":"https:\/\/revolutionpadelstore.com\/pt-pt\/wp-json\/wp\/v2\/acabado?post=172337"},{"taxonomy":"balance","embeddable":true,"href":"https:\/\/revolutionpadelstore.com\/pt-pt\/wp-json\/wp\/v2\/balance?post=172337"},{"taxonomy":"dureza","embeddable":true,"href":"https:\/\/revolutionpadelstore.com\/pt-pt\/wp-json\/wp\/v2\/dureza?post=172337"},{"taxonomy":"forma","embeddable":true,"href":"https:\/\/revolutionpadelstore.com\/pt-pt\/wp-json\/wp\/v2\/forma?post=172337"},{"taxonomy":"jugador","embeddable":true,"href":"https:\/\/revolutionpadelstore.com\/pt-pt\/wp-json\/wp\/v2\/jugador?post=172337"},{"taxonomy":"marca","embeddable":true,"href":"https:\/\/revolutionpadelstore.com\/pt-pt\/wp-json\/wp\/v2\/marca?post=172337"},{"taxonomy":"nivel-de-juego","embeddable":true,"href":"https:\/\/revolutionpadelstore.com\/pt-pt\/wp-json\/wp\/v2\/nivel-de-juego?post=172337"},{"taxonomy":"superficie","embeddable":true,"href":"https:\/\/revolutionpadelstore.com\/pt-pt\/wp-json\/wp\/v2\/superficie?post=172337"},{"taxonomy":"tipo-de-juego","embeddable":true,"href":"https:\/\/revolutionpadelstore.com\/pt-pt\/wp-json\/wp\/v2\/tipo-de-juego?post=172337"},{"taxonomy":"product_brand","embeddable":true,"href":"https:\/\/revolutionpadelstore.com\/pt-pt\/wp-json\/wp\/v2\/product_brand?post=172337"},{"taxonomy":"product_cat","embeddable":true,"href":"https:\/\/revolutionpadelstore.com\/pt-pt\/wp-json\/wp\/v2\/product_cat?post=172337"},{"taxonomy":"product_tag","embeddable":true,"href":"https:\/\/revolutionpadelstore.com\/pt-pt\/wp-json\/wp\/v2\/product_tag?post=172337"}],"curies":[{"name":"wp","href":"https:\/\/api.w.org\/{rel}","templated":true}]}}