{"id":172084,"date":"2025-02-18T18:38:16","date_gmt":"2025-02-18T17:38:16","guid":{"rendered":"https:\/\/revolutionpadelstore.com\/bullpadel-ionic-25v-gris-oscuro\/"},"modified":"2026-04-08T07:27:51","modified_gmt":"2026-04-08T05:27:51","slug":"bullpadel-ionic-25v-gris-oscuro-5","status":"publish","type":"product","link":"https:\/\/revolutionpadelstore.com\/pt-pt\/produto\/bullpadel-ionic-25v-gris-oscuro-5\/","title":{"rendered":"BULLPADEL IONIC 25V GRIS OSCURO"},"content":{"rendered":"<p><H2> <strong> bullpadel ionic 25V cinza escuro &#8211; ader\u00eancia, mobilidade e conforto na pista<br \/>\nO <strong> bullpadel Ionic 25V Cinza escuro <\/strong> s\u00e3o os sapatos perfeitos para jogadores que procuram equil\u00edbrio entre ader\u00eancia e mobilidade na pista de paddle. Seu design moderno e tecnologia avan\u00e7ada garantem um desempenho mais alto em cada parte. Gra\u00e7as \u00e0 sua sola h\u00edbrida <strong> 360\u00ba <\/strong>, esses sapatos oferecem tra\u00e7\u00e3o ideal em qualquer superf\u00edcie, permitindo que voc\u00ea se mova rapidamente e a seguran\u00e7a.<\/p>\n<p>Feito com <strong> Mesh Jacquard <\/strong>, um tecido respir\u00e1vel de alta qualidade, fornece frescura e conforto durante longas sess\u00f5es de jogos. Al\u00e9m disso, seu amortecimento avan\u00e7ado reduz os impactos, proporcionando maior conforto e prote\u00e7\u00e3o aos seus p\u00e9s.<br \/>\n<H2> <strong> desempenho m\u00e1ximo para jogadores em andamento <\/strong> <\/h2>\n<p>Projetado para jogadores em constante evolu\u00e7\u00e3o, como <strong> Pablo Cardona, Javier Leal e \u00c1lex Arroyo <\/strong>, o White Ionic 25V oferece a combina\u00e7\u00e3o ideal de suporte, estabilidade e estilo <\/strong>. Se voc\u00ea deseja melhorar sua t\u00e9cnica e dominar a pista, esses sapatos o ajudar\u00e3o a alcan\u00e7ar seu melhor n\u00edvel.<br \/>\n<H2> <strong> Recursos e tecnologias proeminentes <\/strong> <\/h2>\n<p>-H\u00cdCRIDA 360\u00ba -COMBINAS GRIP E MOBILIDADE Em qualquer superf\u00edcie da p\u00e1.<br \/>\n-Flex rift -improva a flex\u00e3o natural do p\u00e9 para uma mobilidade mais fluida.<br \/>\n-Meh jacquard -tecido breat\u00e1vel que mant\u00e9m os p\u00e9s frescos e confort\u00e1veis.<br \/>\n-Davanced Reconnection -Reduce Impactos para maior prote\u00e7\u00e3o e conforto.<br \/>\nO refor\u00e7o da cabeceira lateral da LOVEMENT para estabilidade e amortecimento em deslocamentos laterais.<br \/>\n-BPS Sistema -stabilizer que segura o p\u00e9 para evitar bandidos.<br \/>\n&#8211; -Design -gunomia -permite movimentos r\u00e1pidos e precisos em cada jogo.<br \/>\n&lt;Il<br \/>\nVoc\u00ea j\u00e1 \u00e9 um jogador em andamento ou um concorrente exigente, o <strong> bullpadel ion 25v cinza escuro <\/strong> \u00e9 a escolha ideal para aprimorar seu desempenho na pista. Aproveite a melhor combina\u00e7\u00e3o de estilo <strong>, conforto e tecnologia de alto n\u00edvel <\/strong> com esses sapatos projetados para a demanda m\u00e1xima na raquete.<\/p>\n<p><strong> agora consignar em nossa loja on -line &lt;a href = &quot;https:\/\/chatgpt.com\/g\/g-675432e02688191b6ee6d6f2fdbb15e-timization-textos\/c\/www.revoldelstore.com&quot; Mercado<\/p>\n<h2><strong>Bullpadel Ionic 25V Gris oscuro \u2013 Agarre, movilidad y confort en la pista<\/strong><\/p>\n","protected":false},"excerpt":{"rendered":"<p>Bullpadel Ionic 25V t\u00eanis de bullpadel em preto, projetado com tecnologia avan\u00e7ada para otimizar o desempenho, incluindo uma sola de 360\u00ba com Flex Rift e movimento lateral para maior flexibilidade e estabilidade.<\/p>\n","protected":false},"featured_media":171857,"comment_status":"open","ping_status":"closed","template":"","meta":{"_acf_changed":false,"_joinchat":[]},"acabado":[],"balance":[],"dureza":[],"forma":[],"jugador":[1190],"marca":[1255],"nivel-de-juego":[],"superficie":[],"tipo-de-juego":[],"product_brand":[],"product_cat":[833],"product_tag":[],"class_list":{"0":"post-172084","1":"product","2":"type-product","3":"status-publish","4":"has-post-thumbnail","6":"jugador-homem","7":"marca-bullpadel-pt-pt","8":"product_cat-tenis","10":"first","11":"outofstock","12":"sale","13":"taxable","14":"shipping-taxable","15":"purchasable","16":"product-type-variable"},"acf":[],"yoast_head":"<!-- This site is optimized with the Yoast SEO plugin v27.4 - https:\/\/yoast.com\/product\/yoast-seo-wordpress\/ -->\n<title>BULLPADEL IONIC 25V GRIS OSCURO - Revolution Padel Store<\/title>\n<meta name=\"description\" content=\"Ya seas un jugador en progreso o un competidor exigente, las\u00a0Bullpadel Ionic 25V Gris Oscuro\u00a0son la elecci\u00f3n ideal para potenciar tu rendimiento en la pista. Disfruta de la mejor combinaci\u00f3n de\u00a0estilo, comodidad y tecnolog\u00eda de alto nivel\u00a0con estas zapatillas dise\u00f1adas para la m\u00e1xima exigencia en el p\u00e1del.\" \/>\n<meta name=\"robots\" content=\"index, follow, max-snippet:-1, max-image-preview:large, max-video-preview:-1\" \/>\n<link rel=\"canonical\" href=\"https:\/\/revolutionpadelstore.com\/pt-pt\/produto\/bullpadel-ionic-25v-gris-oscuro-5\/\" \/>\n<meta property=\"og:locale\" content=\"pt_PT\" \/>\n<meta property=\"og:type\" content=\"article\" \/>\n<meta property=\"og:title\" content=\"BULLPADEL IONIC 25V GRIS OSCURO - Revolution Padel Store\" \/>\n<meta property=\"og:description\" content=\"Ya seas un jugador en progreso o un competidor exigente, las\u00a0Bullpadel Ionic 25V Gris Oscuro\u00a0son la elecci\u00f3n ideal para potenciar tu rendimiento en la pista. Disfruta de la mejor combinaci\u00f3n de\u00a0estilo, comodidad y tecnolog\u00eda de alto nivel\u00a0con estas zapatillas dise\u00f1adas para la m\u00e1xima exigencia en el p\u00e1del.\" \/>\n<meta property=\"og:url\" content=\"https:\/\/revolutionpadelstore.com\/pt-pt\/produto\/bullpadel-ionic-25v-gris-oscuro-5\/\" \/>\n<meta property=\"og:site_name\" content=\"Revolution Padel Store\" \/>\n<meta property=\"article:modified_time\" content=\"2026-04-08T05:27:51+00:00\" \/>\n<meta property=\"og:image\" content=\"https:\/\/revolutionpadelstore.com\/wp-content\/uploads\/2025\/02\/imagen-1-114332-cfda1b57.webp\" \/>\n\t<meta property=\"og:image:width\" content=\"1200\" \/>\n\t<meta property=\"og:image:height\" content=\"1200\" \/>\n\t<meta property=\"og:image:type\" content=\"image\/webp\" \/>\n<meta name=\"twitter:card\" content=\"summary_large_image\" \/>\n<meta name=\"twitter:label1\" content=\"Tempo estimado de leitura\" \/>\n\t<meta name=\"twitter:data1\" content=\"2 minutos\" \/>\n<script type=\"application\/ld+json\" class=\"yoast-schema-graph\">{\"@context\":\"https:\\\/\\\/schema.org\",\"@graph\":[{\"@type\":\"WebPage\",\"@id\":\"https:\\\/\\\/revolutionpadelstore.com\\\/pt-pt\\\/produto\\\/bullpadel-ionic-25v-gris-oscuro-5\\\/\",\"url\":\"https:\\\/\\\/revolutionpadelstore.com\\\/pt-pt\\\/produto\\\/bullpadel-ionic-25v-gris-oscuro-5\\\/\",\"name\":\"BULLPADEL IONIC 25V GRIS OSCURO - Revolution Padel Store\",\"isPartOf\":{\"@id\":\"https:\\\/\\\/revolutionpadelstore.com\\\/pt-pt\\\/#website\"},\"primaryImageOfPage\":{\"@id\":\"https:\\\/\\\/revolutionpadelstore.com\\\/pt-pt\\\/produto\\\/bullpadel-ionic-25v-gris-oscuro-5\\\/#primaryimage\"},\"image\":{\"@id\":\"https:\\\/\\\/revolutionpadelstore.com\\\/pt-pt\\\/produto\\\/bullpadel-ionic-25v-gris-oscuro-5\\\/#primaryimage\"},\"thumbnailUrl\":\"https:\\\/\\\/revolutionpadelstore.com\\\/wp-content\\\/uploads\\\/2025\\\/02\\\/imagen-1-114332-cfda1b57.webp\",\"datePublished\":\"2025-02-18T17:38:16+00:00\",\"dateModified\":\"2026-04-08T05:27:51+00:00\",\"description\":\"Ya seas un jugador en progreso o un competidor exigente, las\u00a0Bullpadel Ionic 25V Gris Oscuro\u00a0son la elecci\u00f3n ideal para potenciar tu rendimiento en la pista. Disfruta de la mejor combinaci\u00f3n de\u00a0estilo, comodidad y tecnolog\u00eda de alto nivel\u00a0con estas zapatillas dise\u00f1adas para la m\u00e1xima exigencia en el p\u00e1del.\",\"breadcrumb\":{\"@id\":\"https:\\\/\\\/revolutionpadelstore.com\\\/pt-pt\\\/produto\\\/bullpadel-ionic-25v-gris-oscuro-5\\\/#breadcrumb\"},\"inLanguage\":\"pt-PT\",\"potentialAction\":[{\"@type\":\"ReadAction\",\"target\":[\"https:\\\/\\\/revolutionpadelstore.com\\\/pt-pt\\\/produto\\\/bullpadel-ionic-25v-gris-oscuro-5\\\/\"]}]},{\"@type\":\"ImageObject\",\"inLanguage\":\"pt-PT\",\"@id\":\"https:\\\/\\\/revolutionpadelstore.com\\\/pt-pt\\\/produto\\\/bullpadel-ionic-25v-gris-oscuro-5\\\/#primaryimage\",\"url\":\"https:\\\/\\\/revolutionpadelstore.com\\\/wp-content\\\/uploads\\\/2025\\\/02\\\/imagen-1-114332-cfda1b57.webp\",\"contentUrl\":\"https:\\\/\\\/revolutionpadelstore.com\\\/wp-content\\\/uploads\\\/2025\\\/02\\\/imagen-1-114332-cfda1b57.webp\",\"width\":1200,\"height\":1200},{\"@type\":\"BreadcrumbList\",\"@id\":\"https:\\\/\\\/revolutionpadelstore.com\\\/pt-pt\\\/produto\\\/bullpadel-ionic-25v-gris-oscuro-5\\\/#breadcrumb\",\"itemListElement\":[{\"@type\":\"ListItem\",\"position\":1,\"name\":\"Portada\",\"item\":\"https:\\\/\\\/revolutionpadelstore.com\\\/pt-pt\\\/\"},{\"@type\":\"ListItem\",\"position\":2,\"name\":\"Tienda\",\"item\":\"https:\\\/\\\/revolutionpadelstore.com\\\/pt-pt\\\/tienda\\\/\"},{\"@type\":\"ListItem\",\"position\":3,\"name\":\"BULLPADEL IONIC 25V GRIS OSCURO\"}]},{\"@type\":\"WebSite\",\"@id\":\"https:\\\/\\\/revolutionpadelstore.com\\\/pt-pt\\\/#website\",\"url\":\"https:\\\/\\\/revolutionpadelstore.com\\\/pt-pt\\\/\",\"name\":\"Revolution Padel Store\",\"description\":\"\",\"publisher\":{\"@id\":\"https:\\\/\\\/revolutionpadelstore.com\\\/pt-pt\\\/#organization\"},\"potentialAction\":[{\"@type\":\"SearchAction\",\"target\":{\"@type\":\"EntryPoint\",\"urlTemplate\":\"https:\\\/\\\/revolutionpadelstore.com\\\/pt-pt\\\/?s={search_term_string}\"},\"query-input\":{\"@type\":\"PropertyValueSpecification\",\"valueRequired\":true,\"valueName\":\"search_term_string\"}}],\"inLanguage\":\"pt-PT\"},{\"@type\":\"Organization\",\"@id\":\"https:\\\/\\\/revolutionpadelstore.com\\\/pt-pt\\\/#organization\",\"name\":\"Revolution Padel Store\",\"url\":\"https:\\\/\\\/revolutionpadelstore.com\\\/pt-pt\\\/\",\"logo\":{\"@type\":\"ImageObject\",\"inLanguage\":\"pt-PT\",\"@id\":\"https:\\\/\\\/revolutionpadelstore.com\\\/pt-pt\\\/#\\\/schema\\\/logo\\\/image\\\/\",\"url\":\"https:\\\/\\\/revolutionpadelstore.com\\\/wp-content\\\/uploads\\\/2026\\\/02\\\/revolution-padel-store.jpg\",\"contentUrl\":\"https:\\\/\\\/revolutionpadelstore.com\\\/wp-content\\\/uploads\\\/2026\\\/02\\\/revolution-padel-store.jpg\",\"width\":2000,\"height\":2000,\"caption\":\"Revolution Padel Store\"},\"image\":{\"@id\":\"https:\\\/\\\/revolutionpadelstore.com\\\/pt-pt\\\/#\\\/schema\\\/logo\\\/image\\\/\"},\"sameAs\":[\"https:\\\/\\\/www.instagram.com\\\/revolutionpadelstore\\\/\"]}]}<\/script>\n<!-- \/ Yoast SEO plugin. -->","yoast_head_json":{"title":"BULLPADEL IONIC 25V GRIS OSCURO - Revolution Padel Store","description":"Ya seas un jugador en progreso o un competidor exigente, las\u00a0Bullpadel Ionic 25V Gris Oscuro\u00a0son la elecci\u00f3n ideal para potenciar tu rendimiento en la pista. Disfruta de la mejor combinaci\u00f3n de\u00a0estilo, comodidad y tecnolog\u00eda de alto nivel\u00a0con estas zapatillas dise\u00f1adas para la m\u00e1xima exigencia en el p\u00e1del.","robots":{"index":"index","follow":"follow","max-snippet":"max-snippet:-1","max-image-preview":"max-image-preview:large","max-video-preview":"max-video-preview:-1"},"canonical":"https:\/\/revolutionpadelstore.com\/pt-pt\/produto\/bullpadel-ionic-25v-gris-oscuro-5\/","og_locale":"pt_PT","og_type":"article","og_title":"BULLPADEL IONIC 25V GRIS OSCURO - Revolution Padel Store","og_description":"Ya seas un jugador en progreso o un competidor exigente, las\u00a0Bullpadel Ionic 25V Gris Oscuro\u00a0son la elecci\u00f3n ideal para potenciar tu rendimiento en la pista. Disfruta de la mejor combinaci\u00f3n de\u00a0estilo, comodidad y tecnolog\u00eda de alto nivel\u00a0con estas zapatillas dise\u00f1adas para la m\u00e1xima exigencia en el p\u00e1del.","og_url":"https:\/\/revolutionpadelstore.com\/pt-pt\/produto\/bullpadel-ionic-25v-gris-oscuro-5\/","og_site_name":"Revolution Padel Store","article_modified_time":"2026-04-08T05:27:51+00:00","og_image":[{"width":1200,"height":1200,"url":"https:\/\/revolutionpadelstore.com\/wp-content\/uploads\/2025\/02\/imagen-1-114332-cfda1b57.webp","type":"image\/webp"}],"twitter_card":"summary_large_image","twitter_misc":{"Tempo estimado de leitura":"2 minutos"},"schema":{"@context":"https:\/\/schema.org","@graph":[{"@type":"WebPage","@id":"https:\/\/revolutionpadelstore.com\/pt-pt\/produto\/bullpadel-ionic-25v-gris-oscuro-5\/","url":"https:\/\/revolutionpadelstore.com\/pt-pt\/produto\/bullpadel-ionic-25v-gris-oscuro-5\/","name":"BULLPADEL IONIC 25V GRIS OSCURO - Revolution Padel Store","isPartOf":{"@id":"https:\/\/revolutionpadelstore.com\/pt-pt\/#website"},"primaryImageOfPage":{"@id":"https:\/\/revolutionpadelstore.com\/pt-pt\/produto\/bullpadel-ionic-25v-gris-oscuro-5\/#primaryimage"},"image":{"@id":"https:\/\/revolutionpadelstore.com\/pt-pt\/produto\/bullpadel-ionic-25v-gris-oscuro-5\/#primaryimage"},"thumbnailUrl":"https:\/\/revolutionpadelstore.com\/wp-content\/uploads\/2025\/02\/imagen-1-114332-cfda1b57.webp","datePublished":"2025-02-18T17:38:16+00:00","dateModified":"2026-04-08T05:27:51+00:00","description":"Ya seas un jugador en progreso o un competidor exigente, las\u00a0Bullpadel Ionic 25V Gris Oscuro\u00a0son la elecci\u00f3n ideal para potenciar tu rendimiento en la pista. Disfruta de la mejor combinaci\u00f3n de\u00a0estilo, comodidad y tecnolog\u00eda de alto nivel\u00a0con estas zapatillas dise\u00f1adas para la m\u00e1xima exigencia en el p\u00e1del.","breadcrumb":{"@id":"https:\/\/revolutionpadelstore.com\/pt-pt\/produto\/bullpadel-ionic-25v-gris-oscuro-5\/#breadcrumb"},"inLanguage":"pt-PT","potentialAction":[{"@type":"ReadAction","target":["https:\/\/revolutionpadelstore.com\/pt-pt\/produto\/bullpadel-ionic-25v-gris-oscuro-5\/"]}]},{"@type":"ImageObject","inLanguage":"pt-PT","@id":"https:\/\/revolutionpadelstore.com\/pt-pt\/produto\/bullpadel-ionic-25v-gris-oscuro-5\/#primaryimage","url":"https:\/\/revolutionpadelstore.com\/wp-content\/uploads\/2025\/02\/imagen-1-114332-cfda1b57.webp","contentUrl":"https:\/\/revolutionpadelstore.com\/wp-content\/uploads\/2025\/02\/imagen-1-114332-cfda1b57.webp","width":1200,"height":1200},{"@type":"BreadcrumbList","@id":"https:\/\/revolutionpadelstore.com\/pt-pt\/produto\/bullpadel-ionic-25v-gris-oscuro-5\/#breadcrumb","itemListElement":[{"@type":"ListItem","position":1,"name":"Portada","item":"https:\/\/revolutionpadelstore.com\/pt-pt\/"},{"@type":"ListItem","position":2,"name":"Tienda","item":"https:\/\/revolutionpadelstore.com\/pt-pt\/tienda\/"},{"@type":"ListItem","position":3,"name":"BULLPADEL IONIC 25V GRIS OSCURO"}]},{"@type":"WebSite","@id":"https:\/\/revolutionpadelstore.com\/pt-pt\/#website","url":"https:\/\/revolutionpadelstore.com\/pt-pt\/","name":"Revolution Padel Store","description":"","publisher":{"@id":"https:\/\/revolutionpadelstore.com\/pt-pt\/#organization"},"potentialAction":[{"@type":"SearchAction","target":{"@type":"EntryPoint","urlTemplate":"https:\/\/revolutionpadelstore.com\/pt-pt\/?s={search_term_string}"},"query-input":{"@type":"PropertyValueSpecification","valueRequired":true,"valueName":"search_term_string"}}],"inLanguage":"pt-PT"},{"@type":"Organization","@id":"https:\/\/revolutionpadelstore.com\/pt-pt\/#organization","name":"Revolution Padel Store","url":"https:\/\/revolutionpadelstore.com\/pt-pt\/","logo":{"@type":"ImageObject","inLanguage":"pt-PT","@id":"https:\/\/revolutionpadelstore.com\/pt-pt\/#\/schema\/logo\/image\/","url":"https:\/\/revolutionpadelstore.com\/wp-content\/uploads\/2026\/02\/revolution-padel-store.jpg","contentUrl":"https:\/\/revolutionpadelstore.com\/wp-content\/uploads\/2026\/02\/revolution-padel-store.jpg","width":2000,"height":2000,"caption":"Revolution Padel Store"},"image":{"@id":"https:\/\/revolutionpadelstore.com\/pt-pt\/#\/schema\/logo\/image\/"},"sameAs":["https:\/\/www.instagram.com\/revolutionpadelstore\/"]}]}},"_links":{"self":[{"href":"https:\/\/revolutionpadelstore.com\/pt-pt\/wp-json\/wp\/v2\/product\/172084","targetHints":{"allow":["GET"]}}],"collection":[{"href":"https:\/\/revolutionpadelstore.com\/pt-pt\/wp-json\/wp\/v2\/product"}],"about":[{"href":"https:\/\/revolutionpadelstore.com\/pt-pt\/wp-json\/wp\/v2\/types\/product"}],"replies":[{"embeddable":true,"href":"https:\/\/revolutionpadelstore.com\/pt-pt\/wp-json\/wp\/v2\/comments?post=172084"}],"wp:featuredmedia":[{"embeddable":true,"href":"https:\/\/revolutionpadelstore.com\/pt-pt\/wp-json\/wp\/v2\/media\/171857"}],"wp:attachment":[{"href":"https:\/\/revolutionpadelstore.com\/pt-pt\/wp-json\/wp\/v2\/media?parent=172084"}],"wp:term":[{"taxonomy":"acabado","embeddable":true,"href":"https:\/\/revolutionpadelstore.com\/pt-pt\/wp-json\/wp\/v2\/acabado?post=172084"},{"taxonomy":"balance","embeddable":true,"href":"https:\/\/revolutionpadelstore.com\/pt-pt\/wp-json\/wp\/v2\/balance?post=172084"},{"taxonomy":"dureza","embeddable":true,"href":"https:\/\/revolutionpadelstore.com\/pt-pt\/wp-json\/wp\/v2\/dureza?post=172084"},{"taxonomy":"forma","embeddable":true,"href":"https:\/\/revolutionpadelstore.com\/pt-pt\/wp-json\/wp\/v2\/forma?post=172084"},{"taxonomy":"jugador","embeddable":true,"href":"https:\/\/revolutionpadelstore.com\/pt-pt\/wp-json\/wp\/v2\/jugador?post=172084"},{"taxonomy":"marca","embeddable":true,"href":"https:\/\/revolutionpadelstore.com\/pt-pt\/wp-json\/wp\/v2\/marca?post=172084"},{"taxonomy":"nivel-de-juego","embeddable":true,"href":"https:\/\/revolutionpadelstore.com\/pt-pt\/wp-json\/wp\/v2\/nivel-de-juego?post=172084"},{"taxonomy":"superficie","embeddable":true,"href":"https:\/\/revolutionpadelstore.com\/pt-pt\/wp-json\/wp\/v2\/superficie?post=172084"},{"taxonomy":"tipo-de-juego","embeddable":true,"href":"https:\/\/revolutionpadelstore.com\/pt-pt\/wp-json\/wp\/v2\/tipo-de-juego?post=172084"},{"taxonomy":"product_brand","embeddable":true,"href":"https:\/\/revolutionpadelstore.com\/pt-pt\/wp-json\/wp\/v2\/product_brand?post=172084"},{"taxonomy":"product_cat","embeddable":true,"href":"https:\/\/revolutionpadelstore.com\/pt-pt\/wp-json\/wp\/v2\/product_cat?post=172084"},{"taxonomy":"product_tag","embeddable":true,"href":"https:\/\/revolutionpadelstore.com\/pt-pt\/wp-json\/wp\/v2\/product_tag?post=172084"}],"curies":[{"name":"wp","href":"https:\/\/api.w.org\/{rel}","templated":true}]}}