{"id":171578,"date":"2025-02-18T08:05:26","date_gmt":"2025-02-18T07:05:26","guid":{"rendered":"https:\/\/revolutionpadelstore.com\/bullpadel-neuron-vibram-25v-negro\/"},"modified":"2026-04-08T07:37:20","modified_gmt":"2026-04-08T05:37:20","slug":"bullpadel-neuron-vibram-25v-negro-5","status":"publish","type":"product","link":"https:\/\/revolutionpadelstore.com\/pt-pt\/produto\/bullpadel-neuron-vibram-25v-negro-5\/","title":{"rendered":"BULLPADEL NEURON VIBRAM 25V NEGRO"},"content":{"rendered":"<p><H2> bullpadel neuron vibram 25v preto &#8211; velocidade e grip de elite <\/h2>\n<p>O <strong> bullpadel Neuron Vibram 25V Black <\/strong> \u00e9 o <strong> fede chingotto oficial <\/strong>, projetado para oferecer o m\u00e1ximo desempenho na pista. Gra\u00e7as \u00e0 sua sola <strong> vibram <\/strong>, eles fornecem uma ader\u00eancia superior, ideais para movimentos r\u00e1pidos e mudan\u00e7as de dire\u00e7\u00e3o explosiva. Sua constru\u00e7\u00e3o t\u00e9rmica sem costuras melhora o conforto e reduz o peso, permitindo que voc\u00ea brinque com total liberdade.<\/p>\n<p>Se voc\u00ea est\u00e1 procurando um amortecedor leve, \u00e1gil e \u00f3timo <\/strong> <\/strong> vibram 25V <\/strong> \u00e9 a escolha perfeita para dominar o jogo com m\u00e1xima estabilidade e conforto.<br \/>\n<H2> Caracter\u00edsticas e tecnologias avan\u00e7adas <\/h2>\n<p>&#8211; sola vibram: tra\u00e7\u00e3o e durabilidade excepcionais em diferentes superf\u00edcies<\/p>\n<p> Movimento lateral: canal central na sola que melhora o amortecimento e a estabilidade<\/p>\n<p> -x-work: refor\u00e7o lateral que fornece maior firmeza e controle em suporte<br \/>\n<P> escudo \u00fanico: prote\u00e7\u00e3o extra no dedo do p\u00e9 e lateral para maior durabilidade<br \/>\n<P>&#8211; Toe ensinado: refor\u00e7o de borracha resistente \u00e0 abras\u00e3o<\/p>\n<p> -meh T\u00e9cnico: Excelente respirabilidade e leveza<\/p>\n<p>&#8211; Thermo selado: design sem costura para obter o m\u00e1ximo conforto e resist\u00eancia<\/p>\n<p>&#8211; ajuste ergon\u00f4mico: adapta\u00e7\u00e3o perfeita para os p\u00e9s para maior conforto<\/p>\n<p>&#8211; Constru\u00e7\u00e3o da luz: favorece a velocidade e a agilidade na pista<\/p>\n<p>&lt;In<br \/>\nO <strong> bullpadel Neuron Vibram 25V Black <\/strong> Combine inova\u00e7\u00e3o, conforto e desempenho para os jogadores mais exigentes. Se voc\u00ea est\u00e1 procurando alguns sapatos de remo que aumentem sua velocidade e estabilidade, esse modelo \u00e9 a sua melhor op\u00e7\u00e3o. Consiga agora e leve seu jogo para o pr\u00f3ximo n\u00edvel!<\/p>\n<p><strong> available in our online store <a href=\"https:\/\/chatgpt.com\/g\/g-675432e026888191B6ee6d6f2fdbb15e-optimization-textos\/c\/www.revolutionpadelstore.com\"> www.revolutionpadelstore.com Provavelmente no melhor pre\u00e7o de mercado<br \/>\n<H3> <\/h3>\n<h2>Bullpadel Neuron Vibram 25V Negro \u2013 Velocidad y agarre de \u00e9lite<\/h2>\n","protected":false},"excerpt":{"rendered":"<p>O <strong> bullpadel neuron vibram 25v preto <\/strong>, usado por <strong> fede chingotto <\/strong>, destaque -se por seu design de luz, \u00fanico <strong> vibram <\/strong> e tecnologia inovadora, ideal para players \u00e1gil. que eles procuram um desempenho mais alto na pista.<strong>Bullpadel Neuron Vibram 25V Negro<\/strong><\/p>\n","protected":false},"featured_media":171519,"comment_status":"open","ping_status":"closed","template":"","meta":{"_acf_changed":false,"_joinchat":[]},"acabado":[],"balance":[],"dureza":[],"forma":[],"jugador":[1190],"marca":[1255],"nivel-de-juego":[],"superficie":[],"tipo-de-juego":[],"product_brand":[],"product_cat":[833],"product_tag":[],"class_list":{"0":"post-171578","1":"product","2":"type-product","3":"status-publish","4":"has-post-thumbnail","6":"jugador-homem","7":"marca-bullpadel-pt-pt","8":"product_cat-tenis","10":"first","11":"outofstock","12":"sale","13":"taxable","14":"shipping-taxable","15":"purchasable","16":"product-type-variable"},"acf":[],"yoast_head":"<!-- This site is optimized with the Yoast SEO plugin v27.4 - https:\/\/yoast.com\/product\/yoast-seo-wordpress\/ -->\n<title>BULLPADEL NEURON VIBRAM 25V NEGRO - Revolution Padel Store<\/title>\n<meta name=\"description\" content=\"Compra las Bullpadel Neuron Vibram 25V Negro, las zapatillas oficiales de Fede Chingotto. Ligereza, estabilidad y suela VIBRAM para m\u00e1ximo rendimiento en p\u00e1del. \u00a1Cons\u00edguelas en Revolution Padel Store!\" \/>\n<meta name=\"robots\" content=\"index, follow, max-snippet:-1, max-image-preview:large, max-video-preview:-1\" \/>\n<link rel=\"canonical\" href=\"https:\/\/revolutionpadelstore.com\/pt-pt\/produto\/bullpadel-neuron-vibram-25v-negro-5\/\" \/>\n<meta property=\"og:locale\" content=\"pt_PT\" \/>\n<meta property=\"og:type\" content=\"article\" \/>\n<meta property=\"og:title\" content=\"BULLPADEL NEURON VIBRAM 25V NEGRO - Revolution Padel Store\" \/>\n<meta property=\"og:description\" content=\"Compra las Bullpadel Neuron Vibram 25V Negro, las zapatillas oficiales de Fede Chingotto. Ligereza, estabilidad y suela VIBRAM para m\u00e1ximo rendimiento en p\u00e1del. \u00a1Cons\u00edguelas en Revolution Padel Store!\" \/>\n<meta property=\"og:url\" content=\"https:\/\/revolutionpadelstore.com\/pt-pt\/produto\/bullpadel-neuron-vibram-25v-negro-5\/\" \/>\n<meta property=\"og:site_name\" content=\"Revolution Padel Store\" \/>\n<meta property=\"article:modified_time\" content=\"2026-04-08T05:37:20+00:00\" \/>\n<meta property=\"og:image\" content=\"https:\/\/revolutionpadelstore.com\/wp-content\/uploads\/2025\/02\/114336-zapatillas-bullpadel-neuron-vibram-25v-cm51005000-negro-1200x1200-1.webp\" \/>\n\t<meta property=\"og:image:width\" content=\"1200\" \/>\n\t<meta property=\"og:image:height\" content=\"1200\" \/>\n\t<meta property=\"og:image:type\" content=\"image\/webp\" \/>\n<meta name=\"twitter:card\" content=\"summary_large_image\" \/>\n<meta name=\"twitter:label1\" content=\"Tempo estimado de leitura\" \/>\n\t<meta name=\"twitter:data1\" content=\"1 minuto\" \/>\n<script type=\"application\/ld+json\" class=\"yoast-schema-graph\">{\"@context\":\"https:\\\/\\\/schema.org\",\"@graph\":[{\"@type\":\"WebPage\",\"@id\":\"https:\\\/\\\/revolutionpadelstore.com\\\/pt-pt\\\/produto\\\/bullpadel-neuron-vibram-25v-negro-5\\\/\",\"url\":\"https:\\\/\\\/revolutionpadelstore.com\\\/pt-pt\\\/produto\\\/bullpadel-neuron-vibram-25v-negro-5\\\/\",\"name\":\"BULLPADEL NEURON VIBRAM 25V NEGRO - Revolution Padel Store\",\"isPartOf\":{\"@id\":\"https:\\\/\\\/revolutionpadelstore.com\\\/pt-pt\\\/#website\"},\"primaryImageOfPage\":{\"@id\":\"https:\\\/\\\/revolutionpadelstore.com\\\/pt-pt\\\/produto\\\/bullpadel-neuron-vibram-25v-negro-5\\\/#primaryimage\"},\"image\":{\"@id\":\"https:\\\/\\\/revolutionpadelstore.com\\\/pt-pt\\\/produto\\\/bullpadel-neuron-vibram-25v-negro-5\\\/#primaryimage\"},\"thumbnailUrl\":\"https:\\\/\\\/revolutionpadelstore.com\\\/wp-content\\\/uploads\\\/2025\\\/02\\\/114336-zapatillas-bullpadel-neuron-vibram-25v-cm51005000-negro-1200x1200-1.webp\",\"datePublished\":\"2025-02-18T07:05:26+00:00\",\"dateModified\":\"2026-04-08T05:37:20+00:00\",\"description\":\"Compra las Bullpadel Neuron Vibram 25V Negro, las zapatillas oficiales de Fede Chingotto. Ligereza, estabilidad y suela VIBRAM para m\u00e1ximo rendimiento en p\u00e1del. \u00a1Cons\u00edguelas en Revolution Padel Store!\",\"breadcrumb\":{\"@id\":\"https:\\\/\\\/revolutionpadelstore.com\\\/pt-pt\\\/produto\\\/bullpadel-neuron-vibram-25v-negro-5\\\/#breadcrumb\"},\"inLanguage\":\"pt-PT\",\"potentialAction\":[{\"@type\":\"ReadAction\",\"target\":[\"https:\\\/\\\/revolutionpadelstore.com\\\/pt-pt\\\/produto\\\/bullpadel-neuron-vibram-25v-negro-5\\\/\"]}]},{\"@type\":\"ImageObject\",\"inLanguage\":\"pt-PT\",\"@id\":\"https:\\\/\\\/revolutionpadelstore.com\\\/pt-pt\\\/produto\\\/bullpadel-neuron-vibram-25v-negro-5\\\/#primaryimage\",\"url\":\"https:\\\/\\\/revolutionpadelstore.com\\\/wp-content\\\/uploads\\\/2025\\\/02\\\/114336-zapatillas-bullpadel-neuron-vibram-25v-cm51005000-negro-1200x1200-1.webp\",\"contentUrl\":\"https:\\\/\\\/revolutionpadelstore.com\\\/wp-content\\\/uploads\\\/2025\\\/02\\\/114336-zapatillas-bullpadel-neuron-vibram-25v-cm51005000-negro-1200x1200-1.webp\",\"width\":1200,\"height\":1200},{\"@type\":\"BreadcrumbList\",\"@id\":\"https:\\\/\\\/revolutionpadelstore.com\\\/pt-pt\\\/produto\\\/bullpadel-neuron-vibram-25v-negro-5\\\/#breadcrumb\",\"itemListElement\":[{\"@type\":\"ListItem\",\"position\":1,\"name\":\"Portada\",\"item\":\"https:\\\/\\\/revolutionpadelstore.com\\\/pt-pt\\\/\"},{\"@type\":\"ListItem\",\"position\":2,\"name\":\"Tienda\",\"item\":\"https:\\\/\\\/revolutionpadelstore.com\\\/pt-pt\\\/tienda\\\/\"},{\"@type\":\"ListItem\",\"position\":3,\"name\":\"BULLPADEL NEURON VIBRAM 25V NEGRO\"}]},{\"@type\":\"WebSite\",\"@id\":\"https:\\\/\\\/revolutionpadelstore.com\\\/pt-pt\\\/#website\",\"url\":\"https:\\\/\\\/revolutionpadelstore.com\\\/pt-pt\\\/\",\"name\":\"Revolution Padel Store\",\"description\":\"\",\"publisher\":{\"@id\":\"https:\\\/\\\/revolutionpadelstore.com\\\/pt-pt\\\/#organization\"},\"potentialAction\":[{\"@type\":\"SearchAction\",\"target\":{\"@type\":\"EntryPoint\",\"urlTemplate\":\"https:\\\/\\\/revolutionpadelstore.com\\\/pt-pt\\\/?s={search_term_string}\"},\"query-input\":{\"@type\":\"PropertyValueSpecification\",\"valueRequired\":true,\"valueName\":\"search_term_string\"}}],\"inLanguage\":\"pt-PT\"},{\"@type\":\"Organization\",\"@id\":\"https:\\\/\\\/revolutionpadelstore.com\\\/pt-pt\\\/#organization\",\"name\":\"Revolution Padel Store\",\"url\":\"https:\\\/\\\/revolutionpadelstore.com\\\/pt-pt\\\/\",\"logo\":{\"@type\":\"ImageObject\",\"inLanguage\":\"pt-PT\",\"@id\":\"https:\\\/\\\/revolutionpadelstore.com\\\/pt-pt\\\/#\\\/schema\\\/logo\\\/image\\\/\",\"url\":\"https:\\\/\\\/revolutionpadelstore.com\\\/wp-content\\\/uploads\\\/2026\\\/02\\\/revolution-padel-store.jpg\",\"contentUrl\":\"https:\\\/\\\/revolutionpadelstore.com\\\/wp-content\\\/uploads\\\/2026\\\/02\\\/revolution-padel-store.jpg\",\"width\":2000,\"height\":2000,\"caption\":\"Revolution Padel Store\"},\"image\":{\"@id\":\"https:\\\/\\\/revolutionpadelstore.com\\\/pt-pt\\\/#\\\/schema\\\/logo\\\/image\\\/\"},\"sameAs\":[\"https:\\\/\\\/www.instagram.com\\\/revolutionpadelstore\\\/\"]}]}<\/script>\n<!-- \/ Yoast SEO plugin. -->","yoast_head_json":{"title":"BULLPADEL NEURON VIBRAM 25V NEGRO - Revolution Padel Store","description":"Compra las Bullpadel Neuron Vibram 25V Negro, las zapatillas oficiales de Fede Chingotto. Ligereza, estabilidad y suela VIBRAM para m\u00e1ximo rendimiento en p\u00e1del. \u00a1Cons\u00edguelas en Revolution Padel Store!","robots":{"index":"index","follow":"follow","max-snippet":"max-snippet:-1","max-image-preview":"max-image-preview:large","max-video-preview":"max-video-preview:-1"},"canonical":"https:\/\/revolutionpadelstore.com\/pt-pt\/produto\/bullpadel-neuron-vibram-25v-negro-5\/","og_locale":"pt_PT","og_type":"article","og_title":"BULLPADEL NEURON VIBRAM 25V NEGRO - Revolution Padel Store","og_description":"Compra las Bullpadel Neuron Vibram 25V Negro, las zapatillas oficiales de Fede Chingotto. Ligereza, estabilidad y suela VIBRAM para m\u00e1ximo rendimiento en p\u00e1del. \u00a1Cons\u00edguelas en Revolution Padel Store!","og_url":"https:\/\/revolutionpadelstore.com\/pt-pt\/produto\/bullpadel-neuron-vibram-25v-negro-5\/","og_site_name":"Revolution Padel Store","article_modified_time":"2026-04-08T05:37:20+00:00","og_image":[{"width":1200,"height":1200,"url":"https:\/\/revolutionpadelstore.com\/wp-content\/uploads\/2025\/02\/114336-zapatillas-bullpadel-neuron-vibram-25v-cm51005000-negro-1200x1200-1.webp","type":"image\/webp"}],"twitter_card":"summary_large_image","twitter_misc":{"Tempo estimado de leitura":"1 minuto"},"schema":{"@context":"https:\/\/schema.org","@graph":[{"@type":"WebPage","@id":"https:\/\/revolutionpadelstore.com\/pt-pt\/produto\/bullpadel-neuron-vibram-25v-negro-5\/","url":"https:\/\/revolutionpadelstore.com\/pt-pt\/produto\/bullpadel-neuron-vibram-25v-negro-5\/","name":"BULLPADEL NEURON VIBRAM 25V NEGRO - Revolution Padel Store","isPartOf":{"@id":"https:\/\/revolutionpadelstore.com\/pt-pt\/#website"},"primaryImageOfPage":{"@id":"https:\/\/revolutionpadelstore.com\/pt-pt\/produto\/bullpadel-neuron-vibram-25v-negro-5\/#primaryimage"},"image":{"@id":"https:\/\/revolutionpadelstore.com\/pt-pt\/produto\/bullpadel-neuron-vibram-25v-negro-5\/#primaryimage"},"thumbnailUrl":"https:\/\/revolutionpadelstore.com\/wp-content\/uploads\/2025\/02\/114336-zapatillas-bullpadel-neuron-vibram-25v-cm51005000-negro-1200x1200-1.webp","datePublished":"2025-02-18T07:05:26+00:00","dateModified":"2026-04-08T05:37:20+00:00","description":"Compra las Bullpadel Neuron Vibram 25V Negro, las zapatillas oficiales de Fede Chingotto. Ligereza, estabilidad y suela VIBRAM para m\u00e1ximo rendimiento en p\u00e1del. \u00a1Cons\u00edguelas en Revolution Padel Store!","breadcrumb":{"@id":"https:\/\/revolutionpadelstore.com\/pt-pt\/produto\/bullpadel-neuron-vibram-25v-negro-5\/#breadcrumb"},"inLanguage":"pt-PT","potentialAction":[{"@type":"ReadAction","target":["https:\/\/revolutionpadelstore.com\/pt-pt\/produto\/bullpadel-neuron-vibram-25v-negro-5\/"]}]},{"@type":"ImageObject","inLanguage":"pt-PT","@id":"https:\/\/revolutionpadelstore.com\/pt-pt\/produto\/bullpadel-neuron-vibram-25v-negro-5\/#primaryimage","url":"https:\/\/revolutionpadelstore.com\/wp-content\/uploads\/2025\/02\/114336-zapatillas-bullpadel-neuron-vibram-25v-cm51005000-negro-1200x1200-1.webp","contentUrl":"https:\/\/revolutionpadelstore.com\/wp-content\/uploads\/2025\/02\/114336-zapatillas-bullpadel-neuron-vibram-25v-cm51005000-negro-1200x1200-1.webp","width":1200,"height":1200},{"@type":"BreadcrumbList","@id":"https:\/\/revolutionpadelstore.com\/pt-pt\/produto\/bullpadel-neuron-vibram-25v-negro-5\/#breadcrumb","itemListElement":[{"@type":"ListItem","position":1,"name":"Portada","item":"https:\/\/revolutionpadelstore.com\/pt-pt\/"},{"@type":"ListItem","position":2,"name":"Tienda","item":"https:\/\/revolutionpadelstore.com\/pt-pt\/tienda\/"},{"@type":"ListItem","position":3,"name":"BULLPADEL NEURON VIBRAM 25V NEGRO"}]},{"@type":"WebSite","@id":"https:\/\/revolutionpadelstore.com\/pt-pt\/#website","url":"https:\/\/revolutionpadelstore.com\/pt-pt\/","name":"Revolution Padel Store","description":"","publisher":{"@id":"https:\/\/revolutionpadelstore.com\/pt-pt\/#organization"},"potentialAction":[{"@type":"SearchAction","target":{"@type":"EntryPoint","urlTemplate":"https:\/\/revolutionpadelstore.com\/pt-pt\/?s={search_term_string}"},"query-input":{"@type":"PropertyValueSpecification","valueRequired":true,"valueName":"search_term_string"}}],"inLanguage":"pt-PT"},{"@type":"Organization","@id":"https:\/\/revolutionpadelstore.com\/pt-pt\/#organization","name":"Revolution Padel Store","url":"https:\/\/revolutionpadelstore.com\/pt-pt\/","logo":{"@type":"ImageObject","inLanguage":"pt-PT","@id":"https:\/\/revolutionpadelstore.com\/pt-pt\/#\/schema\/logo\/image\/","url":"https:\/\/revolutionpadelstore.com\/wp-content\/uploads\/2026\/02\/revolution-padel-store.jpg","contentUrl":"https:\/\/revolutionpadelstore.com\/wp-content\/uploads\/2026\/02\/revolution-padel-store.jpg","width":2000,"height":2000,"caption":"Revolution Padel Store"},"image":{"@id":"https:\/\/revolutionpadelstore.com\/pt-pt\/#\/schema\/logo\/image\/"},"sameAs":["https:\/\/www.instagram.com\/revolutionpadelstore\/"]}]}},"_links":{"self":[{"href":"https:\/\/revolutionpadelstore.com\/pt-pt\/wp-json\/wp\/v2\/product\/171578","targetHints":{"allow":["GET"]}}],"collection":[{"href":"https:\/\/revolutionpadelstore.com\/pt-pt\/wp-json\/wp\/v2\/product"}],"about":[{"href":"https:\/\/revolutionpadelstore.com\/pt-pt\/wp-json\/wp\/v2\/types\/product"}],"replies":[{"embeddable":true,"href":"https:\/\/revolutionpadelstore.com\/pt-pt\/wp-json\/wp\/v2\/comments?post=171578"}],"wp:featuredmedia":[{"embeddable":true,"href":"https:\/\/revolutionpadelstore.com\/pt-pt\/wp-json\/wp\/v2\/media\/171519"}],"wp:attachment":[{"href":"https:\/\/revolutionpadelstore.com\/pt-pt\/wp-json\/wp\/v2\/media?parent=171578"}],"wp:term":[{"taxonomy":"acabado","embeddable":true,"href":"https:\/\/revolutionpadelstore.com\/pt-pt\/wp-json\/wp\/v2\/acabado?post=171578"},{"taxonomy":"balance","embeddable":true,"href":"https:\/\/revolutionpadelstore.com\/pt-pt\/wp-json\/wp\/v2\/balance?post=171578"},{"taxonomy":"dureza","embeddable":true,"href":"https:\/\/revolutionpadelstore.com\/pt-pt\/wp-json\/wp\/v2\/dureza?post=171578"},{"taxonomy":"forma","embeddable":true,"href":"https:\/\/revolutionpadelstore.com\/pt-pt\/wp-json\/wp\/v2\/forma?post=171578"},{"taxonomy":"jugador","embeddable":true,"href":"https:\/\/revolutionpadelstore.com\/pt-pt\/wp-json\/wp\/v2\/jugador?post=171578"},{"taxonomy":"marca","embeddable":true,"href":"https:\/\/revolutionpadelstore.com\/pt-pt\/wp-json\/wp\/v2\/marca?post=171578"},{"taxonomy":"nivel-de-juego","embeddable":true,"href":"https:\/\/revolutionpadelstore.com\/pt-pt\/wp-json\/wp\/v2\/nivel-de-juego?post=171578"},{"taxonomy":"superficie","embeddable":true,"href":"https:\/\/revolutionpadelstore.com\/pt-pt\/wp-json\/wp\/v2\/superficie?post=171578"},{"taxonomy":"tipo-de-juego","embeddable":true,"href":"https:\/\/revolutionpadelstore.com\/pt-pt\/wp-json\/wp\/v2\/tipo-de-juego?post=171578"},{"taxonomy":"product_brand","embeddable":true,"href":"https:\/\/revolutionpadelstore.com\/pt-pt\/wp-json\/wp\/v2\/product_brand?post=171578"},{"taxonomy":"product_cat","embeddable":true,"href":"https:\/\/revolutionpadelstore.com\/pt-pt\/wp-json\/wp\/v2\/product_cat?post=171578"},{"taxonomy":"product_tag","embeddable":true,"href":"https:\/\/revolutionpadelstore.com\/pt-pt\/wp-json\/wp\/v2\/product_tag?post=171578"}],"curies":[{"name":"wp","href":"https:\/\/api.w.org\/{rel}","templated":true}]}}