{"id":171333,"date":"2025-02-17T23:05:07","date_gmt":"2025-02-17T22:05:07","guid":{"rendered":"https:\/\/revolutionpadelstore.com\/head-coello-vibe\/"},"modified":"2026-04-08T07:42:27","modified_gmt":"2026-04-08T05:42:27","slug":"head-coello-vibe-5","status":"publish","type":"product","link":"https:\/\/revolutionpadelstore.com\/pt-pt\/produto\/head-coello-vibe-5\/","title":{"rendered":"HEAD COELLO VIBE"},"content":{"rendered":"<p>&lt;Il<br \/>\nProjetado em colabora\u00e7\u00e3o com o <strong> King Arturo <\/strong>, a <strong> Head Coello Vibe 2025 <\/strong> \u00e9 a p\u00e1 perfeita para iniciantes e jogadores ocasionais que buscam poder controlado, conforto e um ponto doce mais amplo. Seu design exclusivo, com detalhes como a empresa de Arturo Coello e um logotipo da coroa, a torna uma op\u00e7\u00e3o irresist\u00edvel para os seguidores do mundo n\u00famero 1.<br \/>\n<H2> <strong> caracter\u00edsticas excelentes da cabe\u00e7a de Coello Vibe 2025 <\/strong> <\/h2>\n<p>-pot\u00eancia f\u00e1cil e controlada: sua forma de rasgo de extragranda fornece maior toler\u00e2ncia e flexibilidade em cada golpe.<br \/>\n-Peso otimizado para maior poder: mais pesado que outros modelos de vibra\u00e7\u00e3o, que permitem imprimir mais for\u00e7a sem perder a capacidade de gerenciamento.<br \/>\n-Superficie de acidente vascular cerebral de fibra de vidro: oferece maior rigidez e estabilidade, combinando controle e poder de maneira equilibrada.<br \/>\n-Spuma Power Foam: Material de alta reatividade que aprimora a sa\u00edda da bola e melhora a sensa\u00e7\u00e3o no acerto.<br \/>\n-Protetor do sistema interinter: maior durabilidade e resist\u00eancia a impactos e desgaste.<br \/>\n-Dise\u00f1o exclusivo de Arturo Coello: acabamento brilhante com detalhes exclusivos, como sua assinatura e um logotipo da coroa, destacando seu estilo profissional<\/p>\n<p><H2> <strong> Quem \u00e9 a vibra\u00e7\u00e3o de Coello 2025?<br \/>\nSe voc\u00ea \u00e9 um jogador ocasional ou iniciante e procure uma p\u00e1 que o ajude a melhorar seu jogo com maior controle, poder e estabilidade, o Coello Vibe 2025 \u00e9 a sua melhor escolha. Sua combina\u00e7\u00e3o de fibra de vidro, espuma de pot\u00eancia e design de extragrande garante um jogo confort\u00e1vel e eficaz desde o primeiro golpe.<\/p>\n<p><strong> Obtenha a cabe\u00e7a Coello Vibe 2025 agora em nossa loja on-line &lt;a href = &quot;https:\/\/chatgpt.com\/g\/g-675432e026888191b6ee6d6f2fdbb15e-otimization-textos\/c\/wwwww.revolutionPadelpadeltore.com&quot; Armazene <\/a>, provavelmente com o melhor pre\u00e7o de mercado!<\/p>\n<h2><strong>HEAD Coello Vibe 2025 \u2013 La pala del n\u00famero 1<\/strong><\/p>\n","protected":false},"excerpt":{"rendered":"<p>A Paddle Shovel <strong> Head Coello Vibe 2025 <\/strong>, parte da cole\u00e7\u00e3o Arturo Coello, foi projetada para fornecer facilidade de poder e um grande ponto doce, ideal para jogadores iniciantes e ocasionais.<strong>Head Coello Vibe 2025<\/strong><\/p>\n","protected":false},"featured_media":171304,"comment_status":"open","ping_status":"closed","template":"","meta":{"_acf_changed":false,"_joinchat":[]},"acabado":[1080],"balance":[1140],"dureza":[1150,1155],"forma":[1185],"jugador":[1190,1200],"marca":[1220],"nivel-de-juego":[1340,1350],"superficie":[1355],"tipo-de-juego":[1385],"product_brand":[],"product_cat":[300],"product_tag":[],"class_list":{"0":"post-171333","1":"product","2":"type-product","3":"status-publish","4":"has-post-thumbnail","6":"acabado-brilho","7":"balance-medio-pt-pt","8":"dureza-blanda-pt-pt","9":"dureza-media-pt-pt","10":"forma-lagrima-pt-pt","11":"jugador-homem","12":"jugador-polivalente-pt-pt","13":"marca-cabeca","14":"superficie-lisa-pt-pt","15":"tipo-de-juego-polivalente-pt-pt","16":"product_cat-palas","18":"first","19":"instock","20":"sale","21":"taxable","22":"shipping-taxable","23":"purchasable","24":"product-type-simple"},"acf":[],"yoast_head":"<!-- This site is optimized with the Yoast SEO plugin v27.4 - https:\/\/yoast.com\/product\/yoast-seo-wordpress\/ -->\n<title>HEAD COELLO VIBE - Revolution Padel Store<\/title>\n<meta name=\"description\" content=\"Descubre la HEAD Coello Vibe 2025, la pala dise\u00f1ada con el n\u00famero 1 del mundo. Ideal para principiantes y jugadores ocasionales, con potencia controlada y un punto dulce amplio. \u00a1C\u00f3mprala en Revolution Padel Store!\" \/>\n<meta name=\"robots\" content=\"index, follow, max-snippet:-1, max-image-preview:large, max-video-preview:-1\" \/>\n<link rel=\"canonical\" href=\"https:\/\/revolutionpadelstore.com\/pt-pt\/produto\/head-coello-vibe-5\/\" \/>\n<meta property=\"og:locale\" content=\"pt_PT\" \/>\n<meta property=\"og:type\" content=\"article\" \/>\n<meta property=\"og:title\" content=\"HEAD COELLO VIBE - Revolution Padel Store\" \/>\n<meta property=\"og:description\" content=\"Descubre la HEAD Coello Vibe 2025, la pala dise\u00f1ada con el n\u00famero 1 del mundo. Ideal para principiantes y jugadores ocasionales, con potencia controlada y un punto dulce amplio. \u00a1C\u00f3mprala en Revolution Padel Store!\" \/>\n<meta property=\"og:url\" content=\"https:\/\/revolutionpadelstore.com\/pt-pt\/produto\/head-coello-vibe-5\/\" \/>\n<meta property=\"og:site_name\" content=\"Revolution Padel Store\" \/>\n<meta property=\"article:modified_time\" content=\"2026-04-08T05:42:27+00:00\" \/>\n<meta property=\"og:image\" content=\"https:\/\/revolutionpadelstore.com\/wp-content\/uploads\/2025\/02\/coello-vibe-2025-1.png\" \/>\n\t<meta property=\"og:image:width\" content=\"1200\" \/>\n\t<meta property=\"og:image:height\" content=\"1200\" \/>\n\t<meta property=\"og:image:type\" content=\"image\/png\" \/>\n<meta name=\"twitter:card\" content=\"summary_large_image\" \/>\n<meta name=\"twitter:label1\" content=\"Tempo estimado de leitura\" \/>\n\t<meta name=\"twitter:data1\" content=\"2 minutos\" \/>\n<script type=\"application\/ld+json\" class=\"yoast-schema-graph\">{\"@context\":\"https:\\\/\\\/schema.org\",\"@graph\":[{\"@type\":\"WebPage\",\"@id\":\"https:\\\/\\\/revolutionpadelstore.com\\\/pt-pt\\\/produto\\\/head-coello-vibe-5\\\/\",\"url\":\"https:\\\/\\\/revolutionpadelstore.com\\\/pt-pt\\\/produto\\\/head-coello-vibe-5\\\/\",\"name\":\"HEAD COELLO VIBE - Revolution Padel Store\",\"isPartOf\":{\"@id\":\"https:\\\/\\\/revolutionpadelstore.com\\\/pt-pt\\\/#website\"},\"primaryImageOfPage\":{\"@id\":\"https:\\\/\\\/revolutionpadelstore.com\\\/pt-pt\\\/produto\\\/head-coello-vibe-5\\\/#primaryimage\"},\"image\":{\"@id\":\"https:\\\/\\\/revolutionpadelstore.com\\\/pt-pt\\\/produto\\\/head-coello-vibe-5\\\/#primaryimage\"},\"thumbnailUrl\":\"https:\\\/\\\/revolutionpadelstore.com\\\/wp-content\\\/uploads\\\/2025\\\/02\\\/coello-vibe-2025-1.png\",\"datePublished\":\"2025-02-17T22:05:07+00:00\",\"dateModified\":\"2026-04-08T05:42:27+00:00\",\"description\":\"Descubre la HEAD Coello Vibe 2025, la pala dise\u00f1ada con el n\u00famero 1 del mundo. Ideal para principiantes y jugadores ocasionales, con potencia controlada y un punto dulce amplio. \u00a1C\u00f3mprala en Revolution Padel Store!\",\"breadcrumb\":{\"@id\":\"https:\\\/\\\/revolutionpadelstore.com\\\/pt-pt\\\/produto\\\/head-coello-vibe-5\\\/#breadcrumb\"},\"inLanguage\":\"pt-PT\",\"potentialAction\":[{\"@type\":\"ReadAction\",\"target\":[\"https:\\\/\\\/revolutionpadelstore.com\\\/pt-pt\\\/produto\\\/head-coello-vibe-5\\\/\"]}]},{\"@type\":\"ImageObject\",\"inLanguage\":\"pt-PT\",\"@id\":\"https:\\\/\\\/revolutionpadelstore.com\\\/pt-pt\\\/produto\\\/head-coello-vibe-5\\\/#primaryimage\",\"url\":\"https:\\\/\\\/revolutionpadelstore.com\\\/wp-content\\\/uploads\\\/2025\\\/02\\\/coello-vibe-2025-1.png\",\"contentUrl\":\"https:\\\/\\\/revolutionpadelstore.com\\\/wp-content\\\/uploads\\\/2025\\\/02\\\/coello-vibe-2025-1.png\",\"width\":1200,\"height\":1200},{\"@type\":\"BreadcrumbList\",\"@id\":\"https:\\\/\\\/revolutionpadelstore.com\\\/pt-pt\\\/produto\\\/head-coello-vibe-5\\\/#breadcrumb\",\"itemListElement\":[{\"@type\":\"ListItem\",\"position\":1,\"name\":\"Portada\",\"item\":\"https:\\\/\\\/revolutionpadelstore.com\\\/pt-pt\\\/\"},{\"@type\":\"ListItem\",\"position\":2,\"name\":\"Tienda\",\"item\":\"https:\\\/\\\/revolutionpadelstore.com\\\/pt-pt\\\/tienda\\\/\"},{\"@type\":\"ListItem\",\"position\":3,\"name\":\"HEAD COELLO VIBE\"}]},{\"@type\":\"WebSite\",\"@id\":\"https:\\\/\\\/revolutionpadelstore.com\\\/pt-pt\\\/#website\",\"url\":\"https:\\\/\\\/revolutionpadelstore.com\\\/pt-pt\\\/\",\"name\":\"Revolution Padel Store\",\"description\":\"\",\"publisher\":{\"@id\":\"https:\\\/\\\/revolutionpadelstore.com\\\/pt-pt\\\/#organization\"},\"potentialAction\":[{\"@type\":\"SearchAction\",\"target\":{\"@type\":\"EntryPoint\",\"urlTemplate\":\"https:\\\/\\\/revolutionpadelstore.com\\\/pt-pt\\\/?s={search_term_string}\"},\"query-input\":{\"@type\":\"PropertyValueSpecification\",\"valueRequired\":true,\"valueName\":\"search_term_string\"}}],\"inLanguage\":\"pt-PT\"},{\"@type\":\"Organization\",\"@id\":\"https:\\\/\\\/revolutionpadelstore.com\\\/pt-pt\\\/#organization\",\"name\":\"Revolution Padel Store\",\"url\":\"https:\\\/\\\/revolutionpadelstore.com\\\/pt-pt\\\/\",\"logo\":{\"@type\":\"ImageObject\",\"inLanguage\":\"pt-PT\",\"@id\":\"https:\\\/\\\/revolutionpadelstore.com\\\/pt-pt\\\/#\\\/schema\\\/logo\\\/image\\\/\",\"url\":\"https:\\\/\\\/revolutionpadelstore.com\\\/wp-content\\\/uploads\\\/2026\\\/02\\\/revolution-padel-store.jpg\",\"contentUrl\":\"https:\\\/\\\/revolutionpadelstore.com\\\/wp-content\\\/uploads\\\/2026\\\/02\\\/revolution-padel-store.jpg\",\"width\":2000,\"height\":2000,\"caption\":\"Revolution Padel Store\"},\"image\":{\"@id\":\"https:\\\/\\\/revolutionpadelstore.com\\\/pt-pt\\\/#\\\/schema\\\/logo\\\/image\\\/\"},\"sameAs\":[\"https:\\\/\\\/www.instagram.com\\\/revolutionpadelstore\\\/\"]}]}<\/script>\n<!-- \/ Yoast SEO plugin. -->","yoast_head_json":{"title":"HEAD COELLO VIBE - Revolution Padel Store","description":"Descubre la HEAD Coello Vibe 2025, la pala dise\u00f1ada con el n\u00famero 1 del mundo. Ideal para principiantes y jugadores ocasionales, con potencia controlada y un punto dulce amplio. \u00a1C\u00f3mprala en Revolution Padel Store!","robots":{"index":"index","follow":"follow","max-snippet":"max-snippet:-1","max-image-preview":"max-image-preview:large","max-video-preview":"max-video-preview:-1"},"canonical":"https:\/\/revolutionpadelstore.com\/pt-pt\/produto\/head-coello-vibe-5\/","og_locale":"pt_PT","og_type":"article","og_title":"HEAD COELLO VIBE - Revolution Padel Store","og_description":"Descubre la HEAD Coello Vibe 2025, la pala dise\u00f1ada con el n\u00famero 1 del mundo. Ideal para principiantes y jugadores ocasionales, con potencia controlada y un punto dulce amplio. \u00a1C\u00f3mprala en Revolution Padel Store!","og_url":"https:\/\/revolutionpadelstore.com\/pt-pt\/produto\/head-coello-vibe-5\/","og_site_name":"Revolution Padel Store","article_modified_time":"2026-04-08T05:42:27+00:00","og_image":[{"width":1200,"height":1200,"url":"https:\/\/revolutionpadelstore.com\/wp-content\/uploads\/2025\/02\/coello-vibe-2025-1.png","type":"image\/png"}],"twitter_card":"summary_large_image","twitter_misc":{"Tempo estimado de leitura":"2 minutos"},"schema":{"@context":"https:\/\/schema.org","@graph":[{"@type":"WebPage","@id":"https:\/\/revolutionpadelstore.com\/pt-pt\/produto\/head-coello-vibe-5\/","url":"https:\/\/revolutionpadelstore.com\/pt-pt\/produto\/head-coello-vibe-5\/","name":"HEAD COELLO VIBE - Revolution Padel Store","isPartOf":{"@id":"https:\/\/revolutionpadelstore.com\/pt-pt\/#website"},"primaryImageOfPage":{"@id":"https:\/\/revolutionpadelstore.com\/pt-pt\/produto\/head-coello-vibe-5\/#primaryimage"},"image":{"@id":"https:\/\/revolutionpadelstore.com\/pt-pt\/produto\/head-coello-vibe-5\/#primaryimage"},"thumbnailUrl":"https:\/\/revolutionpadelstore.com\/wp-content\/uploads\/2025\/02\/coello-vibe-2025-1.png","datePublished":"2025-02-17T22:05:07+00:00","dateModified":"2026-04-08T05:42:27+00:00","description":"Descubre la HEAD Coello Vibe 2025, la pala dise\u00f1ada con el n\u00famero 1 del mundo. Ideal para principiantes y jugadores ocasionales, con potencia controlada y un punto dulce amplio. \u00a1C\u00f3mprala en Revolution Padel Store!","breadcrumb":{"@id":"https:\/\/revolutionpadelstore.com\/pt-pt\/produto\/head-coello-vibe-5\/#breadcrumb"},"inLanguage":"pt-PT","potentialAction":[{"@type":"ReadAction","target":["https:\/\/revolutionpadelstore.com\/pt-pt\/produto\/head-coello-vibe-5\/"]}]},{"@type":"ImageObject","inLanguage":"pt-PT","@id":"https:\/\/revolutionpadelstore.com\/pt-pt\/produto\/head-coello-vibe-5\/#primaryimage","url":"https:\/\/revolutionpadelstore.com\/wp-content\/uploads\/2025\/02\/coello-vibe-2025-1.png","contentUrl":"https:\/\/revolutionpadelstore.com\/wp-content\/uploads\/2025\/02\/coello-vibe-2025-1.png","width":1200,"height":1200},{"@type":"BreadcrumbList","@id":"https:\/\/revolutionpadelstore.com\/pt-pt\/produto\/head-coello-vibe-5\/#breadcrumb","itemListElement":[{"@type":"ListItem","position":1,"name":"Portada","item":"https:\/\/revolutionpadelstore.com\/pt-pt\/"},{"@type":"ListItem","position":2,"name":"Tienda","item":"https:\/\/revolutionpadelstore.com\/pt-pt\/tienda\/"},{"@type":"ListItem","position":3,"name":"HEAD COELLO VIBE"}]},{"@type":"WebSite","@id":"https:\/\/revolutionpadelstore.com\/pt-pt\/#website","url":"https:\/\/revolutionpadelstore.com\/pt-pt\/","name":"Revolution Padel Store","description":"","publisher":{"@id":"https:\/\/revolutionpadelstore.com\/pt-pt\/#organization"},"potentialAction":[{"@type":"SearchAction","target":{"@type":"EntryPoint","urlTemplate":"https:\/\/revolutionpadelstore.com\/pt-pt\/?s={search_term_string}"},"query-input":{"@type":"PropertyValueSpecification","valueRequired":true,"valueName":"search_term_string"}}],"inLanguage":"pt-PT"},{"@type":"Organization","@id":"https:\/\/revolutionpadelstore.com\/pt-pt\/#organization","name":"Revolution Padel Store","url":"https:\/\/revolutionpadelstore.com\/pt-pt\/","logo":{"@type":"ImageObject","inLanguage":"pt-PT","@id":"https:\/\/revolutionpadelstore.com\/pt-pt\/#\/schema\/logo\/image\/","url":"https:\/\/revolutionpadelstore.com\/wp-content\/uploads\/2026\/02\/revolution-padel-store.jpg","contentUrl":"https:\/\/revolutionpadelstore.com\/wp-content\/uploads\/2026\/02\/revolution-padel-store.jpg","width":2000,"height":2000,"caption":"Revolution Padel Store"},"image":{"@id":"https:\/\/revolutionpadelstore.com\/pt-pt\/#\/schema\/logo\/image\/"},"sameAs":["https:\/\/www.instagram.com\/revolutionpadelstore\/"]}]}},"_links":{"self":[{"href":"https:\/\/revolutionpadelstore.com\/pt-pt\/wp-json\/wp\/v2\/product\/171333","targetHints":{"allow":["GET"]}}],"collection":[{"href":"https:\/\/revolutionpadelstore.com\/pt-pt\/wp-json\/wp\/v2\/product"}],"about":[{"href":"https:\/\/revolutionpadelstore.com\/pt-pt\/wp-json\/wp\/v2\/types\/product"}],"replies":[{"embeddable":true,"href":"https:\/\/revolutionpadelstore.com\/pt-pt\/wp-json\/wp\/v2\/comments?post=171333"}],"wp:featuredmedia":[{"embeddable":true,"href":"https:\/\/revolutionpadelstore.com\/pt-pt\/wp-json\/wp\/v2\/media\/171304"}],"wp:attachment":[{"href":"https:\/\/revolutionpadelstore.com\/pt-pt\/wp-json\/wp\/v2\/media?parent=171333"}],"wp:term":[{"taxonomy":"acabado","embeddable":true,"href":"https:\/\/revolutionpadelstore.com\/pt-pt\/wp-json\/wp\/v2\/acabado?post=171333"},{"taxonomy":"balance","embeddable":true,"href":"https:\/\/revolutionpadelstore.com\/pt-pt\/wp-json\/wp\/v2\/balance?post=171333"},{"taxonomy":"dureza","embeddable":true,"href":"https:\/\/revolutionpadelstore.com\/pt-pt\/wp-json\/wp\/v2\/dureza?post=171333"},{"taxonomy":"forma","embeddable":true,"href":"https:\/\/revolutionpadelstore.com\/pt-pt\/wp-json\/wp\/v2\/forma?post=171333"},{"taxonomy":"jugador","embeddable":true,"href":"https:\/\/revolutionpadelstore.com\/pt-pt\/wp-json\/wp\/v2\/jugador?post=171333"},{"taxonomy":"marca","embeddable":true,"href":"https:\/\/revolutionpadelstore.com\/pt-pt\/wp-json\/wp\/v2\/marca?post=171333"},{"taxonomy":"nivel-de-juego","embeddable":true,"href":"https:\/\/revolutionpadelstore.com\/pt-pt\/wp-json\/wp\/v2\/nivel-de-juego?post=171333"},{"taxonomy":"superficie","embeddable":true,"href":"https:\/\/revolutionpadelstore.com\/pt-pt\/wp-json\/wp\/v2\/superficie?post=171333"},{"taxonomy":"tipo-de-juego","embeddable":true,"href":"https:\/\/revolutionpadelstore.com\/pt-pt\/wp-json\/wp\/v2\/tipo-de-juego?post=171333"},{"taxonomy":"product_brand","embeddable":true,"href":"https:\/\/revolutionpadelstore.com\/pt-pt\/wp-json\/wp\/v2\/product_brand?post=171333"},{"taxonomy":"product_cat","embeddable":true,"href":"https:\/\/revolutionpadelstore.com\/pt-pt\/wp-json\/wp\/v2\/product_cat?post=171333"},{"taxonomy":"product_tag","embeddable":true,"href":"https:\/\/revolutionpadelstore.com\/pt-pt\/wp-json\/wp\/v2\/product_tag?post=171333"}],"curies":[{"name":"wp","href":"https:\/\/api.w.org\/{rel}","templated":true}]}}