{"id":171253,"date":"2025-02-17T22:26:53","date_gmt":"2025-02-17T21:26:53","guid":{"rendered":"https:\/\/revolutionpadelstore.com\/wilson-accent\/"},"modified":"2026-04-08T07:42:52","modified_gmt":"2026-04-08T05:42:52","slug":"wilson-accent-padel-2-5","status":"publish","type":"product","link":"https:\/\/revolutionpadelstore.com\/pt-pt\/produto\/wilson-accent-padel-2-5\/","title":{"rendered":"WILSON ACCENT PADEL 2"},"content":{"rendered":"<p><H2> Wilson Accent Padel &#8211; Power sem esfor\u00e7o e conforto m\u00e1ximo <\/h2>\n<p>A Fam\u00edlia <strong> Accent <\/strong> \u00e9 uma das mais recentes adi\u00e7\u00f5es \u00e0 cole\u00e7\u00e3o <strong> Wilson Paddle Palas <\/strong>, destacando sua facilidade de gera\u00e7\u00e3o de energia e conforto \u00fanico. Projetado especialmente para jogadores ocasionais, a Sett Padel \u00e9 a op\u00e7\u00e3o ideal para aqueles que buscam um equil\u00edbrio perfeito entre o poder <strong> sem esfor\u00e7o e amortecimento em cada golpe <\/strong>.<br \/>\n<H2> Recursos excelentes do Wilson Accent Padel <\/h2>\n<p>-Poder sem esfor\u00e7o: seu design inovador e sua espuma de eva mole permitem golpes poderosos ao esfor\u00e7o m\u00ednimo.<br \/>\n-P.: Gra\u00e7as \u00e0 sua estrutura e materiais, reduz as vibra\u00e7\u00f5es e melhora a absor\u00e7\u00e3o de impacto.<br \/>\n-E -tear: aumenta a superf\u00edcie de reten\u00e7\u00e3o e expande o ponto doce para maior precis\u00e3o.<br \/>\n-As amplificados: sua face \u00e1spera mais espessa melhora o contato com a bola, aumentando o controle e o amortecimento.<br \/>\n-Sign Concavo revolucion\u00e1rio: expande o ponto doce e aprimora a superf\u00edcie do jogo para obter maior poder em cada golpe.<br \/>\n-Conford Sholtable Doll: Personalize sua p\u00e1 com um cord\u00e3o intercambi\u00e1vel, escolhendo a cor e o cara que voc\u00ea mais gosta.<br \/>\n-Composi\u00e7\u00e3o sustent\u00e1vel: sua tampa de manga com nylon biol\u00f3gico agiplast reduz o uso de materiais em 20%, proporcionando uma abordagem mais ecol\u00f3gica<\/p>\n<p><H2> Por que escolher o Wilson Accent Padel?<br \/>\nSe voc\u00ea est\u00e1 procurando uma p\u00e1 de paddle confort\u00e1vel e poderosa e com um design inovador <\/strong>, o <strong> Accent Padel de Wilson <\/strong> \u00e9 a escolha perfeita. Suas tecnologias avan\u00e7adas oferecem uma combina\u00e7\u00e3o excepcional de <strong> de impacto e estabilidade <\/strong>, ideal para melhorar seu desempenho na pista sem esfor\u00e7o adicional.<\/p>\n<p><strong> Obtenha-o em nossa loja on-line &lt;a href = &quot;https:\/\/chatgpt.com\/g\/675432e026888191b6e6d6f2fdbb15e provavelmente para Melhor pre\u00e7o de mercado! <\/strong><\/p>\n","protected":false},"excerpt":{"rendered":"<p>Wilson Accent Padel: A p\u00e1 para poder confort\u00e1vel e sem esfor\u00e7o<\/p>\n","protected":false},"featured_media":171248,"comment_status":"open","ping_status":"closed","template":"","meta":{"_acf_changed":false,"_joinchat":[]},"acabado":[],"balance":[],"dureza":[1160,1155],"forma":[1185],"jugador":[1190,1200],"marca":[1265],"nivel-de-juego":[1335,1340],"superficie":[1360],"tipo-de-juego":[1385],"product_brand":[],"product_cat":[300],"product_tag":[],"class_list":{"0":"post-171253","1":"product","2":"type-product","3":"status-publish","4":"has-post-thumbnail","6":"dureza-dura-pt-pt","7":"dureza-media-pt-pt","8":"forma-lagrima-pt-pt","9":"jugador-homem","10":"jugador-polivalente-pt-pt","11":"marca-wilson-pt-pt","12":"superficie-rugosa-pt-pt","13":"tipo-de-juego-polivalente-pt-pt","14":"product_cat-palas","16":"first","17":"instock","18":"sale","19":"taxable","20":"shipping-taxable","21":"purchasable","22":"product-type-simple"},"acf":[],"yoast_head":"<!-- This site is optimized with the Yoast SEO plugin v27.4 - https:\/\/yoast.com\/product\/yoast-seo-wordpress\/ -->\n<title>WILSON ACCENT PADEL 2 - Revolution Padel Store<\/title>\n<meta name=\"description\" content=\"Descubre la Wilson Accent Padel, una pala dise\u00f1ada para jugadores ocasionales que buscan potencia sin esfuerzo y m\u00e1xima comodidad. Disponible en Revolution Padel Store.\" \/>\n<meta name=\"robots\" content=\"index, follow, max-snippet:-1, max-image-preview:large, max-video-preview:-1\" \/>\n<link rel=\"canonical\" href=\"https:\/\/revolutionpadelstore.com\/pt-pt\/produto\/wilson-accent-padel-2-5\/\" \/>\n<meta property=\"og:locale\" content=\"pt_PT\" \/>\n<meta property=\"og:type\" content=\"article\" \/>\n<meta property=\"og:title\" content=\"WILSON ACCENT PADEL 2 - Revolution Padel Store\" \/>\n<meta property=\"og:description\" content=\"Descubre la Wilson Accent Padel, una pala dise\u00f1ada para jugadores ocasionales que buscan potencia sin esfuerzo y m\u00e1xima comodidad. Disponible en Revolution Padel Store.\" \/>\n<meta property=\"og:url\" content=\"https:\/\/revolutionpadelstore.com\/pt-pt\/produto\/wilson-accent-padel-2-5\/\" \/>\n<meta property=\"og:site_name\" content=\"Revolution Padel Store\" \/>\n<meta property=\"article:modified_time\" content=\"2026-04-08T05:42:52+00:00\" \/>\n<meta property=\"og:image\" content=\"https:\/\/revolutionpadelstore.com\/wp-content\/uploads\/2025\/02\/FOTO-PALAS-1.png\" \/>\n\t<meta property=\"og:image:width\" content=\"1500\" \/>\n\t<meta property=\"og:image:height\" content=\"1500\" \/>\n\t<meta property=\"og:image:type\" content=\"image\/png\" \/>\n<meta name=\"twitter:card\" content=\"summary_large_image\" \/>\n<meta name=\"twitter:label1\" content=\"Tempo estimado de leitura\" \/>\n\t<meta name=\"twitter:data1\" content=\"2 minutos\" \/>\n<script type=\"application\/ld+json\" class=\"yoast-schema-graph\">{\"@context\":\"https:\\\/\\\/schema.org\",\"@graph\":[{\"@type\":\"WebPage\",\"@id\":\"https:\\\/\\\/revolutionpadelstore.com\\\/pt-pt\\\/produto\\\/wilson-accent-padel-2-5\\\/\",\"url\":\"https:\\\/\\\/revolutionpadelstore.com\\\/pt-pt\\\/produto\\\/wilson-accent-padel-2-5\\\/\",\"name\":\"WILSON ACCENT PADEL 2 - Revolution Padel Store\",\"isPartOf\":{\"@id\":\"https:\\\/\\\/revolutionpadelstore.com\\\/pt-pt\\\/#website\"},\"primaryImageOfPage\":{\"@id\":\"https:\\\/\\\/revolutionpadelstore.com\\\/pt-pt\\\/produto\\\/wilson-accent-padel-2-5\\\/#primaryimage\"},\"image\":{\"@id\":\"https:\\\/\\\/revolutionpadelstore.com\\\/pt-pt\\\/produto\\\/wilson-accent-padel-2-5\\\/#primaryimage\"},\"thumbnailUrl\":\"https:\\\/\\\/revolutionpadelstore.com\\\/wp-content\\\/uploads\\\/2025\\\/02\\\/FOTO-PALAS-1.png\",\"datePublished\":\"2025-02-17T21:26:53+00:00\",\"dateModified\":\"2026-04-08T05:42:52+00:00\",\"description\":\"Descubre la Wilson Accent Padel, una pala dise\u00f1ada para jugadores ocasionales que buscan potencia sin esfuerzo y m\u00e1xima comodidad. Disponible en Revolution Padel Store.\",\"breadcrumb\":{\"@id\":\"https:\\\/\\\/revolutionpadelstore.com\\\/pt-pt\\\/produto\\\/wilson-accent-padel-2-5\\\/#breadcrumb\"},\"inLanguage\":\"pt-PT\",\"potentialAction\":[{\"@type\":\"ReadAction\",\"target\":[\"https:\\\/\\\/revolutionpadelstore.com\\\/pt-pt\\\/produto\\\/wilson-accent-padel-2-5\\\/\"]}]},{\"@type\":\"ImageObject\",\"inLanguage\":\"pt-PT\",\"@id\":\"https:\\\/\\\/revolutionpadelstore.com\\\/pt-pt\\\/produto\\\/wilson-accent-padel-2-5\\\/#primaryimage\",\"url\":\"https:\\\/\\\/revolutionpadelstore.com\\\/wp-content\\\/uploads\\\/2025\\\/02\\\/FOTO-PALAS-1.png\",\"contentUrl\":\"https:\\\/\\\/revolutionpadelstore.com\\\/wp-content\\\/uploads\\\/2025\\\/02\\\/FOTO-PALAS-1.png\",\"width\":1500,\"height\":1500},{\"@type\":\"BreadcrumbList\",\"@id\":\"https:\\\/\\\/revolutionpadelstore.com\\\/pt-pt\\\/produto\\\/wilson-accent-padel-2-5\\\/#breadcrumb\",\"itemListElement\":[{\"@type\":\"ListItem\",\"position\":1,\"name\":\"Portada\",\"item\":\"https:\\\/\\\/revolutionpadelstore.com\\\/pt-pt\\\/\"},{\"@type\":\"ListItem\",\"position\":2,\"name\":\"Tienda\",\"item\":\"https:\\\/\\\/revolutionpadelstore.com\\\/pt-pt\\\/tienda\\\/\"},{\"@type\":\"ListItem\",\"position\":3,\"name\":\"WILSON ACCENT PADEL 2\"}]},{\"@type\":\"WebSite\",\"@id\":\"https:\\\/\\\/revolutionpadelstore.com\\\/pt-pt\\\/#website\",\"url\":\"https:\\\/\\\/revolutionpadelstore.com\\\/pt-pt\\\/\",\"name\":\"Revolution Padel Store\",\"description\":\"\",\"publisher\":{\"@id\":\"https:\\\/\\\/revolutionpadelstore.com\\\/pt-pt\\\/#organization\"},\"potentialAction\":[{\"@type\":\"SearchAction\",\"target\":{\"@type\":\"EntryPoint\",\"urlTemplate\":\"https:\\\/\\\/revolutionpadelstore.com\\\/pt-pt\\\/?s={search_term_string}\"},\"query-input\":{\"@type\":\"PropertyValueSpecification\",\"valueRequired\":true,\"valueName\":\"search_term_string\"}}],\"inLanguage\":\"pt-PT\"},{\"@type\":\"Organization\",\"@id\":\"https:\\\/\\\/revolutionpadelstore.com\\\/pt-pt\\\/#organization\",\"name\":\"Revolution Padel Store\",\"url\":\"https:\\\/\\\/revolutionpadelstore.com\\\/pt-pt\\\/\",\"logo\":{\"@type\":\"ImageObject\",\"inLanguage\":\"pt-PT\",\"@id\":\"https:\\\/\\\/revolutionpadelstore.com\\\/pt-pt\\\/#\\\/schema\\\/logo\\\/image\\\/\",\"url\":\"https:\\\/\\\/revolutionpadelstore.com\\\/wp-content\\\/uploads\\\/2026\\\/02\\\/revolution-padel-store.jpg\",\"contentUrl\":\"https:\\\/\\\/revolutionpadelstore.com\\\/wp-content\\\/uploads\\\/2026\\\/02\\\/revolution-padel-store.jpg\",\"width\":2000,\"height\":2000,\"caption\":\"Revolution Padel Store\"},\"image\":{\"@id\":\"https:\\\/\\\/revolutionpadelstore.com\\\/pt-pt\\\/#\\\/schema\\\/logo\\\/image\\\/\"},\"sameAs\":[\"https:\\\/\\\/www.instagram.com\\\/revolutionpadelstore\\\/\"]}]}<\/script>\n<!-- \/ Yoast SEO plugin. -->","yoast_head_json":{"title":"WILSON ACCENT PADEL 2 - Revolution Padel Store","description":"Descubre la Wilson Accent Padel, una pala dise\u00f1ada para jugadores ocasionales que buscan potencia sin esfuerzo y m\u00e1xima comodidad. Disponible en Revolution Padel Store.","robots":{"index":"index","follow":"follow","max-snippet":"max-snippet:-1","max-image-preview":"max-image-preview:large","max-video-preview":"max-video-preview:-1"},"canonical":"https:\/\/revolutionpadelstore.com\/pt-pt\/produto\/wilson-accent-padel-2-5\/","og_locale":"pt_PT","og_type":"article","og_title":"WILSON ACCENT PADEL 2 - Revolution Padel Store","og_description":"Descubre la Wilson Accent Padel, una pala dise\u00f1ada para jugadores ocasionales que buscan potencia sin esfuerzo y m\u00e1xima comodidad. Disponible en Revolution Padel Store.","og_url":"https:\/\/revolutionpadelstore.com\/pt-pt\/produto\/wilson-accent-padel-2-5\/","og_site_name":"Revolution Padel Store","article_modified_time":"2026-04-08T05:42:52+00:00","og_image":[{"width":1500,"height":1500,"url":"https:\/\/revolutionpadelstore.com\/wp-content\/uploads\/2025\/02\/FOTO-PALAS-1.png","type":"image\/png"}],"twitter_card":"summary_large_image","twitter_misc":{"Tempo estimado de leitura":"2 minutos"},"schema":{"@context":"https:\/\/schema.org","@graph":[{"@type":"WebPage","@id":"https:\/\/revolutionpadelstore.com\/pt-pt\/produto\/wilson-accent-padel-2-5\/","url":"https:\/\/revolutionpadelstore.com\/pt-pt\/produto\/wilson-accent-padel-2-5\/","name":"WILSON ACCENT PADEL 2 - Revolution Padel Store","isPartOf":{"@id":"https:\/\/revolutionpadelstore.com\/pt-pt\/#website"},"primaryImageOfPage":{"@id":"https:\/\/revolutionpadelstore.com\/pt-pt\/produto\/wilson-accent-padel-2-5\/#primaryimage"},"image":{"@id":"https:\/\/revolutionpadelstore.com\/pt-pt\/produto\/wilson-accent-padel-2-5\/#primaryimage"},"thumbnailUrl":"https:\/\/revolutionpadelstore.com\/wp-content\/uploads\/2025\/02\/FOTO-PALAS-1.png","datePublished":"2025-02-17T21:26:53+00:00","dateModified":"2026-04-08T05:42:52+00:00","description":"Descubre la Wilson Accent Padel, una pala dise\u00f1ada para jugadores ocasionales que buscan potencia sin esfuerzo y m\u00e1xima comodidad. Disponible en Revolution Padel Store.","breadcrumb":{"@id":"https:\/\/revolutionpadelstore.com\/pt-pt\/produto\/wilson-accent-padel-2-5\/#breadcrumb"},"inLanguage":"pt-PT","potentialAction":[{"@type":"ReadAction","target":["https:\/\/revolutionpadelstore.com\/pt-pt\/produto\/wilson-accent-padel-2-5\/"]}]},{"@type":"ImageObject","inLanguage":"pt-PT","@id":"https:\/\/revolutionpadelstore.com\/pt-pt\/produto\/wilson-accent-padel-2-5\/#primaryimage","url":"https:\/\/revolutionpadelstore.com\/wp-content\/uploads\/2025\/02\/FOTO-PALAS-1.png","contentUrl":"https:\/\/revolutionpadelstore.com\/wp-content\/uploads\/2025\/02\/FOTO-PALAS-1.png","width":1500,"height":1500},{"@type":"BreadcrumbList","@id":"https:\/\/revolutionpadelstore.com\/pt-pt\/produto\/wilson-accent-padel-2-5\/#breadcrumb","itemListElement":[{"@type":"ListItem","position":1,"name":"Portada","item":"https:\/\/revolutionpadelstore.com\/pt-pt\/"},{"@type":"ListItem","position":2,"name":"Tienda","item":"https:\/\/revolutionpadelstore.com\/pt-pt\/tienda\/"},{"@type":"ListItem","position":3,"name":"WILSON ACCENT PADEL 2"}]},{"@type":"WebSite","@id":"https:\/\/revolutionpadelstore.com\/pt-pt\/#website","url":"https:\/\/revolutionpadelstore.com\/pt-pt\/","name":"Revolution Padel Store","description":"","publisher":{"@id":"https:\/\/revolutionpadelstore.com\/pt-pt\/#organization"},"potentialAction":[{"@type":"SearchAction","target":{"@type":"EntryPoint","urlTemplate":"https:\/\/revolutionpadelstore.com\/pt-pt\/?s={search_term_string}"},"query-input":{"@type":"PropertyValueSpecification","valueRequired":true,"valueName":"search_term_string"}}],"inLanguage":"pt-PT"},{"@type":"Organization","@id":"https:\/\/revolutionpadelstore.com\/pt-pt\/#organization","name":"Revolution Padel Store","url":"https:\/\/revolutionpadelstore.com\/pt-pt\/","logo":{"@type":"ImageObject","inLanguage":"pt-PT","@id":"https:\/\/revolutionpadelstore.com\/pt-pt\/#\/schema\/logo\/image\/","url":"https:\/\/revolutionpadelstore.com\/wp-content\/uploads\/2026\/02\/revolution-padel-store.jpg","contentUrl":"https:\/\/revolutionpadelstore.com\/wp-content\/uploads\/2026\/02\/revolution-padel-store.jpg","width":2000,"height":2000,"caption":"Revolution Padel Store"},"image":{"@id":"https:\/\/revolutionpadelstore.com\/pt-pt\/#\/schema\/logo\/image\/"},"sameAs":["https:\/\/www.instagram.com\/revolutionpadelstore\/"]}]}},"_links":{"self":[{"href":"https:\/\/revolutionpadelstore.com\/pt-pt\/wp-json\/wp\/v2\/product\/171253","targetHints":{"allow":["GET"]}}],"collection":[{"href":"https:\/\/revolutionpadelstore.com\/pt-pt\/wp-json\/wp\/v2\/product"}],"about":[{"href":"https:\/\/revolutionpadelstore.com\/pt-pt\/wp-json\/wp\/v2\/types\/product"}],"replies":[{"embeddable":true,"href":"https:\/\/revolutionpadelstore.com\/pt-pt\/wp-json\/wp\/v2\/comments?post=171253"}],"wp:featuredmedia":[{"embeddable":true,"href":"https:\/\/revolutionpadelstore.com\/pt-pt\/wp-json\/wp\/v2\/media\/171248"}],"wp:attachment":[{"href":"https:\/\/revolutionpadelstore.com\/pt-pt\/wp-json\/wp\/v2\/media?parent=171253"}],"wp:term":[{"taxonomy":"acabado","embeddable":true,"href":"https:\/\/revolutionpadelstore.com\/pt-pt\/wp-json\/wp\/v2\/acabado?post=171253"},{"taxonomy":"balance","embeddable":true,"href":"https:\/\/revolutionpadelstore.com\/pt-pt\/wp-json\/wp\/v2\/balance?post=171253"},{"taxonomy":"dureza","embeddable":true,"href":"https:\/\/revolutionpadelstore.com\/pt-pt\/wp-json\/wp\/v2\/dureza?post=171253"},{"taxonomy":"forma","embeddable":true,"href":"https:\/\/revolutionpadelstore.com\/pt-pt\/wp-json\/wp\/v2\/forma?post=171253"},{"taxonomy":"jugador","embeddable":true,"href":"https:\/\/revolutionpadelstore.com\/pt-pt\/wp-json\/wp\/v2\/jugador?post=171253"},{"taxonomy":"marca","embeddable":true,"href":"https:\/\/revolutionpadelstore.com\/pt-pt\/wp-json\/wp\/v2\/marca?post=171253"},{"taxonomy":"nivel-de-juego","embeddable":true,"href":"https:\/\/revolutionpadelstore.com\/pt-pt\/wp-json\/wp\/v2\/nivel-de-juego?post=171253"},{"taxonomy":"superficie","embeddable":true,"href":"https:\/\/revolutionpadelstore.com\/pt-pt\/wp-json\/wp\/v2\/superficie?post=171253"},{"taxonomy":"tipo-de-juego","embeddable":true,"href":"https:\/\/revolutionpadelstore.com\/pt-pt\/wp-json\/wp\/v2\/tipo-de-juego?post=171253"},{"taxonomy":"product_brand","embeddable":true,"href":"https:\/\/revolutionpadelstore.com\/pt-pt\/wp-json\/wp\/v2\/product_brand?post=171253"},{"taxonomy":"product_cat","embeddable":true,"href":"https:\/\/revolutionpadelstore.com\/pt-pt\/wp-json\/wp\/v2\/product_cat?post=171253"},{"taxonomy":"product_tag","embeddable":true,"href":"https:\/\/revolutionpadelstore.com\/pt-pt\/wp-json\/wp\/v2\/product_tag?post=171253"}],"curies":[{"name":"wp","href":"https:\/\/api.w.org\/{rel}","templated":true}]}}