{"id":17123,"date":"2024-04-22T15:23:21","date_gmt":"2024-04-22T13:23:21","guid":{"rendered":"https:\/\/revolutionpadelstore.com\/zapatillas-bullpadel-ionic-24v-naranja\/"},"modified":"2026-04-08T12:57:49","modified_gmt":"2026-04-08T10:57:49","slug":"zapatillas-bullpadel-ionic-24v-naranja-5","status":"publish","type":"product","link":"https:\/\/revolutionpadelstore.com\/pt-pt\/produto\/zapatillas-bullpadel-ionic-24v-naranja-5\/","title":{"rendered":"Zapatillas Bullpadel Ionic 24V Naranja"},"content":{"rendered":"<p>Na Revolution Padel Store voc\u00ea encontrar\u00e1 os cal\u00e7ados perfeitos para levar seu jogo ao pr\u00f3ximo n\u00edvel: os cal\u00e7ados Bullpadel Ionic 24V Orange. Com design inovador e tecnologia avan\u00e7ada, este modelo \u00e9 o escolhido pelas jovens promessas do padel Alex Arroyo e Javier Leal. A sua sola, com uma combina\u00e7\u00e3o ideal de mobilidade e ader\u00eancia, permitir-lhe-\u00e1 evoluir no seu jogo e proporcionar-lhe-\u00e1 o amortecimento necess\u00e1rio para continuar a melhorar.<\/p>\n<p> Mas n\u00e3o \u00e9 s\u00f3 isso, estes t\u00e9nis t\u00eam caracter\u00edsticas \u00fanicas que os diferenciam no mercado. A tecnologia STITCH INSOLE, com palmilha de borracha EVA e refor\u00e7o t\u00eaxtil, juntamente com a entressola em phylon, proporcionam maior amortecimento e conforto. Al\u00e9m disso, o sistema BPS SYSTEM, com seu estabilizador traseiro, evita tor\u00e7\u00f5es e apoia o p\u00e9 nos apoios laterais.<\/p>\n<p> Com a tecnologia THERMO SEALED, estes t\u00e9nis tornam-se numa luva para os p\u00e9s, gra\u00e7as ao seu design sem costuras que tamb\u00e9m reduz o peso e aumenta a flexibilidade e a resist\u00eancia. E para proteg\u00ea-lo do atrito nas paredes, possuem tecnologia SOLE SHIELD, com maior altura nas laterais e na ponta.<\/p>\n<p> Mas isso n\u00e3o \u00e9 tudo, esses cal\u00e7ados foram pensados \u200b\u200bpara lhe proporcionar uma experi\u00eancia completa em quadra. Com MOVIMENTO LATERAL, canal central que proporciona amortecimento extra no calcanhar e pe\u00e7a de TPU no calcanhar que ajuda a recuperar a forma inicial do phylon. E com FLEX RIFT, canais de borracha livres na sola que permitem \u00f3tima flexibilidade do p\u00e9.<\/p>\n<p> E para ader\u00eancia e passeio ideais, esses sapatos apresentam HYBRID 360, uma combina\u00e7\u00e3o de espinha de peixe e micro tachas na sola. A zona em espinha garante uma ader\u00eancia perfeita, enquanto a zona de micro pinos favorece movimentos laterais e giros.<\/p>\n<p> N\u00e3o espere mais para experimentar os sapatos Bullpadel<\/p>\n","protected":false},"excerpt":{"rendered":"<p>Descubra os inovadores sapatos Bullpadel Ionic 24V Orange na Revolution Padel Store. Design inovador e tecnologia avan\u00e7ada para melhorar seu jogo.<\/p>\n","protected":false},"featured_media":43896,"comment_status":"closed","ping_status":"closed","template":"","meta":{"_acf_changed":false,"_joinchat":[]},"acabado":[],"balance":[],"dureza":[],"forma":[],"jugador":[1190],"marca":[1255],"nivel-de-juego":[1340,1345],"superficie":[],"tipo-de-juego":[1370,1375],"product_brand":[],"product_cat":[401],"product_tag":[],"class_list":{"0":"post-17123","1":"product","2":"type-product","3":"status-publish","4":"has-post-thumbnail","6":"jugador-homem","7":"marca-bullpadel-pt-pt","8":"tipo-de-juego-controle","9":"tipo-de-juego-poder","10":"product_cat-tenis-masculino","12":"first","13":"outofstock","14":"sale","15":"taxable","16":"shipping-taxable","17":"purchasable","18":"product-type-variable"},"acf":[],"yoast_head":"<!-- This site is optimized with the Yoast SEO plugin v27.4 - https:\/\/yoast.com\/product\/yoast-seo-wordpress\/ -->\n<title>Zapatillas Bullpadel Ionic 24V Naranja - Revolution Padel Store<\/title>\n<meta name=\"description\" content=\"Descubre las innovadoras zapatillas Bullpadel Ionic 24V Naranja en Revolution Padel Store. Dise\u00f1o rompedor y tecnolog\u00eda avanzada para mejorar tu juego.\" \/>\n<meta name=\"robots\" content=\"index, follow, max-snippet:-1, max-image-preview:large, max-video-preview:-1\" \/>\n<link rel=\"canonical\" href=\"https:\/\/revolutionpadelstore.com\/pt-pt\/produto\/zapatillas-bullpadel-ionic-24v-naranja-5\/\" \/>\n<meta property=\"og:locale\" content=\"pt_PT\" \/>\n<meta property=\"og:type\" content=\"article\" \/>\n<meta property=\"og:title\" content=\"Zapatillas Bullpadel Ionic 24V Naranja - Revolution Padel Store\" \/>\n<meta property=\"og:description\" content=\"Descubre las innovadoras zapatillas Bullpadel Ionic 24V Naranja en Revolution Padel Store. Dise\u00f1o rompedor y tecnolog\u00eda avanzada para mejorar tu juego.\" \/>\n<meta property=\"og:url\" content=\"https:\/\/revolutionpadelstore.com\/pt-pt\/produto\/zapatillas-bullpadel-ionic-24v-naranja-5\/\" \/>\n<meta property=\"og:site_name\" content=\"Revolution Padel Store\" \/>\n<meta property=\"article:modified_time\" content=\"2026-04-08T10:57:49+00:00\" \/>\n<meta property=\"og:image\" content=\"https:\/\/revolutionpadelstore.com\/wp-content\/uploads\/2024\/04\/18387-0-4.jpg\" \/>\n\t<meta property=\"og:image:width\" content=\"800\" \/>\n\t<meta property=\"og:image:height\" content=\"800\" \/>\n\t<meta property=\"og:image:type\" content=\"image\/png\" \/>\n<meta name=\"twitter:card\" content=\"summary_large_image\" \/>\n<meta name=\"twitter:label1\" content=\"Tempo estimado de leitura\" \/>\n\t<meta name=\"twitter:data1\" content=\"2 minutos\" \/>\n<script type=\"application\/ld+json\" class=\"yoast-schema-graph\">{\"@context\":\"https:\\\/\\\/schema.org\",\"@graph\":[{\"@type\":\"WebPage\",\"@id\":\"https:\\\/\\\/revolutionpadelstore.com\\\/pt-pt\\\/produto\\\/zapatillas-bullpadel-ionic-24v-naranja-5\\\/\",\"url\":\"https:\\\/\\\/revolutionpadelstore.com\\\/pt-pt\\\/produto\\\/zapatillas-bullpadel-ionic-24v-naranja-5\\\/\",\"name\":\"Zapatillas Bullpadel Ionic 24V Naranja - Revolution Padel Store\",\"isPartOf\":{\"@id\":\"https:\\\/\\\/revolutionpadelstore.com\\\/pt-pt\\\/#website\"},\"primaryImageOfPage\":{\"@id\":\"https:\\\/\\\/revolutionpadelstore.com\\\/pt-pt\\\/produto\\\/zapatillas-bullpadel-ionic-24v-naranja-5\\\/#primaryimage\"},\"image\":{\"@id\":\"https:\\\/\\\/revolutionpadelstore.com\\\/pt-pt\\\/produto\\\/zapatillas-bullpadel-ionic-24v-naranja-5\\\/#primaryimage\"},\"thumbnailUrl\":\"https:\\\/\\\/revolutionpadelstore.com\\\/wp-content\\\/uploads\\\/2024\\\/04\\\/18387-0-4.jpg\",\"datePublished\":\"2024-04-22T13:23:21+00:00\",\"dateModified\":\"2026-04-08T10:57:49+00:00\",\"description\":\"Descubre las innovadoras zapatillas Bullpadel Ionic 24V Naranja en Revolution Padel Store. Dise\u00f1o rompedor y tecnolog\u00eda avanzada para mejorar tu juego.\",\"breadcrumb\":{\"@id\":\"https:\\\/\\\/revolutionpadelstore.com\\\/pt-pt\\\/produto\\\/zapatillas-bullpadel-ionic-24v-naranja-5\\\/#breadcrumb\"},\"inLanguage\":\"pt-PT\",\"potentialAction\":[{\"@type\":\"ReadAction\",\"target\":[\"https:\\\/\\\/revolutionpadelstore.com\\\/pt-pt\\\/produto\\\/zapatillas-bullpadel-ionic-24v-naranja-5\\\/\"]}]},{\"@type\":\"ImageObject\",\"inLanguage\":\"pt-PT\",\"@id\":\"https:\\\/\\\/revolutionpadelstore.com\\\/pt-pt\\\/produto\\\/zapatillas-bullpadel-ionic-24v-naranja-5\\\/#primaryimage\",\"url\":\"https:\\\/\\\/revolutionpadelstore.com\\\/wp-content\\\/uploads\\\/2024\\\/04\\\/18387-0-4.jpg\",\"contentUrl\":\"https:\\\/\\\/revolutionpadelstore.com\\\/wp-content\\\/uploads\\\/2024\\\/04\\\/18387-0-4.jpg\",\"width\":800,\"height\":800},{\"@type\":\"BreadcrumbList\",\"@id\":\"https:\\\/\\\/revolutionpadelstore.com\\\/pt-pt\\\/produto\\\/zapatillas-bullpadel-ionic-24v-naranja-5\\\/#breadcrumb\",\"itemListElement\":[{\"@type\":\"ListItem\",\"position\":1,\"name\":\"Portada\",\"item\":\"https:\\\/\\\/revolutionpadelstore.com\\\/pt-pt\\\/\"},{\"@type\":\"ListItem\",\"position\":2,\"name\":\"Tienda\",\"item\":\"https:\\\/\\\/revolutionpadelstore.com\\\/pt-pt\\\/tienda\\\/\"},{\"@type\":\"ListItem\",\"position\":3,\"name\":\"Zapatillas Bullpadel Ionic 24V Naranja\"}]},{\"@type\":\"WebSite\",\"@id\":\"https:\\\/\\\/revolutionpadelstore.com\\\/pt-pt\\\/#website\",\"url\":\"https:\\\/\\\/revolutionpadelstore.com\\\/pt-pt\\\/\",\"name\":\"Revolution Padel Store\",\"description\":\"\",\"publisher\":{\"@id\":\"https:\\\/\\\/revolutionpadelstore.com\\\/pt-pt\\\/#organization\"},\"potentialAction\":[{\"@type\":\"SearchAction\",\"target\":{\"@type\":\"EntryPoint\",\"urlTemplate\":\"https:\\\/\\\/revolutionpadelstore.com\\\/pt-pt\\\/?s={search_term_string}\"},\"query-input\":{\"@type\":\"PropertyValueSpecification\",\"valueRequired\":true,\"valueName\":\"search_term_string\"}}],\"inLanguage\":\"pt-PT\"},{\"@type\":\"Organization\",\"@id\":\"https:\\\/\\\/revolutionpadelstore.com\\\/pt-pt\\\/#organization\",\"name\":\"Revolution Padel Store\",\"url\":\"https:\\\/\\\/revolutionpadelstore.com\\\/pt-pt\\\/\",\"logo\":{\"@type\":\"ImageObject\",\"inLanguage\":\"pt-PT\",\"@id\":\"https:\\\/\\\/revolutionpadelstore.com\\\/pt-pt\\\/#\\\/schema\\\/logo\\\/image\\\/\",\"url\":\"https:\\\/\\\/revolutionpadelstore.com\\\/wp-content\\\/uploads\\\/2026\\\/02\\\/revolution-padel-store.jpg\",\"contentUrl\":\"https:\\\/\\\/revolutionpadelstore.com\\\/wp-content\\\/uploads\\\/2026\\\/02\\\/revolution-padel-store.jpg\",\"width\":2000,\"height\":2000,\"caption\":\"Revolution Padel Store\"},\"image\":{\"@id\":\"https:\\\/\\\/revolutionpadelstore.com\\\/pt-pt\\\/#\\\/schema\\\/logo\\\/image\\\/\"},\"sameAs\":[\"https:\\\/\\\/www.instagram.com\\\/revolutionpadelstore\\\/\"]}]}<\/script>\n<!-- \/ Yoast SEO plugin. -->","yoast_head_json":{"title":"Zapatillas Bullpadel Ionic 24V Naranja - Revolution Padel Store","description":"Descubre las innovadoras zapatillas Bullpadel Ionic 24V Naranja en Revolution Padel Store. Dise\u00f1o rompedor y tecnolog\u00eda avanzada para mejorar tu juego.","robots":{"index":"index","follow":"follow","max-snippet":"max-snippet:-1","max-image-preview":"max-image-preview:large","max-video-preview":"max-video-preview:-1"},"canonical":"https:\/\/revolutionpadelstore.com\/pt-pt\/produto\/zapatillas-bullpadel-ionic-24v-naranja-5\/","og_locale":"pt_PT","og_type":"article","og_title":"Zapatillas Bullpadel Ionic 24V Naranja - Revolution Padel Store","og_description":"Descubre las innovadoras zapatillas Bullpadel Ionic 24V Naranja en Revolution Padel Store. Dise\u00f1o rompedor y tecnolog\u00eda avanzada para mejorar tu juego.","og_url":"https:\/\/revolutionpadelstore.com\/pt-pt\/produto\/zapatillas-bullpadel-ionic-24v-naranja-5\/","og_site_name":"Revolution Padel Store","article_modified_time":"2026-04-08T10:57:49+00:00","og_image":[{"width":800,"height":800,"url":"https:\/\/revolutionpadelstore.com\/wp-content\/uploads\/2024\/04\/18387-0-4.jpg","type":"image\/png"}],"twitter_card":"summary_large_image","twitter_misc":{"Tempo estimado de leitura":"2 minutos"},"schema":{"@context":"https:\/\/schema.org","@graph":[{"@type":"WebPage","@id":"https:\/\/revolutionpadelstore.com\/pt-pt\/produto\/zapatillas-bullpadel-ionic-24v-naranja-5\/","url":"https:\/\/revolutionpadelstore.com\/pt-pt\/produto\/zapatillas-bullpadel-ionic-24v-naranja-5\/","name":"Zapatillas Bullpadel Ionic 24V Naranja - Revolution Padel Store","isPartOf":{"@id":"https:\/\/revolutionpadelstore.com\/pt-pt\/#website"},"primaryImageOfPage":{"@id":"https:\/\/revolutionpadelstore.com\/pt-pt\/produto\/zapatillas-bullpadel-ionic-24v-naranja-5\/#primaryimage"},"image":{"@id":"https:\/\/revolutionpadelstore.com\/pt-pt\/produto\/zapatillas-bullpadel-ionic-24v-naranja-5\/#primaryimage"},"thumbnailUrl":"https:\/\/revolutionpadelstore.com\/wp-content\/uploads\/2024\/04\/18387-0-4.jpg","datePublished":"2024-04-22T13:23:21+00:00","dateModified":"2026-04-08T10:57:49+00:00","description":"Descubre las innovadoras zapatillas Bullpadel Ionic 24V Naranja en Revolution Padel Store. Dise\u00f1o rompedor y tecnolog\u00eda avanzada para mejorar tu juego.","breadcrumb":{"@id":"https:\/\/revolutionpadelstore.com\/pt-pt\/produto\/zapatillas-bullpadel-ionic-24v-naranja-5\/#breadcrumb"},"inLanguage":"pt-PT","potentialAction":[{"@type":"ReadAction","target":["https:\/\/revolutionpadelstore.com\/pt-pt\/produto\/zapatillas-bullpadel-ionic-24v-naranja-5\/"]}]},{"@type":"ImageObject","inLanguage":"pt-PT","@id":"https:\/\/revolutionpadelstore.com\/pt-pt\/produto\/zapatillas-bullpadel-ionic-24v-naranja-5\/#primaryimage","url":"https:\/\/revolutionpadelstore.com\/wp-content\/uploads\/2024\/04\/18387-0-4.jpg","contentUrl":"https:\/\/revolutionpadelstore.com\/wp-content\/uploads\/2024\/04\/18387-0-4.jpg","width":800,"height":800},{"@type":"BreadcrumbList","@id":"https:\/\/revolutionpadelstore.com\/pt-pt\/produto\/zapatillas-bullpadel-ionic-24v-naranja-5\/#breadcrumb","itemListElement":[{"@type":"ListItem","position":1,"name":"Portada","item":"https:\/\/revolutionpadelstore.com\/pt-pt\/"},{"@type":"ListItem","position":2,"name":"Tienda","item":"https:\/\/revolutionpadelstore.com\/pt-pt\/tienda\/"},{"@type":"ListItem","position":3,"name":"Zapatillas Bullpadel Ionic 24V Naranja"}]},{"@type":"WebSite","@id":"https:\/\/revolutionpadelstore.com\/pt-pt\/#website","url":"https:\/\/revolutionpadelstore.com\/pt-pt\/","name":"Revolution Padel Store","description":"","publisher":{"@id":"https:\/\/revolutionpadelstore.com\/pt-pt\/#organization"},"potentialAction":[{"@type":"SearchAction","target":{"@type":"EntryPoint","urlTemplate":"https:\/\/revolutionpadelstore.com\/pt-pt\/?s={search_term_string}"},"query-input":{"@type":"PropertyValueSpecification","valueRequired":true,"valueName":"search_term_string"}}],"inLanguage":"pt-PT"},{"@type":"Organization","@id":"https:\/\/revolutionpadelstore.com\/pt-pt\/#organization","name":"Revolution Padel Store","url":"https:\/\/revolutionpadelstore.com\/pt-pt\/","logo":{"@type":"ImageObject","inLanguage":"pt-PT","@id":"https:\/\/revolutionpadelstore.com\/pt-pt\/#\/schema\/logo\/image\/","url":"https:\/\/revolutionpadelstore.com\/wp-content\/uploads\/2026\/02\/revolution-padel-store.jpg","contentUrl":"https:\/\/revolutionpadelstore.com\/wp-content\/uploads\/2026\/02\/revolution-padel-store.jpg","width":2000,"height":2000,"caption":"Revolution Padel Store"},"image":{"@id":"https:\/\/revolutionpadelstore.com\/pt-pt\/#\/schema\/logo\/image\/"},"sameAs":["https:\/\/www.instagram.com\/revolutionpadelstore\/"]}]}},"_links":{"self":[{"href":"https:\/\/revolutionpadelstore.com\/pt-pt\/wp-json\/wp\/v2\/product\/17123","targetHints":{"allow":["GET"]}}],"collection":[{"href":"https:\/\/revolutionpadelstore.com\/pt-pt\/wp-json\/wp\/v2\/product"}],"about":[{"href":"https:\/\/revolutionpadelstore.com\/pt-pt\/wp-json\/wp\/v2\/types\/product"}],"replies":[{"embeddable":true,"href":"https:\/\/revolutionpadelstore.com\/pt-pt\/wp-json\/wp\/v2\/comments?post=17123"}],"wp:featuredmedia":[{"embeddable":true,"href":"https:\/\/revolutionpadelstore.com\/pt-pt\/wp-json\/wp\/v2\/media\/43896"}],"wp:attachment":[{"href":"https:\/\/revolutionpadelstore.com\/pt-pt\/wp-json\/wp\/v2\/media?parent=17123"}],"wp:term":[{"taxonomy":"acabado","embeddable":true,"href":"https:\/\/revolutionpadelstore.com\/pt-pt\/wp-json\/wp\/v2\/acabado?post=17123"},{"taxonomy":"balance","embeddable":true,"href":"https:\/\/revolutionpadelstore.com\/pt-pt\/wp-json\/wp\/v2\/balance?post=17123"},{"taxonomy":"dureza","embeddable":true,"href":"https:\/\/revolutionpadelstore.com\/pt-pt\/wp-json\/wp\/v2\/dureza?post=17123"},{"taxonomy":"forma","embeddable":true,"href":"https:\/\/revolutionpadelstore.com\/pt-pt\/wp-json\/wp\/v2\/forma?post=17123"},{"taxonomy":"jugador","embeddable":true,"href":"https:\/\/revolutionpadelstore.com\/pt-pt\/wp-json\/wp\/v2\/jugador?post=17123"},{"taxonomy":"marca","embeddable":true,"href":"https:\/\/revolutionpadelstore.com\/pt-pt\/wp-json\/wp\/v2\/marca?post=17123"},{"taxonomy":"nivel-de-juego","embeddable":true,"href":"https:\/\/revolutionpadelstore.com\/pt-pt\/wp-json\/wp\/v2\/nivel-de-juego?post=17123"},{"taxonomy":"superficie","embeddable":true,"href":"https:\/\/revolutionpadelstore.com\/pt-pt\/wp-json\/wp\/v2\/superficie?post=17123"},{"taxonomy":"tipo-de-juego","embeddable":true,"href":"https:\/\/revolutionpadelstore.com\/pt-pt\/wp-json\/wp\/v2\/tipo-de-juego?post=17123"},{"taxonomy":"product_brand","embeddable":true,"href":"https:\/\/revolutionpadelstore.com\/pt-pt\/wp-json\/wp\/v2\/product_brand?post=17123"},{"taxonomy":"product_cat","embeddable":true,"href":"https:\/\/revolutionpadelstore.com\/pt-pt\/wp-json\/wp\/v2\/product_cat?post=17123"},{"taxonomy":"product_tag","embeddable":true,"href":"https:\/\/revolutionpadelstore.com\/pt-pt\/wp-json\/wp\/v2\/product_tag?post=17123"}],"curies":[{"name":"wp","href":"https:\/\/api.w.org\/{rel}","templated":true}]}}