{"id":171083,"date":"2025-02-16T20:58:45","date_gmt":"2025-02-16T19:58:45","guid":{"rendered":"https:\/\/revolutionpadelstore.com\/bullpadel-hack-vibram-25v-gris\/"},"modified":"2026-04-08T07:46:56","modified_gmt":"2026-04-08T05:46:56","slug":"bullpadel-hack-vibram-25v-gris-5","status":"publish","type":"product","link":"https:\/\/revolutionpadelstore.com\/pt-pt\/produto\/bullpadel-hack-vibram-25v-gris-5\/","title":{"rendered":"BULLPADEL HACK VIBRAM 25V GRIS"},"content":{"rendered":"<p><H2> bullpadel hack vibram 25v cinza claro &#8211; tra\u00e7\u00e3o m\u00e1xima e estabilidade na pista <\/h2>\n<p>O <strong> bullpadel hack vibram 25v cinza claro <\/strong> s\u00e3o sapatos de paddle projetados para os jogadores mais exigentes, combinando tecnologia avan\u00e7ada com um design exclusivo. Este modelo, parte da cole\u00e7\u00e3o oficial de <strong> paquito Navarro para 2025 <\/strong>, destaca -se por sua sola de <strong> hybrid vibram <\/strong>, que oferece uma ader\u00eancia excepcional sem comprometer a fluidez dos movimentos.<\/p>\n<p>Gra\u00e7as \u00e0 sua constru\u00e7\u00e3o com materiais de alta qualidade e tecnologia inovadora, esses sapatos garantem uma resist\u00eancia superior ao desgaste e conforto \u00fanico.<br \/>\n<H2> <strong> caracter\u00edsticas proeminentes: <\/strong> <\/h2>\n<p>-sola vibram h\u00edbrida: fornece tra\u00e7\u00e3o ideal em todos os tipos de superf\u00edcies.<br \/>\n-Prote\u00e7\u00e3o ensinada: refor\u00e7o extra no dedo do p\u00e9 para evitar o desgaste da abras\u00e3o.<br \/>\n-Catapult System: aprimora os deslocamentos din\u00e2micos com um impulso extra.<br \/>\n-Mediasuela 2dens: amortecimento excepcional para maior conforto e estabilidade.<br \/>\n-Pro traseiro: maior apoio e seguran\u00e7a em cada movimento.<br \/>\n-Teathmeh Tecnical Tissue: Respirabilidade melhorada para manter os p\u00e9s frescos.<br \/>\n-Ort\u00f3lito da plantilla: ajuste ergon\u00f4mico e conforto superior em cada pegada.<\/p>\n<p><H2> <strong> aprimora seu jogo com a melhor estabilidade e conforto <\/strong> <\/h2>\n<p>Se voc\u00ea est\u00e1 procurando alguns t\u00eanis <strong> paddle para homens <\/strong> que permitem que voc\u00ea jogue com seguran\u00e7a e confian\u00e7a, o <strong> bullpadel hack vibram 25V <\/strong> \u00e9 a escolha perfeita. Projetado para fornecer o melhor equil\u00edbrio entre ader\u00eancia, resist\u00eancia e conforto, esses sapatos levar\u00e3o seu desempenho ao pr\u00f3ximo n\u00edvel.<\/p>\n<p><strong> agora consignar em nossa loja on -line &lt;a href = &quot;https:\/\/chatgpt.com\/g\/g-675432e02688191b6ee6d6f2fdbb15e-timization-textos\/c\/www.revoldelstore.com&quot; Mercado<\/p>\n<h2>Bullpadel Hack Vibram 25V Gris Claro \u2013 M\u00e1xima tracci\u00f3n y estabilidad en la pista<\/h2>\n","protected":false},"excerpt":{"rendered":"<p>O bullpadel hack vibram 25v s\u00e3o sapatos de alto desempenho projetados para jogadores exigentes. Eles t\u00eam uma sola h\u00edbrida, ensinando refor\u00e7o para maior prote\u00e7\u00e3o e um ajuste respir\u00e1vel que proporciona conforto e resist\u00eancia em cada parte.<\/p>\n","protected":false},"featured_media":170939,"comment_status":"open","ping_status":"closed","template":"","meta":{"_acf_changed":false,"_joinchat":[]},"acabado":[],"balance":[],"dureza":[],"forma":[],"jugador":[1190],"marca":[1255],"nivel-de-juego":[],"superficie":[],"tipo-de-juego":[],"product_brand":[],"product_cat":[833],"product_tag":[],"class_list":{"0":"post-171083","1":"product","2":"type-product","3":"status-publish","4":"has-post-thumbnail","6":"jugador-homem","7":"marca-bullpadel-pt-pt","8":"product_cat-tenis","10":"first","11":"outofstock","12":"sale","13":"taxable","14":"shipping-taxable","15":"purchasable","16":"product-type-variable"},"acf":[],"yoast_head":"<!-- This site is optimized with the Yoast SEO plugin v27.4 - https:\/\/yoast.com\/product\/yoast-seo-wordpress\/ -->\n<title>BULLPADEL HACK VIBRAM 25V GRIS - Revolution Padel Store<\/title>\n<meta name=\"description\" content=\"Compra las Bullpadel Hack Vibram 25V Gris Claro, las zapatillas de p\u00e1del de Paquito Navarro con suela Vibram h\u00edbrida, m\u00e1xima tracci\u00f3n y comodidad. \u00a1Env\u00edo r\u00e1pido en Revolution Padel Store!\" \/>\n<meta name=\"robots\" content=\"index, follow, max-snippet:-1, max-image-preview:large, max-video-preview:-1\" \/>\n<link rel=\"canonical\" href=\"https:\/\/revolutionpadelstore.com\/pt-pt\/produto\/bullpadel-hack-vibram-25v-gris-5\/\" \/>\n<meta property=\"og:locale\" content=\"pt_PT\" \/>\n<meta property=\"og:type\" content=\"article\" \/>\n<meta property=\"og:title\" content=\"BULLPADEL HACK VIBRAM 25V GRIS - Revolution Padel Store\" \/>\n<meta property=\"og:description\" content=\"Compra las Bullpadel Hack Vibram 25V Gris Claro, las zapatillas de p\u00e1del de Paquito Navarro con suela Vibram h\u00edbrida, m\u00e1xima tracci\u00f3n y comodidad. \u00a1Env\u00edo r\u00e1pido en Revolution Padel Store!\" \/>\n<meta property=\"og:url\" content=\"https:\/\/revolutionpadelstore.com\/pt-pt\/produto\/bullpadel-hack-vibram-25v-gris-5\/\" \/>\n<meta property=\"og:site_name\" content=\"Revolution Padel Store\" \/>\n<meta property=\"article:modified_time\" content=\"2026-04-08T05:46:56+00:00\" \/>\n<meta property=\"og:image\" content=\"https:\/\/revolutionpadelstore.com\/wp-content\/uploads\/2025\/02\/114319-zapatillas-bullpadel-hack-vibram-25v-cm49002000-gris-claro-1200x1200-1.webp\" \/>\n\t<meta property=\"og:image:width\" content=\"1200\" \/>\n\t<meta property=\"og:image:height\" content=\"1200\" \/>\n\t<meta property=\"og:image:type\" content=\"image\/webp\" \/>\n<meta name=\"twitter:card\" content=\"summary_large_image\" \/>\n<meta name=\"twitter:label1\" content=\"Tempo estimado de leitura\" \/>\n\t<meta name=\"twitter:data1\" content=\"2 minutos\" \/>\n<script type=\"application\/ld+json\" class=\"yoast-schema-graph\">{\"@context\":\"https:\\\/\\\/schema.org\",\"@graph\":[{\"@type\":\"WebPage\",\"@id\":\"https:\\\/\\\/revolutionpadelstore.com\\\/pt-pt\\\/produto\\\/bullpadel-hack-vibram-25v-gris-5\\\/\",\"url\":\"https:\\\/\\\/revolutionpadelstore.com\\\/pt-pt\\\/produto\\\/bullpadel-hack-vibram-25v-gris-5\\\/\",\"name\":\"BULLPADEL HACK VIBRAM 25V GRIS - Revolution Padel Store\",\"isPartOf\":{\"@id\":\"https:\\\/\\\/revolutionpadelstore.com\\\/pt-pt\\\/#website\"},\"primaryImageOfPage\":{\"@id\":\"https:\\\/\\\/revolutionpadelstore.com\\\/pt-pt\\\/produto\\\/bullpadel-hack-vibram-25v-gris-5\\\/#primaryimage\"},\"image\":{\"@id\":\"https:\\\/\\\/revolutionpadelstore.com\\\/pt-pt\\\/produto\\\/bullpadel-hack-vibram-25v-gris-5\\\/#primaryimage\"},\"thumbnailUrl\":\"https:\\\/\\\/revolutionpadelstore.com\\\/wp-content\\\/uploads\\\/2025\\\/02\\\/114319-zapatillas-bullpadel-hack-vibram-25v-cm49002000-gris-claro-1200x1200-1.webp\",\"datePublished\":\"2025-02-16T19:58:45+00:00\",\"dateModified\":\"2026-04-08T05:46:56+00:00\",\"description\":\"Compra las Bullpadel Hack Vibram 25V Gris Claro, las zapatillas de p\u00e1del de Paquito Navarro con suela Vibram h\u00edbrida, m\u00e1xima tracci\u00f3n y comodidad. \u00a1Env\u00edo r\u00e1pido en Revolution Padel Store!\",\"breadcrumb\":{\"@id\":\"https:\\\/\\\/revolutionpadelstore.com\\\/pt-pt\\\/produto\\\/bullpadel-hack-vibram-25v-gris-5\\\/#breadcrumb\"},\"inLanguage\":\"pt-PT\",\"potentialAction\":[{\"@type\":\"ReadAction\",\"target\":[\"https:\\\/\\\/revolutionpadelstore.com\\\/pt-pt\\\/produto\\\/bullpadel-hack-vibram-25v-gris-5\\\/\"]}]},{\"@type\":\"ImageObject\",\"inLanguage\":\"pt-PT\",\"@id\":\"https:\\\/\\\/revolutionpadelstore.com\\\/pt-pt\\\/produto\\\/bullpadel-hack-vibram-25v-gris-5\\\/#primaryimage\",\"url\":\"https:\\\/\\\/revolutionpadelstore.com\\\/wp-content\\\/uploads\\\/2025\\\/02\\\/114319-zapatillas-bullpadel-hack-vibram-25v-cm49002000-gris-claro-1200x1200-1.webp\",\"contentUrl\":\"https:\\\/\\\/revolutionpadelstore.com\\\/wp-content\\\/uploads\\\/2025\\\/02\\\/114319-zapatillas-bullpadel-hack-vibram-25v-cm49002000-gris-claro-1200x1200-1.webp\",\"width\":1200,\"height\":1200},{\"@type\":\"BreadcrumbList\",\"@id\":\"https:\\\/\\\/revolutionpadelstore.com\\\/pt-pt\\\/produto\\\/bullpadel-hack-vibram-25v-gris-5\\\/#breadcrumb\",\"itemListElement\":[{\"@type\":\"ListItem\",\"position\":1,\"name\":\"Portada\",\"item\":\"https:\\\/\\\/revolutionpadelstore.com\\\/pt-pt\\\/\"},{\"@type\":\"ListItem\",\"position\":2,\"name\":\"Tienda\",\"item\":\"https:\\\/\\\/revolutionpadelstore.com\\\/pt-pt\\\/tienda\\\/\"},{\"@type\":\"ListItem\",\"position\":3,\"name\":\"BULLPADEL HACK VIBRAM 25V GRIS\"}]},{\"@type\":\"WebSite\",\"@id\":\"https:\\\/\\\/revolutionpadelstore.com\\\/pt-pt\\\/#website\",\"url\":\"https:\\\/\\\/revolutionpadelstore.com\\\/pt-pt\\\/\",\"name\":\"Revolution Padel Store\",\"description\":\"\",\"publisher\":{\"@id\":\"https:\\\/\\\/revolutionpadelstore.com\\\/pt-pt\\\/#organization\"},\"potentialAction\":[{\"@type\":\"SearchAction\",\"target\":{\"@type\":\"EntryPoint\",\"urlTemplate\":\"https:\\\/\\\/revolutionpadelstore.com\\\/pt-pt\\\/?s={search_term_string}\"},\"query-input\":{\"@type\":\"PropertyValueSpecification\",\"valueRequired\":true,\"valueName\":\"search_term_string\"}}],\"inLanguage\":\"pt-PT\"},{\"@type\":\"Organization\",\"@id\":\"https:\\\/\\\/revolutionpadelstore.com\\\/pt-pt\\\/#organization\",\"name\":\"Revolution Padel Store\",\"url\":\"https:\\\/\\\/revolutionpadelstore.com\\\/pt-pt\\\/\",\"logo\":{\"@type\":\"ImageObject\",\"inLanguage\":\"pt-PT\",\"@id\":\"https:\\\/\\\/revolutionpadelstore.com\\\/pt-pt\\\/#\\\/schema\\\/logo\\\/image\\\/\",\"url\":\"https:\\\/\\\/revolutionpadelstore.com\\\/wp-content\\\/uploads\\\/2026\\\/02\\\/revolution-padel-store.jpg\",\"contentUrl\":\"https:\\\/\\\/revolutionpadelstore.com\\\/wp-content\\\/uploads\\\/2026\\\/02\\\/revolution-padel-store.jpg\",\"width\":2000,\"height\":2000,\"caption\":\"Revolution Padel Store\"},\"image\":{\"@id\":\"https:\\\/\\\/revolutionpadelstore.com\\\/pt-pt\\\/#\\\/schema\\\/logo\\\/image\\\/\"},\"sameAs\":[\"https:\\\/\\\/www.instagram.com\\\/revolutionpadelstore\\\/\"]}]}<\/script>\n<!-- \/ Yoast SEO plugin. -->","yoast_head_json":{"title":"BULLPADEL HACK VIBRAM 25V GRIS - Revolution Padel Store","description":"Compra las Bullpadel Hack Vibram 25V Gris Claro, las zapatillas de p\u00e1del de Paquito Navarro con suela Vibram h\u00edbrida, m\u00e1xima tracci\u00f3n y comodidad. \u00a1Env\u00edo r\u00e1pido en Revolution Padel Store!","robots":{"index":"index","follow":"follow","max-snippet":"max-snippet:-1","max-image-preview":"max-image-preview:large","max-video-preview":"max-video-preview:-1"},"canonical":"https:\/\/revolutionpadelstore.com\/pt-pt\/produto\/bullpadel-hack-vibram-25v-gris-5\/","og_locale":"pt_PT","og_type":"article","og_title":"BULLPADEL HACK VIBRAM 25V GRIS - Revolution Padel Store","og_description":"Compra las Bullpadel Hack Vibram 25V Gris Claro, las zapatillas de p\u00e1del de Paquito Navarro con suela Vibram h\u00edbrida, m\u00e1xima tracci\u00f3n y comodidad. \u00a1Env\u00edo r\u00e1pido en Revolution Padel Store!","og_url":"https:\/\/revolutionpadelstore.com\/pt-pt\/produto\/bullpadel-hack-vibram-25v-gris-5\/","og_site_name":"Revolution Padel Store","article_modified_time":"2026-04-08T05:46:56+00:00","og_image":[{"width":1200,"height":1200,"url":"https:\/\/revolutionpadelstore.com\/wp-content\/uploads\/2025\/02\/114319-zapatillas-bullpadel-hack-vibram-25v-cm49002000-gris-claro-1200x1200-1.webp","type":"image\/webp"}],"twitter_card":"summary_large_image","twitter_misc":{"Tempo estimado de leitura":"2 minutos"},"schema":{"@context":"https:\/\/schema.org","@graph":[{"@type":"WebPage","@id":"https:\/\/revolutionpadelstore.com\/pt-pt\/produto\/bullpadel-hack-vibram-25v-gris-5\/","url":"https:\/\/revolutionpadelstore.com\/pt-pt\/produto\/bullpadel-hack-vibram-25v-gris-5\/","name":"BULLPADEL HACK VIBRAM 25V GRIS - Revolution Padel Store","isPartOf":{"@id":"https:\/\/revolutionpadelstore.com\/pt-pt\/#website"},"primaryImageOfPage":{"@id":"https:\/\/revolutionpadelstore.com\/pt-pt\/produto\/bullpadel-hack-vibram-25v-gris-5\/#primaryimage"},"image":{"@id":"https:\/\/revolutionpadelstore.com\/pt-pt\/produto\/bullpadel-hack-vibram-25v-gris-5\/#primaryimage"},"thumbnailUrl":"https:\/\/revolutionpadelstore.com\/wp-content\/uploads\/2025\/02\/114319-zapatillas-bullpadel-hack-vibram-25v-cm49002000-gris-claro-1200x1200-1.webp","datePublished":"2025-02-16T19:58:45+00:00","dateModified":"2026-04-08T05:46:56+00:00","description":"Compra las Bullpadel Hack Vibram 25V Gris Claro, las zapatillas de p\u00e1del de Paquito Navarro con suela Vibram h\u00edbrida, m\u00e1xima tracci\u00f3n y comodidad. \u00a1Env\u00edo r\u00e1pido en Revolution Padel Store!","breadcrumb":{"@id":"https:\/\/revolutionpadelstore.com\/pt-pt\/produto\/bullpadel-hack-vibram-25v-gris-5\/#breadcrumb"},"inLanguage":"pt-PT","potentialAction":[{"@type":"ReadAction","target":["https:\/\/revolutionpadelstore.com\/pt-pt\/produto\/bullpadel-hack-vibram-25v-gris-5\/"]}]},{"@type":"ImageObject","inLanguage":"pt-PT","@id":"https:\/\/revolutionpadelstore.com\/pt-pt\/produto\/bullpadel-hack-vibram-25v-gris-5\/#primaryimage","url":"https:\/\/revolutionpadelstore.com\/wp-content\/uploads\/2025\/02\/114319-zapatillas-bullpadel-hack-vibram-25v-cm49002000-gris-claro-1200x1200-1.webp","contentUrl":"https:\/\/revolutionpadelstore.com\/wp-content\/uploads\/2025\/02\/114319-zapatillas-bullpadel-hack-vibram-25v-cm49002000-gris-claro-1200x1200-1.webp","width":1200,"height":1200},{"@type":"BreadcrumbList","@id":"https:\/\/revolutionpadelstore.com\/pt-pt\/produto\/bullpadel-hack-vibram-25v-gris-5\/#breadcrumb","itemListElement":[{"@type":"ListItem","position":1,"name":"Portada","item":"https:\/\/revolutionpadelstore.com\/pt-pt\/"},{"@type":"ListItem","position":2,"name":"Tienda","item":"https:\/\/revolutionpadelstore.com\/pt-pt\/tienda\/"},{"@type":"ListItem","position":3,"name":"BULLPADEL HACK VIBRAM 25V GRIS"}]},{"@type":"WebSite","@id":"https:\/\/revolutionpadelstore.com\/pt-pt\/#website","url":"https:\/\/revolutionpadelstore.com\/pt-pt\/","name":"Revolution Padel Store","description":"","publisher":{"@id":"https:\/\/revolutionpadelstore.com\/pt-pt\/#organization"},"potentialAction":[{"@type":"SearchAction","target":{"@type":"EntryPoint","urlTemplate":"https:\/\/revolutionpadelstore.com\/pt-pt\/?s={search_term_string}"},"query-input":{"@type":"PropertyValueSpecification","valueRequired":true,"valueName":"search_term_string"}}],"inLanguage":"pt-PT"},{"@type":"Organization","@id":"https:\/\/revolutionpadelstore.com\/pt-pt\/#organization","name":"Revolution Padel Store","url":"https:\/\/revolutionpadelstore.com\/pt-pt\/","logo":{"@type":"ImageObject","inLanguage":"pt-PT","@id":"https:\/\/revolutionpadelstore.com\/pt-pt\/#\/schema\/logo\/image\/","url":"https:\/\/revolutionpadelstore.com\/wp-content\/uploads\/2026\/02\/revolution-padel-store.jpg","contentUrl":"https:\/\/revolutionpadelstore.com\/wp-content\/uploads\/2026\/02\/revolution-padel-store.jpg","width":2000,"height":2000,"caption":"Revolution Padel Store"},"image":{"@id":"https:\/\/revolutionpadelstore.com\/pt-pt\/#\/schema\/logo\/image\/"},"sameAs":["https:\/\/www.instagram.com\/revolutionpadelstore\/"]}]}},"_links":{"self":[{"href":"https:\/\/revolutionpadelstore.com\/pt-pt\/wp-json\/wp\/v2\/product\/171083","targetHints":{"allow":["GET"]}}],"collection":[{"href":"https:\/\/revolutionpadelstore.com\/pt-pt\/wp-json\/wp\/v2\/product"}],"about":[{"href":"https:\/\/revolutionpadelstore.com\/pt-pt\/wp-json\/wp\/v2\/types\/product"}],"replies":[{"embeddable":true,"href":"https:\/\/revolutionpadelstore.com\/pt-pt\/wp-json\/wp\/v2\/comments?post=171083"}],"wp:featuredmedia":[{"embeddable":true,"href":"https:\/\/revolutionpadelstore.com\/pt-pt\/wp-json\/wp\/v2\/media\/170939"}],"wp:attachment":[{"href":"https:\/\/revolutionpadelstore.com\/pt-pt\/wp-json\/wp\/v2\/media?parent=171083"}],"wp:term":[{"taxonomy":"acabado","embeddable":true,"href":"https:\/\/revolutionpadelstore.com\/pt-pt\/wp-json\/wp\/v2\/acabado?post=171083"},{"taxonomy":"balance","embeddable":true,"href":"https:\/\/revolutionpadelstore.com\/pt-pt\/wp-json\/wp\/v2\/balance?post=171083"},{"taxonomy":"dureza","embeddable":true,"href":"https:\/\/revolutionpadelstore.com\/pt-pt\/wp-json\/wp\/v2\/dureza?post=171083"},{"taxonomy":"forma","embeddable":true,"href":"https:\/\/revolutionpadelstore.com\/pt-pt\/wp-json\/wp\/v2\/forma?post=171083"},{"taxonomy":"jugador","embeddable":true,"href":"https:\/\/revolutionpadelstore.com\/pt-pt\/wp-json\/wp\/v2\/jugador?post=171083"},{"taxonomy":"marca","embeddable":true,"href":"https:\/\/revolutionpadelstore.com\/pt-pt\/wp-json\/wp\/v2\/marca?post=171083"},{"taxonomy":"nivel-de-juego","embeddable":true,"href":"https:\/\/revolutionpadelstore.com\/pt-pt\/wp-json\/wp\/v2\/nivel-de-juego?post=171083"},{"taxonomy":"superficie","embeddable":true,"href":"https:\/\/revolutionpadelstore.com\/pt-pt\/wp-json\/wp\/v2\/superficie?post=171083"},{"taxonomy":"tipo-de-juego","embeddable":true,"href":"https:\/\/revolutionpadelstore.com\/pt-pt\/wp-json\/wp\/v2\/tipo-de-juego?post=171083"},{"taxonomy":"product_brand","embeddable":true,"href":"https:\/\/revolutionpadelstore.com\/pt-pt\/wp-json\/wp\/v2\/product_brand?post=171083"},{"taxonomy":"product_cat","embeddable":true,"href":"https:\/\/revolutionpadelstore.com\/pt-pt\/wp-json\/wp\/v2\/product_cat?post=171083"},{"taxonomy":"product_tag","embeddable":true,"href":"https:\/\/revolutionpadelstore.com\/pt-pt\/wp-json\/wp\/v2\/product_tag?post=171083"}],"curies":[{"name":"wp","href":"https:\/\/api.w.org\/{rel}","templated":true}]}}