{"id":170569,"date":"2025-02-11T23:29:04","date_gmt":"2025-02-11T22:29:04","guid":{"rendered":"https:\/\/revolutionpadelstore.com\/wilson-defy-pro-v1-2025\/"},"modified":"2026-04-21T02:01:00","modified_gmt":"2026-04-21T00:01:00","slug":"wilson-defy-pro-v1-2025","status":"publish","type":"product","link":"https:\/\/revolutionpadelstore.com\/pt-pt\/produto\/wilson-defy-pro-v1-2025\/","title":{"rendered":"WILSON DEFY PRO V1 2025"},"content":{"rendered":"<p><H2> <strong> Wilson Defy Pro v1 2025 &#8211; Poder, precis\u00e3o e aerodin\u00e2mica em cada golpe <\/strong> <\/h2>\n<p>O <strong> Wilson Defy Pro v1 2025 <\/strong> \u00e9 a p\u00e1 perfeita para jogadores e profissionais avan\u00e7ados que buscam o m\u00e1ximo de poder, aerodin\u00e2mica e controle <\/strong>. Com sua forma de diamante <strong> <\/strong>, esta p\u00e1 gera uma sa\u00edda de bola explosiva, ideal para um jogo ofensivo.<\/p>\n<p>Constru\u00eddo com <strong> carbono 15k <\/strong>, ele oferece uma estrutura s\u00f3lida, est\u00e1vel e duradoura, enquanto seu n\u00facleo de espuma de pot\u00eancia <\/strong> maximiza a pot\u00eancia e a capacidade de gerar efeitos. <strong> a tecnologia de design AeReExact <\/strong> melhora a velocidade e a manobrabilidade, permitindo que voc\u00ea domine a pista com transi\u00e7\u00f5es r\u00e1pidas e precisas.<br \/>\n<H2> <strong> caracter\u00edsticas proeminentes: <\/strong> <\/h2>\n<p>-formul\u00e1rio de diamante: fornece maior pot\u00eancia e agressividade em cada golpe.<br \/>\n-Carbono 15K: maior estabilidade, resist\u00eancia e precis\u00e3o nos impactos.<br \/>\n-Power Foam: n\u00facleo que otimiza a sa\u00edda da bola e melhora o efeito nos golpes.<br \/>\n-Aeroexact Projeto: projeto aerodin\u00e2mico para velocidade mais r\u00e1pida e agilidade do ar.<br \/>\n-Psin\u00b2 Tecnologia: superf\u00edcie especial da textura para maximizar efeitos e controle.<br \/>\n-Duo Padr\u00e3o de orif\u00edcio da grade: perfura\u00e7\u00f5es estrat\u00e9gicas que otimizam poder e controle.<br \/>\n-Eu pertencente \u00e0 cole\u00e7\u00e3o Wilson 2025, projetada para o maior desempenho<\/p>\n<p><H2> <strong> Quem \u00e9 o Wilson Defy Pro v1 2025?<br \/>\nEsta p\u00e1 foi projetada para <strong> jogadores ofensivos de n\u00edvel avan\u00e7ado e profissional <\/strong> procurando uma combina\u00e7\u00e3o perfeita de poder, velocidade e controle <\/strong>. Se voc\u00ea dominar a rede e deseja definir cada ponto com autoridade, o Wilson Defy Pro V1 \u00e9 o seu melhor aliado.<br \/>\n<H2> <strong> Por que escolher o Wilson Defy Pro v1 2025?<br \/>\nSe voc\u00ea gosta de um jogo agressivo e precisa de uma p\u00e1 com <strong> Power e precis\u00e3o m\u00e1xima <\/strong>, este modelo \u00e9 perfeito para voc\u00ea. Sua constru\u00e7\u00e3o em <strong> carbono 15k <\/strong> garante maior durabilidade e estabilidade, enquanto a tecnologia <strong> spin\u00b2 <\/strong> permitir\u00e1 que voc\u00ea execute golpes com efeitos mais precisos e eficazes.<\/p>\n<p>Wilson \u00e9 uma das marcas de maior prest\u00edgio no mundo do t\u00eanis de paddle e outros esportes de raquete, com uma trajet\u00f3ria de inova\u00e7\u00e3o e qualidade. A <strong> Wilson Defy Line <\/strong> representa a excel\u00eancia em materiais e tecnologia, proporcionando maior desempenho na pista.<\/p>\n<p><strong> Obtenha o Wilson Defy Pro v1 2025 pelo melhor pre\u00e7o em nossa loja on -line <a href=\"http:\/\/www.revolutionpadelstore.com\/\"> www.revolutionPadelstore.com <\/a> e leve seu jogo para o jogo para o jogo para o jogo para o jogo para o jogo para o jogo para o jogo para o jogo. Pr\u00f3ximo n\u00edvel<\/p>\n<h2><strong>Wilson Defy Pro V1 2025 \u2013 Potencia, Precisi\u00f3n y Aerodin\u00e1mica en Cada Golpe<\/strong><\/p>\n","protected":false},"excerpt":{"rendered":"<p>O <strong> Wilson Defy Pro v1 <\/strong> \u00e9 uma p\u00e1 de paddle projetada para jogadores avan\u00e7ados que desejam um equil\u00edbrio ideal entre <strong> poder e controle <\/strong>. Fabricado com <strong> carbono 15k <\/strong> e incorporando a tecnologia <strong> spin 2 <\/strong>, oferece desempenho superior e efeitos aprimorados em cada golpe.<strong>Wilson Defy Pro V1<\/strong><\/p>\n","protected":false},"featured_media":170575,"comment_status":"open","ping_status":"closed","template":"","meta":{"_acf_changed":false,"_joinchat":[]},"acabado":[1090,1105],"balance":[1135],"dureza":[1160],"forma":[1170],"jugador":[1190,1200],"marca":[1265],"nivel-de-juego":[1335,1345],"superficie":[1360],"tipo-de-juego":[1375],"product_brand":[],"product_cat":[300],"product_tag":[],"class_list":{"0":"post-170569","1":"product","2":"type-product","3":"status-publish","4":"has-post-thumbnail","6":"acabado-alivio-3d","7":"acabado-rugoso-pt-pt","8":"balance-alto-pt-pt","9":"dureza-dura-pt-pt","10":"forma-diamante-pt-pt","11":"jugador-homem","12":"jugador-polivalente-pt-pt","13":"marca-wilson-pt-pt","14":"superficie-rugosa-pt-pt","15":"tipo-de-juego-poder","16":"product_cat-palas","18":"first","19":"instock","20":"sale","21":"taxable","22":"shipping-taxable","23":"purchasable","24":"product-type-simple"},"acf":[],"yoast_head":"<!-- This site is optimized with the Yoast SEO plugin v27.4 - https:\/\/yoast.com\/product\/yoast-seo-wordpress\/ -->\n<title>WILSON DEFY PRO V1 2025 - Revolution Padel Store<\/title>\n<meta name=\"description\" content=\"Compra la Wilson Defy Pro V1 2025 al mejor precio en nuestra tienda online. Potencia, aerodin\u00e1mica y control para jugadores ofensivos de nivel avanzado. \u00a1Hazte con ella ahora!\" \/>\n<meta name=\"robots\" content=\"index, follow, max-snippet:-1, max-image-preview:large, max-video-preview:-1\" \/>\n<link rel=\"canonical\" href=\"https:\/\/revolutionpadelstore.com\/pt-pt\/produto\/wilson-defy-pro-v1-2025\/\" \/>\n<meta property=\"og:locale\" content=\"pt_PT\" \/>\n<meta property=\"og:type\" content=\"article\" \/>\n<meta property=\"og:title\" content=\"WILSON DEFY PRO V1 2025 - Revolution Padel Store\" \/>\n<meta property=\"og:description\" content=\"Compra la Wilson Defy Pro V1 2025 al mejor precio en nuestra tienda online. Potencia, aerodin\u00e1mica y control para jugadores ofensivos de nivel avanzado. \u00a1Hazte con ella ahora!\" \/>\n<meta property=\"og:url\" content=\"https:\/\/revolutionpadelstore.com\/pt-pt\/produto\/wilson-defy-pro-v1-2025\/\" \/>\n<meta property=\"og:site_name\" content=\"Revolution Padel Store\" \/>\n<meta property=\"article:modified_time\" content=\"2026-04-21T00:01:00+00:00\" \/>\n<meta property=\"og:image\" content=\"https:\/\/revolutionpadelstore.com\/wp-content\/uploads\/2025\/02\/FOTO-PALAS.png\" \/>\n\t<meta property=\"og:image:width\" content=\"1500\" \/>\n\t<meta property=\"og:image:height\" content=\"1500\" \/>\n\t<meta property=\"og:image:type\" content=\"image\/png\" \/>\n<meta name=\"twitter:card\" content=\"summary_large_image\" \/>\n<meta name=\"twitter:label1\" content=\"Tempo estimado de leitura\" \/>\n\t<meta name=\"twitter:data1\" content=\"2 minutos\" \/>\n<script type=\"application\/ld+json\" class=\"yoast-schema-graph\">{\"@context\":\"https:\\\/\\\/schema.org\",\"@graph\":[{\"@type\":\"WebPage\",\"@id\":\"https:\\\/\\\/revolutionpadelstore.com\\\/pt-pt\\\/produto\\\/wilson-defy-pro-v1-2025\\\/\",\"url\":\"https:\\\/\\\/revolutionpadelstore.com\\\/pt-pt\\\/produto\\\/wilson-defy-pro-v1-2025\\\/\",\"name\":\"WILSON DEFY PRO V1 2025 - Revolution Padel Store\",\"isPartOf\":{\"@id\":\"https:\\\/\\\/revolutionpadelstore.com\\\/pt-pt\\\/#website\"},\"primaryImageOfPage\":{\"@id\":\"https:\\\/\\\/revolutionpadelstore.com\\\/pt-pt\\\/produto\\\/wilson-defy-pro-v1-2025\\\/#primaryimage\"},\"image\":{\"@id\":\"https:\\\/\\\/revolutionpadelstore.com\\\/pt-pt\\\/produto\\\/wilson-defy-pro-v1-2025\\\/#primaryimage\"},\"thumbnailUrl\":\"https:\\\/\\\/revolutionpadelstore.com\\\/wp-content\\\/uploads\\\/2025\\\/02\\\/FOTO-PALAS.png\",\"datePublished\":\"2025-02-11T22:29:04+00:00\",\"dateModified\":\"2026-04-21T00:01:00+00:00\",\"description\":\"Compra la Wilson Defy Pro V1 2025 al mejor precio en nuestra tienda online. Potencia, aerodin\u00e1mica y control para jugadores ofensivos de nivel avanzado. \u00a1Hazte con ella ahora!\",\"breadcrumb\":{\"@id\":\"https:\\\/\\\/revolutionpadelstore.com\\\/pt-pt\\\/produto\\\/wilson-defy-pro-v1-2025\\\/#breadcrumb\"},\"inLanguage\":\"pt-PT\",\"potentialAction\":[{\"@type\":\"ReadAction\",\"target\":[\"https:\\\/\\\/revolutionpadelstore.com\\\/pt-pt\\\/produto\\\/wilson-defy-pro-v1-2025\\\/\"]}]},{\"@type\":\"ImageObject\",\"inLanguage\":\"pt-PT\",\"@id\":\"https:\\\/\\\/revolutionpadelstore.com\\\/pt-pt\\\/produto\\\/wilson-defy-pro-v1-2025\\\/#primaryimage\",\"url\":\"https:\\\/\\\/revolutionpadelstore.com\\\/wp-content\\\/uploads\\\/2025\\\/02\\\/FOTO-PALAS.png\",\"contentUrl\":\"https:\\\/\\\/revolutionpadelstore.com\\\/wp-content\\\/uploads\\\/2025\\\/02\\\/FOTO-PALAS.png\",\"width\":1500,\"height\":1500},{\"@type\":\"BreadcrumbList\",\"@id\":\"https:\\\/\\\/revolutionpadelstore.com\\\/pt-pt\\\/produto\\\/wilson-defy-pro-v1-2025\\\/#breadcrumb\",\"itemListElement\":[{\"@type\":\"ListItem\",\"position\":1,\"name\":\"Portada\",\"item\":\"https:\\\/\\\/revolutionpadelstore.com\\\/pt-pt\\\/\"},{\"@type\":\"ListItem\",\"position\":2,\"name\":\"Tienda\",\"item\":\"https:\\\/\\\/revolutionpadelstore.com\\\/pt-pt\\\/tienda\\\/\"},{\"@type\":\"ListItem\",\"position\":3,\"name\":\"WILSON DEFY PRO V1 2025\"}]},{\"@type\":\"WebSite\",\"@id\":\"https:\\\/\\\/revolutionpadelstore.com\\\/pt-pt\\\/#website\",\"url\":\"https:\\\/\\\/revolutionpadelstore.com\\\/pt-pt\\\/\",\"name\":\"Revolution Padel Store\",\"description\":\"\",\"publisher\":{\"@id\":\"https:\\\/\\\/revolutionpadelstore.com\\\/pt-pt\\\/#organization\"},\"potentialAction\":[{\"@type\":\"SearchAction\",\"target\":{\"@type\":\"EntryPoint\",\"urlTemplate\":\"https:\\\/\\\/revolutionpadelstore.com\\\/pt-pt\\\/?s={search_term_string}\"},\"query-input\":{\"@type\":\"PropertyValueSpecification\",\"valueRequired\":true,\"valueName\":\"search_term_string\"}}],\"inLanguage\":\"pt-PT\"},{\"@type\":\"Organization\",\"@id\":\"https:\\\/\\\/revolutionpadelstore.com\\\/pt-pt\\\/#organization\",\"name\":\"Revolution Padel Store\",\"url\":\"https:\\\/\\\/revolutionpadelstore.com\\\/pt-pt\\\/\",\"logo\":{\"@type\":\"ImageObject\",\"inLanguage\":\"pt-PT\",\"@id\":\"https:\\\/\\\/revolutionpadelstore.com\\\/pt-pt\\\/#\\\/schema\\\/logo\\\/image\\\/\",\"url\":\"https:\\\/\\\/revolutionpadelstore.com\\\/wp-content\\\/uploads\\\/2026\\\/02\\\/revolution-padel-store.jpg\",\"contentUrl\":\"https:\\\/\\\/revolutionpadelstore.com\\\/wp-content\\\/uploads\\\/2026\\\/02\\\/revolution-padel-store.jpg\",\"width\":2000,\"height\":2000,\"caption\":\"Revolution Padel Store\"},\"image\":{\"@id\":\"https:\\\/\\\/revolutionpadelstore.com\\\/pt-pt\\\/#\\\/schema\\\/logo\\\/image\\\/\"},\"sameAs\":[\"https:\\\/\\\/www.instagram.com\\\/revolutionpadelstore\\\/\"]}]}<\/script>\n<!-- \/ Yoast SEO plugin. -->","yoast_head_json":{"title":"WILSON DEFY PRO V1 2025 - Revolution Padel Store","description":"Compra la Wilson Defy Pro V1 2025 al mejor precio en nuestra tienda online. Potencia, aerodin\u00e1mica y control para jugadores ofensivos de nivel avanzado. \u00a1Hazte con ella ahora!","robots":{"index":"index","follow":"follow","max-snippet":"max-snippet:-1","max-image-preview":"max-image-preview:large","max-video-preview":"max-video-preview:-1"},"canonical":"https:\/\/revolutionpadelstore.com\/pt-pt\/produto\/wilson-defy-pro-v1-2025\/","og_locale":"pt_PT","og_type":"article","og_title":"WILSON DEFY PRO V1 2025 - Revolution Padel Store","og_description":"Compra la Wilson Defy Pro V1 2025 al mejor precio en nuestra tienda online. Potencia, aerodin\u00e1mica y control para jugadores ofensivos de nivel avanzado. \u00a1Hazte con ella ahora!","og_url":"https:\/\/revolutionpadelstore.com\/pt-pt\/produto\/wilson-defy-pro-v1-2025\/","og_site_name":"Revolution Padel Store","article_modified_time":"2026-04-21T00:01:00+00:00","og_image":[{"width":1500,"height":1500,"url":"https:\/\/revolutionpadelstore.com\/wp-content\/uploads\/2025\/02\/FOTO-PALAS.png","type":"image\/png"}],"twitter_card":"summary_large_image","twitter_misc":{"Tempo estimado de leitura":"2 minutos"},"schema":{"@context":"https:\/\/schema.org","@graph":[{"@type":"WebPage","@id":"https:\/\/revolutionpadelstore.com\/pt-pt\/produto\/wilson-defy-pro-v1-2025\/","url":"https:\/\/revolutionpadelstore.com\/pt-pt\/produto\/wilson-defy-pro-v1-2025\/","name":"WILSON DEFY PRO V1 2025 - Revolution Padel Store","isPartOf":{"@id":"https:\/\/revolutionpadelstore.com\/pt-pt\/#website"},"primaryImageOfPage":{"@id":"https:\/\/revolutionpadelstore.com\/pt-pt\/produto\/wilson-defy-pro-v1-2025\/#primaryimage"},"image":{"@id":"https:\/\/revolutionpadelstore.com\/pt-pt\/produto\/wilson-defy-pro-v1-2025\/#primaryimage"},"thumbnailUrl":"https:\/\/revolutionpadelstore.com\/wp-content\/uploads\/2025\/02\/FOTO-PALAS.png","datePublished":"2025-02-11T22:29:04+00:00","dateModified":"2026-04-21T00:01:00+00:00","description":"Compra la Wilson Defy Pro V1 2025 al mejor precio en nuestra tienda online. Potencia, aerodin\u00e1mica y control para jugadores ofensivos de nivel avanzado. \u00a1Hazte con ella ahora!","breadcrumb":{"@id":"https:\/\/revolutionpadelstore.com\/pt-pt\/produto\/wilson-defy-pro-v1-2025\/#breadcrumb"},"inLanguage":"pt-PT","potentialAction":[{"@type":"ReadAction","target":["https:\/\/revolutionpadelstore.com\/pt-pt\/produto\/wilson-defy-pro-v1-2025\/"]}]},{"@type":"ImageObject","inLanguage":"pt-PT","@id":"https:\/\/revolutionpadelstore.com\/pt-pt\/produto\/wilson-defy-pro-v1-2025\/#primaryimage","url":"https:\/\/revolutionpadelstore.com\/wp-content\/uploads\/2025\/02\/FOTO-PALAS.png","contentUrl":"https:\/\/revolutionpadelstore.com\/wp-content\/uploads\/2025\/02\/FOTO-PALAS.png","width":1500,"height":1500},{"@type":"BreadcrumbList","@id":"https:\/\/revolutionpadelstore.com\/pt-pt\/produto\/wilson-defy-pro-v1-2025\/#breadcrumb","itemListElement":[{"@type":"ListItem","position":1,"name":"Portada","item":"https:\/\/revolutionpadelstore.com\/pt-pt\/"},{"@type":"ListItem","position":2,"name":"Tienda","item":"https:\/\/revolutionpadelstore.com\/pt-pt\/tienda\/"},{"@type":"ListItem","position":3,"name":"WILSON DEFY PRO V1 2025"}]},{"@type":"WebSite","@id":"https:\/\/revolutionpadelstore.com\/pt-pt\/#website","url":"https:\/\/revolutionpadelstore.com\/pt-pt\/","name":"Revolution Padel Store","description":"","publisher":{"@id":"https:\/\/revolutionpadelstore.com\/pt-pt\/#organization"},"potentialAction":[{"@type":"SearchAction","target":{"@type":"EntryPoint","urlTemplate":"https:\/\/revolutionpadelstore.com\/pt-pt\/?s={search_term_string}"},"query-input":{"@type":"PropertyValueSpecification","valueRequired":true,"valueName":"search_term_string"}}],"inLanguage":"pt-PT"},{"@type":"Organization","@id":"https:\/\/revolutionpadelstore.com\/pt-pt\/#organization","name":"Revolution Padel Store","url":"https:\/\/revolutionpadelstore.com\/pt-pt\/","logo":{"@type":"ImageObject","inLanguage":"pt-PT","@id":"https:\/\/revolutionpadelstore.com\/pt-pt\/#\/schema\/logo\/image\/","url":"https:\/\/revolutionpadelstore.com\/wp-content\/uploads\/2026\/02\/revolution-padel-store.jpg","contentUrl":"https:\/\/revolutionpadelstore.com\/wp-content\/uploads\/2026\/02\/revolution-padel-store.jpg","width":2000,"height":2000,"caption":"Revolution Padel Store"},"image":{"@id":"https:\/\/revolutionpadelstore.com\/pt-pt\/#\/schema\/logo\/image\/"},"sameAs":["https:\/\/www.instagram.com\/revolutionpadelstore\/"]}]}},"_links":{"self":[{"href":"https:\/\/revolutionpadelstore.com\/pt-pt\/wp-json\/wp\/v2\/product\/170569","targetHints":{"allow":["GET"]}}],"collection":[{"href":"https:\/\/revolutionpadelstore.com\/pt-pt\/wp-json\/wp\/v2\/product"}],"about":[{"href":"https:\/\/revolutionpadelstore.com\/pt-pt\/wp-json\/wp\/v2\/types\/product"}],"replies":[{"embeddable":true,"href":"https:\/\/revolutionpadelstore.com\/pt-pt\/wp-json\/wp\/v2\/comments?post=170569"}],"wp:featuredmedia":[{"embeddable":true,"href":"https:\/\/revolutionpadelstore.com\/pt-pt\/wp-json\/wp\/v2\/media\/170575"}],"wp:attachment":[{"href":"https:\/\/revolutionpadelstore.com\/pt-pt\/wp-json\/wp\/v2\/media?parent=170569"}],"wp:term":[{"taxonomy":"acabado","embeddable":true,"href":"https:\/\/revolutionpadelstore.com\/pt-pt\/wp-json\/wp\/v2\/acabado?post=170569"},{"taxonomy":"balance","embeddable":true,"href":"https:\/\/revolutionpadelstore.com\/pt-pt\/wp-json\/wp\/v2\/balance?post=170569"},{"taxonomy":"dureza","embeddable":true,"href":"https:\/\/revolutionpadelstore.com\/pt-pt\/wp-json\/wp\/v2\/dureza?post=170569"},{"taxonomy":"forma","embeddable":true,"href":"https:\/\/revolutionpadelstore.com\/pt-pt\/wp-json\/wp\/v2\/forma?post=170569"},{"taxonomy":"jugador","embeddable":true,"href":"https:\/\/revolutionpadelstore.com\/pt-pt\/wp-json\/wp\/v2\/jugador?post=170569"},{"taxonomy":"marca","embeddable":true,"href":"https:\/\/revolutionpadelstore.com\/pt-pt\/wp-json\/wp\/v2\/marca?post=170569"},{"taxonomy":"nivel-de-juego","embeddable":true,"href":"https:\/\/revolutionpadelstore.com\/pt-pt\/wp-json\/wp\/v2\/nivel-de-juego?post=170569"},{"taxonomy":"superficie","embeddable":true,"href":"https:\/\/revolutionpadelstore.com\/pt-pt\/wp-json\/wp\/v2\/superficie?post=170569"},{"taxonomy":"tipo-de-juego","embeddable":true,"href":"https:\/\/revolutionpadelstore.com\/pt-pt\/wp-json\/wp\/v2\/tipo-de-juego?post=170569"},{"taxonomy":"product_brand","embeddable":true,"href":"https:\/\/revolutionpadelstore.com\/pt-pt\/wp-json\/wp\/v2\/product_brand?post=170569"},{"taxonomy":"product_cat","embeddable":true,"href":"https:\/\/revolutionpadelstore.com\/pt-pt\/wp-json\/wp\/v2\/product_cat?post=170569"},{"taxonomy":"product_tag","embeddable":true,"href":"https:\/\/revolutionpadelstore.com\/pt-pt\/wp-json\/wp\/v2\/product_tag?post=170569"}],"curies":[{"name":"wp","href":"https:\/\/api.w.org\/{rel}","templated":true}]}}