{"id":167982,"date":"2025-02-06T08:29:10","date_gmt":"2025-02-06T07:29:10","guid":{"rendered":"https:\/\/revolutionpadelstore.com\/siux-electra-elite-4-2025\/"},"modified":"2026-04-08T07:53:59","modified_gmt":"2026-04-08T05:53:59","slug":"siux-electra-elite-4-2025-1","status":"publish","type":"product","link":"https:\/\/revolutionpadelstore.com\/pt-pt\/produto\/siux-electra-elite-4-2025-1\/","title":{"rendered":"SIUX ELECTRA ELITE 4 2025"},"content":{"rendered":"<p><H2> <strong> Siux Electra Elite 4 2025 &#8211; Poder e controle em uma p\u00e1 h\u00edbrida <\/strong> <\/h2>\n<p>Descubra o <strong> Siux Electra Elite 4 2025 <\/strong>, uma p\u00e1 de paddle de alto desempenho projetada para jogadores avan\u00e7ados que procuram um equil\u00edbrio perfeito entre pot\u00eancia e controle. Gra\u00e7as \u00e0 sua forma <strong> h\u00edbrida <\/strong> e seu <strong> Balan\u00e7o m\u00e9dio-alto <\/strong>, ele se adapta a qualquer estilo de jogo, permitindo que voc\u00ea domine a pista tanto na defesa quanto no ataque.<br \/>\n<H2> <strong> Tecnologia e materiais da gera\u00e7\u00e3o mais recente <\/strong> <\/h2>\n<p>Fabricado com uma combina\u00e7\u00e3o de <strong> 12k carbono na superf\u00edcie <\/strong> e um <strong> carbono tubular 3K <\/strong>, esta p\u00e1 oferece resist\u00eancia excepcional e grande durabilidade. Seu <strong> Hard Eva Rubber Core <\/strong> fornece um toque m\u00e9dio-duro, ideal para golpes precisos e poderosos, sem perder a sensibilidade no jogo.<\/p>\n<p>O acabamento <strong> Sandy Mate <\/strong> melhora os efeitos em cada golpe, permitindo imprimir mais giro nos seus tiros de corte e levantamento. Seu design elegante em <strong> preto e dourado <\/strong> n\u00e3o se destaca apenas visualmente, mas reflete a qualidade e a exclusividade da p\u00e1.<br \/>\n<H2> <strong> Siux Electra Elite 4 2025 <\/strong> <\/h2>\n<p>-combina\u00e7\u00e3o h\u00edbrida de forma-ideal entre controle e pot\u00eancia.<br \/>\n-12k Resist\u00eancia ao grave de carbono e uma resposta firme no golpe.<br \/>\n-3K Tubular de carbono -Estrutura s\u00f3lida e est\u00e1vel para melhor desempenho.<br \/>\n-Sensa\u00e7\u00e3o de Dura-dura-dura de substantivo e eva para golpes rombados e precisos.<br \/>\n-Medio-altera\u00e7\u00e3o de equil\u00edbrio para jogadores ofensivos que procuram poder extra.<br \/>\n-Ananoso Mate construiu -Exancas os efeitos em cada golpe<br \/>\nSe voc\u00ea \u00e9 um jogador avan\u00e7ado que procura <strong> desempenho m\u00e1ximo e versatilidade <\/strong>, o <strong> Siux Electra Elite 4 2025 <\/strong> \u00e9 a p\u00e1 perfeita para levar seu jogo ao pr\u00f3ximo n\u00edvel. Get now on our online store <a href=\"https:\/\/chatgpt.com\/g\/g-675432e02688191B6ee6d6f2fdbb15e-optimization-textos\/c\/www.revolutionpadelstore.com\"> www.revolutionpadelstore.com <\/a>, Provavelmente no melhor pre\u00e7o de mercado!<\/p>\n<h2><strong>Siux Electra Elite 4 2025 \u2013 Potencia y control en una pala h\u00edbrida<\/strong><\/p>\n","protected":false},"excerpt":{"rendered":"<p>O Siux Electra Elite 4 2025 \u00e9 uma p\u00e1 do tipo h\u00edbrido projetada para jogadores de n\u00edvel avan\u00e7ado. Fabricados com carbono de 12k, um n\u00facleo de borracha EVA r\u00edgido e um equil\u00edbrio m\u00e9dio-alto fornecem um equil\u00edbrio ideal entre pot\u00eancia, controle e efeitos precisos em cada golpe.<\/p>\n","protected":false},"featured_media":167917,"comment_status":"open","ping_status":"closed","template":"","meta":{"_acf_changed":false,"_joinchat":[]},"acabado":[1095,1085],"balance":[1140],"dureza":[1155],"forma":[1175],"jugador":[1190,1200],"marca":[1305],"nivel-de-juego":[1335],"superficie":[1360],"tipo-de-juego":[1385],"product_brand":[],"product_cat":[300],"product_tag":[],"class_list":{"0":"post-167982","1":"product","2":"type-product","3":"status-publish","4":"has-post-thumbnail","6":"acabado-arenoso-pt-pt","7":"acabado-companheiro","8":"balance-medio-pt-pt","9":"dureza-media-pt-pt","10":"forma-hibrido","11":"jugador-homem","12":"jugador-polivalente-pt-pt","13":"marca-siux-pt-pt","14":"superficie-rugosa-pt-pt","15":"tipo-de-juego-polivalente-pt-pt","16":"product_cat-palas","18":"first","19":"instock","20":"sale","21":"taxable","22":"shipping-taxable","23":"purchasable","24":"product-type-simple"},"acf":[],"yoast_head":"<!-- This site is optimized with the Yoast SEO plugin v27.4 - https:\/\/yoast.com\/product\/yoast-seo-wordpress\/ -->\n<title>SIUX ELECTRA ELITE 4 2025 - Revolution Padel Store<\/title>\n<meta name=\"description\" content=\"Siux Electra Elite 4 2025 \u2013 Pala de p\u00e1del h\u00edbrida para jugadores avanzados. Carbono 12K, n\u00facleo Hard EVA y acabado arenoso para potencia, control y efectos. \u00a1C\u00f3mprala en Revolution Padel Store!\" \/>\n<meta name=\"robots\" content=\"index, follow, max-snippet:-1, max-image-preview:large, max-video-preview:-1\" \/>\n<link rel=\"canonical\" href=\"https:\/\/revolutionpadelstore.com\/pt-pt\/produto\/siux-electra-elite-4-2025-1\/\" \/>\n<meta property=\"og:locale\" content=\"pt_PT\" \/>\n<meta property=\"og:type\" content=\"article\" \/>\n<meta property=\"og:title\" content=\"SIUX ELECTRA ELITE 4 2025 - Revolution Padel Store\" \/>\n<meta property=\"og:description\" content=\"Siux Electra Elite 4 2025 \u2013 Pala de p\u00e1del h\u00edbrida para jugadores avanzados. Carbono 12K, n\u00facleo Hard EVA y acabado arenoso para potencia, control y efectos. \u00a1C\u00f3mprala en Revolution Padel Store!\" \/>\n<meta property=\"og:url\" content=\"https:\/\/revolutionpadelstore.com\/pt-pt\/produto\/siux-electra-elite-4-2025-1\/\" \/>\n<meta property=\"og:site_name\" content=\"Revolution Padel Store\" \/>\n<meta property=\"article:modified_time\" content=\"2026-04-08T05:53:59+00:00\" \/>\n<meta property=\"og:image\" content=\"https:\/\/revolutionpadelstore.com\/wp-content\/uploads\/2025\/02\/112637-siux-electra-elite-4-1500x1500-1.webp\" \/>\n\t<meta property=\"og:image:width\" content=\"1500\" \/>\n\t<meta property=\"og:image:height\" content=\"1500\" \/>\n\t<meta property=\"og:image:type\" content=\"image\/webp\" \/>\n<meta name=\"twitter:card\" content=\"summary_large_image\" \/>\n<meta name=\"twitter:label1\" content=\"Tempo estimado de leitura\" \/>\n\t<meta name=\"twitter:data1\" content=\"2 minutos\" \/>\n<script type=\"application\/ld+json\" class=\"yoast-schema-graph\">{\"@context\":\"https:\\\/\\\/schema.org\",\"@graph\":[{\"@type\":\"WebPage\",\"@id\":\"https:\\\/\\\/revolutionpadelstore.com\\\/pt-pt\\\/produto\\\/siux-electra-elite-4-2025-1\\\/\",\"url\":\"https:\\\/\\\/revolutionpadelstore.com\\\/pt-pt\\\/produto\\\/siux-electra-elite-4-2025-1\\\/\",\"name\":\"SIUX ELECTRA ELITE 4 2025 - Revolution Padel Store\",\"isPartOf\":{\"@id\":\"https:\\\/\\\/revolutionpadelstore.com\\\/pt-pt\\\/#website\"},\"primaryImageOfPage\":{\"@id\":\"https:\\\/\\\/revolutionpadelstore.com\\\/pt-pt\\\/produto\\\/siux-electra-elite-4-2025-1\\\/#primaryimage\"},\"image\":{\"@id\":\"https:\\\/\\\/revolutionpadelstore.com\\\/pt-pt\\\/produto\\\/siux-electra-elite-4-2025-1\\\/#primaryimage\"},\"thumbnailUrl\":\"https:\\\/\\\/revolutionpadelstore.com\\\/wp-content\\\/uploads\\\/2025\\\/02\\\/112637-siux-electra-elite-4-1500x1500-1.webp\",\"datePublished\":\"2025-02-06T07:29:10+00:00\",\"dateModified\":\"2026-04-08T05:53:59+00:00\",\"description\":\"Siux Electra Elite 4 2025 \u2013 Pala de p\u00e1del h\u00edbrida para jugadores avanzados. Carbono 12K, n\u00facleo Hard EVA y acabado arenoso para potencia, control y efectos. \u00a1C\u00f3mprala en Revolution Padel Store!\",\"breadcrumb\":{\"@id\":\"https:\\\/\\\/revolutionpadelstore.com\\\/pt-pt\\\/produto\\\/siux-electra-elite-4-2025-1\\\/#breadcrumb\"},\"inLanguage\":\"pt-PT\",\"potentialAction\":[{\"@type\":\"ReadAction\",\"target\":[\"https:\\\/\\\/revolutionpadelstore.com\\\/pt-pt\\\/produto\\\/siux-electra-elite-4-2025-1\\\/\"]}]},{\"@type\":\"ImageObject\",\"inLanguage\":\"pt-PT\",\"@id\":\"https:\\\/\\\/revolutionpadelstore.com\\\/pt-pt\\\/produto\\\/siux-electra-elite-4-2025-1\\\/#primaryimage\",\"url\":\"https:\\\/\\\/revolutionpadelstore.com\\\/wp-content\\\/uploads\\\/2025\\\/02\\\/112637-siux-electra-elite-4-1500x1500-1.webp\",\"contentUrl\":\"https:\\\/\\\/revolutionpadelstore.com\\\/wp-content\\\/uploads\\\/2025\\\/02\\\/112637-siux-electra-elite-4-1500x1500-1.webp\",\"width\":1500,\"height\":1500},{\"@type\":\"BreadcrumbList\",\"@id\":\"https:\\\/\\\/revolutionpadelstore.com\\\/pt-pt\\\/produto\\\/siux-electra-elite-4-2025-1\\\/#breadcrumb\",\"itemListElement\":[{\"@type\":\"ListItem\",\"position\":1,\"name\":\"Portada\",\"item\":\"https:\\\/\\\/revolutionpadelstore.com\\\/pt-pt\\\/\"},{\"@type\":\"ListItem\",\"position\":2,\"name\":\"Tienda\",\"item\":\"https:\\\/\\\/revolutionpadelstore.com\\\/pt-pt\\\/tienda\\\/\"},{\"@type\":\"ListItem\",\"position\":3,\"name\":\"SIUX ELECTRA ELITE 4 2025\"}]},{\"@type\":\"WebSite\",\"@id\":\"https:\\\/\\\/revolutionpadelstore.com\\\/pt-pt\\\/#website\",\"url\":\"https:\\\/\\\/revolutionpadelstore.com\\\/pt-pt\\\/\",\"name\":\"Revolution Padel Store\",\"description\":\"\",\"publisher\":{\"@id\":\"https:\\\/\\\/revolutionpadelstore.com\\\/pt-pt\\\/#organization\"},\"potentialAction\":[{\"@type\":\"SearchAction\",\"target\":{\"@type\":\"EntryPoint\",\"urlTemplate\":\"https:\\\/\\\/revolutionpadelstore.com\\\/pt-pt\\\/?s={search_term_string}\"},\"query-input\":{\"@type\":\"PropertyValueSpecification\",\"valueRequired\":true,\"valueName\":\"search_term_string\"}}],\"inLanguage\":\"pt-PT\"},{\"@type\":\"Organization\",\"@id\":\"https:\\\/\\\/revolutionpadelstore.com\\\/pt-pt\\\/#organization\",\"name\":\"Revolution Padel Store\",\"url\":\"https:\\\/\\\/revolutionpadelstore.com\\\/pt-pt\\\/\",\"logo\":{\"@type\":\"ImageObject\",\"inLanguage\":\"pt-PT\",\"@id\":\"https:\\\/\\\/revolutionpadelstore.com\\\/pt-pt\\\/#\\\/schema\\\/logo\\\/image\\\/\",\"url\":\"https:\\\/\\\/revolutionpadelstore.com\\\/wp-content\\\/uploads\\\/2026\\\/02\\\/revolution-padel-store.jpg\",\"contentUrl\":\"https:\\\/\\\/revolutionpadelstore.com\\\/wp-content\\\/uploads\\\/2026\\\/02\\\/revolution-padel-store.jpg\",\"width\":2000,\"height\":2000,\"caption\":\"Revolution Padel Store\"},\"image\":{\"@id\":\"https:\\\/\\\/revolutionpadelstore.com\\\/pt-pt\\\/#\\\/schema\\\/logo\\\/image\\\/\"},\"sameAs\":[\"https:\\\/\\\/www.instagram.com\\\/revolutionpadelstore\\\/\"]}]}<\/script>\n<!-- \/ Yoast SEO plugin. -->","yoast_head_json":{"title":"SIUX ELECTRA ELITE 4 2025 - Revolution Padel Store","description":"Siux Electra Elite 4 2025 \u2013 Pala de p\u00e1del h\u00edbrida para jugadores avanzados. Carbono 12K, n\u00facleo Hard EVA y acabado arenoso para potencia, control y efectos. \u00a1C\u00f3mprala en Revolution Padel Store!","robots":{"index":"index","follow":"follow","max-snippet":"max-snippet:-1","max-image-preview":"max-image-preview:large","max-video-preview":"max-video-preview:-1"},"canonical":"https:\/\/revolutionpadelstore.com\/pt-pt\/produto\/siux-electra-elite-4-2025-1\/","og_locale":"pt_PT","og_type":"article","og_title":"SIUX ELECTRA ELITE 4 2025 - Revolution Padel Store","og_description":"Siux Electra Elite 4 2025 \u2013 Pala de p\u00e1del h\u00edbrida para jugadores avanzados. Carbono 12K, n\u00facleo Hard EVA y acabado arenoso para potencia, control y efectos. \u00a1C\u00f3mprala en Revolution Padel Store!","og_url":"https:\/\/revolutionpadelstore.com\/pt-pt\/produto\/siux-electra-elite-4-2025-1\/","og_site_name":"Revolution Padel Store","article_modified_time":"2026-04-08T05:53:59+00:00","og_image":[{"width":1500,"height":1500,"url":"https:\/\/revolutionpadelstore.com\/wp-content\/uploads\/2025\/02\/112637-siux-electra-elite-4-1500x1500-1.webp","type":"image\/webp"}],"twitter_card":"summary_large_image","twitter_misc":{"Tempo estimado de leitura":"2 minutos"},"schema":{"@context":"https:\/\/schema.org","@graph":[{"@type":"WebPage","@id":"https:\/\/revolutionpadelstore.com\/pt-pt\/produto\/siux-electra-elite-4-2025-1\/","url":"https:\/\/revolutionpadelstore.com\/pt-pt\/produto\/siux-electra-elite-4-2025-1\/","name":"SIUX ELECTRA ELITE 4 2025 - Revolution Padel Store","isPartOf":{"@id":"https:\/\/revolutionpadelstore.com\/pt-pt\/#website"},"primaryImageOfPage":{"@id":"https:\/\/revolutionpadelstore.com\/pt-pt\/produto\/siux-electra-elite-4-2025-1\/#primaryimage"},"image":{"@id":"https:\/\/revolutionpadelstore.com\/pt-pt\/produto\/siux-electra-elite-4-2025-1\/#primaryimage"},"thumbnailUrl":"https:\/\/revolutionpadelstore.com\/wp-content\/uploads\/2025\/02\/112637-siux-electra-elite-4-1500x1500-1.webp","datePublished":"2025-02-06T07:29:10+00:00","dateModified":"2026-04-08T05:53:59+00:00","description":"Siux Electra Elite 4 2025 \u2013 Pala de p\u00e1del h\u00edbrida para jugadores avanzados. Carbono 12K, n\u00facleo Hard EVA y acabado arenoso para potencia, control y efectos. \u00a1C\u00f3mprala en Revolution Padel Store!","breadcrumb":{"@id":"https:\/\/revolutionpadelstore.com\/pt-pt\/produto\/siux-electra-elite-4-2025-1\/#breadcrumb"},"inLanguage":"pt-PT","potentialAction":[{"@type":"ReadAction","target":["https:\/\/revolutionpadelstore.com\/pt-pt\/produto\/siux-electra-elite-4-2025-1\/"]}]},{"@type":"ImageObject","inLanguage":"pt-PT","@id":"https:\/\/revolutionpadelstore.com\/pt-pt\/produto\/siux-electra-elite-4-2025-1\/#primaryimage","url":"https:\/\/revolutionpadelstore.com\/wp-content\/uploads\/2025\/02\/112637-siux-electra-elite-4-1500x1500-1.webp","contentUrl":"https:\/\/revolutionpadelstore.com\/wp-content\/uploads\/2025\/02\/112637-siux-electra-elite-4-1500x1500-1.webp","width":1500,"height":1500},{"@type":"BreadcrumbList","@id":"https:\/\/revolutionpadelstore.com\/pt-pt\/produto\/siux-electra-elite-4-2025-1\/#breadcrumb","itemListElement":[{"@type":"ListItem","position":1,"name":"Portada","item":"https:\/\/revolutionpadelstore.com\/pt-pt\/"},{"@type":"ListItem","position":2,"name":"Tienda","item":"https:\/\/revolutionpadelstore.com\/pt-pt\/tienda\/"},{"@type":"ListItem","position":3,"name":"SIUX ELECTRA ELITE 4 2025"}]},{"@type":"WebSite","@id":"https:\/\/revolutionpadelstore.com\/pt-pt\/#website","url":"https:\/\/revolutionpadelstore.com\/pt-pt\/","name":"Revolution Padel Store","description":"","publisher":{"@id":"https:\/\/revolutionpadelstore.com\/pt-pt\/#organization"},"potentialAction":[{"@type":"SearchAction","target":{"@type":"EntryPoint","urlTemplate":"https:\/\/revolutionpadelstore.com\/pt-pt\/?s={search_term_string}"},"query-input":{"@type":"PropertyValueSpecification","valueRequired":true,"valueName":"search_term_string"}}],"inLanguage":"pt-PT"},{"@type":"Organization","@id":"https:\/\/revolutionpadelstore.com\/pt-pt\/#organization","name":"Revolution Padel Store","url":"https:\/\/revolutionpadelstore.com\/pt-pt\/","logo":{"@type":"ImageObject","inLanguage":"pt-PT","@id":"https:\/\/revolutionpadelstore.com\/pt-pt\/#\/schema\/logo\/image\/","url":"https:\/\/revolutionpadelstore.com\/wp-content\/uploads\/2026\/02\/revolution-padel-store.jpg","contentUrl":"https:\/\/revolutionpadelstore.com\/wp-content\/uploads\/2026\/02\/revolution-padel-store.jpg","width":2000,"height":2000,"caption":"Revolution Padel Store"},"image":{"@id":"https:\/\/revolutionpadelstore.com\/pt-pt\/#\/schema\/logo\/image\/"},"sameAs":["https:\/\/www.instagram.com\/revolutionpadelstore\/"]}]}},"_links":{"self":[{"href":"https:\/\/revolutionpadelstore.com\/pt-pt\/wp-json\/wp\/v2\/product\/167982","targetHints":{"allow":["GET"]}}],"collection":[{"href":"https:\/\/revolutionpadelstore.com\/pt-pt\/wp-json\/wp\/v2\/product"}],"about":[{"href":"https:\/\/revolutionpadelstore.com\/pt-pt\/wp-json\/wp\/v2\/types\/product"}],"replies":[{"embeddable":true,"href":"https:\/\/revolutionpadelstore.com\/pt-pt\/wp-json\/wp\/v2\/comments?post=167982"}],"wp:featuredmedia":[{"embeddable":true,"href":"https:\/\/revolutionpadelstore.com\/pt-pt\/wp-json\/wp\/v2\/media\/167917"}],"wp:attachment":[{"href":"https:\/\/revolutionpadelstore.com\/pt-pt\/wp-json\/wp\/v2\/media?parent=167982"}],"wp:term":[{"taxonomy":"acabado","embeddable":true,"href":"https:\/\/revolutionpadelstore.com\/pt-pt\/wp-json\/wp\/v2\/acabado?post=167982"},{"taxonomy":"balance","embeddable":true,"href":"https:\/\/revolutionpadelstore.com\/pt-pt\/wp-json\/wp\/v2\/balance?post=167982"},{"taxonomy":"dureza","embeddable":true,"href":"https:\/\/revolutionpadelstore.com\/pt-pt\/wp-json\/wp\/v2\/dureza?post=167982"},{"taxonomy":"forma","embeddable":true,"href":"https:\/\/revolutionpadelstore.com\/pt-pt\/wp-json\/wp\/v2\/forma?post=167982"},{"taxonomy":"jugador","embeddable":true,"href":"https:\/\/revolutionpadelstore.com\/pt-pt\/wp-json\/wp\/v2\/jugador?post=167982"},{"taxonomy":"marca","embeddable":true,"href":"https:\/\/revolutionpadelstore.com\/pt-pt\/wp-json\/wp\/v2\/marca?post=167982"},{"taxonomy":"nivel-de-juego","embeddable":true,"href":"https:\/\/revolutionpadelstore.com\/pt-pt\/wp-json\/wp\/v2\/nivel-de-juego?post=167982"},{"taxonomy":"superficie","embeddable":true,"href":"https:\/\/revolutionpadelstore.com\/pt-pt\/wp-json\/wp\/v2\/superficie?post=167982"},{"taxonomy":"tipo-de-juego","embeddable":true,"href":"https:\/\/revolutionpadelstore.com\/pt-pt\/wp-json\/wp\/v2\/tipo-de-juego?post=167982"},{"taxonomy":"product_brand","embeddable":true,"href":"https:\/\/revolutionpadelstore.com\/pt-pt\/wp-json\/wp\/v2\/product_brand?post=167982"},{"taxonomy":"product_cat","embeddable":true,"href":"https:\/\/revolutionpadelstore.com\/pt-pt\/wp-json\/wp\/v2\/product_cat?post=167982"},{"taxonomy":"product_tag","embeddable":true,"href":"https:\/\/revolutionpadelstore.com\/pt-pt\/wp-json\/wp\/v2\/product_tag?post=167982"}],"curies":[{"name":"wp","href":"https:\/\/api.w.org\/{rel}","templated":true}]}}