{"id":167724,"date":"2025-02-05T08:22:41","date_gmt":"2025-02-05T07:22:41","guid":{"rendered":"https:\/\/revolutionpadelstore.com\/siux-fenix-elite-5\/"},"modified":"2026-04-21T14:00:39","modified_gmt":"2026-04-21T12:00:39","slug":"siux-fenix-elite-5-2","status":"publish","type":"product","link":"https:\/\/revolutionpadelstore.com\/pt-pt\/produto\/siux-fenix-elite-5-2\/","title":{"rendered":"SIUX FENIX ELITE 5"},"content":{"rendered":"<p><H2> <strong> Siux Fenix \u200b\u200bElite 5 2025 &#8211; Poder e precis\u00e3o em cada golpe <\/strong> <\/h2>\n<p>O <strong> Siux Fenix \u200b\u200bElite 5 2025 <\/strong> \u00e9 a p\u00e1 definitiva para jogadores ofensivos que procuram <strong> pot\u00eancia e controle m\u00e1ximo <\/strong> na pista. Sua forma de diamante, alto equil\u00edbrio e toque duro <\/strong> garantem uma cola explosiva, ideal para definir os pontos com for\u00e7a.<\/p>\n<p>Fabricado com <strong> carbono 12k <\/strong>, esta p\u00e1 oferece uma estrutura r\u00edgida que otimiza a transfer\u00eancia de energia <strong> <\/strong>, permitindo que voc\u00ea execute leil\u00f5es devastadores. Al\u00e9m disso, seu peso de <strong> 360-375 gramas <\/strong> fornece um equil\u00edbrio perfeito entre estabilidade e manobrabilidade.<br \/>\n<H2> <strong> projetado para jogadores agressivos avan\u00e7ados <\/strong> <\/h2>\n<p>Se voc\u00ea \u00e9 um <strong> jogador avan\u00e7ado <\/strong> que se destaca por seu jogo ofensivo <\/strong>, o <strong> Siux Fenix \u200b\u200bElite 5 2025 <\/strong> \u00e9 o seu melhor aliado. Seu alto ponto doce facilita golpes poderosos de qualquer \u00e1rea da pista, enquanto sua rugosidade 3D melhora os efeitos, proporcionando maior rota\u00e7\u00e3o e controle sobre a bola.<br \/>\n<H2> <strong> caracter\u00edsticas e tecnologias avan\u00e7adas <\/strong> <\/h2>\n<p><P> <strong> -Diamond Form and High Balance: <\/strong> Ideal para um jogo de ataque com pot\u00eancia m\u00e1xima.<br \/>\n<strong> -12k carbono nos planos: <\/strong> maior rigidez, durabilidade e uma resposta s\u00f3lida em cada impacto.<br \/>\n<strong> -eva N\u00famero de borracha: <\/strong> Equil\u00edbrio perfeito entre poder, conforto e rea\u00e7\u00e3o r\u00e1pida.<br \/>\n<strong>-High Sweet Power: <\/strong> facilita leil\u00f5es mais eficazes na zona ofensiva.<br \/>\n<strong> -3d Rug\u00eancia nos rostos: <\/strong> melhora os efeitos e o controle sobre a bola.<br \/>\n<strong>-Pu\u00f1\u00f1o estendido: <\/strong> Maior conforto para golpes reversos de duas m\u00e3os<\/p>\n<p><H2> <strong> domina a faixa com o Siux Fenix \u200b\u200bElite 5 2025 <\/strong> <\/h2>\n<p>Se voc\u00ea est\u00e1 procurando uma p\u00e1 com <strong> pot\u00eancia m\u00e1xima, grande rigidez e capacidade de efeito <\/strong>, o <strong> Siux Fenix \u200b\u200bElite 5 2025 <\/strong> \u00e9 a op\u00e7\u00e3o perfeita para aumentar seu n\u00edvel de jogo e Feche os pontos com autoridade.<\/p>\n<p>Get now on our online store <a href=\"https:\/\/chatgpt.com\/g\/g-675432e02688191B6ee6d6f2fdbb15e-optimization-textos\/c\/www.revolutionpadelstore.com\"> www.revolutionpadelstore.com <\/a>, Provavelmente no melhor pre\u00e7o de mercado!<\/p>\n<h2><strong>Siux Fenix Elite 5 2025 \u2013 Potencia y precisi\u00f3n en cada golpe<\/strong><\/p>\n","protected":false},"excerpt":{"rendered":"<p>O <strong> Siux Fenix \u200b\u200bElite 5 2025 <\/strong> oferece um equil\u00edbrio perfeito entre energia e precis\u00e3o, gra\u00e7as ao seu design em forma de diamante, \u00e0 sua constru\u00e7\u00e3o de carbono de 12k e seu acabamento \u00e1spero. \u00c9 uma p\u00e1 ideal para jogadores avan\u00e7ados que desejam se impor na rede com golpes rombados e agressivos.<strong>Siux Fenix Elite 5 2025<\/strong><\/p>\n","protected":false},"featured_media":167659,"comment_status":"open","ping_status":"closed","template":"","meta":{"_acf_changed":false,"_joinchat":[]},"acabado":[1090],"balance":[1135],"dureza":[1160],"forma":[1170],"jugador":[1190,1200],"marca":[1305],"nivel-de-juego":[1335],"superficie":[1360],"tipo-de-juego":[1375],"product_brand":[],"product_cat":[300],"product_tag":[],"class_list":{"0":"post-167724","1":"product","2":"type-product","3":"status-publish","4":"has-post-thumbnail","6":"acabado-alivio-3d","7":"balance-alto-pt-pt","8":"dureza-dura-pt-pt","9":"forma-diamante-pt-pt","10":"jugador-homem","11":"jugador-polivalente-pt-pt","12":"marca-siux-pt-pt","13":"superficie-rugosa-pt-pt","14":"tipo-de-juego-poder","15":"product_cat-palas","17":"first","18":"instock","19":"sale","20":"taxable","21":"shipping-taxable","22":"purchasable","23":"product-type-simple"},"acf":[],"yoast_head":"<!-- This site is optimized with the Yoast SEO plugin v27.4 - https:\/\/yoast.com\/product\/yoast-seo-wordpress\/ -->\n<title>SIUX FENIX ELITE 5 - Revolution Padel Store<\/title>\n<meta name=\"description\" content=\"Compra la Siux Fenix Elite 5 2025, una pala de p\u00e1del con potencia y precisi\u00f3n para jugadores avanzados. Forma de diamante, carbono 12K y rugosidad 3D. \u00a1Cons\u00edguela en Revolution Padel Store al mejor precio!\" \/>\n<meta name=\"robots\" content=\"index, follow, max-snippet:-1, max-image-preview:large, max-video-preview:-1\" \/>\n<link rel=\"canonical\" href=\"https:\/\/revolutionpadelstore.com\/pt-pt\/produto\/siux-fenix-elite-5-2\/\" \/>\n<meta property=\"og:locale\" content=\"pt_PT\" \/>\n<meta property=\"og:type\" content=\"article\" \/>\n<meta property=\"og:title\" content=\"SIUX FENIX ELITE 5 - Revolution Padel Store\" \/>\n<meta property=\"og:description\" content=\"Compra la Siux Fenix Elite 5 2025, una pala de p\u00e1del con potencia y precisi\u00f3n para jugadores avanzados. Forma de diamante, carbono 12K y rugosidad 3D. \u00a1Cons\u00edguela en Revolution Padel Store al mejor precio!\" \/>\n<meta property=\"og:url\" content=\"https:\/\/revolutionpadelstore.com\/pt-pt\/produto\/siux-fenix-elite-5-2\/\" \/>\n<meta property=\"og:site_name\" content=\"Revolution Padel Store\" \/>\n<meta property=\"article:modified_time\" content=\"2026-04-21T12:00:39+00:00\" \/>\n<meta property=\"og:image\" content=\"https:\/\/revolutionpadelstore.com\/wp-content\/uploads\/2025\/02\/112641-siux-fenix-elite-5-1500x1500-vista1.webp\" \/>\n\t<meta property=\"og:image:width\" content=\"1500\" \/>\n\t<meta property=\"og:image:height\" content=\"1500\" \/>\n\t<meta property=\"og:image:type\" content=\"image\/webp\" \/>\n<meta name=\"twitter:card\" content=\"summary_large_image\" \/>\n<meta name=\"twitter:label1\" content=\"Tempo estimado de leitura\" \/>\n\t<meta name=\"twitter:data1\" content=\"2 minutos\" \/>\n<script type=\"application\/ld+json\" class=\"yoast-schema-graph\">{\"@context\":\"https:\\\/\\\/schema.org\",\"@graph\":[{\"@type\":\"WebPage\",\"@id\":\"https:\\\/\\\/revolutionpadelstore.com\\\/pt-pt\\\/produto\\\/siux-fenix-elite-5-2\\\/\",\"url\":\"https:\\\/\\\/revolutionpadelstore.com\\\/pt-pt\\\/produto\\\/siux-fenix-elite-5-2\\\/\",\"name\":\"SIUX FENIX ELITE 5 - Revolution Padel Store\",\"isPartOf\":{\"@id\":\"https:\\\/\\\/revolutionpadelstore.com\\\/pt-pt\\\/#website\"},\"primaryImageOfPage\":{\"@id\":\"https:\\\/\\\/revolutionpadelstore.com\\\/pt-pt\\\/produto\\\/siux-fenix-elite-5-2\\\/#primaryimage\"},\"image\":{\"@id\":\"https:\\\/\\\/revolutionpadelstore.com\\\/pt-pt\\\/produto\\\/siux-fenix-elite-5-2\\\/#primaryimage\"},\"thumbnailUrl\":\"https:\\\/\\\/revolutionpadelstore.com\\\/wp-content\\\/uploads\\\/2025\\\/02\\\/112641-siux-fenix-elite-5-1500x1500-vista1.webp\",\"datePublished\":\"2025-02-05T07:22:41+00:00\",\"dateModified\":\"2026-04-21T12:00:39+00:00\",\"description\":\"Compra la Siux Fenix Elite 5 2025, una pala de p\u00e1del con potencia y precisi\u00f3n para jugadores avanzados. Forma de diamante, carbono 12K y rugosidad 3D. \u00a1Cons\u00edguela en Revolution Padel Store al mejor precio!\",\"breadcrumb\":{\"@id\":\"https:\\\/\\\/revolutionpadelstore.com\\\/pt-pt\\\/produto\\\/siux-fenix-elite-5-2\\\/#breadcrumb\"},\"inLanguage\":\"pt-PT\",\"potentialAction\":[{\"@type\":\"ReadAction\",\"target\":[\"https:\\\/\\\/revolutionpadelstore.com\\\/pt-pt\\\/produto\\\/siux-fenix-elite-5-2\\\/\"]}]},{\"@type\":\"ImageObject\",\"inLanguage\":\"pt-PT\",\"@id\":\"https:\\\/\\\/revolutionpadelstore.com\\\/pt-pt\\\/produto\\\/siux-fenix-elite-5-2\\\/#primaryimage\",\"url\":\"https:\\\/\\\/revolutionpadelstore.com\\\/wp-content\\\/uploads\\\/2025\\\/02\\\/112641-siux-fenix-elite-5-1500x1500-vista1.webp\",\"contentUrl\":\"https:\\\/\\\/revolutionpadelstore.com\\\/wp-content\\\/uploads\\\/2025\\\/02\\\/112641-siux-fenix-elite-5-1500x1500-vista1.webp\",\"width\":1500,\"height\":1500},{\"@type\":\"BreadcrumbList\",\"@id\":\"https:\\\/\\\/revolutionpadelstore.com\\\/pt-pt\\\/produto\\\/siux-fenix-elite-5-2\\\/#breadcrumb\",\"itemListElement\":[{\"@type\":\"ListItem\",\"position\":1,\"name\":\"Portada\",\"item\":\"https:\\\/\\\/revolutionpadelstore.com\\\/pt-pt\\\/\"},{\"@type\":\"ListItem\",\"position\":2,\"name\":\"Tienda\",\"item\":\"https:\\\/\\\/revolutionpadelstore.com\\\/pt-pt\\\/tienda\\\/\"},{\"@type\":\"ListItem\",\"position\":3,\"name\":\"SIUX FENIX ELITE 5\"}]},{\"@type\":\"WebSite\",\"@id\":\"https:\\\/\\\/revolutionpadelstore.com\\\/pt-pt\\\/#website\",\"url\":\"https:\\\/\\\/revolutionpadelstore.com\\\/pt-pt\\\/\",\"name\":\"Revolution Padel Store\",\"description\":\"\",\"publisher\":{\"@id\":\"https:\\\/\\\/revolutionpadelstore.com\\\/pt-pt\\\/#organization\"},\"potentialAction\":[{\"@type\":\"SearchAction\",\"target\":{\"@type\":\"EntryPoint\",\"urlTemplate\":\"https:\\\/\\\/revolutionpadelstore.com\\\/pt-pt\\\/?s={search_term_string}\"},\"query-input\":{\"@type\":\"PropertyValueSpecification\",\"valueRequired\":true,\"valueName\":\"search_term_string\"}}],\"inLanguage\":\"pt-PT\"},{\"@type\":\"Organization\",\"@id\":\"https:\\\/\\\/revolutionpadelstore.com\\\/pt-pt\\\/#organization\",\"name\":\"Revolution Padel Store\",\"url\":\"https:\\\/\\\/revolutionpadelstore.com\\\/pt-pt\\\/\",\"logo\":{\"@type\":\"ImageObject\",\"inLanguage\":\"pt-PT\",\"@id\":\"https:\\\/\\\/revolutionpadelstore.com\\\/pt-pt\\\/#\\\/schema\\\/logo\\\/image\\\/\",\"url\":\"https:\\\/\\\/revolutionpadelstore.com\\\/wp-content\\\/uploads\\\/2026\\\/02\\\/revolution-padel-store.jpg\",\"contentUrl\":\"https:\\\/\\\/revolutionpadelstore.com\\\/wp-content\\\/uploads\\\/2026\\\/02\\\/revolution-padel-store.jpg\",\"width\":2000,\"height\":2000,\"caption\":\"Revolution Padel Store\"},\"image\":{\"@id\":\"https:\\\/\\\/revolutionpadelstore.com\\\/pt-pt\\\/#\\\/schema\\\/logo\\\/image\\\/\"},\"sameAs\":[\"https:\\\/\\\/www.instagram.com\\\/revolutionpadelstore\\\/\"]}]}<\/script>\n<!-- \/ Yoast SEO plugin. -->","yoast_head_json":{"title":"SIUX FENIX ELITE 5 - Revolution Padel Store","description":"Compra la Siux Fenix Elite 5 2025, una pala de p\u00e1del con potencia y precisi\u00f3n para jugadores avanzados. Forma de diamante, carbono 12K y rugosidad 3D. \u00a1Cons\u00edguela en Revolution Padel Store al mejor precio!","robots":{"index":"index","follow":"follow","max-snippet":"max-snippet:-1","max-image-preview":"max-image-preview:large","max-video-preview":"max-video-preview:-1"},"canonical":"https:\/\/revolutionpadelstore.com\/pt-pt\/produto\/siux-fenix-elite-5-2\/","og_locale":"pt_PT","og_type":"article","og_title":"SIUX FENIX ELITE 5 - Revolution Padel Store","og_description":"Compra la Siux Fenix Elite 5 2025, una pala de p\u00e1del con potencia y precisi\u00f3n para jugadores avanzados. Forma de diamante, carbono 12K y rugosidad 3D. \u00a1Cons\u00edguela en Revolution Padel Store al mejor precio!","og_url":"https:\/\/revolutionpadelstore.com\/pt-pt\/produto\/siux-fenix-elite-5-2\/","og_site_name":"Revolution Padel Store","article_modified_time":"2026-04-21T12:00:39+00:00","og_image":[{"width":1500,"height":1500,"url":"https:\/\/revolutionpadelstore.com\/wp-content\/uploads\/2025\/02\/112641-siux-fenix-elite-5-1500x1500-vista1.webp","type":"image\/webp"}],"twitter_card":"summary_large_image","twitter_misc":{"Tempo estimado de leitura":"2 minutos"},"schema":{"@context":"https:\/\/schema.org","@graph":[{"@type":"WebPage","@id":"https:\/\/revolutionpadelstore.com\/pt-pt\/produto\/siux-fenix-elite-5-2\/","url":"https:\/\/revolutionpadelstore.com\/pt-pt\/produto\/siux-fenix-elite-5-2\/","name":"SIUX FENIX ELITE 5 - Revolution Padel Store","isPartOf":{"@id":"https:\/\/revolutionpadelstore.com\/pt-pt\/#website"},"primaryImageOfPage":{"@id":"https:\/\/revolutionpadelstore.com\/pt-pt\/produto\/siux-fenix-elite-5-2\/#primaryimage"},"image":{"@id":"https:\/\/revolutionpadelstore.com\/pt-pt\/produto\/siux-fenix-elite-5-2\/#primaryimage"},"thumbnailUrl":"https:\/\/revolutionpadelstore.com\/wp-content\/uploads\/2025\/02\/112641-siux-fenix-elite-5-1500x1500-vista1.webp","datePublished":"2025-02-05T07:22:41+00:00","dateModified":"2026-04-21T12:00:39+00:00","description":"Compra la Siux Fenix Elite 5 2025, una pala de p\u00e1del con potencia y precisi\u00f3n para jugadores avanzados. Forma de diamante, carbono 12K y rugosidad 3D. \u00a1Cons\u00edguela en Revolution Padel Store al mejor precio!","breadcrumb":{"@id":"https:\/\/revolutionpadelstore.com\/pt-pt\/produto\/siux-fenix-elite-5-2\/#breadcrumb"},"inLanguage":"pt-PT","potentialAction":[{"@type":"ReadAction","target":["https:\/\/revolutionpadelstore.com\/pt-pt\/produto\/siux-fenix-elite-5-2\/"]}]},{"@type":"ImageObject","inLanguage":"pt-PT","@id":"https:\/\/revolutionpadelstore.com\/pt-pt\/produto\/siux-fenix-elite-5-2\/#primaryimage","url":"https:\/\/revolutionpadelstore.com\/wp-content\/uploads\/2025\/02\/112641-siux-fenix-elite-5-1500x1500-vista1.webp","contentUrl":"https:\/\/revolutionpadelstore.com\/wp-content\/uploads\/2025\/02\/112641-siux-fenix-elite-5-1500x1500-vista1.webp","width":1500,"height":1500},{"@type":"BreadcrumbList","@id":"https:\/\/revolutionpadelstore.com\/pt-pt\/produto\/siux-fenix-elite-5-2\/#breadcrumb","itemListElement":[{"@type":"ListItem","position":1,"name":"Portada","item":"https:\/\/revolutionpadelstore.com\/pt-pt\/"},{"@type":"ListItem","position":2,"name":"Tienda","item":"https:\/\/revolutionpadelstore.com\/pt-pt\/tienda\/"},{"@type":"ListItem","position":3,"name":"SIUX FENIX ELITE 5"}]},{"@type":"WebSite","@id":"https:\/\/revolutionpadelstore.com\/pt-pt\/#website","url":"https:\/\/revolutionpadelstore.com\/pt-pt\/","name":"Revolution Padel Store","description":"","publisher":{"@id":"https:\/\/revolutionpadelstore.com\/pt-pt\/#organization"},"potentialAction":[{"@type":"SearchAction","target":{"@type":"EntryPoint","urlTemplate":"https:\/\/revolutionpadelstore.com\/pt-pt\/?s={search_term_string}"},"query-input":{"@type":"PropertyValueSpecification","valueRequired":true,"valueName":"search_term_string"}}],"inLanguage":"pt-PT"},{"@type":"Organization","@id":"https:\/\/revolutionpadelstore.com\/pt-pt\/#organization","name":"Revolution Padel Store","url":"https:\/\/revolutionpadelstore.com\/pt-pt\/","logo":{"@type":"ImageObject","inLanguage":"pt-PT","@id":"https:\/\/revolutionpadelstore.com\/pt-pt\/#\/schema\/logo\/image\/","url":"https:\/\/revolutionpadelstore.com\/wp-content\/uploads\/2026\/02\/revolution-padel-store.jpg","contentUrl":"https:\/\/revolutionpadelstore.com\/wp-content\/uploads\/2026\/02\/revolution-padel-store.jpg","width":2000,"height":2000,"caption":"Revolution Padel Store"},"image":{"@id":"https:\/\/revolutionpadelstore.com\/pt-pt\/#\/schema\/logo\/image\/"},"sameAs":["https:\/\/www.instagram.com\/revolutionpadelstore\/"]}]}},"_links":{"self":[{"href":"https:\/\/revolutionpadelstore.com\/pt-pt\/wp-json\/wp\/v2\/product\/167724","targetHints":{"allow":["GET"]}}],"collection":[{"href":"https:\/\/revolutionpadelstore.com\/pt-pt\/wp-json\/wp\/v2\/product"}],"about":[{"href":"https:\/\/revolutionpadelstore.com\/pt-pt\/wp-json\/wp\/v2\/types\/product"}],"replies":[{"embeddable":true,"href":"https:\/\/revolutionpadelstore.com\/pt-pt\/wp-json\/wp\/v2\/comments?post=167724"}],"wp:featuredmedia":[{"embeddable":true,"href":"https:\/\/revolutionpadelstore.com\/pt-pt\/wp-json\/wp\/v2\/media\/167659"}],"wp:attachment":[{"href":"https:\/\/revolutionpadelstore.com\/pt-pt\/wp-json\/wp\/v2\/media?parent=167724"}],"wp:term":[{"taxonomy":"acabado","embeddable":true,"href":"https:\/\/revolutionpadelstore.com\/pt-pt\/wp-json\/wp\/v2\/acabado?post=167724"},{"taxonomy":"balance","embeddable":true,"href":"https:\/\/revolutionpadelstore.com\/pt-pt\/wp-json\/wp\/v2\/balance?post=167724"},{"taxonomy":"dureza","embeddable":true,"href":"https:\/\/revolutionpadelstore.com\/pt-pt\/wp-json\/wp\/v2\/dureza?post=167724"},{"taxonomy":"forma","embeddable":true,"href":"https:\/\/revolutionpadelstore.com\/pt-pt\/wp-json\/wp\/v2\/forma?post=167724"},{"taxonomy":"jugador","embeddable":true,"href":"https:\/\/revolutionpadelstore.com\/pt-pt\/wp-json\/wp\/v2\/jugador?post=167724"},{"taxonomy":"marca","embeddable":true,"href":"https:\/\/revolutionpadelstore.com\/pt-pt\/wp-json\/wp\/v2\/marca?post=167724"},{"taxonomy":"nivel-de-juego","embeddable":true,"href":"https:\/\/revolutionpadelstore.com\/pt-pt\/wp-json\/wp\/v2\/nivel-de-juego?post=167724"},{"taxonomy":"superficie","embeddable":true,"href":"https:\/\/revolutionpadelstore.com\/pt-pt\/wp-json\/wp\/v2\/superficie?post=167724"},{"taxonomy":"tipo-de-juego","embeddable":true,"href":"https:\/\/revolutionpadelstore.com\/pt-pt\/wp-json\/wp\/v2\/tipo-de-juego?post=167724"},{"taxonomy":"product_brand","embeddable":true,"href":"https:\/\/revolutionpadelstore.com\/pt-pt\/wp-json\/wp\/v2\/product_brand?post=167724"},{"taxonomy":"product_cat","embeddable":true,"href":"https:\/\/revolutionpadelstore.com\/pt-pt\/wp-json\/wp\/v2\/product_cat?post=167724"},{"taxonomy":"product_tag","embeddable":true,"href":"https:\/\/revolutionpadelstore.com\/pt-pt\/wp-json\/wp\/v2\/product_tag?post=167724"}],"curies":[{"name":"wp","href":"https:\/\/api.w.org\/{rel}","templated":true}]}}